{"id":9788,"date":"2024-01-06T18:14:20","date_gmt":"2024-01-06T17:14:20","guid":{"rendered":"https:\/\/miaft.com\/product\/vibrovaglio-pasta-e-creme-serie-pro-400-pro-600-pro\/"},"modified":"2024-04-09T14:19:51","modified_gmt":"2024-04-09T12:19:51","slug":"vibrovaglio-pasta-e-creme-serie-pro-400-pro-600-pro","status":"publish","type":"product","link":"https:\/\/miaft.com\/fr\/product\/vibrovaglio-pasta-e-creme-serie-pro-400-pro-600-pro\/","title":{"rendered":"Crible vibrant p\u00e2tes et cr\u00e8mes s\u00e9rie PRO\u00a0"},"content":{"rendered":"\n<div class=\"wp-block-group has-light-background-color has-background is-layout-flow wp-block-group-is-layout-flow\"><div class=\"oi-block oi-block-layout-container container\" style=\"\"  >\n    <div class=\"oi-block oi-block-layout-space\" style=\"--oi-block-space-xs:75px; --oi-block-space-sm:90px; --oi-block-space-md:90px; --oi-block-space-lg:120px; --oi-block-space-xl:120px; --oi-block-space-xxl:120px\"><\/div>\n\n\n\n<h3 class=\"wp-block-heading has-primary-color has-text-color has-link-color wp-elements-803b47f0e8ad11ad42847e6dedc46681\"><strong>Caract\u00e9ristiques techniques<\/strong><\/h3>\n\n\n    <div class=\"oi-block oi-block-layout-space\" style=\"--oi-block-space-xs:30px; --oi-block-space-sm:30px; --oi-block-space-md:30px; --oi-block-space-lg:30px; --oi-block-space-xl:30px; --oi-block-space-xxl:30px\"><\/div>\n\n\n    <div class=\"oi-block oi-block-layout-row row  row-vertical-gap\">\n        \n<div class=\"oi-block oi-block-layout-row-column col-12 col-sm-12 col-md-12 col-lg-6 col-xl-4 col-xxl-4\" style=\"\" >\n\n<h5 class=\"wp-block-heading has-primary-color has-text-color has-link-color wp-elements-fc079a2266014e13dfe82b39ad98a520\" style=\"text-transform:uppercase\"><strong>CRIBLE VIBRANT 400 PRO<\/strong><\/h5>\n\n\n    <div class=\"oi-block oi-block-layout-space\" style=\"--oi-block-space-xs:20px; --oi-block-space-sm:20px; --oi-block-space-md:20px; --oi-block-space-lg:20px; --oi-block-space-xl:20px; --oi-block-space-xxl:20px\"><\/div>\n\n\n\n<ul class=\"wp-block-list\">\n<li>Encombrement : 800 x 800 x 900 mm. Poids: 120 kg<\/li>\n<\/ul>\n\n<\/div>\n\n<div class=\"oi-block oi-block-layout-row-column col-12 col-sm-12 col-md-12 col-lg-6 col-xl-4 col-xxl-4\" style=\"\" >\n\n<h5 class=\"wp-block-heading has-primary-color has-text-color has-link-color wp-elements-7ce3fb876331c55d43391528e48bbee6\" style=\"text-transform:uppercase\"><strong>CRIBLE VIBRANT 600 PRO<\/strong><\/h5>\n\n\n    <div class=\"oi-block oi-block-layout-space\" style=\"--oi-block-space-xs:20px; --oi-block-space-sm:20px; --oi-block-space-md:20px; --oi-block-space-lg:20px; --oi-block-space-xl:20px; --oi-block-space-xxl:20px\"><\/div>\n\n\n\n<ul class=\"wp-block-list\">\n<li>Encombrement : 1000 x 1000 x 900 mm. Poids: 180 kg<\/li>\n<\/ul>\n\n<\/div>\n    <\/div>\n\n\n    <div class=\"oi-block oi-block-layout-space\" style=\"--oi-block-space-xs:75px; --oi-block-space-sm:90px; --oi-block-space-md:90px; --oi-block-space-lg:120px; --oi-block-space-xl:120px; --oi-block-space-xxl:120px\"><\/div>\n\n<\/div><\/div>\n\n\n<div class=\"oi-block oi-block-layout-container container\" style=\"\"  >\n    <div class=\"oi-block oi-block-layout-space\" style=\"--oi-block-space-xs:75px; --oi-block-space-sm:90px; --oi-block-space-md:90px; --oi-block-space-lg:120px; --oi-block-space-xl:120px; --oi-block-space-xxl:120px\"><\/div>\n\n\n<div class=\"oi-block oi-block-product-content\" >\n<div class=\"row justify-content-between\">\n    <div class=\"col-12 col-md-6 col-lg-5\">\n        \n\n<h3 class=\"wp-block-heading has-primary-color has-text-color has-link-color wp-elements-2ae56df7417bf3c464db833bab2312bf\"><strong>Crible vibrant pour p\u00e2tes et cr\u00e8mes s\u00e9rie PRO<\/strong><\/h3>\n\n\n    <div class=\"oi-block oi-block-layout-space\" style=\"--oi-block-space-xs:30px; --oi-block-space-sm:30px; --oi-block-space-md:30px; --oi-block-space-lg:30px; --oi-block-space-xl:30px; --oi-block-space-xxl:30px\"><\/div>\n\n\n\n<p>Crible vibrant pour p\u00e2tes et cr\u00e8mes destin\u00e9 au tamisage du produit sortant du broyeur \u00e0 billes \/ raffineur MILL-25 ou MILL-50.<\/p>\n\n\n\n<p>Le processus sert \u00e0 \u00e9liminer les r\u00e9sidus de fibre et \u00e0 obtenir un produit d'une granulom\u00e9trie allant jusqu'\u00e0 15 microns.<\/p>\n\n\n\n<p>Le crible vibrant est \u00e9quip\u00e9 d'un syst\u00e8me de changement de format rapide et d'ajustement des masses vibrantes pour augmenter ou diminuer la vibration, am\u00e9liorant ainsi la qualit\u00e9 du produit fini.<\/p>\n\n\n\n<p>Diam\u00e8tres standard: 400 mm e 600 mm.<\/p>\n\n    <\/div>\n    <div class=\"col-5 col-lg-4 d-none d-md-block\">\n        <div class=\"featured-product\">\n                                                                    <div class=\"bg-dark color-white featured-product-inner\">\n                        <div class=\"image-container\">\n                            <img decoding=\"async\" width=\"2000\" height=\"2000\" src=\"https:\/\/miaft.com\/wp-content\/uploads\/2024\/01\/vibrovaglio-pasta-e-creme-serie-pro-400-pro-600-pro.jpg\" class=\"img-fluid\" alt=\"\" loading=\"lazy\" srcset=\"https:\/\/miaft.com\/wp-content\/uploads\/2024\/01\/vibrovaglio-pasta-e-creme-serie-pro-400-pro-600-pro.jpg 2000w, https:\/\/miaft.com\/wp-content\/uploads\/2024\/01\/vibrovaglio-pasta-e-creme-serie-pro-400-pro-600-pro-1536x1536.jpg 1536w, https:\/\/miaft.com\/wp-content\/uploads\/2024\/01\/vibrovaglio-pasta-e-creme-serie-pro-400-pro-600-pro-150x150.jpg 150w, https:\/\/miaft.com\/wp-content\/uploads\/2024\/01\/vibrovaglio-pasta-e-creme-serie-pro-400-pro-600-pro-575x575.jpg 575w, https:\/\/miaft.com\/wp-content\/uploads\/2024\/01\/vibrovaglio-pasta-e-creme-serie-pro-400-pro-600-pro-767x767.jpg 767w, https:\/\/miaft.com\/wp-content\/uploads\/2024\/01\/vibrovaglio-pasta-e-creme-serie-pro-400-pro-600-pro-991x991.jpg 991w, https:\/\/miaft.com\/wp-content\/uploads\/2024\/01\/vibrovaglio-pasta-e-creme-serie-pro-400-pro-600-pro-1199x1199.jpg 1199w\" sizes=\"(max-width: 2000px) 100vw, 2000px\" \/>                        <\/div>\n                                                    <h6 class=\"mb-2 text-uppercase color-secondary\">\n                                P\u00e2tes et cr\u00e8mes \u00e0 tartiner                            <\/h6>\n                                                <h4 class=\"mb-0 color-white product-title\">\n                            Crible vibrant p\u00e2tes et cr\u00e8mes s\u00e9rie PRO\u00a0                        <\/h4>\n                                                    <p class=\"mt-3 mb-0\">pour \u00e9liminer les r\u00e9sidus de peau des p\u00e2tes de fruits secs <\/p>\n                                                <div class=\"mt-4\">\n                            <div class=\"oi-block oi-block-layout-button\" ><a href=\"#contact-us\" title=\"\" class=\"btn btn-secondary-fill btn-type-default btn-medium\" >\n    Demande d\u2019informations    <\/a><\/div>                        <\/div>\n                    <\/div>\n                                                    <\/div>\n    <\/div>\n<\/div><\/div>\n\n    <div class=\"oi-block oi-block-layout-space\" style=\"--oi-block-space-xs:75px; --oi-block-space-sm:90px; --oi-block-space-md:90px; --oi-block-space-lg:120px; --oi-block-space-xl:120px; --oi-block-space-xxl:120px\"><\/div>\n\n<\/div>","protected":false},"excerpt":{"rendered":"<p>Les cribles vibrants pour p\u00e2tes de la s\u00e9rie PRO sont une solution robuste et fiable pour le tamisage continu des p\u00e2tes de fruits secs afin d'\u00e9liminer les particules de peau et les r\u00e9sidus de granulom\u00e9trie sup\u00e9rieure \u00e0 celle pr\u00e9vue. <\/p>\n","protected":false},"featured_media":28079,"parent":0,"menu_order":232,"template":"","meta":{"_seopress_robots_primary_cat":"","_seopress_titles_title":"","_seopress_titles_desc":"","_seopress_robots_index":"","is_energy_saving":false,"is_for_sale":false,"show_footer_widget":true,"show_related_products":true,"product_subtitle":"pour \u00e9liminer les r\u00e9sidus de peau des p\u00e2tes de fruits secs ","product_code":"\u00d8400 PRO - \u00d8600 PRO","related_products_source":"custom","related_products_list":"[1224,1233]","product_powered_by_title":"","product_powered_by_image":"{}","product_on_sale_label":"","product_on_sale_label_1":"","product_on_sale_label_2":"","product_on_sale_label_3":"","product_on_sale_label_4":"","product_on_sale_label_5":"","footnotes":""},"finished_product":[113],"machine":[118],"processing":[135],"class_list":["post-9788","product","type-product","status-publish","has-post-thumbnail","hentry","finished_product-pates-et-cremes-a-tartiner","machine-machines-autonomes","processing-criblage"],"_links":{"self":[{"href":"https:\/\/miaft.com\/fr\/wp-json\/wp\/v2\/product\/9788"}],"collection":[{"href":"https:\/\/miaft.com\/fr\/wp-json\/wp\/v2\/product"}],"about":[{"href":"https:\/\/miaft.com\/fr\/wp-json\/wp\/v2\/types\/product"}],"version-history":[{"count":2,"href":"https:\/\/miaft.com\/fr\/wp-json\/wp\/v2\/product\/9788\/revisions"}],"predecessor-version":[{"id":9836,"href":"https:\/\/miaft.com\/fr\/wp-json\/wp\/v2\/product\/9788\/revisions\/9836"}],"wp:featuredmedia":[{"embeddable":true,"href":"https:\/\/miaft.com\/fr\/wp-json\/wp\/v2\/media\/28079"}],"wp:attachment":[{"href":"https:\/\/miaft.com\/fr\/wp-json\/wp\/v2\/media?parent=9788"}],"wp:term":[{"taxonomy":"finished_product","embeddable":true,"href":"https:\/\/miaft.com\/fr\/wp-json\/wp\/v2\/finished_product?post=9788"},{"taxonomy":"machine","embeddable":true,"href":"https:\/\/miaft.com\/fr\/wp-json\/wp\/v2\/machine?post=9788"},{"taxonomy":"processing","embeddable":true,"href":"https:\/\/miaft.com\/fr\/wp-json\/wp\/v2\/processing?post=9788"}],"curies":[{"name":"wp","href":"https:\/\/api.w.org\/{rel}","templated":true}]}}