{"id":9785,"date":"2024-01-06T18:04:53","date_gmt":"2024-01-06T17:04:53","guid":{"rendered":"https:\/\/miaft.com\/product\/vibrovaglio-pasta-e-creme-serie-eco-400-eco-600-eco\/"},"modified":"2024-04-09T14:19:20","modified_gmt":"2024-04-09T12:19:20","slug":"vibrovaglio-pasta-e-creme-serie-eco-400-eco-600-eco","status":"publish","type":"product","link":"https:\/\/miaft.com\/fr\/product\/vibrovaglio-pasta-e-creme-serie-eco-400-eco-600-eco\/","title":{"rendered":"Crible vibrant pour p\u00e2tes et cr\u00e8mes s\u00e9rie ECO\u00a0"},"content":{"rendered":"\n<div class=\"wp-block-group has-light-background-color has-background is-layout-flow wp-block-group-is-layout-flow\"><div class=\"oi-block oi-block-layout-container container\" style=\"\"  >\n    <div class=\"oi-block oi-block-layout-space\" style=\"--oi-block-space-xs:75px; --oi-block-space-sm:90px; --oi-block-space-md:90px; --oi-block-space-lg:120px; --oi-block-space-xl:120px; --oi-block-space-xxl:120px\"><\/div>\n\n\n\n<h3 class=\"wp-block-heading has-primary-color has-text-color has-link-color wp-elements-803b47f0e8ad11ad42847e6dedc46681\"><strong>Caract\u00e9ristiques techniques<\/strong><\/h3>\n\n\n    <div class=\"oi-block oi-block-layout-space\" style=\"--oi-block-space-xs:30px; --oi-block-space-sm:30px; --oi-block-space-md:30px; --oi-block-space-lg:30px; --oi-block-space-xl:30px; --oi-block-space-xxl:30px\"><\/div>\n\n\n    <div class=\"oi-block oi-block-layout-row row  row-vertical-gap\">\n        \n<div class=\"oi-block oi-block-layout-row-column col-12 col-sm-12 col-md-12 col-lg-6 col-xl-4 col-xxl-4\" style=\"\" >\n\n<h5 class=\"wp-block-heading has-primary-color has-text-color has-link-color wp-elements-ced7113fafbb0f284786f305b38cab11\" style=\"text-transform:uppercase\"><strong>CRIBLE VIBRANT 400 ECO<\/strong><\/h5>\n\n\n    <div class=\"oi-block oi-block-layout-space\" style=\"--oi-block-space-xs:20px; --oi-block-space-sm:20px; --oi-block-space-md:20px; --oi-block-space-lg:20px; --oi-block-space-xl:20px; --oi-block-space-xxl:20px\"><\/div>\n\n\n\n<ul class=\"wp-block-list\">\n<li>Alimentation \u00e9lectrique:\u00a00,37 kW triphas\u00e9 400 V 50 Hz (possibilit\u00e9 de commander une machine fonctionnant \u00e0 une tension diff\u00e9rente)<\/li>\n\n\n\n<li>Encombrement: Largeur 500 mm, Longueur 600 mm, Hauteur 700 mm\u00a0<\/li>\n\n\n\n<li>Poids: 50 kg<\/li>\n<\/ul>\n\n<\/div>\n\n<div class=\"oi-block oi-block-layout-row-column col-12 col-sm-12 col-md-12 col-lg-6 col-xl-4 col-xxl-4\" style=\"\" >\n\n<h5 class=\"wp-block-heading has-primary-color has-text-color has-link-color wp-elements-4836a81639047bb4e755064795913838\" style=\"text-transform:uppercase\"><strong>CRIBLE VIBRANT 600 ECO<\/strong><\/h5>\n\n\n    <div class=\"oi-block oi-block-layout-space\" style=\"--oi-block-space-xs:20px; --oi-block-space-sm:20px; --oi-block-space-md:20px; --oi-block-space-lg:20px; --oi-block-space-xl:20px; --oi-block-space-xxl:20px\"><\/div>\n\n\n\n<ul class=\"wp-block-list\">\n<li>Alimentation \u00e9lectrique:\u00a00,55 kW triphas\u00e9 400 V 50 Hz (possibilit\u00e9 de commander une machine fonctionnant \u00e0 une tension diff\u00e9rente)<\/li>\n\n\n\n<li>Encombrement: Largeur 700 mm, Longueur 900 mm, Hauteur 800 mm\u00a0<\/li>\n\n\n\n<li>Poids: 85 kg<\/li>\n<\/ul>\n\n<\/div>\n    <\/div>\n\n\n    <div class=\"oi-block oi-block-layout-space\" style=\"--oi-block-space-xs:75px; --oi-block-space-sm:90px; --oi-block-space-md:90px; --oi-block-space-lg:120px; --oi-block-space-xl:120px; --oi-block-space-xxl:120px\"><\/div>\n\n<\/div><\/div>\n\n\n<div class=\"oi-block oi-block-layout-container container\" style=\"\"  >\n    <div class=\"oi-block oi-block-layout-space\" style=\"--oi-block-space-xs:75px; --oi-block-space-sm:90px; --oi-block-space-md:90px; --oi-block-space-lg:120px; --oi-block-space-xl:120px; --oi-block-space-xxl:120px\"><\/div>\n\n\n<div class=\"oi-block oi-block-product-content\" >\n<div class=\"row justify-content-between\">\n    <div class=\"col-12 col-md-6 col-lg-5\">\n        \n\n<h3 class=\"wp-block-heading has-primary-color has-text-color has-link-color wp-elements-7018bdb7f496ec73d3912f4a15a106f3\"><strong>Crible vibrant pour p\u00e2tes et cr\u00e8mes s\u00e9rie ECO<\/strong><\/h3>\n\n\n    <div class=\"oi-block oi-block-layout-space\" style=\"--oi-block-space-xs:30px; --oi-block-space-sm:30px; --oi-block-space-md:30px; --oi-block-space-lg:30px; --oi-block-space-xl:30px; --oi-block-space-xxl:30px\"><\/div>\n\n\n\n<p>Les cribles vibrants pour p\u00e2tes de la s\u00e9rie ECO constituent une solution simple et \u00e9conomique pour le tamisage des p\u00e2tes de fruits secs destin\u00e9 \u00e0 \u00e9liminer les particules de peau et les r\u00e9sidus de granulom\u00e9trie sup\u00e9rieure \u00e0 celle pr\u00e9vue.<\/p>\n\n\n\n<p><strong>En adoptant des grilles sp\u00e9ciales, il est \u00e9galement possible de tamiser les cr\u00e8mes \u00e0 tartiner.<\/strong><strong><\/strong><\/p>\n\n\n\n<p>Mia Food Tech propose cette gamme de machines \u00e0 utiliser avec ses raffineurs \u00e0 billes MILL-25, MILL-50 et MILL-100<\/p>\n\n\n\n<p>La machine est enti\u00e8rement r\u00e9alis\u00e9e en acier inoxydable AISI 304 et est \u00e9quip\u00e9e d'un seul stade de filtration avec chargement central et d\u00e9chargement lat\u00e9ral.<\/p>\n\n\n\n<p>Les cribles vibrants sont \u00e9quip\u00e9s de roues pour la man\u0153uvrabilit\u00e9 et d'un panneau de commande sp\u00e9cifique regroupant les principales commandes de la machine.<\/p>\n\n    <\/div>\n    <div class=\"col-5 col-lg-4 d-none d-md-block\">\n        <div class=\"featured-product\">\n                                                                    <div class=\"bg-dark color-white featured-product-inner\">\n                        <div class=\"image-container\">\n                            <img decoding=\"async\" width=\"1147\" height=\"1500\" src=\"https:\/\/miaft.com\/wp-content\/uploads\/2024\/01\/mia-vibrovaglio-pasta-e-creme-serie-eco-400-eco-600-eco-1.jpg\" class=\"img-fluid\" alt=\"\" loading=\"lazy\" srcset=\"https:\/\/miaft.com\/wp-content\/uploads\/2024\/01\/mia-vibrovaglio-pasta-e-creme-serie-eco-400-eco-600-eco-1.jpg 1147w, https:\/\/miaft.com\/wp-content\/uploads\/2024\/01\/mia-vibrovaglio-pasta-e-creme-serie-eco-400-eco-600-eco-1-150x196.jpg 150w, https:\/\/miaft.com\/wp-content\/uploads\/2024\/01\/mia-vibrovaglio-pasta-e-creme-serie-eco-400-eco-600-eco-1-575x752.jpg 575w, https:\/\/miaft.com\/wp-content\/uploads\/2024\/01\/mia-vibrovaglio-pasta-e-creme-serie-eco-400-eco-600-eco-1-767x1003.jpg 767w, https:\/\/miaft.com\/wp-content\/uploads\/2024\/01\/mia-vibrovaglio-pasta-e-creme-serie-eco-400-eco-600-eco-1-991x1296.jpg 991w\" sizes=\"(max-width: 1147px) 100vw, 1147px\" \/>                        <\/div>\n                                                    <h6 class=\"mb-2 text-uppercase color-secondary\">\n                                P\u00e2tes et cr\u00e8mes \u00e0 tartiner                            <\/h6>\n                                                <h4 class=\"mb-0 color-white product-title\">\n                            Crible vibrant pour p\u00e2tes et cr\u00e8mes s\u00e9rie ECO\u00a0                        <\/h4>\n                                                    <p class=\"mt-3 mb-0\">pour \u00e9liminer les r\u00e9sidus de peau des p\u00e2tes de fruits secs <\/p>\n                                                <div class=\"mt-4\">\n                            <div class=\"oi-block oi-block-layout-button\" ><a href=\"#contact-us\" title=\"\" class=\"btn btn-secondary-fill btn-type-default btn-medium\" >\n    Demande d\u2019informations    <\/a><\/div>                        <\/div>\n                    <\/div>\n                                                    <\/div>\n    <\/div>\n<\/div><\/div>\n\n    <div class=\"oi-block oi-block-layout-space\" style=\"--oi-block-space-xs:75px; --oi-block-space-sm:90px; --oi-block-space-md:90px; --oi-block-space-lg:120px; --oi-block-space-xl:120px; --oi-block-space-xxl:120px\"><\/div>\n\n<\/div>","protected":false},"excerpt":{"rendered":"<p>Les cribles vibrants pour p\u00e2tes de la s\u00e9rie ECO constituent une solution simple et \u00e9conomique pour le tamisage des p\u00e2tes de fruits secs destin\u00e9 \u00e0 \u00e9liminer les particules de peau et les r\u00e9sidus de granulom\u00e9trie sup\u00e9rieure \u00e0 celle pr\u00e9vue. <\/p>\n","protected":false},"featured_media":29486,"parent":0,"menu_order":236,"template":"","meta":{"_seopress_robots_primary_cat":"","_seopress_titles_title":"","_seopress_titles_desc":"","_seopress_robots_index":"","is_energy_saving":false,"is_for_sale":false,"show_footer_widget":true,"show_related_products":true,"product_subtitle":"pour \u00e9liminer les r\u00e9sidus de peau des p\u00e2tes de fruits secs ","product_code":"\u00d8400 ECO - \u00d8600 ECO","related_products_source":"custom","related_products_list":"[1211,1220]","product_powered_by_title":"","product_powered_by_image":"{}","product_on_sale_label":"","product_on_sale_label_1":"","product_on_sale_label_2":"","product_on_sale_label_3":"","product_on_sale_label_4":"","product_on_sale_label_5":"","footnotes":""},"finished_product":[113],"machine":[118],"processing":[135],"class_list":["post-9785","product","type-product","status-publish","has-post-thumbnail","hentry","finished_product-pates-et-cremes-a-tartiner","machine-machines-autonomes","processing-criblage"],"_links":{"self":[{"href":"https:\/\/miaft.com\/fr\/wp-json\/wp\/v2\/product\/9785"}],"collection":[{"href":"https:\/\/miaft.com\/fr\/wp-json\/wp\/v2\/product"}],"about":[{"href":"https:\/\/miaft.com\/fr\/wp-json\/wp\/v2\/types\/product"}],"version-history":[{"count":1,"href":"https:\/\/miaft.com\/fr\/wp-json\/wp\/v2\/product\/9785\/revisions"}],"predecessor-version":[{"id":9787,"href":"https:\/\/miaft.com\/fr\/wp-json\/wp\/v2\/product\/9785\/revisions\/9787"}],"wp:featuredmedia":[{"embeddable":true,"href":"https:\/\/miaft.com\/fr\/wp-json\/wp\/v2\/media\/29486"}],"wp:attachment":[{"href":"https:\/\/miaft.com\/fr\/wp-json\/wp\/v2\/media?parent=9785"}],"wp:term":[{"taxonomy":"finished_product","embeddable":true,"href":"https:\/\/miaft.com\/fr\/wp-json\/wp\/v2\/finished_product?post=9785"},{"taxonomy":"machine","embeddable":true,"href":"https:\/\/miaft.com\/fr\/wp-json\/wp\/v2\/machine?post=9785"},{"taxonomy":"processing","embeddable":true,"href":"https:\/\/miaft.com\/fr\/wp-json\/wp\/v2\/processing?post=9785"}],"curies":[{"name":"wp","href":"https:\/\/api.w.org\/{rel}","templated":true}]}}