{"id":9782,"date":"2024-01-06T18:23:07","date_gmt":"2024-01-06T17:23:07","guid":{"rendered":"https:\/\/miaft.com\/product\/vibrovaglio-circolare-granella-serie-pro-600-pro-900-pro-1200-pro\/"},"modified":"2024-04-09T14:12:13","modified_gmt":"2024-04-09T12:12:13","slug":"vibrovaglio-circolare-granella-serie-pro-600-pro-900-pro-1200-pro","status":"publish","type":"product","link":"https:\/\/miaft.com\/fr\/product\/vibrovaglio-circolare-granella-serie-pro-600-pro-900-pro-1200-pro\/","title":{"rendered":"Crible vibrant circulaire \u00e9clats s\u00e9rie PRO\u00a0"},"content":{"rendered":"\n<div class=\"wp-block-group has-light-background-color has-background is-layout-flow wp-block-group-is-layout-flow\">\n<div class=\"wp-block-group has-light-background-color has-background is-layout-flow wp-block-group-is-layout-flow\"><div class=\"oi-block oi-block-layout-container container\" style=\"\"  >\n    <div class=\"oi-block oi-block-layout-space\" style=\"--oi-block-space-xs:75px; --oi-block-space-sm:90px; --oi-block-space-md:90px; --oi-block-space-lg:120px; --oi-block-space-xl:120px; --oi-block-space-xxl:120px\"><\/div>\n\n\n    <div class=\"oi-block oi-block-layout-row row  row-vertical-gap\">\n        \n<div class=\"oi-block oi-block-layout-row-column col-12 col-sm-12 col-md-12 col-lg-6 col-xl-5 col-xxl-5\" style=\"\" >\n\n<h3 class=\"wp-block-heading has-primary-color has-text-color has-link-color wp-elements-099ab7a8929c7c8e7057c3e5d4a578f6\"><strong>Caract\u00e9ristiques<\/strong><\/h3>\n\n\n    <div class=\"oi-block oi-block-layout-space\" style=\"--oi-block-space-xs:30px; --oi-block-space-sm:30px; --oi-block-space-md:30px; --oi-block-space-lg:30px; --oi-block-space-xl:30px; --oi-block-space-xxl:30px\"><\/div>\n\n\n\n<ul class=\"wp-block-list\">\n<li>Machine enti\u00e8rement r\u00e9alis\u00e9e en <strong>acier inoxydable AISI 304<\/strong>.<\/li>\n\n\n\n<li><strong>Construction robuste <\/strong>pour une plus grande pr\u00e9cision du traitement et pour prolonger la durabilit\u00e9.<\/li>\n\n\n\n<li><strong>Capacit\u00e9 de production <\/strong>de 50 \u00e0 450 kg\/h selon le type de broyage.<\/li>\n\n\n\n<li><strong>Production<\/strong>:<strong> <\/strong>\u00e9clats gros ou fins, farine de fruits secs calibr\u00e9s (en fonction du type de grilles install\u00e9es).<\/li>\n<\/ul>\n\n<\/div>\n\n<div class=\"oi-block oi-block-layout-row-column col-0 col-sm-0 col-md-0 col-lg-0 col-xl-1 col-xxl-1 d-none d-sm-none d-md-none d-lg-none d-xl-block d-xxl-block\" style=\"\" ><\/div>\n\n<div class=\"oi-block oi-block-layout-row-column col-12 col-sm-12 col-md-12 col-lg-6 col-xl-5 col-xxl-5\" style=\"\" >\n\n<h3 class=\"wp-block-heading has-primary-color has-text-color has-link-color wp-elements-803b47f0e8ad11ad42847e6dedc46681\"><strong>Caract\u00e9ristiques techniques<\/strong><\/h3>\n\n\n    <div class=\"oi-block oi-block-layout-space\" style=\"--oi-block-space-xs:30px; --oi-block-space-sm:30px; --oi-block-space-md:30px; --oi-block-space-lg:30px; --oi-block-space-xl:30px; --oi-block-space-xxl:30px\"><\/div>\n\n\n\n<ul class=\"wp-block-list\">\n<li><strong>Base fixe en acier <\/strong>inoxydable AISI 304;<\/li>\n\n\n\n<li><strong>Partie vibrante <\/strong>avec bande lat\u00e9rale en acier inoxydable AISI 304.<\/li>\n\n\n\n<li><strong>Moteur \u00e9lectrique <\/strong>triphas\u00e9.<\/li>\n\n\n\n<li><strong>Bande inf\u00e9rieure et bandes sup\u00e9rieures <\/strong>en acier inoxydable AISI 304 avec sortie lat\u00e9rale \u00e9quip\u00e9e de rallonges en plastique.<\/li>\n\n\n\n<li><strong>2 anneaux de support de grille <\/strong>munis d\u2019une grille en acier inoxydable AISI 304 (avec section nette de passage variable selon les besoins) et d\u2019un joint en caoutchouc.<\/li>\n<\/ul>\n\n<\/div>\n    <\/div>\n\n\n    <div class=\"oi-block oi-block-layout-space\" style=\"--oi-block-space-xs:75px; --oi-block-space-sm:90px; --oi-block-space-md:90px; --oi-block-space-lg:120px; --oi-block-space-xl:120px; --oi-block-space-xxl:120px\"><\/div>\n\n<\/div><\/div>\n<\/div>\n\n\n<div class=\"oi-block oi-block-layout-container container\" style=\"\"  >\n    <div class=\"oi-block oi-block-layout-space\" style=\"--oi-block-space-xs:75px; --oi-block-space-sm:90px; --oi-block-space-md:90px; --oi-block-space-lg:120px; --oi-block-space-xl:120px; --oi-block-space-xxl:120px\"><\/div>\n\n\n<div class=\"oi-block oi-block-product-content\" >\n<div class=\"row justify-content-between\">\n    <div class=\"col-12 col-md-6 col-lg-5\">\n        \n\n<h3 class=\"wp-block-heading has-primary-color has-text-color has-link-color wp-elements-f98b39c8c926070895982e0b5ffae9c3\"><strong>Crible vibrant circulaire \u00e9clats s\u00e9rie PRO<\/strong><\/h3>\n\n\n    <div class=\"oi-block oi-block-layout-space\" style=\"--oi-block-space-xs:30px; --oi-block-space-sm:30px; --oi-block-space-md:30px; --oi-block-space-lg:30px; --oi-block-space-xl:30px; --oi-block-space-xxl:30px\"><\/div>\n\n\n\n<p><strong>Crible vibrant circulaire<\/strong> \u00e0 2 grilles (3 stades de s\u00e9paration), id\u00e9al pour <strong>s\u00e9parer diff\u00e9rentes tailles d\u2019\u00e9clats de noisettes, d'amandes et de fruits secs<\/strong> torr\u00e9fi\u00e9s ou frais en fonction des tailles des grilles install\u00e9es.<\/p>\n\n\n    <div class=\"oi-block oi-block-layout-space\" style=\"--oi-block-space-xs:30px; --oi-block-space-sm:30px; --oi-block-space-md:30px; --oi-block-space-lg:30px; --oi-block-space-xl:30px; --oi-block-space-xxl:30px\"><\/div>\n\n\n\n<h3 class=\"wp-block-heading has-primary-color has-text-color has-link-color wp-elements-61085e068298d208a611e890b5600621\"><strong>Capacit\u00e9 de production<\/strong><\/h3>\n\n\n    <div class=\"oi-block oi-block-layout-space\" style=\"--oi-block-space-xs:30px; --oi-block-space-sm:30px; --oi-block-space-md:30px; --oi-block-space-lg:30px; --oi-block-space-xl:30px; --oi-block-space-xxl:30px\"><\/div>\n\n\n\n<p>Capacit\u00e9 de production de 50 \u00e0 450 kg\/heure (en fonction de la taille et de la dimension des \u00e9clats) \u00e0 associer \u00e0 nos broyeurs CRICK-CROCK<\/p>\n\n\n\n<ul class=\"wp-block-list\">\n<li>Crible vibrant circulaire <strong>\u00d8600&nbsp;<\/strong>\u00bb capacit\u00e9 de production 50-150 kg\/h<\/li>\n\n\n\n<li>Crible vibrant circulaire <strong>\u00d8900&nbsp;<\/strong>\u00bb capacit\u00e9 de production 150-250 kg\/h<\/li>\n\n\n\n<li>Crible vibrant circulaire <strong>\u00d81200&nbsp;<\/strong>\u00bb capacit\u00e9 de production 250-450 kg\/h<\/li>\n<\/ul>\n\n\n    <div class=\"oi-block oi-block-layout-space\" style=\"--oi-block-space-xs:30px; --oi-block-space-sm:30px; --oi-block-space-md:30px; --oi-block-space-lg:30px; --oi-block-space-xl:30px; --oi-block-space-xxl:30px\"><\/div>\n\n\n\n<h3 class=\"wp-block-heading has-primary-color has-text-color has-link-color wp-elements-48f8e5091f48a6d449967d8ded0bd874\"><strong>Nettoyage du crible vibrant<\/strong><\/h3>\n\n\n    <div class=\"oi-block oi-block-layout-space\" style=\"--oi-block-space-xs:30px; --oi-block-space-sm:30px; --oi-block-space-md:30px; --oi-block-space-lg:30px; --oi-block-space-xl:30px; --oi-block-space-xxl:30px\"><\/div>\n\n\n\n<p>Nettoyez les grilles de calibrage avec de l'air comprim\u00e9 au besoin et avec de l'eau chaude et une \u00e9ponge, de la vapeur et de l\u2019air comprim\u00e9 \u00e0 la fin du cycle de travail.<\/p>\n\n    <\/div>\n    <div class=\"col-5 col-lg-4 d-none d-md-block\">\n        <div class=\"featured-product\">\n                                                                    <div class=\"bg-dark color-white featured-product-inner\">\n                        <div class=\"image-container\">\n                            <img decoding=\"async\" width=\"1024\" height=\"1024\" src=\"https:\/\/miaft.com\/wp-content\/uploads\/2024\/01\/vibrovaglio-circolare-granella-serie-pro-600-pro-900-pro-1200-pro.jpg\" class=\"img-fluid\" alt=\"\" loading=\"lazy\" srcset=\"https:\/\/miaft.com\/wp-content\/uploads\/2024\/01\/vibrovaglio-circolare-granella-serie-pro-600-pro-900-pro-1200-pro.jpg 1024w, https:\/\/miaft.com\/wp-content\/uploads\/2024\/01\/vibrovaglio-circolare-granella-serie-pro-600-pro-900-pro-1200-pro-150x150.jpg 150w, https:\/\/miaft.com\/wp-content\/uploads\/2024\/01\/vibrovaglio-circolare-granella-serie-pro-600-pro-900-pro-1200-pro-575x575.jpg 575w, https:\/\/miaft.com\/wp-content\/uploads\/2024\/01\/vibrovaglio-circolare-granella-serie-pro-600-pro-900-pro-1200-pro-767x767.jpg 767w, https:\/\/miaft.com\/wp-content\/uploads\/2024\/01\/vibrovaglio-circolare-granella-serie-pro-600-pro-900-pro-1200-pro-991x991.jpg 991w\" sizes=\"(max-width: 1024px) 100vw, 1024px\" \/>                        <\/div>\n                                                    <h6 class=\"mb-2 text-uppercase color-secondary\">\n                                Fruits secs                            <\/h6>\n                                                <h4 class=\"mb-0 color-white product-title\">\n                            Crible vibrant circulaire \u00e9clats s\u00e9rie PRO\u00a0                        <\/h4>\n                                                    <p class=\"mt-3 mb-0\">pour \u00e9clats de fruits secs, de graines ol\u00e9agineuses et de biscuits <\/p>\n                                                <div class=\"mt-4\">\n                            <div class=\"oi-block oi-block-layout-button\" ><a href=\"#contact-us\" title=\"\" class=\"btn btn-secondary-fill btn-type-default btn-medium\" >\n    Demande d\u2019informations    <\/a><\/div>                        <\/div>\n                    <\/div>\n                                                    <\/div>\n    <\/div>\n<\/div><\/div>\n\n    <div class=\"oi-block oi-block-layout-space\" style=\"--oi-block-space-xs:75px; --oi-block-space-sm:90px; --oi-block-space-md:90px; --oi-block-space-lg:120px; --oi-block-space-xl:120px; --oi-block-space-xxl:120px\"><\/div>\n\n<\/div>","protected":false},"excerpt":{"rendered":"<p>Crible vibrant circulaire \u00e0 2 grilles (3 stades de s\u00e9paration), id\u00e9al pour s\u00e9parer diff\u00e9rentes tailles d\u2019\u00e9clats de noisettes, d'amandes et de fruits secs torr\u00e9fi\u00e9s ou frais en fonction des tailles des grilles install\u00e9es. <\/p>\n","protected":false},"featured_media":28006,"parent":0,"menu_order":185,"template":"","meta":{"_seopress_robots_primary_cat":"","_seopress_titles_title":"","_seopress_titles_desc":"","_seopress_robots_index":"","is_energy_saving":false,"is_for_sale":false,"show_footer_widget":true,"show_related_products":true,"product_subtitle":"pour \u00e9clats de fruits secs, de graines ol\u00e9agineuses et de biscuits ","product_code":"\u00d8600 PRO - \u00d8900 PRO - \u00d81200 PRO","related_products_source":"custom","related_products_list":"[1090]","product_powered_by_title":"","product_powered_by_image":"{}","product_on_sale_label":"","product_on_sale_label_1":"","product_on_sale_label_2":"","product_on_sale_label_3":"","product_on_sale_label_4":"","product_on_sale_label_5":"","footnotes":""},"finished_product":[112],"machine":[118],"processing":[125],"class_list":["post-9782","product","type-product","status-publish","has-post-thumbnail","hentry","finished_product-fruits-secs","machine-machines-autonomes","processing-broyage"],"_links":{"self":[{"href":"https:\/\/miaft.com\/fr\/wp-json\/wp\/v2\/product\/9782"}],"collection":[{"href":"https:\/\/miaft.com\/fr\/wp-json\/wp\/v2\/product"}],"about":[{"href":"https:\/\/miaft.com\/fr\/wp-json\/wp\/v2\/types\/product"}],"version-history":[{"count":2,"href":"https:\/\/miaft.com\/fr\/wp-json\/wp\/v2\/product\/9782\/revisions"}],"predecessor-version":[{"id":9829,"href":"https:\/\/miaft.com\/fr\/wp-json\/wp\/v2\/product\/9782\/revisions\/9829"}],"wp:featuredmedia":[{"embeddable":true,"href":"https:\/\/miaft.com\/fr\/wp-json\/wp\/v2\/media\/28006"}],"wp:attachment":[{"href":"https:\/\/miaft.com\/fr\/wp-json\/wp\/v2\/media?parent=9782"}],"wp:term":[{"taxonomy":"finished_product","embeddable":true,"href":"https:\/\/miaft.com\/fr\/wp-json\/wp\/v2\/finished_product?post=9782"},{"taxonomy":"machine","embeddable":true,"href":"https:\/\/miaft.com\/fr\/wp-json\/wp\/v2\/machine?post=9782"},{"taxonomy":"processing","embeddable":true,"href":"https:\/\/miaft.com\/fr\/wp-json\/wp\/v2\/processing?post=9782"}],"curies":[{"name":"wp","href":"https:\/\/api.w.org\/{rel}","templated":true}]}}