{"id":9779,"date":"2024-01-06T18:19:19","date_gmt":"2024-01-06T17:19:19","guid":{"rendered":"https:\/\/miaft.com\/product\/vibrovaglio-circolare-granella-serie-eco-500-eco-800-eco-900-eco\/"},"modified":"2024-04-09T14:10:58","modified_gmt":"2024-04-09T12:10:58","slug":"vibrovaglio-circolare-granella-serie-eco-500-eco-800-eco-900-eco","status":"publish","type":"product","link":"https:\/\/miaft.com\/fr\/product\/vibrovaglio-circolare-granella-serie-eco-500-eco-800-eco-900-eco\/","title":{"rendered":"Crible vibrant circulaire \u00e9clats s\u00e9rie ECO\u00a0"},"content":{"rendered":"\n<div class=\"wp-block-group has-light-background-color has-background is-layout-flow wp-block-group-is-layout-flow\"><div class=\"oi-block oi-block-layout-container container\" style=\"\"  >\n    <div class=\"oi-block oi-block-layout-space\" style=\"--oi-block-space-xs:75px; --oi-block-space-sm:90px; --oi-block-space-md:90px; --oi-block-space-lg:120px; --oi-block-space-xl:120px; --oi-block-space-xxl:120px\"><\/div>\n\n\n\n<h3 class=\"wp-block-heading has-primary-color has-text-color has-link-color wp-elements-803b47f0e8ad11ad42847e6dedc46681\"><strong>Caract\u00e9ristiques techniques<\/strong><\/h3>\n\n\n    <div class=\"oi-block oi-block-layout-space\" style=\"--oi-block-space-xs:30px; --oi-block-space-sm:30px; --oi-block-space-md:30px; --oi-block-space-lg:30px; --oi-block-space-xl:30px; --oi-block-space-xxl:30px\"><\/div>\n\n\n    <div class=\"oi-block oi-block-layout-row row  row-vertical-gap\">\n        \n<div class=\"oi-block oi-block-layout-row-column col-12 col-sm-12 col-md-12 col-lg-6 col-xl-4 col-xxl-4\" style=\"\" >\n\n<h5 class=\"wp-block-heading has-primary-color has-text-color has-link-color wp-elements-819d52fd07139c3325fc7c2eaedf89e2\" style=\"text-transform:uppercase\"><strong>CRIBLE VIBRANT 500 ECO<\/strong><\/h5>\n\n\n    <div class=\"oi-block oi-block-layout-space\" style=\"--oi-block-space-xs:20px; --oi-block-space-sm:20px; --oi-block-space-md:20px; --oi-block-space-lg:20px; --oi-block-space-xl:20px; --oi-block-space-xxl:20px\"><\/div>\n\n\n\n<ul class=\"wp-block-list\">\n<li>Alimentation \u00e9lectrique: 0,55 kW triphas\u00e9 400 V 50 Hz (possibilit\u00e9 de commander une machine fonctionnant \u00e0 une tension diff\u00e9rente)<\/li>\n\n\n\n<li>Encombrement: Largeur 600 mm, Longueur 550 mm, Hauteur 900 mm\u00a0<\/li>\n\n\n\n<li>Poids: 80 kg<\/li>\n<\/ul>\n\n<\/div>\n\n<div class=\"oi-block oi-block-layout-row-column col-12 col-sm-12 col-md-12 col-lg-6 col-xl-4 col-xxl-4\" style=\"\" >\n\n<h5 class=\"wp-block-heading has-primary-color has-text-color has-link-color wp-elements-dfb051a8c9e4df9a0b4264ce8a6e6891\" style=\"text-transform:uppercase\"><strong>CRIBLE VIBRANT 800 ECO<\/strong><\/h5>\n\n\n    <div class=\"oi-block oi-block-layout-space\" style=\"--oi-block-space-xs:20px; --oi-block-space-sm:20px; --oi-block-space-md:20px; --oi-block-space-lg:20px; --oi-block-space-xl:20px; --oi-block-space-xxl:20px\"><\/div>\n\n\n\n<ul class=\"wp-block-list\">\n<li>Alimentation \u00e9lectrique: 0,75 kW triphas\u00e9 400 V 50 Hz (possibilit\u00e9 de commander une machine fonctionnant \u00e0 une tension diff\u00e9rente)<\/li>\n\n\n\n<li>Encombrement: Largeur 900 mm, Longueur 1000 mm, Hauteur 900 mm\u00a0<\/li>\n\n\n\n<li>Poids: 150 kg<\/li>\n<\/ul>\n\n<\/div>\n\n<div class=\"oi-block oi-block-layout-row-column col-12 col-sm-12 col-md-12 col-lg-6 col-xl-4 col-xxl-4\" style=\"\" >\n\n<h5 class=\"wp-block-heading has-primary-color has-text-color has-link-color wp-elements-3a29cf3e818b2922b6550ae67db6a576\" style=\"text-transform:uppercase\"><strong>CRIBLE VIBRANT 900 ECO<\/strong><\/h5>\n\n\n    <div class=\"oi-block oi-block-layout-space\" style=\"--oi-block-space-xs:20px; --oi-block-space-sm:20px; --oi-block-space-md:20px; --oi-block-space-lg:20px; --oi-block-space-xl:20px; --oi-block-space-xxl:20px\"><\/div>\n\n\n\n<ul class=\"wp-block-list\">\n<li><strong>CRIBLE VIBRANT 900 ECO<\/strong><\/li>\n\n\n\n<li>Alimentation \u00e9lectrique: 1,1 kW triphas\u00e9 400 V 50 Hz (possibilit\u00e9 de commander une machine fonctionnant \u00e0 une tension diff\u00e9rente)<\/li>\n\n\n\n<li>Encombrement: Largeur 1000 mm, Longueur 1050 mm, Hauteur 1100 mm\u00a0<\/li>\n\n\n\n<li>Poids: 190 kg<\/li>\n<\/ul>\n\n<\/div>\n    <\/div>\n\n\n    <div class=\"oi-block oi-block-layout-space\" style=\"--oi-block-space-xs:75px; --oi-block-space-sm:90px; --oi-block-space-md:90px; --oi-block-space-lg:120px; --oi-block-space-xl:120px; --oi-block-space-xxl:120px\"><\/div>\n\n<\/div><\/div>\n\n\n<div class=\"oi-block oi-block-layout-container container\" style=\"\"  >\n    <div class=\"oi-block oi-block-layout-space\" style=\"--oi-block-space-xs:75px; --oi-block-space-sm:90px; --oi-block-space-md:90px; --oi-block-space-lg:120px; --oi-block-space-xl:120px; --oi-block-space-xxl:120px\"><\/div>\n\n\n<div class=\"oi-block oi-block-product-content\" >\n<div class=\"row justify-content-between\">\n    <div class=\"col-12 col-md-6 col-lg-5\">\n        \n\n<h3 class=\"wp-block-heading has-primary-color has-text-color has-link-color wp-elements-9861ff8419de07f9100875f58eab7fa2\"><strong>Crible vibrant circulaire \u00e9clats s\u00e9rie ECO<\/strong><\/h3>\n\n\n    <div class=\"oi-block oi-block-layout-space\" style=\"--oi-block-space-xs:30px; --oi-block-space-sm:30px; --oi-block-space-md:30px; --oi-block-space-lg:30px; --oi-block-space-xl:30px; --oi-block-space-xxl:30px\"><\/div>\n\n\n\n<p><strong>Les cribles vibrants de la s\u00e9rie ECO <\/strong>repr\u00e9sentent une solution simple et \u00e9conomique pour le tamisage et la s\u00e9paration des diff\u00e9rentes granulom\u00e9tries de produits tels que les \u00e9clats de biscuits, de fruits secs, de nougat, de nougatine, etc.<\/p>\n\n\n\n<p>Mia Food Tech propose cette gamme de machines \u00e0 utiliser avec ses c\u00e9l\u00e8bres broyeurs de la s\u00e9rie Crick Crock.<\/p>\n\n\n\n<p>La machine est enti\u00e8rement r\u00e9alis\u00e9e en acier inoxydable AISI 304 et peut \u00eatre \u00e9quip\u00e9e d'une, deux ou trois grilles de tamisage pour permettre jusqu'\u00e0 4 stades de s\u00e9paration du produit fini.<\/p>\n\n\n\n<p>Les cribles vibrants sont \u00e9quip\u00e9s de roues pour la man\u0153uvrabilit\u00e9 et d'un panneau de commande sp\u00e9cifique regroupant les principales commandes de la machine.<\/p>\n\n    <\/div>\n    <div class=\"col-5 col-lg-4 d-none d-md-block\">\n        <div class=\"featured-product\">\n                                                                    <div class=\"bg-dark color-white featured-product-inner\">\n                        <div class=\"image-container\">\n                            <img decoding=\"async\" width=\"2560\" height=\"1920\" src=\"https:\/\/miaft.com\/wp-content\/uploads\/2024\/01\/vibrovaglio-circolare-granelle-serie-eco-500-eco-800-eco-900-eco.jpg\" class=\"img-fluid\" alt=\"\" loading=\"lazy\" srcset=\"https:\/\/miaft.com\/wp-content\/uploads\/2024\/01\/vibrovaglio-circolare-granelle-serie-eco-500-eco-800-eco-900-eco.jpg 2560w, https:\/\/miaft.com\/wp-content\/uploads\/2024\/01\/vibrovaglio-circolare-granelle-serie-eco-500-eco-800-eco-900-eco-1536x1152.jpg 1536w, https:\/\/miaft.com\/wp-content\/uploads\/2024\/01\/vibrovaglio-circolare-granelle-serie-eco-500-eco-800-eco-900-eco-2048x1536.jpg 2048w, https:\/\/miaft.com\/wp-content\/uploads\/2024\/01\/vibrovaglio-circolare-granelle-serie-eco-500-eco-800-eco-900-eco-150x113.jpg 150w, https:\/\/miaft.com\/wp-content\/uploads\/2024\/01\/vibrovaglio-circolare-granelle-serie-eco-500-eco-800-eco-900-eco-575x431.jpg 575w, https:\/\/miaft.com\/wp-content\/uploads\/2024\/01\/vibrovaglio-circolare-granelle-serie-eco-500-eco-800-eco-900-eco-767x575.jpg 767w, https:\/\/miaft.com\/wp-content\/uploads\/2024\/01\/vibrovaglio-circolare-granelle-serie-eco-500-eco-800-eco-900-eco-991x743.jpg 991w, https:\/\/miaft.com\/wp-content\/uploads\/2024\/01\/vibrovaglio-circolare-granelle-serie-eco-500-eco-800-eco-900-eco-1199x899.jpg 1199w\" sizes=\"(max-width: 2560px) 100vw, 2560px\" \/>                        <\/div>\n                                                    <h6 class=\"mb-2 text-uppercase color-secondary\">\n                                Fruits secs                            <\/h6>\n                                                <h4 class=\"mb-0 color-white product-title\">\n                            Crible vibrant circulaire \u00e9clats s\u00e9rie ECO\u00a0                        <\/h4>\n                                                    <p class=\"mt-3 mb-0\">pour \u00e9clats de fruits secs, de graines ol\u00e9agineuses et de biscuits <\/p>\n                                                <div class=\"mt-4\">\n                            <div class=\"oi-block oi-block-layout-button\" ><a href=\"#contact-us\" title=\"\" class=\"btn btn-secondary-fill btn-type-default btn-medium\" >\n    Demande d\u2019informations    <\/a><\/div>                        <\/div>\n                    <\/div>\n                                                    <\/div>\n    <\/div>\n<\/div><\/div>\n\n    <div class=\"oi-block oi-block-layout-space\" style=\"--oi-block-space-xs:75px; --oi-block-space-sm:90px; --oi-block-space-md:90px; --oi-block-space-lg:120px; --oi-block-space-xl:120px; --oi-block-space-xxl:120px\"><\/div>\n\n<\/div>","protected":false},"excerpt":{"rendered":"<p>Les cribles vibrants de la s\u00e9rie ECO repr\u00e9sentent une solution simple et \u00e9conomique pour le tamisage et la s\u00e9paration des diff\u00e9rentes granulom\u00e9tries de produits tels que les \u00e9clats de biscuits, de fruits secs, de nougat, de nougatine, etc. <\/p>\n","protected":false},"featured_media":28001,"parent":0,"menu_order":184,"template":"","meta":{"_seopress_robots_primary_cat":"","_seopress_titles_title":"","_seopress_titles_desc":"","_seopress_robots_index":"","is_energy_saving":false,"is_for_sale":false,"show_footer_widget":true,"show_related_products":true,"product_subtitle":"pour \u00e9clats de fruits secs, de graines ol\u00e9agineuses et de biscuits ","product_code":"\u00d8500 ECO - \u00d8800 ECO - \u00d8900 ECO","related_products_source":"custom","related_products_list":"[1029]","product_powered_by_title":"","product_powered_by_image":"{}","product_on_sale_label":"","product_on_sale_label_1":"","product_on_sale_label_2":"","product_on_sale_label_3":"","product_on_sale_label_4":"","product_on_sale_label_5":"","footnotes":""},"finished_product":[112],"machine":[118],"processing":[125],"class_list":["post-9779","product","type-product","status-publish","has-post-thumbnail","hentry","finished_product-fruits-secs","machine-machines-autonomes","processing-broyage"],"_links":{"self":[{"href":"https:\/\/miaft.com\/fr\/wp-json\/wp\/v2\/product\/9779"}],"collection":[{"href":"https:\/\/miaft.com\/fr\/wp-json\/wp\/v2\/product"}],"about":[{"href":"https:\/\/miaft.com\/fr\/wp-json\/wp\/v2\/types\/product"}],"version-history":[{"count":1,"href":"https:\/\/miaft.com\/fr\/wp-json\/wp\/v2\/product\/9779\/revisions"}],"predecessor-version":[{"id":9781,"href":"https:\/\/miaft.com\/fr\/wp-json\/wp\/v2\/product\/9779\/revisions\/9781"}],"wp:featuredmedia":[{"embeddable":true,"href":"https:\/\/miaft.com\/fr\/wp-json\/wp\/v2\/media\/28001"}],"wp:attachment":[{"href":"https:\/\/miaft.com\/fr\/wp-json\/wp\/v2\/media?parent=9779"}],"wp:term":[{"taxonomy":"finished_product","embeddable":true,"href":"https:\/\/miaft.com\/fr\/wp-json\/wp\/v2\/finished_product?post=9779"},{"taxonomy":"machine","embeddable":true,"href":"https:\/\/miaft.com\/fr\/wp-json\/wp\/v2\/machine?post=9779"},{"taxonomy":"processing","embeddable":true,"href":"https:\/\/miaft.com\/fr\/wp-json\/wp\/v2\/processing?post=9779"}],"curies":[{"name":"wp","href":"https:\/\/api.w.org\/{rel}","templated":true}]}}