{"id":9770,"date":"2024-01-06T17:56:22","date_gmt":"2024-01-06T16:56:22","guid":{"rendered":"https:\/\/miaft.com\/product\/tostino-30kg-roaster-30e\/"},"modified":"2025-12-23T15:44:27","modified_gmt":"2025-12-23T14:44:27","slug":"tostino-30kg-roaster-30e","status":"publish","type":"product","link":"https:\/\/miaft.com\/fr\/product\/tostino-30kg-roaster-30e\/","title":{"rendered":"Torr\u00e9facteur 30 kg\u00a0"},"content":{"rendered":"\n<div class=\"wp-block-group has-light-background-color has-background is-layout-flow wp-block-group-is-layout-flow\"><div class=\"oi-block oi-block-layout-container container\" style=\"\"  >\n    <div class=\"oi-block oi-block-layout-space\" style=\"--oi-block-space-xs:75px; --oi-block-space-sm:90px; --oi-block-space-md:90px; --oi-block-space-lg:120px; --oi-block-space-xl:120px; --oi-block-space-xxl:120px\"><\/div>\n\n\n\n<h3 class=\"wp-block-heading has-primary-color has-text-color has-link-color wp-elements-695914baea5afc54b38b5534b4f5605a\">Caract\u00e9ristiques techniques<\/h3>\n\n\n    <div class=\"oi-block oi-block-layout-space\" style=\"--oi-block-space-xs:30px; --oi-block-space-sm:30px; --oi-block-space-md:30px; --oi-block-space-lg:30px; --oi-block-space-xl:30px; --oi-block-space-xxl:30px\"><\/div>\n\n\n    <div class=\"oi-block oi-block-layout-row row  row-vertical-gap\">\n        \n<div class=\"oi-block oi-block-layout-row-column col-12 col-sm-12 col-md-12 col-lg-6 col-xl-4 col-xxl-4\" style=\"\" >\n\n<h5 class=\"wp-block-heading has-primary-color has-text-color has-link-color wp-elements-3043a20e8abd20346140021032446141\" style=\"text-transform:uppercase\">CAPACIT\u00c9 DE PRODUCTION<\/h5>\n\n\n    <div class=\"oi-block oi-block-layout-space\" style=\"--oi-block-space-xs:20px; --oi-block-space-sm:20px; --oi-block-space-md:20px; --oi-block-space-lg:20px; --oi-block-space-xl:20px; --oi-block-space-xxl:20px\"><\/div>\n\n\n\n<p>15-35 kg\/lot (en fonction du type de fruits secs utilis\u00e9s)<\/p>\n\n<\/div>\n\n<div class=\"oi-block oi-block-layout-row-column col-12 col-sm-12 col-md-12 col-lg-6 col-xl-4 col-xxl-4\" style=\"\" >\n\n<h5 class=\"wp-block-heading has-primary-color has-text-color has-link-color wp-elements-3690208b3645b106858e6a950278675b\" style=\"text-transform:uppercase\">DUR\u00c9E DU LOT<\/h5>\n\n\n    <div class=\"oi-block oi-block-layout-space\" style=\"--oi-block-space-xs:20px; --oi-block-space-sm:20px; --oi-block-space-md:20px; --oi-block-space-lg:20px; --oi-block-space-xl:20px; --oi-block-space-xxl:20px\"><\/div>\n\n\n\n<p>Variable de 45 \u00e0 60 minutes selon le type de fruits secs et le degr\u00e9 de torr\u00e9faction souhait\u00e9<\/p>\n\n<\/div>\n\n<div class=\"oi-block oi-block-layout-row-column col-12 col-sm-12 col-md-12 col-lg-6 col-xl-4 col-xxl-4\" style=\"\" >\n\n<h5 class=\"wp-block-heading has-primary-color has-text-color has-link-color wp-elements-637c5cc30ae58306bc0cff1f6088ce05\" style=\"text-transform:uppercase\">CONSOMMATION<\/h5>\n\n\n    <div class=\"oi-block oi-block-layout-space\" style=\"--oi-block-space-xs:20px; --oi-block-space-sm:20px; --oi-block-space-md:20px; --oi-block-space-lg:20px; --oi-block-space-xl:20px; --oi-block-space-xxl:20px\"><\/div>\n\n\n\n<p>13 kW triphas\u00e9 400 V 50 Hz (possibilit\u00e9 de commander une machine fonctionnant \u00e0 une tension diff\u00e9rente)<\/p>\n\n<\/div>\n\n<div class=\"oi-block oi-block-layout-row-column col-12 col-sm-12 col-md-12 col-lg-6 col-xl-4 col-xxl-4\" style=\"\" >\n\n<h5 class=\"wp-block-heading has-primary-color has-text-color has-link-color wp-elements-24a73065ebebf22510ebfc41074ab08e\" style=\"text-transform:uppercase\">ENCOMBREMENT<\/h5>\n\n\n    <div class=\"oi-block oi-block-layout-space\" style=\"--oi-block-space-xs:20px; --oi-block-space-sm:20px; --oi-block-space-md:20px; --oi-block-space-lg:20px; --oi-block-space-xl:20px; --oi-block-space-xxl:20px\"><\/div>\n\n\n\n<p>Largeur 1000 mm, Longueur 1900 mm, Hauteur 1700 mm, Poids: 400 kg<\/p>\n\n<\/div>\n    <\/div>\n\n\n    <div class=\"oi-block oi-block-layout-space\" style=\"--oi-block-space-xs:75px; --oi-block-space-sm:90px; --oi-block-space-md:90px; --oi-block-space-lg:120px; --oi-block-space-xl:120px; --oi-block-space-xxl:120px\"><\/div>\n\n<\/div><\/div>\n\n\n<div class=\"oi-block oi-block-layout-container container\" style=\"\"  >\n    <div class=\"oi-block oi-block-layout-space\" style=\"--oi-block-space-xs:75px; --oi-block-space-sm:90px; --oi-block-space-md:90px; --oi-block-space-lg:120px; --oi-block-space-xl:120px; --oi-block-space-xxl:120px\"><\/div>\n\n\n<div class=\"oi-block oi-block-product-content\" >\n<div class=\"row justify-content-between\">\n    <div class=\"col-12 col-md-6 col-lg-5\">\n        \n\n<h3 class=\"wp-block-heading has-primary-color has-text-color has-link-color wp-elements-c045060be3bb8c91e3d7feeea48129c7\">Torr\u00e9facteur 30 kg<\/h3>\n\n\n    <div class=\"oi-block oi-block-layout-space\" style=\"--oi-block-space-xs:30px; --oi-block-space-sm:30px; --oi-block-space-md:30px; --oi-block-space-lg:30px; --oi-block-space-xl:30px; --oi-block-space-xxl:30px\"><\/div>\n\n\n\n<p><strong>Le torr\u00e9facteur Roaster-30E<\/strong> est con\u00e7u pour la torr\u00e9faction et le refroidissement des fruits secs, des graines ol\u00e9agineuses ainsi que pour le pelage des fruits tels que les noisettes, les cacahu\u00e8tes et les pistaches.<\/p>\n\n\n    <div class=\"oi-block oi-block-layout-space\" style=\"--oi-block-space-xs:30px; --oi-block-space-sm:30px; --oi-block-space-md:30px; --oi-block-space-lg:30px; --oi-block-space-xl:30px; --oi-block-space-xxl:30px\"><\/div>\n\n\n\n<p>La machine est enti\u00e8rement r\u00e9alis\u00e9e en acier inoxydable AISI 304 et pr\u00e9sente les caract\u00e9ristiques suivantes:<\/p>\n\n\n\n<ul class=\"wp-block-list\">\n<li>capacit\u00e9 de production de 15-35 kg\/lot (en fonction du type de fruits secs utilis\u00e9s)<\/li>\n\n\n\n<li>dur\u00e9e du lot variable de 45 \u00e0 60 minutes selon le type de fruits secs et le degr\u00e9 de torr\u00e9faction souhait\u00e9.<\/li>\n\n\n\n<li>chauffage \u00e9lectrique avec temp\u00e9rature r\u00e9glable jusqu'\u00e0 250 \u00b0C et syst\u00e8me de torr\u00e9faction traditionnel sans infrarouges.<\/li>\n\n\n\n<li>r\u00e9glage \u00e9lectronique via un variateur de vitesse de rotation du panier interne de torr\u00e9faction.<\/li>\n\n\n\n<li>programmateur pour le r\u00e9glage du temps de torr\u00e9faction<\/li>\n\n\n\n<li>peleur pour le refroidissement et le pelage des fruits torr\u00e9fi\u00e9s (pour les noisettes, les cacahu\u00e8tes, les pistaches).<\/li>\n\n\n\n<li>Alimentation \u00e9lectrique requise: 13 kW 400 V 50 Hz triphas\u00e9.<\/li>\n<\/ul>\n\n\n    <div class=\"oi-block oi-block-layout-space\" style=\"--oi-block-space-xs:30px; --oi-block-space-sm:30px; --oi-block-space-md:30px; --oi-block-space-lg:30px; --oi-block-space-xl:30px; --oi-block-space-xxl:30px\"><\/div>\n\n\n\n<p><strong>Remarque<\/strong>: Une connexion \u00e0 air comprim\u00e9 d'environ 150-200 litres\/minute et une pression minimale de 6 bars sont n\u00e9cessaires.<\/p>\n\n    <\/div>\n    <div class=\"col-5 col-lg-4 d-none d-md-block\">\n        <div class=\"featured-product\">\n                                                                    <div class=\"bg-dark color-white featured-product-inner\">\n                        <div class=\"image-container\">\n                            <img decoding=\"async\" width=\"1500\" height=\"1428\" src=\"https:\/\/miaft.com\/wp-content\/uploads\/2024\/09\/tostino-15kg-30kg-roaster-mia-15-eco-roaster-15-pro-roaster-30e-1.jpg\" class=\"img-fluid\" alt=\"\" loading=\"lazy\" srcset=\"https:\/\/miaft.com\/wp-content\/uploads\/2024\/09\/tostino-15kg-30kg-roaster-mia-15-eco-roaster-15-pro-roaster-30e-1.jpg 1500w, https:\/\/miaft.com\/wp-content\/uploads\/2024\/09\/tostino-15kg-30kg-roaster-mia-15-eco-roaster-15-pro-roaster-30e-1-150x143.jpg 150w, https:\/\/miaft.com\/wp-content\/uploads\/2024\/09\/tostino-15kg-30kg-roaster-mia-15-eco-roaster-15-pro-roaster-30e-1-575x547.jpg 575w, https:\/\/miaft.com\/wp-content\/uploads\/2024\/09\/tostino-15kg-30kg-roaster-mia-15-eco-roaster-15-pro-roaster-30e-1-767x730.jpg 767w, https:\/\/miaft.com\/wp-content\/uploads\/2024\/09\/tostino-15kg-30kg-roaster-mia-15-eco-roaster-15-pro-roaster-30e-1-991x943.jpg 991w, https:\/\/miaft.com\/wp-content\/uploads\/2024\/09\/tostino-15kg-30kg-roaster-mia-15-eco-roaster-15-pro-roaster-30e-1-1199x1141.jpg 1199w\" sizes=\"(max-width: 1500px) 100vw, 1500px\" \/>                        <\/div>\n                                                    <h6 class=\"mb-2 text-uppercase color-secondary\">\n                                Fruits secs                            <\/h6>\n                                                <h4 class=\"mb-0 color-white product-title\">\n                            Torr\u00e9facteur 30 kg\u00a0                        <\/h4>\n                                                    <p class=\"mt-3 mb-0\">torr\u00e9faction des fruits secs et des graines ol\u00e9agineuses <\/p>\n                                                <div class=\"mt-4\">\n                            <div class=\"oi-block oi-block-layout-button\" ><a href=\"#contact-us\" title=\"\" class=\"btn btn-secondary-fill btn-type-default btn-medium\" >\n    Demande d\u2019informations    <\/a><\/div>                        <\/div>\n                    <\/div>\n                                                    <\/div>\n    <\/div>\n<\/div><\/div>\n\n    <div class=\"oi-block oi-block-layout-space\" style=\"--oi-block-space-xs:75px; --oi-block-space-sm:90px; --oi-block-space-md:90px; --oi-block-space-lg:120px; --oi-block-space-xl:120px; --oi-block-space-xxl:120px\"><\/div>\n\n\n<div class=\"oi-block oi-block-carousel\" ><div class=\"carousel-container overflowed-carousel\">\n    <div class=\"splide block-carousel\" data-splide='{\"arrows\":false,\"pagination\":false,\"perPage\":3,\"gap\":30,\"type\":\"slide\",\"rewind\":false}'>\n        <div class=\"splide__track\">\n            <ul class=\"splide__list\">\n                \n\n<figure class=\"wp-block-image size-full\"><img loading=\"lazy\" decoding=\"async\" width=\"1500\" height=\"1433\" src=\"https:\/\/miaft.com\/wp-content\/uploads\/2024\/09\/tostino-15kg-30kg-roaster-mia-15-eco-roaster-15-pro-roaster-30e-2.jpg\" alt=\"tostino 15kg\" class=\"wp-image-35445\" srcset=\"https:\/\/miaft.com\/wp-content\/uploads\/2024\/09\/tostino-15kg-30kg-roaster-mia-15-eco-roaster-15-pro-roaster-30e-2.jpg 1500w, https:\/\/miaft.com\/wp-content\/uploads\/2024\/09\/tostino-15kg-30kg-roaster-mia-15-eco-roaster-15-pro-roaster-30e-2-150x143.jpg 150w, https:\/\/miaft.com\/wp-content\/uploads\/2024\/09\/tostino-15kg-30kg-roaster-mia-15-eco-roaster-15-pro-roaster-30e-2-575x549.jpg 575w, https:\/\/miaft.com\/wp-content\/uploads\/2024\/09\/tostino-15kg-30kg-roaster-mia-15-eco-roaster-15-pro-roaster-30e-2-767x733.jpg 767w, https:\/\/miaft.com\/wp-content\/uploads\/2024\/09\/tostino-15kg-30kg-roaster-mia-15-eco-roaster-15-pro-roaster-30e-2-991x947.jpg 991w, https:\/\/miaft.com\/wp-content\/uploads\/2024\/09\/tostino-15kg-30kg-roaster-mia-15-eco-roaster-15-pro-roaster-30e-2-1199x1145.jpg 1199w\" sizes=\"(max-width: 1500px) 100vw, 1500px\" \/><\/figure>\n\n\n\n<figure class=\"wp-block-image size-full\"><img loading=\"lazy\" decoding=\"async\" width=\"1000\" height=\"1500\" src=\"https:\/\/miaft.com\/wp-content\/uploads\/2024\/09\/tostino-15kg-30kg-roaster-mia-15-eco-roaster-15-pro-roaster-30e-3.jpg\" alt=\"tostino 15kg\" class=\"wp-image-35450\" srcset=\"https:\/\/miaft.com\/wp-content\/uploads\/2024\/09\/tostino-15kg-30kg-roaster-mia-15-eco-roaster-15-pro-roaster-30e-3.jpg 1000w, https:\/\/miaft.com\/wp-content\/uploads\/2024\/09\/tostino-15kg-30kg-roaster-mia-15-eco-roaster-15-pro-roaster-30e-3-150x225.jpg 150w, https:\/\/miaft.com\/wp-content\/uploads\/2024\/09\/tostino-15kg-30kg-roaster-mia-15-eco-roaster-15-pro-roaster-30e-3-575x863.jpg 575w, https:\/\/miaft.com\/wp-content\/uploads\/2024\/09\/tostino-15kg-30kg-roaster-mia-15-eco-roaster-15-pro-roaster-30e-3-767x1151.jpg 767w, https:\/\/miaft.com\/wp-content\/uploads\/2024\/09\/tostino-15kg-30kg-roaster-mia-15-eco-roaster-15-pro-roaster-30e-3-991x1487.jpg 991w\" sizes=\"(max-width: 1000px) 100vw, 1000px\" \/><\/figure>\n\n            <\/ul>\n        <\/div>\n        <div class=\"carousel-progress mt-5\">\n            <div class=\"carousel-progress-bar\"><\/div>\n        <\/div>\n    <\/div>\n<\/div><\/div>\n\n    <div class=\"oi-block oi-block-layout-space\" style=\"--oi-block-space-xs:75px; --oi-block-space-sm:90px; --oi-block-space-md:90px; --oi-block-space-lg:120px; --oi-block-space-xl:120px; --oi-block-space-xxl:120px\"><\/div>\n\n<\/div>","protected":false},"excerpt":{"rendered":"<p>Le torr\u00e9facteur Roaster-30E est con\u00e7u pour la torr\u00e9faction et le refroidissement des fruits secs, des graines ol\u00e9agineuses ainsi que pour le pelage des fruits tels que les noisettes, les cacahu\u00e8tes et les pistaches. <\/p>\n","protected":false},"featured_media":35442,"parent":0,"menu_order":158,"template":"","meta":{"_seopress_robots_primary_cat":"none","_seopress_titles_title":"","_seopress_titles_desc":"","_seopress_robots_index":"","is_energy_saving":true,"is_for_sale":false,"show_footer_widget":true,"show_related_products":true,"product_subtitle":"torr\u00e9faction des fruits secs et des graines ol\u00e9agineuses ","product_code":"ROASTER-30E","related_products_source":"custom","related_products_list":"[1241]","product_powered_by_title":"","product_powered_by_image":"{}","product_on_sale_label":"","product_on_sale_label_1":"","product_on_sale_label_2":"","product_on_sale_label_3":"","product_on_sale_label_4":"","product_on_sale_label_5":"","footnotes":""},"finished_product":[112],"machine":[118],"processing":[134],"class_list":["post-9770","product","type-product","status-publish","has-post-thumbnail","hentry","finished_product-fruits-secs","machine-machines-autonomes","processing-torrefaction-et-pelage"],"_links":{"self":[{"href":"https:\/\/miaft.com\/fr\/wp-json\/wp\/v2\/product\/9770"}],"collection":[{"href":"https:\/\/miaft.com\/fr\/wp-json\/wp\/v2\/product"}],"about":[{"href":"https:\/\/miaft.com\/fr\/wp-json\/wp\/v2\/types\/product"}],"version-history":[{"count":3,"href":"https:\/\/miaft.com\/fr\/wp-json\/wp\/v2\/product\/9770\/revisions"}],"predecessor-version":[{"id":35462,"href":"https:\/\/miaft.com\/fr\/wp-json\/wp\/v2\/product\/9770\/revisions\/35462"}],"wp:featuredmedia":[{"embeddable":true,"href":"https:\/\/miaft.com\/fr\/wp-json\/wp\/v2\/media\/35442"}],"wp:attachment":[{"href":"https:\/\/miaft.com\/fr\/wp-json\/wp\/v2\/media?parent=9770"}],"wp:term":[{"taxonomy":"finished_product","embeddable":true,"href":"https:\/\/miaft.com\/fr\/wp-json\/wp\/v2\/finished_product?post=9770"},{"taxonomy":"machine","embeddable":true,"href":"https:\/\/miaft.com\/fr\/wp-json\/wp\/v2\/machine?post=9770"},{"taxonomy":"processing","embeddable":true,"href":"https:\/\/miaft.com\/fr\/wp-json\/wp\/v2\/processing?post=9770"}],"curies":[{"name":"wp","href":"https:\/\/api.w.org\/{rel}","templated":true}]}}