{"id":9767,"date":"2024-09-15T09:00:17","date_gmt":"2024-09-15T07:00:17","guid":{"rendered":"https:\/\/miaft.com\/product\/tostino-15kg-roaster-15-eco-roaster-15-pro\/"},"modified":"2025-12-23T15:42:55","modified_gmt":"2025-12-23T14:42:55","slug":"tostino-15kg-roaster-15-eco-roaster-15-pro","status":"publish","type":"product","link":"https:\/\/miaft.com\/fr\/product\/tostino-15kg-roaster-15-eco-roaster-15-pro\/","title":{"rendered":"Torr\u00e9facteur 15 kg\u00a0"},"content":{"rendered":"\n<div class=\"wp-block-group has-light-background-color has-background is-layout-flow wp-block-group-is-layout-flow\"><div class=\"oi-block oi-block-layout-container container\" style=\"\"  >\n    <div class=\"oi-block oi-block-layout-space\" style=\"--oi-block-space-xs:75px; --oi-block-space-sm:90px; --oi-block-space-md:90px; --oi-block-space-lg:120px; --oi-block-space-xl:120px; --oi-block-space-xxl:120px\"><\/div>\n\n\n\n<h3 class=\"wp-block-heading has-primary-color has-text-color has-link-color wp-elements-695914baea5afc54b38b5534b4f5605a\">Caract\u00e9ristiques techniques<\/h3>\n\n\n    <div class=\"oi-block oi-block-layout-space\" style=\"--oi-block-space-xs:30px; --oi-block-space-sm:30px; --oi-block-space-md:30px; --oi-block-space-lg:30px; --oi-block-space-xl:30px; --oi-block-space-xxl:30px\"><\/div>\n\n\n    <div class=\"oi-block oi-block-layout-row row  row-vertical-gap\">\n        \n<div class=\"oi-block oi-block-layout-row-column col-12 col-sm-12 col-md-12 col-lg-6 col-xl-4 col-xxl-4\" style=\"\" >\n\n<h5 class=\"wp-block-heading has-primary-color has-text-color has-link-color wp-elements-3043a20e8abd20346140021032446141\" style=\"text-transform:uppercase\">CAPACIT\u00c9 DE PRODUCTION<\/h5>\n\n\n    <div class=\"oi-block oi-block-layout-space\" style=\"--oi-block-space-xs:20px; --oi-block-space-sm:20px; --oi-block-space-md:20px; --oi-block-space-lg:20px; --oi-block-space-xl:20px; --oi-block-space-xxl:20px\"><\/div>\n\n\n\n<p>10-20 kg\/lot (en fonction du type de fruits secs utilis\u00e9s)<\/p>\n\n<\/div>\n\n<div class=\"oi-block oi-block-layout-row-column col-12 col-sm-12 col-md-12 col-lg-6 col-xl-4 col-xxl-4\" style=\"\" >\n\n<h5 class=\"wp-block-heading has-primary-color has-text-color has-link-color wp-elements-3690208b3645b106858e6a950278675b\" style=\"text-transform:uppercase\">DUR\u00c9E DU LOT<\/h5>\n\n\n    <div class=\"oi-block oi-block-layout-space\" style=\"--oi-block-space-xs:20px; --oi-block-space-sm:20px; --oi-block-space-md:20px; --oi-block-space-lg:20px; --oi-block-space-xl:20px; --oi-block-space-xxl:20px\"><\/div>\n\n\n\n<p>Variable de 45 \u00e0 60 minutes selon le type de fruits secs et le degr\u00e9 de torr\u00e9faction souhait\u00e9<\/p>\n\n<\/div>\n\n<div class=\"oi-block oi-block-layout-row-column col-12 col-sm-12 col-md-12 col-lg-6 col-xl-4 col-xxl-4\" style=\"\" >\n\n<h5 class=\"wp-block-heading has-primary-color has-text-color has-link-color wp-elements-637c5cc30ae58306bc0cff1f6088ce05\" style=\"text-transform:uppercase\">CONSOMMATION<\/h5>\n\n\n    <div class=\"oi-block oi-block-layout-space\" style=\"--oi-block-space-xs:20px; --oi-block-space-sm:20px; --oi-block-space-md:20px; --oi-block-space-lg:20px; --oi-block-space-xl:20px; --oi-block-space-xxl:20px\"><\/div>\n\n\n\n<p>11 kW triphas\u00e9 400 V 50 Hz (possibilit\u00e9 de commander une machine fonctionnant \u00e0 une tension diff\u00e9rente)<\/p>\n\n<\/div>\n\n<div class=\"oi-block oi-block-layout-row-column col-12 col-sm-12 col-md-12 col-lg-6 col-xl-4 col-xxl-4\" style=\"\" >\n\n<h5 class=\"wp-block-heading has-primary-color has-text-color has-link-color wp-elements-24a73065ebebf22510ebfc41074ab08e\" style=\"text-transform:uppercase\">ENCOMBREMENT<\/h5>\n\n\n    <div class=\"oi-block oi-block-layout-space\" style=\"--oi-block-space-xs:20px; --oi-block-space-sm:20px; --oi-block-space-md:20px; --oi-block-space-lg:20px; --oi-block-space-xl:20px; --oi-block-space-xxl:20px\"><\/div>\n\n\n\n<p>Largeur 840 mm, Longueur 1700 mm, Hauteur 1380 mm, Poids: 350 kg<\/p>\n\n<\/div>\n    <\/div>\n\n\n    <div class=\"oi-block oi-block-layout-space\" style=\"--oi-block-space-xs:75px; --oi-block-space-sm:90px; --oi-block-space-md:90px; --oi-block-space-lg:120px; --oi-block-space-xl:120px; --oi-block-space-xxl:120px\"><\/div>\n\n<\/div><\/div>\n\n\n<div class=\"oi-block oi-block-layout-container container\" style=\"\"  >\n    <div class=\"oi-block oi-block-layout-space\" style=\"--oi-block-space-xs:75px; --oi-block-space-sm:90px; --oi-block-space-md:90px; --oi-block-space-lg:120px; --oi-block-space-xl:120px; --oi-block-space-xxl:120px\"><\/div>\n\n\n<div class=\"oi-block oi-block-product-content\" >\n<div class=\"row justify-content-between\">\n    <div class=\"col-12 col-md-6 col-lg-5\">\n        \n\n<h3 class=\"wp-block-heading has-primary-color has-text-color has-link-color wp-elements-9a78477d81878092cd696f4cd88b7164\">Torr\u00e9facteur 15 kg<\/h3>\n\n\n    <div class=\"oi-block oi-block-layout-space\" style=\"--oi-block-space-xs:30px; --oi-block-space-sm:30px; --oi-block-space-md:30px; --oi-block-space-lg:30px; --oi-block-space-xl:30px; --oi-block-space-xxl:30px\"><\/div>\n\n\n\n<p>Le torr\u00e9facteur ROASTER-15 permet d\u2019obtenir des fruits secs de qualit\u00e9 commercialisables comme produits finis ou utilisables comme mati\u00e8re premi\u00e8re dans l'industrie de la confiserie.<\/p>\n\n\n\n<p>MIA Food Tech propose une machine \u00e9lectronique destin\u00e9e \u00e0 la torr\u00e9faction et au s\u00e9chage des fruits secs (noisettes, amandes, cacahu\u00e8tes, etc.). La capacit\u00e9 de production peut varier, selon le type de fruit, de 10-20 kg\/h.<\/p>\n\n\n\n<p>Le processus de torr\u00e9faction\/s\u00e9chage est uniforme pendant toute la dur\u00e9e de fonctionnement, la temp\u00e9rature \u00e9tant r\u00e9glable \u00e9lectroniquement.<\/p>\n\n\n\n<p>Le chauffage \u00e9lectrique est r\u00e9alis\u00e9 avec un syst\u00e8me \u00e0 modulation qui optimise la consommation et permet un r\u00e9glage pr\u00e9cis de la temp\u00e9rature.<\/p>\n\n\n\n<p>La machine est compl\u00e9t\u00e9e par un cyclone de d\u00e9cantation des fum\u00e9es raccord\u00e9 au torr\u00e9facteur ainsi que d'un carrousel pour le refroidissement des fruits torr\u00e9fi\u00e9s et le nettoyage de ces derniers apr\u00e8s la torr\u00e9faction.<\/p>\n\n    <\/div>\n    <div class=\"col-5 col-lg-4 d-none d-md-block\">\n        <div class=\"featured-product\">\n                                                                    <div class=\"bg-dark color-white featured-product-inner\">\n                        <div class=\"image-container\">\n                            <img decoding=\"async\" width=\"1500\" height=\"1428\" src=\"https:\/\/miaft.com\/wp-content\/uploads\/2024\/09\/tostino-15kg-30kg-roaster-mia-15-eco-roaster-15-pro-roaster-30e-1.jpg\" class=\"img-fluid\" alt=\"\" loading=\"lazy\" srcset=\"https:\/\/miaft.com\/wp-content\/uploads\/2024\/09\/tostino-15kg-30kg-roaster-mia-15-eco-roaster-15-pro-roaster-30e-1.jpg 1500w, https:\/\/miaft.com\/wp-content\/uploads\/2024\/09\/tostino-15kg-30kg-roaster-mia-15-eco-roaster-15-pro-roaster-30e-1-150x143.jpg 150w, https:\/\/miaft.com\/wp-content\/uploads\/2024\/09\/tostino-15kg-30kg-roaster-mia-15-eco-roaster-15-pro-roaster-30e-1-575x547.jpg 575w, https:\/\/miaft.com\/wp-content\/uploads\/2024\/09\/tostino-15kg-30kg-roaster-mia-15-eco-roaster-15-pro-roaster-30e-1-767x730.jpg 767w, https:\/\/miaft.com\/wp-content\/uploads\/2024\/09\/tostino-15kg-30kg-roaster-mia-15-eco-roaster-15-pro-roaster-30e-1-991x943.jpg 991w, https:\/\/miaft.com\/wp-content\/uploads\/2024\/09\/tostino-15kg-30kg-roaster-mia-15-eco-roaster-15-pro-roaster-30e-1-1199x1141.jpg 1199w\" sizes=\"(max-width: 1500px) 100vw, 1500px\" \/>                        <\/div>\n                                                    <h6 class=\"mb-2 text-uppercase color-secondary\">\n                                Fruits secs                            <\/h6>\n                                                <h4 class=\"mb-0 color-white product-title\">\n                            Torr\u00e9facteur 15 kg\u00a0                        <\/h4>\n                                                    <p class=\"mt-3 mb-0\">torr\u00e9faction des fruits secs et des graines ol\u00e9agineuses <\/p>\n                                                <div class=\"mt-4\">\n                            <div class=\"oi-block oi-block-layout-button\" ><a href=\"#contact-us\" title=\"\" class=\"btn btn-secondary-fill btn-type-default btn-medium\" >\n    Demande d\u2019informations    <\/a><\/div>                        <\/div>\n                    <\/div>\n                                                    <\/div>\n    <\/div>\n<\/div><\/div>\n\n    <div class=\"oi-block oi-block-layout-space\" style=\"--oi-block-space-xs:75px; --oi-block-space-sm:90px; --oi-block-space-md:90px; --oi-block-space-lg:120px; --oi-block-space-xl:120px; --oi-block-space-xxl:120px\"><\/div>\n\n\n<div class=\"oi-block oi-block-carousel\" ><div class=\"carousel-container overflowed-carousel\">\n    <div class=\"splide block-carousel\" data-splide='{\"arrows\":false,\"pagination\":false,\"perPage\":3,\"gap\":30,\"type\":\"slide\",\"rewind\":false}'>\n        <div class=\"splide__track\">\n            <ul class=\"splide__list\">\n                \n\n<figure class=\"wp-block-image size-full\"><img loading=\"lazy\" decoding=\"async\" width=\"1500\" height=\"1433\" src=\"https:\/\/miaft.com\/wp-content\/uploads\/2024\/09\/tostino-15kg-30kg-roaster-mia-15-eco-roaster-15-pro-roaster-30e-2.jpg\" alt=\"tostino 15kg\" class=\"wp-image-35445\" srcset=\"https:\/\/miaft.com\/wp-content\/uploads\/2024\/09\/tostino-15kg-30kg-roaster-mia-15-eco-roaster-15-pro-roaster-30e-2.jpg 1500w, https:\/\/miaft.com\/wp-content\/uploads\/2024\/09\/tostino-15kg-30kg-roaster-mia-15-eco-roaster-15-pro-roaster-30e-2-150x143.jpg 150w, https:\/\/miaft.com\/wp-content\/uploads\/2024\/09\/tostino-15kg-30kg-roaster-mia-15-eco-roaster-15-pro-roaster-30e-2-575x549.jpg 575w, https:\/\/miaft.com\/wp-content\/uploads\/2024\/09\/tostino-15kg-30kg-roaster-mia-15-eco-roaster-15-pro-roaster-30e-2-767x733.jpg 767w, https:\/\/miaft.com\/wp-content\/uploads\/2024\/09\/tostino-15kg-30kg-roaster-mia-15-eco-roaster-15-pro-roaster-30e-2-991x947.jpg 991w, https:\/\/miaft.com\/wp-content\/uploads\/2024\/09\/tostino-15kg-30kg-roaster-mia-15-eco-roaster-15-pro-roaster-30e-2-1199x1145.jpg 1199w\" sizes=\"(max-width: 1500px) 100vw, 1500px\" \/><\/figure>\n\n\n\n<figure class=\"wp-block-image size-full\"><img loading=\"lazy\" decoding=\"async\" width=\"1000\" height=\"1500\" src=\"https:\/\/miaft.com\/wp-content\/uploads\/2024\/09\/tostino-15kg-30kg-roaster-mia-15-eco-roaster-15-pro-roaster-30e-3.jpg\" alt=\"tostino 15kg\" class=\"wp-image-35450\" srcset=\"https:\/\/miaft.com\/wp-content\/uploads\/2024\/09\/tostino-15kg-30kg-roaster-mia-15-eco-roaster-15-pro-roaster-30e-3.jpg 1000w, https:\/\/miaft.com\/wp-content\/uploads\/2024\/09\/tostino-15kg-30kg-roaster-mia-15-eco-roaster-15-pro-roaster-30e-3-150x225.jpg 150w, https:\/\/miaft.com\/wp-content\/uploads\/2024\/09\/tostino-15kg-30kg-roaster-mia-15-eco-roaster-15-pro-roaster-30e-3-575x863.jpg 575w, https:\/\/miaft.com\/wp-content\/uploads\/2024\/09\/tostino-15kg-30kg-roaster-mia-15-eco-roaster-15-pro-roaster-30e-3-767x1151.jpg 767w, https:\/\/miaft.com\/wp-content\/uploads\/2024\/09\/tostino-15kg-30kg-roaster-mia-15-eco-roaster-15-pro-roaster-30e-3-991x1487.jpg 991w\" sizes=\"(max-width: 1000px) 100vw, 1000px\" \/><\/figure>\n\n            <\/ul>\n        <\/div>\n        <div class=\"carousel-progress mt-5\">\n            <div class=\"carousel-progress-bar\"><\/div>\n        <\/div>\n    <\/div>\n<\/div><\/div>\n\n    <div class=\"oi-block oi-block-layout-space\" style=\"--oi-block-space-xs:75px; --oi-block-space-sm:90px; --oi-block-space-md:90px; --oi-block-space-lg:120px; --oi-block-space-xl:120px; --oi-block-space-xxl:120px\"><\/div>\n\n<\/div>","protected":false},"excerpt":{"rendered":"<p>Le torr\u00e9facteur ROASTER-15 permet d\u2019obtenir des fruits secs de qualit\u00e9 commercialisables comme produits finis ou utilisables comme mati\u00e8re premi\u00e8re dans l'industrie de la confiserie. <\/p>\n","protected":false},"featured_media":35442,"parent":0,"menu_order":156,"template":"","meta":{"_seopress_robots_primary_cat":"none","_seopress_titles_title":"","_seopress_titles_desc":"","_seopress_robots_index":"","is_energy_saving":true,"is_for_sale":false,"show_footer_widget":true,"show_related_products":true,"product_subtitle":"torr\u00e9faction des fruits secs et des graines ol\u00e9agineuses ","product_code":"ROASTER-15 ECO, ROASTER-15 PRO","related_products_source":"custom","related_products_list":"[1241]","product_powered_by_title":"","product_powered_by_image":"{}","product_on_sale_label":"","product_on_sale_label_1":"","product_on_sale_label_2":"","product_on_sale_label_3":"","product_on_sale_label_4":"","product_on_sale_label_5":"","footnotes":""},"finished_product":[112],"machine":[118],"processing":[134],"class_list":["post-9767","product","type-product","status-publish","has-post-thumbnail","hentry","finished_product-fruits-secs","machine-machines-autonomes","processing-torrefaction-et-pelage"],"_links":{"self":[{"href":"https:\/\/miaft.com\/fr\/wp-json\/wp\/v2\/product\/9767"}],"collection":[{"href":"https:\/\/miaft.com\/fr\/wp-json\/wp\/v2\/product"}],"about":[{"href":"https:\/\/miaft.com\/fr\/wp-json\/wp\/v2\/types\/product"}],"version-history":[{"count":2,"href":"https:\/\/miaft.com\/fr\/wp-json\/wp\/v2\/product\/9767\/revisions"}],"predecessor-version":[{"id":35460,"href":"https:\/\/miaft.com\/fr\/wp-json\/wp\/v2\/product\/9767\/revisions\/35460"}],"wp:featuredmedia":[{"embeddable":true,"href":"https:\/\/miaft.com\/fr\/wp-json\/wp\/v2\/media\/35442"}],"wp:attachment":[{"href":"https:\/\/miaft.com\/fr\/wp-json\/wp\/v2\/media?parent=9767"}],"wp:term":[{"taxonomy":"finished_product","embeddable":true,"href":"https:\/\/miaft.com\/fr\/wp-json\/wp\/v2\/finished_product?post=9767"},{"taxonomy":"machine","embeddable":true,"href":"https:\/\/miaft.com\/fr\/wp-json\/wp\/v2\/machine?post=9767"},{"taxonomy":"processing","embeddable":true,"href":"https:\/\/miaft.com\/fr\/wp-json\/wp\/v2\/processing?post=9767"}],"curies":[{"name":"wp","href":"https:\/\/api.w.org\/{rel}","templated":true}]}}