{"id":9764,"date":"2023-12-27T12:53:16","date_gmt":"2023-12-27T11:53:16","guid":{"rendered":"https:\/\/miaft.com\/product\/tavolo-in-inox-con-taglierina-cutting-table\/"},"modified":"2025-09-04T11:47:44","modified_gmt":"2025-09-04T09:47:44","slug":"tavolo-in-inox-con-taglierina-cutting-table","status":"publish","type":"product","link":"https:\/\/miaft.com\/fr\/product\/tavolo-in-inox-con-taglierina-cutting-table\/","title":{"rendered":"Table en inox \u00e9quip\u00e9e de coupeurs\u00a0"},"content":{"rendered":"\n<div class=\"wp-block-group has-light-background-color has-background is-layout-flow wp-block-group-is-layout-flow\"><div class=\"oi-block oi-block-layout-container container\" style=\"\"  >\n    <div class=\"oi-block oi-block-layout-space\" style=\"--oi-block-space-xs:75px; --oi-block-space-sm:90px; --oi-block-space-md:90px; --oi-block-space-lg:120px; --oi-block-space-xl:120px; --oi-block-space-xxl:120px\"><\/div>\n\n\n    <div class=\"oi-block oi-block-layout-row row  row-vertical-gap\">\n        \n<div class=\"oi-block oi-block-layout-row-column col-12 col-sm-12 col-md-12 col-lg-6 col-xl-5 col-xxl-5\" style=\"\" >\n\n<h3 class=\"wp-block-heading has-primary-color has-text-color has-link-color wp-elements-099ab7a8929c7c8e7057c3e5d4a578f6\"><strong>Caract\u00e9ristiques<\/strong><\/h3>\n\n\n    <div class=\"oi-block oi-block-layout-space\" style=\"--oi-block-space-xs:30px; --oi-block-space-sm:30px; --oi-block-space-md:30px; --oi-block-space-lg:30px; --oi-block-space-xl:30px; --oi-block-space-xxl:30px\"><\/div>\n\n\n\n<h5 class=\"wp-block-heading has-primary-color has-text-color has-link-color wp-elements-a904b0a7708a28ccbde413a14e439c99\" style=\"text-transform:uppercase\"><strong>TABLE INOX<\/strong><\/h5>\n\n\n    <div class=\"oi-block oi-block-layout-space\" style=\"--oi-block-space-xs:20px; --oi-block-space-sm:20px; --oi-block-space-md:20px; --oi-block-space-lg:20px; --oi-block-space-xl:20px; --oi-block-space-xxl:20px\"><\/div>\n\n\n\n<ul class=\"wp-block-list\">\n<li>Machine enti\u00e8rement r\u00e9alis\u00e9e en acier inoxydable AISI 304.<\/li>\n\n\n\n<li>Guides lat\u00e9raux adaptables aux exigences du client<\/li>\n\n\n\n<li>Pr\u00eat pour l\u2019int\u00e9gration d\u2019un groupe de refroidissement \/ chauffage<\/li>\n<\/ul>\n\n\n    <div class=\"oi-block oi-block-layout-space\" style=\"--oi-block-space-xs:30px; --oi-block-space-sm:30px; --oi-block-space-md:30px; --oi-block-space-lg:30px; --oi-block-space-xl:30px; --oi-block-space-xxl:30px\"><\/div>\n\n\n\n<h5 class=\"wp-block-heading has-primary-color has-text-color has-link-color wp-elements-1e1c873c7e4ca523c6f1b446a4805bd5\" style=\"text-transform:uppercase\"><strong>COUPEUR<\/strong><\/h5>\n\n\n    <div class=\"oi-block oi-block-layout-space\" style=\"--oi-block-space-xs:20px; --oi-block-space-sm:20px; --oi-block-space-md:20px; --oi-block-space-lg:20px; --oi-block-space-xl:20px; --oi-block-space-xxl:20px\"><\/div>\n\n\n\n<ul class=\"wp-block-list\">\n<li>Machine enti\u00e8rement r\u00e9alis\u00e9e en acier inoxydable AISI 304.<\/li>\n\n\n\n<li>Lames circulaires en acier inoxydable \u00e0 traitement thermique pour plus de durabilit\u00e9<\/li>\n\n\n\n<li>Temporisateur de d\u00e9marrage du cycle de coupe<\/li>\n\n\n\n<li>D\u00e9tecteur de proximit\u00e9 pour le d\u00e9marrage du cycle de coupe sur la table<\/li>\n\n\n\n<li>Commande bimanuelle pour le d\u00e9marrage du cycle de coupe<\/li>\n\n\n\n<li>Protection escamotable pour les lames de coupe<\/li>\n<\/ul>\n\n<\/div>\n\n<div class=\"oi-block oi-block-layout-row-column col-0 col-sm-0 col-md-0 col-lg-0 col-xl-1 col-xxl-1 d-none d-sm-none d-md-none d-lg-none d-xl-block d-xxl-block\" style=\"\" ><\/div>\n\n<div class=\"oi-block oi-block-layout-row-column col-12 col-sm-12 col-md-12 col-lg-6 col-xl-5 col-xxl-5\" style=\"\" >\n\n<h3 class=\"wp-block-heading has-primary-color has-text-color has-link-color wp-elements-803b47f0e8ad11ad42847e6dedc46681\"><strong>Caract\u00e9ristiques techniques<\/strong><\/h3>\n\n\n    <div class=\"oi-block oi-block-layout-space\" style=\"--oi-block-space-xs:30px; --oi-block-space-sm:30px; --oi-block-space-md:30px; --oi-block-space-lg:30px; --oi-block-space-xl:30px; --oi-block-space-xxl:30px\"><\/div>\n\n\n\n<h5 class=\"wp-block-heading has-primary-color has-text-color has-link-color wp-elements-a904b0a7708a28ccbde413a14e439c99\" style=\"text-transform:uppercase\"><strong>TABLE INOX<\/strong><\/h5>\n\n\n    <div class=\"oi-block oi-block-layout-space\" style=\"--oi-block-space-xs:20px; --oi-block-space-sm:20px; --oi-block-space-md:20px; --oi-block-space-lg:20px; --oi-block-space-xl:20px; --oi-block-space-xxl:20px\"><\/div>\n\n\n\n<ul class=\"wp-block-list\">\n<li>Surface de travail 800 x 800 mm<\/li>\n\n\n\n<li>Groupe de refroidissement \/ chauffage en circuit ferm\u00e9<\/li>\n\n\n\n<li>Temp\u00e9rature r\u00e9glable de 5 \u00e0 70 \u00b0C<\/li>\n\n\n\n<li>Alimentation 230 V monophas\u00e9<\/li>\n<\/ul>\n\n\n    <div class=\"oi-block oi-block-layout-space\" style=\"--oi-block-space-xs:30px; --oi-block-space-sm:30px; --oi-block-space-md:30px; --oi-block-space-lg:30px; --oi-block-space-xl:30px; --oi-block-space-xxl:30px\"><\/div>\n\n\n\n<h5 class=\"wp-block-heading has-primary-color has-text-color has-link-color wp-elements-1e1c873c7e4ca523c6f1b446a4805bd5\" style=\"text-transform:uppercase\"><strong>COUPEUR<\/strong><\/h5>\n\n\n    <div class=\"oi-block oi-block-layout-space\" style=\"--oi-block-space-xs:20px; --oi-block-space-sm:20px; --oi-block-space-md:20px; --oi-block-space-lg:20px; --oi-block-space-xl:20px; --oi-block-space-xxl:20px\"><\/div>\n\n\n\n<ul class=\"wp-block-list\">\n<li>Dimensions 1300 x 740 x 950 (H) mm<\/li>\n<\/ul>\n\n<\/div>\n    <\/div>\n\n\n    <div class=\"oi-block oi-block-layout-space\" style=\"--oi-block-space-xs:75px; --oi-block-space-sm:90px; --oi-block-space-md:90px; --oi-block-space-lg:120px; --oi-block-space-xl:120px; --oi-block-space-xxl:120px\"><\/div>\n\n<\/div><\/div>\n\n\n<div class=\"oi-block oi-block-layout-container container\" style=\"\"  >\n    <div class=\"oi-block oi-block-layout-space\" style=\"--oi-block-space-xs:75px; --oi-block-space-sm:90px; --oi-block-space-md:90px; --oi-block-space-lg:120px; --oi-block-space-xl:120px; --oi-block-space-xxl:120px\"><\/div>\n\n\n<div class=\"oi-block oi-block-product-content\" >\n<div class=\"row justify-content-between\">\n    <div class=\"col-12 col-md-6 col-lg-5\">\n        \n\n<h3 class=\"wp-block-heading has-primary-color has-text-color has-link-color wp-elements-dd638b097e5bb062ce7c20465585f45d\"><strong>La table de travail<\/strong><\/h3>\n\n\n    <div class=\"oi-block oi-block-layout-space\" style=\"--oi-block-space-xs:30px; --oi-block-space-sm:30px; --oi-block-space-md:30px; --oi-block-space-lg:30px; --oi-block-space-xl:30px; --oi-block-space-xxl:30px\"><\/div>\n\n\n\n<p>Table de travail enti\u00e8rement r\u00e9alis\u00e9e en acier inoxydable AISI 304 pour l\u2019\u00e9talement de la p\u00e2te de <strong>nougatine \/ barres de c\u00e9r\u00e9ales \/ barres de prot\u00e9ines \/ barres hyperprot\u00e9in\u00e9es <\/strong>avant la coupe.<\/p>\n\n\n\n<p>Dimensions de la surface de travail de la table:&nbsp;<strong>800 x 800 mm<\/strong><\/p>\n\n\n\n<p>Livr\u00e9e avec un <strong>jeu de quatre guides lat\u00e9raux<\/strong> en acier inoxydable AISI 304 pourvus de passages appropri\u00e9s pour les lames de coupe manuelle des barres \u00e0 la dimension souhait\u00e9e.<\/p>\n\n\n\n<p>Les guides lat\u00e9raux <strong>maintiennent le produit \u00e0 l\u2019int\u00e9rieur de la zone de travail <\/strong>et d\u00e9terminent l\u2019\u00e9paisseur finale des barres.<\/p>\n\n\n\n<p>Si n\u00e9cessaire, il est possible de remplacer les guides lat\u00e9raux pour obtenir diff\u00e9rentes <strong>\u00e9paisseurs de produit<\/strong> et diff\u00e9rentes longueurs des barres.<\/p>\n\n\n    <div class=\"oi-block oi-block-layout-space\" style=\"--oi-block-space-xs:30px; --oi-block-space-sm:30px; --oi-block-space-md:30px; --oi-block-space-lg:30px; --oi-block-space-xl:30px; --oi-block-space-xxl:30px\"><\/div>\n\n\n\n<h3 class=\"wp-block-heading has-primary-color has-text-color has-link-color wp-elements-61b121ca6cd1a3705cecf4dd098109ce\"><strong>Groupe chauffage \/ refroidissement en option<\/strong><\/h3>\n\n\n    <div class=\"oi-block oi-block-layout-space\" style=\"--oi-block-space-xs:30px; --oi-block-space-sm:30px; --oi-block-space-md:30px; --oi-block-space-lg:30px; --oi-block-space-xl:30px; --oi-block-space-xxl:30px\"><\/div>\n\n\n\n<p>La table peut \u00eatre \u00e9quip\u00e9e d'un <strong>groupe de chauffage \/ refroidissement en option<\/strong> qui permet de contr\u00f4ler la temp\u00e9rature de la surface de travail pour l'adapter aux diff\u00e9rentes recettes.<\/p>\n\n\n\n<p>La plage de temp\u00e9rature <strong>va de 5 \u00b0C \u00e0 70 \u00b0C. <\/strong><strong><\/strong><\/p>\n\n\n\n<p>Cet \u00e9quipement <strong>apporte une grande flexibilit\u00e9<\/strong> car il permet de travailler \u00e0 basse temp\u00e9rature avec les produits collants et \u00e0 temp\u00e9rature \u00e9lev\u00e9e avec les produits qui ont tendance \u00e0 cristalliser rapidement avec la nougatine au s\u00e9same.<\/p>\n\n\n\n<p>Le groupe de chauffage \/ refroidissement est \u00e9quip\u00e9 d'un <strong>circuit ferm\u00e9 int\u00e9grant un circulateur<\/strong>, un compresseur et un \u00e9changeur pour le refroidissement, et une r\u00e9sistance \u00e9lectrique pour le chauffage.<\/p>\n\n\n    <div class=\"oi-block oi-block-layout-space\" style=\"--oi-block-space-xs:30px; --oi-block-space-sm:30px; --oi-block-space-md:30px; --oi-block-space-lg:30px; --oi-block-space-xl:30px; --oi-block-space-xxl:30px\"><\/div>\n\n\n\n<h3 class=\"wp-block-heading has-primary-color has-text-color has-link-color wp-elements-347b051dcfb10a71da791a677fc7e15f\"><strong>Coupeurs pour nougatine et barres de c\u00e9r\u00e9ales<\/strong><\/h3>\n\n\n    <div class=\"oi-block oi-block-layout-space\" style=\"--oi-block-space-xs:30px; --oi-block-space-sm:30px; --oi-block-space-md:30px; --oi-block-space-lg:30px; --oi-block-space-xl:30px; --oi-block-space-xxl:30px\"><\/div>\n\n\n\n<p>Coupeur manuel \u00e0 utiliser avec la table de travail en acier inoxydable pour la coupe des barres de nougatine ou de c\u00e9r\u00e9ales.<\/p>\n\n\n\n<p>La machine est enti\u00e8rement r\u00e9alis\u00e9e en acier inoxydable AISI 304 et \u00e9quip\u00e9e d'un groupe motoris\u00e9 de lames circulaires \u00e0 pas fixe pour la coupe du produit, le pas d\u00e9terminant ainsi la longueur et la largeur finales des barres.<\/p>\n\n\n\n<p>Le pas du coupeur peut \u00eatre adapt\u00e9 aux exigences du client, la dimension minimale r\u00e9alisable \u00e9tant de 20 mm.<\/p>\n\n\n\n<p>Gr\u00e2ce \u00e0 une s\u00e9rie de r\u00e9glages pr\u00e9cis des axes et de la hauteur, les lames du coupeur effleurent la surface de la table et r\u00e9alisent une coupe nette et sans pertes.<\/p>\n\n\n\n<p>La machine est \u00e9quip\u00e9e de nombreux dispositifs de s\u00e9curit\u00e9 telles qu\u2019une commande bimanuelle, un temporisateur de d\u00e9marrage du cycle de coupe, une protection escamotable des lames circulaires et un capteur de proximit\u00e9 qui emp\u00eache la rotation des lames si le coupeur n'est pas correctement positionn\u00e9 sur la table de travail.<\/p>\n\n\n    <div class=\"oi-block oi-block-layout-space\" style=\"--oi-block-space-xs:30px; --oi-block-space-sm:30px; --oi-block-space-md:30px; --oi-block-space-lg:30px; --oi-block-space-xl:30px; --oi-block-space-xxl:30px\"><\/div>\n\n\n\n<h3 class=\"wp-block-heading has-primary-color has-text-color has-link-color wp-elements-fce5c2e3575c4952ec1e713c9bbddfb9\"><strong>Nettoyage de la table et du coupeur<\/strong><\/h3>\n\n\n    <div class=\"oi-block oi-block-layout-space\" style=\"--oi-block-space-xs:30px; --oi-block-space-sm:30px; --oi-block-space-md:30px; --oi-block-space-lg:30px; --oi-block-space-xl:30px; --oi-block-space-xxl:30px\"><\/div>\n\n\n\n<p>Nettoyer avec un chiffon humide apr\u00e8s chaque lot, et avec de l'eau chaude et une \u00e9ponge \u00e0 la fin de la journ\u00e9e de travail.<\/p>\n\n    <\/div>\n    <div class=\"col-5 col-lg-4 d-none d-md-block\">\n        <div class=\"featured-product\">\n                                                                    <div class=\"bg-dark color-white featured-product-inner\">\n                        <div class=\"image-container\">\n                            <img decoding=\"async\" width=\"1500\" height=\"1491\" src=\"https:\/\/miaft.com\/wp-content\/uploads\/2023\/12\/tavolo-in-inox-con-taglierina-cutting-table-1.jpg\" class=\"img-fluid\" alt=\"\" loading=\"lazy\" srcset=\"https:\/\/miaft.com\/wp-content\/uploads\/2023\/12\/tavolo-in-inox-con-taglierina-cutting-table-1.jpg 1500w, https:\/\/miaft.com\/wp-content\/uploads\/2023\/12\/tavolo-in-inox-con-taglierina-cutting-table-1-150x149.jpg 150w, https:\/\/miaft.com\/wp-content\/uploads\/2023\/12\/tavolo-in-inox-con-taglierina-cutting-table-1-575x572.jpg 575w, https:\/\/miaft.com\/wp-content\/uploads\/2023\/12\/tavolo-in-inox-con-taglierina-cutting-table-1-767x762.jpg 767w, https:\/\/miaft.com\/wp-content\/uploads\/2023\/12\/tavolo-in-inox-con-taglierina-cutting-table-1-991x985.jpg 991w, https:\/\/miaft.com\/wp-content\/uploads\/2023\/12\/tavolo-in-inox-con-taglierina-cutting-table-1-1199x1192.jpg 1199w\" sizes=\"(max-width: 1500px) 100vw, 1500px\" \/>                        <\/div>\n                                                    <h6 class=\"mb-2 text-uppercase color-secondary\">\n                                Barres \u00e9nerg\u00e9tiques & Nougatine                            <\/h6>\n                                                <h4 class=\"mb-0 color-white product-title\">\n                            Table en inox \u00e9quip\u00e9e de coupeurs\u00a0                        <\/h4>\n                                                    <p class=\"mt-3 mb-0\">pour la coupe de nougatine et de barres de c\u00e9r\u00e9ales <\/p>\n                                                <div class=\"mt-4\">\n                            <div class=\"oi-block oi-block-layout-button\" ><a href=\"#contact-us\" title=\"\" class=\"btn btn-secondary-fill btn-type-default btn-medium\" >\n    Demande d\u2019informations    <\/a><\/div>                        <\/div>\n                    <\/div>\n                                                    <\/div>\n    <\/div>\n<\/div><\/div>\n\n    <div class=\"oi-block oi-block-layout-space\" style=\"--oi-block-space-xs:75px; --oi-block-space-sm:90px; --oi-block-space-md:90px; --oi-block-space-lg:120px; --oi-block-space-xl:120px; --oi-block-space-xxl:120px\"><\/div>\n\n\n<div class=\"oi-block oi-block-carousel\" ><div class=\"carousel-container overflowed-carousel\">\n    <div class=\"splide block-carousel\" data-splide='{\"arrows\":false,\"pagination\":false,\"perPage\":3,\"gap\":30,\"type\":\"slide\",\"rewind\":false}'>\n        <div class=\"splide__track\">\n            <ul class=\"splide__list\">\n                \n<div class=\"oi-block oi-block-youtube-video-container\" ><div class=\"video-container \">\n    <div class=\"video-inner\">\n        \n\n<figure class=\"wp-block-embed is-type-video is-provider-youtube wp-block-embed-youtube wp-embed-aspect-16-9 wp-has-aspect-ratio\"><div class=\"wp-block-embed__wrapper\">\n<iframe loading=\"lazy\" title=\"MIA FOOD TECH - Bars Manual Plant \/ Tavolo e Taglierine per barrette\" width=\"500\" height=\"281\" src=\"https:\/\/www.youtube.com\/embed\/syJwjBbzP3c?feature=oembed\" frameborder=\"0\" allow=\"accelerometer; autoplay; clipboard-write; encrypted-media; gyroscope; picture-in-picture; web-share\" referrerpolicy=\"strict-origin-when-cross-origin\" allowfullscreen><\/iframe>\n<\/div><\/figure>\n\n    <\/div>\n            <div class=\"video-cover\">\n            <img decoding=\"async\" width=\"470\" height=\"470\" src=\"https:\/\/miaft.com\/wp-content\/uploads\/2023\/11\/cover-video-min.jpg\" class=\"img-fluid\" alt=\"\" loading=\"lazy\" srcset=\"https:\/\/miaft.com\/wp-content\/uploads\/2023\/11\/cover-video-min.jpg 470w, https:\/\/miaft.com\/wp-content\/uploads\/2023\/11\/cover-video-min-150x150.jpg 150w\" sizes=\"(max-width: 470px) 100vw, 470px\" \/>            <div class=\"layer\"><\/div>\n            <div class=\"play\">\n                <svg xmlns=\"http:\/\/www.w3.org\/2000\/svg\" width=\"59\" height=\"59\" viewBox=\"0 0 59 59\">\n                    <g transform=\"translate(-411 -5982)\">\n                        <g transform=\"translate(411 5982)\" fill=\"none\" stroke=\"#fff\" stroke-width=\"2\">\n                            <circle cx=\"29.5\" cy=\"29.5\" r=\"29.5\" stroke=\"none\" \/>\n                            <circle cx=\"29.5\" cy=\"29.5\" r=\"28.5\" fill=\"none\" \/>\n                        <\/g>\n                        <path d=\"M0,20.689,11.945,0,23.89,20.689Z\" transform=\"translate(455.075 5999.655) rotate(90)\" fill=\"#fff\" \/>\n                    <\/g>\n                <\/svg>\n            <\/div>\n        <\/div>\n    <\/div>\n<\/div>\n\n\n<figure class=\"wp-block-image size-full\"><img loading=\"lazy\" decoding=\"async\" width=\"1024\" height=\"1024\" src=\"https:\/\/miaft.com\/wp-content\/uploads\/2023\/12\/tavolo-in-inox-con-taglierina-cutting-table-2.jpg\" alt=\"\" class=\"wp-image-27848\" srcset=\"https:\/\/miaft.com\/wp-content\/uploads\/2023\/12\/tavolo-in-inox-con-taglierina-cutting-table-2.jpg 1024w, https:\/\/miaft.com\/wp-content\/uploads\/2023\/12\/tavolo-in-inox-con-taglierina-cutting-table-2-150x150.jpg 150w, https:\/\/miaft.com\/wp-content\/uploads\/2023\/12\/tavolo-in-inox-con-taglierina-cutting-table-2-575x575.jpg 575w, https:\/\/miaft.com\/wp-content\/uploads\/2023\/12\/tavolo-in-inox-con-taglierina-cutting-table-2-767x767.jpg 767w, https:\/\/miaft.com\/wp-content\/uploads\/2023\/12\/tavolo-in-inox-con-taglierina-cutting-table-2-991x991.jpg 991w\" sizes=\"(max-width: 1024px) 100vw, 1024px\" \/><\/figure>\n\n\n\n<figure class=\"wp-block-image size-full\"><img loading=\"lazy\" decoding=\"async\" width=\"1300\" height=\"1292\" src=\"https:\/\/miaft.com\/wp-content\/uploads\/2023\/12\/tavolo-in-inox-con-taglierina-cutting-table-3.jpg\" alt=\"\" class=\"wp-image-27853\" srcset=\"https:\/\/miaft.com\/wp-content\/uploads\/2023\/12\/tavolo-in-inox-con-taglierina-cutting-table-3.jpg 1300w, https:\/\/miaft.com\/wp-content\/uploads\/2023\/12\/tavolo-in-inox-con-taglierina-cutting-table-3-150x149.jpg 150w, https:\/\/miaft.com\/wp-content\/uploads\/2023\/12\/tavolo-in-inox-con-taglierina-cutting-table-3-575x571.jpg 575w, https:\/\/miaft.com\/wp-content\/uploads\/2023\/12\/tavolo-in-inox-con-taglierina-cutting-table-3-767x762.jpg 767w, https:\/\/miaft.com\/wp-content\/uploads\/2023\/12\/tavolo-in-inox-con-taglierina-cutting-table-3-991x985.jpg 991w, https:\/\/miaft.com\/wp-content\/uploads\/2023\/12\/tavolo-in-inox-con-taglierina-cutting-table-3-1199x1192.jpg 1199w\" sizes=\"(max-width: 1300px) 100vw, 1300px\" \/><\/figure>\n\n            <\/ul>\n        <\/div>\n        <div class=\"carousel-progress mt-5\">\n            <div class=\"carousel-progress-bar\"><\/div>\n        <\/div>\n    <\/div>\n<\/div><\/div>\n\n    <div class=\"oi-block oi-block-layout-space\" style=\"--oi-block-space-xs:75px; --oi-block-space-sm:90px; --oi-block-space-md:90px; --oi-block-space-lg:120px; --oi-block-space-xl:120px; --oi-block-space-xxl:120px\"><\/div>\n\n<\/div>","protected":false},"excerpt":{"rendered":"<p>Un plan de travail \u00e9quip\u00e9 de coupeurs pour le laminage et la coupe de p\u00e2tes de nougatine et de barres \u00e9nerg\u00e9tiques. Il peut \u00e9ventuellement \u00eatre \u00e9quip\u00e9 d'un syst\u00e8me de chauffage \/ refroidissement. <\/p>\n","protected":false},"featured_media":27843,"parent":0,"menu_order":50,"template":"","meta":{"_seopress_robots_primary_cat":"none","_seopress_titles_title":"","_seopress_titles_desc":"","_seopress_robots_index":"","is_energy_saving":true,"is_for_sale":false,"show_footer_widget":true,"show_related_products":true,"product_subtitle":"pour la coupe de nougatine et de barres de c\u00e9r\u00e9ales ","product_code":"CUTTING TABLE","related_products_source":"custom","related_products_list":"[950]","product_powered_by_title":"","product_powered_by_image":"{}","product_on_sale_label":"","product_on_sale_label_1":"","product_on_sale_label_2":"","product_on_sale_label_3":"","product_on_sale_label_4":"","product_on_sale_label_5":"","footnotes":""},"finished_product":[109,111],"machine":[118],"processing":[132],"class_list":["post-9764","product","type-product","status-publish","has-post-thumbnail","hentry","finished_product-barres-energetiques","finished_product-nougatine","machine-machines-autonomes","processing-laminage-et-coupe"],"_links":{"self":[{"href":"https:\/\/miaft.com\/fr\/wp-json\/wp\/v2\/product\/9764"}],"collection":[{"href":"https:\/\/miaft.com\/fr\/wp-json\/wp\/v2\/product"}],"about":[{"href":"https:\/\/miaft.com\/fr\/wp-json\/wp\/v2\/types\/product"}],"version-history":[{"count":3,"href":"https:\/\/miaft.com\/fr\/wp-json\/wp\/v2\/product\/9764\/revisions"}],"predecessor-version":[{"id":27858,"href":"https:\/\/miaft.com\/fr\/wp-json\/wp\/v2\/product\/9764\/revisions\/27858"}],"wp:featuredmedia":[{"embeddable":true,"href":"https:\/\/miaft.com\/fr\/wp-json\/wp\/v2\/media\/27843"}],"wp:attachment":[{"href":"https:\/\/miaft.com\/fr\/wp-json\/wp\/v2\/media?parent=9764"}],"wp:term":[{"taxonomy":"finished_product","embeddable":true,"href":"https:\/\/miaft.com\/fr\/wp-json\/wp\/v2\/finished_product?post=9764"},{"taxonomy":"machine","embeddable":true,"href":"https:\/\/miaft.com\/fr\/wp-json\/wp\/v2\/machine?post=9764"},{"taxonomy":"processing","embeddable":true,"href":"https:\/\/miaft.com\/fr\/wp-json\/wp\/v2\/processing?post=9764"}],"curies":[{"name":"wp","href":"https:\/\/api.w.org\/{rel}","templated":true}]}}