{"id":9754,"date":"2024-01-06T17:15:20","date_gmt":"2024-01-06T16:15:20","guid":{"rendered":"https:\/\/miaft.com\/product\/taglierina-automatica-stecche-ac-f-250-50-500\/"},"modified":"2024-04-09T12:45:11","modified_gmt":"2024-04-09T10:45:11","slug":"taglierina-automatica-stecche-ac-f-250-50-500","status":"publish","type":"product","link":"https:\/\/miaft.com\/fr\/product\/taglierina-automatica-stecche-ac-f-250-50-500\/","title":{"rendered":"Coupeur automatique de barres\u00a0"},"content":{"rendered":"\n<div class=\"wp-block-group has-light-background-color has-background is-layout-flow wp-block-group-is-layout-flow\"><div class=\"oi-block oi-block-layout-container container\" style=\"\"  >\n    <div class=\"oi-block oi-block-layout-space\" style=\"--oi-block-space-xs:75px; --oi-block-space-sm:90px; --oi-block-space-md:90px; --oi-block-space-lg:120px; --oi-block-space-xl:120px; --oi-block-space-xxl:120px\"><\/div>\n\n\n\n<h3 class=\"wp-block-heading has-primary-color has-text-color has-link-color wp-elements-803b47f0e8ad11ad42847e6dedc46681\"><strong>Caract\u00e9ristiques techniques<\/strong><\/h3>\n\n\n    <div class=\"oi-block oi-block-layout-space\" style=\"--oi-block-space-xs:30px; --oi-block-space-sm:30px; --oi-block-space-md:30px; --oi-block-space-lg:30px; --oi-block-space-xl:30px; --oi-block-space-xxl:30px\"><\/div>\n\n\n    <div class=\"oi-block oi-block-layout-row row  row-vertical-gap\">\n        \n<div class=\"oi-block oi-block-layout-row-column col-12 col-sm-12 col-md-12 col-lg-4 col-xl-4 col-xxl-4\" style=\"\" >\n\n<h5 class=\"wp-block-heading has-primary-color has-text-color has-link-color wp-elements-8b260deb368b383b559ddfbdee6c6cad\" style=\"text-transform:uppercase\"><strong>CAPACIT\u00c9 DE PRODUCTION<\/strong><\/h5>\n\n\n    <div class=\"oi-block oi-block-layout-space\" style=\"--oi-block-space-xs:20px; --oi-block-space-sm:20px; --oi-block-space-md:20px; --oi-block-space-lg:20px; --oi-block-space-xl:20px; --oi-block-space-xxl:20px\"><\/div>\n\n\n\n<p>18-24 barres \/ minute en fonction du type de produit.<\/p>\n\n<\/div>\n\n<div class=\"oi-block oi-block-layout-row-column col-12 col-sm-12 col-md-12 col-lg-4 col-xl-4 col-xxl-4\" style=\"\" >\n\n<h5 class=\"wp-block-heading has-primary-color has-text-color has-link-color wp-elements-1e630414e0dae561e00ff1d2419a4c80\" style=\"text-transform:uppercase\"><strong>DIMENSIONS<\/strong><\/h5>\n\n\n    <div class=\"oi-block oi-block-layout-space\" style=\"--oi-block-space-xs:20px; --oi-block-space-sm:20px; --oi-block-space-md:20px; --oi-block-space-lg:20px; --oi-block-space-xl:20px; --oi-block-space-xxl:20px\"><\/div>\n\n\n\n<p>Largeur 2000 mm, Longueur 2000 mm, Hauteur 1400 mm, Poids: 400 kg<\/p>\n\n<\/div>\n\n<div class=\"oi-block oi-block-layout-row-column col-12 col-sm-12 col-md-12 col-lg-4 col-xl-4 col-xxl-4\" style=\"\" >\n\n<h5 class=\"wp-block-heading has-primary-color has-text-color has-link-color wp-elements-898391467207740ae522e809cce3d410\" style=\"text-transform:uppercase\"><strong>CONSOMMATION<\/strong><\/h5>\n\n\n    <div class=\"oi-block oi-block-layout-space\" style=\"--oi-block-space-xs:20px; --oi-block-space-sm:20px; --oi-block-space-md:20px; --oi-block-space-lg:20px; --oi-block-space-xl:20px; --oi-block-space-xxl:20px\"><\/div>\n\n\n\n<p>10 kW triphas\u00e9 400 V 50 Hz (possibilit\u00e9 de commander une machine fonctionnant \u00e0 une tension diff\u00e9rente)<\/p>\n\n<\/div>\n    <\/div>\n\n\n    <div class=\"oi-block oi-block-layout-space\" style=\"--oi-block-space-xs:75px; --oi-block-space-sm:90px; --oi-block-space-md:90px; --oi-block-space-lg:120px; --oi-block-space-xl:120px; --oi-block-space-xxl:120px\"><\/div>\n\n<\/div><\/div>\n\n\n<div class=\"oi-block oi-block-layout-container container\" style=\"\"  >\n    <div class=\"oi-block oi-block-layout-space\" style=\"--oi-block-space-xs:75px; --oi-block-space-sm:90px; --oi-block-space-md:90px; --oi-block-space-lg:120px; --oi-block-space-xl:120px; --oi-block-space-xxl:120px\"><\/div>\n\n\n<div class=\"oi-block oi-block-product-content\" >\n<div class=\"row justify-content-between\">\n    <div class=\"col-12 col-md-6 col-lg-5\">\n        \n\n<h3 class=\"wp-block-heading has-primary-color has-text-color has-link-color wp-elements-e822092e3a0d164ff1c9302eb02098ba\"><strong>Coupeur automatique de barres<\/strong><\/h3>\n\n\n    <div class=\"oi-block oi-block-layout-space\" style=\"--oi-block-space-xs:30px; --oi-block-space-sm:30px; --oi-block-space-md:30px; --oi-block-space-lg:30px; --oi-block-space-xl:30px; --oi-block-space-xxl:30px\"><\/div>\n\n\n\n<p>Le coupeur automatique de barres de nougat mou ou dur est\u00a0une solution compl\u00e8te et moderne qui facilite de mani\u00e8re innovante et int\u00e9grale le travail du Ma\u00eetre Nougatier.<\/p>\n\n\n\n<p>Une fois la barre de nougat charg\u00e9e, il suffit de r\u00e9gler tout simplement l'\u00e9paisseur de la barre souhait\u00e9e et le produit est automatiquement coup\u00e9, pr\u00eat \u00e0 emballer.<\/p>\n\n    <\/div>\n    <div class=\"col-5 col-lg-4 d-none d-md-block\">\n        <div class=\"featured-product\">\n                                                                    <div class=\"bg-dark color-white featured-product-inner\">\n                        <div class=\"image-container\">\n                            <img decoding=\"async\" width=\"1024\" height=\"1024\" src=\"https:\/\/miaft.com\/wp-content\/uploads\/2024\/01\/taglierina-automatica-stecche-ac-f-250-50-500.jpg\" class=\"img-fluid\" alt=\"\" loading=\"lazy\" srcset=\"https:\/\/miaft.com\/wp-content\/uploads\/2024\/01\/taglierina-automatica-stecche-ac-f-250-50-500.jpg 1024w, https:\/\/miaft.com\/wp-content\/uploads\/2024\/01\/taglierina-automatica-stecche-ac-f-250-50-500-150x150.jpg 150w, https:\/\/miaft.com\/wp-content\/uploads\/2024\/01\/taglierina-automatica-stecche-ac-f-250-50-500-575x575.jpg 575w, https:\/\/miaft.com\/wp-content\/uploads\/2024\/01\/taglierina-automatica-stecche-ac-f-250-50-500-767x767.jpg 767w, https:\/\/miaft.com\/wp-content\/uploads\/2024\/01\/taglierina-automatica-stecche-ac-f-250-50-500-991x991.jpg 991w\" sizes=\"(max-width: 1024px) 100vw, 1024px\" \/>                        <\/div>\n                                                    <h6 class=\"mb-2 text-uppercase color-secondary\">\n                                Nougat                            <\/h6>\n                                                <h4 class=\"mb-0 color-white product-title\">\n                            Coupeur automatique de barres\u00a0                        <\/h4>\n                                                    <p class=\"mt-3 mb-0\">pour la coupe des barres de nougat <\/p>\n                                                <div class=\"mt-4\">\n                            <div class=\"oi-block oi-block-layout-button\" ><a href=\"#contact-us\" title=\"\" class=\"btn btn-secondary-fill btn-type-default btn-medium\" >\n    Demande d\u2019informations    <\/a><\/div>                        <\/div>\n                    <\/div>\n                                                    <\/div>\n    <\/div>\n<\/div><\/div>\n\n    <div class=\"oi-block oi-block-layout-space\" style=\"--oi-block-space-xs:75px; --oi-block-space-sm:90px; --oi-block-space-md:90px; --oi-block-space-lg:120px; --oi-block-space-xl:120px; --oi-block-space-xxl:120px\"><\/div>\n\n<\/div>","protected":false},"excerpt":{"rendered":"<p>Le coupeur automatique de barres de nougat mou ou dur est  une solution compl\u00e8te et moderne qui facilite de mani\u00e8re innovante et int\u00e9grale le travail du Ma\u00eetre Nougatier. <\/p>\n","protected":false},"featured_media":27876,"parent":0,"menu_order":110,"template":"","meta":{"_seopress_robots_primary_cat":"","_seopress_titles_title":"","_seopress_titles_desc":"","_seopress_robots_index":"","is_energy_saving":true,"is_for_sale":false,"show_footer_widget":true,"show_related_products":true,"product_subtitle":"pour la coupe des barres de nougat ","product_code":"AC-F 250-50-500","related_products_source":"custom","related_products_list":"[983,973]","product_powered_by_title":"","product_powered_by_image":"{}","product_on_sale_label":"","product_on_sale_label_1":"","product_on_sale_label_2":"","product_on_sale_label_3":"","product_on_sale_label_4":"","product_on_sale_label_5":"","footnotes":""},"finished_product":[115],"machine":[118],"processing":[132],"class_list":["post-9754","product","type-product","status-publish","has-post-thumbnail","hentry","finished_product-nougat-fr","machine-machines-autonomes","processing-laminage-et-coupe"],"_links":{"self":[{"href":"https:\/\/miaft.com\/fr\/wp-json\/wp\/v2\/product\/9754"}],"collection":[{"href":"https:\/\/miaft.com\/fr\/wp-json\/wp\/v2\/product"}],"about":[{"href":"https:\/\/miaft.com\/fr\/wp-json\/wp\/v2\/types\/product"}],"version-history":[{"count":2,"href":"https:\/\/miaft.com\/fr\/wp-json\/wp\/v2\/product\/9754\/revisions"}],"predecessor-version":[{"id":9811,"href":"https:\/\/miaft.com\/fr\/wp-json\/wp\/v2\/product\/9754\/revisions\/9811"}],"wp:featuredmedia":[{"embeddable":true,"href":"https:\/\/miaft.com\/fr\/wp-json\/wp\/v2\/media\/27876"}],"wp:attachment":[{"href":"https:\/\/miaft.com\/fr\/wp-json\/wp\/v2\/media?parent=9754"}],"wp:term":[{"taxonomy":"finished_product","embeddable":true,"href":"https:\/\/miaft.com\/fr\/wp-json\/wp\/v2\/finished_product?post=9754"},{"taxonomy":"machine","embeddable":true,"href":"https:\/\/miaft.com\/fr\/wp-json\/wp\/v2\/machine?post=9754"},{"taxonomy":"processing","embeddable":true,"href":"https:\/\/miaft.com\/fr\/wp-json\/wp\/v2\/processing?post=9754"}],"curies":[{"name":"wp","href":"https:\/\/api.w.org\/{rel}","templated":true}]}}