{"id":9749,"date":"2024-01-06T17:02:53","date_gmt":"2024-01-06T16:02:53","guid":{"rendered":"https:\/\/miaft.com\/product\/spruzzo-cioccolato-spray-system\/"},"modified":"2024-04-09T12:57:27","modified_gmt":"2024-04-09T10:57:27","slug":"spruzzo-cioccolato-spray-system","status":"publish","type":"product","link":"https:\/\/miaft.com\/fr\/product\/spruzzo-cioccolato-spray-system\/","title":{"rendered":"Pulv\u00e9risation du chocolat\u00a0"},"content":{"rendered":"\n<div class=\"wp-block-group has-light-background-color has-background is-layout-flow wp-block-group-is-layout-flow\"><div class=\"oi-block oi-block-layout-container container\" style=\"\"  >\n    <div class=\"oi-block oi-block-layout-space\" style=\"--oi-block-space-xs:75px; --oi-block-space-sm:90px; --oi-block-space-md:90px; --oi-block-space-lg:120px; --oi-block-space-xl:120px; --oi-block-space-xxl:120px\"><\/div>\n\n\n\n<h3 class=\"wp-block-heading has-primary-color has-text-color has-link-color wp-elements-803b47f0e8ad11ad42847e6dedc46681\"><strong>Caract\u00e9ristiques techniques<\/strong><\/h3>\n\n\n    <div class=\"oi-block oi-block-layout-space\" style=\"--oi-block-space-xs:30px; --oi-block-space-sm:30px; --oi-block-space-md:30px; --oi-block-space-lg:30px; --oi-block-space-xl:30px; --oi-block-space-xxl:30px\"><\/div>\n\n\n    <div class=\"oi-block oi-block-layout-row row  row-vertical-gap\">\n        \n<div class=\"oi-block oi-block-layout-row-column col-12 col-sm-12 col-md-12 col-lg-6 col-xl-4 col-xxl-4\" style=\"\" >\n\n<h5 class=\"wp-block-heading has-primary-color has-text-color has-link-color wp-elements-4281ebfbc1d0899e51d01805ac43ea74\" style=\"text-transform:uppercase\"><strong>CAPACIT\u00c9 DE LA CUVE<\/strong><\/h5>\n\n\n    <div class=\"oi-block oi-block-layout-space\" style=\"--oi-block-space-xs:20px; --oi-block-space-sm:20px; --oi-block-space-md:20px; --oi-block-space-lg:20px; --oi-block-space-xl:20px; --oi-block-space-xxl:20px\"><\/div>\n\n\n\n<p>8 kg de chocolat<\/p>\n\n<\/div>\n\n<div class=\"oi-block oi-block-layout-row-column col-12 col-sm-12 col-md-12 col-lg-6 col-xl-4 col-xxl-4\" style=\"\" >\n\n<h5 class=\"wp-block-heading has-primary-color has-text-color has-link-color wp-elements-a26595df2891d80d567cbf2989374f8c\" style=\"text-transform:uppercase\"><strong>ENCOMBREMENT<\/strong><\/h5>\n\n\n    <div class=\"oi-block oi-block-layout-space\" style=\"--oi-block-space-xs:20px; --oi-block-space-sm:20px; --oi-block-space-md:20px; --oi-block-space-lg:20px; --oi-block-space-xl:20px; --oi-block-space-xxl:20px\"><\/div>\n\n\n\n<p>600 x 400 x 1150 mm. Poids: 80 kg<\/p>\n\n<\/div>\n    <\/div>\n\n\n    <div class=\"oi-block oi-block-layout-space\" style=\"--oi-block-space-xs:75px; --oi-block-space-sm:90px; --oi-block-space-md:90px; --oi-block-space-lg:120px; --oi-block-space-xl:120px; --oi-block-space-xxl:120px\"><\/div>\n\n<\/div><\/div>\n\n\n<div class=\"oi-block oi-block-layout-container container\" style=\"\"  >\n    <div class=\"oi-block oi-block-layout-space\" style=\"--oi-block-space-xs:75px; --oi-block-space-sm:90px; --oi-block-space-md:90px; --oi-block-space-lg:120px; --oi-block-space-xl:120px; --oi-block-space-xxl:120px\"><\/div>\n\n\n<div class=\"oi-block oi-block-product-content\" >\n<div class=\"row justify-content-between\">\n    <div class=\"col-12 col-md-6 col-lg-5\">\n        \n\n<h3 class=\"wp-block-heading has-primary-color has-text-color has-link-color wp-elements-010523a621d5b03141a8e4aad42b2f3e\"><strong>Pulv\u00e9risation du chocolat SPRAY SYSTEM<\/strong><\/h3>\n\n\n    <div class=\"oi-block oi-block-layout-space\" style=\"--oi-block-space-xs:30px; --oi-block-space-sm:30px; --oi-block-space-md:30px; --oi-block-space-lg:30px; --oi-block-space-xl:30px; --oi-block-space-xxl:30px\"><\/div>\n\n\n\n<p>Syst\u00e8me de pulv\u00e9risation de chocolat ou d'autres produits alimentaires, \u00e0 associer \u00e0 des cuves existantes pour automatiser le processus d\u2019enrobage et de production de drag\u00e9es ou de produits enrob\u00e9s.<\/p>\n\n\n\n<p>Le syst\u00e8me dispose d\u00e9j\u00e0 de son propre tableau \u00e9lectrique regroupant les commandes de d\u00e9marrage\/arr\u00eat du cycle.<\/p>\n\n\n\n<p>Possibilit\u00e9 de g\u00e9rer les temps de pulv\u00e9risation et les temps de pause.<\/p>\n\n\n\n<p>R\u00e9sistances connect\u00e9es \u00e0 un r\u00e9gulateur de temp\u00e9rature num\u00e9rique utilis\u00e9 pour r\u00e9guler correctement la temp\u00e9rature du r\u00e9servoir.<\/p>\n\n\n\n<p>Le syst\u00e8me de pulv\u00e9risation est compl\u00e9t\u00e9 par un ch\u00e2ssis t\u00e9lescopique permettant un positionnement en hauteur correct et par des roues pour un d\u00e9placement rapide.<\/p>\n\n    <\/div>\n    <div class=\"col-5 col-lg-4 d-none d-md-block\">\n        <div class=\"featured-product\">\n                                                                    <div class=\"bg-dark color-white featured-product-inner\">\n                        <div class=\"image-container\">\n                            <img decoding=\"async\" width=\"1013\" height=\"1004\" src=\"https:\/\/miaft.com\/wp-content\/uploads\/2024\/01\/spruzzo-cioccolato-spray-system.jpg\" class=\"img-fluid\" alt=\"\" loading=\"lazy\" srcset=\"https:\/\/miaft.com\/wp-content\/uploads\/2024\/01\/spruzzo-cioccolato-spray-system.jpg 1013w, https:\/\/miaft.com\/wp-content\/uploads\/2024\/01\/spruzzo-cioccolato-spray-system-150x149.jpg 150w, https:\/\/miaft.com\/wp-content\/uploads\/2024\/01\/spruzzo-cioccolato-spray-system-575x570.jpg 575w, https:\/\/miaft.com\/wp-content\/uploads\/2024\/01\/spruzzo-cioccolato-spray-system-767x760.jpg 767w, https:\/\/miaft.com\/wp-content\/uploads\/2024\/01\/spruzzo-cioccolato-spray-system-991x982.jpg 991w\" sizes=\"(max-width: 1013px) 100vw, 1013px\" \/>                        <\/div>\n                                                    <h6 class=\"mb-2 text-uppercase color-secondary\">\n                                Pralin\u00e9s et drag\u00e9es                            <\/h6>\n                                                <h4 class=\"mb-0 color-white product-title\">\n                            Pulv\u00e9risation du chocolat\u00a0                        <\/h4>\n                                                    <p class=\"mt-3 mb-0\">ou d\u2019autres aliments pour la production de drag\u00e9es ou de produits enrob\u00e9s <\/p>\n                                                <div class=\"mt-4\">\n                            <div class=\"oi-block oi-block-layout-button\" ><a href=\"#contact-us\" title=\"\" class=\"btn btn-secondary-fill btn-type-default btn-medium\" >\n    Demande d\u2019informations    <\/a><\/div>                        <\/div>\n                    <\/div>\n                                                    <\/div>\n    <\/div>\n<\/div><\/div>\n\n    <div class=\"oi-block oi-block-layout-space\" style=\"--oi-block-space-xs:75px; --oi-block-space-sm:90px; --oi-block-space-md:90px; --oi-block-space-lg:120px; --oi-block-space-xl:120px; --oi-block-space-xxl:120px\"><\/div>\n\n<\/div>","protected":false},"excerpt":{"rendered":"<p>Syst\u00e8me de pulv\u00e9risation de chocolat ou d'autres produits alimentaires, \u00e0 associer \u00e0 des cuves existantes pour automatiser le processus d\u2019enrobage et de production de drag\u00e9es ou de produits enrob\u00e9s. <\/p>\n","protected":false},"featured_media":27944,"parent":0,"menu_order":151,"template":"","meta":{"_seopress_robots_primary_cat":"","_seopress_titles_title":"","_seopress_titles_desc":"","_seopress_robots_index":"","is_energy_saving":false,"is_for_sale":false,"show_footer_widget":true,"show_related_products":true,"product_subtitle":"ou d\u2019autres aliments pour la production de drag\u00e9es ou de produits enrob\u00e9s ","product_code":"SPRAY SYSTEM","related_products_source":"custom","related_products_list":"[892,918,924,945]","product_powered_by_title":"","product_powered_by_image":"{}","product_on_sale_label":"","product_on_sale_label_1":"","product_on_sale_label_2":"","product_on_sale_label_3":"","product_on_sale_label_4":"","product_on_sale_label_5":"","footnotes":""},"finished_product":[114],"machine":[118],"processing":[120],"class_list":["post-9749","product","type-product","status-publish","has-post-thumbnail","hentry","finished_product-pralines-et-dragees","machine-machines-autonomes","processing-drageification"],"_links":{"self":[{"href":"https:\/\/miaft.com\/fr\/wp-json\/wp\/v2\/product\/9749"}],"collection":[{"href":"https:\/\/miaft.com\/fr\/wp-json\/wp\/v2\/product"}],"about":[{"href":"https:\/\/miaft.com\/fr\/wp-json\/wp\/v2\/types\/product"}],"version-history":[{"count":1,"href":"https:\/\/miaft.com\/fr\/wp-json\/wp\/v2\/product\/9749\/revisions"}],"predecessor-version":[{"id":9751,"href":"https:\/\/miaft.com\/fr\/wp-json\/wp\/v2\/product\/9749\/revisions\/9751"}],"wp:featuredmedia":[{"embeddable":true,"href":"https:\/\/miaft.com\/fr\/wp-json\/wp\/v2\/media\/27944"}],"wp:attachment":[{"href":"https:\/\/miaft.com\/fr\/wp-json\/wp\/v2\/media?parent=9749"}],"wp:term":[{"taxonomy":"finished_product","embeddable":true,"href":"https:\/\/miaft.com\/fr\/wp-json\/wp\/v2\/finished_product?post=9749"},{"taxonomy":"machine","embeddable":true,"href":"https:\/\/miaft.com\/fr\/wp-json\/wp\/v2\/machine?post=9749"},{"taxonomy":"processing","embeddable":true,"href":"https:\/\/miaft.com\/fr\/wp-json\/wp\/v2\/processing?post=9749"}],"curies":[{"name":"wp","href":"https:\/\/api.w.org\/{rel}","templated":true}]}}