{"id":9746,"date":"2024-01-06T16:54:22","date_gmt":"2024-01-06T15:54:22","guid":{"rendered":"https:\/\/miaft.com\/product\/separatore-pellicolato-winny\/"},"modified":"2024-04-09T14:12:52","modified_gmt":"2024-04-09T12:12:52","slug":"separatore-pellicolato-winny","status":"publish","type":"product","link":"https:\/\/miaft.com\/fr\/product\/separatore-pellicolato-winny\/","title":{"rendered":"S\u00e9parateur de pelures\u00a0"},"content":{"rendered":"\n<div class=\"wp-block-group has-light-background-color has-background is-layout-flow wp-block-group-is-layout-flow\"><div class=\"oi-block oi-block-layout-container container\" style=\"\"  >\n    <div class=\"oi-block oi-block-layout-space\" style=\"--oi-block-space-xs:75px; --oi-block-space-sm:90px; --oi-block-space-md:90px; --oi-block-space-lg:120px; --oi-block-space-xl:120px; --oi-block-space-xxl:120px\"><\/div>\n\n\n\n<h3 class=\"wp-block-heading has-primary-color has-text-color has-link-color wp-elements-803b47f0e8ad11ad42847e6dedc46681\"><strong>Caract\u00e9ristiques techniques<\/strong><\/h3>\n\n\n    <div class=\"oi-block oi-block-layout-space\" style=\"--oi-block-space-xs:30px; --oi-block-space-sm:30px; --oi-block-space-md:30px; --oi-block-space-lg:30px; --oi-block-space-xl:30px; --oi-block-space-xxl:30px\"><\/div>\n\n\n    <div class=\"oi-block oi-block-layout-row row  row-vertical-gap\">\n        \n<div class=\"oi-block oi-block-layout-row-column col-12 col-sm-12 col-md-12 col-lg-6 col-xl-4 col-xxl-4\" style=\"\" >\n\n<h5 class=\"wp-block-heading has-primary-color has-text-color has-link-color wp-elements-898391467207740ae522e809cce3d410\" style=\"text-transform:uppercase\"><strong>CONSOMMATION<\/strong><\/h5>\n\n\n    <div class=\"oi-block oi-block-layout-space\" style=\"--oi-block-space-xs:20px; --oi-block-space-sm:20px; --oi-block-space-md:20px; --oi-block-space-lg:20px; --oi-block-space-xl:20px; --oi-block-space-xxl:20px\"><\/div>\n\n\n\n<p>1 kW triphas\u00e9 400 V 50 Hz (possibilit\u00e9 de commander une machine fonctionnant \u00e0 une tension diff\u00e9rente)<\/p>\n\n<\/div>\n\n<div class=\"oi-block oi-block-layout-row-column col-12 col-sm-12 col-md-12 col-lg-6 col-xl-4 col-xxl-4\" style=\"\" >\n\n<h5 class=\"wp-block-heading has-primary-color has-text-color has-link-color wp-elements-a26595df2891d80d567cbf2989374f8c\" style=\"text-transform:uppercase\"><strong>ENCOMBREMENT<\/strong><\/h5>\n\n\n    <div class=\"oi-block oi-block-layout-space\" style=\"--oi-block-space-xs:20px; --oi-block-space-sm:20px; --oi-block-space-md:20px; --oi-block-space-lg:20px; --oi-block-space-xl:20px; --oi-block-space-xxl:20px\"><\/div>\n\n\n\n<p>Largeur 600 mm, Longueur 700 mm, Hauteur 1000 mm. Poids: 100 kg<\/p>\n\n<\/div>\n    <\/div>\n\n\n    <div class=\"oi-block oi-block-layout-space\" style=\"--oi-block-space-xs:75px; --oi-block-space-sm:90px; --oi-block-space-md:90px; --oi-block-space-lg:120px; --oi-block-space-xl:120px; --oi-block-space-xxl:120px\"><\/div>\n\n<\/div><\/div>\n\n\n<div class=\"oi-block oi-block-layout-container container\" style=\"\"  >\n    <div class=\"oi-block oi-block-layout-space\" style=\"--oi-block-space-xs:75px; --oi-block-space-sm:90px; --oi-block-space-md:90px; --oi-block-space-lg:120px; --oi-block-space-xl:120px; --oi-block-space-xxl:120px\"><\/div>\n\n\n<div class=\"oi-block oi-block-product-content\" >\n<div class=\"row justify-content-between\">\n    <div class=\"col-12 col-md-6 col-lg-5\">\n        \n\n<h3 class=\"wp-block-heading has-primary-color has-text-color has-link-color wp-elements-7791820b490de6d25242c177b736772e\">S\u00e9parateur de pelures\u00a0<\/h3>\n\n\n    <div class=\"oi-block oi-block-layout-space\" style=\"--oi-block-space-xs:30px; --oi-block-space-sm:30px; --oi-block-space-md:30px; --oi-block-space-lg:30px; --oi-block-space-xl:30px; --oi-block-space-xxl:30px\"><\/div>\n\n\n\n<p><strong>Le vibro-s\u00e9parateur Winny<\/strong> est un \u00e9l\u00e9ment indispensable pour la production de fruits secs concass\u00e9s, de gru\u00e9 de cacao et pour tous les proc\u00e9d\u00e9s de fabrication haut de gamme et de tr\u00e8s haute qualit\u00e9 o\u00f9 il est essentiel d'\u00e9liminer les impuret\u00e9s du produit final.<\/p>\n\n\n\n<p>L'action combin\u00e9e d'un canal vibrant associ\u00e9 \u00e0 un flux d'air permet une s\u00e9paration rapide et efficace du produit de ses micro-impuret\u00e9s.<\/p>\n\n\n\n<p>La machine est enti\u00e8rement fabriqu\u00e9e en acier inoxydable AISI 304 et \u00e9quip\u00e9e de nombreux r\u00e9glages \u00e9lectroniques qui la rendent polyvalente et intuitive \u00e0 utiliser.<\/p>\n\n    <\/div>\n    <div class=\"col-5 col-lg-4 d-none d-md-block\">\n        <div class=\"featured-product\">\n                                                                    <div class=\"bg-dark color-white featured-product-inner\">\n                        <div class=\"image-container\">\n                            <img decoding=\"async\" width=\"2245\" height=\"2560\" src=\"https:\/\/miaft.com\/wp-content\/uploads\/2024\/01\/separatore-pellicolato-winny.jpg\" class=\"img-fluid\" alt=\"\" loading=\"lazy\" srcset=\"https:\/\/miaft.com\/wp-content\/uploads\/2024\/01\/separatore-pellicolato-winny.jpg 2245w, https:\/\/miaft.com\/wp-content\/uploads\/2024\/01\/separatore-pellicolato-winny-1347x1536.jpg 1347w, https:\/\/miaft.com\/wp-content\/uploads\/2024\/01\/separatore-pellicolato-winny-1796x2048.jpg 1796w, https:\/\/miaft.com\/wp-content\/uploads\/2024\/01\/separatore-pellicolato-winny-150x171.jpg 150w, https:\/\/miaft.com\/wp-content\/uploads\/2024\/01\/separatore-pellicolato-winny-575x656.jpg 575w, https:\/\/miaft.com\/wp-content\/uploads\/2024\/01\/separatore-pellicolato-winny-767x875.jpg 767w, https:\/\/miaft.com\/wp-content\/uploads\/2024\/01\/separatore-pellicolato-winny-991x1130.jpg 991w, https:\/\/miaft.com\/wp-content\/uploads\/2024\/01\/separatore-pellicolato-winny-1199x1367.jpg 1199w\" sizes=\"(max-width: 2245px) 100vw, 2245px\" \/>                        <\/div>\n                                                    <h6 class=\"mb-2 text-uppercase color-secondary\">\n                                Chocolat, Fruits secs, P\u00e2tes et cr\u00e8mes \u00e0 tartiner                            <\/h6>\n                                                <h4 class=\"mb-0 color-white product-title\">\n                            S\u00e9parateur de pelures\u00a0                        <\/h4>\n                                                    <p class=\"mt-3 mb-0\">\u00e9limination des pelures de f\u00e8ves de cacao <\/p>\n                                                <div class=\"mt-4\">\n                            <div class=\"oi-block oi-block-layout-button\" ><a href=\"#contact-us\" title=\"\" class=\"btn btn-secondary-fill btn-type-default btn-medium\" >\n    Demande d\u2019informations    <\/a><\/div>                        <\/div>\n                    <\/div>\n                                                    <\/div>\n    <\/div>\n<\/div><\/div>\n\n    <div class=\"oi-block oi-block-layout-space\" style=\"--oi-block-space-xs:75px; --oi-block-space-sm:90px; --oi-block-space-md:90px; --oi-block-space-lg:120px; --oi-block-space-xl:120px; --oi-block-space-xxl:120px\"><\/div>\n\n<\/div>","protected":false},"excerpt":{"rendered":"<p>Le vibro-s\u00e9parateur Winny est un \u00e9l\u00e9ment indispensable pour la production de fruits secs concass\u00e9s, de gru\u00e9 de cacao et pour tous les proc\u00e9d\u00e9s de fabrication haut de gamme et de tr\u00e8s haute qualit\u00e9 o\u00f9 il est essentiel d'\u00e9liminer les impuret\u00e9s du produit final. <\/p>\n","protected":false},"featured_media":28011,"parent":0,"menu_order":190,"template":"","meta":{"_seopress_robots_primary_cat":"","_seopress_titles_title":"","_seopress_titles_desc":"","_seopress_robots_index":"","is_energy_saving":true,"is_for_sale":false,"show_footer_widget":true,"show_related_products":false,"product_subtitle":"\u00e9limination des pelures de f\u00e8ves de cacao ","product_code":"WINNY","related_products_source":"related","related_products_list":"[]","product_powered_by_title":"","product_powered_by_image":"{}","product_on_sale_label":"","product_on_sale_label_1":"","product_on_sale_label_2":"","product_on_sale_label_3":"","product_on_sale_label_4":"","product_on_sale_label_5":"","footnotes":""},"finished_product":[110,112,113],"machine":[118],"processing":[135],"class_list":["post-9746","product","type-product","status-publish","has-post-thumbnail","hentry","finished_product-chocolat","finished_product-fruits-secs","finished_product-pates-et-cremes-a-tartiner","machine-machines-autonomes","processing-criblage"],"_links":{"self":[{"href":"https:\/\/miaft.com\/fr\/wp-json\/wp\/v2\/product\/9746"}],"collection":[{"href":"https:\/\/miaft.com\/fr\/wp-json\/wp\/v2\/product"}],"about":[{"href":"https:\/\/miaft.com\/fr\/wp-json\/wp\/v2\/types\/product"}],"version-history":[{"count":1,"href":"https:\/\/miaft.com\/fr\/wp-json\/wp\/v2\/product\/9746\/revisions"}],"predecessor-version":[{"id":9748,"href":"https:\/\/miaft.com\/fr\/wp-json\/wp\/v2\/product\/9746\/revisions\/9748"}],"wp:featuredmedia":[{"embeddable":true,"href":"https:\/\/miaft.com\/fr\/wp-json\/wp\/v2\/media\/28011"}],"wp:attachment":[{"href":"https:\/\/miaft.com\/fr\/wp-json\/wp\/v2\/media?parent=9746"}],"wp:term":[{"taxonomy":"finished_product","embeddable":true,"href":"https:\/\/miaft.com\/fr\/wp-json\/wp\/v2\/finished_product?post=9746"},{"taxonomy":"machine","embeddable":true,"href":"https:\/\/miaft.com\/fr\/wp-json\/wp\/v2\/machine?post=9746"},{"taxonomy":"processing","embeddable":true,"href":"https:\/\/miaft.com\/fr\/wp-json\/wp\/v2\/processing?post=9746"}],"curies":[{"name":"wp","href":"https:\/\/api.w.org\/{rel}","templated":true}]}}