{"id":9743,"date":"2024-09-11T17:06:24","date_gmt":"2024-09-11T15:06:24","guid":{"rendered":"https:\/\/miaft.com\/product\/scioglitore-tank-per-cioccolato-ml80-ml150-ml250\/"},"modified":"2024-05-17T17:36:58","modified_gmt":"2024-05-17T15:36:58","slug":"scioglitore-tank-per-cioccolato-ml80-ml150-ml250","status":"publish","type":"product","link":"https:\/\/miaft.com\/fr\/product\/scioglitore-tank-per-cioccolato-ml80-ml150-ml250\/","title":{"rendered":"Fondeur \/ r\u00e9servoir pour chocolat, p\u00e2tes et cr\u00e8mes\u00a0"},"content":{"rendered":"\n<div class=\"wp-block-group has-light-background-color has-background is-layout-flow wp-block-group-is-layout-flow\"><div class=\"oi-block oi-block-layout-container container\" style=\"\"  >\n    <div class=\"oi-block oi-block-layout-space\" style=\"--oi-block-space-xs:75px; --oi-block-space-sm:90px; --oi-block-space-md:90px; --oi-block-space-lg:120px; --oi-block-space-xl:120px; --oi-block-space-xxl:120px\"><\/div>\n\n\n\n<h3 class=\"wp-block-heading has-primary-color has-text-color has-link-color wp-elements-803b47f0e8ad11ad42847e6dedc46681\"><strong>Caract\u00e9ristiques techniques<\/strong><\/h3>\n\n\n    <div class=\"oi-block oi-block-layout-space\" style=\"--oi-block-space-xs:30px; --oi-block-space-sm:30px; --oi-block-space-md:30px; --oi-block-space-lg:30px; --oi-block-space-xl:30px; --oi-block-space-xxl:30px\"><\/div>\n\n\n    <div class=\"oi-block oi-block-layout-row row  row-vertical-gap\">\n        \n<div class=\"oi-block oi-block-layout-row-column col-12 col-sm-12 col-md-12 col-lg-6 col-xl-4 col-xxl-4\" style=\"\" >\n\n<h5 class=\"wp-block-heading has-primary-color has-text-color has-link-color wp-elements-6b5d481e8738b45a2e240d279aeb2318\" style=\"text-transform:uppercase\">ML 80<\/h5>\n\n\n    <div class=\"oi-block oi-block-layout-space\" style=\"--oi-block-space-xs:20px; --oi-block-space-sm:20px; --oi-block-space-md:20px; --oi-block-space-lg:20px; --oi-block-space-xl:20px; --oi-block-space-xxl:20px\"><\/div>\n\n\n\n<ul class=\"wp-block-list\">\n<li>Capacit\u00e9 du r\u00e9servoir:\u00a080 kg<\/li>\n\n\n\n<li>Alimentation \u00e9lectrique:\u00a01,5 kW triphas\u00e9 400 V 50 Hz (possibilit\u00e9 de commander une machine fonctionnant \u00e0 une tension diff\u00e9rente)<\/li>\n\n\n\n<li>Encombrement: Largeur 600 mm, Longueur 650 mm, Hauteur 1000 mm&nbsp;<\/li>\n\n\n\n<li>Poids: 100 kg<\/li>\n<\/ul>\n\n<\/div>\n\n<div class=\"oi-block oi-block-layout-row-column col-12 col-sm-12 col-md-12 col-lg-6 col-xl-4 col-xxl-4\" style=\"\" >\n\n<h5 class=\"wp-block-heading has-primary-color has-text-color has-link-color wp-elements-f35c0af3221628a8eda6b5e70376b860\" style=\"text-transform:uppercase\">ML 150<\/h5>\n\n\n    <div class=\"oi-block oi-block-layout-space\" style=\"--oi-block-space-xs:20px; --oi-block-space-sm:20px; --oi-block-space-md:20px; --oi-block-space-lg:20px; --oi-block-space-xl:20px; --oi-block-space-xxl:20px\"><\/div>\n\n\n\n<ul class=\"wp-block-list\">\n<li>Capacit\u00e9 du r\u00e9servoir:\u00a0150 kg<\/li>\n\n\n\n<li>Alimentation \u00e9lectrique:\u00a03 kW triphas\u00e9 400V 50 Hz (possibilit\u00e9 de commander une machine fonctionnant \u00e0 une tension diff\u00e9rente)<\/li>\n\n\n\n<li>Encombrement: Largeur 750 mm, Longueur 850 mm, Hauteur 1200 mm&nbsp;<\/li>\n\n\n\n<li>Poids: 130 kg<\/li>\n<\/ul>\n\n<\/div>\n\n<div class=\"oi-block oi-block-layout-row-column col-12 col-sm-12 col-md-12 col-lg-6 col-xl-4 col-xxl-4\" style=\"\" >\n\n<h5 class=\"wp-block-heading has-primary-color has-text-color has-link-color wp-elements-567d8724e2240244a2299dac1991a6f3\" style=\"text-transform:uppercase\">ML 250<\/h5>\n\n\n    <div class=\"oi-block oi-block-layout-space\" style=\"--oi-block-space-xs:20px; --oi-block-space-sm:20px; --oi-block-space-md:20px; --oi-block-space-lg:20px; --oi-block-space-xl:20px; --oi-block-space-xxl:20px\"><\/div>\n\n\n\n<ul class=\"wp-block-list\">\n<li>Capacit\u00e9 du r\u00e9servoir:\u00a0250 kg<\/li>\n\n\n\n<li>Alimentation \u00e9lectrique:\u00a05 kW triphas\u00e9 400V 50 Hz (possibilit\u00e9 de commander une machine fonctionnant \u00e0 une tension diff\u00e9rente)<\/li>\n\n\n\n<li>Encombrement: Largeur 800 mm, Longueur 850 mm, Hauteur 1400 mm&nbsp;<\/li>\n\n\n\n<li>Poids: 160 kg<\/li>\n<\/ul>\n\n<\/div>\n    <\/div>\n\n\n    <div class=\"oi-block oi-block-layout-space\" style=\"--oi-block-space-xs:75px; --oi-block-space-sm:90px; --oi-block-space-md:90px; --oi-block-space-lg:120px; --oi-block-space-xl:120px; --oi-block-space-xxl:120px\"><\/div>\n\n<\/div><\/div>\n\n\n<div class=\"oi-block oi-block-layout-container container\" style=\"\"  >\n    <div class=\"oi-block oi-block-layout-space\" style=\"--oi-block-space-xs:75px; --oi-block-space-sm:90px; --oi-block-space-md:90px; --oi-block-space-lg:120px; --oi-block-space-xl:120px; --oi-block-space-xxl:120px\"><\/div>\n\n\n<div class=\"oi-block oi-block-product-content\" >\n<div class=\"row justify-content-between\">\n    <div class=\"col-12 col-md-6 col-lg-5\">\n        \n\n<h3 class=\"wp-block-heading has-primary-color has-text-color has-link-color wp-elements-826527983ae440a78758e31a195f1752\"><strong>Fondeur \/ r\u00e9servoir pour chocolat, p\u00e2tes et cr\u00e8mes<\/strong><\/h3>\n\n\n    <div class=\"oi-block oi-block-layout-space\" style=\"--oi-block-space-xs:30px; --oi-block-space-sm:30px; --oi-block-space-md:30px; --oi-block-space-lg:30px; --oi-block-space-xl:30px; --oi-block-space-xxl:30px\"><\/div>\n\n\n\n<p>Les <strong>fondeurs \/ r\u00e9servoirs de la s\u00e9rie ML 80 \/ 150 \/ 250<\/strong> sont con\u00e7us pour fondre, stocker et maintenir le chocolat, les p\u00e2tes et les cr\u00e8mes \u00e0 base de fruits secs \u00e0 la bonne temp\u00e9rature.\u00a0<\/p>\n\n\n\n<p>Disponible en trois capacit\u00e9s de r\u00e9servoir diff\u00e9rentes:\u00a080, 150, 250 kg<\/p>\n\n\n\n<p>Le fondoir dispose d'une trappe de chargement et d'inspection du produit situ\u00e9e sur le dessus et d\u2019un groupe de r\u00e9duction plac\u00e9 sous la machine pour permettre l'extraction de l'agitateur et le nettoyage de l\u2019int\u00e9rieur de la cuve.<\/p>\n\n\n\n<p>D\u00e9chargement manuel avec vanne \u00e0 sph\u00e8re (version standard), avec possibilit\u00e9 d'installer une pompe et des tuyaux pour le convoyage ou le d\u00e9chargement automatique (en option).<\/p>\n\n\n\n<p>Chauffage direct avec r\u00e9sistances \u00e9lectriques contr\u00f4l\u00e9es via thermor\u00e9gulateur num\u00e9rique.<\/p>\n\n    <\/div>\n    <div class=\"col-5 col-lg-4 d-none d-md-block\">\n        <div class=\"featured-product\">\n                                                                    <div class=\"bg-dark color-white featured-product-inner\">\n                        <div class=\"image-container\">\n                            <img decoding=\"async\" width=\"2171\" height=\"2224\" src=\"https:\/\/miaft.com\/wp-content\/uploads\/2024\/09\/mia-scioglitore-tank-per-ciccolato-paste-e-creme-ml80-ml150-ml250.jpg\" class=\"img-fluid\" alt=\"\" loading=\"lazy\" srcset=\"https:\/\/miaft.com\/wp-content\/uploads\/2024\/09\/mia-scioglitore-tank-per-ciccolato-paste-e-creme-ml80-ml150-ml250.jpg 2171w, https:\/\/miaft.com\/wp-content\/uploads\/2024\/09\/mia-scioglitore-tank-per-ciccolato-paste-e-creme-ml80-ml150-ml250-1499x1536.jpg 1499w, https:\/\/miaft.com\/wp-content\/uploads\/2024\/09\/mia-scioglitore-tank-per-ciccolato-paste-e-creme-ml80-ml150-ml250-1999x2048.jpg 1999w, https:\/\/miaft.com\/wp-content\/uploads\/2024\/09\/mia-scioglitore-tank-per-ciccolato-paste-e-creme-ml80-ml150-ml250-150x154.jpg 150w, https:\/\/miaft.com\/wp-content\/uploads\/2024\/09\/mia-scioglitore-tank-per-ciccolato-paste-e-creme-ml80-ml150-ml250-575x589.jpg 575w, https:\/\/miaft.com\/wp-content\/uploads\/2024\/09\/mia-scioglitore-tank-per-ciccolato-paste-e-creme-ml80-ml150-ml250-767x786.jpg 767w, https:\/\/miaft.com\/wp-content\/uploads\/2024\/09\/mia-scioglitore-tank-per-ciccolato-paste-e-creme-ml80-ml150-ml250-991x1015.jpg 991w, https:\/\/miaft.com\/wp-content\/uploads\/2024\/09\/mia-scioglitore-tank-per-ciccolato-paste-e-creme-ml80-ml150-ml250-1199x1228.jpg 1199w\" sizes=\"(max-width: 2171px) 100vw, 2171px\" \/>                        <\/div>\n                                                    <h6 class=\"mb-2 text-uppercase color-secondary\">\n                                Chocolat, P\u00e2tes et cr\u00e8mes \u00e0 tartiner, Pralin\u00e9s et drag\u00e9es                            <\/h6>\n                                                <h4 class=\"mb-0 color-white product-title\">\n                            Fondeur \/ r\u00e9servoir pour chocolat, p\u00e2tes et cr\u00e8mes\u00a0                        <\/h4>\n                                                    <p class=\"mt-3 mb-0\">pour fondre et stocker le chocolat <\/p>\n                                                <div class=\"mt-4\">\n                            <div class=\"oi-block oi-block-layout-button\" ><a href=\"#contact-us\" title=\"\" class=\"btn btn-secondary-fill btn-type-default btn-medium\" >\n    Demande d\u2019informations    <\/a><\/div>                        <\/div>\n                    <\/div>\n                                                    <\/div>\n    <\/div>\n<\/div><\/div>\n\n    <div class=\"oi-block oi-block-layout-space\" style=\"--oi-block-space-xs:75px; --oi-block-space-sm:90px; --oi-block-space-md:90px; --oi-block-space-lg:120px; --oi-block-space-xl:120px; --oi-block-space-xxl:120px\"><\/div>\n\n<\/div>","protected":false},"excerpt":{"rendered":"<p>Les fondeurs \/ r\u00e9servoirs de la s\u00e9rie ML 80 \/ 150 \/ 250 sont con\u00e7us pour fondre, stocker et maintenir le chocolat, les p\u00e2tes et les cr\u00e8mes \u00e0 base de fruits secs \u00e0 la bonne temp\u00e9rature. <\/p>\n","protected":false},"featured_media":29952,"parent":0,"menu_order":248,"template":"","meta":{"_seopress_robots_primary_cat":"none","_seopress_titles_title":"","_seopress_titles_desc":"","_seopress_robots_index":"","is_energy_saving":false,"is_for_sale":false,"show_footer_widget":true,"show_related_products":true,"product_subtitle":"pour fondre et stocker le chocolat ","product_code":"ML80, ML150, ML250","related_products_source":"custom","related_products_list":"[1211,1220,1224,1233,1020]","product_powered_by_title":"","product_powered_by_image":"{}","product_on_sale_label":"","product_on_sale_label_1":"","product_on_sale_label_2":"","product_on_sale_label_3":"","product_on_sale_label_4":"","product_on_sale_label_5":"","footnotes":""},"finished_product":[110,113,114],"machine":[118],"processing":[133],"class_list":["post-9743","product","type-product","status-publish","has-post-thumbnail","hentry","finished_product-chocolat","finished_product-pates-et-cremes-a-tartiner","finished_product-pralines-et-dragees","machine-machines-autonomes","processing-stockage"],"_links":{"self":[{"href":"https:\/\/miaft.com\/fr\/wp-json\/wp\/v2\/product\/9743"}],"collection":[{"href":"https:\/\/miaft.com\/fr\/wp-json\/wp\/v2\/product"}],"about":[{"href":"https:\/\/miaft.com\/fr\/wp-json\/wp\/v2\/types\/product"}],"version-history":[{"count":6,"href":"https:\/\/miaft.com\/fr\/wp-json\/wp\/v2\/product\/9743\/revisions"}],"predecessor-version":[{"id":11638,"href":"https:\/\/miaft.com\/fr\/wp-json\/wp\/v2\/product\/9743\/revisions\/11638"}],"wp:featuredmedia":[{"embeddable":true,"href":"https:\/\/miaft.com\/fr\/wp-json\/wp\/v2\/media\/29952"}],"wp:attachment":[{"href":"https:\/\/miaft.com\/fr\/wp-json\/wp\/v2\/media?parent=9743"}],"wp:term":[{"taxonomy":"finished_product","embeddable":true,"href":"https:\/\/miaft.com\/fr\/wp-json\/wp\/v2\/finished_product?post=9743"},{"taxonomy":"machine","embeddable":true,"href":"https:\/\/miaft.com\/fr\/wp-json\/wp\/v2\/machine?post=9743"},{"taxonomy":"processing","embeddable":true,"href":"https:\/\/miaft.com\/fr\/wp-json\/wp\/v2\/processing?post=9743"}],"curies":[{"name":"wp","href":"https:\/\/api.w.org\/{rel}","templated":true}]}}