{"id":9737,"date":"2024-01-06T16:46:11","date_gmt":"2024-01-06T15:46:11","guid":{"rendered":"https:\/\/miaft.com\/product\/raffreddamento-e-pelatura-pl15-pl30-pl50\/"},"modified":"2024-04-09T13:01:29","modified_gmt":"2024-04-09T11:01:29","slug":"raffreddamento-e-pelatura-pl15-pl30-pl50","status":"publish","type":"product","link":"https:\/\/miaft.com\/fr\/product\/raffreddamento-e-pelatura-pl15-pl30-pl50\/","title":{"rendered":"Refroidissement et pelage\u00a0"},"content":{"rendered":"\n<div class=\"wp-block-group has-light-background-color has-background is-layout-flow wp-block-group-is-layout-flow\"><div class=\"oi-block oi-block-layout-container container\" style=\"\"  >\n    <div class=\"oi-block oi-block-layout-space\" style=\"--oi-block-space-xs:75px; --oi-block-space-sm:90px; --oi-block-space-md:90px; --oi-block-space-lg:120px; --oi-block-space-xl:120px; --oi-block-space-xxl:120px\"><\/div>\n\n\n\n<h3 class=\"wp-block-heading has-primary-color has-text-color has-link-color wp-elements-803b47f0e8ad11ad42847e6dedc46681\"><strong>Caract\u00e9ristiques techniques<\/strong><\/h3>\n\n\n    <div class=\"oi-block oi-block-layout-space\" style=\"--oi-block-space-xs:30px; --oi-block-space-sm:30px; --oi-block-space-md:30px; --oi-block-space-lg:30px; --oi-block-space-xl:30px; --oi-block-space-xxl:30px\"><\/div>\n\n\n    <div class=\"oi-block oi-block-layout-row row  row-vertical-gap\">\n        \n<div class=\"oi-block oi-block-layout-row-column col-12 col-sm-12 col-md-12 col-lg-6 col-xl-4 col-xxl-4\" style=\"\" >\n\n<h5 class=\"wp-block-heading has-primary-color has-text-color has-link-color wp-elements-8b260deb368b383b559ddfbdee6c6cad\" style=\"text-transform:uppercase\"><strong>CAPACIT\u00c9 DE PRODUCTION<\/strong><\/h5>\n\n\n    <div class=\"oi-block oi-block-layout-space\" style=\"--oi-block-space-xs:20px; --oi-block-space-sm:20px; --oi-block-space-md:20px; --oi-block-space-lg:20px; --oi-block-space-xl:20px; --oi-block-space-xxl:20px\"><\/div>\n\n\n\n<ul class=\"wp-block-list\">\n<li>15 kg\/h<\/li>\n\n\n\n<li>30 kg\/h<\/li>\n\n\n\n<li>50 kg\/h<\/li>\n<\/ul>\n\n<\/div>\n\n<div class=\"oi-block oi-block-layout-row-column col-12 col-sm-12 col-md-12 col-lg-6 col-xl-4 col-xxl-4\" style=\"\" >\n\n<h5 class=\"wp-block-heading has-primary-color has-text-color has-link-color wp-elements-39e91f2c6ba0b0c30c5cd783b670e770\" style=\"text-transform:uppercase\"><strong>POIDS<\/strong><\/h5>\n\n\n    <div class=\"oi-block oi-block-layout-space\" style=\"--oi-block-space-xs:20px; --oi-block-space-sm:20px; --oi-block-space-md:20px; --oi-block-space-lg:20px; --oi-block-space-xl:20px; --oi-block-space-xxl:20px\"><\/div>\n\n\n\n<ul class=\"wp-block-list\">\n<li>600 x 600 x 750 mm. Poids: 120 kg<\/li>\n\n\n\n<li>750 x 750 x 850 mm. Poids: 160 kg<\/li>\n\n\n\n<li>1500 x 1500 x 1000 mm. Poids: 200 kg<\/li>\n<\/ul>\n\n<\/div>\n    <\/div>\n\n\n    <div class=\"oi-block oi-block-layout-space\" style=\"--oi-block-space-xs:75px; --oi-block-space-sm:90px; --oi-block-space-md:90px; --oi-block-space-lg:120px; --oi-block-space-xl:120px; --oi-block-space-xxl:120px\"><\/div>\n\n<\/div><\/div>\n\n\n<div class=\"oi-block oi-block-layout-container container\" style=\"\"  >\n    <div class=\"oi-block oi-block-layout-space\" style=\"--oi-block-space-xs:75px; --oi-block-space-sm:90px; --oi-block-space-md:90px; --oi-block-space-lg:120px; --oi-block-space-xl:120px; --oi-block-space-xxl:120px\"><\/div>\n\n\n<div class=\"oi-block oi-block-product-content\" >\n<div class=\"row justify-content-between\">\n    <div class=\"col-12 col-md-6 col-lg-5\">\n        \n\n<h3 class=\"wp-block-heading has-primary-color has-text-color has-link-color wp-elements-dc86bc90212cd01a52ec8c5740a3b31c\"><strong>Refroidissement et pelage<\/strong><\/h3>\n\n\n    <div class=\"oi-block oi-block-layout-space\" style=\"--oi-block-space-xs:30px; --oi-block-space-sm:30px; --oi-block-space-md:30px; --oi-block-space-lg:30px; --oi-block-space-xl:30px; --oi-block-space-xxl:30px\"><\/div>\n\n\n\n<p>Refroidissement des fruits torr\u00e9fi\u00e9s et pelage des noisettes au moyen d\u2019un processus de roulement contr\u00f4l\u00e9.<\/p>\n\n\n\n<p>Apr\u00e8s avoir travers\u00e9 la tr\u00e9mie, le produit est charg\u00e9 sur un plateau en acier inoxydable perfor\u00e9.<\/p>\n\n\n\n<p>Le d\u00e9placement \/ roulement des fruits torr\u00e9fi\u00e9s est g\u00e9n\u00e9r\u00e9 par un r\u00e9ducteur de vitesse qui, \u00e0 travers une s\u00e9rie de pales, r\u00e9gule le flux pour refroidir et peler simultan\u00e9ment le produit.<\/p>\n\n\n\n<p>Les peaux des noisettes sont achemin\u00e9es vers le bas du syst\u00e8me et sont \u00e9limin\u00e9es \u00e0 la fin du processus de production.<\/p>\n\n\n\n<p>Lorsque les fruits torr\u00e9fi\u00e9s sont pr\u00eats \u00e0 \u00eatre d\u00e9charg\u00e9s, la trappe de d\u00e9chargement s\u2019ouvre pour faciliter la production et le nettoyage.<\/p>\n\n\n\n<p>Refroidissement des fruits torr\u00e9fi\u00e9s et pelage des noisettes avec une production de : 15 \u2013 30 \u2013 50 kg\/h.<\/p>\n\n    <\/div>\n    <div class=\"col-5 col-lg-4 d-none d-md-block\">\n        <div class=\"featured-product\">\n                                                                    <div class=\"bg-dark color-white featured-product-inner\">\n                        <div class=\"image-container\">\n                            <img decoding=\"async\" width=\"2000\" height=\"2000\" src=\"https:\/\/miaft.com\/wp-content\/uploads\/2024\/01\/raffreddamento-e-pelatura-pl15-pl30-pl50.jpg\" class=\"img-fluid\" alt=\"\" loading=\"lazy\" srcset=\"https:\/\/miaft.com\/wp-content\/uploads\/2024\/01\/raffreddamento-e-pelatura-pl15-pl30-pl50.jpg 2000w, https:\/\/miaft.com\/wp-content\/uploads\/2024\/01\/raffreddamento-e-pelatura-pl15-pl30-pl50-1536x1536.jpg 1536w, https:\/\/miaft.com\/wp-content\/uploads\/2024\/01\/raffreddamento-e-pelatura-pl15-pl30-pl50-150x150.jpg 150w, https:\/\/miaft.com\/wp-content\/uploads\/2024\/01\/raffreddamento-e-pelatura-pl15-pl30-pl50-575x575.jpg 575w, https:\/\/miaft.com\/wp-content\/uploads\/2024\/01\/raffreddamento-e-pelatura-pl15-pl30-pl50-767x767.jpg 767w, https:\/\/miaft.com\/wp-content\/uploads\/2024\/01\/raffreddamento-e-pelatura-pl15-pl30-pl50-991x991.jpg 991w, https:\/\/miaft.com\/wp-content\/uploads\/2024\/01\/raffreddamento-e-pelatura-pl15-pl30-pl50-1199x1199.jpg 1199w\" sizes=\"(max-width: 2000px) 100vw, 2000px\" \/>                        <\/div>\n                                                    <h6 class=\"mb-2 text-uppercase color-secondary\">\n                                Fruits secs                            <\/h6>\n                                                <h4 class=\"mb-0 color-white product-title\">\n                            Refroidissement et pelage\u00a0                        <\/h4>\n                                                    <p class=\"mt-3 mb-0\">de fruits secs et de noisettes torr\u00e9fi\u00e9es <\/p>\n                                                <div class=\"mt-4\">\n                            <div class=\"oi-block oi-block-layout-button\" ><a href=\"#contact-us\" title=\"\" class=\"btn btn-secondary-fill btn-type-default btn-medium\" >\n    Demande d\u2019informations    <\/a><\/div>                        <\/div>\n                    <\/div>\n                                                    <\/div>\n    <\/div>\n<\/div><\/div>\n\n    <div class=\"oi-block oi-block-layout-space\" style=\"--oi-block-space-xs:75px; --oi-block-space-sm:90px; --oi-block-space-md:90px; --oi-block-space-lg:120px; --oi-block-space-xl:120px; --oi-block-space-xxl:120px\"><\/div>\n\n<\/div>","protected":false},"excerpt":{"rendered":"<p>Syst\u00e8me de refroidissement des fruits torr\u00e9fi\u00e9s et de pelage des noisettes. <\/p>\n","protected":false},"featured_media":27978,"parent":0,"menu_order":168,"template":"","meta":{"_seopress_robots_primary_cat":"","_seopress_titles_title":"","_seopress_titles_desc":"","_seopress_robots_index":"","is_energy_saving":false,"is_for_sale":false,"show_footer_widget":true,"show_related_products":false,"product_subtitle":"de fruits secs et de noisettes torr\u00e9fi\u00e9es ","product_code":"PL15, PL30, PL50","related_products_source":"related","related_products_list":"[]","product_powered_by_title":"","product_powered_by_image":"{}","product_on_sale_label":"","product_on_sale_label_1":"","product_on_sale_label_2":"","product_on_sale_label_3":"","product_on_sale_label_4":"","product_on_sale_label_5":"","footnotes":""},"finished_product":[112],"machine":[118],"processing":[134],"class_list":["post-9737","product","type-product","status-publish","has-post-thumbnail","hentry","finished_product-fruits-secs","machine-machines-autonomes","processing-torrefaction-et-pelage"],"_links":{"self":[{"href":"https:\/\/miaft.com\/fr\/wp-json\/wp\/v2\/product\/9737"}],"collection":[{"href":"https:\/\/miaft.com\/fr\/wp-json\/wp\/v2\/product"}],"about":[{"href":"https:\/\/miaft.com\/fr\/wp-json\/wp\/v2\/types\/product"}],"version-history":[{"count":2,"href":"https:\/\/miaft.com\/fr\/wp-json\/wp\/v2\/product\/9737\/revisions"}],"predecessor-version":[{"id":9826,"href":"https:\/\/miaft.com\/fr\/wp-json\/wp\/v2\/product\/9737\/revisions\/9826"}],"wp:featuredmedia":[{"embeddable":true,"href":"https:\/\/miaft.com\/fr\/wp-json\/wp\/v2\/media\/27978"}],"wp:attachment":[{"href":"https:\/\/miaft.com\/fr\/wp-json\/wp\/v2\/media?parent=9737"}],"wp:term":[{"taxonomy":"finished_product","embeddable":true,"href":"https:\/\/miaft.com\/fr\/wp-json\/wp\/v2\/finished_product?post=9737"},{"taxonomy":"machine","embeddable":true,"href":"https:\/\/miaft.com\/fr\/wp-json\/wp\/v2\/machine?post=9737"},{"taxonomy":"processing","embeddable":true,"href":"https:\/\/miaft.com\/fr\/wp-json\/wp\/v2\/processing?post=9737"}],"curies":[{"name":"wp","href":"https:\/\/api.w.org\/{rel}","templated":true}]}}