{"id":9734,"date":"2024-01-05T16:05:00","date_gmt":"2024-01-05T15:05:00","guid":{"rendered":"https:\/\/miaft.com\/product\/raffinatrice-mulino-a-sfere-mill200\/"},"modified":"2025-06-23T23:05:05","modified_gmt":"2025-06-23T21:05:05","slug":"raffinatrice-mulino-a-sfere-mill200","status":"publish","type":"product","link":"https:\/\/miaft.com\/fr\/product\/raffinatrice-mulino-a-sfere-mill200\/","title":{"rendered":"Raffineur Moulin \u00e0 billes\u00a0"},"content":{"rendered":"\n<div class=\"wp-block-group has-light-background-color has-background is-layout-flow wp-block-group-is-layout-flow\"><div class=\"oi-block oi-block-layout-container container\" style=\"\"  >\n    <div class=\"oi-block oi-block-layout-space\" style=\"--oi-block-space-xs:75px; --oi-block-space-sm:90px; --oi-block-space-md:90px; --oi-block-space-lg:120px; --oi-block-space-xl:120px; --oi-block-space-xxl:120px\"><\/div>\n\n\n\n<h3 class=\"wp-block-heading has-primary-color has-text-color has-link-color wp-elements-803b47f0e8ad11ad42847e6dedc46681\"><strong>Caract\u00e9ristiques techniques<\/strong><\/h3>\n\n\n    <div class=\"oi-block oi-block-layout-space\" style=\"--oi-block-space-xs:30px; --oi-block-space-sm:30px; --oi-block-space-md:30px; --oi-block-space-lg:30px; --oi-block-space-xl:30px; --oi-block-space-xxl:30px\"><\/div>\n\n\n    <div class=\"oi-block oi-block-layout-row row  row-vertical-gap\">\n        \n<div class=\"oi-block oi-block-layout-row-column col-12 col-sm-12 col-md-12 col-lg-6 col-xl-4 col-xxl-4\" style=\"\" >\n\n<h5 class=\"wp-block-heading has-primary-color has-text-color has-link-color wp-elements-8b260deb368b383b559ddfbdee6c6cad\" style=\"text-transform:uppercase\"><strong>CAPACIT\u00c9 DE PRODUCTION<\/strong><\/h5>\n\n\n    <div class=\"oi-block oi-block-layout-space\" style=\"--oi-block-space-xs:20px; --oi-block-space-sm:20px; --oi-block-space-md:20px; --oi-block-space-lg:20px; --oi-block-space-xl:20px; --oi-block-space-xxl:20px\"><\/div>\n\n\n\n<p>jusqu\u2019\u00e0 180-280 kg\/lot.<\/p>\n\n<\/div>\n\n<div class=\"oi-block oi-block-layout-row-column col-12 col-sm-12 col-md-12 col-lg-6 col-xl-4 col-xxl-4\" style=\"\" >\n\n<h5 class=\"wp-block-heading has-primary-color has-text-color has-link-color wp-elements-898391467207740ae522e809cce3d410\" style=\"text-transform:uppercase\"><strong>CONSOMMATION<\/strong><\/h5>\n\n\n    <div class=\"oi-block oi-block-layout-space\" style=\"--oi-block-space-xs:20px; --oi-block-space-sm:20px; --oi-block-space-md:20px; --oi-block-space-lg:20px; --oi-block-space-xl:20px; --oi-block-space-xxl:20px\"><\/div>\n\n\n\n<p>18 kW triphas\u00e9 400 V 50 Hz (possibilit\u00e9 de commander une machine fonctionnant \u00e0 une tension diff\u00e9rente)<\/p>\n\n<\/div>\n\n<div class=\"oi-block oi-block-layout-row-column col-12 col-sm-12 col-md-12 col-lg-6 col-xl-4 col-xxl-4\" style=\"\" >\n\n<h5 class=\"wp-block-heading has-primary-color has-text-color has-link-color wp-elements-a26595df2891d80d567cbf2989374f8c\" style=\"text-transform:uppercase\"><strong>ENCOMBREMENT<\/strong><\/h5>\n\n\n    <div class=\"oi-block oi-block-layout-space\" style=\"--oi-block-space-xs:20px; --oi-block-space-sm:20px; --oi-block-space-md:20px; --oi-block-space-lg:20px; --oi-block-space-xl:20px; --oi-block-space-xxl:20px\"><\/div>\n\n\n\n<p>Largeur 1500 mm, Longueur 1600 mm, Hauteur 2520 mm, Poids: 2300 kg<\/p>\n\n<\/div>\n    <\/div>\n\n\n    <div class=\"oi-block oi-block-layout-space\" style=\"--oi-block-space-xs:75px; --oi-block-space-sm:90px; --oi-block-space-md:90px; --oi-block-space-lg:120px; --oi-block-space-xl:120px; --oi-block-space-xxl:120px\"><\/div>\n\n<\/div><\/div>\n\n\n<div class=\"oi-block oi-block-layout-container container\" style=\"\"  >\n    <div class=\"oi-block oi-block-layout-space\" style=\"--oi-block-space-xs:75px; --oi-block-space-sm:90px; --oi-block-space-md:90px; --oi-block-space-lg:120px; --oi-block-space-xl:120px; --oi-block-space-xxl:120px\"><\/div>\n\n\n<div class=\"oi-block oi-block-product-content\" >\n<div class=\"row justify-content-between\">\n    <div class=\"col-12 col-md-6 col-lg-5\">\n        \n\n<h3 class=\"wp-block-heading has-primary-color has-text-color has-link-color wp-elements-9347ee7ac67de1cd4071e746a2ef0502\">Raffineur Moulin \u00e0 billes&nbsp;<\/h3>\n\n\n    <div class=\"oi-block oi-block-layout-space\" style=\"--oi-block-space-xs:30px; --oi-block-space-sm:30px; --oi-block-space-md:30px; --oi-block-space-lg:30px; --oi-block-space-xl:30px; --oi-block-space-xxl:30px\"><\/div>\n\n\n\n<p>Le raffineur MILL-250 de 180-280 kg\/lot est le plus petit mod\u00e8le de la gamme. Il convient pr\u00e9cis\u00e9ment \u00e0 la production de tous les types de p\u00e2tes et de cr\u00e8mes \u00e0 tartiner \u00e0 base de fruits secs (noisettes, amandes, pistaches, cacahu\u00e8tes, noix, etc.) avec une granulom\u00e9trie de 22-25 microns.<\/p>\n\n\n\n<p>La machine est enti\u00e8rement fabriqu\u00e9e en acier inoxydable AISI 304: cuve, billes, bras m\u00e9langeur, pompe de recirculation et tuyauteries connexes, ch\u00e2ssis et protecteurs.<\/p>\n\n\n\n<p>Remarque:&nbsp;Cette particularit\u00e9 le rend \u00e9galement adapt\u00e9 au lavage \u00e0 l\u2019eau chaude pour une d\u00e9sinfection plus profonde et plus efficace que le simple nettoyage \u00e0 l'huile de tournesol.<\/p>\n\n\n\n<p>Les \u00e9quipements install\u00e9s sur le moulin \u00e0 billes MILL-250 sont les suivants:<\/p>\n\n\n\n<ul class=\"wp-block-list\">\n<li>groupe de refroidissement \/ chauffage en circuit ferm\u00e9 (aucun raccordement \u00e0 l'eau potable n'est n\u00e9cessaire) pour le contr\u00f4le et le maintien de la temp\u00e9rature de fonctionnement correcte de la machine (plage de 20 \u00e0 80 \u00b0C)<\/li>\n\n\n\n<li>pompe volum\u00e9trique de recirculation\/d\u00e9chargement du produit \u00e9quip\u00e9e d'onduleur pour le r\u00e9glage du d\u00e9bit*<\/li>\n\n\n\n<li>r\u00e9glage \u00e9lectronique de la vitesse du bras m\u00e9langeur par onduleur<\/li>\n\n\n\n<li>filtre magn\u00e9tique pour \u00e9liminer les \u00e9ventuelles impuret\u00e9s m\u00e9talliques du produit<\/li>\n\n\n\n<li>IHM du panneau op\u00e9rateur \u00e0 \u00e9cran tactile de 7\" avec toutes les commandes d\u2019utilisation de la machine<\/li>\n\n\n\n<li>tableau \u00e9lectrique int\u00e9gr\u00e9s r\u00e9alis\u00e9s avec du mat\u00e9riel \u00e9lectrique Schneider Electric (\u00e9lectrom\u00e9canique), Omron (onduleur) et Pixsys (PLC et IHM)<\/li>\n<\/ul>\n\n    <\/div>\n    <div class=\"col-5 col-lg-4 d-none d-md-block\">\n        <div class=\"featured-product\">\n                                                                    <div class=\"bg-dark color-white featured-product-inner\">\n                        <div class=\"image-container\">\n                            <img decoding=\"async\" width=\"1707\" height=\"2560\" src=\"https:\/\/miaft.com\/wp-content\/uploads\/2024\/01\/raffinatrice-mulino-a-sfere-mill250.jpg\" class=\"img-fluid\" alt=\"\" loading=\"lazy\" srcset=\"https:\/\/miaft.com\/wp-content\/uploads\/2024\/01\/raffinatrice-mulino-a-sfere-mill250.jpg 1707w, https:\/\/miaft.com\/wp-content\/uploads\/2024\/01\/raffinatrice-mulino-a-sfere-mill250-1024x1536.jpg 1024w, https:\/\/miaft.com\/wp-content\/uploads\/2024\/01\/raffinatrice-mulino-a-sfere-mill250-1366x2048.jpg 1366w, https:\/\/miaft.com\/wp-content\/uploads\/2024\/01\/raffinatrice-mulino-a-sfere-mill250-150x225.jpg 150w, https:\/\/miaft.com\/wp-content\/uploads\/2024\/01\/raffinatrice-mulino-a-sfere-mill250-575x862.jpg 575w, https:\/\/miaft.com\/wp-content\/uploads\/2024\/01\/raffinatrice-mulino-a-sfere-mill250-767x1150.jpg 767w, https:\/\/miaft.com\/wp-content\/uploads\/2024\/01\/raffinatrice-mulino-a-sfere-mill250-991x1486.jpg 991w, https:\/\/miaft.com\/wp-content\/uploads\/2024\/01\/raffinatrice-mulino-a-sfere-mill250-1199x1798.jpg 1199w\" sizes=\"(max-width: 1707px) 100vw, 1707px\" \/>                        <\/div>\n                                                    <h6 class=\"mb-2 text-uppercase color-secondary\">\n                                P\u00e2tes et cr\u00e8mes \u00e0 tartiner                            <\/h6>\n                                                <h4 class=\"mb-0 color-white product-title\">\n                            Raffineur Moulin \u00e0 billes\u00a0                        <\/h4>\n                                                    <p class=\"mt-3 mb-0\">pour la r\u00e9alisation de p\u00e2te de fruits secs, de cr\u00e8mes \u00e0 tartiner, de chocolat, etc. <\/p>\n                                                <div class=\"mt-4\">\n                            <div class=\"oi-block oi-block-layout-button\" ><a href=\"#contact-us\" title=\"\" class=\"btn btn-secondary-fill btn-type-default btn-medium\" >\n    Demande d\u2019informations    <\/a><\/div>                        <\/div>\n                    <\/div>\n                                                    <\/div>\n    <\/div>\n<\/div><\/div>\n\n    <div class=\"oi-block oi-block-layout-space\" style=\"--oi-block-space-xs:75px; --oi-block-space-sm:90px; --oi-block-space-md:90px; --oi-block-space-lg:120px; --oi-block-space-xl:120px; --oi-block-space-xxl:120px\"><\/div>\n\n<\/div>","protected":false},"excerpt":{"rendered":"<p>Raffineur \u00e0 billes MILL-250 pour la production de la p\u00e2te de fruits secs (amandes, noisettes, pistaches, noix de cajou, cacahu\u00e8tes, etc.) et de p\u00e2tes \u00e0 tartiner anhydres. <\/p>\n","protected":false},"featured_media":28068,"parent":0,"menu_order":228,"template":"","meta":{"_seopress_robots_primary_cat":"none","_seopress_titles_title":"","_seopress_titles_desc":"","_seopress_robots_index":"","is_energy_saving":true,"is_for_sale":false,"show_footer_widget":true,"show_related_products":true,"product_subtitle":"pour la r\u00e9alisation de p\u00e2te de fruits secs, de cr\u00e8mes \u00e0 tartiner, de chocolat, etc. ","product_code":"MILL250","related_products_source":"custom","related_products_list":"[2245,1029,1324,1405,9670,9743,9642,9788,9785]","product_powered_by_title":"","product_powered_by_image":"{}","product_on_sale_label":"","product_on_sale_label_1":"","product_on_sale_label_2":"","product_on_sale_label_3":"","product_on_sale_label_4":"","product_on_sale_label_5":"","footnotes":""},"finished_product":[113],"machine":[118],"processing":[130],"class_list":["post-9734","product","type-product","status-publish","has-post-thumbnail","hentry","finished_product-pates-et-cremes-a-tartiner","machine-machines-autonomes","processing-raffinage"],"_links":{"self":[{"href":"https:\/\/miaft.com\/fr\/wp-json\/wp\/v2\/product\/9734"}],"collection":[{"href":"https:\/\/miaft.com\/fr\/wp-json\/wp\/v2\/product"}],"about":[{"href":"https:\/\/miaft.com\/fr\/wp-json\/wp\/v2\/types\/product"}],"version-history":[{"count":3,"href":"https:\/\/miaft.com\/fr\/wp-json\/wp\/v2\/product\/9734\/revisions"}],"predecessor-version":[{"id":23560,"href":"https:\/\/miaft.com\/fr\/wp-json\/wp\/v2\/product\/9734\/revisions\/23560"}],"wp:featuredmedia":[{"embeddable":true,"href":"https:\/\/miaft.com\/fr\/wp-json\/wp\/v2\/media\/28068"}],"wp:attachment":[{"href":"https:\/\/miaft.com\/fr\/wp-json\/wp\/v2\/media?parent=9734"}],"wp:term":[{"taxonomy":"finished_product","embeddable":true,"href":"https:\/\/miaft.com\/fr\/wp-json\/wp\/v2\/finished_product?post=9734"},{"taxonomy":"machine","embeddable":true,"href":"https:\/\/miaft.com\/fr\/wp-json\/wp\/v2\/machine?post=9734"},{"taxonomy":"processing","embeddable":true,"href":"https:\/\/miaft.com\/fr\/wp-json\/wp\/v2\/processing?post=9734"}],"curies":[{"name":"wp","href":"https:\/\/api.w.org\/{rel}","templated":true}]}}