{"id":9726,"date":"2024-01-05T15:51:33","date_gmt":"2024-01-05T14:51:33","guid":{"rendered":"https:\/\/miaft.com\/product\/raffinatrice-mulino-a-sfere-mill50\/"},"modified":"2024-04-09T14:16:15","modified_gmt":"2024-04-09T12:16:15","slug":"raffinatrice-mulino-a-sfere-mill50","status":"publish","type":"product","link":"https:\/\/miaft.com\/fr\/product\/raffinatrice-mulino-a-sfere-mill50\/","title":{"rendered":"Raffineur moulin \u00e0 billes\u00a0"},"content":{"rendered":"\n<div class=\"wp-block-group has-light-background-color has-background is-layout-flow wp-block-group-is-layout-flow\"><div class=\"oi-block oi-block-layout-container container\" style=\"\"  >\n    <div class=\"oi-block oi-block-layout-space\" style=\"--oi-block-space-xs:75px; --oi-block-space-sm:90px; --oi-block-space-md:90px; --oi-block-space-lg:120px; --oi-block-space-xl:120px; --oi-block-space-xxl:120px\"><\/div>\n\n\n\n<h3 class=\"wp-block-heading has-primary-color has-text-color has-link-color wp-elements-803b47f0e8ad11ad42847e6dedc46681\"><strong>Caract\u00e9ristiques techniques<\/strong><\/h3>\n\n\n    <div class=\"oi-block oi-block-layout-space\" style=\"--oi-block-space-xs:30px; --oi-block-space-sm:30px; --oi-block-space-md:30px; --oi-block-space-lg:30px; --oi-block-space-xl:30px; --oi-block-space-xxl:30px\"><\/div>\n\n\n    <div class=\"oi-block oi-block-layout-row row  row-vertical-gap\">\n        \n<div class=\"oi-block oi-block-layout-row-column col-12 col-sm-12 col-md-12 col-lg-6 col-xl-4 col-xxl-4\" style=\"\" >\n\n<h5 class=\"wp-block-heading has-primary-color has-text-color has-link-color wp-elements-8b260deb368b383b559ddfbdee6c6cad\" style=\"text-transform:uppercase\"><strong>CAPACIT\u00c9 DE PRODUCTION<\/strong><\/h5>\n\n\n    <div class=\"oi-block oi-block-layout-space\" style=\"--oi-block-space-xs:20px; --oi-block-space-sm:20px; --oi-block-space-md:20px; --oi-block-space-lg:20px; --oi-block-space-xl:20px; --oi-block-space-xxl:20px\"><\/div>\n\n\n\n<p>45\/50 kg\/lot<\/p>\n\n<\/div>\n\n<div class=\"oi-block oi-block-layout-row-column col-12 col-sm-12 col-md-12 col-lg-6 col-xl-4 col-xxl-4\" style=\"\" >\n\n<h5 class=\"wp-block-heading has-primary-color has-text-color has-link-color wp-elements-898391467207740ae522e809cce3d410\" style=\"text-transform:uppercase\"><strong>CONSOMMATION<\/strong><\/h5>\n\n\n    <div class=\"oi-block oi-block-layout-space\" style=\"--oi-block-space-xs:20px; --oi-block-space-sm:20px; --oi-block-space-md:20px; --oi-block-space-lg:20px; --oi-block-space-xl:20px; --oi-block-space-xxl:20px\"><\/div>\n\n\n\n<p>8 kW triphas\u00e9 400 V 50 Hz (possibilit\u00e9 de commander une machine fonctionnant \u00e0 une tension diff\u00e9rente)<\/p>\n\n<\/div>\n\n<div class=\"oi-block oi-block-layout-row-column col-12 col-sm-12 col-md-12 col-lg-6 col-xl-4 col-xxl-4\" style=\"\" >\n\n<h5 class=\"wp-block-heading has-primary-color has-text-color has-link-color wp-elements-a26595df2891d80d567cbf2989374f8c\" style=\"text-transform:uppercase\"><strong>ENCOMBREMENT<\/strong><\/h5>\n\n\n    <div class=\"oi-block oi-block-layout-space\" style=\"--oi-block-space-xs:20px; --oi-block-space-sm:20px; --oi-block-space-md:20px; --oi-block-space-lg:20px; --oi-block-space-xl:20px; --oi-block-space-xxl:20px\"><\/div>\n\n\n\n<p>Largeur 1000 mm, Longueur 1900 mm, Hauteur 1950 mm, Poids: 600 kg<\/p>\n\n<\/div>\n    <\/div>\n\n\n    <div class=\"oi-block oi-block-layout-space\" style=\"--oi-block-space-xs:75px; --oi-block-space-sm:90px; --oi-block-space-md:90px; --oi-block-space-lg:120px; --oi-block-space-xl:120px; --oi-block-space-xxl:120px\"><\/div>\n\n<\/div><\/div>\n\n\n<div class=\"oi-block oi-block-layout-container container\" style=\"\"  >\n    <div class=\"oi-block oi-block-layout-space\" style=\"--oi-block-space-xs:75px; --oi-block-space-sm:90px; --oi-block-space-md:90px; --oi-block-space-lg:120px; --oi-block-space-xl:120px; --oi-block-space-xxl:120px\"><\/div>\n\n\n<div class=\"oi-block oi-block-product-content\" >\n<div class=\"row justify-content-between\">\n    <div class=\"col-12 col-md-6 col-lg-5\">\n        \n\n<h3 class=\"wp-block-heading has-primary-color has-text-color has-link-color wp-elements-ac91f908573479abf96449ea085186ba\">Raffineur moulin \u00e0 billes&nbsp;<\/h3>\n\n\n    <div class=\"oi-block oi-block-layout-space\" style=\"--oi-block-space-xs:30px; --oi-block-space-sm:30px; --oi-block-space-md:30px; --oi-block-space-lg:30px; --oi-block-space-xl:30px; --oi-block-space-xxl:30px\"><\/div>\n\n\n\n<p>Le moulin \u00e0 billes \u2013 raffineur MILL50 est utilis\u00e9 pour la r\u00e9alisation \/ raffinage de p\u00e2te de fruits secs (noisette, amande, pistache, macadamia, etc.), pour les cr\u00e8mes \u00e0 tartiner, le chocolat, les succ\u00e9dan\u00e9s et les p\u00e2tes pour la fabrication de glaces et de p\u00e2tisserie.<\/p>\n\n\n\n<p>La capacit\u00e9 du moulin \u00e0 billes atteint 50 kg de produit fini et un d\u00e9bit de 45-50 kg\/h avec une finesse de 20-22 microns et avec un pourcentage minimal de mati\u00e8re grasse de 30 %.<\/p>\n\n\n\n<p>La machine utilise un groupe frigorifique pour la gestion optimale de la temp\u00e9rature du processus de traitement du produit afin de maintenir intactes les propri\u00e9t\u00e9s organoleptiques des ingr\u00e9dients utilis\u00e9s.<\/p>\n\n\n\n<p>Le dispositif de chauffage utilis\u00e9 dans certaines recettes et permettant aux r\u00e9sidus de mati\u00e8res grasses de ne pas se solidifier entre les billes en acier pendant les pauses est int\u00e9gr\u00e9 dans le syst\u00e8me.<\/p>\n\n\n\n<p>Le circuit de recirculation est aliment\u00e9 par une pompe brevet\u00e9e qui permet la production de cr\u00e8mes liquides avec un pourcentage \u00e9lev\u00e9 d'huile, de cr\u00e8mes et de sucres (transform\u00e9s et bruts).<\/p>\n\n\n\n<p>La cuve, les billes et le bras de m\u00e9lange, enti\u00e8rement en acier trait\u00e9, augmentent le rendement global de la machine et contribuent \u00e0 sa d\u00e9sinfection.<\/p>\n\n\n\n<p>Le moulin \u00e0 billes \u2013 raffineur MILL50 utilise la farine de fruits secs produite avec le broyeur CRICK-CROCK 100-4T, ou les lignes de torr\u00e9faction de fruits secs.<\/p>\n\n\n    <div class=\"oi-block oi-block-layout-space\" style=\"--oi-block-space-xs:30px; --oi-block-space-sm:30px; --oi-block-space-md:30px; --oi-block-space-lg:30px; --oi-block-space-xl:30px; --oi-block-space-xxl:30px\"><\/div>\n\n\n\n<p><strong>L\u2019homme est n\u00e9 pour cr\u00e9er. La vocation de l\u2019homme est d'imaginer, d'inventer, d'oser de nouvelles entreprises.<\/strong><strong><\/strong><\/p>\n\n\n\n<p>(Michael Novak)<\/p>\n\n\n    <div class=\"oi-block oi-block-layout-space\" style=\"--oi-block-space-xs:30px; --oi-block-space-sm:30px; --oi-block-space-md:30px; --oi-block-space-lg:30px; --oi-block-space-xl:30px; --oi-block-space-xxl:30px\"><\/div>\n\n\n\n<p>Nous vous invitons \u00e0 visiter le laboratoire de MIA Food Tech pour essayer cette machine et pour \u00e9tudier des recettes personnalis\u00e9es avec le personnel technique de notre entreprise.<\/p>\n\n    <\/div>\n    <div class=\"col-5 col-lg-4 d-none d-md-block\">\n        <div class=\"featured-product\">\n                                                                    <div class=\"bg-dark color-white featured-product-inner\">\n                        <div class=\"image-container\">\n                            <img decoding=\"async\" width=\"1512\" height=\"1500\" src=\"https:\/\/miaft.com\/wp-content\/uploads\/2024\/01\/mia-raffinatrice-mulino-a-sfere-mill-50.jpg\" class=\"img-fluid\" alt=\"\" loading=\"lazy\" srcset=\"https:\/\/miaft.com\/wp-content\/uploads\/2024\/01\/mia-raffinatrice-mulino-a-sfere-mill-50.jpg 1512w, https:\/\/miaft.com\/wp-content\/uploads\/2024\/01\/mia-raffinatrice-mulino-a-sfere-mill-50-150x149.jpg 150w, https:\/\/miaft.com\/wp-content\/uploads\/2024\/01\/mia-raffinatrice-mulino-a-sfere-mill-50-575x570.jpg 575w, https:\/\/miaft.com\/wp-content\/uploads\/2024\/01\/mia-raffinatrice-mulino-a-sfere-mill-50-767x761.jpg 767w, https:\/\/miaft.com\/wp-content\/uploads\/2024\/01\/mia-raffinatrice-mulino-a-sfere-mill-50-991x983.jpg 991w, https:\/\/miaft.com\/wp-content\/uploads\/2024\/01\/mia-raffinatrice-mulino-a-sfere-mill-50-1199x1189.jpg 1199w\" sizes=\"(max-width: 1512px) 100vw, 1512px\" \/>                        <\/div>\n                                                    <h6 class=\"mb-2 text-uppercase color-secondary\">\n                                P\u00e2tes et cr\u00e8mes \u00e0 tartiner                            <\/h6>\n                                                <h4 class=\"mb-0 color-white product-title\">\n                            Raffineur moulin \u00e0 billes\u00a0                        <\/h4>\n                                                    <p class=\"mt-3 mb-0\">pour la r\u00e9alisation de p\u00e2te de fruits secs, de cr\u00e8mes \u00e0 tartiner, de chocolat, etc. <\/p>\n                                                <div class=\"mt-4\">\n                            <div class=\"oi-block oi-block-layout-button\" ><a href=\"#contact-us\" title=\"\" class=\"btn btn-secondary-fill btn-type-default btn-medium\" >\n    Demande d\u2019informations    <\/a><\/div>                        <\/div>\n                    <\/div>\n                                                    <\/div>\n    <\/div>\n<\/div><\/div>\n\n    <div class=\"oi-block oi-block-layout-space\" style=\"--oi-block-space-xs:75px; --oi-block-space-sm:90px; --oi-block-space-md:90px; --oi-block-space-lg:120px; --oi-block-space-xl:120px; --oi-block-space-xxl:120px\"><\/div>\n\n<\/div>","protected":false},"excerpt":{"rendered":"<p>Le moulin \u00e0 billes \u2013 raffineur MILL50 est utilis\u00e9 pour la r\u00e9alisation \/ raffinage de p\u00e2te de fruits secs (noisette, amande, pistache, macadamia, etc.), pour les cr\u00e8mes \u00e0 tartiner, le chocolat, les succ\u00e9dan\u00e9s et les p\u00e2tes pour la fabrication de glaces et de p\u00e2tisserie. <\/p>\n","protected":false},"featured_media":36933,"parent":0,"menu_order":222,"template":"","meta":{"_seopress_robots_primary_cat":"","_seopress_titles_title":"","_seopress_titles_desc":"","_seopress_robots_index":"","is_energy_saving":true,"is_for_sale":false,"show_footer_widget":true,"show_related_products":true,"product_subtitle":"pour la r\u00e9alisation de p\u00e2te de fruits secs, de cr\u00e8mes \u00e0 tartiner, de chocolat, etc. ","product_code":"MILL50","related_products_source":"custom","related_products_list":"[2245,1029,1324,1405]","product_powered_by_title":"","product_powered_by_image":"{}","product_on_sale_label":"","product_on_sale_label_1":"","product_on_sale_label_2":"","product_on_sale_label_3":"","product_on_sale_label_4":"","product_on_sale_label_5":"","footnotes":""},"finished_product":[113],"machine":[118],"processing":[130],"class_list":["post-9726","product","type-product","status-publish","has-post-thumbnail","hentry","finished_product-pates-et-cremes-a-tartiner","machine-machines-autonomes","processing-raffinage"],"_links":{"self":[{"href":"https:\/\/miaft.com\/fr\/wp-json\/wp\/v2\/product\/9726"}],"collection":[{"href":"https:\/\/miaft.com\/fr\/wp-json\/wp\/v2\/product"}],"about":[{"href":"https:\/\/miaft.com\/fr\/wp-json\/wp\/v2\/types\/product"}],"version-history":[{"count":3,"href":"https:\/\/miaft.com\/fr\/wp-json\/wp\/v2\/product\/9726\/revisions"}],"predecessor-version":[{"id":9833,"href":"https:\/\/miaft.com\/fr\/wp-json\/wp\/v2\/product\/9726\/revisions\/9833"}],"wp:featuredmedia":[{"embeddable":true,"href":"https:\/\/miaft.com\/fr\/wp-json\/wp\/v2\/media\/36933"}],"wp:attachment":[{"href":"https:\/\/miaft.com\/fr\/wp-json\/wp\/v2\/media?parent=9726"}],"wp:term":[{"taxonomy":"finished_product","embeddable":true,"href":"https:\/\/miaft.com\/fr\/wp-json\/wp\/v2\/finished_product?post=9726"},{"taxonomy":"machine","embeddable":true,"href":"https:\/\/miaft.com\/fr\/wp-json\/wp\/v2\/machine?post=9726"},{"taxonomy":"processing","embeddable":true,"href":"https:\/\/miaft.com\/fr\/wp-json\/wp\/v2\/processing?post=9726"}],"curies":[{"name":"wp","href":"https:\/\/api.w.org\/{rel}","templated":true}]}}