{"id":9714,"date":"2024-09-10T16:35:44","date_gmt":"2024-09-10T14:35:44","guid":{"rendered":"https:\/\/miaft.com\/product\/pralinatrice-p20re\/"},"modified":"2025-06-24T17:08:04","modified_gmt":"2025-06-24T15:08:04","slug":"pralinatrice-p20re","status":"publish","type":"product","link":"https:\/\/miaft.com\/fr\/product\/pralinatrice-p20re\/","title":{"rendered":"Pralini\u00e8re\u00a0"},"content":{"rendered":"\n<div class=\"wp-block-group has-light-background-color has-background is-layout-flow wp-block-group-is-layout-flow\"><div class=\"oi-block oi-block-layout-container container\" style=\"\"  >\n    <div class=\"oi-block oi-block-layout-space\" style=\"--oi-block-space-xs:75px; --oi-block-space-sm:90px; --oi-block-space-md:90px; --oi-block-space-lg:120px; --oi-block-space-xl:120px; --oi-block-space-xxl:120px\"><\/div>\n\n\n\n<h3 class=\"wp-block-heading has-primary-color has-text-color has-link-color wp-elements-803b47f0e8ad11ad42847e6dedc46681\"><strong>Caract\u00e9ristiques techniques<\/strong><\/h3>\n\n\n    <div class=\"oi-block oi-block-layout-space\" style=\"--oi-block-space-xs:30px; --oi-block-space-sm:30px; --oi-block-space-md:30px; --oi-block-space-lg:30px; --oi-block-space-xl:30px; --oi-block-space-xxl:30px\"><\/div>\n\n\n    <div class=\"oi-block oi-block-layout-row row  row-vertical-gap\">\n        \n<div class=\"oi-block oi-block-layout-row-column col-12 col-sm-12 col-md-12 col-lg-3 col-xl-3 col-xxl-3\" style=\"\" >\n\n<h5 class=\"wp-block-heading has-primary-color has-text-color has-link-color wp-elements-8b260deb368b383b559ddfbdee6c6cad\" style=\"text-transform:uppercase\"><strong>CAPACIT\u00c9 DE PRODUCTION<\/strong><\/h5>\n\n\n    <div class=\"oi-block oi-block-layout-space\" style=\"--oi-block-space-xs:20px; --oi-block-space-sm:20px; --oi-block-space-md:20px; --oi-block-space-lg:20px; --oi-block-space-xl:20px; --oi-block-space-xxl:20px\"><\/div>\n\n\n\n<p>30-35 kg\/h<\/p>\n\n<\/div>\n\n<div class=\"oi-block oi-block-layout-row-column col-12 col-sm-12 col-md-12 col-lg-3 col-xl-3 col-xxl-3\" style=\"\" >\n\n<h5 class=\"wp-block-heading has-primary-color has-text-color has-link-color wp-elements-4281ebfbc1d0899e51d01805ac43ea74\" style=\"text-transform:uppercase\"><strong>CAPACIT\u00c9 DE LA CUVE<\/strong><\/h5>\n\n\n    <div class=\"oi-block oi-block-layout-space\" style=\"--oi-block-space-xs:20px; --oi-block-space-sm:20px; --oi-block-space-md:20px; --oi-block-space-lg:20px; --oi-block-space-xl:20px; --oi-block-space-xxl:20px\"><\/div>\n\n\n\n<p>10-20 kg<\/p>\n\n<\/div>\n\n<div class=\"oi-block oi-block-layout-row-column col-12 col-sm-12 col-md-12 col-lg-3 col-xl-3 col-xxl-3\" style=\"\" >\n\n<h5 class=\"wp-block-heading has-primary-color has-text-color has-link-color wp-elements-a26595df2891d80d567cbf2989374f8c\" style=\"text-transform:uppercase\"><strong>ENCOMBREMENT<\/strong><\/h5>\n\n\n    <div class=\"oi-block oi-block-layout-space\" style=\"--oi-block-space-xs:20px; --oi-block-space-sm:20px; --oi-block-space-md:20px; --oi-block-space-lg:20px; --oi-block-space-xl:20px; --oi-block-space-xxl:20px\"><\/div>\n\n\n\n<p>Largeur 1700 mm, Longueur 1300 mm, Hauteur 1650 mm. Poids: 380 kg<\/p>\n\n<\/div>\n\n<div class=\"oi-block oi-block-layout-row-column col-12 col-sm-12 col-md-12 col-lg-3 col-xl-3 col-xxl-3\" style=\"\" >\n\n<h5 class=\"wp-block-heading has-primary-color has-text-color has-link-color wp-elements-898391467207740ae522e809cce3d410\" style=\"text-transform:uppercase\"><strong>CONSOMMATION<\/strong><\/h5>\n\n\n    <div class=\"oi-block oi-block-layout-space\" style=\"--oi-block-space-xs:20px; --oi-block-space-sm:20px; --oi-block-space-md:20px; --oi-block-space-lg:20px; --oi-block-space-xl:20px; --oi-block-space-xxl:20px\"><\/div>\n\n\n\n<p>22 kW triphas\u00e9 400 V 50 Hz (possibilit\u00e9 de commander une machine fonctionnant \u00e0 une tension diff\u00e9rente)<\/p>\n\n<\/div>\n    <\/div>\n\n\n    <div class=\"oi-block oi-block-layout-space\" style=\"--oi-block-space-xs:75px; --oi-block-space-sm:90px; --oi-block-space-md:90px; --oi-block-space-lg:120px; --oi-block-space-xl:120px; --oi-block-space-xxl:120px\"><\/div>\n\n<\/div><\/div>\n\n\n<div class=\"oi-block oi-block-layout-container container\" style=\"\"  >\n    <div class=\"oi-block oi-block-layout-space\" style=\"--oi-block-space-xs:75px; --oi-block-space-sm:90px; --oi-block-space-md:90px; --oi-block-space-lg:120px; --oi-block-space-xl:120px; --oi-block-space-xxl:120px\"><\/div>\n\n\n<div class=\"oi-block oi-block-product-content\" >\n<div class=\"row justify-content-between\">\n    <div class=\"col-12 col-md-6 col-lg-5\">\n        \n\n<h3 class=\"wp-block-heading has-primary-color has-text-color has-link-color wp-elements-1d1aee5d28776c45076028c7d31329be\">Pralini\u00e8re\u00a0<\/h3>\n\n\n    <div class=\"oi-block oi-block-layout-space\" style=\"--oi-block-space-xs:30px; --oi-block-space-sm:30px; --oi-block-space-md:30px; --oi-block-space-lg:30px; --oi-block-space-xl:30px; --oi-block-space-xxl:30px\"><\/div>\n\n\n\n<p>L\u2019amuse-bouche sucr\u00e9 est la tentation alimentaire par excellence. MIA Food Tech propose des machines pratiques \u00e0 utiliser destin\u00e9es \u00e0 la fabrication de pralines et de drag\u00e9es.<\/p>\n\n\n\n<p>Les pralini\u00e8res P20RE sont des machines semi-automatiques, avec une structure enti\u00e8rement r\u00e9alis\u00e9e en acier inoxydable AISI 304 tandis que les turbines en cuivre trait\u00e9 pour l\u2019usage alimentaire, pour l'enrobage au sucre caram\u00e9lis\u00e9 de fruits secs en tout genre, entiers ou concass\u00e9s.<\/p>\n\n\n\n<p>Fonctionnalit\u00e9s \u00e9quipant les machines:<\/p>\n\n\n\n<ol class=\"wp-block-list\">\n<li>Contr\u00f4le \u00e9lectronique pour le r\u00e9glage de la vitesse de la turbine;<\/li>\n\n\n\n<li>Syst\u00e8me de rotation de la turbine pour permettre le d\u00e9chargement du produit et ajuster l\u2019inclination de la cuve pendant le travail pour am\u00e9liorer l\u2019enrobage;<\/li>\n\n\n\n<li>Circuit de chauffage de la turbine dot\u00e9 de r\u00e9sistances \u00e9lectriques et contr\u00f4le \u00e9lectronique de la temp\u00e9rature via thermor\u00e9gulateur num\u00e9rique.<\/li>\n<\/ol>\n\n    <\/div>\n    <div class=\"col-5 col-lg-4 d-none d-md-block\">\n        <div class=\"featured-product\">\n                                                                    <div class=\"bg-dark color-white featured-product-inner\">\n                        <div class=\"image-container\">\n                            <img decoding=\"async\" width=\"1500\" height=\"1399\" src=\"https:\/\/miaft.com\/wp-content\/uploads\/2024\/09\/mia-pralinatrice-p20re.jpg\" class=\"img-fluid\" alt=\"\" loading=\"lazy\" srcset=\"https:\/\/miaft.com\/wp-content\/uploads\/2024\/09\/mia-pralinatrice-p20re.jpg 1500w, https:\/\/miaft.com\/wp-content\/uploads\/2024\/09\/mia-pralinatrice-p20re-150x140.jpg 150w, https:\/\/miaft.com\/wp-content\/uploads\/2024\/09\/mia-pralinatrice-p20re-575x536.jpg 575w, https:\/\/miaft.com\/wp-content\/uploads\/2024\/09\/mia-pralinatrice-p20re-767x715.jpg 767w, https:\/\/miaft.com\/wp-content\/uploads\/2024\/09\/mia-pralinatrice-p20re-991x924.jpg 991w, https:\/\/miaft.com\/wp-content\/uploads\/2024\/09\/mia-pralinatrice-p20re-1199x1118.jpg 1199w\" sizes=\"(max-width: 1500px) 100vw, 1500px\" \/>                        <\/div>\n                                                    <h6 class=\"mb-2 text-uppercase color-secondary\">\n                                Pralin\u00e9s et drag\u00e9es                            <\/h6>\n                                                <h4 class=\"mb-0 color-white product-title\">\n                            Pralini\u00e8re\u00a0                        <\/h4>\n                                                    <p class=\"mt-3 mb-0\">pour la r\u00e9alisation de pralines de fruits secs caram\u00e9lis\u00e9s <\/p>\n                                                <div class=\"mt-4\">\n                            <div class=\"oi-block oi-block-layout-button\" ><a href=\"#contact-us\" title=\"\" class=\"btn btn-secondary-fill btn-type-default btn-medium\" >\n    Demande d\u2019informations    <\/a><\/div>                        <\/div>\n                    <\/div>\n                                                    <\/div>\n    <\/div>\n<\/div><\/div>\n\n    <div class=\"oi-block oi-block-layout-space\" style=\"--oi-block-space-xs:75px; --oi-block-space-sm:90px; --oi-block-space-md:90px; --oi-block-space-lg:120px; --oi-block-space-xl:120px; --oi-block-space-xxl:120px\"><\/div>\n\n<\/div>","protected":false},"excerpt":{"rendered":"<p>La pralini\u00e8re P20RE est une machine semi-automatique, avec une structure enti\u00e8rement r\u00e9alis\u00e9e en acier inoxydable AISI 304 tandis que les turbines sont en cuivre trait\u00e9 pour l\u2019usage alimentaire, pour l'enrobage au sucre caram\u00e9lis\u00e9 de fruits secs en tout genre, entiers ou concass\u00e9s.<\/p>\n","protected":false},"featured_media":29957,"parent":0,"menu_order":130,"template":"","meta":{"_seopress_robots_primary_cat":"none","_seopress_titles_title":"","_seopress_titles_desc":"","_seopress_robots_index":"","is_energy_saving":true,"is_for_sale":false,"show_footer_widget":true,"show_related_products":false,"product_subtitle":"pour la r\u00e9alisation de pralines de fruits secs caram\u00e9lis\u00e9s ","product_code":"P20RE","related_products_source":"related","related_products_list":"[]","product_powered_by_title":"","product_powered_by_image":"{}","product_on_sale_label":"","product_on_sale_label_1":"","product_on_sale_label_2":"","product_on_sale_label_3":"","product_on_sale_label_4":"","product_on_sale_label_5":"","footnotes":""},"finished_product":[114],"machine":[118],"processing":[126],"class_list":["post-9714","product","type-product","status-publish","has-post-thumbnail","hentry","finished_product-pralines-et-dragees","machine-machines-autonomes","processing-pralinage"],"_links":{"self":[{"href":"https:\/\/miaft.com\/fr\/wp-json\/wp\/v2\/product\/9714"}],"collection":[{"href":"https:\/\/miaft.com\/fr\/wp-json\/wp\/v2\/product"}],"about":[{"href":"https:\/\/miaft.com\/fr\/wp-json\/wp\/v2\/types\/product"}],"version-history":[{"count":2,"href":"https:\/\/miaft.com\/fr\/wp-json\/wp\/v2\/product\/9714\/revisions"}],"predecessor-version":[{"id":23585,"href":"https:\/\/miaft.com\/fr\/wp-json\/wp\/v2\/product\/9714\/revisions\/23585"}],"wp:featuredmedia":[{"embeddable":true,"href":"https:\/\/miaft.com\/fr\/wp-json\/wp\/v2\/media\/29957"}],"wp:attachment":[{"href":"https:\/\/miaft.com\/fr\/wp-json\/wp\/v2\/media?parent=9714"}],"wp:term":[{"taxonomy":"finished_product","embeddable":true,"href":"https:\/\/miaft.com\/fr\/wp-json\/wp\/v2\/finished_product?post=9714"},{"taxonomy":"machine","embeddable":true,"href":"https:\/\/miaft.com\/fr\/wp-json\/wp\/v2\/machine?post=9714"},{"taxonomy":"processing","embeddable":true,"href":"https:\/\/miaft.com\/fr\/wp-json\/wp\/v2\/processing?post=9714"}],"curies":[{"name":"wp","href":"https:\/\/api.w.org\/{rel}","templated":true}]}}