{"id":9702,"date":"2024-01-05T16:12:21","date_gmt":"2024-01-05T15:12:21","guid":{"rendered":"https:\/\/miaft.com\/product\/nastri-trasportatori-e-di-cernita-mod-2-po-3-op\/"},"modified":"2024-04-09T14:08:27","modified_gmt":"2024-04-09T12:08:27","slug":"nastri-trasportatori-e-di-cernita-mod-2-po-3-op","status":"publish","type":"product","link":"https:\/\/miaft.com\/fr\/product\/nastri-trasportatori-e-di-cernita-mod-2-po-3-op\/","title":{"rendered":"Convoyeurs \u00e0 bande de transport et de tri\u00a0"},"content":{"rendered":"<div class=\"oi-block oi-block-layout-container container\" style=\"\"  >\n    <div class=\"oi-block oi-block-layout-space\" style=\"--oi-block-space-xs:75px; --oi-block-space-sm:90px; --oi-block-space-md:90px; --oi-block-space-lg:120px; --oi-block-space-xl:120px; --oi-block-space-xxl:120px\"><\/div>\n\n\n<div class=\"oi-block oi-block-product-content\" >\n<div class=\"row justify-content-between\">\n    <div class=\"col-12 col-md-6 col-lg-5\">\n        \n\n<h3 class=\"wp-block-heading has-primary-color has-text-color has-link-color wp-elements-0b95c6d04ba736be12d7bc8590086f8e\">Convoyeurs \u00e0 bande de transport et de tri&nbsp;<\/h3>\n\n\n    <div class=\"oi-block oi-block-layout-space\" style=\"--oi-block-space-xs:30px; --oi-block-space-sm:30px; --oi-block-space-md:30px; --oi-block-space-lg:30px; --oi-block-space-xl:30px; --oi-block-space-xxl:30px\"><\/div>\n\n\n\n<p>Les convoyeurs \u00e0 bande inclin\u00e9s sont utilis\u00e9s pour automatiser et d\u00e9placer les fruits secs vers le chargement des machines situ\u00e9es en aval du processus. Le syst\u00e8me utilise des convoyeurs \u00e0 bande munis de pales et la tr\u00e9mie de chargement correspondante.<\/p>\n\n\n\n<p>La version lin\u00e9aire avec tr\u00e9mie de chargement est utilis\u00e9e pour le tri des fruits secs.\u00a0Ce processus est effectu\u00e9 avant ou apr\u00e8s la phase de torr\u00e9faction pour s\u00e9lectionner les diff\u00e9rentes qualit\u00e9s.<\/p>\n\n\n\n<p>Les dimensions (longueur, largeur, hauteur) sont variables en fonction de la demande du client.<\/p>\n\n\n\n<p>Structure en acier inoxydable AISI 304 et bandes en polyur\u00e9thane avec certification alimentaire.<\/p>\n\n\n\n<p>Pour plus d'informations, n\u2019h\u00e9sitez pas \u00e0 nous contacter.<\/p>\n\n\n\n<p>Dimensions d'encombrement et poids: sur demande.<\/p>\n\n    <\/div>\n    <div class=\"col-5 col-lg-4 d-none d-md-block\">\n        <div class=\"featured-product\">\n                                                                    <div class=\"bg-dark color-white featured-product-inner\">\n                        <div class=\"image-container\">\n                            <img decoding=\"async\" width=\"2560\" height=\"2029\" src=\"https:\/\/miaft.com\/wp-content\/uploads\/2024\/01\/nastri-trasportatori-e-di-cernita-mod-2-op-3-op.jpg\" class=\"img-fluid\" alt=\"\" loading=\"lazy\" srcset=\"https:\/\/miaft.com\/wp-content\/uploads\/2024\/01\/nastri-trasportatori-e-di-cernita-mod-2-op-3-op.jpg 2560w, https:\/\/miaft.com\/wp-content\/uploads\/2024\/01\/nastri-trasportatori-e-di-cernita-mod-2-op-3-op-1536x1217.jpg 1536w, https:\/\/miaft.com\/wp-content\/uploads\/2024\/01\/nastri-trasportatori-e-di-cernita-mod-2-op-3-op-2048x1623.jpg 2048w, https:\/\/miaft.com\/wp-content\/uploads\/2024\/01\/nastri-trasportatori-e-di-cernita-mod-2-op-3-op-150x119.jpg 150w, https:\/\/miaft.com\/wp-content\/uploads\/2024\/01\/nastri-trasportatori-e-di-cernita-mod-2-op-3-op-575x456.jpg 575w, https:\/\/miaft.com\/wp-content\/uploads\/2024\/01\/nastri-trasportatori-e-di-cernita-mod-2-op-3-op-767x608.jpg 767w, https:\/\/miaft.com\/wp-content\/uploads\/2024\/01\/nastri-trasportatori-e-di-cernita-mod-2-op-3-op-991x785.jpg 991w, https:\/\/miaft.com\/wp-content\/uploads\/2024\/01\/nastri-trasportatori-e-di-cernita-mod-2-op-3-op-1199x950.jpg 1199w\" sizes=\"(max-width: 2560px) 100vw, 2560px\" \/>                        <\/div>\n                                                    <h6 class=\"mb-2 text-uppercase color-secondary\">\n                                Fruits secs                            <\/h6>\n                                                <h4 class=\"mb-0 color-white product-title\">\n                            Convoyeurs \u00e0 bande de transport et de tri\u00a0                        <\/h4>\n                                                    <p class=\"mt-3 mb-0\">pour fruits secs <\/p>\n                                                <div class=\"mt-4\">\n                            <div class=\"oi-block oi-block-layout-button\" ><a href=\"#contact-us\" title=\"\" class=\"btn btn-secondary-fill btn-type-default btn-medium\" >\n    Demande d\u2019informations    <\/a><\/div>                        <\/div>\n                    <\/div>\n                                                    <\/div>\n    <\/div>\n<\/div><\/div>\n\n    <div class=\"oi-block oi-block-layout-space\" style=\"--oi-block-space-xs:75px; --oi-block-space-sm:90px; --oi-block-space-md:90px; --oi-block-space-lg:120px; --oi-block-space-xl:120px; --oi-block-space-xxl:120px\"><\/div>\n\n<\/div>","protected":false},"excerpt":{"rendered":"<p>Les convoyeurs \u00e0 bande inclin\u00e9s sont utilis\u00e9s pour automatiser et d\u00e9placer les fruits secs vers le chargement des machines situ\u00e9es en aval du processus. Le syst\u00e8me utilise des convoyeurs \u00e0 bande munis de pales et la tr\u00e9mie de chargement correspondante. <\/p>\n","protected":false},"featured_media":27983,"parent":0,"menu_order":173,"template":"","meta":{"_seopress_robots_primary_cat":"","_seopress_titles_title":"","_seopress_titles_desc":"","_seopress_robots_index":"","is_energy_saving":false,"is_for_sale":false,"show_footer_widget":true,"show_related_products":false,"product_subtitle":"pour fruits secs ","product_code":"MOD. 2-PO, 3-OP","related_products_source":"related","related_products_list":"[]","product_powered_by_title":"","product_powered_by_image":"{}","product_on_sale_label":"","product_on_sale_label_1":"","product_on_sale_label_2":"","product_on_sale_label_3":"","product_on_sale_label_4":"","product_on_sale_label_5":"","footnotes":""},"finished_product":[112],"machine":[117],"processing":[121],"class_list":["post-9702","product","type-product","status-publish","has-post-thumbnail","hentry","finished_product-fruits-secs","machine-lignes-automatiques","processing-tri"],"_links":{"self":[{"href":"https:\/\/miaft.com\/fr\/wp-json\/wp\/v2\/product\/9702"}],"collection":[{"href":"https:\/\/miaft.com\/fr\/wp-json\/wp\/v2\/product"}],"about":[{"href":"https:\/\/miaft.com\/fr\/wp-json\/wp\/v2\/types\/product"}],"version-history":[{"count":2,"href":"https:\/\/miaft.com\/fr\/wp-json\/wp\/v2\/product\/9702\/revisions"}],"predecessor-version":[{"id":9827,"href":"https:\/\/miaft.com\/fr\/wp-json\/wp\/v2\/product\/9702\/revisions\/9827"}],"wp:featuredmedia":[{"embeddable":true,"href":"https:\/\/miaft.com\/fr\/wp-json\/wp\/v2\/media\/27983"}],"wp:attachment":[{"href":"https:\/\/miaft.com\/fr\/wp-json\/wp\/v2\/media?parent=9702"}],"wp:term":[{"taxonomy":"finished_product","embeddable":true,"href":"https:\/\/miaft.com\/fr\/wp-json\/wp\/v2\/finished_product?post=9702"},{"taxonomy":"machine","embeddable":true,"href":"https:\/\/miaft.com\/fr\/wp-json\/wp\/v2\/machine?post=9702"},{"taxonomy":"processing","embeddable":true,"href":"https:\/\/miaft.com\/fr\/wp-json\/wp\/v2\/processing?post=9702"}],"curies":[{"name":"wp","href":"https:\/\/api.w.org\/{rel}","templated":true}]}}