{"id":9698,"date":"2024-01-05T15:37:14","date_gmt":"2024-01-05T14:37:14","guid":{"rendered":"https:\/\/miaft.com\/product\/linea-tostatura\/"},"modified":"2024-04-09T10:06:54","modified_gmt":"2024-04-09T08:06:54","slug":"linea-tostatura","status":"publish","type":"product","link":"https:\/\/miaft.com\/fr\/product\/linea-tostatura\/","title":{"rendered":"Ligne de torr\u00e9faction\u00a0"},"content":{"rendered":"<div class=\"oi-block oi-block-layout-container container\" style=\"\"  >\n    <div class=\"oi-block oi-block-layout-space\" style=\"--oi-block-space-xs:75px; --oi-block-space-sm:90px; --oi-block-space-md:90px; --oi-block-space-lg:120px; --oi-block-space-xl:120px; --oi-block-space-xxl:120px\"><\/div>\n\n\n<div class=\"oi-block oi-block-product-content\" >\n<div class=\"row justify-content-between\">\n    <div class=\"col-12 col-md-6 col-lg-5\">\n        \n\n<h3 class=\"wp-block-heading has-primary-color has-text-color has-link-color wp-elements-e11a92974a8a7a38f87504b0f644d7b9\">Ligne de torr\u00e9faction\u00a0<\/h3>\n\n\n    <div class=\"oi-block oi-block-layout-space\" style=\"--oi-block-space-xs:30px; --oi-block-space-sm:30px; --oi-block-space-md:30px; --oi-block-space-lg:30px; --oi-block-space-xl:30px; --oi-block-space-xxl:30px\"><\/div>\n\n\n\n<p>Pour obtenir des fruits secs de qualit\u00e9 commercialisables comme des produits finis ou \u00e0 utiliser comme mati\u00e8re premi\u00e8re dans l'industrie de la confiserie.<\/p>\n\n\n\n<p>MIA Food Tech propose une machine \u00e9lectronique destin\u00e9e \u00e0 la torr\u00e9faction et au s\u00e9chage des fruits secs (noisettes, amandes, cacahu\u00e8tes, etc.).<\/p>\n\n\n\n<p>La capacit\u00e9 de production peut varier, selon le mod\u00e8le choisi, de 50 \u00e0 250 kg\/lot.<\/p>\n\n\n\n<p>Le processus de torr\u00e9faction et de s\u00e9chage est uniforme tout au long du fonctionnement, la temp\u00e9rature est r\u00e9glable \u00e9lectroniquement, le chauffage au gaz est r\u00e9alis\u00e9 avec un syst\u00e8me de modulation pour optimiser la consommation et permettre un r\u00e9glage pr\u00e9cis de la temp\u00e9rature.<\/p>\n\n\n\n<p>La machine est \u00e9galement \u00e9quip\u00e9e d'un d\u00e9canteur cyclonique des fum\u00e9es raccord\u00e9 au torr\u00e9facteur.<\/p>\n\n\n\n<p>Les torr\u00e9facteurs de MIA Food Tech peuvent \u00e9galement \u00eatre \u00e9quip\u00e9s de:<\/p>\n\n\n\n<ol class=\"wp-block-list\">\n<li>Convoyeurs \u00e0 bande et tr\u00e9mies correspondantes pour le chargement automatique du produit dans le torr\u00e9facteur<\/li>\n\n\n\n<li>D\u00e9canteurs cycloniques des fum\u00e9es de combustion et de collecte des pellicules<\/li>\n\n\n\n<li>Carrousels pour le refroidissement des fruits torr\u00e9fi\u00e9s et leur nettoyage apr\u00e8s la torr\u00e9faction<\/li>\n<\/ol>\n\n\n    <div class=\"oi-block oi-block-layout-space\" style=\"--oi-block-space-xs:30px; --oi-block-space-sm:30px; --oi-block-space-md:30px; --oi-block-space-lg:30px; --oi-block-space-xl:30px; --oi-block-space-xxl:30px\"><\/div>\n\n\n\n<figure class=\"wp-block-embed is-type-video is-provider-youtube wp-block-embed-youtube wp-embed-aspect-4-3 wp-has-aspect-ratio\"><div class=\"wp-block-embed__wrapper\">\n<iframe loading=\"lazy\" title=\"MIA FOOD TECH TOSTATURA FRUTTA - ROASTING FRUITS - FOUR DE GRILLAGE POUR FRUITS\" width=\"500\" height=\"375\" src=\"https:\/\/www.youtube.com\/embed\/_CL1-gbS4SI?feature=oembed\" frameborder=\"0\" allow=\"accelerometer; autoplay; clipboard-write; encrypted-media; gyroscope; picture-in-picture; web-share\" referrerpolicy=\"strict-origin-when-cross-origin\" allowfullscreen><\/iframe>\n<\/div><\/figure>\n\n    <\/div>\n    <div class=\"col-5 col-lg-4 d-none d-md-block\">\n        <div class=\"featured-product\">\n                                                                    <div class=\"bg-dark color-white featured-product-inner\">\n                        <div class=\"image-container\">\n                            <img decoding=\"async\" width=\"1024\" height=\"1024\" src=\"https:\/\/miaft.com\/wp-content\/uploads\/2024\/01\/linea-tostatura.jpg\" class=\"img-fluid\" alt=\"\" loading=\"lazy\" srcset=\"https:\/\/miaft.com\/wp-content\/uploads\/2024\/01\/linea-tostatura.jpg 1024w, https:\/\/miaft.com\/wp-content\/uploads\/2024\/01\/linea-tostatura-150x150.jpg 150w, https:\/\/miaft.com\/wp-content\/uploads\/2024\/01\/linea-tostatura-575x575.jpg 575w, https:\/\/miaft.com\/wp-content\/uploads\/2024\/01\/linea-tostatura-767x767.jpg 767w, https:\/\/miaft.com\/wp-content\/uploads\/2024\/01\/linea-tostatura-991x991.jpg 991w\" sizes=\"(max-width: 1024px) 100vw, 1024px\" \/>                        <\/div>\n                                                    <h6 class=\"mb-2 text-uppercase color-secondary\">\n                                Fruits secs                            <\/h6>\n                                                <h4 class=\"mb-0 color-white product-title\">\n                            Ligne de torr\u00e9faction\u00a0                        <\/h4>\n                                                    <p class=\"mt-3 mb-0\">pour fruits secs <\/p>\n                                                <div class=\"mt-4\">\n                            <div class=\"oi-block oi-block-layout-button\" ><a href=\"#contact-us\" title=\"\" class=\"btn btn-secondary-fill btn-type-default btn-medium\" >\n    Demande d\u2019informations    <\/a><\/div>                        <\/div>\n                    <\/div>\n                                                    <\/div>\n    <\/div>\n<\/div><\/div>\n\n    <div class=\"oi-block oi-block-layout-space\" style=\"--oi-block-space-xs:75px; --oi-block-space-sm:90px; --oi-block-space-md:90px; --oi-block-space-lg:120px; --oi-block-space-xl:120px; --oi-block-space-xxl:120px\"><\/div>\n\n<\/div>","protected":false},"excerpt":{"rendered":"<p>Pour obtenir des fruits secs de qualit\u00e9 commercialisables comme des produits finis ou \u00e0 utiliser comme mati\u00e8re premi\u00e8re dans l'industrie de la confiserie. <\/p>\n","protected":false},"featured_media":28223,"parent":0,"menu_order":172,"template":"","meta":{"_seopress_robots_primary_cat":"","_seopress_titles_title":"","_seopress_titles_desc":"","_seopress_robots_index":"","is_energy_saving":false,"is_for_sale":false,"show_footer_widget":true,"show_related_products":false,"product_subtitle":"pour fruits secs ","product_code":"","related_products_source":"related","related_products_list":"[]","product_powered_by_title":"","product_powered_by_image":"{}","product_on_sale_label":"","product_on_sale_label_1":"","product_on_sale_label_2":"","product_on_sale_label_3":"","product_on_sale_label_4":"","product_on_sale_label_5":"","footnotes":""},"finished_product":[112],"machine":[117],"processing":[134],"class_list":["post-9698","product","type-product","status-publish","has-post-thumbnail","hentry","finished_product-fruits-secs","machine-lignes-automatiques","processing-torrefaction-et-pelage"],"_links":{"self":[{"href":"https:\/\/miaft.com\/fr\/wp-json\/wp\/v2\/product\/9698"}],"collection":[{"href":"https:\/\/miaft.com\/fr\/wp-json\/wp\/v2\/product"}],"about":[{"href":"https:\/\/miaft.com\/fr\/wp-json\/wp\/v2\/types\/product"}],"version-history":[{"count":1,"href":"https:\/\/miaft.com\/fr\/wp-json\/wp\/v2\/product\/9698\/revisions"}],"predecessor-version":[{"id":9699,"href":"https:\/\/miaft.com\/fr\/wp-json\/wp\/v2\/product\/9698\/revisions\/9699"}],"wp:featuredmedia":[{"embeddable":true,"href":"https:\/\/miaft.com\/fr\/wp-json\/wp\/v2\/media\/28223"}],"wp:attachment":[{"href":"https:\/\/miaft.com\/fr\/wp-json\/wp\/v2\/media?parent=9698"}],"wp:term":[{"taxonomy":"finished_product","embeddable":true,"href":"https:\/\/miaft.com\/fr\/wp-json\/wp\/v2\/finished_product?post=9698"},{"taxonomy":"machine","embeddable":true,"href":"https:\/\/miaft.com\/fr\/wp-json\/wp\/v2\/machine?post=9698"},{"taxonomy":"processing","embeddable":true,"href":"https:\/\/miaft.com\/fr\/wp-json\/wp\/v2\/processing?post=9698"}],"curies":[{"name":"wp","href":"https:\/\/api.w.org\/{rel}","templated":true}]}}