{"id":9695,"date":"2024-01-06T18:34:41","date_gmt":"2024-01-06T17:34:41","guid":{"rendered":"https:\/\/miaft.com\/product\/linea-start-up-barrette\/"},"modified":"2025-09-04T15:24:28","modified_gmt":"2025-09-04T13:24:28","slug":"linea-start-up-barrette","status":"publish","type":"product","link":"https:\/\/miaft.com\/fr\/product\/linea-start-up-barrette\/","title":{"rendered":"Ligne de production de barres START-UP\u00a0"},"content":{"rendered":"\n<div class=\"wp-block-group has-light-background-color has-background is-layout-flow wp-block-group-is-layout-flow\"><div class=\"oi-block oi-block-layout-container container\" style=\"\"  >\n    <div class=\"oi-block oi-block-layout-space\" style=\"--oi-block-space-xs:75px; --oi-block-space-sm:90px; --oi-block-space-md:90px; --oi-block-space-lg:120px; --oi-block-space-xl:120px; --oi-block-space-xxl:120px\"><\/div>\n\n\n    <div class=\"oi-block oi-block-layout-row row  \">\n        \n<div class=\"oi-block oi-block-layout-row-column col-12 col-sm-12 col-md-12 col-lg-6 col-xl-5 col-xxl-5\" style=\"\" >\n\n<h3 class=\"wp-block-heading has-primary-color has-text-color has-link-color wp-elements-099ab7a8929c7c8e7057c3e5d4a578f6\"><strong>Caract\u00e9ristiques<\/strong><\/h3>\n\n\n    <div class=\"oi-block oi-block-layout-space\" style=\"--oi-block-space-xs:30px; --oi-block-space-sm:30px; --oi-block-space-md:30px; --oi-block-space-lg:30px; --oi-block-space-xl:30px; --oi-block-space-xxl:30px\"><\/div>\n\n<\/div>\n    <\/div>\n\n\n    <div class=\"oi-block oi-block-layout-row row  \">\n        \n<div class=\"oi-block oi-block-layout-row-column col-12 col-sm-12 col-md-12 col-lg-6 col-xl-5 col-xxl-5\" style=\"\" >\n\n<p>La <strong>ligne de production de barres START UP<\/strong> est la solution d'entr\u00e9e de gamme de machines de production de barres et de nougatine.<\/p>\n\n\n\n<p>Elle est con\u00e7ue pour produire environ 400 - 800 barres\/heure (selon la taille des barres et les recettes) avec 1 op\u00e9rateur seulement et une surface de travail d'environ 16 - 20 m\u00e8tres m<sup>2<\/sup>.<\/p>\n\n\n\n<p>Elle convient aux petites entreprises, aux start-up et au d\u00e9veloppement de nouvelles recettes dans les laboratoires de R&amp;D.<\/p>\n\n\n\n<p>Il s\u2019agit d\u2019un syst\u00e8me tr\u00e8s polyvalent et hautement \u00e9volutif car il peut \u00eatre facilement agrandi avec l'ajout de tables ou de cuiseurs suppl\u00e9mentaires pour augmenter la capacit\u00e9 de production.<\/p>\n\n\n\n<p>La ligne comprend un cuiseur C1 AUTO qui compl\u00e8te le plan de travail thermostat\u00e9 \u00e9quip\u00e9 de coupeurs assurant la coupe longitudinale et transversale des barres.<\/p>\n\n<\/div>\n\n<div class=\"oi-block oi-block-layout-row-column col-0 col-sm-0 col-md-0 col-lg-0 col-xl-1 col-xxl-1 d-none d-sm-none d-md-none d-lg-none d-xl-block d-xxl-block\" style=\"\" ><\/div>\n\n<div class=\"oi-block oi-block-layout-row-column col-12 col-sm-12 col-md-12 col-lg-6 col-xl-5 col-xxl-5\" style=\"\" >\n\n<h5 class=\"wp-block-heading has-primary-color has-text-color has-link-color wp-elements-ff80e5f0cefa42b5ff0ca38efaa98366\" style=\"text-transform:uppercase\"><strong>NOMBRE D'OP\u00c9RATEURS<\/strong><\/h5>\n\n\n\n<p>1-2<\/p>\n\n\n    <div class=\"oi-block oi-block-layout-space\" style=\"--oi-block-space-xs:30px; --oi-block-space-sm:30px; --oi-block-space-md:30px; --oi-block-space-lg:30px; --oi-block-space-xl:30px; --oi-block-space-xxl:30px\"><\/div>\n\n\n\n<h5 class=\"wp-block-heading has-primary-color has-text-color has-link-color wp-elements-b92dbc15224a7f5063a76c1caae62dc3\" style=\"text-transform:uppercase\"><strong>SURFACE DE LA ZONE DE TRAVAIL<\/strong><\/h5>\n\n\n\n<p>30 m<sup>2<\/sup><\/p>\n\n\n    <div class=\"oi-block oi-block-layout-space\" style=\"--oi-block-space-xs:30px; --oi-block-space-sm:30px; --oi-block-space-md:30px; --oi-block-space-lg:30px; --oi-block-space-xl:30px; --oi-block-space-xxl:30px\"><\/div>\n\n\n\n<h5 class=\"wp-block-heading has-primary-color has-text-color has-link-color wp-elements-c3348c95a21bee9a28d6fa79f531915a\" style=\"text-transform:uppercase\"><strong>PRODUCTION<\/strong><\/h5>\n\n\n\n<p>400-800 barres\/heure variable en fonction de la taille et du type de produit<\/p>\n\n<\/div>\n    <\/div>\n\n\n    <div class=\"oi-block oi-block-layout-space\" style=\"--oi-block-space-xs:75px; --oi-block-space-sm:90px; --oi-block-space-md:90px; --oi-block-space-lg:120px; --oi-block-space-xl:120px; --oi-block-space-xxl:120px\"><\/div>\n\n<\/div><\/div>\n\n\n<div class=\"oi-block oi-block-layout-container container\" style=\"\"  >\n    <div class=\"oi-block oi-block-layout-space\" style=\"--oi-block-space-xs:75px; --oi-block-space-sm:90px; --oi-block-space-md:90px; --oi-block-space-lg:120px; --oi-block-space-xl:120px; --oi-block-space-xxl:120px\"><\/div>\n\n\n\n<h3 class=\"wp-block-heading has-primary-color has-text-color has-link-color wp-elements-b0056df88acdc01275d12ab0793322c4\"><strong>Composition de la ligne<\/strong><\/h3>\n\n\n    <div class=\"oi-block oi-block-layout-space\" style=\"--oi-block-space-xs:30px; --oi-block-space-sm:30px; --oi-block-space-md:30px; --oi-block-space-lg:30px; --oi-block-space-xl:30px; --oi-block-space-xxl:30px\"><\/div>\n\n\n    <div class=\"oi-block oi-block-layout-row row  \">\n        \n<div class=\"oi-block oi-block-layout-row-column col-12 col-sm-6 col-md-6 col-lg-4 col-xl-4 col-xxl-4\" style=\"\" >\n<div class=\"oi-block oi-block-product-miniature\" >        <div class=\"single-product-miniature with-number\">\n    <div class=\"thumbnail-container\">\n        <a class=\"d-block\" href=\"https:\/\/miaft.com\/fr\/product\/cuocitore-ad-alte-temperature-c1-c2-c3-auto\/\">\n            <img decoding=\"async\" width=\"767\" height=\"767\" src=\"https:\/\/miaft.com\/wp-content\/uploads\/2024\/09\/web-mia-food-tech-cuocitore-ad-alte-temperature-c1-c2-c3-auto-1-767x767.jpg\" class=\"img-fluid\" alt=\"\" loading=\"lazy\" srcset=\"https:\/\/miaft.com\/wp-content\/uploads\/2024\/09\/web-mia-food-tech-cuocitore-ad-alte-temperature-c1-c2-c3-auto-1-767x767.jpg 767w, https:\/\/miaft.com\/wp-content\/uploads\/2024\/09\/web-mia-food-tech-cuocitore-ad-alte-temperature-c1-c2-c3-auto-1-150x150.jpg 150w, https:\/\/miaft.com\/wp-content\/uploads\/2024\/09\/web-mia-food-tech-cuocitore-ad-alte-temperature-c1-c2-c3-auto-1-575x575.jpg 575w, https:\/\/miaft.com\/wp-content\/uploads\/2024\/09\/web-mia-food-tech-cuocitore-ad-alte-temperature-c1-c2-c3-auto-1-991x991.jpg 991w, https:\/\/miaft.com\/wp-content\/uploads\/2024\/09\/web-mia-food-tech-cuocitore-ad-alte-temperature-c1-c2-c3-auto-1-1199x1199.jpg 1199w, https:\/\/miaft.com\/wp-content\/uploads\/2024\/09\/web-mia-food-tech-cuocitore-ad-alte-temperature-c1-c2-c3-auto-1.jpg 1500w\" sizes=\"(max-width: 767px) 100vw, 767px\" \/>        <\/a>\n        <div class=\"post-info\">\n                            <div class=\"post-terms\">\n                                            <div>\n                            <h6 class=\"post-term\" style=\"border: 2px solid #66bdcd;\">Barres \u00e9nerg\u00e9tiques<\/h6>\n                        <\/div>\n                                            <div>\n                            <h6 class=\"post-term\" style=\"border: 2px solid #66bdcd;\">Nougatine<\/h6>\n                        <\/div>\n                                    <\/div>\n                    <\/div>\n                    <div class=\"post-number\">\n                <span>\n                    x 1                <\/span>\n            <\/div>\n            <\/div>\n    <div class=\"post-main\">\n                    <h6 class=\"font-weight-bold text-uppercase color-primary\">C1\/C2\/C3 AUTO<\/h6>\n        \n        <a class=\"d-block\" href=\"https:\/\/miaft.com\/fr\/product\/cuocitore-ad-alte-temperature-c1-c2-c3-auto\/\" title=\"Cuiseur \u00e0 haute temp\u00e9rature\u00a0\">\n            <h4 class=\"mb-0 post-title\">Cuiseur \u00e0 haute temp\u00e9rature\u00a0<\/h4>\n        <\/a>\n\n                    <h6 class=\"font-weight-regular mb-0 mt-2\">pour la production de barres \u00e9nerg\u00e9tiques et de nougatine <\/h6>\n            <\/div>\n    <\/div>        <\/div>\n<\/div>\n\n<div class=\"oi-block oi-block-layout-row-column col-12 col-sm-6 col-md-6 col-lg-4 col-xl-4 col-xxl-4\" style=\"\" >\n<div class=\"oi-block oi-block-product-miniature\" >        <div class=\"single-product-miniature with-number\">\n    <div class=\"thumbnail-container\">\n        <a class=\"d-block\" href=\"https:\/\/miaft.com\/fr\/product\/tavolo-in-inox-con-taglierina-cutting-table\/\">\n            <img decoding=\"async\" width=\"767\" height=\"762\" src=\"https:\/\/miaft.com\/wp-content\/uploads\/2023\/12\/tavolo-in-inox-con-taglierina-cutting-table-1-767x762.jpg\" class=\"img-fluid\" alt=\"\" loading=\"lazy\" srcset=\"https:\/\/miaft.com\/wp-content\/uploads\/2023\/12\/tavolo-in-inox-con-taglierina-cutting-table-1-767x762.jpg 767w, https:\/\/miaft.com\/wp-content\/uploads\/2023\/12\/tavolo-in-inox-con-taglierina-cutting-table-1-150x149.jpg 150w, https:\/\/miaft.com\/wp-content\/uploads\/2023\/12\/tavolo-in-inox-con-taglierina-cutting-table-1-575x572.jpg 575w, https:\/\/miaft.com\/wp-content\/uploads\/2023\/12\/tavolo-in-inox-con-taglierina-cutting-table-1-991x985.jpg 991w, https:\/\/miaft.com\/wp-content\/uploads\/2023\/12\/tavolo-in-inox-con-taglierina-cutting-table-1-1199x1192.jpg 1199w, https:\/\/miaft.com\/wp-content\/uploads\/2023\/12\/tavolo-in-inox-con-taglierina-cutting-table-1.jpg 1500w\" sizes=\"(max-width: 767px) 100vw, 767px\" \/>        <\/a>\n        <div class=\"post-info\">\n                            <div class=\"post-terms\">\n                                            <div>\n                            <h6 class=\"post-term\" style=\"border: 2px solid #66bdcd;\">Barres \u00e9nerg\u00e9tiques<\/h6>\n                        <\/div>\n                                            <div>\n                            <h6 class=\"post-term\" style=\"border: 2px solid #66bdcd;\">Nougatine<\/h6>\n                        <\/div>\n                                    <\/div>\n                    <\/div>\n                    <div class=\"post-number\">\n                <span>\n                    x 1                <\/span>\n            <\/div>\n            <\/div>\n    <div class=\"post-main\">\n                    <h6 class=\"font-weight-bold text-uppercase color-primary\">CUTTING TABLE<\/h6>\n        \n        <a class=\"d-block\" href=\"https:\/\/miaft.com\/fr\/product\/tavolo-in-inox-con-taglierina-cutting-table\/\" title=\"Table en inox \u00e9quip\u00e9e de coupeurs\u00a0\">\n            <h4 class=\"mb-0 post-title\">Table en inox \u00e9quip\u00e9e de coupeurs\u00a0<\/h4>\n        <\/a>\n\n                    <h6 class=\"font-weight-regular mb-0 mt-2\">pour la coupe de nougatine et de barres de c\u00e9r\u00e9ales <\/h6>\n            <\/div>\n    <\/div>        <\/div>\n<\/div>\n    <\/div>\n\n\n    <div class=\"oi-block oi-block-layout-space\" style=\"--oi-block-space-xs:30px; --oi-block-space-sm:30px; --oi-block-space-md:30px; --oi-block-space-lg:30px; --oi-block-space-xl:30px; --oi-block-space-xxl:30px\"><\/div>\n\n\n    <div class=\"oi-block oi-block-layout-space\" style=\"--oi-block-space-xs:75px; --oi-block-space-sm:90px; --oi-block-space-md:90px; --oi-block-space-lg:120px; --oi-block-space-xl:120px; --oi-block-space-xxl:120px\"><\/div>\n\n\n<div class=\"oi-block oi-block-product-content\" >\n<div class=\"row justify-content-between\">\n    <div class=\"col-12 col-md-6 col-lg-5\">\n        \n\n<h3 class=\"wp-block-heading has-primary-color has-text-color has-link-color wp-elements-bef5702c0f270666aeab50d25462dcc5\"><strong>Composition d\u00e9taill\u00e9e de l\u2019installation<\/strong><\/h3>\n\n\n    <div class=\"oi-block oi-block-layout-space\" style=\"--oi-block-space-xs:30px; --oi-block-space-sm:30px; --oi-block-space-md:30px; --oi-block-space-lg:30px; --oi-block-space-xl:30px; --oi-block-space-xxl:30px\"><\/div>\n\n\n\n<figure class=\"wp-block-image size-full\"><img loading=\"lazy\" decoding=\"async\" width=\"1746\" height=\"1746\" src=\"https:\/\/miaft.com\/wp-content\/uploads\/2023\/12\/cuocitore-ad-alte-temperature-c1-c2-c3-auto.jpg\" alt=\"\" class=\"wp-image-27769\" srcset=\"https:\/\/miaft.com\/wp-content\/uploads\/2023\/12\/cuocitore-ad-alte-temperature-c1-c2-c3-auto.jpg 1746w, https:\/\/miaft.com\/wp-content\/uploads\/2023\/12\/cuocitore-ad-alte-temperature-c1-c2-c3-auto-1536x1536.jpg 1536w, https:\/\/miaft.com\/wp-content\/uploads\/2023\/12\/cuocitore-ad-alte-temperature-c1-c2-c3-auto-150x150.jpg 150w, https:\/\/miaft.com\/wp-content\/uploads\/2023\/12\/cuocitore-ad-alte-temperature-c1-c2-c3-auto-575x575.jpg 575w, https:\/\/miaft.com\/wp-content\/uploads\/2023\/12\/cuocitore-ad-alte-temperature-c1-c2-c3-auto-767x767.jpg 767w, https:\/\/miaft.com\/wp-content\/uploads\/2023\/12\/cuocitore-ad-alte-temperature-c1-c2-c3-auto-991x991.jpg 991w, https:\/\/miaft.com\/wp-content\/uploads\/2023\/12\/cuocitore-ad-alte-temperature-c1-c2-c3-auto-1199x1199.jpg 1199w\" sizes=\"(max-width: 1746px) 100vw, 1746px\" \/><\/figure>\n\n\n\n<h3 class=\"wp-block-heading has-primary-color has-text-color has-link-color wp-elements-92f2175ffe13997d41c01fa0b907a1a0\"><strong>1 cuiseur C1 AUTO<\/strong><\/h3>\n\n\n    <div class=\"oi-block oi-block-layout-space\" style=\"--oi-block-space-xs:30px; --oi-block-space-sm:30px; --oi-block-space-md:30px; --oi-block-space-lg:30px; --oi-block-space-xl:30px; --oi-block-space-xxl:30px\"><\/div>\n\n\n\n<p>Les cuiseurs pour barres \/ nougatine produits par MIA Food Tech sont con\u00e7us pour la cuisson de p\u00e2tes et peuvent atteindre une temp\u00e9rature \u00e9lev\u00e9e (jusqu'\u00e0 230 \u00b0C), mais ils peuvent \u00e9galement fonctionner \u00e0 temp\u00e9rature ambiante.<\/p>\n\n\n    <div class=\"oi-block oi-block-layout-space\" style=\"--oi-block-space-xs:30px; --oi-block-space-sm:30px; --oi-block-space-md:30px; --oi-block-space-lg:30px; --oi-block-space-xl:30px; --oi-block-space-xxl:30px\"><\/div>\n\n\n    <div class=\"oi-block oi-block-layout-space\" style=\"--oi-block-space-xs:30px; --oi-block-space-sm:45px; --oi-block-space-md:60px; --oi-block-space-lg:75px; --oi-block-space-xl:90px; --oi-block-space-xxl:90px\"><\/div>\n\n\n\n<figure class=\"wp-block-image size-full\"><img loading=\"lazy\" decoding=\"async\" width=\"1500\" height=\"1491\" src=\"https:\/\/miaft.com\/wp-content\/uploads\/2023\/12\/tavolo-in-inox-con-taglierina-cutting-table-1.jpg\" alt=\"\" class=\"wp-image-27843\" srcset=\"https:\/\/miaft.com\/wp-content\/uploads\/2023\/12\/tavolo-in-inox-con-taglierina-cutting-table-1.jpg 1500w, https:\/\/miaft.com\/wp-content\/uploads\/2023\/12\/tavolo-in-inox-con-taglierina-cutting-table-1-150x149.jpg 150w, https:\/\/miaft.com\/wp-content\/uploads\/2023\/12\/tavolo-in-inox-con-taglierina-cutting-table-1-575x572.jpg 575w, https:\/\/miaft.com\/wp-content\/uploads\/2023\/12\/tavolo-in-inox-con-taglierina-cutting-table-1-767x762.jpg 767w, https:\/\/miaft.com\/wp-content\/uploads\/2023\/12\/tavolo-in-inox-con-taglierina-cutting-table-1-991x985.jpg 991w, https:\/\/miaft.com\/wp-content\/uploads\/2023\/12\/tavolo-in-inox-con-taglierina-cutting-table-1-1199x1192.jpg 1199w\" sizes=\"(max-width: 1500px) 100vw, 1500px\" \/><\/figure>\n\n\n\n<h3 class=\"wp-block-heading has-primary-color has-text-color has-link-color wp-elements-45befbcfb1c65b60db3f204c57eafd1f\"><strong>1 table en inox avec coupeur CUTTING TABLE<\/strong><\/h3>\n\n\n    <div class=\"oi-block oi-block-layout-space\" style=\"--oi-block-space-xs:30px; --oi-block-space-sm:30px; --oi-block-space-md:30px; --oi-block-space-lg:30px; --oi-block-space-xl:30px; --oi-block-space-xxl:30px\"><\/div>\n\n\n\n<p>Un plan de travail \u00e9quip\u00e9 de coupeurs pour le laminage et la coupe de la p\u00e2tes de nougatine et de barres \u00e9nerg\u00e9tiques. Elle peut \u00e9ventuellement \u00eatre \u00e9quip\u00e9e d'un syst\u00e8me de chauffage \/ refroidissement.<\/p>\n\n    <\/div>\n    <div class=\"col-5 col-lg-4 d-none d-md-block\">\n        <div class=\"featured-product\">\n                                                                    <div class=\"bg-dark color-white featured-product-inner\">\n                        <div class=\"image-container\">\n                            <img decoding=\"async\" width=\"1536\" height=\"1037\" src=\"https:\/\/miaft.com\/wp-content\/uploads\/2024\/01\/linea-start-up-barrette.jpg\" class=\"img-fluid\" alt=\"\" loading=\"lazy\" srcset=\"https:\/\/miaft.com\/wp-content\/uploads\/2024\/01\/linea-start-up-barrette.jpg 1536w, https:\/\/miaft.com\/wp-content\/uploads\/2024\/01\/linea-start-up-barrette-150x101.jpg 150w, https:\/\/miaft.com\/wp-content\/uploads\/2024\/01\/linea-start-up-barrette-575x388.jpg 575w, https:\/\/miaft.com\/wp-content\/uploads\/2024\/01\/linea-start-up-barrette-767x518.jpg 767w, https:\/\/miaft.com\/wp-content\/uploads\/2024\/01\/linea-start-up-barrette-991x669.jpg 991w, https:\/\/miaft.com\/wp-content\/uploads\/2024\/01\/linea-start-up-barrette-1199x809.jpg 1199w\" sizes=\"(max-width: 1536px) 100vw, 1536px\" \/>                        <\/div>\n                                                    <h6 class=\"mb-2 text-uppercase color-secondary\">\n                                Barres \u00e9nerg\u00e9tiques & Nougatine                            <\/h6>\n                                                <h4 class=\"mb-0 color-white product-title\">\n                            Ligne de production de barres START-UP\u00a0                        <\/h4>\n                                                    <p class=\"mt-3 mb-0\">ligne de production de barres artisanale cl\u00e9 en main d\u2019une capacit\u00e9 de 5 000 pi\u00e8ces\/jour <\/p>\n                                                <div class=\"mt-4\">\n                            <div class=\"oi-block oi-block-layout-button\" ><a href=\"#contact-us\" title=\"\" class=\"btn btn-secondary-fill btn-type-default btn-medium\" >\n    Demande d\u2019informations    <\/a><\/div>                        <\/div>\n                    <\/div>\n                                                    <\/div>\n    <\/div>\n<\/div><\/div>\n\n    <div class=\"oi-block oi-block-layout-space\" style=\"--oi-block-space-xs:75px; --oi-block-space-sm:90px; --oi-block-space-md:90px; --oi-block-space-lg:120px; --oi-block-space-xl:120px; --oi-block-space-xxl:120px\"><\/div>\n\n<\/div>","protected":false},"excerpt":{"rendered":"<p>La ligne de production de barres START UP est la solution d'entr\u00e9e de gamme de machines de production de barres et de nougatine. <\/p>\n","protected":false},"featured_media":28109,"parent":0,"menu_order":55,"template":"","meta":{"_seopress_robots_primary_cat":"none","_seopress_titles_title":"","_seopress_titles_desc":"","_seopress_robots_index":"","is_energy_saving":false,"is_for_sale":false,"show_footer_widget":true,"show_related_products":false,"product_subtitle":"ligne de production de barres artisanale cl\u00e9 en main d\u2019une capacit\u00e9 de 5 000 pi\u00e8ces\/jour ","product_code":"C1 AUTO + TABLE DE COUPE ","related_products_source":"related","related_products_list":"[]","product_powered_by_title":"","product_powered_by_image":"{}","product_on_sale_label":"","product_on_sale_label_1":"","product_on_sale_label_2":"","product_on_sale_label_3":"","product_on_sale_label_4":"","product_on_sale_label_5":"","footnotes":""},"finished_product":[109,111],"machine":[116],"processing":[132],"class_list":["post-9695","product","type-product","status-publish","has-post-thumbnail","hentry","finished_product-barres-energetiques","finished_product-nougatine","machine-installations-cle-en-main","processing-laminage-et-coupe"],"_links":{"self":[{"href":"https:\/\/miaft.com\/fr\/wp-json\/wp\/v2\/product\/9695"}],"collection":[{"href":"https:\/\/miaft.com\/fr\/wp-json\/wp\/v2\/product"}],"about":[{"href":"https:\/\/miaft.com\/fr\/wp-json\/wp\/v2\/types\/product"}],"version-history":[{"count":2,"href":"https:\/\/miaft.com\/fr\/wp-json\/wp\/v2\/product\/9695\/revisions"}],"predecessor-version":[{"id":28116,"href":"https:\/\/miaft.com\/fr\/wp-json\/wp\/v2\/product\/9695\/revisions\/28116"}],"wp:featuredmedia":[{"embeddable":true,"href":"https:\/\/miaft.com\/fr\/wp-json\/wp\/v2\/media\/28109"}],"wp:attachment":[{"href":"https:\/\/miaft.com\/fr\/wp-json\/wp\/v2\/media?parent=9695"}],"wp:term":[{"taxonomy":"finished_product","embeddable":true,"href":"https:\/\/miaft.com\/fr\/wp-json\/wp\/v2\/finished_product?post=9695"},{"taxonomy":"machine","embeddable":true,"href":"https:\/\/miaft.com\/fr\/wp-json\/wp\/v2\/machine?post=9695"},{"taxonomy":"processing","embeddable":true,"href":"https:\/\/miaft.com\/fr\/wp-json\/wp\/v2\/processing?post=9695"}],"curies":[{"name":"wp","href":"https:\/\/api.w.org\/{rel}","templated":true}]}}