{"id":9692,"date":"2024-01-07T16:59:38","date_gmt":"2024-01-07T15:59:38","guid":{"rendered":"https:\/\/miaft.com\/product\/linea-smart-barrette\/"},"modified":"2026-01-16T18:06:09","modified_gmt":"2026-01-16T17:06:09","slug":"linea-smart-barrette","status":"publish","type":"product","link":"https:\/\/miaft.com\/fr\/product\/linea-smart-barrette\/","title":{"rendered":"Ligne de production de barres SMART\u00a0"},"content":{"rendered":"\n<div class=\"wp-block-group has-light-background-color has-background is-layout-flow wp-block-group-is-layout-flow\"><div class=\"oi-block oi-block-layout-container container\" style=\"\"  >\n    <div class=\"oi-block oi-block-layout-space\" style=\"--oi-block-space-xs:75px; --oi-block-space-sm:90px; --oi-block-space-md:90px; --oi-block-space-lg:120px; --oi-block-space-xl:120px; --oi-block-space-xxl:120px\"><\/div>\n\n\n    <div class=\"oi-block oi-block-layout-row row  \">\n        \n<div class=\"oi-block oi-block-layout-row-column col-12 col-sm-12 col-md-12 col-lg-6 col-xl-5 col-xxl-5\" style=\"\" >\n\n<h3 class=\"wp-block-heading has-primary-color has-text-color has-link-color wp-elements-099ab7a8929c7c8e7057c3e5d4a578f6\"><strong>Caract\u00e9ristiques<\/strong><\/h3>\n\n\n    <div class=\"oi-block oi-block-layout-space\" style=\"--oi-block-space-xs:30px; --oi-block-space-sm:30px; --oi-block-space-md:30px; --oi-block-space-lg:30px; --oi-block-space-xl:30px; --oi-block-space-xxl:30px\"><\/div>\n\n<\/div>\n    <\/div>\n\n\n    <div class=\"oi-block oi-block-layout-row row  \">\n        \n<div class=\"oi-block oi-block-layout-row-column col-12 col-sm-12 col-md-12 col-lg-6 col-xl-5 col-xxl-5\" style=\"\" >\n\n<p>La<strong> ligne de production de barres SMART<\/strong> est la plus petite ligne automatique de production de barres figurant dans le catalogue MIA Food Tech.<\/p>\n\n\n\n<p>Elle est con\u00e7ue pour produire environ 1500 - 3000 barres\/heure (selon la taille des barres et les recettes) avec seulement 2 op\u00e9rateurs.&nbsp;<\/p>\n\n\n\n<p>Les dimensions compactes et la facilit\u00e9 d'utilisation la rendent adapt\u00e9e aux petites entreprises ou \u00e0 la r\u00e9alisation d'\u00e9chantillonnages dans de grandes entreprises.<\/p>\n\n\n\n<p>Il s'agit d'un syst\u00e8me extensible par l\u2019int\u00e9gration de tunnels de refroidissement\/chauffage, de syst\u00e8mes de coupe longitudinale et de coupe transversale \u00e0 ultrasons.<\/p>\n\n\n\n<p>La ligne est compos\u00e9e de 2 cuiseurs C1 AUTO ou de 1 cuiseur C2 AUTO int\u00e9gr\u00e9s \u00e0 une ligne automatique de la s\u00e9rie MINI BARS.<\/p>\n\n<\/div>\n\n<div class=\"oi-block oi-block-layout-row-column col-0 col-sm-0 col-md-0 col-lg-0 col-xl-1 col-xxl-1 d-none d-sm-none d-md-none d-lg-none d-xl-block d-xxl-block\" style=\"\" ><\/div>\n\n<div class=\"oi-block oi-block-layout-row-column col-12 col-sm-12 col-md-12 col-lg-6 col-xl-5 col-xxl-5\" style=\"\" >\n\n<h5 class=\"wp-block-heading has-primary-color has-text-color has-link-color wp-elements-ff80e5f0cefa42b5ff0ca38efaa98366\" style=\"text-transform:uppercase\"><strong>NOMBRE D'OP\u00c9RATEURS<\/strong><\/h5>\n\n\n\n<p>1-2<\/p>\n\n\n    <div class=\"oi-block oi-block-layout-space\" style=\"--oi-block-space-xs:30px; --oi-block-space-sm:30px; --oi-block-space-md:30px; --oi-block-space-lg:30px; --oi-block-space-xl:30px; --oi-block-space-xxl:30px\"><\/div>\n\n\n\n<h5 class=\"wp-block-heading has-primary-color has-text-color has-link-color wp-elements-b92dbc15224a7f5063a76c1caae62dc3\" style=\"text-transform:uppercase\"><strong>SURFACE DE LA ZONE DE TRAVAIL<\/strong><\/h5>\n\n\n\n<p>40 m<sup>2<\/sup><\/p>\n\n\n    <div class=\"oi-block oi-block-layout-space\" style=\"--oi-block-space-xs:30px; --oi-block-space-sm:30px; --oi-block-space-md:30px; --oi-block-space-lg:30px; --oi-block-space-xl:30px; --oi-block-space-xxl:30px\"><\/div>\n\n\n\n<h5 class=\"wp-block-heading has-primary-color has-text-color has-link-color wp-elements-c3348c95a21bee9a28d6fa79f531915a\" style=\"text-transform:uppercase\"><strong>PRODUCTION<\/strong><\/h5>\n\n\n\n<p>1500-3000 barres\/heure variable en fonction de la taille et du type de produit<\/p>\n\n<\/div>\n    <\/div>\n\n\n    <div class=\"oi-block oi-block-layout-space\" style=\"--oi-block-space-xs:75px; --oi-block-space-sm:90px; --oi-block-space-md:90px; --oi-block-space-lg:120px; --oi-block-space-xl:120px; --oi-block-space-xxl:120px\"><\/div>\n\n<\/div><\/div>\n\n\n<div class=\"oi-block oi-block-layout-container container\" style=\"\"  >\n    <div class=\"oi-block oi-block-layout-space\" style=\"--oi-block-space-xs:75px; --oi-block-space-sm:90px; --oi-block-space-md:90px; --oi-block-space-lg:120px; --oi-block-space-xl:120px; --oi-block-space-xxl:120px\"><\/div>\n\n\n\n<h3 class=\"wp-block-heading has-primary-color has-text-color has-link-color wp-elements-b0056df88acdc01275d12ab0793322c4\"><strong>Composition de la ligne<\/strong><\/h3>\n\n\n    <div class=\"oi-block oi-block-layout-space\" style=\"--oi-block-space-xs:30px; --oi-block-space-sm:30px; --oi-block-space-md:30px; --oi-block-space-lg:30px; --oi-block-space-xl:30px; --oi-block-space-xxl:30px\"><\/div>\n\n\n    <div class=\"oi-block oi-block-layout-row row  \">\n        \n<div class=\"oi-block oi-block-layout-row-column col-12 col-sm-6 col-md-6 col-lg-4 col-xl-4 col-xxl-4\" style=\"\" >\n<div class=\"oi-block oi-block-product-miniature\" >        <div class=\"single-product-miniature with-number\">\n    <div class=\"thumbnail-container\">\n        <a class=\"d-block\" href=\"https:\/\/miaft.com\/fr\/product\/cuocitore-ad-alte-temperature-c1-c2-c3-auto\/\">\n            <img decoding=\"async\" width=\"767\" height=\"767\" src=\"https:\/\/miaft.com\/wp-content\/uploads\/2024\/09\/web-mia-food-tech-cuocitore-ad-alte-temperature-c1-c2-c3-auto-1-767x767.jpg\" class=\"img-fluid\" alt=\"\" loading=\"lazy\" srcset=\"https:\/\/miaft.com\/wp-content\/uploads\/2024\/09\/web-mia-food-tech-cuocitore-ad-alte-temperature-c1-c2-c3-auto-1-767x767.jpg 767w, https:\/\/miaft.com\/wp-content\/uploads\/2024\/09\/web-mia-food-tech-cuocitore-ad-alte-temperature-c1-c2-c3-auto-1-150x150.jpg 150w, https:\/\/miaft.com\/wp-content\/uploads\/2024\/09\/web-mia-food-tech-cuocitore-ad-alte-temperature-c1-c2-c3-auto-1-575x575.jpg 575w, https:\/\/miaft.com\/wp-content\/uploads\/2024\/09\/web-mia-food-tech-cuocitore-ad-alte-temperature-c1-c2-c3-auto-1-991x991.jpg 991w, https:\/\/miaft.com\/wp-content\/uploads\/2024\/09\/web-mia-food-tech-cuocitore-ad-alte-temperature-c1-c2-c3-auto-1-1199x1199.jpg 1199w, https:\/\/miaft.com\/wp-content\/uploads\/2024\/09\/web-mia-food-tech-cuocitore-ad-alte-temperature-c1-c2-c3-auto-1.jpg 1500w\" sizes=\"(max-width: 767px) 100vw, 767px\" \/>        <\/a>\n        <div class=\"post-info\">\n                            <div class=\"post-terms\">\n                                            <div>\n                            <h6 class=\"post-term\" style=\"border: 2px solid #66bdcd;\">Barres \u00e9nerg\u00e9tiques<\/h6>\n                        <\/div>\n                                            <div>\n                            <h6 class=\"post-term\" style=\"border: 2px solid #66bdcd;\">Nougatine<\/h6>\n                        <\/div>\n                                    <\/div>\n                    <\/div>\n                    <div class=\"post-number\">\n                <span>\n                    x 1                <\/span>\n            <\/div>\n            <\/div>\n    <div class=\"post-main\">\n                    <h6 class=\"font-weight-bold text-uppercase color-primary\">C1\/C2\/C3 AUTO<\/h6>\n        \n        <a class=\"d-block\" href=\"https:\/\/miaft.com\/fr\/product\/cuocitore-ad-alte-temperature-c1-c2-c3-auto\/\" title=\"Cuiseur \u00e0 haute temp\u00e9rature\u00a0\">\n            <h4 class=\"mb-0 post-title\">Cuiseur \u00e0 haute temp\u00e9rature\u00a0<\/h4>\n        <\/a>\n\n                    <h6 class=\"font-weight-regular mb-0 mt-2\">pour la production de barres \u00e9nerg\u00e9tiques et de nougatine <\/h6>\n            <\/div>\n    <\/div>        <\/div>\n<\/div>\n\n<div class=\"oi-block oi-block-layout-row-column col-12 col-sm-6 col-md-6 col-lg-4 col-xl-4 col-xxl-4\" style=\"\" >\n<div class=\"oi-block oi-block-product-miniature\" >        <div class=\"single-product-miniature with-number\">\n    <div class=\"thumbnail-container\">\n        <a class=\"d-block\" href=\"https:\/\/miaft.com\/fr\/product\/linea-automatica-di-laminazione-barrette-energetiche\/\">\n            <img decoding=\"async\" width=\"767\" height=\"568\" src=\"https:\/\/miaft.com\/wp-content\/uploads\/2024\/01\/linea-automatica-di-laminazione-barrette-energetiche-mini-bars-130-767x568.jpg\" class=\"img-fluid\" alt=\"\" loading=\"lazy\" srcset=\"https:\/\/miaft.com\/wp-content\/uploads\/2024\/01\/linea-automatica-di-laminazione-barrette-energetiche-mini-bars-130-767x568.jpg 767w, https:\/\/miaft.com\/wp-content\/uploads\/2024\/01\/linea-automatica-di-laminazione-barrette-energetiche-mini-bars-130-1536x1138.jpg 1536w, https:\/\/miaft.com\/wp-content\/uploads\/2024\/01\/linea-automatica-di-laminazione-barrette-energetiche-mini-bars-130-2048x1517.jpg 2048w, https:\/\/miaft.com\/wp-content\/uploads\/2024\/01\/linea-automatica-di-laminazione-barrette-energetiche-mini-bars-130-150x111.jpg 150w, https:\/\/miaft.com\/wp-content\/uploads\/2024\/01\/linea-automatica-di-laminazione-barrette-energetiche-mini-bars-130-575x426.jpg 575w, https:\/\/miaft.com\/wp-content\/uploads\/2024\/01\/linea-automatica-di-laminazione-barrette-energetiche-mini-bars-130-991x734.jpg 991w, https:\/\/miaft.com\/wp-content\/uploads\/2024\/01\/linea-automatica-di-laminazione-barrette-energetiche-mini-bars-130-1199x888.jpg 1199w\" sizes=\"(max-width: 767px) 100vw, 767px\" \/>        <\/a>\n        <div class=\"post-info\">\n                            <div class=\"post-terms\">\n                                            <div>\n                            <h6 class=\"post-term\" style=\"border: 2px solid #66bdcd;\">Barres \u00e9nerg\u00e9tiques<\/h6>\n                        <\/div>\n                                    <\/div>\n                    <\/div>\n                    <div class=\"post-number\">\n                <span>\n                    x 1                <\/span>\n            <\/div>\n            <\/div>\n    <div class=\"post-main\">\n                    <h6 class=\"font-weight-bold text-uppercase color-primary\">MINI BARS 130<\/h6>\n        \n        <a class=\"d-block\" href=\"https:\/\/miaft.com\/fr\/product\/linea-automatica-di-laminazione-barrette-energetiche\/\" title=\"Ligne automatique de laminage de barres \u00e9nerg\u00e9tiques\u00a0\">\n            <h4 class=\"mb-0 post-title\">Ligne automatique de laminage de barres \u00e9nerg\u00e9tiques\u00a0<\/h4>\n        <\/a>\n\n                    <h6 class=\"font-weight-regular mb-0 mt-2\">production de barres jusqu'\u00e0 3500 pi\u00e8ces\/heure <\/h6>\n            <\/div>\n    <\/div>        <\/div>\n<\/div>\n    <\/div>\n\n\n    <div class=\"oi-block oi-block-layout-space\" style=\"--oi-block-space-xs:30px; --oi-block-space-sm:30px; --oi-block-space-md:30px; --oi-block-space-lg:30px; --oi-block-space-xl:30px; --oi-block-space-xxl:30px\"><\/div>\n\n\n    <div class=\"oi-block oi-block-layout-space\" style=\"--oi-block-space-xs:75px; --oi-block-space-sm:90px; --oi-block-space-md:90px; --oi-block-space-lg:120px; --oi-block-space-xl:120px; --oi-block-space-xxl:120px\"><\/div>\n\n\n<div class=\"oi-block oi-block-product-content\" >\n<div class=\"row justify-content-between\">\n    <div class=\"col-12 col-md-6 col-lg-5\">\n        \n\n<h3 class=\"wp-block-heading has-primary-color has-text-color has-link-color wp-elements-bef5702c0f270666aeab50d25462dcc5\"><strong>Composition d\u00e9taill\u00e9e de l\u2019installation<\/strong><\/h3>\n\n\n    <div class=\"oi-block oi-block-layout-space\" style=\"--oi-block-space-xs:30px; --oi-block-space-sm:30px; --oi-block-space-md:30px; --oi-block-space-lg:30px; --oi-block-space-xl:30px; --oi-block-space-xxl:30px\"><\/div>\n\n\n\n<figure class=\"wp-block-image size-full\"><img loading=\"lazy\" decoding=\"async\" width=\"1500\" height=\"1500\" src=\"https:\/\/miaft.com\/wp-content\/uploads\/2024\/09\/web-mia-food-tech-cuocitore-ad-alte-temperature-c1-c2-c3-auto-1.jpg\" alt=\"cuocitore ad alte temperature\" class=\"wp-image-36917\" srcset=\"https:\/\/miaft.com\/wp-content\/uploads\/2024\/09\/web-mia-food-tech-cuocitore-ad-alte-temperature-c1-c2-c3-auto-1.jpg 1500w, https:\/\/miaft.com\/wp-content\/uploads\/2024\/09\/web-mia-food-tech-cuocitore-ad-alte-temperature-c1-c2-c3-auto-1-150x150.jpg 150w, https:\/\/miaft.com\/wp-content\/uploads\/2024\/09\/web-mia-food-tech-cuocitore-ad-alte-temperature-c1-c2-c3-auto-1-575x575.jpg 575w, https:\/\/miaft.com\/wp-content\/uploads\/2024\/09\/web-mia-food-tech-cuocitore-ad-alte-temperature-c1-c2-c3-auto-1-767x767.jpg 767w, https:\/\/miaft.com\/wp-content\/uploads\/2024\/09\/web-mia-food-tech-cuocitore-ad-alte-temperature-c1-c2-c3-auto-1-991x991.jpg 991w, https:\/\/miaft.com\/wp-content\/uploads\/2024\/09\/web-mia-food-tech-cuocitore-ad-alte-temperature-c1-c2-c3-auto-1-1199x1199.jpg 1199w\" sizes=\"(max-width: 1500px) 100vw, 1500px\" \/><\/figure>\n\n\n\n<h3 class=\"wp-block-heading has-primary-color has-text-color has-link-color wp-elements-3aebe2e98083b5cbaa6a53d762c65572\"><strong>1 cuiseur C2 AUTO<\/strong><\/h3>\n\n\n    <div class=\"oi-block oi-block-layout-space\" style=\"--oi-block-space-xs:30px; --oi-block-space-sm:30px; --oi-block-space-md:30px; --oi-block-space-lg:30px; --oi-block-space-xl:30px; --oi-block-space-xxl:30px\"><\/div>\n\n\n\n<p>Les cuiseurs pour barres \/ nougatine produits par MIA Food Tech sont con\u00e7us pour la cuisson de p\u00e2tes et peuvent atteindre une temp\u00e9rature \u00e9lev\u00e9e (jusqu'\u00e0 230 \u00b0C), mais ils peuvent \u00e9galement fonctionner \u00e0 temp\u00e9rature ambiante.<\/p>\n\n\n    <div class=\"oi-block oi-block-layout-space\" style=\"--oi-block-space-xs:30px; --oi-block-space-sm:30px; --oi-block-space-md:30px; --oi-block-space-lg:30px; --oi-block-space-xl:30px; --oi-block-space-xxl:30px\"><\/div>\n\n\n    <div class=\"oi-block oi-block-layout-space\" style=\"--oi-block-space-xs:30px; --oi-block-space-sm:45px; --oi-block-space-md:60px; --oi-block-space-lg:75px; --oi-block-space-xl:90px; --oi-block-space-xxl:90px\"><\/div>\n\n\n\n<figure class=\"wp-block-image size-full\"><img loading=\"lazy\" decoding=\"async\" width=\"2560\" height=\"1896\" src=\"https:\/\/miaft.com\/wp-content\/uploads\/2024\/01\/linea-automatica-di-laminazione-barrette-energetiche-mini-bars-130.jpg\" alt=\"\" class=\"wp-image-28124\" srcset=\"https:\/\/miaft.com\/wp-content\/uploads\/2024\/01\/linea-automatica-di-laminazione-barrette-energetiche-mini-bars-130.jpg 2560w, https:\/\/miaft.com\/wp-content\/uploads\/2024\/01\/linea-automatica-di-laminazione-barrette-energetiche-mini-bars-130-1536x1138.jpg 1536w, https:\/\/miaft.com\/wp-content\/uploads\/2024\/01\/linea-automatica-di-laminazione-barrette-energetiche-mini-bars-130-2048x1517.jpg 2048w, https:\/\/miaft.com\/wp-content\/uploads\/2024\/01\/linea-automatica-di-laminazione-barrette-energetiche-mini-bars-130-150x111.jpg 150w, https:\/\/miaft.com\/wp-content\/uploads\/2024\/01\/linea-automatica-di-laminazione-barrette-energetiche-mini-bars-130-575x426.jpg 575w, https:\/\/miaft.com\/wp-content\/uploads\/2024\/01\/linea-automatica-di-laminazione-barrette-energetiche-mini-bars-130-767x568.jpg 767w, https:\/\/miaft.com\/wp-content\/uploads\/2024\/01\/linea-automatica-di-laminazione-barrette-energetiche-mini-bars-130-991x734.jpg 991w, https:\/\/miaft.com\/wp-content\/uploads\/2024\/01\/linea-automatica-di-laminazione-barrette-energetiche-mini-bars-130-1199x888.jpg 1199w\" sizes=\"(max-width: 2560px) 100vw, 2560px\" \/><\/figure>\n\n\n\n<h3 class=\"wp-block-heading has-primary-color has-text-color has-link-color wp-elements-ddf0af358f70eee4b74fc6df1ea61c45\"><strong>1 ligne automatique de laminage de barres \u00e9nerg\u00e9tiques MINI BARS 130<\/strong><\/h3>\n\n\n    <div class=\"oi-block oi-block-layout-space\" style=\"--oi-block-space-xs:30px; --oi-block-space-sm:30px; --oi-block-space-md:30px; --oi-block-space-lg:30px; --oi-block-space-xl:30px; --oi-block-space-xxl:30px\"><\/div>\n\n\n\n<p>Elle est le fruit de la miniaturisation des grandes lignes automatiques de production de barres avec des dimensions inf\u00e9rieures \u00e0 4 m\u00e8tres de longueur pour une installation possible \u00e9galement dans les laboratoires de R&amp;D.<\/p>\n\n    <\/div>\n    <div class=\"col-5 col-lg-4 d-none d-md-block\">\n        <div class=\"featured-product\">\n                                                                    <div class=\"bg-dark color-white featured-product-inner\">\n                        <div class=\"image-container\">\n                            <img decoding=\"async\" width=\"1536\" height=\"1037\" src=\"https:\/\/miaft.com\/wp-content\/uploads\/2024\/01\/mia-linee-smart-barrette.jpg\" class=\"img-fluid\" alt=\"\" loading=\"lazy\" srcset=\"https:\/\/miaft.com\/wp-content\/uploads\/2024\/01\/mia-linee-smart-barrette.jpg 1536w, https:\/\/miaft.com\/wp-content\/uploads\/2024\/01\/mia-linee-smart-barrette-150x101.jpg 150w, https:\/\/miaft.com\/wp-content\/uploads\/2024\/01\/mia-linee-smart-barrette-575x388.jpg 575w, https:\/\/miaft.com\/wp-content\/uploads\/2024\/01\/mia-linee-smart-barrette-767x518.jpg 767w, https:\/\/miaft.com\/wp-content\/uploads\/2024\/01\/mia-linee-smart-barrette-991x669.jpg 991w, https:\/\/miaft.com\/wp-content\/uploads\/2024\/01\/mia-linee-smart-barrette-1199x809.jpg 1199w\" sizes=\"(max-width: 1536px) 100vw, 1536px\" \/>                        <\/div>\n                                                    <h6 class=\"mb-2 text-uppercase color-secondary\">\n                                Barres \u00e9nerg\u00e9tiques & Nougatine                            <\/h6>\n                                                <h4 class=\"mb-0 color-white product-title\">\n                            Ligne de production de barres SMART\u00a0                        <\/h4>\n                                                    <p class=\"mt-3 mb-0\">ligne de production semi-industrielle de barres cl\u00e9 en main d\u2019une capacit\u00e9 de 25 000 pi\u00e8ces\/poste de travail <\/p>\n                                                <div class=\"mt-4\">\n                            <div class=\"oi-block oi-block-layout-button\" ><a href=\"#contact-us\" title=\"\" class=\"btn btn-secondary-fill btn-type-default btn-medium\" >\n    Demande d\u2019informations    <\/a><\/div>                        <\/div>\n                    <\/div>\n                                                    <\/div>\n    <\/div>\n<\/div><\/div>\n\n    <div class=\"oi-block oi-block-layout-space\" style=\"--oi-block-space-xs:75px; --oi-block-space-sm:90px; --oi-block-space-md:90px; --oi-block-space-lg:120px; --oi-block-space-xl:120px; --oi-block-space-xxl:120px\"><\/div>\n\n<\/div>","protected":false},"excerpt":{"rendered":"<p>La ligne de production de barres SMART est la plus petite ligne automatique de production de barres figurant dans le catalogue MIA Food Tech. <\/p>\n","protected":false},"featured_media":37000,"parent":0,"menu_order":65,"template":"","meta":{"_seopress_robots_primary_cat":"none","_seopress_titles_title":"","_seopress_titles_desc":"","_seopress_robots_index":"","is_energy_saving":true,"is_for_sale":false,"show_footer_widget":true,"show_related_products":false,"product_subtitle":"ligne de production semi-industrielle de barres cl\u00e9 en main d\u2019une capacit\u00e9 de 25 000 pi\u00e8ces\/poste de travail ","product_code":"C2 AUTO + MINI BARS 130 - 150 - 250","related_products_source":"related","related_products_list":"[]","product_powered_by_title":"","product_powered_by_image":"{}","product_on_sale_label":"","product_on_sale_label_1":"","product_on_sale_label_2":"","product_on_sale_label_3":"","product_on_sale_label_4":"","product_on_sale_label_5":"","footnotes":""},"finished_product":[109,111],"machine":[116],"processing":[132],"class_list":["post-9692","product","type-product","status-publish","has-post-thumbnail","hentry","finished_product-barres-energetiques","finished_product-nougatine","machine-installations-cle-en-main","processing-laminage-et-coupe"],"_links":{"self":[{"href":"https:\/\/miaft.com\/fr\/wp-json\/wp\/v2\/product\/9692"}],"collection":[{"href":"https:\/\/miaft.com\/fr\/wp-json\/wp\/v2\/product"}],"about":[{"href":"https:\/\/miaft.com\/fr\/wp-json\/wp\/v2\/types\/product"}],"version-history":[{"count":3,"href":"https:\/\/miaft.com\/fr\/wp-json\/wp\/v2\/product\/9692\/revisions"}],"predecessor-version":[{"id":37006,"href":"https:\/\/miaft.com\/fr\/wp-json\/wp\/v2\/product\/9692\/revisions\/37006"}],"wp:featuredmedia":[{"embeddable":true,"href":"https:\/\/miaft.com\/fr\/wp-json\/wp\/v2\/media\/37000"}],"wp:attachment":[{"href":"https:\/\/miaft.com\/fr\/wp-json\/wp\/v2\/media?parent=9692"}],"wp:term":[{"taxonomy":"finished_product","embeddable":true,"href":"https:\/\/miaft.com\/fr\/wp-json\/wp\/v2\/finished_product?post=9692"},{"taxonomy":"machine","embeddable":true,"href":"https:\/\/miaft.com\/fr\/wp-json\/wp\/v2\/machine?post=9692"},{"taxonomy":"processing","embeddable":true,"href":"https:\/\/miaft.com\/fr\/wp-json\/wp\/v2\/processing?post=9692"}],"curies":[{"name":"wp","href":"https:\/\/api.w.org\/{rel}","templated":true}]}}