{"id":9686,"date":"2024-01-07T17:05:22","date_gmt":"2024-01-07T16:05:22","guid":{"rendered":"https:\/\/miaft.com\/product\/linea-industrial-barrette\/"},"modified":"2026-01-16T18:12:29","modified_gmt":"2026-01-16T17:12:29","slug":"linea-industrial-barrette","status":"publish","type":"product","link":"https:\/\/miaft.com\/fr\/product\/linea-industrial-barrette\/","title":{"rendered":"Ligne de production de barres INDUSTRIAL\u00a0"},"content":{"rendered":"\n<div class=\"wp-block-group has-light-background-color has-background is-layout-flow wp-block-group-is-layout-flow\"><div class=\"oi-block oi-block-layout-container container\" style=\"\"  >\n    <div class=\"oi-block oi-block-layout-space\" style=\"--oi-block-space-xs:75px; --oi-block-space-sm:90px; --oi-block-space-md:90px; --oi-block-space-lg:120px; --oi-block-space-xl:120px; --oi-block-space-xxl:120px\"><\/div>\n\n\n    <div class=\"oi-block oi-block-layout-row row  \">\n        \n<div class=\"oi-block oi-block-layout-row-column col-12 col-sm-12 col-md-12 col-lg-6 col-xl-5 col-xxl-5\" style=\"\" >\n\n<h3 class=\"wp-block-heading has-primary-color has-text-color has-link-color wp-elements-099ab7a8929c7c8e7057c3e5d4a578f6\"><strong>Caract\u00e9ristiques<\/strong><\/h3>\n\n\n    <div class=\"oi-block oi-block-layout-space\" style=\"--oi-block-space-xs:30px; --oi-block-space-sm:30px; --oi-block-space-md:30px; --oi-block-space-lg:30px; --oi-block-space-xl:30px; --oi-block-space-xxl:30px\"><\/div>\n\n<\/div>\n    <\/div>\n\n\n    <div class=\"oi-block oi-block-layout-row row  \">\n        \n<div class=\"oi-block oi-block-layout-row-column col-12 col-sm-12 col-md-12 col-lg-6 col-xl-5 col-xxl-5\" style=\"\" >\n\n<p><strong>La ligne de production de barres INDUSTRIAL <\/strong>repr\u00e9sente le haut de gamme des lignes automatiques de production de barres de la gamme MIA Food Tech.<\/p>\n\n\n\n<p>Elle est con\u00e7ue pour la production d\u2019environ 10000 \u2013 15000 barres\/heure (en fonction de la taille des barres et des recettes) avec la pr\u00e9sence de 4 op\u00e9rateurs. Sa longueur varie de 15 \u00e0 30 m\u00e8tres en fonction des \u00e9l\u00e9ments pr\u00e9vus.<\/p>\n\n\n\n<p>Les nombreuses possibilit\u00e9s de r\u00e9gulation de la temp\u00e9rature des diff\u00e9rentes zones et de la vitesse rendent cette ligne appropri\u00e9e \u00e0 la production de tous les types de barres, qu\u2019elles soient moelleuses ou dures.<\/p>\n\n\n\n<p>Cette installation de production peut \u00eatre configur\u00e9e selon les besoins du client en variant la disposition et la s\u00e9quence des modules.<\/p>\n\n\n\n<p>La ligne est compos\u00e9e de 6 \u00e0 8 cuiseurs C1 AUTO ou de 4 \u00e0 6 cuiseurs C2 AUTO int\u00e9gr\u00e9s \u00e0 une ligne automatique de la s\u00e9rie LC 350 \/ LC 420.<\/p>\n\n<\/div>\n\n<div class=\"oi-block oi-block-layout-row-column col-0 col-sm-0 col-md-0 col-lg-0 col-xl-1 col-xxl-1 d-none d-sm-none d-md-none d-lg-none d-xl-block d-xxl-block\" style=\"\" ><\/div>\n\n<div class=\"oi-block oi-block-layout-row-column col-12 col-sm-12 col-md-12 col-lg-6 col-xl-5 col-xxl-5\" style=\"\" >\n\n<h5 class=\"wp-block-heading has-primary-color has-text-color has-link-color wp-elements-ff80e5f0cefa42b5ff0ca38efaa98366\" style=\"text-transform:uppercase\"><strong>NOMBRE D'OP\u00c9RATEURS<\/strong><\/h5>\n\n\n\n<p>4<\/p>\n\n\n    <div class=\"oi-block oi-block-layout-space\" style=\"--oi-block-space-xs:30px; --oi-block-space-sm:30px; --oi-block-space-md:30px; --oi-block-space-lg:30px; --oi-block-space-xl:30px; --oi-block-space-xxl:30px\"><\/div>\n\n\n\n<h5 class=\"wp-block-heading has-primary-color has-text-color has-link-color wp-elements-b92dbc15224a7f5063a76c1caae62dc3\" style=\"text-transform:uppercase\"><strong>SURFACE DE LA ZONE DE TRAVAIL<\/strong><\/h5>\n\n\n\n<p>150 m<sup>2<\/sup><\/p>\n\n\n    <div class=\"oi-block oi-block-layout-space\" style=\"--oi-block-space-xs:30px; --oi-block-space-sm:30px; --oi-block-space-md:30px; --oi-block-space-lg:30px; --oi-block-space-xl:30px; --oi-block-space-xxl:30px\"><\/div>\n\n\n\n<h5 class=\"wp-block-heading has-primary-color has-text-color has-link-color wp-elements-c3348c95a21bee9a28d6fa79f531915a\" style=\"text-transform:uppercase\"><strong>PRODUCTION<\/strong><\/h5>\n\n\n\n<p>10000 \u2013 15000 barres\/heure variable en fonction de la taille et du type de produit<\/p>\n\n<\/div>\n    <\/div>\n\n\n    <div class=\"oi-block oi-block-layout-space\" style=\"--oi-block-space-xs:75px; --oi-block-space-sm:90px; --oi-block-space-md:90px; --oi-block-space-lg:120px; --oi-block-space-xl:120px; --oi-block-space-xxl:120px\"><\/div>\n\n<\/div><\/div>\n\n\n<div class=\"oi-block oi-block-layout-container container\" style=\"\"  >\n    <div class=\"oi-block oi-block-layout-space\" style=\"--oi-block-space-xs:75px; --oi-block-space-sm:90px; --oi-block-space-md:90px; --oi-block-space-lg:120px; --oi-block-space-xl:120px; --oi-block-space-xxl:120px\"><\/div>\n\n\n\n<h3 class=\"wp-block-heading has-primary-color has-text-color has-link-color wp-elements-b0056df88acdc01275d12ab0793322c4\"><strong>Composition de la ligne<\/strong><\/h3>\n\n\n    <div class=\"oi-block oi-block-layout-space\" style=\"--oi-block-space-xs:30px; --oi-block-space-sm:30px; --oi-block-space-md:30px; --oi-block-space-lg:30px; --oi-block-space-xl:30px; --oi-block-space-xxl:30px\"><\/div>\n\n\n    <div class=\"oi-block oi-block-layout-row row  \">\n        \n<div class=\"oi-block oi-block-layout-row-column col-12 col-sm-6 col-md-6 col-lg-4 col-xl-4 col-xxl-4\" style=\"\" >\n<div class=\"oi-block oi-block-product-miniature\" >        <div class=\"single-product-miniature with-number\">\n    <div class=\"thumbnail-container\">\n        <a class=\"d-block\" href=\"https:\/\/miaft.com\/fr\/product\/cuocitore-ad-alte-temperature-c1-c2-c3-auto\/\">\n            <img decoding=\"async\" width=\"767\" height=\"767\" src=\"https:\/\/miaft.com\/wp-content\/uploads\/2024\/09\/web-mia-food-tech-cuocitore-ad-alte-temperature-c1-c2-c3-auto-1-767x767.jpg\" class=\"img-fluid\" alt=\"\" loading=\"lazy\" srcset=\"https:\/\/miaft.com\/wp-content\/uploads\/2024\/09\/web-mia-food-tech-cuocitore-ad-alte-temperature-c1-c2-c3-auto-1-767x767.jpg 767w, https:\/\/miaft.com\/wp-content\/uploads\/2024\/09\/web-mia-food-tech-cuocitore-ad-alte-temperature-c1-c2-c3-auto-1-150x150.jpg 150w, https:\/\/miaft.com\/wp-content\/uploads\/2024\/09\/web-mia-food-tech-cuocitore-ad-alte-temperature-c1-c2-c3-auto-1-575x575.jpg 575w, https:\/\/miaft.com\/wp-content\/uploads\/2024\/09\/web-mia-food-tech-cuocitore-ad-alte-temperature-c1-c2-c3-auto-1-991x991.jpg 991w, https:\/\/miaft.com\/wp-content\/uploads\/2024\/09\/web-mia-food-tech-cuocitore-ad-alte-temperature-c1-c2-c3-auto-1-1199x1199.jpg 1199w, https:\/\/miaft.com\/wp-content\/uploads\/2024\/09\/web-mia-food-tech-cuocitore-ad-alte-temperature-c1-c2-c3-auto-1.jpg 1500w\" sizes=\"(max-width: 767px) 100vw, 767px\" \/>        <\/a>\n        <div class=\"post-info\">\n                            <div class=\"post-terms\">\n                                            <div>\n                            <h6 class=\"post-term\" style=\"border: 2px solid #66bdcd;\">Barres \u00e9nerg\u00e9tiques<\/h6>\n                        <\/div>\n                                            <div>\n                            <h6 class=\"post-term\" style=\"border: 2px solid #66bdcd;\">Nougatine<\/h6>\n                        <\/div>\n                                    <\/div>\n                    <\/div>\n                    <div class=\"post-number\">\n                <span>\n                    x 4\/8                <\/span>\n            <\/div>\n            <\/div>\n    <div class=\"post-main\">\n                    <h6 class=\"font-weight-bold text-uppercase color-primary\">C1\/C2\/C3 AUTO<\/h6>\n        \n        <a class=\"d-block\" href=\"https:\/\/miaft.com\/fr\/product\/cuocitore-ad-alte-temperature-c1-c2-c3-auto\/\" title=\"Cuiseur \u00e0 haute temp\u00e9rature\u00a0\">\n            <h4 class=\"mb-0 post-title\">Cuiseur \u00e0 haute temp\u00e9rature\u00a0<\/h4>\n        <\/a>\n\n                    <h6 class=\"font-weight-regular mb-0 mt-2\">pour la production de barres \u00e9nerg\u00e9tiques et de nougatine <\/h6>\n            <\/div>\n    <\/div>        <\/div>\n<\/div>\n\n<div class=\"oi-block oi-block-layout-row-column col-12 col-sm-6 col-md-6 col-lg-4 col-xl-4 col-xxl-4\" style=\"\" >\n<div class=\"oi-block oi-block-product-miniature\" >        <div class=\"single-product-miniature with-number\">\n    <div class=\"thumbnail-container\">\n        <a class=\"d-block\" href=\"https:\/\/miaft.com\/fr\/product\/impianto-automatico-di-produzione-lc-240-lc-320-lc-420\/\">\n            <img decoding=\"async\" width=\"767\" height=\"767\" src=\"https:\/\/miaft.com\/wp-content\/uploads\/2024\/01\/impianto-automatico-di-produzione-lc240-lc320-lc420-1-767x767.jpg\" class=\"img-fluid\" alt=\"\" loading=\"lazy\" srcset=\"https:\/\/miaft.com\/wp-content\/uploads\/2024\/01\/impianto-automatico-di-produzione-lc240-lc320-lc420-1-767x767.jpg 767w, https:\/\/miaft.com\/wp-content\/uploads\/2024\/01\/impianto-automatico-di-produzione-lc240-lc320-lc420-1-1536x1536.jpg 1536w, https:\/\/miaft.com\/wp-content\/uploads\/2024\/01\/impianto-automatico-di-produzione-lc240-lc320-lc420-1-2048x2048.jpg 2048w, https:\/\/miaft.com\/wp-content\/uploads\/2024\/01\/impianto-automatico-di-produzione-lc240-lc320-lc420-1-150x150.jpg 150w, https:\/\/miaft.com\/wp-content\/uploads\/2024\/01\/impianto-automatico-di-produzione-lc240-lc320-lc420-1-575x575.jpg 575w, https:\/\/miaft.com\/wp-content\/uploads\/2024\/01\/impianto-automatico-di-produzione-lc240-lc320-lc420-1-991x991.jpg 991w, https:\/\/miaft.com\/wp-content\/uploads\/2024\/01\/impianto-automatico-di-produzione-lc240-lc320-lc420-1-1199x1199.jpg 1199w\" sizes=\"(max-width: 767px) 100vw, 767px\" \/>        <\/a>\n        <div class=\"post-info\">\n                            <div class=\"post-terms\">\n                                            <div>\n                            <h6 class=\"post-term\" style=\"border: 2px solid #66bdcd;\">Barres \u00e9nerg\u00e9tiques<\/h6>\n                        <\/div>\n                                            <div>\n                            <h6 class=\"post-term\" style=\"border: 2px solid #66bdcd;\">Nougatine<\/h6>\n                        <\/div>\n                                    <\/div>\n                    <\/div>\n                    <div class=\"post-number\">\n                <span>\n                    x 1                <\/span>\n            <\/div>\n            <\/div>\n    <div class=\"post-main\">\n                    <h6 class=\"font-weight-bold text-uppercase color-primary\">LC 240 \/ LC 320 \/ LC 420<\/h6>\n        \n        <a class=\"d-block\" href=\"https:\/\/miaft.com\/fr\/product\/impianto-automatico-di-produzione-lc-240-lc-320-lc-420\/\" title=\"Installation de production automatique\u00a0\">\n            <h4 class=\"mb-0 post-title\">Installation de production automatique\u00a0<\/h4>\n        <\/a>\n\n                    <h6 class=\"font-weight-regular mb-0 mt-2\">pour barres \u00e9nerg\u00e9tiques et nougatine <\/h6>\n            <\/div>\n    <\/div>        <\/div>\n<\/div>\n    <\/div>\n\n\n    <div class=\"oi-block oi-block-layout-space\" style=\"--oi-block-space-xs:30px; --oi-block-space-sm:30px; --oi-block-space-md:30px; --oi-block-space-lg:30px; --oi-block-space-xl:30px; --oi-block-space-xxl:30px\"><\/div>\n\n\n    <div class=\"oi-block oi-block-layout-space\" style=\"--oi-block-space-xs:75px; --oi-block-space-sm:90px; --oi-block-space-md:90px; --oi-block-space-lg:120px; --oi-block-space-xl:120px; --oi-block-space-xxl:120px\"><\/div>\n\n\n<div class=\"oi-block oi-block-product-content\" >\n<div class=\"row justify-content-between\">\n    <div class=\"col-12 col-md-6 col-lg-5\">\n        \n\n<h3 class=\"wp-block-heading has-primary-color has-text-color has-link-color wp-elements-bef5702c0f270666aeab50d25462dcc5\"><strong>Composition d\u00e9taill\u00e9e de l\u2019installation<\/strong><\/h3>\n\n\n    <div class=\"oi-block oi-block-layout-space\" style=\"--oi-block-space-xs:30px; --oi-block-space-sm:30px; --oi-block-space-md:30px; --oi-block-space-lg:30px; --oi-block-space-xl:30px; --oi-block-space-xxl:30px\"><\/div>\n\n\n\n<figure class=\"wp-block-image size-full\"><img loading=\"lazy\" decoding=\"async\" width=\"1500\" height=\"1500\" src=\"https:\/\/miaft.com\/wp-content\/uploads\/2024\/09\/web-mia-food-tech-cuocitore-ad-alte-temperature-c1-c2-c3-auto-1.jpg\" alt=\"cuocitore ad alte temperature\" class=\"wp-image-36917\" srcset=\"https:\/\/miaft.com\/wp-content\/uploads\/2024\/09\/web-mia-food-tech-cuocitore-ad-alte-temperature-c1-c2-c3-auto-1.jpg 1500w, https:\/\/miaft.com\/wp-content\/uploads\/2024\/09\/web-mia-food-tech-cuocitore-ad-alte-temperature-c1-c2-c3-auto-1-150x150.jpg 150w, https:\/\/miaft.com\/wp-content\/uploads\/2024\/09\/web-mia-food-tech-cuocitore-ad-alte-temperature-c1-c2-c3-auto-1-575x575.jpg 575w, https:\/\/miaft.com\/wp-content\/uploads\/2024\/09\/web-mia-food-tech-cuocitore-ad-alte-temperature-c1-c2-c3-auto-1-767x767.jpg 767w, https:\/\/miaft.com\/wp-content\/uploads\/2024\/09\/web-mia-food-tech-cuocitore-ad-alte-temperature-c1-c2-c3-auto-1-991x991.jpg 991w, https:\/\/miaft.com\/wp-content\/uploads\/2024\/09\/web-mia-food-tech-cuocitore-ad-alte-temperature-c1-c2-c3-auto-1-1199x1199.jpg 1199w\" sizes=\"(max-width: 1500px) 100vw, 1500px\" \/><\/figure>\n\n\n\n<h3 class=\"wp-block-heading has-primary-color has-text-color has-link-color wp-elements-b3fa83e3c9b3d7b06f2ed50086d90a0d\"><strong>6 \u00e0 8 cuiseurs C1 AUTO ou 4 \u00e0 6 cuiseurs C2 AUTO&nbsp;<\/strong><\/h3>\n\n\n    <div class=\"oi-block oi-block-layout-space\" style=\"--oi-block-space-xs:30px; --oi-block-space-sm:30px; --oi-block-space-md:30px; --oi-block-space-lg:30px; --oi-block-space-xl:30px; --oi-block-space-xxl:30px\"><\/div>\n\n\n\n<p>Les cuiseurs pour barres \/ nougatine produits par MIA Food Tech sont con\u00e7us pour la cuisson de p\u00e2tes et peuvent atteindre une temp\u00e9rature \u00e9lev\u00e9e (jusqu'\u00e0 230 \u00b0C), mais ils peuvent \u00e9galement fonctionner \u00e0 temp\u00e9rature ambiante.<\/p>\n\n\n    <div class=\"oi-block oi-block-layout-space\" style=\"--oi-block-space-xs:30px; --oi-block-space-sm:30px; --oi-block-space-md:30px; --oi-block-space-lg:30px; --oi-block-space-xl:30px; --oi-block-space-xxl:30px\"><\/div>\n\n\n    <div class=\"oi-block oi-block-layout-space\" style=\"--oi-block-space-xs:30px; --oi-block-space-sm:45px; --oi-block-space-md:60px; --oi-block-space-lg:75px; --oi-block-space-xl:90px; --oi-block-space-xxl:90px\"><\/div>\n\n\n\n<figure class=\"wp-block-image size-full\"><img loading=\"lazy\" decoding=\"async\" width=\"2131\" height=\"2131\" src=\"https:\/\/miaft.com\/wp-content\/uploads\/2024\/01\/impianto-automatico-di-produzione-lc240-lc320-lc420-1.jpg\" alt=\"impianto automatico di produzione\" class=\"wp-image-27773\" srcset=\"https:\/\/miaft.com\/wp-content\/uploads\/2024\/01\/impianto-automatico-di-produzione-lc240-lc320-lc420-1.jpg 2131w, https:\/\/miaft.com\/wp-content\/uploads\/2024\/01\/impianto-automatico-di-produzione-lc240-lc320-lc420-1-1536x1536.jpg 1536w, https:\/\/miaft.com\/wp-content\/uploads\/2024\/01\/impianto-automatico-di-produzione-lc240-lc320-lc420-1-2048x2048.jpg 2048w, https:\/\/miaft.com\/wp-content\/uploads\/2024\/01\/impianto-automatico-di-produzione-lc240-lc320-lc420-1-150x150.jpg 150w, https:\/\/miaft.com\/wp-content\/uploads\/2024\/01\/impianto-automatico-di-produzione-lc240-lc320-lc420-1-575x575.jpg 575w, https:\/\/miaft.com\/wp-content\/uploads\/2024\/01\/impianto-automatico-di-produzione-lc240-lc320-lc420-1-767x767.jpg 767w, https:\/\/miaft.com\/wp-content\/uploads\/2024\/01\/impianto-automatico-di-produzione-lc240-lc320-lc420-1-991x991.jpg 991w, https:\/\/miaft.com\/wp-content\/uploads\/2024\/01\/impianto-automatico-di-produzione-lc240-lc320-lc420-1-1199x1199.jpg 1199w\" sizes=\"(max-width: 2131px) 100vw, 2131px\" \/><\/figure>\n\n\n\n<h3 class=\"wp-block-heading has-primary-color has-text-color has-link-color wp-elements-10b198f60be08efb082bf00289b95f7d\"><strong>1 installation automatique de production LC 320 \/ LC 420<\/strong><\/h3>\n\n\n    <div class=\"oi-block oi-block-layout-space\" style=\"--oi-block-space-xs:30px; --oi-block-space-sm:30px; --oi-block-space-md:30px; --oi-block-space-lg:30px; --oi-block-space-xl:30px; --oi-block-space-xxl:30px\"><\/div>\n\n\n\n<p>Ligne automatique pour la production de barres \u00e9nerg\u00e9tiques et de nougatine, adapt\u00e9e \u00e0 tous les besoins de production.<\/p>\n\n    <\/div>\n    <div class=\"col-5 col-lg-4 d-none d-md-block\">\n        <div class=\"featured-product\">\n                                                                    <div class=\"bg-dark color-white featured-product-inner\">\n                        <div class=\"image-container\">\n                            <img decoding=\"async\" width=\"1536\" height=\"1037\" src=\"https:\/\/miaft.com\/wp-content\/uploads\/2024\/01\/mia-linee-industrial-barrette.jpg\" class=\"img-fluid\" alt=\"\" loading=\"lazy\" srcset=\"https:\/\/miaft.com\/wp-content\/uploads\/2024\/01\/mia-linee-industrial-barrette.jpg 1536w, https:\/\/miaft.com\/wp-content\/uploads\/2024\/01\/mia-linee-industrial-barrette-150x101.jpg 150w, https:\/\/miaft.com\/wp-content\/uploads\/2024\/01\/mia-linee-industrial-barrette-575x388.jpg 575w, https:\/\/miaft.com\/wp-content\/uploads\/2024\/01\/mia-linee-industrial-barrette-767x518.jpg 767w, https:\/\/miaft.com\/wp-content\/uploads\/2024\/01\/mia-linee-industrial-barrette-991x669.jpg 991w, https:\/\/miaft.com\/wp-content\/uploads\/2024\/01\/mia-linee-industrial-barrette-1199x809.jpg 1199w\" sizes=\"(max-width: 1536px) 100vw, 1536px\" \/>                        <\/div>\n                                                    <h6 class=\"mb-2 text-uppercase color-secondary\">\n                                Barres \u00e9nerg\u00e9tiques & Nougatine                            <\/h6>\n                                                <h4 class=\"mb-0 color-white product-title\">\n                            Ligne de production de barres INDUSTRIAL\u00a0                        <\/h4>\n                                                    <p class=\"mt-3 mb-0\">ligne cl\u00e9 en main pour la production industrielle de barres, jusqu'\u00e0 100 000 pi\u00e8ces\/poste de travail <\/p>\n                                                <div class=\"mt-4\">\n                            <div class=\"oi-block oi-block-layout-button\" ><a href=\"#contact-us\" title=\"\" class=\"btn btn-secondary-fill btn-type-default btn-medium\" >\n    Demande d\u2019informations    <\/a><\/div>                        <\/div>\n                    <\/div>\n                                                    <\/div>\n    <\/div>\n<\/div><\/div>\n\n\n<div id=\"video\" class=\"wp-block-group is-layout-flow wp-block-group-is-layout-flow\">    <div class=\"oi-block oi-block-layout-space\" style=\"--oi-block-space-xs:75px; --oi-block-space-sm:90px; --oi-block-space-md:90px; --oi-block-space-lg:120px; --oi-block-space-xl:120px; --oi-block-space-xxl:120px\"><\/div>\n\n\n\n<h3 class=\"wp-block-heading has-primary-color has-text-color has-link-color wp-elements-c548be28ac22ea2491d0876f7f62f386\">Regardez la ligne de production de barres LC390 en action<\/h3>\n\n\n    <div class=\"oi-block oi-block-layout-space\" style=\"--oi-block-space-xs:50px; --oi-block-space-sm:50px; --oi-block-space-md:50px; --oi-block-space-lg:50px; --oi-block-space-xl:50px; --oi-block-space-xxl:50px\"><\/div>\n\n\n<div class=\"oi-block oi-block-youtube-video-container\" ><div class=\"video-container open-lightbox\">\n    <div class=\"video-inner\">\n        \n\n<figure class=\"wp-block-embed is-type-video is-provider-youtube wp-block-embed-youtube wp-embed-aspect-16-9 wp-has-aspect-ratio\"><div class=\"wp-block-embed__wrapper\">\n<iframe loading=\"lazy\" title=\"MIAFT LINEA BARRETTE LC390\" width=\"500\" height=\"281\" src=\"https:\/\/www.youtube.com\/embed\/dPFq8X-PBTo?feature=oembed\" frameborder=\"0\" allow=\"accelerometer; autoplay; clipboard-write; encrypted-media; gyroscope; picture-in-picture; web-share\" referrerpolicy=\"strict-origin-when-cross-origin\" allowfullscreen><\/iframe>\n<\/div><\/figure>\n\n    <\/div>\n    <\/div>\n<\/div><\/div>\n\n\n    <div class=\"oi-block oi-block-layout-space\" style=\"--oi-block-space-xs:75px; --oi-block-space-sm:90px; --oi-block-space-md:90px; --oi-block-space-lg:120px; --oi-block-space-xl:120px; --oi-block-space-xxl:120px\"><\/div>\n\n<\/div>","protected":false},"excerpt":{"rendered":"<p>La ligne de barres INDUSTRIAL repr\u00e9sente le haut de gamme des lignes automatiques de production de barres de la gamme MIA Food Tech. <\/p>\n","protected":false},"featured_media":36995,"parent":0,"menu_order":80,"template":"","meta":{"_seopress_robots_primary_cat":"none","_seopress_titles_title":"","_seopress_titles_desc":"","_seopress_robots_index":"","is_energy_saving":false,"is_for_sale":false,"show_footer_widget":true,"show_related_products":false,"product_subtitle":"ligne cl\u00e9 en main pour la production industrielle de barres, jusqu'\u00e0 100 000 pi\u00e8ces\/poste de travail ","product_code":"N.4 C2 AUTO + LC 320 o LC 420","related_products_source":"related","related_products_list":"[]","product_powered_by_title":"","product_powered_by_image":"{}","product_on_sale_label":"","product_on_sale_label_1":"","product_on_sale_label_2":"","product_on_sale_label_3":"","product_on_sale_label_4":"","product_on_sale_label_5":"","footnotes":""},"finished_product":[109,111],"machine":[116],"processing":[132],"class_list":["post-9686","product","type-product","status-publish","has-post-thumbnail","hentry","finished_product-barres-energetiques","finished_product-nougatine","machine-installations-cle-en-main","processing-laminage-et-coupe"],"_links":{"self":[{"href":"https:\/\/miaft.com\/fr\/wp-json\/wp\/v2\/product\/9686"}],"collection":[{"href":"https:\/\/miaft.com\/fr\/wp-json\/wp\/v2\/product"}],"about":[{"href":"https:\/\/miaft.com\/fr\/wp-json\/wp\/v2\/types\/product"}],"version-history":[{"count":5,"href":"https:\/\/miaft.com\/fr\/wp-json\/wp\/v2\/product\/9686\/revisions"}],"predecessor-version":[{"id":37010,"href":"https:\/\/miaft.com\/fr\/wp-json\/wp\/v2\/product\/9686\/revisions\/37010"}],"wp:featuredmedia":[{"embeddable":true,"href":"https:\/\/miaft.com\/fr\/wp-json\/wp\/v2\/media\/36995"}],"wp:attachment":[{"href":"https:\/\/miaft.com\/fr\/wp-json\/wp\/v2\/media?parent=9686"}],"wp:term":[{"taxonomy":"finished_product","embeddable":true,"href":"https:\/\/miaft.com\/fr\/wp-json\/wp\/v2\/finished_product?post=9686"},{"taxonomy":"machine","embeddable":true,"href":"https:\/\/miaft.com\/fr\/wp-json\/wp\/v2\/machine?post=9686"},{"taxonomy":"processing","embeddable":true,"href":"https:\/\/miaft.com\/fr\/wp-json\/wp\/v2\/processing?post=9686"}],"curies":[{"name":"wp","href":"https:\/\/api.w.org\/{rel}","templated":true}]}}