{"id":9683,"date":"2024-01-05T15:31:49","date_gmt":"2024-01-05T14:31:49","guid":{"rendered":"https:\/\/miaft.com\/product\/linea-automatica-di-laminazione-barrette-energetiche-mini-bars-250-cool-warm\/"},"modified":"2024-04-09T12:39:31","modified_gmt":"2024-04-09T10:39:31","slug":"linea-automatica-di-laminazione-barrette-energetiche-mini-bars-250-cool-warm","status":"publish","type":"product","link":"https:\/\/miaft.com\/fr\/product\/linea-automatica-di-laminazione-barrette-energetiche-mini-bars-250-cool-warm\/","title":{"rendered":"Ligne automatique de laminage de barres \u00e9nerg\u00e9tiques\u00a0"},"content":{"rendered":"\n<div class=\"wp-block-group has-light-background-color has-background is-layout-flow wp-block-group-is-layout-flow\"><div class=\"oi-block oi-block-layout-container container\" style=\"\"  >\n    <div class=\"oi-block oi-block-layout-space\" style=\"--oi-block-space-xs:75px; --oi-block-space-sm:90px; --oi-block-space-md:90px; --oi-block-space-lg:120px; --oi-block-space-xl:120px; --oi-block-space-xxl:120px\"><\/div>\n\n\n\n<h3 class=\"wp-block-heading has-primary-color has-text-color has-link-color wp-elements-803b47f0e8ad11ad42847e6dedc46681\"><strong>Caract\u00e9ristiques techniques<\/strong><\/h3>\n\n\n    <div class=\"oi-block oi-block-layout-space\" style=\"--oi-block-space-xs:30px; --oi-block-space-sm:30px; --oi-block-space-md:30px; --oi-block-space-lg:30px; --oi-block-space-xl:30px; --oi-block-space-xxl:30px\"><\/div>\n\n\n    <div class=\"oi-block oi-block-layout-row row  row-vertical-gap\">\n        \n<div class=\"oi-block oi-block-layout-row-column col-12 col-sm-12 col-md-12 col-lg-6 col-xl-4 col-xxl-4\" style=\"\" >\n\n<h5 class=\"wp-block-heading has-primary-color has-text-color has-link-color wp-elements-8b260deb368b383b559ddfbdee6c6cad\" style=\"text-transform:uppercase\"><strong>CAPACIT\u00c9 DE PRODUCTION<\/strong><\/h5>\n\n\n    <div class=\"oi-block oi-block-layout-space\" style=\"--oi-block-space-xs:20px; --oi-block-space-sm:20px; --oi-block-space-md:20px; --oi-block-space-lg:20px; --oi-block-space-xl:20px; --oi-block-space-xxl:20px\"><\/div>\n\n\n\n<p>jusqu'\u00e0 80 barres\/minute<\/p>\n\n<\/div>\n\n<div class=\"oi-block oi-block-layout-row-column col-12 col-sm-12 col-md-12 col-lg-6 col-xl-4 col-xxl-4\" style=\"\" >\n\n<h5 class=\"wp-block-heading has-primary-color has-text-color has-link-color wp-elements-898391467207740ae522e809cce3d410\" style=\"text-transform:uppercase\"><strong>CONSOMMATION<\/strong><\/h5>\n\n\n    <div class=\"oi-block oi-block-layout-space\" style=\"--oi-block-space-xs:20px; --oi-block-space-sm:20px; --oi-block-space-md:20px; --oi-block-space-lg:20px; --oi-block-space-xl:20px; --oi-block-space-xxl:20px\"><\/div>\n\n\n\n<p>15 kW triphas\u00e9 400 V 50 Hz (possibilit\u00e9 de commander une machine fonctionnant \u00e0 une tension diff\u00e9rente)<\/p>\n\n<\/div>\n\n<div class=\"oi-block oi-block-layout-row-column col-12 col-sm-12 col-md-12 col-lg-6 col-xl-4 col-xxl-4\" style=\"\" >\n\n<h5 class=\"wp-block-heading has-primary-color has-text-color has-link-color wp-elements-a26595df2891d80d567cbf2989374f8c\" style=\"text-transform:uppercase\"><strong>ENCOMBREMENT<\/strong><\/h5>\n\n\n    <div class=\"oi-block oi-block-layout-space\" style=\"--oi-block-space-xs:20px; --oi-block-space-sm:20px; --oi-block-space-md:20px; --oi-block-space-lg:20px; --oi-block-space-xl:20px; --oi-block-space-xxl:20px\"><\/div>\n\n\n\n<p>Largeur 1000 mm, Longueur 15500 mm, Hauteur 2200 mm, Poids: 1600 kg<\/p>\n\n<\/div>\n    <\/div>\n\n\n    <div class=\"oi-block oi-block-layout-space\" style=\"--oi-block-space-xs:75px; --oi-block-space-sm:90px; --oi-block-space-md:90px; --oi-block-space-lg:120px; --oi-block-space-xl:120px; --oi-block-space-xxl:120px\"><\/div>\n\n<\/div><\/div>\n\n\n<div class=\"oi-block oi-block-layout-container container\" style=\"\"  >\n    <div class=\"oi-block oi-block-layout-space\" style=\"--oi-block-space-xs:75px; --oi-block-space-sm:90px; --oi-block-space-md:90px; --oi-block-space-lg:120px; --oi-block-space-xl:120px; --oi-block-space-xxl:120px\"><\/div>\n\n\n<div class=\"oi-block oi-block-product-content\" >\n<div class=\"row justify-content-between\">\n    <div class=\"col-12 col-md-6 col-lg-5\">\n        \n\n<h3 class=\"wp-block-heading has-primary-color has-text-color has-link-color wp-elements-160ad2532b2c14a289024d62228630af\"><strong>Ligne automatique de laminage de barres \u00e9nerg\u00e9tiques<\/strong><\/h3>\n\n\n    <div class=\"oi-block oi-block-layout-space\" style=\"--oi-block-space-xs:30px; --oi-block-space-sm:30px; --oi-block-space-md:30px; --oi-block-space-lg:30px; --oi-block-space-xl:30px; --oi-block-space-xxl:30px\"><\/div>\n\n\n\n<p>Ligne de production de barres <strong>MINI BARS 250 COOL WARM<\/strong> pour la production automatique de barres de c\u00e9r\u00e9ales, \u00e9nerg\u00e9tiques, prot\u00e9in\u00e9es, etc., avec un d\u00e9bit pouvant atteindre 80 barres\/minute.<\/p>\n\n\n\n<p>Elle repr\u00e9sente l\u2019\u00e9volution de la MINI BARS 150 COOL WARM \u00e0 laquelle ont \u00e9t\u00e9 ajout\u00e9s un tunnel de refroidissement\/chauffage plus long et un groupe de s\u00e9paration des barres apr\u00e8s le cycle de coupe.<\/p>\n\n\n\n<p>La machine est enti\u00e8rement r\u00e9alis\u00e9e en acier inoxydable AISI 304 et dot\u00e9e des \u00e9quipements suivants:<\/p>\n\n\n\n<ul class=\"wp-block-list\">\n<li>Tr\u00e9mie de chargement en t\u00e9flon PTFE<\/li>\n\n\n\n<li>3 rouleaux de laminage r\u00e9glables<\/li>\n\n\n\n<li>Tunnel de refroidissement \/ chauffage de 8 m\u00e8tres (temp\u00e9rature r\u00e9glable de 5 \u00b0C \u00e0 60 \u00b0C)<\/li>\n\n\n\n<li>Groupe de coupe longitudinale \u00e0 lames circulaires<\/li>\n\n\n\n<li>Groupe de s\u00e9paration longitudinale des barres&nbsp;<\/li>\n\n\n\n<li>Groupe de coupe transversale \u00e0 ultrasons&nbsp;<\/li>\n\n\n\n<li>Bande de s\u00e9paration transversale des barres en sortie<\/li>\n<\/ul>\n\n\n    <div class=\"oi-block oi-block-layout-space\" style=\"--oi-block-space-xs:30px; --oi-block-space-sm:30px; --oi-block-space-md:30px; --oi-block-space-lg:30px; --oi-block-space-xl:30px; --oi-block-space-xxl:30px\"><\/div>\n\n\n\n<p>IHM du panneau op\u00e9rateur pour la gestion du cycle de travail avec possibilit\u00e9 d'archivage des recettes et connexion \u00e0 distance (en option).<\/p>\n\n\n\n<p><strong>Remarque<\/strong>:<strong> <\/strong>Une alimentation en air comprim\u00e9 ayant un d\u00e9bit d'environ 150-200 litres\/minute et une pression minimale de 6 bar est n\u00e9cessaire.<\/p>\n\n    <\/div>\n    <div class=\"col-5 col-lg-4 d-none d-md-block\">\n        <div class=\"featured-product\">\n                                                                    <div class=\"bg-dark color-white featured-product-inner\">\n                        <div class=\"image-container\">\n                            <img decoding=\"async\" width=\"2500\" height=\"1906\" src=\"https:\/\/miaft.com\/wp-content\/uploads\/2024\/01\/linea-automatica-di-laminazione-barrette-energetiche-mini-bars-250-cool-warm.jpg\" class=\"img-fluid\" alt=\"\" loading=\"lazy\" srcset=\"https:\/\/miaft.com\/wp-content\/uploads\/2024\/01\/linea-automatica-di-laminazione-barrette-energetiche-mini-bars-250-cool-warm.jpg 2500w, https:\/\/miaft.com\/wp-content\/uploads\/2024\/01\/linea-automatica-di-laminazione-barrette-energetiche-mini-bars-250-cool-warm-1536x1171.jpg 1536w, https:\/\/miaft.com\/wp-content\/uploads\/2024\/01\/linea-automatica-di-laminazione-barrette-energetiche-mini-bars-250-cool-warm-2048x1561.jpg 2048w, https:\/\/miaft.com\/wp-content\/uploads\/2024\/01\/linea-automatica-di-laminazione-barrette-energetiche-mini-bars-250-cool-warm-150x114.jpg 150w, https:\/\/miaft.com\/wp-content\/uploads\/2024\/01\/linea-automatica-di-laminazione-barrette-energetiche-mini-bars-250-cool-warm-575x438.jpg 575w, https:\/\/miaft.com\/wp-content\/uploads\/2024\/01\/linea-automatica-di-laminazione-barrette-energetiche-mini-bars-250-cool-warm-767x585.jpg 767w, https:\/\/miaft.com\/wp-content\/uploads\/2024\/01\/linea-automatica-di-laminazione-barrette-energetiche-mini-bars-250-cool-warm-991x756.jpg 991w, https:\/\/miaft.com\/wp-content\/uploads\/2024\/01\/linea-automatica-di-laminazione-barrette-energetiche-mini-bars-250-cool-warm-1199x914.jpg 1199w\" sizes=\"(max-width: 2500px) 100vw, 2500px\" \/>                        <\/div>\n                                                    <h6 class=\"mb-2 text-uppercase color-secondary\">\n                                Barres \u00e9nerg\u00e9tiques                            <\/h6>\n                                                <h4 class=\"mb-0 color-white product-title\">\n                            Ligne automatique de laminage de barres \u00e9nerg\u00e9tiques\u00a0                        <\/h4>\n                                                    <p class=\"mt-3 mb-0\">production de barres jusqu'\u00e0 3500 pi\u00e8ces\/heure + tunnel de thermostatisation  <\/p>\n                                                <div class=\"mt-4\">\n                            <div class=\"oi-block oi-block-layout-button\" ><a href=\"#contact-us\" title=\"\" class=\"btn btn-secondary-fill btn-type-default btn-medium\" >\n    Demande d\u2019informations    <\/a><\/div>                        <\/div>\n                    <\/div>\n                                                    <\/div>\n    <\/div>\n<\/div><\/div>\n\n    <div class=\"oi-block oi-block-layout-space\" style=\"--oi-block-space-xs:75px; --oi-block-space-sm:90px; --oi-block-space-md:90px; --oi-block-space-lg:120px; --oi-block-space-xl:120px; --oi-block-space-xxl:120px\"><\/div>\n\n<\/div>","protected":false},"excerpt":{"rendered":"<p>Elle repr\u00e9sente l\u2019\u00e9volution de la MINI BARS 150 COOL WARM \u00e0 laquelle ont \u00e9t\u00e9 ajout\u00e9s un tunnel de refroidissement\/chauffage plus long et un groupe de s\u00e9paration des barres apr\u00e8s le cycle de coupe.<\/p>\n","protected":false},"featured_media":28139,"parent":0,"menu_order":71,"template":"","meta":{"_seopress_robots_primary_cat":"","_seopress_titles_title":"","_seopress_titles_desc":"","_seopress_robots_index":"","is_energy_saving":false,"is_for_sale":false,"show_footer_widget":true,"show_related_products":true,"product_subtitle":"production de barres jusqu'\u00e0 3500 pi\u00e8ces\/heure + tunnel de thermostatisation  ","product_code":"MINI BARS 250 COOL-WARM","related_products_source":"custom","related_products_list":"[950,1299]","product_powered_by_title":"","product_powered_by_image":"{}","product_on_sale_label":"","product_on_sale_label_1":"","product_on_sale_label_2":"","product_on_sale_label_3":"","product_on_sale_label_4":"","product_on_sale_label_5":"","footnotes":""},"finished_product":[109],"machine":[117],"processing":[132],"class_list":["post-9683","product","type-product","status-publish","has-post-thumbnail","hentry","finished_product-barres-energetiques","machine-lignes-automatiques","processing-laminage-et-coupe"],"_links":{"self":[{"href":"https:\/\/miaft.com\/fr\/wp-json\/wp\/v2\/product\/9683"}],"collection":[{"href":"https:\/\/miaft.com\/fr\/wp-json\/wp\/v2\/product"}],"about":[{"href":"https:\/\/miaft.com\/fr\/wp-json\/wp\/v2\/types\/product"}],"version-history":[{"count":2,"href":"https:\/\/miaft.com\/fr\/wp-json\/wp\/v2\/product\/9683\/revisions"}],"predecessor-version":[{"id":9804,"href":"https:\/\/miaft.com\/fr\/wp-json\/wp\/v2\/product\/9683\/revisions\/9804"}],"wp:featuredmedia":[{"embeddable":true,"href":"https:\/\/miaft.com\/fr\/wp-json\/wp\/v2\/media\/28139"}],"wp:attachment":[{"href":"https:\/\/miaft.com\/fr\/wp-json\/wp\/v2\/media?parent=9683"}],"wp:term":[{"taxonomy":"finished_product","embeddable":true,"href":"https:\/\/miaft.com\/fr\/wp-json\/wp\/v2\/finished_product?post=9683"},{"taxonomy":"machine","embeddable":true,"href":"https:\/\/miaft.com\/fr\/wp-json\/wp\/v2\/machine?post=9683"},{"taxonomy":"processing","embeddable":true,"href":"https:\/\/miaft.com\/fr\/wp-json\/wp\/v2\/processing?post=9683"}],"curies":[{"name":"wp","href":"https:\/\/api.w.org\/{rel}","templated":true}]}}