{"id":9673,"date":"2024-01-05T15:09:50","date_gmt":"2024-01-05T14:09:50","guid":{"rendered":"https:\/\/miaft.com\/product\/linea-automatica-di-laminazione-barrette-energetiche-easy-bars-100\/"},"modified":"2024-04-09T12:36:37","modified_gmt":"2024-04-09T10:36:37","slug":"linea-automatica-di-laminazione-barrette-energetiche-easy-bars-100","status":"publish","type":"product","link":"https:\/\/miaft.com\/fr\/product\/linea-automatica-di-laminazione-barrette-energetiche-easy-bars-100\/","title":{"rendered":"Ligne automatique de laminage de barres \u00e9nerg\u00e9tiques\u00a0"},"content":{"rendered":"\n<div class=\"wp-block-group has-light-background-color has-background is-layout-flow wp-block-group-is-layout-flow\"><div class=\"oi-block oi-block-layout-container container\" style=\"\"  >\n    <div class=\"oi-block oi-block-layout-space\" style=\"--oi-block-space-xs:75px; --oi-block-space-sm:90px; --oi-block-space-md:90px; --oi-block-space-lg:120px; --oi-block-space-xl:120px; --oi-block-space-xxl:120px\"><\/div>\n\n\n    <div class=\"oi-block oi-block-layout-row row  row-vertical-gap\">\n        \n<div class=\"oi-block oi-block-layout-row-column col-12 col-sm-12 col-md-12 col-lg-6 col-xl-5 col-xxl-5\" style=\"\" >\n\n<h3 class=\"wp-block-heading has-primary-color has-text-color has-link-color wp-elements-099ab7a8929c7c8e7057c3e5d4a578f6\"><strong>Caract\u00e9ristiques<\/strong><\/h3>\n\n\n    <div class=\"oi-block oi-block-layout-space\" style=\"--oi-block-space-xs:30px; --oi-block-space-sm:30px; --oi-block-space-md:30px; --oi-block-space-lg:30px; --oi-block-space-xl:30px; --oi-block-space-xxl:30px\"><\/div>\n\n\n\n<ul class=\"wp-block-list\">\n<li>Machine enti\u00e8rement fabriqu\u00e9e en acier inoxydable AISI 304<\/li>\n\n\n\n<li>Tr\u00e9mie de chargement et rouleaux de laminage en mati\u00e8re plastique adapt\u00e9 au contact alimentaire<\/li>\n\n\n\n<li>Capacit\u00e9 de production de 1200 \u00e0 1800 barres\/heure<\/li>\n\n\n\n<li>Vitesse de la ligne et param\u00e8tres du cycle r\u00e9glables via l\u2019IHM du panneau de commande<\/li>\n<\/ul>\n\n<\/div>\n\n<div class=\"oi-block oi-block-layout-row-column col-0 col-sm-0 col-md-0 col-lg-0 col-xl-1 col-xxl-1 d-none d-sm-none d-md-none d-lg-none d-xl-block d-xxl-block\" style=\"\" ><\/div>\n\n<div class=\"oi-block oi-block-layout-row-column col-12 col-sm-12 col-md-12 col-lg-6 col-xl-5 col-xxl-5\" style=\"\" >\n\n<h3 class=\"wp-block-heading has-primary-color has-text-color has-link-color wp-elements-803b47f0e8ad11ad42847e6dedc46681\"><strong>Caract\u00e9ristiques techniques<\/strong><\/h3>\n\n\n    <div class=\"oi-block oi-block-layout-space\" style=\"--oi-block-space-xs:30px; --oi-block-space-sm:30px; --oi-block-space-md:30px; --oi-block-space-lg:30px; --oi-block-space-xl:30px; --oi-block-space-xxl:30px\"><\/div>\n\n\n\n<ul class=\"wp-block-list\">\n<li>Dimensions 2750 x 750 x 1450 (H) mm<\/li>\n\n\n\n<li>Longueur de barre fixe (\u00e0 d\u00e9terminer lors de la commande)<\/li>\n\n\n\n<li>Largeur de la barre modifiable depuis l\u2019IHM du panneau de commande<\/li>\n\n\n\n<li>Groupe de coupe transversale \u00e0 guillotine avec mouvement pneumatique.<\/li>\n\n\n\n<li>Possibilit\u00e9 d'installer un groupe de coupe \u00e0 ultrasons<\/li>\n<\/ul>\n\n<\/div>\n    <\/div>\n\n\n    <div class=\"oi-block oi-block-layout-space\" style=\"--oi-block-space-xs:75px; --oi-block-space-sm:90px; --oi-block-space-md:90px; --oi-block-space-lg:120px; --oi-block-space-xl:120px; --oi-block-space-xxl:120px\"><\/div>\n\n<\/div><\/div>\n\n\n<div class=\"oi-block oi-block-layout-container container\" style=\"\"  >\n    <div class=\"oi-block oi-block-layout-space\" style=\"--oi-block-space-xs:75px; --oi-block-space-sm:90px; --oi-block-space-md:90px; --oi-block-space-lg:120px; --oi-block-space-xl:120px; --oi-block-space-xxl:120px\"><\/div>\n\n\n<div class=\"oi-block oi-block-product-content\" >\n<div class=\"row justify-content-between\">\n    <div class=\"col-12 col-md-6 col-lg-5\">\n        \n\n<p>Installation de production automatique de barres de c\u00e9r\u00e9ales, barres moelleuses, barres de nougatine, barres prot\u00e9in\u00e9es et barres hyperprot\u00e9in\u00e9es, particuli\u00e8rement adapt\u00e9e aux projets start-up, avec une production d'environ 1200-1800 barres\/heure en fonction du type de barres produites.<\/p>\n\n\n\n<p>La machine effectue le <strong>laminage et la coupe des barres<\/strong> \u00e0 une vitesse et une taille r\u00e9glables via l\u2019IHM du panneau op\u00e9rateur.<\/p>\n\n\n\n<p>La ligne est <strong>\u00e9quip\u00e9e de deux rouleaux de laminage en t\u00e9flon<\/strong> pour former la couche de produit, un rouleau lisse de finition et un groupe de coupe transversale qui peut \u00eatre traditionnel \u00e0 guillotine ou \u00e0 ultrasons en cas de produits particuli\u00e8rement collants.<\/p>\n\n\n\n<p>Un op\u00e9rateur <strong>charge le produit <\/strong>dans une tr\u00e9mie en plastique adapt\u00e9e au contact alimentaire et la <strong>machine ex\u00e9cute automatiquement toutes les phases de production <\/strong>des barres.<\/p>\n\n\n\n<p>\u00c0 la sortie de la machine, un deuxi\u00e8me op\u00e9rateur <strong>r\u00e9cup\u00e8re les barres et les place sur des chariots pr\u00e9vus \u00e0 cet effet<\/strong> pour les op\u00e9rations suivantes (enrobage au chocolat, d\u00e9coration, etc.) ou directement sur la machine de conditionnement.<\/p>\n\n\n\n<p>Ce type de ligne automatique est g\u00e9n\u00e9ralement associ\u00e9 \u00e0 deux de nos cuiseurs C1 AUTO, d\u2019une capacit\u00e9 de 30 litres ou \u00e0 un de nos cuiseurs C2 AUTO de 60 litres.<\/p>\n\n\n    <div class=\"oi-block oi-block-layout-space\" style=\"--oi-block-space-xs:30px; --oi-block-space-sm:30px; --oi-block-space-md:30px; --oi-block-space-lg:30px; --oi-block-space-xl:30px; --oi-block-space-xxl:30px\"><\/div>\n\n\n\n<h3 class=\"wp-block-heading has-primary-color has-text-color has-link-color wp-elements-03576e7950975006f25497c68fa5f802\"><strong>Nettoyage du laminoir<\/strong><\/h3>\n\n\n    <div class=\"oi-block oi-block-layout-space\" style=\"--oi-block-space-xs:30px; --oi-block-space-sm:30px; --oi-block-space-md:30px; --oi-block-space-lg:30px; --oi-block-space-xl:30px; --oi-block-space-xxl:30px\"><\/div>\n\n\n\n<p>Nettoyage du groupe de coupe \u00e0 effectuer avec de l'eau chaude lorsque n\u00e9cessaire et avec de la vapeur \u00e0 la fin de la journ\u00e9e de travail.<\/p>\n\n    <\/div>\n    <div class=\"col-5 col-lg-4 d-none d-md-block\">\n        <div class=\"featured-product\">\n                                                                    <div class=\"bg-dark color-white featured-product-inner\">\n                        <div class=\"image-container\">\n                            <img decoding=\"async\" width=\"1920\" height=\"1578\" src=\"https:\/\/miaft.com\/wp-content\/uploads\/2024\/01\/linea-automatica-di-laminazione-barrette-energetiche-easy-bars-100.jpg\" class=\"img-fluid\" alt=\"\" loading=\"lazy\" srcset=\"https:\/\/miaft.com\/wp-content\/uploads\/2024\/01\/linea-automatica-di-laminazione-barrette-energetiche-easy-bars-100.jpg 1920w, https:\/\/miaft.com\/wp-content\/uploads\/2024\/01\/linea-automatica-di-laminazione-barrette-energetiche-easy-bars-100-1536x1262.jpg 1536w, https:\/\/miaft.com\/wp-content\/uploads\/2024\/01\/linea-automatica-di-laminazione-barrette-energetiche-easy-bars-100-150x123.jpg 150w, https:\/\/miaft.com\/wp-content\/uploads\/2024\/01\/linea-automatica-di-laminazione-barrette-energetiche-easy-bars-100-575x473.jpg 575w, https:\/\/miaft.com\/wp-content\/uploads\/2024\/01\/linea-automatica-di-laminazione-barrette-energetiche-easy-bars-100-767x630.jpg 767w, https:\/\/miaft.com\/wp-content\/uploads\/2024\/01\/linea-automatica-di-laminazione-barrette-energetiche-easy-bars-100-991x814.jpg 991w, https:\/\/miaft.com\/wp-content\/uploads\/2024\/01\/linea-automatica-di-laminazione-barrette-energetiche-easy-bars-100-1199x985.jpg 1199w\" sizes=\"(max-width: 1920px) 100vw, 1920px\" \/>                        <\/div>\n                                                    <h6 class=\"mb-2 text-uppercase color-secondary\">\n                                Barres \u00e9nerg\u00e9tiques                            <\/h6>\n                                                <h4 class=\"mb-0 color-white product-title\">\n                            Ligne automatique de laminage de barres \u00e9nerg\u00e9tiques\u00a0                        <\/h4>\n                                                    <p class=\"mt-3 mb-0\">production de barres non collantes jusqu'\u00e0 2000 pi\u00e8ces\/heure <\/p>\n                                                <div class=\"mt-4\">\n                            <div class=\"oi-block oi-block-layout-button\" ><a href=\"#contact-us\" title=\"\" class=\"btn btn-secondary-fill btn-type-default btn-medium\" >\n    Demande d\u2019informations    <\/a><\/div>                        <\/div>\n                    <\/div>\n                                                    <\/div>\n    <\/div>\n<\/div><\/div>\n\n    <div class=\"oi-block oi-block-layout-space\" style=\"--oi-block-space-xs:75px; --oi-block-space-sm:90px; --oi-block-space-md:90px; --oi-block-space-lg:120px; --oi-block-space-xl:120px; --oi-block-space-xxl:120px\"><\/div>\n\n<\/div>","protected":false},"excerpt":{"rendered":"<p>La machine effectue le laminage et la coupe des barres \u00e0 une vitesse et une taille r\u00e9glables, id\u00e9ale pour les projets startup.<\/p>\n","protected":false},"featured_media":28119,"parent":0,"menu_order":58,"template":"","meta":{"_seopress_robots_primary_cat":"","_seopress_titles_title":"","_seopress_titles_desc":"","_seopress_robots_index":"","is_energy_saving":false,"is_for_sale":false,"show_footer_widget":true,"show_related_products":true,"product_subtitle":"production de barres non collantes jusqu'\u00e0 2000 pi\u00e8ces\/heure ","product_code":"Easy Bars 100","related_products_source":"custom","related_products_list":"[950,1299]","product_powered_by_title":"","product_powered_by_image":"{}","product_on_sale_label":"","product_on_sale_label_1":"","product_on_sale_label_2":"","product_on_sale_label_3":"","product_on_sale_label_4":"","product_on_sale_label_5":"","footnotes":""},"finished_product":[109],"machine":[117],"processing":[132],"class_list":["post-9673","product","type-product","status-publish","has-post-thumbnail","hentry","finished_product-barres-energetiques","machine-lignes-automatiques","processing-laminage-et-coupe"],"_links":{"self":[{"href":"https:\/\/miaft.com\/fr\/wp-json\/wp\/v2\/product\/9673"}],"collection":[{"href":"https:\/\/miaft.com\/fr\/wp-json\/wp\/v2\/product"}],"about":[{"href":"https:\/\/miaft.com\/fr\/wp-json\/wp\/v2\/types\/product"}],"version-history":[{"count":2,"href":"https:\/\/miaft.com\/fr\/wp-json\/wp\/v2\/product\/9673\/revisions"}],"predecessor-version":[{"id":9796,"href":"https:\/\/miaft.com\/fr\/wp-json\/wp\/v2\/product\/9673\/revisions\/9796"}],"wp:featuredmedia":[{"embeddable":true,"href":"https:\/\/miaft.com\/fr\/wp-json\/wp\/v2\/media\/28119"}],"wp:attachment":[{"href":"https:\/\/miaft.com\/fr\/wp-json\/wp\/v2\/media?parent=9673"}],"wp:term":[{"taxonomy":"finished_product","embeddable":true,"href":"https:\/\/miaft.com\/fr\/wp-json\/wp\/v2\/finished_product?post=9673"},{"taxonomy":"machine","embeddable":true,"href":"https:\/\/miaft.com\/fr\/wp-json\/wp\/v2\/machine?post=9673"},{"taxonomy":"processing","embeddable":true,"href":"https:\/\/miaft.com\/fr\/wp-json\/wp\/v2\/processing?post=9673"}],"curies":[{"name":"wp","href":"https:\/\/api.w.org\/{rel}","templated":true}]}}