{"id":9670,"date":"2024-01-05T14:23:10","date_gmt":"2024-01-05T13:23:10","guid":{"rendered":"https:\/\/miaft.com\/product\/impianto-produzione-di-granella-e-farina-crick-crock-200-300-400-500\/"},"modified":"2025-10-30T18:30:47","modified_gmt":"2025-10-30T17:30:47","slug":"impianto-produzione-di-granella-e-farina-crick-crock-200-300-400-500","status":"publish","type":"product","link":"https:\/\/miaft.com\/fr\/product\/impianto-produzione-di-granella-e-farina-crick-crock-200-300-400-500\/","title":{"rendered":"Installation de production de concass\u00e9 et de farine\u00a0"},"content":{"rendered":"\n<div class=\"wp-block-group has-light-background-color has-background is-layout-flow wp-block-group-is-layout-flow\"><div class=\"oi-block oi-block-layout-container container\" style=\"\"  >\n    <div class=\"oi-block oi-block-layout-space\" style=\"--oi-block-space-xs:75px; --oi-block-space-sm:90px; --oi-block-space-md:90px; --oi-block-space-lg:120px; --oi-block-space-xl:120px; --oi-block-space-xxl:120px\"><\/div>\n\n\n    <div class=\"oi-block oi-block-layout-row row  row-vertical-gap\">\n        \n<div class=\"oi-block oi-block-layout-row-column col-12 col-sm-12 col-md-12 col-lg-6 col-xl-5 col-xxl-5\" style=\"\" >\n\n<h3 class=\"wp-block-heading has-primary-color has-text-color has-link-color wp-elements-099ab7a8929c7c8e7057c3e5d4a578f6\"><strong>Caract\u00e9ristiques<\/strong><\/h3>\n\n\n    <div class=\"oi-block oi-block-layout-space\" style=\"--oi-block-space-xs:30px; --oi-block-space-sm:30px; --oi-block-space-md:30px; --oi-block-space-lg:30px; --oi-block-space-xl:30px; --oi-block-space-xxl:30px\"><\/div>\n\n\n\n<ul class=\"wp-block-list\">\n<li>Machine enti\u00e8rement r\u00e9alis\u00e9e en <strong>acier inoxydable AISI 304.<\/strong><\/li>\n\n\n\n<li><strong>Construction robuste <\/strong>pour une plus grande pr\u00e9cision du traitement et pour prolonger la durabilit\u00e9.<\/li>\n\n\n\n<li><strong>Rouleaux de coupe <\/strong>r\u00e9glables jusqu'\u00e0 20 mm d'\u00e9cart<\/li>\n\n\n\n<li><strong>Vitesse des rouleaux de coupe r\u00e9glable <\/strong>par onduleur<\/li>\n\n\n\n<li><strong>Capacit\u00e9 de production <\/strong>de 150 \u00e0 600 kg\/h selon le type de broyeur<\/li>\n\n\n\n<li><strong>Production<\/strong>: concass\u00e9 gros ou fin, farine (selon le type de machine)<\/li>\n<\/ul>\n\n<\/div>\n\n<div class=\"oi-block oi-block-layout-row-column col-0 col-sm-0 col-md-0 col-lg-0 col-xl-1 col-xxl-1 d-none d-sm-none d-md-none d-lg-none d-xl-block d-xxl-block\" style=\"\" ><\/div>\n\n<div class=\"oi-block oi-block-layout-row-column col-12 col-sm-12 col-md-12 col-lg-6 col-xl-5 col-xxl-5\" style=\"\" >\n\n<h3 class=\"wp-block-heading has-primary-color has-text-color has-link-color wp-elements-803b47f0e8ad11ad42847e6dedc46681\"><strong>Caract\u00e9ristiques techniques<\/strong><\/h3>\n\n\n    <div class=\"oi-block oi-block-layout-space\" style=\"--oi-block-space-xs:30px; --oi-block-space-sm:30px; --oi-block-space-md:30px; --oi-block-space-lg:30px; --oi-block-space-xl:30px; --oi-block-space-xxl:30px\"><\/div>\n\n\n\n<ul class=\"wp-block-list\">\n<li><strong>Longueur de rouleau <\/strong>variable de 200 \u00e0 500 mm selon les besoins<\/li>\n\n\n\n<li>Machine disponible avec un <strong>nombre de passes<\/strong> de 1 \u00e0 4<\/li>\n\n\n\n<li>Possibilit\u00e9 d'installer des bandes de <strong>chargement <\/strong>du produit \u00e0 traiter<\/li>\n\n\n\n<li>Possibilit\u00e9 d'installer des convoyeurs \u00e0 bande de <strong>d\u00e9chargement <\/strong>du produit trait\u00e9<\/li>\n\n\n\n<li>Possibilit\u00e9 d'installer un <strong>tamis vibrant<\/strong> pour tamiser les concass\u00e9s et la farine<\/li>\n<\/ul>\n\n<\/div>\n    <\/div>\n\n\n    <div class=\"oi-block oi-block-layout-space\" style=\"--oi-block-space-xs:75px; --oi-block-space-sm:90px; --oi-block-space-md:90px; --oi-block-space-lg:120px; --oi-block-space-xl:120px; --oi-block-space-xxl:120px\"><\/div>\n\n<\/div><\/div>\n\n\n<div class=\"oi-block oi-block-layout-container container\" style=\"\"  >\n    <div class=\"oi-block oi-block-layout-space\" style=\"--oi-block-space-xs:75px; --oi-block-space-sm:90px; --oi-block-space-md:90px; --oi-block-space-lg:120px; --oi-block-space-xl:120px; --oi-block-space-xxl:120px\"><\/div>\n\n\n<div class=\"oi-block oi-block-product-content\" >\n<div class=\"row justify-content-between\">\n    <div class=\"col-12 col-md-6 col-lg-5\">\n        \n\n<h3 class=\"wp-block-heading has-primary-color has-text-color has-link-color wp-elements-245b48d4644cc5c79b4afa845abdd1f9\"><strong>Syst\u00e8me de coupe r\u00e9glable<\/strong><\/h3>\n\n\n    <div class=\"oi-block oi-block-layout-space\" style=\"--oi-block-space-xs:30px; --oi-block-space-sm:30px; --oi-block-space-md:30px; --oi-block-space-lg:30px; --oi-block-space-xl:30px; --oi-block-space-xxl:30px\"><\/div>\n\n\n\n<p>Le syst\u00e8me de coupe de nos <strong>broyeurs<\/strong> est con\u00e7u pour <strong>s'adapter \u00e0 diff\u00e9rents types de produits<\/strong> et obtenir une excellente pr\u00e9cision au niveau du calibre des concass\u00e9s.<\/p>\n\n\n\n<p>Pour les <strong>fruits secs<\/strong>, la conception sp\u00e9ciale des rouleaux de coupe permet d'<strong>\u00e9viter la fuite d'huile essentielle <\/strong>des fruits pendant la phase de traitement, pr\u00e9servant ainsi les <strong>qualit\u00e9s organoleptiques<\/strong> du produit et \u00e9vitant le rancissement rapide des fruits.<\/p>\n\n\n    <div class=\"oi-block oi-block-layout-space\" style=\"--oi-block-space-xs:30px; --oi-block-space-sm:30px; --oi-block-space-md:30px; --oi-block-space-lg:30px; --oi-block-space-xl:30px; --oi-block-space-xxl:30px\"><\/div>\n\n\n\n<h3 class=\"wp-block-heading has-primary-color has-text-color has-link-color wp-elements-dc374be139243962b589aa55fd9559ac\"><strong>Configuration de l'installation<\/strong><\/h3>\n\n\n    <div class=\"oi-block oi-block-layout-space\" style=\"--oi-block-space-xs:30px; --oi-block-space-sm:30px; --oi-block-space-md:30px; --oi-block-space-lg:30px; --oi-block-space-xl:30px; --oi-block-space-xxl:30px\"><\/div>\n\n\n\n<p>Pour les broyeurs automatiques CRICK-CROCK, vous avez le choix entre <strong>diff\u00e9rentes configurations allant de 1 \u00e0 4 passes<\/strong>, afin d'adapter la machine \u00e0 la production demand\u00e9e par le client.<\/p>\n\n\n\n<p>En plus du nombre de passages, il est possible de <strong>personnaliser la taille des rouleaux<\/strong> <strong>de coupe<\/strong> pour avoir un contr\u00f4le pr\u00e9cis et constant de la granulom\u00e9trie du produit en cours de traitement.<\/p>\n\n\n    <div class=\"oi-block oi-block-layout-space\" style=\"--oi-block-space-xs:30px; --oi-block-space-sm:30px; --oi-block-space-md:30px; --oi-block-space-lg:30px; --oi-block-space-xl:30px; --oi-block-space-xxl:30px\"><\/div>\n\n\n\n<h3 class=\"wp-block-heading has-primary-color has-text-color has-link-color wp-elements-7085c5705b8cf2ecd81fdc4297adbbe2\"><strong>Capacit\u00e9 de production de concass\u00e9s<\/strong><\/h3>\n\n\n    <div class=\"oi-block oi-block-layout-space\" style=\"--oi-block-space-xs:30px; --oi-block-space-sm:30px; --oi-block-space-md:30px; --oi-block-space-lg:30px; --oi-block-space-xl:30px; --oi-block-space-xxl:30px\"><\/div>\n\n\n\n<p>La capacit\u00e9 de production de nos broyeurs varie de <strong>150 kg\/h \u00e0 600 kg\/h<\/strong> en fonction de la taille de la machine et du type de produit \u00e0 concasser.<\/p>\n\n\n\n<p>Pour <strong>automatiser le processus<\/strong> et augmenter la capacit\u00e9 de production, nos lignes de concass\u00e9s\/farine peuvent \u00eatre \u00e9quip\u00e9es de <strong>convoyeurs \u00e0 bande de chargement du produit<\/strong> \u00e0 traiter, de <strong>d\u00e9chargement<\/strong> du produit fini et de<strong> tamis vibrants pour le calibrage <\/strong>du produit fini.<\/p>\n\n\n    <div class=\"oi-block oi-block-layout-space\" style=\"--oi-block-space-xs:30px; --oi-block-space-sm:30px; --oi-block-space-md:30px; --oi-block-space-lg:30px; --oi-block-space-xl:30px; --oi-block-space-xxl:30px\"><\/div>\n\n\n\n<h3 class=\"wp-block-heading has-primary-color has-text-color has-link-color wp-elements-fc125824c134fd8bb89615651b11e758\"><strong>Nettoyage de l'installation de concass\u00e9s<\/strong><\/h3>\n\n\n    <div class=\"oi-block oi-block-layout-space\" style=\"--oi-block-space-xs:30px; --oi-block-space-sm:30px; --oi-block-space-md:30px; --oi-block-space-lg:30px; --oi-block-space-xl:30px; --oi-block-space-xxl:30px\"><\/div>\n\n\n\n<p>Nettoyer les rouleaux de coupe avec de l'air comprim\u00e9 lorsque n\u00e9cessaire et avec de l'eau chaude et une \u00e9ponge, de la vapeur et de l\u2019air comprim\u00e9 \u00e0 la fin de la journ\u00e9e de travail.<\/p>\n\n    <\/div>\n    <div class=\"col-5 col-lg-4 d-none d-md-block\">\n        <div class=\"featured-product\">\n                                                                    <div class=\"bg-dark color-white featured-product-inner\">\n                        <div class=\"image-container\">\n                            <img decoding=\"async\" width=\"1500\" height=\"1500\" src=\"https:\/\/miaft.com\/wp-content\/uploads\/2024\/01\/impianto-produzione-di-granella-e-farina-crick-crock-200-400-600-800-1.jpg\" class=\"img-fluid\" alt=\"\" loading=\"lazy\" srcset=\"https:\/\/miaft.com\/wp-content\/uploads\/2024\/01\/impianto-produzione-di-granella-e-farina-crick-crock-200-400-600-800-1.jpg 1500w, https:\/\/miaft.com\/wp-content\/uploads\/2024\/01\/impianto-produzione-di-granella-e-farina-crick-crock-200-400-600-800-1-150x150.jpg 150w, https:\/\/miaft.com\/wp-content\/uploads\/2024\/01\/impianto-produzione-di-granella-e-farina-crick-crock-200-400-600-800-1-575x575.jpg 575w, https:\/\/miaft.com\/wp-content\/uploads\/2024\/01\/impianto-produzione-di-granella-e-farina-crick-crock-200-400-600-800-1-767x767.jpg 767w, https:\/\/miaft.com\/wp-content\/uploads\/2024\/01\/impianto-produzione-di-granella-e-farina-crick-crock-200-400-600-800-1-991x991.jpg 991w, https:\/\/miaft.com\/wp-content\/uploads\/2024\/01\/impianto-produzione-di-granella-e-farina-crick-crock-200-400-600-800-1-1199x1199.jpg 1199w\" sizes=\"(max-width: 1500px) 100vw, 1500px\" \/>                        <\/div>\n                                                    <h6 class=\"mb-2 text-uppercase color-secondary\">\n                                Fruits secs                            <\/h6>\n                                                <h4 class=\"mb-0 color-white product-title\">\n                            Installation de production de concass\u00e9 et de farine\u00a0                        <\/h4>\n                                                    <p class=\"mt-3 mb-0\">de fruits secs, de noisettes et de graines <\/p>\n                                                <div class=\"mt-4\">\n                            <div class=\"oi-block oi-block-layout-button\" ><a href=\"#contact-us\" title=\"\" class=\"btn btn-secondary-fill btn-type-default btn-medium\" >\n    Demande d\u2019informations    <\/a><\/div>                        <\/div>\n                    <\/div>\n                                                    <\/div>\n    <\/div>\n<\/div><\/div>\n\n    <div class=\"oi-block oi-block-layout-space\" style=\"--oi-block-space-xs:75px; --oi-block-space-sm:90px; --oi-block-space-md:90px; --oi-block-space-lg:120px; --oi-block-space-xl:120px; --oi-block-space-xxl:120px\"><\/div>\n\n\n<div class=\"oi-block oi-block-carousel\" ><div class=\"carousel-container overflowed-carousel\">\n    <div class=\"splide block-carousel\" data-splide='{\"arrows\":false,\"pagination\":false,\"perPage\":3,\"gap\":30,\"type\":\"slide\",\"rewind\":false}'>\n        <div class=\"splide__track\">\n            <ul class=\"splide__list\">\n                \n\n<figure class=\"wp-block-image size-full\"><img loading=\"lazy\" decoding=\"async\" width=\"1500\" height=\"1500\" src=\"https:\/\/miaft.com\/wp-content\/uploads\/2024\/01\/impianto-produzione-di-granella-e-farina-crick-crock-200-400-600-800-2.jpg\" alt=\"\" class=\"wp-image-28022\" srcset=\"https:\/\/miaft.com\/wp-content\/uploads\/2024\/01\/impianto-produzione-di-granella-e-farina-crick-crock-200-400-600-800-2.jpg 1500w, https:\/\/miaft.com\/wp-content\/uploads\/2024\/01\/impianto-produzione-di-granella-e-farina-crick-crock-200-400-600-800-2-150x150.jpg 150w, https:\/\/miaft.com\/wp-content\/uploads\/2024\/01\/impianto-produzione-di-granella-e-farina-crick-crock-200-400-600-800-2-575x575.jpg 575w, https:\/\/miaft.com\/wp-content\/uploads\/2024\/01\/impianto-produzione-di-granella-e-farina-crick-crock-200-400-600-800-2-767x767.jpg 767w, https:\/\/miaft.com\/wp-content\/uploads\/2024\/01\/impianto-produzione-di-granella-e-farina-crick-crock-200-400-600-800-2-991x991.jpg 991w, https:\/\/miaft.com\/wp-content\/uploads\/2024\/01\/impianto-produzione-di-granella-e-farina-crick-crock-200-400-600-800-2-1199x1199.jpg 1199w\" sizes=\"(max-width: 1500px) 100vw, 1500px\" \/><\/figure>\n\n\n\n<figure class=\"wp-block-image size-full\"><img loading=\"lazy\" decoding=\"async\" width=\"1500\" height=\"1500\" src=\"https:\/\/miaft.com\/wp-content\/uploads\/2024\/01\/impianto-produzione-di-granella-e-farina-crick-crock-200-400-600-800-3.jpg\" alt=\"\" class=\"wp-image-28027\" srcset=\"https:\/\/miaft.com\/wp-content\/uploads\/2024\/01\/impianto-produzione-di-granella-e-farina-crick-crock-200-400-600-800-3.jpg 1500w, https:\/\/miaft.com\/wp-content\/uploads\/2024\/01\/impianto-produzione-di-granella-e-farina-crick-crock-200-400-600-800-3-150x150.jpg 150w, https:\/\/miaft.com\/wp-content\/uploads\/2024\/01\/impianto-produzione-di-granella-e-farina-crick-crock-200-400-600-800-3-575x575.jpg 575w, https:\/\/miaft.com\/wp-content\/uploads\/2024\/01\/impianto-produzione-di-granella-e-farina-crick-crock-200-400-600-800-3-767x767.jpg 767w, https:\/\/miaft.com\/wp-content\/uploads\/2024\/01\/impianto-produzione-di-granella-e-farina-crick-crock-200-400-600-800-3-991x991.jpg 991w, https:\/\/miaft.com\/wp-content\/uploads\/2024\/01\/impianto-produzione-di-granella-e-farina-crick-crock-200-400-600-800-3-1199x1199.jpg 1199w\" sizes=\"(max-width: 1500px) 100vw, 1500px\" \/><\/figure>\n\n\n\n<figure class=\"wp-block-image size-full\"><img loading=\"lazy\" decoding=\"async\" width=\"1500\" height=\"1000\" src=\"https:\/\/miaft.com\/wp-content\/uploads\/2024\/01\/impianto-produzione-granella-crick-crock-200-300-400-500-lavorazione-5.jpg\" alt=\"impianto produzione di granella e farina\" class=\"wp-image-19619\" srcset=\"https:\/\/miaft.com\/wp-content\/uploads\/2024\/01\/impianto-produzione-granella-crick-crock-200-300-400-500-lavorazione-5.jpg 1500w, https:\/\/miaft.com\/wp-content\/uploads\/2024\/01\/impianto-produzione-granella-crick-crock-200-300-400-500-lavorazione-5-150x100.jpg 150w, https:\/\/miaft.com\/wp-content\/uploads\/2024\/01\/impianto-produzione-granella-crick-crock-200-300-400-500-lavorazione-5-575x383.jpg 575w, https:\/\/miaft.com\/wp-content\/uploads\/2024\/01\/impianto-produzione-granella-crick-crock-200-300-400-500-lavorazione-5-767x511.jpg 767w, https:\/\/miaft.com\/wp-content\/uploads\/2024\/01\/impianto-produzione-granella-crick-crock-200-300-400-500-lavorazione-5-991x661.jpg 991w, https:\/\/miaft.com\/wp-content\/uploads\/2024\/01\/impianto-produzione-granella-crick-crock-200-300-400-500-lavorazione-5-1199x799.jpg 1199w\" sizes=\"(max-width: 1500px) 100vw, 1500px\" \/><\/figure>\n\n\n\n<figure class=\"wp-block-image size-full\"><img loading=\"lazy\" decoding=\"async\" width=\"1500\" height=\"1000\" src=\"https:\/\/miaft.com\/wp-content\/uploads\/2024\/01\/impianto-produzione-granella-crick-crock-200-300-400-500-lavorazione-6.jpg\" alt=\"impianto produzione di granella e farina\" class=\"wp-image-19624\" srcset=\"https:\/\/miaft.com\/wp-content\/uploads\/2024\/01\/impianto-produzione-granella-crick-crock-200-300-400-500-lavorazione-6.jpg 1500w, https:\/\/miaft.com\/wp-content\/uploads\/2024\/01\/impianto-produzione-granella-crick-crock-200-300-400-500-lavorazione-6-150x100.jpg 150w, https:\/\/miaft.com\/wp-content\/uploads\/2024\/01\/impianto-produzione-granella-crick-crock-200-300-400-500-lavorazione-6-575x383.jpg 575w, https:\/\/miaft.com\/wp-content\/uploads\/2024\/01\/impianto-produzione-granella-crick-crock-200-300-400-500-lavorazione-6-767x511.jpg 767w, https:\/\/miaft.com\/wp-content\/uploads\/2024\/01\/impianto-produzione-granella-crick-crock-200-300-400-500-lavorazione-6-991x661.jpg 991w, https:\/\/miaft.com\/wp-content\/uploads\/2024\/01\/impianto-produzione-granella-crick-crock-200-300-400-500-lavorazione-6-1199x799.jpg 1199w\" sizes=\"(max-width: 1500px) 100vw, 1500px\" \/><\/figure>\n\n\n\n<figure class=\"wp-block-image size-full\"><img loading=\"lazy\" decoding=\"async\" width=\"1000\" height=\"1500\" src=\"https:\/\/miaft.com\/wp-content\/uploads\/2024\/01\/impianto-produzione-granella-crick-crock-200-300-400-500-lavorazione-1.jpg\" alt=\"impianto produzione di granella e farina\" class=\"wp-image-19598\" srcset=\"https:\/\/miaft.com\/wp-content\/uploads\/2024\/01\/impianto-produzione-granella-crick-crock-200-300-400-500-lavorazione-1.jpg 1000w, https:\/\/miaft.com\/wp-content\/uploads\/2024\/01\/impianto-produzione-granella-crick-crock-200-300-400-500-lavorazione-1-150x225.jpg 150w, https:\/\/miaft.com\/wp-content\/uploads\/2024\/01\/impianto-produzione-granella-crick-crock-200-300-400-500-lavorazione-1-575x863.jpg 575w, https:\/\/miaft.com\/wp-content\/uploads\/2024\/01\/impianto-produzione-granella-crick-crock-200-300-400-500-lavorazione-1-767x1151.jpg 767w, https:\/\/miaft.com\/wp-content\/uploads\/2024\/01\/impianto-produzione-granella-crick-crock-200-300-400-500-lavorazione-1-991x1487.jpg 991w\" sizes=\"(max-width: 1000px) 100vw, 1000px\" \/><\/figure>\n\n\n\n<figure class=\"wp-block-image size-full\"><img loading=\"lazy\" decoding=\"async\" width=\"1000\" height=\"1500\" src=\"https:\/\/miaft.com\/wp-content\/uploads\/2024\/01\/impianto-produzione-granella-crick-crock-200-300-400-500-lavorazione-2.jpg\" alt=\"impianto produzione di granella e farina\" class=\"wp-image-19604\" srcset=\"https:\/\/miaft.com\/wp-content\/uploads\/2024\/01\/impianto-produzione-granella-crick-crock-200-300-400-500-lavorazione-2.jpg 1000w, https:\/\/miaft.com\/wp-content\/uploads\/2024\/01\/impianto-produzione-granella-crick-crock-200-300-400-500-lavorazione-2-150x225.jpg 150w, https:\/\/miaft.com\/wp-content\/uploads\/2024\/01\/impianto-produzione-granella-crick-crock-200-300-400-500-lavorazione-2-575x863.jpg 575w, https:\/\/miaft.com\/wp-content\/uploads\/2024\/01\/impianto-produzione-granella-crick-crock-200-300-400-500-lavorazione-2-767x1151.jpg 767w, https:\/\/miaft.com\/wp-content\/uploads\/2024\/01\/impianto-produzione-granella-crick-crock-200-300-400-500-lavorazione-2-991x1487.jpg 991w\" sizes=\"(max-width: 1000px) 100vw, 1000px\" \/><\/figure>\n\n\n\n<figure class=\"wp-block-image size-full\"><img loading=\"lazy\" decoding=\"async\" width=\"1500\" height=\"1000\" src=\"https:\/\/miaft.com\/wp-content\/uploads\/2024\/01\/impianto-produzione-di-granella-e-farina-crick-crock-200-400-600-800-4.jpg\" alt=\"\" class=\"wp-image-28032\" srcset=\"https:\/\/miaft.com\/wp-content\/uploads\/2024\/01\/impianto-produzione-di-granella-e-farina-crick-crock-200-400-600-800-4.jpg 1500w, https:\/\/miaft.com\/wp-content\/uploads\/2024\/01\/impianto-produzione-di-granella-e-farina-crick-crock-200-400-600-800-4-150x100.jpg 150w, https:\/\/miaft.com\/wp-content\/uploads\/2024\/01\/impianto-produzione-di-granella-e-farina-crick-crock-200-400-600-800-4-575x383.jpg 575w, https:\/\/miaft.com\/wp-content\/uploads\/2024\/01\/impianto-produzione-di-granella-e-farina-crick-crock-200-400-600-800-4-767x511.jpg 767w, https:\/\/miaft.com\/wp-content\/uploads\/2024\/01\/impianto-produzione-di-granella-e-farina-crick-crock-200-400-600-800-4-991x661.jpg 991w, https:\/\/miaft.com\/wp-content\/uploads\/2024\/01\/impianto-produzione-di-granella-e-farina-crick-crock-200-400-600-800-4-1199x799.jpg 1199w\" sizes=\"(max-width: 1500px) 100vw, 1500px\" \/><\/figure>\n\n\n\n<figure class=\"wp-block-image size-full\"><img loading=\"lazy\" decoding=\"async\" width=\"1500\" height=\"1000\" src=\"https:\/\/miaft.com\/wp-content\/uploads\/2024\/01\/impianto-produzione-granella-crick-crock-200-300-400-500-lavorazione-4.jpg\" alt=\"impianto produzione di granella e farina\" class=\"wp-image-19614\" srcset=\"https:\/\/miaft.com\/wp-content\/uploads\/2024\/01\/impianto-produzione-granella-crick-crock-200-300-400-500-lavorazione-4.jpg 1500w, https:\/\/miaft.com\/wp-content\/uploads\/2024\/01\/impianto-produzione-granella-crick-crock-200-300-400-500-lavorazione-4-150x100.jpg 150w, https:\/\/miaft.com\/wp-content\/uploads\/2024\/01\/impianto-produzione-granella-crick-crock-200-300-400-500-lavorazione-4-575x383.jpg 575w, https:\/\/miaft.com\/wp-content\/uploads\/2024\/01\/impianto-produzione-granella-crick-crock-200-300-400-500-lavorazione-4-767x511.jpg 767w, https:\/\/miaft.com\/wp-content\/uploads\/2024\/01\/impianto-produzione-granella-crick-crock-200-300-400-500-lavorazione-4-991x661.jpg 991w, https:\/\/miaft.com\/wp-content\/uploads\/2024\/01\/impianto-produzione-granella-crick-crock-200-300-400-500-lavorazione-4-1199x799.jpg 1199w\" sizes=\"(max-width: 1500px) 100vw, 1500px\" \/><\/figure>\n\n            <\/ul>\n        <\/div>\n        <div class=\"carousel-progress mt-5\">\n            <div class=\"carousel-progress-bar\"><\/div>\n        <\/div>\n    <\/div>\n<\/div><\/div>\n\n\n<div id=\"video\" class=\"wp-block-group is-layout-flow wp-block-group-is-layout-flow\">    <div class=\"oi-block oi-block-layout-space\" style=\"--oi-block-space-xs:75px; --oi-block-space-sm:90px; --oi-block-space-md:90px; --oi-block-space-lg:120px; --oi-block-space-xl:120px; --oi-block-space-xxl:120px\"><\/div>\n\n\n\n<h3 class=\"wp-block-heading has-primary-color has-text-color has-link-color wp-elements-03e27d296dc3c61ded08d270f5353b1e\">Voir l'usine de production de c\u00e9r\u00e9ales et de farine en fonctionnement<\/h3>\n\n\n    <div class=\"oi-block oi-block-layout-space\" style=\"--oi-block-space-xs:50px; --oi-block-space-sm:50px; --oi-block-space-md:50px; --oi-block-space-lg:50px; --oi-block-space-xl:50px; --oi-block-space-xxl:50px\"><\/div>\n\n\n<div class=\"oi-block oi-block-youtube-video-container\" ><div class=\"video-container open-lightbox\">\n    <div class=\"video-inner\">\n        \n\n<figure class=\"wp-block-embed is-type-video is-provider-youtube wp-block-embed-youtube wp-embed-aspect-16-9 wp-has-aspect-ratio\"><div class=\"wp-block-embed__wrapper\">\n<iframe loading=\"lazy\" title=\"MIAFT GRINDER PLANT FOR GRAINS AND POWDER\" width=\"500\" height=\"281\" src=\"https:\/\/www.youtube.com\/embed\/9pP10FrDXKg?feature=oembed\" frameborder=\"0\" allow=\"accelerometer; autoplay; clipboard-write; encrypted-media; gyroscope; picture-in-picture; web-share\" referrerpolicy=\"strict-origin-when-cross-origin\" allowfullscreen><\/iframe>\n<\/div><\/figure>\n\n    <\/div>\n    <\/div>\n<\/div><\/div>\n\n\n    <div class=\"oi-block oi-block-layout-space\" style=\"--oi-block-space-xs:75px; --oi-block-space-sm:90px; --oi-block-space-md:90px; --oi-block-space-lg:120px; --oi-block-space-xl:120px; --oi-block-space-xxl:120px\"><\/div>\n\n<\/div>","protected":false},"excerpt":{"rendered":"<p>Con\u00e7us pour le traitement en grandes quantit\u00e9s de concass\u00e9s de fruits secs, de graines et de c\u00e9r\u00e9ales souffl\u00e9es. <\/p>\n","protected":false},"featured_media":28016,"parent":0,"menu_order":191,"template":"","meta":{"_seopress_robots_primary_cat":"none","_seopress_titles_title":"","_seopress_titles_desc":"","_seopress_robots_index":"","is_energy_saving":false,"is_for_sale":false,"show_footer_widget":true,"show_related_products":true,"product_subtitle":"de fruits secs, de noisettes et de graines ","product_code":"CRICK-CROCK 200\/300\/400\/500","related_products_source":"custom","related_products_list":"[1432]","product_powered_by_title":"","product_powered_by_image":"{}","product_on_sale_label":"","product_on_sale_label_1":"","product_on_sale_label_2":"","product_on_sale_label_3":"","product_on_sale_label_4":"","product_on_sale_label_5":"","footnotes":""},"finished_product":[112],"machine":[117,118],"processing":[125],"class_list":["post-9670","product","type-product","status-publish","has-post-thumbnail","hentry","finished_product-fruits-secs","machine-lignes-automatiques","machine-machines-autonomes","processing-broyage"],"_links":{"self":[{"href":"https:\/\/miaft.com\/fr\/wp-json\/wp\/v2\/product\/9670"}],"collection":[{"href":"https:\/\/miaft.com\/fr\/wp-json\/wp\/v2\/product"}],"about":[{"href":"https:\/\/miaft.com\/fr\/wp-json\/wp\/v2\/types\/product"}],"version-history":[{"count":6,"href":"https:\/\/miaft.com\/fr\/wp-json\/wp\/v2\/product\/9670\/revisions"}],"predecessor-version":[{"id":31166,"href":"https:\/\/miaft.com\/fr\/wp-json\/wp\/v2\/product\/9670\/revisions\/31166"}],"wp:featuredmedia":[{"embeddable":true,"href":"https:\/\/miaft.com\/fr\/wp-json\/wp\/v2\/media\/28016"}],"wp:attachment":[{"href":"https:\/\/miaft.com\/fr\/wp-json\/wp\/v2\/media?parent=9670"}],"wp:term":[{"taxonomy":"finished_product","embeddable":true,"href":"https:\/\/miaft.com\/fr\/wp-json\/wp\/v2\/finished_product?post=9670"},{"taxonomy":"machine","embeddable":true,"href":"https:\/\/miaft.com\/fr\/wp-json\/wp\/v2\/machine?post=9670"},{"taxonomy":"processing","embeddable":true,"href":"https:\/\/miaft.com\/fr\/wp-json\/wp\/v2\/processing?post=9670"}],"curies":[{"name":"wp","href":"https:\/\/api.w.org\/{rel}","templated":true}]}}