{"id":9667,"date":"2024-01-05T14:29:51","date_gmt":"2024-01-05T13:29:51","guid":{"rendered":"https:\/\/miaft.com\/product\/impianto-automatico-lt-350-lt-550\/"},"modified":"2024-04-09T12:46:22","modified_gmt":"2024-04-09T10:46:22","slug":"impianto-automatico-lt-350-lt-550","status":"publish","type":"product","link":"https:\/\/miaft.com\/fr\/product\/impianto-automatico-lt-350-lt-550\/","title":{"rendered":"Installation automatique\u00a0"},"content":{"rendered":"<div class=\"oi-block oi-block-layout-container container\" style=\"\"  >\n    <div class=\"oi-block oi-block-layout-space\" style=\"--oi-block-space-xs:75px; --oi-block-space-sm:90px; --oi-block-space-md:90px; --oi-block-space-lg:120px; --oi-block-space-xl:120px; --oi-block-space-xxl:120px\"><\/div>\n\n\n<div class=\"oi-block oi-block-product-content\" >\n<div class=\"row justify-content-between\">\n    <div class=\"col-12 col-md-6 col-lg-5\">\n        \n\n<h3 class=\"wp-block-heading has-primary-color has-text-color has-link-color wp-elements-010bedf68e580268e52ee9a7ca068a70\"><strong>Installation automatique LT 350 \/ LT 550<\/strong><\/h3>\n\n\n    <div class=\"oi-block oi-block-layout-space\" style=\"--oi-block-space-xs:30px; --oi-block-space-sm:30px; --oi-block-space-md:30px; --oi-block-space-lg:30px; --oi-block-space-xl:30px; --oi-block-space-xxl:30px\"><\/div>\n\n\n\n<p>MIA Food Tech, qui depuis toujours est attentive aux besoins de ses clients, a d\u00e9velopp\u00e9 ses installations pour la pr\u00e9paration de barres et de petits nougats, avec la possibilit\u00e9 d\u2019enrober le produit de chocolat, en divisant la ligne en 6 groupes distincts:<\/p>\n\n\n\n<ol class=\"wp-block-list\">\n<li>Groupe de laminage <\/li>\n\n\n\n<li>Tunnel de refroidissement\/chauffage<\/li>\n\n\n\n<li>Coupeur de barres longitudinal<\/li>\n\n\n\n<li>Coupeur de barres transversal<\/li>\n\n\n\n<li>Courbe pour le convoyage du produit vers le deuxi\u00e8me tunnel de refroidissement<\/li>\n\n\n\n<li>Deuxi\u00e8me tunnel de refroidissement pour refroidir le produit et le convoyer vers l\u2019emballage<\/li>\n<\/ol>\n\n\n\n<p>Gestion \u00e9lectronique et commandes tactiles des r\u00e9glages et des param\u00e8tres.<\/p>\n\n\n\n<p>MIA Food Tech vous aide \u00e0 am\u00e9liorer votre production et \u00e0 planifier au mieux votre travail, en fournissant une ligne cl\u00e9 en main.<\/p>\n\n\n    <div class=\"oi-block oi-block-layout-space\" style=\"--oi-block-space-xs:30px; --oi-block-space-sm:30px; --oi-block-space-md:30px; --oi-block-space-lg:30px; --oi-block-space-xl:30px; --oi-block-space-xxl:30px\"><\/div>\n\n\n\n<figure class=\"wp-block-embed is-type-video is-provider-youtube wp-block-embed-youtube wp-embed-aspect-4-3 wp-has-aspect-ratio\"><div class=\"wp-block-embed__wrapper\">\n<iframe loading=\"lazy\" title=\"MIA FOOD TECH - Nougat line \/ linea torrone\" width=\"500\" height=\"375\" src=\"https:\/\/www.youtube.com\/embed\/RUJKQ7PsheI?feature=oembed\" frameborder=\"0\" allow=\"accelerometer; autoplay; clipboard-write; encrypted-media; gyroscope; picture-in-picture; web-share\" referrerpolicy=\"strict-origin-when-cross-origin\" allowfullscreen><\/iframe>\n<\/div><\/figure>\n\n    <\/div>\n    <div class=\"col-5 col-lg-4 d-none d-md-block\">\n        <div class=\"featured-product\">\n                                                                    <div class=\"bg-dark color-white featured-product-inner\">\n                        <div class=\"image-container\">\n                            <img decoding=\"async\" width=\"1024\" height=\"1024\" src=\"https:\/\/miaft.com\/wp-content\/uploads\/2024\/01\/impianto-automatico-lt-350-lt-550.jpg\" class=\"img-fluid\" alt=\"\" loading=\"lazy\" srcset=\"https:\/\/miaft.com\/wp-content\/uploads\/2024\/01\/impianto-automatico-lt-350-lt-550.jpg 1024w, https:\/\/miaft.com\/wp-content\/uploads\/2024\/01\/impianto-automatico-lt-350-lt-550-150x150.jpg 150w, https:\/\/miaft.com\/wp-content\/uploads\/2024\/01\/impianto-automatico-lt-350-lt-550-575x575.jpg 575w, https:\/\/miaft.com\/wp-content\/uploads\/2024\/01\/impianto-automatico-lt-350-lt-550-767x767.jpg 767w, https:\/\/miaft.com\/wp-content\/uploads\/2024\/01\/impianto-automatico-lt-350-lt-550-991x991.jpg 991w\" sizes=\"(max-width: 1024px) 100vw, 1024px\" \/>                        <\/div>\n                                                    <h6 class=\"mb-2 text-uppercase color-secondary\">\n                                Nougat                            <\/h6>\n                                                <h4 class=\"mb-0 color-white product-title\">\n                            Installation automatique\u00a0                        <\/h4>\n                                                    <p class=\"mt-3 mb-0\">pour la production de nougat <\/p>\n                                                <div class=\"mt-4\">\n                            <div class=\"oi-block oi-block-layout-button\" ><a href=\"#contact-us\" title=\"\" class=\"btn btn-secondary-fill btn-type-default btn-medium\" >\n    Demande d\u2019informations    <\/a><\/div>                        <\/div>\n                    <\/div>\n                                                    <\/div>\n    <\/div>\n<\/div><\/div>\n\n    <div class=\"oi-block oi-block-layout-space\" style=\"--oi-block-space-xs:75px; --oi-block-space-sm:90px; --oi-block-space-md:90px; --oi-block-space-lg:120px; --oi-block-space-xl:120px; --oi-block-space-xxl:120px\"><\/div>\n\n<\/div>","protected":false},"excerpt":{"rendered":"<p>Produire un bon nougat n\u2019est pas suffisant pour vendre un excellent produit, il faut non seulement le travailler, le laminer et le d\u00e9couper mais aussi savoir mettre en \u00e9vidence sa qualit\u00e9 lors de son exposition afin d\u2019attirer les consommateurs. <\/p>\n","protected":false},"featured_media":27886,"parent":0,"menu_order":118,"template":"","meta":{"_seopress_robots_primary_cat":"","_seopress_titles_title":"","_seopress_titles_desc":"","_seopress_robots_index":"","is_energy_saving":false,"is_for_sale":false,"show_footer_widget":true,"show_related_products":true,"product_subtitle":"pour la production de nougat ","product_code":"LT 350 \/ LT 550","related_products_source":"custom","related_products_list":"[973,983,997,1016]","product_powered_by_title":"","product_powered_by_image":"{}","product_on_sale_label":"","product_on_sale_label_1":"","product_on_sale_label_2":"","product_on_sale_label_3":"","product_on_sale_label_4":"","product_on_sale_label_5":"","footnotes":""},"finished_product":[115],"machine":[117],"processing":[132],"class_list":["post-9667","product","type-product","status-publish","has-post-thumbnail","hentry","finished_product-nougat-fr","machine-lignes-automatiques","processing-laminage-et-coupe"],"_links":{"self":[{"href":"https:\/\/miaft.com\/fr\/wp-json\/wp\/v2\/product\/9667"}],"collection":[{"href":"https:\/\/miaft.com\/fr\/wp-json\/wp\/v2\/product"}],"about":[{"href":"https:\/\/miaft.com\/fr\/wp-json\/wp\/v2\/types\/product"}],"version-history":[{"count":2,"href":"https:\/\/miaft.com\/fr\/wp-json\/wp\/v2\/product\/9667\/revisions"}],"predecessor-version":[{"id":9813,"href":"https:\/\/miaft.com\/fr\/wp-json\/wp\/v2\/product\/9667\/revisions\/9813"}],"wp:featuredmedia":[{"embeddable":true,"href":"https:\/\/miaft.com\/fr\/wp-json\/wp\/v2\/media\/27886"}],"wp:attachment":[{"href":"https:\/\/miaft.com\/fr\/wp-json\/wp\/v2\/media?parent=9667"}],"wp:term":[{"taxonomy":"finished_product","embeddable":true,"href":"https:\/\/miaft.com\/fr\/wp-json\/wp\/v2\/finished_product?post=9667"},{"taxonomy":"machine","embeddable":true,"href":"https:\/\/miaft.com\/fr\/wp-json\/wp\/v2\/machine?post=9667"},{"taxonomy":"processing","embeddable":true,"href":"https:\/\/miaft.com\/fr\/wp-json\/wp\/v2\/processing?post=9667"}],"curies":[{"name":"wp","href":"https:\/\/api.w.org\/{rel}","templated":true}]}}