{"id":9664,"date":"2024-01-05T14:41:02","date_gmt":"2024-01-05T13:41:02","guid":{"rendered":"https:\/\/miaft.com\/product\/impianto-automatico-di-produzione-lc-240-lc-320-lc-420\/"},"modified":"2025-10-30T18:47:54","modified_gmt":"2025-10-30T17:47:54","slug":"impianto-automatico-di-produzione-lc-240-lc-320-lc-420","status":"publish","type":"product","link":"https:\/\/miaft.com\/fr\/product\/impianto-automatico-di-produzione-lc-240-lc-320-lc-420\/","title":{"rendered":"Installation de production automatique\u00a0"},"content":{"rendered":"\n<div class=\"wp-block-group has-light-background-color has-background is-layout-flow wp-block-group-is-layout-flow\"><div class=\"oi-block oi-block-layout-container container\" style=\"\"  >\n    <div class=\"oi-block oi-block-layout-space\" style=\"--oi-block-space-xs:75px; --oi-block-space-sm:90px; --oi-block-space-md:90px; --oi-block-space-lg:120px; --oi-block-space-xl:120px; --oi-block-space-xxl:120px\"><\/div>\n\n\n    <div class=\"oi-block oi-block-layout-row row  row-vertical-gap\">\n        \n<div class=\"oi-block oi-block-layout-row-column col-12 col-sm-12 col-md-12 col-lg-6 col-xl-5 col-xxl-5\" style=\"\" >\n\n<h3 class=\"wp-block-heading has-primary-color has-text-color has-link-color wp-elements-40b5aa1305b1ad3f3be83582d871c83a\">Caract\u00e9ristiques<\/h3>\n\n\n    <div class=\"oi-block oi-block-layout-space\" style=\"--oi-block-space-xs:30px; --oi-block-space-sm:30px; --oi-block-space-md:30px; --oi-block-space-lg:30px; --oi-block-space-xl:30px; --oi-block-space-xxl:30px\"><\/div>\n\n\n\n<ul class=\"wp-block-list\">\n<li>Machine enti\u00e8rement r\u00e9alis\u00e9e en acier inoxydable AISI 304<\/li>\n\n\n\n<li>Largeur de la bande de laminage de 240 \u00e0 400 mm<\/li>\n\n\n\n<li>Agencement de ligne personnalisable en fonction des caract\u00e9ristiques du produit<\/li>\n\n\n\n<li>Tunnel pour le refroidissement\/maintien du produit avant la coupe des barres<\/li>\n\n\n\n<li>Tunnel pour le refroidissement des barres apr\u00e8s la coupe afin d'optimiser les traitements suivants ou le conditionnement.<\/li>\n\n\n\n<li>R\u00e9glage de la machine et de tous les param\u00e8tres du cycle depuis l\u2019IHM du panneau de commande<\/li>\n\n\n\n<li>Possibilit\u00e9 de contr\u00f4ler et de superviser \u00e0 distance conform\u00e9ment \u00e0 la r\u00e9glementation 4.0<\/li>\n<\/ul>\n\n<\/div>\n\n<div class=\"oi-block oi-block-layout-row-column col-0 col-sm-0 col-md-0 col-lg-0 col-xl-1 col-xxl-1 d-none d-sm-none d-md-none d-lg-none d-xl-block d-xxl-block\" style=\"\" ><\/div>\n\n<div class=\"oi-block oi-block-layout-row-column col-12 col-sm-12 col-md-12 col-lg-6 col-xl-5 col-xxl-5\" style=\"\" >\n\n<h3 class=\"wp-block-heading has-primary-color has-text-color has-link-color wp-elements-695914baea5afc54b38b5534b4f5605a\">Caract\u00e9ristiques techniques<\/h3>\n\n\n    <div class=\"oi-block oi-block-layout-space\" style=\"--oi-block-space-xs:30px; --oi-block-space-sm:30px; --oi-block-space-md:30px; --oi-block-space-lg:30px; --oi-block-space-xl:30px; --oi-block-space-xxl:30px\"><\/div>\n\n\n\n<ul class=\"wp-block-list\">\n<li>Temp\u00e9rature r\u00e9glable dans les diff\u00e9rentes zones sur une plage de -10 \u00b0C \u00e0 +100 \u00b0C<\/li>\n\n\n\n<li>Largeur de la barre modifiable depuis l\u2019IHM du panneau de commande<\/li>\n\n\n\n<li>\u00c9paisseur du produit r\u00e9glable de 5 \u00e0 25 mm<\/li>\n\n\n\n<li>Groupe de coupe longitudinale avec coupeur multiple \u00e0 lames circulaires<\/li>\n\n\n\n<li>Groupe de coupe transversale \u00e0 guillotine \u00e0 actionnement pneumatique ou par ULTRASONS \u00e0 actionnement m\u00e9canique par motor\u00e9ducteurs.<\/li>\n\n\n\n<li>Syst\u00e8me de s\u00e9paration des barres pour l'automatisation en bout de ligne.<\/li>\n\n\n\n<li>Syst\u00e8me de lubrification avec huile de d\u00e9moulage pour les produits particuli\u00e8rement collants.<\/li>\n<\/ul>\n\n<\/div>\n    <\/div>\n\n\n    <div class=\"oi-block oi-block-layout-space\" style=\"--oi-block-space-xs:75px; --oi-block-space-sm:90px; --oi-block-space-md:90px; --oi-block-space-lg:120px; --oi-block-space-xl:120px; --oi-block-space-xxl:120px\"><\/div>\n\n<\/div><\/div>\n\n\n<div class=\"oi-block oi-block-layout-container container\" style=\"\"  >\n    <div class=\"oi-block oi-block-layout-space\" style=\"--oi-block-space-xs:75px; --oi-block-space-sm:90px; --oi-block-space-md:90px; --oi-block-space-lg:120px; --oi-block-space-xl:120px; --oi-block-space-xxl:120px\"><\/div>\n\n\n<div class=\"oi-block oi-block-product-content\" >\n<div class=\"row justify-content-between\">\n    <div class=\"col-12 col-md-6 col-lg-5\">\n        \n\n<p>Nous produisons diff\u00e9rents types de lignes automatiques pour la production de barres de c\u00e9r\u00e9ales, \u00e9nerg\u00e9tiques, prot\u00e9in\u00e9es, hyperprot\u00e9in\u00e9es, de fruits, de nougatine et de <em>pastelis<\/em> avec une capacit\u00e9 de production de 3500 \u00e0 12000 barres\/h.<\/p>\n\n\n\n<p>Notre exp\u00e9rience de trente ans, la <strong>conception soign\u00e9e des composants<\/strong> et la qualit\u00e9 de la fabrication de nos machines garantissent la durabilit\u00e9 et permettent un d\u00e9bit de production \u00e9lev\u00e9 sur plusieurs postes de travail cons\u00e9cutifs et des <strong>exigences de maintenance minimes<\/strong>.<strong><\/strong><\/p>\n\n\n    <div class=\"oi-block oi-block-layout-space\" style=\"--oi-block-space-xs:30px; --oi-block-space-sm:30px; --oi-block-space-md:30px; --oi-block-space-lg:30px; --oi-block-space-xl:30px; --oi-block-space-xxl:30px\"><\/div>\n\n\n\n<p>Toutes nos installations automatiques sont <strong>personnalisables en fonction du produit et des besoins<\/strong> du client et sont compos\u00e9es comme suit:<\/p>\n\n\n\n<ul class=\"wp-block-list\">\n<li><strong>Zone de chargement <\/strong>du produit thermostat\u00e9e pour maintenir la p\u00e2te \u00e0 la bonne temp\u00e9rature.<\/li>\n\n\n\n<li><strong>Laminoir <\/strong>\u00e9quip\u00e9 de rouleaux thermostat\u00e9s pour le laminage et la cr\u00e9ation de la couche de produit<\/li>\n\n\n\n<li><strong>Rouleaux lisseurs <\/strong>pour le nivellement et le compactage de la couche de produit lamin\u00e9<\/li>\n\n\n\n<li><strong>Coupeur multiple <\/strong>longitudinal pour la coupe des barres \u00e0 la largeur<\/li>\n\n\n\n<li><strong>Coupeur transversal <\/strong>pour la coupe des barres \u00e0 la longueur (\u00e9galement \u00e0 ultrasons)<\/li>\n\n\n\n<li><strong>Tunnel de refroidissement <\/strong>du produit<\/li>\n\n\n\n<li><strong>Refroidisseur <\/strong>pour le r\u00e9glage et le contr\u00f4le de la temp\u00e9rature dans les diff\u00e9rentes zones de l'installation automatique (temp\u00e9rature r\u00e9glable de -10 \u00b0C \u00e0 100 \u00b0C)<\/li>\n\n\n\n<li><strong>Tableau \u00e9lectrique centralis\u00e9 <\/strong>g\u00e9r\u00e9 par l\u2019API avec possibilit\u00e9 de contr\u00f4le \u00e0 distance et de t\u00e9l\u00e9service pour la surveillance et la gestion de l\u2019ensemble des fonctions et param\u00e8tres de l'installation.<\/li>\n<\/ul>\n\n\n    <div class=\"oi-block oi-block-layout-space\" style=\"--oi-block-space-xs:30px; --oi-block-space-sm:30px; --oi-block-space-md:30px; --oi-block-space-lg:30px; --oi-block-space-xl:30px; --oi-block-space-xxl:30px\"><\/div>\n\n\n\n<p>La disposition des machines et la typologie des diff\u00e9rents composants sont d\u00e9finies avec le client pour optimiser l\u2019installation en fonction du produit \u00e0 r\u00e9aliser et en tenant compte de la capacit\u00e9 de production requise et de la place disponible.<\/p>\n\n\n    <div class=\"oi-block oi-block-layout-space\" style=\"--oi-block-space-xs:30px; --oi-block-space-sm:30px; --oi-block-space-md:30px; --oi-block-space-lg:30px; --oi-block-space-xl:30px; --oi-block-space-xxl:30px\"><\/div>\n\n\n\n<h3 class=\"wp-block-heading has-primary-color has-text-color has-link-color wp-elements-5d44fee606ec2a6e6b186e97c6c8c868\">LC240<\/h3>\n\n\n    <div class=\"oi-block oi-block-layout-space\" style=\"--oi-block-space-xs:30px; --oi-block-space-sm:30px; --oi-block-space-md:30px; --oi-block-space-lg:30px; --oi-block-space-xl:30px; --oi-block-space-xxl:30px\"><\/div>\n\n\n\n<p><strong>Largeur de laminage<\/strong>: 240-260 mm<br><strong>Capacit\u00e9 de production<\/strong>: 3500 - 7000 barres\/heure en fonction de la taille et du produit<br><strong>Longueur de l'installation<\/strong>: de 10 \u00e0 18 m\u00e8tres en fonction des options install\u00e9es<\/p>\n\n\n    <div class=\"oi-block oi-block-layout-space\" style=\"--oi-block-space-xs:30px; --oi-block-space-sm:30px; --oi-block-space-md:30px; --oi-block-space-lg:30px; --oi-block-space-xl:30px; --oi-block-space-xxl:30px\"><\/div>\n\n\n\n<h3 class=\"wp-block-heading has-primary-color has-text-color has-link-color wp-elements-2fa8da48375f79436e351fab1d637570\">LC320<\/h3>\n\n\n    <div class=\"oi-block oi-block-layout-space\" style=\"--oi-block-space-xs:30px; --oi-block-space-sm:30px; --oi-block-space-md:30px; --oi-block-space-lg:30px; --oi-block-space-xl:30px; --oi-block-space-xxl:30px\"><\/div>\n\n\n\n<p><strong>Largeur de laminage<\/strong>: 300-320 mm<br><strong>Capacit\u00e9 de production<\/strong>: 4500 \u2013 9000 barres\/heure en fonction de la taille et du produit<br><strong>Longueur de l'installation<\/strong>: de 11 \u00e0 25 m\u00e8tres en fonction des options install\u00e9es<\/p>\n\n\n    <div class=\"oi-block oi-block-layout-space\" style=\"--oi-block-space-xs:30px; --oi-block-space-sm:30px; --oi-block-space-md:30px; --oi-block-space-lg:30px; --oi-block-space-xl:30px; --oi-block-space-xxl:30px\"><\/div>\n\n\n\n<h3 class=\"wp-block-heading has-primary-color has-text-color has-link-color wp-elements-7063c6444f8f5caf3ba24e93ee1282f2\">LC380<\/h3>\n\n\n    <div class=\"oi-block oi-block-layout-space\" style=\"--oi-block-space-xs:30px; --oi-block-space-sm:30px; --oi-block-space-md:30px; --oi-block-space-lg:30px; --oi-block-space-xl:30px; --oi-block-space-xxl:30px\"><\/div>\n\n\n\n<p><strong>Largeur de laminage<\/strong>: 380-400 mm<br><strong>Capacit\u00e9 de production<\/strong>: 6000 \u2013 12000 barres\/heure en fonction de la taille et du produit<br><strong>Longueur de l'installation<\/strong>: de 11 \u00e0 25 m\u00e8tres en fonction des options install\u00e9es<\/p>\n\n\n    <div class=\"oi-block oi-block-layout-space\" style=\"--oi-block-space-xs:30px; --oi-block-space-sm:30px; --oi-block-space-md:30px; --oi-block-space-lg:30px; --oi-block-space-xl:30px; --oi-block-space-xxl:30px\"><\/div>\n\n\n\n<h3 class=\"wp-block-heading has-primary-color has-text-color has-link-color wp-elements-33419c02a6e806bbefdebec716adae6d\"><strong>Nettoyage de l'installation<\/strong><\/h3>\n\n\n    <div class=\"oi-block oi-block-layout-space\" style=\"--oi-block-space-xs:30px; --oi-block-space-sm:30px; --oi-block-space-md:30px; --oi-block-space-lg:30px; --oi-block-space-xl:30px; --oi-block-space-xxl:30px\"><\/div>\n\n\n\n<p>Nettoyer le groupe de coupe avec de l'eau chaude toutes les heures et avec une \u00e9ponge humide ou de la vapeur \u00e0 la fin de la journ\u00e9e de travail.<\/p>\n\n    <\/div>\n    <div class=\"col-5 col-lg-4 d-none d-md-block\">\n        <div class=\"featured-product\">\n                                                                    <div class=\"bg-dark color-white featured-product-inner\">\n                        <div class=\"image-container\">\n                            <img decoding=\"async\" width=\"2131\" height=\"2131\" src=\"https:\/\/miaft.com\/wp-content\/uploads\/2024\/01\/impianto-automatico-di-produzione-lc240-lc320-lc420-1.jpg\" class=\"img-fluid\" alt=\"\" loading=\"lazy\" srcset=\"https:\/\/miaft.com\/wp-content\/uploads\/2024\/01\/impianto-automatico-di-produzione-lc240-lc320-lc420-1.jpg 2131w, https:\/\/miaft.com\/wp-content\/uploads\/2024\/01\/impianto-automatico-di-produzione-lc240-lc320-lc420-1-1536x1536.jpg 1536w, https:\/\/miaft.com\/wp-content\/uploads\/2024\/01\/impianto-automatico-di-produzione-lc240-lc320-lc420-1-2048x2048.jpg 2048w, https:\/\/miaft.com\/wp-content\/uploads\/2024\/01\/impianto-automatico-di-produzione-lc240-lc320-lc420-1-150x150.jpg 150w, https:\/\/miaft.com\/wp-content\/uploads\/2024\/01\/impianto-automatico-di-produzione-lc240-lc320-lc420-1-575x575.jpg 575w, https:\/\/miaft.com\/wp-content\/uploads\/2024\/01\/impianto-automatico-di-produzione-lc240-lc320-lc420-1-767x767.jpg 767w, https:\/\/miaft.com\/wp-content\/uploads\/2024\/01\/impianto-automatico-di-produzione-lc240-lc320-lc420-1-991x991.jpg 991w, https:\/\/miaft.com\/wp-content\/uploads\/2024\/01\/impianto-automatico-di-produzione-lc240-lc320-lc420-1-1199x1199.jpg 1199w\" sizes=\"(max-width: 2131px) 100vw, 2131px\" \/>                        <\/div>\n                                                    <h6 class=\"mb-2 text-uppercase color-secondary\">\n                                Barres \u00e9nerg\u00e9tiques & Nougatine                            <\/h6>\n                                                <h4 class=\"mb-0 color-white product-title\">\n                            Installation de production automatique\u00a0                        <\/h4>\n                                                    <p class=\"mt-3 mb-0\">pour barres \u00e9nerg\u00e9tiques et nougatine <\/p>\n                                                <div class=\"mt-4\">\n                            <div class=\"oi-block oi-block-layout-button\" ><a href=\"#contact-us\" title=\"\" class=\"btn btn-secondary-fill btn-type-default btn-medium\" >\n    Demande d\u2019informations    <\/a><\/div>                        <\/div>\n                    <\/div>\n                                                    <\/div>\n    <\/div>\n<\/div><\/div>\n\n    <div class=\"oi-block oi-block-layout-space\" style=\"--oi-block-space-xs:75px; --oi-block-space-sm:90px; --oi-block-space-md:90px; --oi-block-space-lg:120px; --oi-block-space-xl:120px; --oi-block-space-xxl:120px\"><\/div>\n\n\n<div class=\"oi-block oi-block-carousel\" ><div class=\"carousel-container overflowed-carousel\">\n    <div class=\"splide block-carousel\" data-splide='{\"arrows\":false,\"pagination\":false,\"perPage\":3,\"gap\":30,\"type\":\"slide\",\"rewind\":false}'>\n        <div class=\"splide__track\">\n            <ul class=\"splide__list\">\n                \n<div class=\"oi-block oi-block-youtube-video-container\" ><div class=\"video-container \">\n    <div class=\"video-inner\">\n        \n\n<figure class=\"wp-block-embed is-type-video is-provider-youtube wp-block-embed-youtube wp-embed-aspect-16-9 wp-has-aspect-ratio\"><div class=\"wp-block-embed__wrapper\">\n<iframe loading=\"lazy\" title=\"MIA FOOD TECH - Bars automatic line \/ Linea automatica cereali\" width=\"500\" height=\"281\" src=\"https:\/\/www.youtube.com\/embed\/NIcdAEd1xqA?feature=oembed\" frameborder=\"0\" allow=\"accelerometer; autoplay; clipboard-write; encrypted-media; gyroscope; picture-in-picture; web-share\" referrerpolicy=\"strict-origin-when-cross-origin\" allowfullscreen><\/iframe>\n<\/div><\/figure>\n\n    <\/div>\n    <\/div>\n<\/div>\n\n<div class=\"oi-block oi-block-youtube-video-container\" ><div class=\"video-container \">\n    <div class=\"video-inner\">\n        \n\n<figure class=\"wp-block-embed is-type-video is-provider-youtube wp-block-embed-youtube wp-embed-aspect-16-9 wp-has-aspect-ratio\"><div class=\"wp-block-embed__wrapper\">\n<iframe loading=\"lazy\" title=\"MIA FOOD TECH - Brittle bars automatic line \/ Linea automatica croccante\" width=\"500\" height=\"281\" src=\"https:\/\/www.youtube.com\/embed\/4OMfKaBNiTE?feature=oembed\" frameborder=\"0\" allow=\"accelerometer; autoplay; clipboard-write; encrypted-media; gyroscope; picture-in-picture; web-share\" referrerpolicy=\"strict-origin-when-cross-origin\" allowfullscreen><\/iframe>\n<\/div><\/figure>\n\n    <\/div>\n    <\/div>\n<\/div>\n\n<div class=\"oi-block oi-block-youtube-video-container\" ><div class=\"video-container \">\n    <div class=\"video-inner\">\n        \n\n<figure class=\"wp-block-embed is-type-video is-provider-youtube wp-block-embed-youtube wp-embed-aspect-16-9 wp-has-aspect-ratio\"><div class=\"wp-block-embed__wrapper\">\n<iframe loading=\"lazy\" title=\"MIAFT AUTOMATIC BARS LINE LC 390\" width=\"500\" height=\"281\" src=\"https:\/\/www.youtube.com\/embed\/jheXOZ5ptUo?feature=oembed\" frameborder=\"0\" allow=\"accelerometer; autoplay; clipboard-write; encrypted-media; gyroscope; picture-in-picture; web-share\" referrerpolicy=\"strict-origin-when-cross-origin\" allowfullscreen><\/iframe>\n<\/div><\/figure>\n\n    <\/div>\n    <\/div>\n<\/div>\n\n\n<figure class=\"wp-block-image size-full\"><img loading=\"lazy\" decoding=\"async\" width=\"2131\" height=\"2131\" src=\"https:\/\/miaft.com\/wp-content\/uploads\/2024\/01\/impianto-automatico-di-produzione-lc240-lc320-lc420-1.jpg\" alt=\"\" class=\"wp-image-27775\" srcset=\"https:\/\/miaft.com\/wp-content\/uploads\/2024\/01\/impianto-automatico-di-produzione-lc240-lc320-lc420-1.jpg 2131w, https:\/\/miaft.com\/wp-content\/uploads\/2024\/01\/impianto-automatico-di-produzione-lc240-lc320-lc420-1-1536x1536.jpg 1536w, https:\/\/miaft.com\/wp-content\/uploads\/2024\/01\/impianto-automatico-di-produzione-lc240-lc320-lc420-1-2048x2048.jpg 2048w, https:\/\/miaft.com\/wp-content\/uploads\/2024\/01\/impianto-automatico-di-produzione-lc240-lc320-lc420-1-150x150.jpg 150w, https:\/\/miaft.com\/wp-content\/uploads\/2024\/01\/impianto-automatico-di-produzione-lc240-lc320-lc420-1-575x575.jpg 575w, https:\/\/miaft.com\/wp-content\/uploads\/2024\/01\/impianto-automatico-di-produzione-lc240-lc320-lc420-1-767x767.jpg 767w, https:\/\/miaft.com\/wp-content\/uploads\/2024\/01\/impianto-automatico-di-produzione-lc240-lc320-lc420-1-991x991.jpg 991w, https:\/\/miaft.com\/wp-content\/uploads\/2024\/01\/impianto-automatico-di-produzione-lc240-lc320-lc420-1-1199x1199.jpg 1199w\" sizes=\"(max-width: 2131px) 100vw, 2131px\" \/><\/figure>\n\n\n\n<figure class=\"wp-block-image size-full\"><img loading=\"lazy\" decoding=\"async\" width=\"1920\" height=\"1067\" src=\"https:\/\/miaft.com\/wp-content\/uploads\/2024\/01\/impianto-automatico-di-produzione-lc240-lc320-lc420-2.jpg\" alt=\"\" class=\"wp-image-27781\" srcset=\"https:\/\/miaft.com\/wp-content\/uploads\/2024\/01\/impianto-automatico-di-produzione-lc240-lc320-lc420-2.jpg 1920w, https:\/\/miaft.com\/wp-content\/uploads\/2024\/01\/impianto-automatico-di-produzione-lc240-lc320-lc420-2-1536x854.jpg 1536w, https:\/\/miaft.com\/wp-content\/uploads\/2024\/01\/impianto-automatico-di-produzione-lc240-lc320-lc420-2-150x83.jpg 150w, https:\/\/miaft.com\/wp-content\/uploads\/2024\/01\/impianto-automatico-di-produzione-lc240-lc320-lc420-2-575x320.jpg 575w, https:\/\/miaft.com\/wp-content\/uploads\/2024\/01\/impianto-automatico-di-produzione-lc240-lc320-lc420-2-767x426.jpg 767w, https:\/\/miaft.com\/wp-content\/uploads\/2024\/01\/impianto-automatico-di-produzione-lc240-lc320-lc420-2-991x551.jpg 991w, https:\/\/miaft.com\/wp-content\/uploads\/2024\/01\/impianto-automatico-di-produzione-lc240-lc320-lc420-2-1199x666.jpg 1199w\" sizes=\"(max-width: 1920px) 100vw, 1920px\" \/><\/figure>\n\n\n\n<figure class=\"wp-block-image size-full\"><img loading=\"lazy\" decoding=\"async\" width=\"1920\" height=\"1067\" src=\"https:\/\/miaft.com\/wp-content\/uploads\/2024\/01\/impianto-automatico-di-produzione-lc240-lc320-lc420-3.jpg\" alt=\"\" class=\"wp-image-27786\" srcset=\"https:\/\/miaft.com\/wp-content\/uploads\/2024\/01\/impianto-automatico-di-produzione-lc240-lc320-lc420-3.jpg 1920w, https:\/\/miaft.com\/wp-content\/uploads\/2024\/01\/impianto-automatico-di-produzione-lc240-lc320-lc420-3-1536x854.jpg 1536w, https:\/\/miaft.com\/wp-content\/uploads\/2024\/01\/impianto-automatico-di-produzione-lc240-lc320-lc420-3-150x83.jpg 150w, https:\/\/miaft.com\/wp-content\/uploads\/2024\/01\/impianto-automatico-di-produzione-lc240-lc320-lc420-3-575x320.jpg 575w, https:\/\/miaft.com\/wp-content\/uploads\/2024\/01\/impianto-automatico-di-produzione-lc240-lc320-lc420-3-767x426.jpg 767w, https:\/\/miaft.com\/wp-content\/uploads\/2024\/01\/impianto-automatico-di-produzione-lc240-lc320-lc420-3-991x551.jpg 991w, https:\/\/miaft.com\/wp-content\/uploads\/2024\/01\/impianto-automatico-di-produzione-lc240-lc320-lc420-3-1199x666.jpg 1199w\" sizes=\"(max-width: 1920px) 100vw, 1920px\" \/><\/figure>\n\n            <\/ul>\n        <\/div>\n        <div class=\"carousel-progress mt-5\">\n            <div class=\"carousel-progress-bar\"><\/div>\n        <\/div>\n    <\/div>\n<\/div><\/div>\n\n\n<div id=\"video\" class=\"wp-block-group is-layout-flow wp-block-group-is-layout-flow\">    <div class=\"oi-block oi-block-layout-space\" style=\"--oi-block-space-xs:75px; --oi-block-space-sm:90px; --oi-block-space-md:90px; --oi-block-space-lg:120px; --oi-block-space-xl:120px; --oi-block-space-xxl:120px\"><\/div>\n\n\n\n<h3 class=\"wp-block-heading has-primary-color has-text-color has-link-color wp-elements-c548be28ac22ea2491d0876f7f62f386\">Regardez la ligne de production de barres LC390 en action<\/h3>\n\n\n    <div class=\"oi-block oi-block-layout-space\" style=\"--oi-block-space-xs:50px; --oi-block-space-sm:50px; --oi-block-space-md:50px; --oi-block-space-lg:50px; --oi-block-space-xl:50px; --oi-block-space-xxl:50px\"><\/div>\n\n\n<div class=\"oi-block oi-block-youtube-video-container\" ><div class=\"video-container open-lightbox\">\n    <div class=\"video-inner\">\n        \n\n<figure class=\"wp-block-embed is-type-video is-provider-youtube wp-block-embed-youtube wp-embed-aspect-16-9 wp-has-aspect-ratio\"><div class=\"wp-block-embed__wrapper\">\n<iframe loading=\"lazy\" title=\"MIAFT AUTOMATIC BARS LINE LC 390\" width=\"500\" height=\"281\" src=\"https:\/\/www.youtube.com\/embed\/jheXOZ5ptUo?feature=oembed\" frameborder=\"0\" allow=\"accelerometer; autoplay; clipboard-write; encrypted-media; gyroscope; picture-in-picture; web-share\" referrerpolicy=\"strict-origin-when-cross-origin\" allowfullscreen><\/iframe>\n<\/div><\/figure>\n\n    <\/div>\n    <\/div>\n<\/div><\/div>\n\n\n    <div class=\"oi-block oi-block-layout-space\" style=\"--oi-block-space-xs:75px; --oi-block-space-sm:90px; --oi-block-space-md:90px; --oi-block-space-lg:120px; --oi-block-space-xl:120px; --oi-block-space-xxl:120px\"><\/div>\n\n<\/div>","protected":false},"excerpt":{"rendered":"<p>Ligne automatique pour la production de barres \u00e9nerg\u00e9tiques et de nougatine, adapt\u00e9e \u00e0 tous les besoins de production. <\/p>\n","protected":false},"featured_media":27775,"parent":0,"menu_order":72,"template":"","meta":{"_seopress_robots_primary_cat":"none","_seopress_titles_title":"","_seopress_titles_desc":"","_seopress_robots_index":"","is_energy_saving":false,"is_for_sale":false,"show_footer_widget":true,"show_related_products":true,"product_subtitle":"pour barres \u00e9nerg\u00e9tiques et nougatine ","product_code":"LC 240 \/ LC 320 \/ LC 420","related_products_source":"custom","related_products_list":"[950]","product_powered_by_title":"","product_powered_by_image":"{}","product_on_sale_label":"","product_on_sale_label_1":"","product_on_sale_label_2":"","product_on_sale_label_3":"","product_on_sale_label_4":"","product_on_sale_label_5":"","footnotes":""},"finished_product":[109,111],"machine":[117],"processing":[132],"class_list":["post-9664","product","type-product","status-publish","has-post-thumbnail","hentry","finished_product-barres-energetiques","finished_product-nougatine","machine-lignes-automatiques","processing-laminage-et-coupe"],"_links":{"self":[{"href":"https:\/\/miaft.com\/fr\/wp-json\/wp\/v2\/product\/9664"}],"collection":[{"href":"https:\/\/miaft.com\/fr\/wp-json\/wp\/v2\/product"}],"about":[{"href":"https:\/\/miaft.com\/fr\/wp-json\/wp\/v2\/types\/product"}],"version-history":[{"count":4,"href":"https:\/\/miaft.com\/fr\/wp-json\/wp\/v2\/product\/9664\/revisions"}],"predecessor-version":[{"id":31172,"href":"https:\/\/miaft.com\/fr\/wp-json\/wp\/v2\/product\/9664\/revisions\/31172"}],"wp:featuredmedia":[{"embeddable":true,"href":"https:\/\/miaft.com\/fr\/wp-json\/wp\/v2\/media\/27775"}],"wp:attachment":[{"href":"https:\/\/miaft.com\/fr\/wp-json\/wp\/v2\/media?parent=9664"}],"wp:term":[{"taxonomy":"finished_product","embeddable":true,"href":"https:\/\/miaft.com\/fr\/wp-json\/wp\/v2\/finished_product?post=9664"},{"taxonomy":"machine","embeddable":true,"href":"https:\/\/miaft.com\/fr\/wp-json\/wp\/v2\/machine?post=9664"},{"taxonomy":"processing","embeddable":true,"href":"https:\/\/miaft.com\/fr\/wp-json\/wp\/v2\/processing?post=9664"}],"curies":[{"name":"wp","href":"https:\/\/api.w.org\/{rel}","templated":true}]}}