{"id":9661,"date":"2024-01-05T14:14:07","date_gmt":"2024-01-05T13:14:07","guid":{"rendered":"https:\/\/miaft.com\/product\/granellatrice-manuale-crick-crock-50-1m\/"},"modified":"2024-04-09T14:09:32","modified_gmt":"2024-04-09T12:09:32","slug":"granellatrice-manuale-crick-crock-50-1m","status":"publish","type":"product","link":"https:\/\/miaft.com\/fr\/product\/granellatrice-manuale-crick-crock-50-1m\/","title":{"rendered":"Broyeur manuel\u00a0"},"content":{"rendered":"\n<div class=\"wp-block-group has-light-background-color has-background is-layout-flow wp-block-group-is-layout-flow\"><div class=\"oi-block oi-block-layout-container container\" style=\"\"  >\n    <div class=\"oi-block oi-block-layout-space\" style=\"--oi-block-space-xs:75px; --oi-block-space-sm:90px; --oi-block-space-md:90px; --oi-block-space-lg:120px; --oi-block-space-xl:120px; --oi-block-space-xxl:120px\"><\/div>\n\n\n    <div class=\"oi-block oi-block-layout-row row  row-vertical-gap\">\n        \n<div class=\"oi-block oi-block-layout-row-column col-12 col-sm-12 col-md-12 col-lg-6 col-xl-5 col-xxl-5\" style=\"\" >\n\n<h3 class=\"wp-block-heading has-primary-color has-text-color has-link-color wp-elements-099ab7a8929c7c8e7057c3e5d4a578f6\"><strong>Caract\u00e9ristiques<\/strong><\/h3>\n\n\n    <div class=\"oi-block oi-block-layout-space\" style=\"--oi-block-space-xs:30px; --oi-block-space-sm:30px; --oi-block-space-md:30px; --oi-block-space-lg:30px; --oi-block-space-xl:30px; --oi-block-space-xxl:30px\"><\/div>\n\n\n\n<ul class=\"wp-block-list\">\n<li>Machine enti\u00e8rement r\u00e9alis\u00e9e en <strong>acier inoxydable AISI 304.<\/strong><\/li>\n\n\n\n<li><strong>Rouleaux de coupe r\u00e9glables<\/strong> jusqu'\u00e0 10 mm d'\u00e9cart<\/li>\n\n\n\n<li><strong>Entra\u00eenement manuel <\/strong>par manivelle<\/li>\n\n\n\n<li><strong>Capacit\u00e9 de production de 10-15 kg\/h <\/strong>selon le type de concass\u00e9 et de produit<\/li>\n\n\n\n<li><strong>Production<\/strong>: concass\u00e9s<\/li>\n<\/ul>\n\n<\/div>\n\n<div class=\"oi-block oi-block-layout-row-column col-0 col-sm-0 col-md-0 col-lg-0 col-xl-1 col-xxl-1 d-none d-sm-none d-md-none d-lg-none d-xl-block d-xxl-block\" style=\"\" ><\/div>\n\n<div class=\"oi-block oi-block-layout-row-column col-12 col-sm-12 col-md-12 col-lg-6 col-xl-5 col-xxl-5\" style=\"\" >\n\n<h3 class=\"wp-block-heading has-primary-color has-text-color has-link-color wp-elements-803b47f0e8ad11ad42847e6dedc46681\"><strong>Caract\u00e9ristiques techniques<\/strong><\/h3>\n\n\n    <div class=\"oi-block oi-block-layout-space\" style=\"--oi-block-space-xs:30px; --oi-block-space-sm:30px; --oi-block-space-md:30px; --oi-block-space-lg:30px; --oi-block-space-xl:30px; --oi-block-space-xxl:30px\"><\/div>\n\n\n\n<ul class=\"wp-block-list\">\n<li><strong>Longueur du rouleau variable <\/strong>\u00e0 partir de 50 mm<\/li>\n\n\n\n<li>Machine disponible avec une seule passe<\/li>\n<\/ul>\n\n<\/div>\n    <\/div>\n\n\n    <div class=\"oi-block oi-block-layout-space\" style=\"--oi-block-space-xs:75px; --oi-block-space-sm:90px; --oi-block-space-md:90px; --oi-block-space-lg:120px; --oi-block-space-xl:120px; --oi-block-space-xxl:120px\"><\/div>\n\n<\/div><\/div>\n\n\n<div class=\"oi-block oi-block-layout-container container\" style=\"\"  >\n    <div class=\"oi-block oi-block-layout-space\" style=\"--oi-block-space-xs:75px; --oi-block-space-sm:90px; --oi-block-space-md:90px; --oi-block-space-lg:120px; --oi-block-space-xl:120px; --oi-block-space-xxl:120px\"><\/div>\n\n\n<div class=\"oi-block oi-block-product-content\" >\n<div class=\"row justify-content-between\">\n    <div class=\"col-12 col-md-6 col-lg-5\">\n        \n\n<h3 class=\"wp-block-heading has-primary-color has-text-color has-link-color wp-elements-4903f14ebf5f458507428a0822fbf802\"><strong>Syst\u00e8me de coupe pr\u00e9cis<\/strong><\/h3>\n\n\n    <div class=\"oi-block oi-block-layout-space\" style=\"--oi-block-space-xs:30px; --oi-block-space-sm:30px; --oi-block-space-md:30px; --oi-block-space-lg:30px; --oi-block-space-xl:30px; --oi-block-space-xxl:30px\"><\/div>\n\n\n\n<p>Le syst\u00e8me de coupe est con\u00e7u pour <strong>s'adapter \u00e0 diff\u00e9rents types de produits<\/strong> et obtenir une excellente conformit\u00e9 au calibre du concass\u00e9.<\/p>\n\n\n\n<p>Pour les fruits secs, la conception sp\u00e9ciale des rouleaux de coupe permet d'<strong>\u00e9viter la fuite d'huile essentielle <\/strong>des fruits pendant la phase de traitement, pr\u00e9servant ainsi les <strong>qualit\u00e9s organoleptiques<\/strong> du produit et \u00e9vitant le rancissement rapide des fruits.<\/p>\n\n\n    <div class=\"oi-block oi-block-layout-space\" style=\"--oi-block-space-xs:30px; --oi-block-space-sm:30px; --oi-block-space-md:30px; --oi-block-space-lg:30px; --oi-block-space-xl:30px; --oi-block-space-xxl:30px\"><\/div>\n\n\n\n<h3 class=\"wp-block-heading has-primary-color has-text-color has-link-color wp-elements-180457ab5a60c0371f7dbcafa3e00a63\"><strong>Rouleaux de coupe<\/strong><\/h3>\n\n\n    <div class=\"oi-block oi-block-layout-space\" style=\"--oi-block-space-xs:30px; --oi-block-space-sm:30px; --oi-block-space-md:30px; --oi-block-space-lg:30px; --oi-block-space-xl:30px; --oi-block-space-xxl:30px\"><\/div>\n\n\n\n<p>Le broyeur manuel <strong>Crick Crock 50-1M<\/strong> est \u00e9quip\u00e9 d'une seule<strong> paire de rouleaux de coupe<\/strong>, ce qui permet la production de concass\u00e9 dans une plage d'environ 6-3 mm (pour les fruits secs).<\/p>\n\n\n    <div class=\"oi-block oi-block-layout-space\" style=\"--oi-block-space-xs:30px; --oi-block-space-sm:30px; --oi-block-space-md:30px; --oi-block-space-lg:30px; --oi-block-space-xl:30px; --oi-block-space-xxl:30px\"><\/div>\n\n\n\n<h3 class=\"wp-block-heading has-primary-color has-text-color has-link-color wp-elements-41387015db225eecd219b0489ebad6bf\"><strong>Capacit\u00e9 de production du broyeur<\/strong><\/h3>\n\n\n    <div class=\"oi-block oi-block-layout-space\" style=\"--oi-block-space-xs:30px; --oi-block-space-sm:30px; --oi-block-space-md:30px; --oi-block-space-lg:30px; --oi-block-space-xl:30px; --oi-block-space-xxl:30px\"><\/div>\n\n\n\n<p>La capacit\u00e9 de production de nos broyeurs est de 10-15 kg\/h selon le type de concass\u00e9 et de produit.<\/p>\n\n\n\n<p>La machine est <strong>actionn\u00e9e manuellement <\/strong>par une manivelle pr\u00e9vue \u00e0 cet effet situ\u00e9e \u00e0 l\u2019arri\u00e8re.<\/p>\n\n\n    <div class=\"oi-block oi-block-layout-space\" style=\"--oi-block-space-xs:30px; --oi-block-space-sm:30px; --oi-block-space-md:30px; --oi-block-space-lg:30px; --oi-block-space-xl:30px; --oi-block-space-xxl:30px\"><\/div>\n\n\n\n<h3 class=\"wp-block-heading has-primary-color has-text-color has-link-color wp-elements-36ab81d9706efa9496faea1390ef8ecb\"><strong>Nettoyage du broyeur<\/strong><\/h3>\n\n\n    <div class=\"oi-block oi-block-layout-space\" style=\"--oi-block-space-xs:30px; --oi-block-space-sm:30px; --oi-block-space-md:30px; --oi-block-space-lg:30px; --oi-block-space-xl:30px; --oi-block-space-xxl:30px\"><\/div>\n\n\n\n<p>Nettoyer les rouleaux de coupe avec de l'air comprim\u00e9 lorsque n\u00e9cessaire et avec de l'eau chaude et une \u00e9ponge, de la vapeur et de l\u2019air comprim\u00e9 \u00e0 la fin de la journ\u00e9e de travail.<\/p>\n\n    <\/div>\n    <div class=\"col-5 col-lg-4 d-none d-md-block\">\n        <div class=\"featured-product\">\n                                                                    <div class=\"bg-dark color-white featured-product-inner\">\n                        <div class=\"image-container\">\n                            <img decoding=\"async\" width=\"856\" height=\"856\" src=\"https:\/\/miaft.com\/wp-content\/uploads\/2024\/01\/granellatrice-manuale-crick-crock-50-1m.jpg\" class=\"img-fluid\" alt=\"\" loading=\"lazy\" srcset=\"https:\/\/miaft.com\/wp-content\/uploads\/2024\/01\/granellatrice-manuale-crick-crock-50-1m.jpg 856w, https:\/\/miaft.com\/wp-content\/uploads\/2024\/01\/granellatrice-manuale-crick-crock-50-1m-150x150.jpg 150w, https:\/\/miaft.com\/wp-content\/uploads\/2024\/01\/granellatrice-manuale-crick-crock-50-1m-575x575.jpg 575w, https:\/\/miaft.com\/wp-content\/uploads\/2024\/01\/granellatrice-manuale-crick-crock-50-1m-767x767.jpg 767w\" sizes=\"(max-width: 856px) 100vw, 856px\" \/>                        <\/div>\n                                                    <h6 class=\"mb-2 text-uppercase color-secondary\">\n                                Fruits secs                            <\/h6>\n                                                <h4 class=\"mb-0 color-white product-title\">\n                            Broyeur manuel\u00a0                        <\/h4>\n                                                    <p class=\"mt-3 mb-0\">pour la production de concass\u00e9s de fruits secs, de biscuits, de nougat, de nougatine, etc. <\/p>\n                                                <div class=\"mt-4\">\n                            <div class=\"oi-block oi-block-layout-button\" ><a href=\"#contact-us\" title=\"\" class=\"btn btn-secondary-fill btn-type-default btn-medium\" >\n    Demande d\u2019informations    <\/a><\/div>                        <\/div>\n                    <\/div>\n                                                    <\/div>\n    <\/div>\n<\/div><\/div>\n\n    <div class=\"oi-block oi-block-layout-space\" style=\"--oi-block-space-xs:75px; --oi-block-space-sm:90px; --oi-block-space-md:90px; --oi-block-space-lg:120px; --oi-block-space-xl:120px; --oi-block-space-xxl:120px\"><\/div>\n\n<\/div>","protected":false},"excerpt":{"rendered":"<p>Broyeur manuel avec syst\u00e8me de coupe adaptable \u00e0 diff\u00e9rents types de produits. <\/p>\n","protected":false},"featured_media":27988,"parent":0,"menu_order":178,"template":"","meta":{"_seopress_robots_primary_cat":"","_seopress_titles_title":"","_seopress_titles_desc":"","_seopress_robots_index":"","is_energy_saving":false,"is_for_sale":false,"show_footer_widget":true,"show_related_products":false,"product_subtitle":"pour la production de concass\u00e9s de fruits secs, de biscuits, de nougat, de nougatine, etc. ","product_code":"CRICK-CROCK 50-1M","related_products_source":"related","related_products_list":"[]","product_powered_by_title":"","product_powered_by_image":"{}","product_on_sale_label":"","product_on_sale_label_1":"","product_on_sale_label_2":"","product_on_sale_label_3":"","product_on_sale_label_4":"","product_on_sale_label_5":"","footnotes":""},"finished_product":[112],"machine":[118],"processing":[125],"class_list":["post-9661","product","type-product","status-publish","has-post-thumbnail","hentry","finished_product-fruits-secs","machine-machines-autonomes","processing-broyage"],"_links":{"self":[{"href":"https:\/\/miaft.com\/fr\/wp-json\/wp\/v2\/product\/9661"}],"collection":[{"href":"https:\/\/miaft.com\/fr\/wp-json\/wp\/v2\/product"}],"about":[{"href":"https:\/\/miaft.com\/fr\/wp-json\/wp\/v2\/types\/product"}],"version-history":[{"count":2,"href":"https:\/\/miaft.com\/fr\/wp-json\/wp\/v2\/product\/9661\/revisions"}],"predecessor-version":[{"id":9828,"href":"https:\/\/miaft.com\/fr\/wp-json\/wp\/v2\/product\/9661\/revisions\/9828"}],"wp:featuredmedia":[{"embeddable":true,"href":"https:\/\/miaft.com\/fr\/wp-json\/wp\/v2\/media\/27988"}],"wp:attachment":[{"href":"https:\/\/miaft.com\/fr\/wp-json\/wp\/v2\/media?parent=9661"}],"wp:term":[{"taxonomy":"finished_product","embeddable":true,"href":"https:\/\/miaft.com\/fr\/wp-json\/wp\/v2\/finished_product?post=9661"},{"taxonomy":"machine","embeddable":true,"href":"https:\/\/miaft.com\/fr\/wp-json\/wp\/v2\/machine?post=9661"},{"taxonomy":"processing","embeddable":true,"href":"https:\/\/miaft.com\/fr\/wp-json\/wp\/v2\/processing?post=9661"}],"curies":[{"name":"wp","href":"https:\/\/api.w.org\/{rel}","templated":true}]}}