{"id":9642,"date":"2024-09-13T15:27:08","date_gmt":"2024-09-13T13:27:08","guid":{"rendered":"https:\/\/miaft.com\/product\/granellatrice-automatica-crick-crock-100-2t-100-3t-100-4t\/"},"modified":"2024-04-09T14:10:10","modified_gmt":"2024-04-09T12:10:10","slug":"granellatrice-automatica-crick-crock-100-2t-100-3t-100-4t","status":"publish","type":"product","link":"https:\/\/miaft.com\/fr\/product\/granellatrice-automatica-crick-crock-100-2t-100-3t-100-4t\/","title":{"rendered":"Broyeur automatique\u00a0"},"content":{"rendered":"\n<div class=\"wp-block-group has-light-background-color has-background is-layout-flow wp-block-group-is-layout-flow\"><div class=\"oi-block oi-block-layout-container container\" style=\"\"  >\n    <div class=\"oi-block oi-block-layout-space\" style=\"--oi-block-space-xs:75px; --oi-block-space-sm:90px; --oi-block-space-md:90px; --oi-block-space-lg:120px; --oi-block-space-xl:120px; --oi-block-space-xxl:120px\"><\/div>\n\n\n    <div class=\"oi-block oi-block-layout-row row  row-vertical-gap\">\n        \n<div class=\"oi-block oi-block-layout-row-column col-12 col-sm-12 col-md-12 col-lg-6 col-xl-5 col-xxl-5\" style=\"\" >\n\n<h3 class=\"wp-block-heading has-primary-color has-text-color has-link-color wp-elements-099ab7a8929c7c8e7057c3e5d4a578f6\"><strong>Caract\u00e9ristiques<\/strong><\/h3>\n\n\n    <div class=\"oi-block oi-block-layout-space\" style=\"--oi-block-space-xs:20px; --oi-block-space-sm:20px; --oi-block-space-md:20px; --oi-block-space-lg:20px; --oi-block-space-xl:20px; --oi-block-space-xxl:20px\"><\/div>\n\n\n\n<ul class=\"wp-block-list\">\n<li>Machine enti\u00e8rement r\u00e9alis\u00e9e en <strong>acier inoxydable AISI 304.<\/strong><\/li>\n\n\n\n<li><strong>Construction robuste <\/strong>pour une plus grande pr\u00e9cision du traitement et pour prolonger la durabilit\u00e9.<\/li>\n\n\n\n<li><strong>Rouleaux de coupe r\u00e9glables<\/strong> jusqu'\u00e0 \u00b1 10 mm d'\u00e9cart<\/li>\n\n\n\n<li><strong>Vitesse des rouleaux de coupe r\u00e9glable <\/strong>par onduleur<\/li>\n\n\n\n<li><strong>Capacit\u00e9 de production de 60 \u00e0 110 kg\/h <\/strong>selon le type de broyeur<\/li>\n\n\n\n<li><strong>Production<\/strong> : concass\u00e9s gros ou fins, farine (selon le type de machine)<\/li>\n<\/ul>\n\n<\/div>\n\n<div class=\"oi-block oi-block-layout-row-column col-0 col-sm-0 col-md-0 col-lg-0 col-xl-1 col-xxl-1 d-none d-sm-none d-md-none d-lg-none d-xl-block d-xxl-block\" style=\"\" ><\/div>\n\n<div class=\"oi-block oi-block-layout-row-column col-12 col-sm-12 col-md-12 col-lg-6 col-xl-5 col-xxl-5\" style=\"\" >\n\n<h3 class=\"wp-block-heading has-primary-color has-text-color has-link-color wp-elements-803b47f0e8ad11ad42847e6dedc46681\"><strong>Caract\u00e9ristiques techniques<\/strong><\/h3>\n\n\n    <div class=\"oi-block oi-block-layout-space\" style=\"--oi-block-space-xs:20px; --oi-block-space-sm:20px; --oi-block-space-md:20px; --oi-block-space-lg:20px; --oi-block-space-xl:20px; --oi-block-space-xxl:20px\"><\/div>\n\n\n\n<ul class=\"wp-block-list\">\n<li><strong>Longueur du rouleau variable <\/strong>\u00e0 partir de 100 mm<\/li>\n\n\n\n<li>Machine disponible avec un nombre de passes de 2 \u00e0 4<\/li>\n\n\n\n<li><strong>Possibilit\u00e9 d'installer des convoyeurs \u00e0 bande de chargement\/d\u00e9chargement <\/strong>du produit pour automatiser le processus<\/li>\n\n\n\n<li><strong>Possibilit\u00e9 d'installer un tamis vibrant<\/strong> pour tamiser les concass\u00e9s et la farine<\/li>\n<\/ul>\n\n<\/div>\n    <\/div>\n\n\n    <div class=\"oi-block oi-block-layout-space\" style=\"--oi-block-space-xs:75px; --oi-block-space-sm:90px; --oi-block-space-md:90px; --oi-block-space-lg:120px; --oi-block-space-xl:120px; --oi-block-space-xxl:120px\"><\/div>\n\n<\/div><\/div>\n\n\n<div class=\"oi-block oi-block-layout-container container\" style=\"\"  >\n    <div class=\"oi-block oi-block-layout-space\" style=\"--oi-block-space-xs:75px; --oi-block-space-sm:90px; --oi-block-space-md:90px; --oi-block-space-lg:120px; --oi-block-space-xl:120px; --oi-block-space-xxl:120px\"><\/div>\n\n\n<div class=\"oi-block oi-block-product-content\" >\n<div class=\"row justify-content-between\">\n    <div class=\"col-12 col-md-6 col-lg-5\">\n        \n\n<h3 class=\"wp-block-heading has-primary-color has-text-color has-link-color wp-elements-4903f14ebf5f458507428a0822fbf802\"><strong>Syst\u00e8me de coupe pr\u00e9cis<\/strong><\/h3>\n\n\n    <div class=\"oi-block oi-block-layout-space\" style=\"--oi-block-space-xs:30px; --oi-block-space-sm:30px; --oi-block-space-md:30px; --oi-block-space-lg:30px; --oi-block-space-xl:30px; --oi-block-space-xxl:30px\"><\/div>\n\n\n\n<p>Le syst\u00e8me de coupe de nos broyeurs est con\u00e7u pour s'adapter \u00e0 <strong>diff\u00e9rents types de produits<\/strong> et obtenir une excellente pr\u00e9cision au niveau du calibre des concass\u00e9s.<\/p>\n\n\n\n<p>Pour les fruits secs, la conception sp\u00e9ciale des rouleaux de coupe permet d'<strong>\u00e9viter la fuite d'huile essentielle <\/strong>des fruits pendant la phase de traitement, pr\u00e9servant ainsi les <strong>qualit\u00e9s organoleptiques<\/strong> du produit et \u00e9vitant le rancissement rapide des fruits.<\/p>\n\n\n    <div class=\"oi-block oi-block-layout-space\" style=\"--oi-block-space-xs:30px; --oi-block-space-sm:30px; --oi-block-space-md:30px; --oi-block-space-lg:30px; --oi-block-space-xl:30px; --oi-block-space-xxl:30px\"><\/div>\n\n\n\n<h3 class=\"wp-block-heading has-primary-color has-text-color has-link-color wp-elements-e18ac7c5f925ae7e0628bd6bc9522ef8\"><strong>Configuration du broyeur<\/strong><\/h3>\n\n\n    <div class=\"oi-block oi-block-layout-space\" style=\"--oi-block-space-xs:30px; --oi-block-space-sm:30px; --oi-block-space-md:30px; --oi-block-space-lg:30px; --oi-block-space-xl:30px; --oi-block-space-xxl:30px\"><\/div>\n\n\n\n<p>Les broyeurs automatiques CRICK-CROCK sont disponibles dans <strong>diff\u00e9rentes configurations<\/strong> pour adapter la machine <strong>\u00e0 la production<\/strong> demand\u00e9e par le client.<\/p>\n\n\n\n<ul class=\"wp-block-list\">\n<li><strong>100-2T <\/strong>\u00bb 2 passes\u00a0 (2 paires de rouleaux)<\/li>\n\n\n\n<li><strong>100-3T <\/strong>\u00bb 3 passes (3 paires de rouleaux)<\/li>\n\n\n\n<li><strong>100-4T <\/strong>\u00bb 4 passes\u00a0 (4 paires de rouleaux)<\/li>\n<\/ul>\n\n\n    <div class=\"oi-block oi-block-layout-space\" style=\"--oi-block-space-xs:30px; --oi-block-space-sm:30px; --oi-block-space-md:30px; --oi-block-space-lg:30px; --oi-block-space-xl:30px; --oi-block-space-xxl:30px\"><\/div>\n\n\n\n<h3 class=\"wp-block-heading has-primary-color has-text-color has-link-color wp-elements-4bf62c507306264609d631da75f4fcba\"><strong>Taille des rouleaux de coupe<\/strong><\/h3>\n\n\n    <div class=\"oi-block oi-block-layout-space\" style=\"--oi-block-space-xs:30px; --oi-block-space-sm:30px; --oi-block-space-md:30px; --oi-block-space-lg:30px; --oi-block-space-xl:30px; --oi-block-space-xxl:30px\"><\/div>\n\n\n\n<p>En plus du nombre de passages, il est possible de <strong>personnaliser la taille des rouleaux<\/strong> de coupe pour avoir un contr\u00f4le pr\u00e9cis et constant de la <strong>granulom\u00e9trie<\/strong> du produit trait\u00e9.<\/p>\n\n\n    <div class=\"oi-block oi-block-layout-space\" style=\"--oi-block-space-xs:30px; --oi-block-space-sm:30px; --oi-block-space-md:30px; --oi-block-space-lg:30px; --oi-block-space-xl:30px; --oi-block-space-xxl:30px\"><\/div>\n\n\n\n<h3 class=\"wp-block-heading has-primary-color has-text-color has-link-color wp-elements-41387015db225eecd219b0489ebad6bf\"><strong>Capacit\u00e9 de production du broyeur<\/strong><\/h3>\n\n\n    <div class=\"oi-block oi-block-layout-space\" style=\"--oi-block-space-xs:30px; --oi-block-space-sm:30px; --oi-block-space-md:30px; --oi-block-space-lg:30px; --oi-block-space-xl:30px; --oi-block-space-xxl:30px\"><\/div>\n\n\n\n<p>La capacit\u00e9 de production de nos broyeurs varie de <strong>60 kg\/h \u00e0 110 kg\/h<\/strong> en fonction du type de produit \u00e0 concasser.<\/p>\n\n\n\n<p>Il est possible d'associer \u00e0 nos broyeurs des convoyeurs \u00e0 bande pour le chargement du produit \u00e0 traiter, des tamis vibrants pour le tamisage des concass\u00e9s et des bandes de d\u00e9chargement du produit trait\u00e9.<\/p>\n\n\n    <div class=\"oi-block oi-block-layout-space\" style=\"--oi-block-space-xs:30px; --oi-block-space-sm:30px; --oi-block-space-md:30px; --oi-block-space-lg:30px; --oi-block-space-xl:30px; --oi-block-space-xxl:30px\"><\/div>\n\n\n\n<h3 class=\"wp-block-heading has-primary-color has-text-color has-link-color wp-elements-36ab81d9706efa9496faea1390ef8ecb\"><strong>Nettoyage du broyeur<\/strong><\/h3>\n\n\n    <div class=\"oi-block oi-block-layout-space\" style=\"--oi-block-space-xs:30px; --oi-block-space-sm:30px; --oi-block-space-md:30px; --oi-block-space-lg:30px; --oi-block-space-xl:30px; --oi-block-space-xxl:30px\"><\/div>\n\n\n\n<p>Nettoyer les rouleaux de coupe avec de l'air comprim\u00e9 lorsque n\u00e9cessaire et avec de l'eau chaude et une \u00e9ponge, de la vapeur et de l\u2019air comprim\u00e9 \u00e0 la fin de la journ\u00e9e de travail.<\/p>\n\n\n    <div class=\"oi-block oi-block-layout-space\" style=\"--oi-block-space-xs:50px; --oi-block-space-sm:50px; --oi-block-space-md:50px; --oi-block-space-lg:70px; --oi-block-space-xl:70px; --oi-block-space-xxl:70px\"><\/div>\n\n\n<div class=\"oi-block oi-block-youtube-video-container\" ><div class=\"video-container \">\n    <div class=\"video-inner\">\n        \n\n<figure class=\"wp-block-embed is-type-video is-provider-youtube wp-block-embed-youtube wp-embed-aspect-16-9 wp-has-aspect-ratio\"><div class=\"wp-block-embed__wrapper\">\n<iframe loading=\"lazy\" title=\"MIA FOOD TECH - Grinder Machine Crick-Crok 1004T \/ Granellatrice Crick-Crock 1004T\" width=\"500\" height=\"281\" src=\"https:\/\/www.youtube.com\/embed\/XP8UYfUe96Q?feature=oembed\" frameborder=\"0\" allow=\"accelerometer; autoplay; clipboard-write; encrypted-media; gyroscope; picture-in-picture; web-share\" referrerpolicy=\"strict-origin-when-cross-origin\" allowfullscreen><\/iframe>\n<\/div><\/figure>\n\n    <\/div>\n    <\/div>\n<\/div>\n\n    <div class=\"oi-block oi-block-layout-space\" style=\"--oi-block-space-xs:30px; --oi-block-space-sm:30px; --oi-block-space-md:30px; --oi-block-space-lg:30px; --oi-block-space-xl:30px; --oi-block-space-xxl:30px\"><\/div>\n\n    <\/div>\n    <div class=\"col-5 col-lg-4 d-none d-md-block\">\n        <div class=\"featured-product\">\n                                                                    <div class=\"bg-dark color-white featured-product-inner\">\n                        <div class=\"image-container\">\n                            <img decoding=\"async\" width=\"1314\" height=\"1676\" src=\"https:\/\/miaft.com\/wp-content\/uploads\/2024\/09\/mia-granellatrice-automatica-crick-crock-100-2t-100-4t-100-6t.jpg\" class=\"img-fluid\" alt=\"\" loading=\"lazy\" srcset=\"https:\/\/miaft.com\/wp-content\/uploads\/2024\/09\/mia-granellatrice-automatica-crick-crock-100-2t-100-4t-100-6t.jpg 1314w, https:\/\/miaft.com\/wp-content\/uploads\/2024\/09\/mia-granellatrice-automatica-crick-crock-100-2t-100-4t-100-6t-1204x1536.jpg 1204w, https:\/\/miaft.com\/wp-content\/uploads\/2024\/09\/mia-granellatrice-automatica-crick-crock-100-2t-100-4t-100-6t-150x191.jpg 150w, https:\/\/miaft.com\/wp-content\/uploads\/2024\/09\/mia-granellatrice-automatica-crick-crock-100-2t-100-4t-100-6t-575x733.jpg 575w, https:\/\/miaft.com\/wp-content\/uploads\/2024\/09\/mia-granellatrice-automatica-crick-crock-100-2t-100-4t-100-6t-767x978.jpg 767w, https:\/\/miaft.com\/wp-content\/uploads\/2024\/09\/mia-granellatrice-automatica-crick-crock-100-2t-100-4t-100-6t-991x1264.jpg 991w, https:\/\/miaft.com\/wp-content\/uploads\/2024\/09\/mia-granellatrice-automatica-crick-crock-100-2t-100-4t-100-6t-1199x1529.jpg 1199w\" sizes=\"(max-width: 1314px) 100vw, 1314px\" \/>                        <\/div>\n                                                    <h6 class=\"mb-2 text-uppercase color-secondary\">\n                                Fruits secs                            <\/h6>\n                                                <h4 class=\"mb-0 color-white product-title\">\n                            Broyeur automatique\u00a0                        <\/h4>\n                                                    <p class=\"mt-3 mb-0\">pour fruits secs, noisettes, nougat, nougatine, biscuits et sucreries <\/p>\n                                                <div class=\"mt-4\">\n                            <div class=\"oi-block oi-block-layout-button\" ><a href=\"#contact-us\" title=\"\" class=\"btn btn-secondary-fill btn-type-default btn-medium\" >\n    Demande d\u2019informations    <\/a><\/div>                        <\/div>\n                    <\/div>\n                                                    <\/div>\n    <\/div>\n<\/div><\/div>\n\n    <div class=\"oi-block oi-block-layout-space\" style=\"--oi-block-space-xs:75px; --oi-block-space-sm:90px; --oi-block-space-md:90px; --oi-block-space-lg:120px; --oi-block-space-xl:120px; --oi-block-space-xxl:120px\"><\/div>\n\n<\/div>","protected":false},"excerpt":{"rendered":"<p>Les broyeurs CRICK CROCK sont des machines con\u00e7ues pour le traitement des fruits secs, des noisettes, des graines, des c\u00e9r\u00e9ales souffl\u00e9es, des biscuits, du nougat, de la nougatine, du chocolat pour la production concass\u00e9s et de poudre (farine).<\/p>\n","protected":false},"featured_media":29947,"parent":0,"menu_order":179,"template":"","meta":{"_seopress_robots_primary_cat":"","_seopress_titles_title":"","_seopress_titles_desc":"","_seopress_robots_index":"","is_energy_saving":true,"is_for_sale":false,"show_footer_widget":true,"show_related_products":true,"product_subtitle":"pour fruits secs, noisettes, nougat, nougatine, biscuits et sucreries ","product_code":"CRICK-CROCK 100-2T - 100-3T - 100-4T","related_products_source":"custom","related_products_list":"[1423,1432]","product_powered_by_title":"","product_powered_by_image":"{}","product_on_sale_label":"13.900 \u20ac","product_on_sale_label_1":"","product_on_sale_label_2":"","product_on_sale_label_3":"","product_on_sale_label_4":"","product_on_sale_label_5":"","footnotes":""},"finished_product":[112],"machine":[118],"processing":[125],"class_list":["post-9642","product","type-product","status-publish","has-post-thumbnail","hentry","finished_product-fruits-secs","machine-machines-autonomes","processing-broyage"],"_links":{"self":[{"href":"https:\/\/miaft.com\/fr\/wp-json\/wp\/v2\/product\/9642"}],"collection":[{"href":"https:\/\/miaft.com\/fr\/wp-json\/wp\/v2\/product"}],"about":[{"href":"https:\/\/miaft.com\/fr\/wp-json\/wp\/v2\/types\/product"}],"version-history":[{"count":1,"href":"https:\/\/miaft.com\/fr\/wp-json\/wp\/v2\/product\/9642\/revisions"}],"predecessor-version":[{"id":9644,"href":"https:\/\/miaft.com\/fr\/wp-json\/wp\/v2\/product\/9642\/revisions\/9644"}],"wp:featuredmedia":[{"embeddable":true,"href":"https:\/\/miaft.com\/fr\/wp-json\/wp\/v2\/media\/29947"}],"wp:attachment":[{"href":"https:\/\/miaft.com\/fr\/wp-json\/wp\/v2\/media?parent=9642"}],"wp:term":[{"taxonomy":"finished_product","embeddable":true,"href":"https:\/\/miaft.com\/fr\/wp-json\/wp\/v2\/finished_product?post=9642"},{"taxonomy":"machine","embeddable":true,"href":"https:\/\/miaft.com\/fr\/wp-json\/wp\/v2\/machine?post=9642"},{"taxonomy":"processing","embeddable":true,"href":"https:\/\/miaft.com\/fr\/wp-json\/wp\/v2\/processing?post=9642"}],"curies":[{"name":"wp","href":"https:\/\/api.w.org\/{rel}","templated":true}]}}