{"id":9639,"date":"2024-01-06T18:28:31","date_gmt":"2024-01-06T17:28:31","guid":{"rendered":"https:\/\/miaft.com\/product\/estrusore-tartufi-dolci\/"},"modified":"2024-04-09T12:57:52","modified_gmt":"2024-04-09T10:57:52","slug":"estrusore-tartufi-dolci","status":"publish","type":"product","link":"https:\/\/miaft.com\/fr\/product\/estrusore-tartufi-dolci\/","title":{"rendered":"Extrudeuse de truffes sucr\u00e9es\u00a0"},"content":{"rendered":"\n<div class=\"wp-block-group has-light-background-color has-background is-layout-flow wp-block-group-is-layout-flow\"><div class=\"oi-block oi-block-layout-container container\" style=\"\"  >\n    <div class=\"oi-block oi-block-layout-space\" style=\"--oi-block-space-xs:75px; --oi-block-space-sm:90px; --oi-block-space-md:90px; --oi-block-space-lg:120px; --oi-block-space-xl:120px; --oi-block-space-xxl:120px\"><\/div>\n\n\n\n<h3 class=\"wp-block-heading has-primary-color has-text-color has-link-color wp-elements-803b47f0e8ad11ad42847e6dedc46681\"><strong>Caract\u00e9ristiques techniques<\/strong><\/h3>\n\n\n    <div class=\"oi-block oi-block-layout-space\" style=\"--oi-block-space-xs:30px; --oi-block-space-sm:30px; --oi-block-space-md:30px; --oi-block-space-lg:30px; --oi-block-space-xl:30px; --oi-block-space-xxl:30px\"><\/div>\n\n\n    <div class=\"oi-block oi-block-layout-row row  row-vertical-gap\">\n        \n<div class=\"oi-block oi-block-layout-row-column col-12 col-sm-12 col-md-12 col-lg-6 col-xl-4 col-xxl-4\" style=\"\" >\n\n<h5 class=\"wp-block-heading has-primary-color has-text-color has-link-color wp-elements-898391467207740ae522e809cce3d410\" style=\"text-transform:uppercase\"><strong>CONSOMMATION<\/strong><\/h5>\n\n\n    <div class=\"oi-block oi-block-layout-space\" style=\"--oi-block-space-xs:20px; --oi-block-space-sm:20px; --oi-block-space-md:20px; --oi-block-space-lg:20px; --oi-block-space-xl:20px; --oi-block-space-xxl:20px\"><\/div>\n\n\n\n<p>1,5 kW triphas\u00e9 400 V 50 Hz (possibilit\u00e9 de commander une machine fonctionnant \u00e0 une tension diff\u00e9rente).<\/p>\n\n<\/div>\n\n<div class=\"oi-block oi-block-layout-row-column col-12 col-sm-12 col-md-12 col-lg-6 col-xl-4 col-xxl-4\" style=\"\" >\n\n<h5 class=\"wp-block-heading has-primary-color has-text-color has-link-color wp-elements-a26595df2891d80d567cbf2989374f8c\" style=\"text-transform:uppercase\"><strong>ENCOMBREMENT<\/strong><\/h5>\n\n\n    <div class=\"oi-block oi-block-layout-space\" style=\"--oi-block-space-xs:20px; --oi-block-space-sm:20px; --oi-block-space-md:20px; --oi-block-space-lg:20px; --oi-block-space-xl:20px; --oi-block-space-xxl:20px\"><\/div>\n\n\n\n<p>Largeur 700 mm, Longueur 700 mm, Hauteur 1950 mm, Poids: 190 kg<\/p>\n\n<\/div>\n    <\/div>\n\n\n    <div class=\"oi-block oi-block-layout-space\" style=\"--oi-block-space-xs:75px; --oi-block-space-sm:90px; --oi-block-space-md:90px; --oi-block-space-lg:120px; --oi-block-space-xl:120px; --oi-block-space-xxl:120px\"><\/div>\n\n<\/div><\/div>\n\n\n<div class=\"oi-block oi-block-layout-container container\" style=\"\"  >\n    <div class=\"oi-block oi-block-layout-space\" style=\"--oi-block-space-xs:75px; --oi-block-space-sm:90px; --oi-block-space-md:90px; --oi-block-space-lg:120px; --oi-block-space-xl:120px; --oi-block-space-xxl:120px\"><\/div>\n\n\n<div class=\"oi-block oi-block-product-content\" >\n<div class=\"row justify-content-between\">\n    <div class=\"col-12 col-md-6 col-lg-5\">\n        \n\n<h3 class=\"wp-block-heading has-primary-color has-text-color has-link-color wp-elements-c9ae73842b8c5090343854a7974ecfd2\"><strong>Extrudeuse de truffes sucr\u00e9es<\/strong><\/h3>\n\n\n    <div class=\"oi-block oi-block-layout-space\" style=\"--oi-block-space-xs:30px; --oi-block-space-sm:30px; --oi-block-space-md:30px; --oi-block-space-lg:30px; --oi-block-space-xl:30px; --oi-block-space-xxl:30px\"><\/div>\n\n\n\n<p><strong>L'extrudeuse de confiseries \u00ab Tartufina \u00bb<\/strong> est une machine innovante qui exploite la pression interne d'un v\u00e9rin pour produire diverses quantit\u00e9s de produits en utilisant des cylindres sp\u00e9ciaux remplis de p\u00e2te de chocolat, de noisette, d'amande, de p\u00e2te de truffe et de <em>gianduja<\/em>, etc.<\/p>\n\n\n\n<p>Ces cylindres (cartouches) pr\u00e9par\u00e9s \u00e0 l'avance pour obtenir la bonne consistance, peuvent \u00eatre fa\u00e7onn\u00e9s dans diff\u00e9rentes formes et tailles en fonction de la tuy\u00e8re install\u00e9e sur le groupe de coupe de la machine.<\/p>\n\n\n\n<p>Depuis le panneau de commande, il est possible de r\u00e9gler la pression de la machine, la longueur du produit (et par cons\u00e9quent son poids), la vitesse d'avancement du v\u00e9rin presseur et toutes les autres fonctions de la machine.<\/p>\n\n\n    <div class=\"oi-block oi-block-layout-space\" style=\"--oi-block-space-xs:30px; --oi-block-space-sm:30px; --oi-block-space-md:30px; --oi-block-space-lg:30px; --oi-block-space-xl:30px; --oi-block-space-xxl:30px\"><\/div>\n\n\n\n<p><strong>Remarque<\/strong>:<strong> <\/strong>Cette extrudeuse peut \u00e9galement \u00eatre utilis\u00e9e pour d'autres applications alimentaires telles que la p\u00e2te \u00e0 biscuits, les barres de c\u00e9r\u00e9ales, les <em>gianduiotti<\/em>, etc.<\/p>\n\n    <\/div>\n    <div class=\"col-5 col-lg-4 d-none d-md-block\">\n        <div class=\"featured-product\">\n                                                                    <div class=\"bg-dark color-white featured-product-inner\">\n                        <div class=\"image-container\">\n                            <img decoding=\"async\" width=\"1334\" height=\"2000\" src=\"https:\/\/miaft.com\/wp-content\/uploads\/2024\/01\/estrusore-tartufi-dolci.jpg\" class=\"img-fluid\" alt=\"\" loading=\"lazy\" srcset=\"https:\/\/miaft.com\/wp-content\/uploads\/2024\/01\/estrusore-tartufi-dolci.jpg 1334w, https:\/\/miaft.com\/wp-content\/uploads\/2024\/01\/estrusore-tartufi-dolci-1025x1536.jpg 1025w, https:\/\/miaft.com\/wp-content\/uploads\/2024\/01\/estrusore-tartufi-dolci-150x225.jpg 150w, https:\/\/miaft.com\/wp-content\/uploads\/2024\/01\/estrusore-tartufi-dolci-575x862.jpg 575w, https:\/\/miaft.com\/wp-content\/uploads\/2024\/01\/estrusore-tartufi-dolci-767x1150.jpg 767w, https:\/\/miaft.com\/wp-content\/uploads\/2024\/01\/estrusore-tartufi-dolci-991x1486.jpg 991w, https:\/\/miaft.com\/wp-content\/uploads\/2024\/01\/estrusore-tartufi-dolci-1199x1798.jpg 1199w\" sizes=\"(max-width: 1334px) 100vw, 1334px\" \/>                        <\/div>\n                                                    <h6 class=\"mb-2 text-uppercase color-secondary\">\n                                Chocolat                            <\/h6>\n                                                <h4 class=\"mb-0 color-white product-title\">\n                            Extrudeuse de truffes sucr\u00e9es\u00a0                        <\/h4>\n                                                    <p class=\"mt-3 mb-0\">Production de truffes sucr\u00e9es et autres produits extrud\u00e9s (barres, sucreries, chocolats) <\/p>\n                                                <div class=\"mt-4\">\n                            <div class=\"oi-block oi-block-layout-button\" ><a href=\"#contact-us\" title=\"\" class=\"btn btn-secondary-fill btn-type-default btn-medium\" >\n    Demande d\u2019informations    <\/a><\/div>                        <\/div>\n                    <\/div>\n                                                    <\/div>\n    <\/div>\n<\/div><\/div>\n\n    <div class=\"oi-block oi-block-layout-space\" style=\"--oi-block-space-xs:75px; --oi-block-space-sm:90px; --oi-block-space-md:90px; --oi-block-space-lg:120px; --oi-block-space-xl:120px; --oi-block-space-xxl:120px\"><\/div>\n\n<\/div>","protected":false},"excerpt":{"rendered":"<p>L'extrudeuse de confiseries \u00ab Tartufina \u00bb est une machine innovante qui exploite la pression interne d'un v\u00e9rin pour produire diverses quantit\u00e9s de produits en utilisant des cylindres sp\u00e9ciaux remplis de p\u00e2te de chocolat, de noisette, d'amande, de p\u00e2te de truffe et de gianduja, etc. <\/p>\n","protected":false},"featured_media":27949,"parent":0,"menu_order":152,"template":"","meta":{"_seopress_robots_primary_cat":"","_seopress_titles_title":"","_seopress_titles_desc":"","_seopress_robots_index":"","is_energy_saving":true,"is_for_sale":false,"show_footer_widget":true,"show_related_products":true,"product_subtitle":"Production de truffes sucr\u00e9es et autres produits extrud\u00e9s (barres, sucreries, chocolats) ","product_code":"","related_products_source":"custom","related_products_list":"[1211,1324,1029]","product_powered_by_title":"","product_powered_by_image":"{}","product_on_sale_label":"","product_on_sale_label_1":"","product_on_sale_label_2":"","product_on_sale_label_3":"","product_on_sale_label_4":"","product_on_sale_label_5":"","footnotes":""},"finished_product":[110],"machine":[118],"processing":[124],"class_list":["post-9639","product","type-product","status-publish","has-post-thumbnail","hentry","finished_product-chocolat","machine-machines-autonomes","processing-extrusion-fr"],"_links":{"self":[{"href":"https:\/\/miaft.com\/fr\/wp-json\/wp\/v2\/product\/9639"}],"collection":[{"href":"https:\/\/miaft.com\/fr\/wp-json\/wp\/v2\/product"}],"about":[{"href":"https:\/\/miaft.com\/fr\/wp-json\/wp\/v2\/types\/product"}],"version-history":[{"count":2,"href":"https:\/\/miaft.com\/fr\/wp-json\/wp\/v2\/product\/9639\/revisions"}],"predecessor-version":[{"id":9823,"href":"https:\/\/miaft.com\/fr\/wp-json\/wp\/v2\/product\/9639\/revisions\/9823"}],"wp:featuredmedia":[{"embeddable":true,"href":"https:\/\/miaft.com\/fr\/wp-json\/wp\/v2\/media\/27949"}],"wp:attachment":[{"href":"https:\/\/miaft.com\/fr\/wp-json\/wp\/v2\/media?parent=9639"}],"wp:term":[{"taxonomy":"finished_product","embeddable":true,"href":"https:\/\/miaft.com\/fr\/wp-json\/wp\/v2\/finished_product?post=9639"},{"taxonomy":"machine","embeddable":true,"href":"https:\/\/miaft.com\/fr\/wp-json\/wp\/v2\/machine?post=9639"},{"taxonomy":"processing","embeddable":true,"href":"https:\/\/miaft.com\/fr\/wp-json\/wp\/v2\/processing?post=9639"}],"curies":[{"name":"wp","href":"https:\/\/api.w.org\/{rel}","templated":true}]}}