{"id":9636,"date":"2023-12-29T15:21:52","date_gmt":"2023-12-29T14:21:52","guid":{"rendered":"https:\/\/miaft.com\/product\/dosatrice-volumetrica-dv500\/"},"modified":"2024-04-09T14:21:00","modified_gmt":"2024-04-09T12:21:00","slug":"dosatrice-volumetrica-dv500","status":"publish","type":"product","link":"https:\/\/miaft.com\/fr\/product\/dosatrice-volumetrica-dv500\/","title":{"rendered":"Doseur volum\u00e9trique\u00a0"},"content":{"rendered":"\n<div class=\"wp-block-group has-light-background-color has-background is-layout-flow wp-block-group-is-layout-flow\"><div class=\"oi-block oi-block-layout-container container\" style=\"\"  >\n    <div class=\"oi-block oi-block-layout-space\" style=\"--oi-block-space-xs:75px; --oi-block-space-sm:90px; --oi-block-space-md:90px; --oi-block-space-lg:120px; --oi-block-space-xl:120px; --oi-block-space-xxl:120px\"><\/div>\n\n\n\n<h3 class=\"wp-block-heading has-primary-color has-text-color has-link-color wp-elements-803b47f0e8ad11ad42847e6dedc46681\"><strong>Caract\u00e9ristiques techniques<\/strong><\/h3>\n\n\n    <div class=\"oi-block oi-block-layout-space\" style=\"--oi-block-space-xs:30px; --oi-block-space-sm:30px; --oi-block-space-md:30px; --oi-block-space-lg:30px; --oi-block-space-xl:30px; --oi-block-space-xxl:30px\"><\/div>\n\n\n    <div class=\"oi-block oi-block-layout-row row  row-vertical-gap\">\n        \n<div class=\"oi-block oi-block-layout-row-column col-12 col-sm-12 col-md-12 col-lg-6 col-xl-4 col-xxl-4\" style=\"\" >\n\n<h5 class=\"wp-block-heading has-primary-color has-text-color has-link-color wp-elements-8b260deb368b383b559ddfbdee6c6cad\" style=\"text-transform:uppercase\"><strong>CAPACIT\u00c9 DE PRODUCTION<\/strong><\/h5>\n\n\n    <div class=\"oi-block oi-block-layout-space\" style=\"--oi-block-space-xs:20px; --oi-block-space-sm:20px; --oi-block-space-md:20px; --oi-block-space-lg:20px; --oi-block-space-xl:20px; --oi-block-space-xxl:20px\"><\/div>\n\n\n\n<p>8-12 cycles\/min.<\/p>\n\n<\/div>\n\n<div class=\"oi-block oi-block-layout-row-column col-12 col-sm-12 col-md-12 col-lg-6 col-xl-4 col-xxl-4\" style=\"\" >\n\n<h5 class=\"wp-block-heading has-primary-color has-text-color has-link-color wp-elements-a26595df2891d80d567cbf2989374f8c\" style=\"text-transform:uppercase\"><strong>ENCOMBREMENT<\/strong><\/h5>\n\n\n    <div class=\"oi-block oi-block-layout-space\" style=\"--oi-block-space-xs:20px; --oi-block-space-sm:20px; --oi-block-space-md:20px; --oi-block-space-lg:20px; --oi-block-space-xl:20px; --oi-block-space-xxl:20px\"><\/div>\n\n\n\n<p>1050 x 500 x 1400 mm. Poids: 60 kg<\/p>\n\n<\/div>\n\n<div class=\"oi-block oi-block-layout-row-column col-12 col-sm-12 col-md-12 col-lg-6 col-xl-4 col-xxl-4\" style=\"\" >\n\n<h5 class=\"wp-block-heading has-primary-color has-text-color has-link-color wp-elements-898391467207740ae522e809cce3d410\" style=\"text-transform:uppercase\"><strong>CONSOMMATION<\/strong><\/h5>\n\n\n    <div class=\"oi-block oi-block-layout-space\" style=\"--oi-block-space-xs:20px; --oi-block-space-sm:20px; --oi-block-space-md:20px; --oi-block-space-lg:20px; --oi-block-space-xl:20px; --oi-block-space-xxl:20px\"><\/div>\n\n\n\n<p>220V monophas\u00e9 50 Hz avec prise CEE<\/p>\n\n<\/div>\n    <\/div>\n\n\n    <div class=\"oi-block oi-block-layout-space\" style=\"--oi-block-space-xs:75px; --oi-block-space-sm:90px; --oi-block-space-md:90px; --oi-block-space-lg:120px; --oi-block-space-xl:120px; --oi-block-space-xxl:120px\"><\/div>\n\n<\/div><\/div>\n\n\n<div class=\"oi-block oi-block-layout-container container\" style=\"\"  >\n    <div class=\"oi-block oi-block-layout-space\" style=\"--oi-block-space-xs:75px; --oi-block-space-sm:90px; --oi-block-space-md:90px; --oi-block-space-lg:120px; --oi-block-space-xl:120px; --oi-block-space-xxl:120px\"><\/div>\n\n\n<div class=\"oi-block oi-block-product-content\" >\n<div class=\"row justify-content-between\">\n    <div class=\"col-12 col-md-6 col-lg-5\">\n        \n\n<h3 class=\"wp-block-heading has-primary-color has-text-color has-link-color wp-elements-c4c246c4d2f580ee566940e17f844384\"><strong>Doseur volum\u00e9trique DV500<\/strong><\/h3>\n\n\n    <div class=\"oi-block oi-block-layout-space\" style=\"--oi-block-space-xs:30px; --oi-block-space-sm:30px; --oi-block-space-md:30px; --oi-block-space-lg:30px; --oi-block-space-xl:30px; --oi-block-space-xxl:30px\"><\/div>\n\n\n\n<p>Doseur volum\u00e9trique DV500 pour p\u00e2te de fruits secs et cr\u00e8mes \u00e0 tartiner \u00e0 actionnement pneumatique en acier inoxydable avec colonne pour l\u2019installation au sol et surface d\u2019appui r\u00e9glable.<\/p>\n\n\n\n<p>Id\u00e9al pour le dosage en laboratoire ou dans une petite entreprise.<\/p>\n\n\n\n<p>Dosage de 100 \u00e0 500 ml avec jauge gradu\u00e9e pour le r\u00e9glage lin\u00e9aire de la course du piston.<\/p>\n\n\n\n<p>Tr\u00e9mie de chargement conique en acier inoxydable pour le chargement du produit \u00e0 doser.<\/p>\n\n\n\n<p>Vitesse de production: 8-12 cycles\/min.<\/p>\n\n\n\n<p>Cycle de production manuel ou automatique<\/p>\n\n\n\n<p>Cycle de nettoyage pour acc\u00e9l\u00e9rer le changement de format du produit \u00e0 doser ou pour le nettoyage une fois la journ\u00e9e de travail termin\u00e9e.<\/p>\n\n    <\/div>\n    <div class=\"col-5 col-lg-4 d-none d-md-block\">\n        <div class=\"featured-product\">\n                                                                    <div class=\"bg-dark color-white featured-product-inner\">\n                        <div class=\"image-container\">\n                            <img decoding=\"async\" width=\"1834\" height=\"1834\" src=\"https:\/\/miaft.com\/wp-content\/uploads\/2023\/12\/dosatrice-volumetrica-dv500-1.jpg\" class=\"img-fluid\" alt=\"\" loading=\"lazy\" srcset=\"https:\/\/miaft.com\/wp-content\/uploads\/2023\/12\/dosatrice-volumetrica-dv500-1.jpg 1834w, https:\/\/miaft.com\/wp-content\/uploads\/2023\/12\/dosatrice-volumetrica-dv500-1-1536x1536.jpg 1536w, https:\/\/miaft.com\/wp-content\/uploads\/2023\/12\/dosatrice-volumetrica-dv500-1-150x150.jpg 150w, https:\/\/miaft.com\/wp-content\/uploads\/2023\/12\/dosatrice-volumetrica-dv500-1-575x575.jpg 575w, https:\/\/miaft.com\/wp-content\/uploads\/2023\/12\/dosatrice-volumetrica-dv500-1-767x767.jpg 767w, https:\/\/miaft.com\/wp-content\/uploads\/2023\/12\/dosatrice-volumetrica-dv500-1-991x991.jpg 991w, https:\/\/miaft.com\/wp-content\/uploads\/2023\/12\/dosatrice-volumetrica-dv500-1-1199x1199.jpg 1199w\" sizes=\"(max-width: 1834px) 100vw, 1834px\" \/>                        <\/div>\n                                                    <h6 class=\"mb-2 text-uppercase color-secondary\">\n                                P\u00e2tes et cr\u00e8mes \u00e0 tartiner                            <\/h6>\n                                                <h4 class=\"mb-0 color-white product-title\">\n                            Doseur volum\u00e9trique\u00a0                        <\/h4>\n                                                    <p class=\"mt-3 mb-0\">pour p\u00e2te de fruits secs et cr\u00e8mes \u00e0 tartiner <\/p>\n                                                <div class=\"mt-4\">\n                            <div class=\"oi-block oi-block-layout-button\" ><a href=\"#contact-us\" title=\"\" class=\"btn btn-secondary-fill btn-type-default btn-medium\" >\n    Demande d\u2019informations    <\/a><\/div>                        <\/div>\n                    <\/div>\n                                                    <\/div>\n    <\/div>\n<\/div><\/div>\n\n    <div class=\"oi-block oi-block-layout-space\" style=\"--oi-block-space-xs:75px; --oi-block-space-sm:90px; --oi-block-space-md:90px; --oi-block-space-lg:120px; --oi-block-space-xl:120px; --oi-block-space-xxl:120px\"><\/div>\n\n<\/div>","protected":false},"excerpt":{"rendered":"<p>Doseur volum\u00e9trique DV500 pour p\u00e2te de fruits secs et cr\u00e8mes \u00e0 tartiner \u00e0 actionnement pneumatique en acier inoxydable avec colonne pour l\u2019installation au sol et surface d\u2019appui r\u00e9glable.<\/p>\n","protected":false},"featured_media":28084,"parent":0,"menu_order":237,"template":"","meta":{"_seopress_robots_primary_cat":"","_seopress_titles_title":"","_seopress_titles_desc":"","_seopress_robots_index":"","is_energy_saving":false,"is_for_sale":false,"show_footer_widget":true,"show_related_products":true,"product_subtitle":"pour p\u00e2te de fruits secs et cr\u00e8mes \u00e0 tartiner ","product_code":"DV500","related_products_source":"custom","related_products_list":"[1211,1220,1224,1233,1405,1324]","product_powered_by_title":"","product_powered_by_image":"{}","product_on_sale_label":"15.000 \u20ac","product_on_sale_label_1":"","product_on_sale_label_2":"","product_on_sale_label_3":"","product_on_sale_label_4":"","product_on_sale_label_5":"","footnotes":""},"finished_product":[113],"machine":[118],"processing":[123],"class_list":["post-9636","product","type-product","status-publish","has-post-thumbnail","hentry","finished_product-pates-et-cremes-a-tartiner","machine-machines-autonomes","processing-doseurs"],"_links":{"self":[{"href":"https:\/\/miaft.com\/fr\/wp-json\/wp\/v2\/product\/9636"}],"collection":[{"href":"https:\/\/miaft.com\/fr\/wp-json\/wp\/v2\/product"}],"about":[{"href":"https:\/\/miaft.com\/fr\/wp-json\/wp\/v2\/types\/product"}],"version-history":[{"count":2,"href":"https:\/\/miaft.com\/fr\/wp-json\/wp\/v2\/product\/9636\/revisions"}],"predecessor-version":[{"id":9837,"href":"https:\/\/miaft.com\/fr\/wp-json\/wp\/v2\/product\/9636\/revisions\/9837"}],"wp:featuredmedia":[{"embeddable":true,"href":"https:\/\/miaft.com\/fr\/wp-json\/wp\/v2\/media\/28084"}],"wp:attachment":[{"href":"https:\/\/miaft.com\/fr\/wp-json\/wp\/v2\/media?parent=9636"}],"wp:term":[{"taxonomy":"finished_product","embeddable":true,"href":"https:\/\/miaft.com\/fr\/wp-json\/wp\/v2\/finished_product?post=9636"},{"taxonomy":"machine","embeddable":true,"href":"https:\/\/miaft.com\/fr\/wp-json\/wp\/v2\/machine?post=9636"},{"taxonomy":"processing","embeddable":true,"href":"https:\/\/miaft.com\/fr\/wp-json\/wp\/v2\/processing?post=9636"}],"curies":[{"name":"wp","href":"https:\/\/api.w.org\/{rel}","templated":true}]}}