{"id":9630,"date":"2023-12-29T15:16:46","date_gmt":"2023-12-29T14:16:46","guid":{"rendered":"https:\/\/miaft.com\/product\/cuocitore-t250-tower\/"},"modified":"2024-04-09T12:44:04","modified_gmt":"2024-04-09T10:44:04","slug":"cuocitore-t250-tower","status":"publish","type":"product","link":"https:\/\/miaft.com\/fr\/product\/cuocitore-t250-tower\/","title":{"rendered":"Cuiseur\u00a0"},"content":{"rendered":"\n<div class=\"wp-block-group has-light-background-color has-background is-layout-flow wp-block-group-is-layout-flow\"><div class=\"oi-block oi-block-layout-container container\" style=\"\"  >\n    <div class=\"oi-block oi-block-layout-space\" style=\"--oi-block-space-xs:75px; --oi-block-space-sm:90px; --oi-block-space-md:90px; --oi-block-space-lg:120px; --oi-block-space-xl:120px; --oi-block-space-xxl:120px\"><\/div>\n\n\n\n<h3 class=\"wp-block-heading has-primary-color has-text-color has-link-color wp-elements-803b47f0e8ad11ad42847e6dedc46681\"><strong>Caract\u00e9ristiques techniques<\/strong><\/h3>\n\n\n    <div class=\"oi-block oi-block-layout-space\" style=\"--oi-block-space-xs:30px; --oi-block-space-sm:30px; --oi-block-space-md:30px; --oi-block-space-lg:30px; --oi-block-space-xl:30px; --oi-block-space-xxl:30px\"><\/div>\n\n\n    <div class=\"oi-block oi-block-layout-row row  row-vertical-gap\">\n        \n<div class=\"oi-block oi-block-layout-row-column col-12 col-sm-12 col-md-12 col-lg-6 col-xl-4 col-xxl-4\" style=\"\" >\n\n<h5 class=\"wp-block-heading has-primary-color has-text-color has-link-color wp-elements-8b260deb368b383b559ddfbdee6c6cad\" style=\"text-transform:uppercase\"><strong>CAPACIT\u00c9 DE PRODUCTION<\/strong><\/h5>\n\n\n    <div class=\"oi-block oi-block-layout-space\" style=\"--oi-block-space-xs:20px; --oi-block-space-sm:20px; --oi-block-space-md:20px; --oi-block-space-lg:20px; --oi-block-space-xl:20px; --oi-block-space-xxl:20px\"><\/div>\n\n\n\n<p>120-150 kg\/lot selon la recette et le pourcentage de fruits secs utilis\u00e9.<\/p>\n\n<\/div>\n\n<div class=\"oi-block oi-block-layout-row-column col-12 col-sm-12 col-md-12 col-lg-6 col-xl-4 col-xxl-4\" style=\"\" >\n\n<h5 class=\"wp-block-heading has-primary-color has-text-color has-link-color wp-elements-a26595df2891d80d567cbf2989374f8c\" style=\"text-transform:uppercase\"><strong>ENCOMBREMENT<\/strong><\/h5>\n\n\n    <div class=\"oi-block oi-block-layout-space\" style=\"--oi-block-space-xs:20px; --oi-block-space-sm:20px; --oi-block-space-md:20px; --oi-block-space-lg:20px; --oi-block-space-xl:20px; --oi-block-space-xxl:20px\"><\/div>\n\n\n\n<p>1500 x 1800 x 2200 mm. Poids: 2200 kg<\/p>\n\n<\/div>\n\n<div class=\"oi-block oi-block-layout-row-column col-12 col-sm-12 col-md-12 col-lg-6 col-xl-4 col-xxl-4\" style=\"\" >\n\n<h5 class=\"wp-block-heading has-primary-color has-text-color has-link-color wp-elements-898391467207740ae522e809cce3d410\" style=\"text-transform:uppercase\"><strong>CONSOMMATION<\/strong><\/h5>\n\n\n    <div class=\"oi-block oi-block-layout-space\" style=\"--oi-block-space-xs:20px; --oi-block-space-sm:20px; --oi-block-space-md:20px; --oi-block-space-lg:20px; --oi-block-space-xl:20px; --oi-block-space-xxl:20px\"><\/div>\n\n\n\n<p>30 kW - Triphas\u00e9 400 V - 50 Hz (version standard)<\/p>\n\n<\/div>\n    <\/div>\n\n\n    <div class=\"oi-block oi-block-layout-space\" style=\"--oi-block-space-xs:75px; --oi-block-space-sm:90px; --oi-block-space-md:90px; --oi-block-space-lg:120px; --oi-block-space-xl:120px; --oi-block-space-xxl:120px\"><\/div>\n\n<\/div><\/div>\n\n\n<div class=\"oi-block oi-block-layout-container container\" style=\"\"  >\n    <div class=\"oi-block oi-block-layout-space\" style=\"--oi-block-space-xs:75px; --oi-block-space-sm:90px; --oi-block-space-md:90px; --oi-block-space-lg:120px; --oi-block-space-xl:120px; --oi-block-space-xxl:120px\"><\/div>\n\n\n<div class=\"oi-block oi-block-product-content\" >\n<div class=\"row justify-content-between\">\n    <div class=\"col-12 col-md-6 col-lg-5\">\n        \n\n<h3 class=\"wp-block-heading has-primary-color has-text-color has-link-color wp-elements-5117da7f82e204893f2439da96dcab90\"><strong>CUISEUR T250 TOWER<\/strong><\/h3>\n\n\n    <div class=\"oi-block oi-block-layout-space\" style=\"--oi-block-space-xs:30px; --oi-block-space-sm:30px; --oi-block-space-md:30px; --oi-block-space-lg:30px; --oi-block-space-xl:30px; --oi-block-space-xxl:30px\"><\/div>\n\n\n\n<p>Le cuiseur pour nougat T250 TOWER avec chauffage \u00e9lectrique est con\u00e7u pour la production du nougat \u00e0 grande \u00e9chelle industrielle et repr\u00e9sente le haut de gamme des cuiseurs de la gamme MIA Food Tech.<\/p>\n\n\n\n<p>Sa construction robuste et fiable le rend adapt\u00e9 \u00e0 une production continue sur 3 postes de travail.<\/p>\n\n\n\n<p>La structure de support par plate-forme sur\u00e9lev\u00e9e permet de faciliter les op\u00e9rations de chargement des ingr\u00e9dients ainsi que le nettoyage et l\u2019entretien du cuiseur.<\/p>\n\n\n\n<p>Principales caract\u00e9ristiques du cuiseur:<\/p>\n\n\n\n<ul class=\"wp-block-list\">\n<li>Capacit\u00e9 de production de 120-150 kg\/lot en fonction de la recette et du pourcentage de fruits secs utilis\u00e9.<\/li>\n\n\n\n<li>Cuve de cuisson d\u2019une capacit\u00e9 de 250 litres d'eau.<\/li>\n\n\n\n<li>Le syst\u00e8me de chauffage est \u00e9quip\u00e9 de r\u00e9sistances \u00e9lectriques blind\u00e9es immerg\u00e9es en bain d'huile diathermique avec cuve \u00e0 double paroi pour la cuisson au \u00ab bain-marie \u00bb.<\/li>\n\n\n\n<li>Temp\u00e9rature de fonctionnement r\u00e9glable jusqu'\u00e0 125 \u00b0C.<\/li>\n\n\n\n<li>Vitesse de rotation du bras de malaxage r\u00e9glable sur une plage de 10 \u00e0 120 tr\/min pour adapter la machine \u00e0 diff\u00e9rentes recettes.<\/li>\n\n\n\n<li>Levage hydraulique de la t\u00eate et basculement de la cuve pour d\u00e9charger le produit plus facilement et plus rapidement et sans effort pour l\u2019op\u00e9rateur.<\/li>\n\n\n\n<li>Moteur \u00e9lectrique pour la rotation du bras malaxeur de 11 kW triphas\u00e9 avec ventilation forc\u00e9e.<\/li>\n\n\n\n<li>Cuve, bras m\u00e9langeur, ch\u00e2ssis et protections de s\u00e9curit\u00e9 en acier inoxydable AISI 304.<\/li>\n\n\n\n<li>T\u00eate de la machine en fer peint (acier inoxydable sur demande).<\/li>\n\n\n\n<li>Tableau \u00e9lectrique int\u00e9gr\u00e9 avec composants \u00e9lectrom\u00e9caniques Schneider Electric et onduleur Omron.<\/li>\n<\/ul>\n\n    <\/div>\n    <div class=\"col-5 col-lg-4 d-none d-md-block\">\n        <div class=\"featured-product\">\n                                                                    <div class=\"bg-dark color-white featured-product-inner\">\n                        <div class=\"image-container\">\n                            <img decoding=\"async\" width=\"2560\" height=\"2435\" src=\"https:\/\/miaft.com\/wp-content\/uploads\/2023\/12\/cuocitore-t250-tower.jpg\" class=\"img-fluid\" alt=\"\" loading=\"lazy\" srcset=\"https:\/\/miaft.com\/wp-content\/uploads\/2023\/12\/cuocitore-t250-tower.jpg 2560w, https:\/\/miaft.com\/wp-content\/uploads\/2023\/12\/cuocitore-t250-tower-1536x1461.jpg 1536w, https:\/\/miaft.com\/wp-content\/uploads\/2023\/12\/cuocitore-t250-tower-2048x1948.jpg 2048w, https:\/\/miaft.com\/wp-content\/uploads\/2023\/12\/cuocitore-t250-tower-150x143.jpg 150w, https:\/\/miaft.com\/wp-content\/uploads\/2023\/12\/cuocitore-t250-tower-575x547.jpg 575w, https:\/\/miaft.com\/wp-content\/uploads\/2023\/12\/cuocitore-t250-tower-767x730.jpg 767w, https:\/\/miaft.com\/wp-content\/uploads\/2023\/12\/cuocitore-t250-tower-991x943.jpg 991w, https:\/\/miaft.com\/wp-content\/uploads\/2023\/12\/cuocitore-t250-tower-1199x1140.jpg 1199w\" sizes=\"(max-width: 2560px) 100vw, 2560px\" \/>                        <\/div>\n                                                    <h6 class=\"mb-2 text-uppercase color-secondary\">\n                                Nougat                            <\/h6>\n                                                <h4 class=\"mb-0 color-white product-title\">\n                            Cuiseur\u00a0                        <\/h4>\n                                                    <p class=\"mt-3 mb-0\">pour nougat mou ou dur <\/p>\n                                                <div class=\"mt-4\">\n                            <div class=\"oi-block oi-block-layout-button\" ><a href=\"#contact-us\" title=\"\" class=\"btn btn-secondary-fill btn-type-default btn-medium\" >\n    Demande d\u2019informations    <\/a><\/div>                        <\/div>\n                    <\/div>\n                                                    <\/div>\n    <\/div>\n<\/div><\/div>\n\n    <div class=\"oi-block oi-block-layout-space\" style=\"--oi-block-space-xs:75px; --oi-block-space-sm:90px; --oi-block-space-md:90px; --oi-block-space-lg:120px; --oi-block-space-xl:120px; --oi-block-space-xxl:120px\"><\/div>\n\n<\/div>","protected":false},"excerpt":{"rendered":"<p>Le cuiseur pour nougat T250 TOWER avec chauffage \u00e9lectrique est con\u00e7u pour la production du nougat \u00e0 grande \u00e9chelle industrielle et repr\u00e9sente le haut de gamme des cuiseurs de la gamme MIA Food Tech. <\/p>\n","protected":false},"featured_media":27871,"parent":0,"menu_order":105,"template":"","meta":{"_seopress_robots_primary_cat":"","_seopress_titles_title":"","_seopress_titles_desc":"","_seopress_robots_index":"","is_energy_saving":false,"is_for_sale":false,"show_footer_widget":true,"show_related_products":true,"product_subtitle":"pour nougat mou ou dur ","product_code":"T250 TOWER","related_products_source":"custom","related_products_list":"[1099]","product_powered_by_title":"","product_powered_by_image":"{}","product_on_sale_label":"","product_on_sale_label_1":"","product_on_sale_label_2":"","product_on_sale_label_3":"","product_on_sale_label_4":"","product_on_sale_label_5":"","footnotes":""},"finished_product":[115],"machine":[118],"processing":[122],"class_list":["post-9630","product","type-product","status-publish","has-post-thumbnail","hentry","finished_product-nougat-fr","machine-machines-autonomes","processing-cuisson"],"_links":{"self":[{"href":"https:\/\/miaft.com\/fr\/wp-json\/wp\/v2\/product\/9630"}],"collection":[{"href":"https:\/\/miaft.com\/fr\/wp-json\/wp\/v2\/product"}],"about":[{"href":"https:\/\/miaft.com\/fr\/wp-json\/wp\/v2\/types\/product"}],"version-history":[{"count":2,"href":"https:\/\/miaft.com\/fr\/wp-json\/wp\/v2\/product\/9630\/revisions"}],"predecessor-version":[{"id":9809,"href":"https:\/\/miaft.com\/fr\/wp-json\/wp\/v2\/product\/9630\/revisions\/9809"}],"wp:featuredmedia":[{"embeddable":true,"href":"https:\/\/miaft.com\/fr\/wp-json\/wp\/v2\/media\/27871"}],"wp:attachment":[{"href":"https:\/\/miaft.com\/fr\/wp-json\/wp\/v2\/media?parent=9630"}],"wp:term":[{"taxonomy":"finished_product","embeddable":true,"href":"https:\/\/miaft.com\/fr\/wp-json\/wp\/v2\/finished_product?post=9630"},{"taxonomy":"machine","embeddable":true,"href":"https:\/\/miaft.com\/fr\/wp-json\/wp\/v2\/machine?post=9630"},{"taxonomy":"processing","embeddable":true,"href":"https:\/\/miaft.com\/fr\/wp-json\/wp\/v2\/processing?post=9630"}],"curies":[{"name":"wp","href":"https:\/\/api.w.org\/{rel}","templated":true}]}}