{"id":9624,"date":"2024-01-12T16:56:18","date_gmt":"2024-01-12T15:56:18","guid":{"rendered":"https:\/\/miaft.com\/product\/cuocitore-t75-1es\/"},"modified":"2025-06-24T21:46:04","modified_gmt":"2025-06-24T19:46:04","slug":"cuocitore-t75-1es","status":"publish","type":"product","link":"https:\/\/miaft.com\/fr\/product\/cuocitore-t75-1es\/","title":{"rendered":"Cuiseur\u00a0"},"content":{"rendered":"\n<div class=\"wp-block-group has-light-background-color has-background is-layout-flow wp-block-group-is-layout-flow\"><div class=\"oi-block oi-block-layout-container container\" style=\"\"  >\n    <div class=\"oi-block oi-block-layout-space\" style=\"--oi-block-space-xs:75px; --oi-block-space-sm:90px; --oi-block-space-md:90px; --oi-block-space-lg:120px; --oi-block-space-xl:120px; --oi-block-space-xxl:120px\"><\/div>\n\n\n\n<h3 class=\"wp-block-heading has-primary-color has-text-color has-link-color wp-elements-803b47f0e8ad11ad42847e6dedc46681\"><strong>Caract\u00e9ristiques techniques<\/strong><\/h3>\n\n\n    <div class=\"oi-block oi-block-layout-space\" style=\"--oi-block-space-xs:30px; --oi-block-space-sm:30px; --oi-block-space-md:30px; --oi-block-space-lg:30px; --oi-block-space-xl:30px; --oi-block-space-xxl:30px\"><\/div>\n\n\n    <div class=\"oi-block oi-block-layout-row row  row-vertical-gap\">\n        \n<div class=\"oi-block oi-block-layout-row-column col-12 col-sm-12 col-md-12 col-lg-6 col-xl-4 col-xxl-4\" style=\"\" >\n\n<h5 class=\"wp-block-heading has-primary-color has-text-color has-link-color wp-elements-8b260deb368b383b559ddfbdee6c6cad\" style=\"text-transform:uppercase\"><strong>CAPACIT\u00c9 DE PRODUCTION<\/strong><\/h5>\n\n\n    <div class=\"oi-block oi-block-layout-space\" style=\"--oi-block-space-xs:20px; --oi-block-space-sm:20px; --oi-block-space-md:20px; --oi-block-space-lg:20px; --oi-block-space-xl:20px; --oi-block-space-xxl:20px\"><\/div>\n\n\n\n<p>70-90 kg\/lot selon la recette et le pourcentage de fruits secs utilis\u00e9.<\/p>\n\n<\/div>\n\n<div class=\"oi-block oi-block-layout-row-column col-12 col-sm-12 col-md-12 col-lg-6 col-xl-4 col-xxl-4\" style=\"\" >\n\n<h5 class=\"wp-block-heading has-primary-color has-text-color has-link-color wp-elements-898391467207740ae522e809cce3d410\" style=\"text-transform:uppercase\"><strong>CONSOMMATION<\/strong><\/h5>\n\n\n    <div class=\"oi-block oi-block-layout-space\" style=\"--oi-block-space-xs:20px; --oi-block-space-sm:20px; --oi-block-space-md:20px; --oi-block-space-lg:20px; --oi-block-space-xl:20px; --oi-block-space-xxl:20px\"><\/div>\n\n\n\n<p>19 kW - Triphas\u00e9 400 V - 50 Hz (version standard)<\/p>\n\n<\/div>\n\n<div class=\"oi-block oi-block-layout-row-column col-12 col-sm-12 col-md-12 col-lg-6 col-xl-4 col-xxl-4\" style=\"\" >\n\n<h5 class=\"wp-block-heading has-primary-color has-text-color has-link-color wp-elements-a26595df2891d80d567cbf2989374f8c\" style=\"text-transform:uppercase\"><strong>ENCOMBREMENT<\/strong><\/h5>\n\n\n    <div class=\"oi-block oi-block-layout-space\" style=\"--oi-block-space-xs:20px; --oi-block-space-sm:20px; --oi-block-space-md:20px; --oi-block-space-lg:20px; --oi-block-space-xl:20px; --oi-block-space-xxl:20px\"><\/div>\n\n\n\n<p>1000 x 1300 x H = 2000 mm. Poids: 1100 kg<\/p>\n\n<\/div>\n    <\/div>\n\n\n    <div class=\"oi-block oi-block-layout-space\" style=\"--oi-block-space-xs:75px; --oi-block-space-sm:90px; --oi-block-space-md:90px; --oi-block-space-lg:120px; --oi-block-space-xl:120px; --oi-block-space-xxl:120px\"><\/div>\n\n<\/div><\/div>\n\n\n<div class=\"oi-block oi-block-layout-container container\" style=\"\"  >\n    <div class=\"oi-block oi-block-layout-space\" style=\"--oi-block-space-xs:75px; --oi-block-space-sm:90px; --oi-block-space-md:90px; --oi-block-space-lg:120px; --oi-block-space-xl:120px; --oi-block-space-xxl:120px\"><\/div>\n\n\n<div class=\"oi-block oi-block-product-content\" >\n<div class=\"row justify-content-between\">\n    <div class=\"col-12 col-md-6 col-lg-5\">\n        \n\n<h3 class=\"wp-block-heading has-primary-color has-text-color has-link-color wp-elements-aece426dbce239c284e5392bc2603e47\"><strong>Cuiseur T75-1ES<\/strong><\/h3>\n\n\n    <div class=\"oi-block oi-block-layout-space\" style=\"--oi-block-space-xs:30px; --oi-block-space-sm:30px; --oi-block-space-md:30px; --oi-block-space-lg:30px; --oi-block-space-xl:30px; --oi-block-space-xxl:30px\"><\/div>\n\n\n\n<p>Le cuiseur T75-1ES est une machine con\u00e7ue pour la production de nougat avec chauffage \u00e9lectrique, facile \u00e0 utiliser, simple \u00e0 g\u00e9rer, adapt\u00e9e aux laboratoires et aux grandes industries.<\/p>\n\n\n\n<p>Il est con\u00e7u pour une production continue de nougat sur 3 postes de travail.<\/p>\n\n\n\n<p>Principales caract\u00e9ristiques du cuiseur:<\/p>\n\n\n\n<ul class=\"wp-block-list\">\n<li>Capacit\u00e9 de production de 70-90 kg\/lot en fonction de la recette et du pourcentage de fruits secs utilis\u00e9.<\/li>\n\n\n\n<li>Cuve de cuisson d\u2019une capacit\u00e9 de 150 litres d'eau.<\/li>\n\n\n\n<li>Le syst\u00e8me de chauffage est \u00e9quip\u00e9 de r\u00e9sistances \u00e9lectriques blind\u00e9es immerg\u00e9es en bain d'huile diathermique avec cuve \u00e0 double paroi pour la cuisson au \u00ab bain-marie \u00bb.<\/li>\n\n\n\n<li>Temp\u00e9rature de fonctionnement r\u00e9glable jusqu'\u00e0 125 \u00b0C.<\/li>\n\n\n\n<li>Vitesse de rotation du bras de malaxage r\u00e9glable sur une plage de 10 \u00e0 100 tr\/min pour adapter la machine aux diff\u00e9rentes recettes.<\/li>\n\n\n\n<li>Levage hydraulique de la t\u00eate pour d\u00e9charger le produit plus facilement et plus rapidement.<\/li>\n\n\n\n<li>Moteur \u00e9lectrique pour la rotation du bras malaxeur de 5,5 kW triphas\u00e9 avec ventilation forc\u00e9e.<\/li>\n\n\n\n<li>Cuve, bras m\u00e9langeur, ch\u00e2ssis et protections de s\u00e9curit\u00e9 en acier inoxydable AISI 304.<\/li>\n\n\n\n<li>T\u00eate de la machine en fer peint (acier inoxydable sur demande).<\/li>\n\n\n\n<li>Tableau \u00e9lectrique int\u00e9gr\u00e9 avec composants \u00e9lectrom\u00e9caniques Schneider Electric et onduleur Omron.<\/li>\n<\/ul>\n\n    <\/div>\n    <div class=\"col-5 col-lg-4 d-none d-md-block\">\n        <div class=\"featured-product\">\n                                                                    <div class=\"bg-dark color-white featured-product-inner\">\n                        <div class=\"image-container\">\n                            <img decoding=\"async\" width=\"1553\" height=\"2560\" src=\"https:\/\/miaft.com\/wp-content\/uploads\/2024\/01\/cuocitore-t75-1es.jpg\" class=\"img-fluid\" alt=\"\" loading=\"lazy\" srcset=\"https:\/\/miaft.com\/wp-content\/uploads\/2024\/01\/cuocitore-t75-1es.jpg 1553w, https:\/\/miaft.com\/wp-content\/uploads\/2024\/01\/cuocitore-t75-1es-932x1536.jpg 932w, https:\/\/miaft.com\/wp-content\/uploads\/2024\/01\/cuocitore-t75-1es-1242x2048.jpg 1242w, https:\/\/miaft.com\/wp-content\/uploads\/2024\/01\/cuocitore-t75-1es-150x247.jpg 150w, https:\/\/miaft.com\/wp-content\/uploads\/2024\/01\/cuocitore-t75-1es-575x948.jpg 575w, https:\/\/miaft.com\/wp-content\/uploads\/2024\/01\/cuocitore-t75-1es-767x1264.jpg 767w, https:\/\/miaft.com\/wp-content\/uploads\/2024\/01\/cuocitore-t75-1es-991x1634.jpg 991w, https:\/\/miaft.com\/wp-content\/uploads\/2024\/01\/cuocitore-t75-1es-1199x1976.jpg 1199w\" sizes=\"(max-width: 1553px) 100vw, 1553px\" \/>                        <\/div>\n                                                    <h6 class=\"mb-2 text-uppercase color-secondary\">\n                                Nougat                            <\/h6>\n                                                <h4 class=\"mb-0 color-white product-title\">\n                            Cuiseur\u00a0                        <\/h4>\n                                                    <p class=\"mt-3 mb-0\">pour nougat mou ou dur <\/p>\n                                                <div class=\"mt-4\">\n                            <div class=\"oi-block oi-block-layout-button\" ><a href=\"#contact-us\" title=\"\" class=\"btn btn-secondary-fill btn-type-default btn-medium\" >\n    Demande d\u2019informations    <\/a><\/div>                        <\/div>\n                    <\/div>\n                                                    <\/div>\n    <\/div>\n<\/div><\/div>\n\n    <div class=\"oi-block oi-block-layout-space\" style=\"--oi-block-space-xs:75px; --oi-block-space-sm:90px; --oi-block-space-md:90px; --oi-block-space-lg:120px; --oi-block-space-xl:120px; --oi-block-space-xxl:120px\"><\/div>\n\n<\/div>","protected":false},"excerpt":{"rendered":"<p>Le cuiseur T75-1ES est une machine con\u00e7ue pour la production de nougat avec chauffage \u00e9lectrique, facile \u00e0 utiliser, simple \u00e0 g\u00e9rer, adapt\u00e9e aux laboratoires et aux grandes industries.<\/p>\n","protected":false},"featured_media":27821,"parent":0,"menu_order":93,"template":"","meta":{"_seopress_robots_primary_cat":"none","_seopress_titles_title":"","_seopress_titles_desc":"","_seopress_robots_index":"","is_energy_saving":false,"is_for_sale":false,"show_footer_widget":true,"show_related_products":true,"product_subtitle":"pour nougat mou ou dur ","product_code":"T75-1ES","related_products_source":"custom","related_products_list":"[1337,10644,9754,9757,9760]","product_powered_by_title":"","product_powered_by_image":"{}","product_on_sale_label":"","product_on_sale_label_1":"","product_on_sale_label_2":"","product_on_sale_label_3":"","product_on_sale_label_4":"","product_on_sale_label_5":"","footnotes":""},"finished_product":[115],"machine":[118],"processing":[122],"class_list":["post-9624","product","type-product","status-publish","has-post-thumbnail","hentry","finished_product-nougat-fr","machine-machines-autonomes","processing-cuisson"],"_links":{"self":[{"href":"https:\/\/miaft.com\/fr\/wp-json\/wp\/v2\/product\/9624"}],"collection":[{"href":"https:\/\/miaft.com\/fr\/wp-json\/wp\/v2\/product"}],"about":[{"href":"https:\/\/miaft.com\/fr\/wp-json\/wp\/v2\/types\/product"}],"version-history":[{"count":2,"href":"https:\/\/miaft.com\/fr\/wp-json\/wp\/v2\/product\/9624\/revisions"}],"predecessor-version":[{"id":9806,"href":"https:\/\/miaft.com\/fr\/wp-json\/wp\/v2\/product\/9624\/revisions\/9806"}],"wp:featuredmedia":[{"embeddable":true,"href":"https:\/\/miaft.com\/fr\/wp-json\/wp\/v2\/media\/27821"}],"wp:attachment":[{"href":"https:\/\/miaft.com\/fr\/wp-json\/wp\/v2\/media?parent=9624"}],"wp:term":[{"taxonomy":"finished_product","embeddable":true,"href":"https:\/\/miaft.com\/fr\/wp-json\/wp\/v2\/finished_product?post=9624"},{"taxonomy":"machine","embeddable":true,"href":"https:\/\/miaft.com\/fr\/wp-json\/wp\/v2\/machine?post=9624"},{"taxonomy":"processing","embeddable":true,"href":"https:\/\/miaft.com\/fr\/wp-json\/wp\/v2\/processing?post=9624"}],"curies":[{"name":"wp","href":"https:\/\/api.w.org\/{rel}","templated":true}]}}