{"id":9614,"date":"2023-12-27T14:21:15","date_gmt":"2023-12-27T13:21:15","guid":{"rendered":"https:\/\/miaft.com\/product\/cuocitore-t15\/"},"modified":"2025-06-24T17:33:37","modified_gmt":"2025-06-24T15:33:37","slug":"cuocitore-t15","status":"publish","type":"product","link":"https:\/\/miaft.com\/fr\/product\/cuocitore-t15\/","title":{"rendered":"Cuiseur"},"content":{"rendered":"\n<div class=\"wp-block-group has-light-background-color has-background is-layout-flow wp-block-group-is-layout-flow\"><div class=\"oi-block oi-block-layout-container container\" style=\"\"  >\n    <div class=\"oi-block oi-block-layout-space\" style=\"--oi-block-space-xs:75px; --oi-block-space-sm:90px; --oi-block-space-md:90px; --oi-block-space-lg:120px; --oi-block-space-xl:120px; --oi-block-space-xxl:120px\"><\/div>\n\n\n\n<h3 class=\"wp-block-heading has-primary-color has-text-color has-link-color wp-elements-803b47f0e8ad11ad42847e6dedc46681\"><strong>Caract\u00e9ristiques techniques<\/strong><\/h3>\n\n\n    <div class=\"oi-block oi-block-layout-space\" style=\"--oi-block-space-xs:30px; --oi-block-space-sm:30px; --oi-block-space-md:30px; --oi-block-space-lg:30px; --oi-block-space-xl:30px; --oi-block-space-xxl:30px\"><\/div>\n\n\n    <div class=\"oi-block oi-block-layout-row row  row-vertical-gap\">\n        \n<div class=\"oi-block oi-block-layout-row-column col-12 col-sm-12 col-md-12 col-lg-4 col-xl-4 col-xxl-4\" style=\"\" >\n\n<h5 class=\"wp-block-heading has-primary-color has-text-color has-link-color wp-elements-8b260deb368b383b559ddfbdee6c6cad\" style=\"text-transform:uppercase\"><strong>CAPACIT\u00c9 DE PRODUCTION<\/strong><\/h5>\n\n\n    <div class=\"oi-block oi-block-layout-space\" style=\"--oi-block-space-xs:20px; --oi-block-space-sm:20px; --oi-block-space-md:20px; --oi-block-space-lg:20px; --oi-block-space-xl:20px; --oi-block-space-xxl:20px\"><\/div>\n\n\n\n<p>Convient \u00e9galement pour la cuisson de petites quantit\u00e9s de cr\u00e8mes ou de confitures (10 \u2013 16 kg de produit).<\/p>\n\n<\/div>\n\n<div class=\"oi-block oi-block-layout-row-column col-12 col-sm-12 col-md-12 col-lg-4 col-xl-4 col-xxl-4\" style=\"\" >\n\n<h5 class=\"wp-block-heading has-primary-color has-text-color has-link-color wp-elements-a26595df2891d80d567cbf2989374f8c\" style=\"text-transform:uppercase\"><strong>ENCOMBREMENT<\/strong><\/h5>\n\n\n    <div class=\"oi-block oi-block-layout-space\" style=\"--oi-block-space-xs:20px; --oi-block-space-sm:20px; --oi-block-space-md:20px; --oi-block-space-lg:20px; --oi-block-space-xl:20px; --oi-block-space-xxl:20px\"><\/div>\n\n\n\n<p>Longueur. 1000 mm, Largeur. 600 mm, Hauteur. 1300 mm, Poids. 300 kg<\/p>\n\n<\/div>\n\n<div class=\"oi-block oi-block-layout-row-column col-12 col-sm-12 col-md-12 col-lg-4 col-xl-4 col-xxl-4\" style=\"\" >\n\n<h5 class=\"wp-block-heading has-primary-color has-text-color has-link-color wp-elements-898391467207740ae522e809cce3d410\" style=\"text-transform:uppercase\"><strong>CONSOMMATION<\/strong><\/h5>\n\n\n    <div class=\"oi-block oi-block-layout-space\" style=\"--oi-block-space-xs:20px; --oi-block-space-sm:20px; --oi-block-space-md:20px; --oi-block-space-lg:20px; --oi-block-space-xl:20px; --oi-block-space-xxl:20px\"><\/div>\n\n\n\n<p>5 kW triphas\u00e9 400 V 50Hz (possibilit\u00e9 de commander une machine fonctionnant \u00e0 une tension diff\u00e9rente).<\/p>\n\n<\/div>\n    <\/div>\n\n\n    <div class=\"oi-block oi-block-layout-space\" style=\"--oi-block-space-xs:75px; --oi-block-space-sm:90px; --oi-block-space-md:90px; --oi-block-space-lg:120px; --oi-block-space-xl:120px; --oi-block-space-xxl:120px\"><\/div>\n\n<\/div><\/div>\n\n\n<div class=\"oi-block oi-block-layout-container container\" style=\"\"  >\n    <div class=\"oi-block oi-block-layout-space\" style=\"--oi-block-space-xs:75px; --oi-block-space-sm:90px; --oi-block-space-md:90px; --oi-block-space-lg:120px; --oi-block-space-xl:120px; --oi-block-space-xxl:120px\"><\/div>\n\n\n<div class=\"oi-block oi-block-product-content\" >\n<div class=\"row justify-content-between\">\n    <div class=\"col-12 col-md-6 col-lg-5\">\n        \n\n<h3 class=\"wp-block-heading has-primary-color has-text-color has-link-color wp-elements-e5ed77aedd2be92871e9390ca02779e9\"><strong>Cuiseur T15<\/strong><\/h3>\n\n\n    <div class=\"oi-block oi-block-layout-space\" style=\"--oi-block-space-xs:30px; --oi-block-space-sm:30px; --oi-block-space-md:30px; --oi-block-space-lg:30px; --oi-block-space-xl:30px; --oi-block-space-xxl:30px\"><\/div>\n\n\n\n<p>Avec le Cuiseur T15, vous augmentez votre productivit\u00e9 tout en \u00e9conomisant de l'\u00e9nergie.<\/p>\n\n\n\n<p>Transformez votre production manuelle en un v\u00e9ritable laboratoire de p\u00e2tisserie avec des r\u00e9sultats de haute qualit\u00e9. Augmentez votre client\u00e8le et d\u00e9veloppez vos affaires.<\/p>\n\n\n\n<p>Le cuiseur permet de pr\u00e9parer des nougats mous ou durs dans de petits espaces et peut \u00eatre utilis\u00e9 lors de d\u00e9monstrations publiques pour accro\u00eetre votre notori\u00e9t\u00e9 et votre rentabilit\u00e9.<\/p>\n\n\n\n<p>Convient \u00e9galement pour la cuisson de petites quantit\u00e9s de cr\u00e8mes ou de confitures (10 \u2013 16 kg de produit).<\/p>\n\n\n\n<p>Turbine avec capacit\u00e9 de 30 litres d'eau.<\/p>\n\n\n\n<p>Longueur. 1000 mm, Largeur. 600 mm, Hauteur. 1300 mm, Poids. 300 kg<\/p>\n\n\n    <div class=\"oi-block oi-block-layout-space\" style=\"--oi-block-space-xs:30px; --oi-block-space-sm:50px; --oi-block-space-md:50px; --oi-block-space-lg:50px; --oi-block-space-xl:50px; --oi-block-space-xxl:50px\"><\/div>\n\n\n\n<figure class=\"wp-block-embed is-type-video is-provider-youtube wp-block-embed-youtube wp-embed-aspect-16-9 wp-has-aspect-ratio\"><div class=\"wp-block-embed__wrapper\">\n<iframe loading=\"lazy\" title=\"MIA FOOD TECH -  NOUGAT COOKER T15 \/ CUOCITORE TORRONE T15\" width=\"500\" height=\"281\" src=\"https:\/\/www.youtube.com\/embed\/huTovD3HQS4?feature=oembed\" frameborder=\"0\" allow=\"accelerometer; autoplay; clipboard-write; encrypted-media; gyroscope; picture-in-picture; web-share\" referrerpolicy=\"strict-origin-when-cross-origin\" allowfullscreen><\/iframe>\n<\/div><\/figure>\n\n    <\/div>\n    <div class=\"col-5 col-lg-4 d-none d-md-block\">\n        <div class=\"featured-product\">\n                                                                    <div class=\"bg-dark color-white featured-product-inner\">\n                        <div class=\"image-container\">\n                            <img decoding=\"async\" width=\"1656\" height=\"2500\" src=\"https:\/\/miaft.com\/wp-content\/uploads\/2023\/12\/cuocitore-t15-vintage-t15-inox.jpg\" class=\"img-fluid\" alt=\"\" loading=\"lazy\" srcset=\"https:\/\/miaft.com\/wp-content\/uploads\/2023\/12\/cuocitore-t15-vintage-t15-inox.jpg 1656w, https:\/\/miaft.com\/wp-content\/uploads\/2023\/12\/cuocitore-t15-vintage-t15-inox-1017x1536.jpg 1017w, https:\/\/miaft.com\/wp-content\/uploads\/2023\/12\/cuocitore-t15-vintage-t15-inox-1357x2048.jpg 1357w, https:\/\/miaft.com\/wp-content\/uploads\/2023\/12\/cuocitore-t15-vintage-t15-inox-150x226.jpg 150w, https:\/\/miaft.com\/wp-content\/uploads\/2023\/12\/cuocitore-t15-vintage-t15-inox-575x868.jpg 575w, https:\/\/miaft.com\/wp-content\/uploads\/2023\/12\/cuocitore-t15-vintage-t15-inox-767x1158.jpg 767w, https:\/\/miaft.com\/wp-content\/uploads\/2023\/12\/cuocitore-t15-vintage-t15-inox-991x1496.jpg 991w, https:\/\/miaft.com\/wp-content\/uploads\/2023\/12\/cuocitore-t15-vintage-t15-inox-1199x1810.jpg 1199w\" sizes=\"(max-width: 1656px) 100vw, 1656px\" \/>                        <\/div>\n                                                    <h6 class=\"mb-2 text-uppercase color-secondary\">\n                                Nougat                            <\/h6>\n                                                <h4 class=\"mb-0 color-white product-title\">\n                            Cuiseur                        <\/h4>\n                                                    <p class=\"mt-3 mb-0\">pour nougat mou ou dur <\/p>\n                                                <div class=\"mt-4\">\n                            <div class=\"oi-block oi-block-layout-button\" ><a href=\"#contact-us\" title=\"\" class=\"btn btn-secondary-fill btn-type-default btn-medium\" >\n    Demande d\u2019informations    <\/a><\/div>                        <\/div>\n                    <\/div>\n                                                    <\/div>\n    <\/div>\n<\/div><\/div>\n\n    <div class=\"oi-block oi-block-layout-space\" style=\"--oi-block-space-xs:75px; --oi-block-space-sm:90px; --oi-block-space-md:90px; --oi-block-space-lg:120px; --oi-block-space-xl:120px; --oi-block-space-xxl:120px\"><\/div>\n\n<\/div>","protected":false},"excerpt":{"rendered":"<p>Le cuiseur permet de pr\u00e9parer des nougats mous ou durs dans de petits espaces et peut \u00eatre utilis\u00e9 lors de d\u00e9monstrations publiques pour accro\u00eetre votre notori\u00e9t\u00e9 et votre rentabilit\u00e9. <\/p>\n","protected":false},"featured_media":27796,"parent":0,"menu_order":82,"template":"","meta":{"_seopress_robots_primary_cat":"none","_seopress_titles_title":"","_seopress_titles_desc":"","_seopress_robots_index":"","is_energy_saving":true,"is_for_sale":false,"show_footer_widget":true,"show_related_products":true,"product_subtitle":"pour nougat mou ou dur ","product_code":"T15 VINTAGE - T15 INOX","related_products_source":"custom","related_products_list":"[1354,1362,9760,9757,9754]","product_powered_by_title":"","product_powered_by_image":"{}","product_on_sale_label":"","product_on_sale_label_1":"","product_on_sale_label_2":"","product_on_sale_label_3":"","product_on_sale_label_4":"","product_on_sale_label_5":"","footnotes":""},"finished_product":[115],"machine":[118],"processing":[122],"class_list":["post-9614","product","type-product","status-publish","has-post-thumbnail","hentry","finished_product-nougat-fr","machine-machines-autonomes","processing-cuisson"],"_links":{"self":[{"href":"https:\/\/miaft.com\/fr\/wp-json\/wp\/v2\/product\/9614"}],"collection":[{"href":"https:\/\/miaft.com\/fr\/wp-json\/wp\/v2\/product"}],"about":[{"href":"https:\/\/miaft.com\/fr\/wp-json\/wp\/v2\/types\/product"}],"version-history":[{"count":2,"href":"https:\/\/miaft.com\/fr\/wp-json\/wp\/v2\/product\/9614\/revisions"}],"predecessor-version":[{"id":23592,"href":"https:\/\/miaft.com\/fr\/wp-json\/wp\/v2\/product\/9614\/revisions\/23592"}],"wp:featuredmedia":[{"embeddable":true,"href":"https:\/\/miaft.com\/fr\/wp-json\/wp\/v2\/media\/27796"}],"wp:attachment":[{"href":"https:\/\/miaft.com\/fr\/wp-json\/wp\/v2\/media?parent=9614"}],"wp:term":[{"taxonomy":"finished_product","embeddable":true,"href":"https:\/\/miaft.com\/fr\/wp-json\/wp\/v2\/finished_product?post=9614"},{"taxonomy":"machine","embeddable":true,"href":"https:\/\/miaft.com\/fr\/wp-json\/wp\/v2\/machine?post=9614"},{"taxonomy":"processing","embeddable":true,"href":"https:\/\/miaft.com\/fr\/wp-json\/wp\/v2\/processing?post=9614"}],"curies":[{"name":"wp","href":"https:\/\/api.w.org\/{rel}","templated":true}]}}