{"id":9611,"date":"2024-09-08T14:08:32","date_gmt":"2024-09-08T12:08:32","guid":{"rendered":"https:\/\/miaft.com\/product\/cuocitore-ad-alte-temperature-c1-c2-c3-auto\/"},"modified":"2026-01-16T12:28:48","modified_gmt":"2026-01-16T11:28:48","slug":"cuocitore-ad-alte-temperature-c1-c2-c3-auto","status":"publish","type":"product","link":"https:\/\/miaft.com\/fr\/product\/cuocitore-ad-alte-temperature-c1-c2-c3-auto\/","title":{"rendered":"Cuiseur \u00e0 haute temp\u00e9rature\u00a0"},"content":{"rendered":"\n<div class=\"wp-block-group has-light-background-color has-background is-layout-flow wp-block-group-is-layout-flow\"><div class=\"oi-block oi-block-layout-container container\" style=\"\"  >\n    <div class=\"oi-block oi-block-layout-space\" style=\"--oi-block-space-xs:75px; --oi-block-space-sm:90px; --oi-block-space-md:90px; --oi-block-space-lg:120px; --oi-block-space-xl:120px; --oi-block-space-xxl:120px\"><\/div>\n\n\n    <div class=\"oi-block oi-block-layout-row row  row-vertical-gap\">\n        \n<div class=\"oi-block oi-block-layout-row-column col-12 col-sm-12 col-md-12 col-lg-6 col-xl-5 col-xxl-5\" style=\"\" >\n\n<h3 class=\"wp-block-heading has-primary-color has-text-color has-link-color wp-elements-099ab7a8929c7c8e7057c3e5d4a578f6\"><strong>Caract\u00e9ristiques<\/strong><\/h3>\n\n\n    <div class=\"oi-block oi-block-layout-space\" style=\"--oi-block-space-xs:30px; --oi-block-space-sm:30px; --oi-block-space-md:30px; --oi-block-space-lg:30px; --oi-block-space-xl:30px; --oi-block-space-xxl:30px\"><\/div>\n\n\n\n<ul class=\"wp-block-list\">\n<li>Machine enti\u00e8rement r\u00e9alis\u00e9e en <strong>acier inoxydable AISI 304<\/strong>.<\/li>\n\n\n\n<li>Construction enti\u00e8rement en acier inoxydable pour un nettoyage en profondeur et une durabilit\u00e9.<\/li>\n\n\n\n<li><strong>Levage <\/strong>de la t\u00eate<strong> et basculement <\/strong>de la cuve automatiques.<\/li>\n\n\n\n<li><strong>Malaxage et cuisson <\/strong>de diff\u00e9rents types de p\u00e2tes pour la nougatine ou des barres.<\/li>\n\n\n\n<li><strong>Capacit\u00e9 <\/strong>de la cuve<strong> de 30 <\/strong>\u00e0 <strong>90 <\/strong>litres selon le mod\u00e8le.<\/li>\n<\/ul>\n\n<\/div>\n\n<div class=\"oi-block oi-block-layout-row-column col-0 col-sm-0 col-md-0 col-lg-0 col-xl-1 col-xxl-1 d-none d-sm-none d-md-none d-lg-none d-xl-block d-xxl-block\" style=\"\" ><\/div>\n\n<div class=\"oi-block oi-block-layout-row-column col-12 col-sm-12 col-md-12 col-lg-6 col-xl-5 col-xxl-5\" style=\"\" >\n\n<h3 class=\"wp-block-heading has-primary-color has-text-color has-link-color wp-elements-803b47f0e8ad11ad42847e6dedc46681\"><strong>Caract\u00e9ristiques techniques<\/strong><\/h3>\n\n\n    <div class=\"oi-block oi-block-layout-space\" style=\"--oi-block-space-xs:30px; --oi-block-space-sm:30px; --oi-block-space-md:30px; --oi-block-space-lg:30px; --oi-block-space-xl:30px; --oi-block-space-xxl:30px\"><\/div>\n\n\n\n<ul class=\"wp-block-list\">\n<li><strong>Bras de malaxage plan\u00e9taire <\/strong>et \u00e0 pale centrale avec r\u00e9glage de la vitesse.<\/li>\n\n\n\n<li><strong>Chauffage \u00e9lectrique <\/strong>de type \u00ab bain-marie \u00bb avec une temp\u00e9rature jusqu'\u00e0 230 \u00b0C.<\/li>\n\n\n\n<li>Possibilit\u00e9 de pr\u00e9paration pour \u00ab <strong>Loi 4.0<\/strong> \u00bb.<\/li>\n\n\n\n<li>Possibilit\u00e9 de <strong>connexion Ethernet<\/strong> et \u00e0 distance.<\/li>\n<\/ul>\n\n<\/div>\n    <\/div>\n\n\n    <div class=\"oi-block oi-block-layout-space\" style=\"--oi-block-space-xs:75px; --oi-block-space-sm:90px; --oi-block-space-md:90px; --oi-block-space-lg:120px; --oi-block-space-xl:120px; --oi-block-space-xxl:120px\"><\/div>\n\n<\/div><\/div>\n\n\n<div class=\"oi-block oi-block-layout-container container\" style=\"\"  >\n    <div class=\"oi-block oi-block-layout-space\" style=\"--oi-block-space-xs:75px; --oi-block-space-sm:90px; --oi-block-space-md:90px; --oi-block-space-lg:120px; --oi-block-space-xl:120px; --oi-block-space-xxl:120px\"><\/div>\n\n\n<div class=\"oi-block oi-block-product-content\" >\n<div class=\"row justify-content-between\">\n    <div class=\"col-12 col-md-6 col-lg-5\">\n        \n\n<h3 class=\"wp-block-heading has-primary-color has-text-color has-link-color wp-elements-8bbde4573833714a2fd47c072222effe\"><strong>Cuiseur \u00e0 haute temp\u00e9rature<\/strong><\/h3>\n\n\n    <div class=\"oi-block oi-block-layout-space\" style=\"--oi-block-space-xs:30px; --oi-block-space-sm:30px; --oi-block-space-md:30px; --oi-block-space-lg:30px; --oi-block-space-xl:30px; --oi-block-space-xxl:30px\"><\/div>\n\n\n\n<p>Les cuiseurs pour barres \/ nougatine produits par MIA Food Tech sont con\u00e7us pour la cuisson de p\u00e2tes et peuvent atteindre une temp\u00e9rature \u00e9lev\u00e9e (jusqu'\u00e0 230 \u00b0C), mais ils peuvent \u00e9galement fonctionner \u00e0 temp\u00e9rature ambiante.<\/p>\n\n\n    <div class=\"oi-block oi-block-layout-space\" style=\"--oi-block-space-xs:30px; --oi-block-space-sm:30px; --oi-block-space-md:30px; --oi-block-space-lg:30px; --oi-block-space-xl:30px; --oi-block-space-xxl:30px\"><\/div>\n\n\n\n<h3 class=\"wp-block-heading has-primary-color has-text-color has-link-color wp-elements-6400516ad0be1eeab157c627b68d9318\"><strong>Caract\u00e9ristiques du cuiseur<\/strong><\/h3>\n\n\n    <div class=\"oi-block oi-block-layout-space\" style=\"--oi-block-space-xs:30px; --oi-block-space-sm:30px; --oi-block-space-md:30px; --oi-block-space-lg:30px; --oi-block-space-xl:30px; --oi-block-space-xxl:30px\"><\/div>\n\n\n\n<p>Ces machines sont \u00e9quip\u00e9es d'un <strong>chauffage \u00e9lectrique <\/strong>dont les r\u00e9sistances sont immerg\u00e9es dans de l'huile diathermique \u00e0 l\u2019int\u00e9rieur d\u2019un <strong>r\u00e9servoir chemis\u00e9<\/strong> pour une cuisson au \u00ab bain-marie&nbsp;\u00bb.<\/p>\n\n\n\n<p>La t\u00eate de la machine <strong>se soul\u00e8ve automatiquement<\/strong> pour permettre la <strong>rotation<\/strong> de la cuve de cuisson.<\/p>\n\n\n\n<p>La cuve de cuisson <strong>bascule automatiquement <\/strong>pour un d\u00e9chargement facile et s\u00e9curis\u00e9 du produit.<\/p>\n\n\n\n<p><strong>Malaxeurs <\/strong>\u00e0 double pale avec syst\u00e8me plan\u00e9taire et vitesse de rotation r\u00e9glable de 10 \u00e0 30 tours\/minute.<\/p>\n\n\n\n<p>Le ch\u00e2ssis, les protections de s\u00e9curit\u00e9 et tous les composants de la machine sont en <strong>acier inoxydable AISI 304<\/strong> pour am\u00e9liorer le nettoyage, la d\u00e9sinfection et la durabilit\u00e9.<\/p>\n\n\n\n<p>La machine est \u00e9quip\u00e9e d'un syst\u00e8me informatis\u00e9 qui permet de r\u00e9gler la temp\u00e9rature, de programmer le chauffage et de r\u00e9gler une minuterie de cuisson.<\/p>\n\n\n    <div class=\"oi-block oi-block-layout-space\" style=\"--oi-block-space-xs:30px; --oi-block-space-sm:30px; --oi-block-space-md:30px; --oi-block-space-lg:30px; --oi-block-space-xl:30px; --oi-block-space-xxl:30px\"><\/div>\n\n\n\n<h3 class=\"wp-block-heading has-primary-color has-text-color has-link-color wp-elements-261adf5113f178ab5e935421df901fc4\"><strong>Utilisation du cuiseur<\/strong><\/h3>\n\n\n    <div class=\"oi-block oi-block-layout-space\" style=\"--oi-block-space-xs:30px; --oi-block-space-sm:30px; --oi-block-space-md:30px; --oi-block-space-lg:30px; --oi-block-space-xl:30px; --oi-block-space-xxl:30px\"><\/div>\n\n\n\n<p>La machine est port\u00e9e \u00e0 temp\u00e9rature par une <strong>s\u00e9lection informatis\u00e9e<\/strong> avec un temps d'attente d'environ <strong>30 minutes<\/strong>, ou bien avec une programmation automatique dot\u00e9e d'un <strong>cycle jour\/nuit<\/strong>.<strong><\/strong><\/p>\n\n\n\n<p>Une fois que la temp\u00e9rature souhait\u00e9e est atteinte, le<strong> liant <\/strong>est vers\u00e9 dans la cuve et o\u00f9 il chauff\u00e9 jusqu'\u00e0 ce que la temp\u00e9rature soit atteinte.&nbsp;\u00c0 ce stade, la <strong>partie solide <\/strong>est ajout\u00e9e: c'est \u00e0 partir de ce moment que le <strong>temps de cuisson,<\/strong> r\u00e9glable de 5 \u00e0 15 minutes selon le produit d\u00e9sir\u00e9, est calcul\u00e9.<\/p>\n\n\n\n<p>Pour suivre le processus, il est possible de programmer une <strong>minuterie<\/strong> qui avertit par un <strong>signal sonore et lumineux<\/strong> lorsque la cuisson est termin\u00e9e.<\/p>\n\n\n\n<p>Le d\u00e9chargement du produit est facilit\u00e9 par le basculement automatique de la cuve de cuisson.<\/p>\n\n\n    <div class=\"oi-block oi-block-layout-space\" style=\"--oi-block-space-xs:30px; --oi-block-space-sm:30px; --oi-block-space-md:30px; --oi-block-space-lg:30px; --oi-block-space-xl:30px; --oi-block-space-xxl:30px\"><\/div>\n\n\n\n<h3 class=\"wp-block-heading has-primary-color has-text-color has-link-color wp-elements-8086513b67cdd9371b10f3b9a5fce669\"><strong>Configuration du cuiseur<\/strong><\/h3>\n\n\n    <div class=\"oi-block oi-block-layout-space\" style=\"--oi-block-space-xs:30px; --oi-block-space-sm:30px; --oi-block-space-md:30px; --oi-block-space-lg:30px; --oi-block-space-xl:30px; --oi-block-space-xxl:30px\"><\/div>\n\n\n\n<h5 class=\"wp-block-heading has-primary-color has-text-color has-link-color wp-elements-718800e2c7480114df443415902a7b9a\"><strong>Cuiseur C1 AUTO \/ CT1 AUTO<\/strong><\/h5>\n\n\n\n<p><strong>Capacit\u00e9 de la cuve<\/strong>: 30 litres<br><strong>Puissance \u00e9lectrique<\/strong>:<strong> <\/strong>8 kW 400 V triphas\u00e9<br><strong>Production<\/strong>:<strong> <\/strong>10-15 kg de nougatine ou 7-10 kg de p\u00e2tes pour barres de c\u00e9r\u00e9ales<\/p>\n\n\n\n<h5 class=\"wp-block-heading has-primary-color has-text-color has-link-color wp-elements-18c6c243ee393d2ed7edc88b2bc2b969\"><strong>Cuiseur C2 AUTO \/ CT2 AUTO<\/strong><\/h5>\n\n\n\n<p><strong>Capacit\u00e9 de la cuve<\/strong>: 60 litres<br><strong>Puissance \u00e9lectrique<\/strong>:<strong> <\/strong>14 kW 400 V Triphas\u00e9<br><strong>Production<\/strong>: 20-30 kg de nougatine ou 14-25 kg de p\u00e2tes pour barres de c\u00e9r\u00e9ales<\/p>\n\n\n\n<h5 class=\"wp-block-heading has-primary-color has-text-color has-link-color wp-elements-63ab11321f7e4ef71d75484cbd152feb\"><strong>Cuiseur C3 AUTO<\/strong><\/h5>\n\n\n\n<p><strong>Capacit\u00e9 de la cuve<\/strong>: 90 litres<br><strong>Puissance \u00e9lectrique<\/strong>:&nbsp;19 kW 400 V Triphas\u00e9<br><strong>Production<\/strong>: 25-40 kg de p\u00e2tes pour barres de c\u00e9r\u00e9ales<\/p>\n\n\n    <div class=\"oi-block oi-block-layout-space\" style=\"--oi-block-space-xs:30px; --oi-block-space-sm:30px; --oi-block-space-md:30px; --oi-block-space-lg:30px; --oi-block-space-xl:30px; --oi-block-space-xxl:30px\"><\/div>\n\n\n\n<h3 class=\"wp-block-heading has-primary-color has-text-color has-link-color wp-elements-601f150e814d1616dc2aa26cdeb20e68\"><strong>Cuiseur pour nougat<\/strong><\/h3>\n\n\n    <div class=\"oi-block oi-block-layout-space\" style=\"--oi-block-space-xs:30px; --oi-block-space-sm:30px; --oi-block-space-md:30px; --oi-block-space-lg:30px; --oi-block-space-xl:30px; --oi-block-space-xxl:30px\"><\/div>\n\n\n\n<p><strong>Les cuiseurs<\/strong> peuvent \u00eatre \u00e9quip\u00e9s du <strong>kit de production du nougat<\/strong> qui comprend un bras <strong>m\u00e9langeur \u00e0 pale centrale<\/strong> \u00e0 remplacer par le bras m\u00e9langeur plan\u00e9taire, un r\u00e9ducteur pr\u00e9vu \u00e0 cet effet avec un rapport de r\u00e9duction sp\u00e9cifique et un moteur surdimensionn\u00e9.<\/p>\n\n\n    <div class=\"oi-block oi-block-layout-space\" style=\"--oi-block-space-xs:30px; --oi-block-space-sm:30px; --oi-block-space-md:30px; --oi-block-space-lg:30px; --oi-block-space-xl:30px; --oi-block-space-xxl:30px\"><\/div>\n\n\n\n<h3 class=\"wp-block-heading has-primary-color has-text-color has-link-color wp-elements-4a1337324354a6772cbec85253b0061e\"><strong>Nettoyage du cuiseur<\/strong><\/h3>\n\n\n    <div class=\"oi-block oi-block-layout-space\" style=\"--oi-block-space-xs:30px; --oi-block-space-sm:30px; --oi-block-space-md:30px; --oi-block-space-lg:30px; --oi-block-space-xl:30px; --oi-block-space-xxl:30px\"><\/div>\n\n\n\n<p>Nettoyer la cuve de cuisson avec de l'eau chaude et une \u00e9ponge \/ vapeur entre un lot et l'autre ou \u00e0 la fin de la journ\u00e9e de travail.<\/p>\n\n\n\n<p><strong>Utilisation courante<\/strong>: lavage avec environ 10 litres d'eau, chauff\u00e9e et m\u00e9lang\u00e9e par le bras rotatif.<\/p>\n\n\n\n<p><strong>Nettoyage en profondeur<\/strong>: lavage avec environ 30 litres d'eau, chauff\u00e9e et m\u00e9lang\u00e9e par le bras rotatif, finition et \u00e9limination des gouttes \u00e9ventuelles avec un chiffon humide.<\/p>\n\n    <\/div>\n    <div class=\"col-5 col-lg-4 d-none d-md-block\">\n        <div class=\"featured-product\">\n                                                                    <div class=\"bg-dark color-white featured-product-inner\">\n                        <div class=\"image-container\">\n                            <img decoding=\"async\" width=\"1500\" height=\"1500\" src=\"https:\/\/miaft.com\/wp-content\/uploads\/2024\/09\/web-mia-food-tech-cuocitore-ad-alte-temperature-c1-c2-c3-auto-1.jpg\" class=\"img-fluid\" alt=\"\" loading=\"lazy\" srcset=\"https:\/\/miaft.com\/wp-content\/uploads\/2024\/09\/web-mia-food-tech-cuocitore-ad-alte-temperature-c1-c2-c3-auto-1.jpg 1500w, https:\/\/miaft.com\/wp-content\/uploads\/2024\/09\/web-mia-food-tech-cuocitore-ad-alte-temperature-c1-c2-c3-auto-1-150x150.jpg 150w, https:\/\/miaft.com\/wp-content\/uploads\/2024\/09\/web-mia-food-tech-cuocitore-ad-alte-temperature-c1-c2-c3-auto-1-575x575.jpg 575w, https:\/\/miaft.com\/wp-content\/uploads\/2024\/09\/web-mia-food-tech-cuocitore-ad-alte-temperature-c1-c2-c3-auto-1-767x767.jpg 767w, https:\/\/miaft.com\/wp-content\/uploads\/2024\/09\/web-mia-food-tech-cuocitore-ad-alte-temperature-c1-c2-c3-auto-1-991x991.jpg 991w, https:\/\/miaft.com\/wp-content\/uploads\/2024\/09\/web-mia-food-tech-cuocitore-ad-alte-temperature-c1-c2-c3-auto-1-1199x1199.jpg 1199w\" sizes=\"(max-width: 1500px) 100vw, 1500px\" \/>                        <\/div>\n                                                    <h6 class=\"mb-2 text-uppercase color-secondary\">\n                                Barres \u00e9nerg\u00e9tiques & Nougatine                            <\/h6>\n                                                <h4 class=\"mb-0 color-white product-title\">\n                            Cuiseur \u00e0 haute temp\u00e9rature\u00a0                        <\/h4>\n                                                    <p class=\"mt-3 mb-0\">pour la production de barres \u00e9nerg\u00e9tiques et de nougatine <\/p>\n                                                <div class=\"mt-4\">\n                            <div class=\"oi-block oi-block-layout-button\" ><a href=\"#contact-us\" title=\"\" class=\"btn btn-secondary-fill btn-type-default btn-medium\" >\n    Demande d\u2019informations    <\/a><\/div>                        <\/div>\n                    <\/div>\n                                                    <\/div>\n    <\/div>\n<\/div><\/div>\n\n    <div class=\"oi-block oi-block-layout-space\" style=\"--oi-block-space-xs:75px; --oi-block-space-sm:90px; --oi-block-space-md:90px; --oi-block-space-lg:120px; --oi-block-space-xl:120px; --oi-block-space-xxl:120px\"><\/div>\n\n\n<div class=\"oi-block oi-block-carousel\" ><div class=\"carousel-container overflowed-carousel\">\n    <div class=\"splide block-carousel\" data-splide='{\"arrows\":false,\"pagination\":false,\"perPage\":3,\"gap\":30,\"type\":\"slide\",\"rewind\":false}'>\n        <div class=\"splide__track\">\n            <ul class=\"splide__list\">\n                \n\n<figure class=\"wp-block-image size-full\"><img loading=\"lazy\" decoding=\"async\" width=\"1500\" height=\"1500\" src=\"https:\/\/miaft.com\/wp-content\/uploads\/2024\/09\/web-mia-food-tech-cuocitore-ad-alte-temperature-c1-c2-c3-auto-1.jpg\" alt=\"cuocitore ad alte temperature\" class=\"wp-image-36917\" srcset=\"https:\/\/miaft.com\/wp-content\/uploads\/2024\/09\/web-mia-food-tech-cuocitore-ad-alte-temperature-c1-c2-c3-auto-1.jpg 1500w, https:\/\/miaft.com\/wp-content\/uploads\/2024\/09\/web-mia-food-tech-cuocitore-ad-alte-temperature-c1-c2-c3-auto-1-150x150.jpg 150w, https:\/\/miaft.com\/wp-content\/uploads\/2024\/09\/web-mia-food-tech-cuocitore-ad-alte-temperature-c1-c2-c3-auto-1-575x575.jpg 575w, https:\/\/miaft.com\/wp-content\/uploads\/2024\/09\/web-mia-food-tech-cuocitore-ad-alte-temperature-c1-c2-c3-auto-1-767x767.jpg 767w, https:\/\/miaft.com\/wp-content\/uploads\/2024\/09\/web-mia-food-tech-cuocitore-ad-alte-temperature-c1-c2-c3-auto-1-991x991.jpg 991w, https:\/\/miaft.com\/wp-content\/uploads\/2024\/09\/web-mia-food-tech-cuocitore-ad-alte-temperature-c1-c2-c3-auto-1-1199x1199.jpg 1199w\" sizes=\"(max-width: 1500px) 100vw, 1500px\" \/><\/figure>\n\n\n\n<figure class=\"wp-block-image size-full\"><img loading=\"lazy\" decoding=\"async\" width=\"1500\" height=\"1500\" src=\"https:\/\/miaft.com\/wp-content\/uploads\/2024\/09\/web-mia-food-tech-cuocitore-ad-alte-temperature-c1-c2-c3-auto-2.jpg\" alt=\"cuocitore ad alte temperature\" class=\"wp-image-36922\" srcset=\"https:\/\/miaft.com\/wp-content\/uploads\/2024\/09\/web-mia-food-tech-cuocitore-ad-alte-temperature-c1-c2-c3-auto-2.jpg 1500w, https:\/\/miaft.com\/wp-content\/uploads\/2024\/09\/web-mia-food-tech-cuocitore-ad-alte-temperature-c1-c2-c3-auto-2-150x150.jpg 150w, https:\/\/miaft.com\/wp-content\/uploads\/2024\/09\/web-mia-food-tech-cuocitore-ad-alte-temperature-c1-c2-c3-auto-2-575x575.jpg 575w, https:\/\/miaft.com\/wp-content\/uploads\/2024\/09\/web-mia-food-tech-cuocitore-ad-alte-temperature-c1-c2-c3-auto-2-767x767.jpg 767w, https:\/\/miaft.com\/wp-content\/uploads\/2024\/09\/web-mia-food-tech-cuocitore-ad-alte-temperature-c1-c2-c3-auto-2-991x991.jpg 991w, https:\/\/miaft.com\/wp-content\/uploads\/2024\/09\/web-mia-food-tech-cuocitore-ad-alte-temperature-c1-c2-c3-auto-2-1199x1199.jpg 1199w\" sizes=\"(max-width: 1500px) 100vw, 1500px\" \/><\/figure>\n\n            <\/ul>\n        <\/div>\n        <div class=\"carousel-progress mt-5\">\n            <div class=\"carousel-progress-bar\"><\/div>\n        <\/div>\n    <\/div>\n<\/div><\/div>\n\n    <div class=\"oi-block oi-block-layout-space\" style=\"--oi-block-space-xs:75px; --oi-block-space-sm:90px; --oi-block-space-md:90px; --oi-block-space-lg:120px; --oi-block-space-xl:120px; --oi-block-space-xxl:120px\"><\/div>\n\n<\/div>","protected":false},"excerpt":{"rendered":"<p>Cuiseurs pour barres et nougatines con\u00e7us pour atteindre une temp\u00e9rature \u00e9lev\u00e9e.<\/p>\n","protected":false},"featured_media":36919,"parent":0,"menu_order":49,"template":"","meta":{"_seopress_robots_primary_cat":"none","_seopress_titles_title":"","_seopress_titles_desc":"","_seopress_robots_index":"","is_energy_saving":true,"is_for_sale":false,"show_footer_widget":true,"show_related_products":true,"product_subtitle":"pour la production de barres \u00e9nerg\u00e9tiques et de nougatine ","product_code":"C1\/C2\/C3 AUTO","related_products_source":"custom","related_products_list":"[1109,1166,1176,1185,1132]","product_powered_by_title":"","product_powered_by_image":"{}","product_on_sale_label":"","product_on_sale_label_1":"","product_on_sale_label_2":"","product_on_sale_label_3":"","product_on_sale_label_4":"","product_on_sale_label_5":"","footnotes":""},"finished_product":[109,111],"machine":[118],"processing":[122],"class_list":["post-9611","product","type-product","status-publish","has-post-thumbnail","hentry","finished_product-barres-energetiques","finished_product-nougatine","machine-machines-autonomes","processing-cuisson"],"_links":{"self":[{"href":"https:\/\/miaft.com\/fr\/wp-json\/wp\/v2\/product\/9611"}],"collection":[{"href":"https:\/\/miaft.com\/fr\/wp-json\/wp\/v2\/product"}],"about":[{"href":"https:\/\/miaft.com\/fr\/wp-json\/wp\/v2\/types\/product"}],"version-history":[{"count":4,"href":"https:\/\/miaft.com\/fr\/wp-json\/wp\/v2\/product\/9611\/revisions"}],"predecessor-version":[{"id":36930,"href":"https:\/\/miaft.com\/fr\/wp-json\/wp\/v2\/product\/9611\/revisions\/36930"}],"wp:featuredmedia":[{"embeddable":true,"href":"https:\/\/miaft.com\/fr\/wp-json\/wp\/v2\/media\/36919"}],"wp:attachment":[{"href":"https:\/\/miaft.com\/fr\/wp-json\/wp\/v2\/media?parent=9611"}],"wp:term":[{"taxonomy":"finished_product","embeddable":true,"href":"https:\/\/miaft.com\/fr\/wp-json\/wp\/v2\/finished_product?post=9611"},{"taxonomy":"machine","embeddable":true,"href":"https:\/\/miaft.com\/fr\/wp-json\/wp\/v2\/machine?post=9611"},{"taxonomy":"processing","embeddable":true,"href":"https:\/\/miaft.com\/fr\/wp-json\/wp\/v2\/processing?post=9611"}],"curies":[{"name":"wp","href":"https:\/\/api.w.org\/{rel}","templated":true}]}}