{"id":9603,"date":"2023-12-27T13:52:40","date_gmt":"2023-12-27T12:52:40","guid":{"rendered":"https:\/\/miaft.com\/product\/bassina-drg-30-50-eco\/"},"modified":"2024-04-09T12:54:55","modified_gmt":"2024-04-09T10:54:55","slug":"bassina-drg-30-50-eco","status":"publish","type":"product","link":"https:\/\/miaft.com\/fr\/product\/bassina-drg-30-50-eco\/","title":{"rendered":"Turbine\u00a0"},"content":{"rendered":"\n<div class=\"wp-block-group has-light-background-color has-background is-layout-flow wp-block-group-is-layout-flow\"><div class=\"oi-block oi-block-layout-container container\" style=\"\"  >\n    <div class=\"oi-block oi-block-layout-space\" style=\"--oi-block-space-xs:75px; --oi-block-space-sm:90px; --oi-block-space-md:90px; --oi-block-space-lg:120px; --oi-block-space-xl:120px; --oi-block-space-xxl:120px\"><\/div>\n\n\n\n<h3 class=\"wp-block-heading has-primary-color has-text-color has-link-color wp-elements-803b47f0e8ad11ad42847e6dedc46681\"><strong>Caract\u00e9ristiques techniques<\/strong><\/h3>\n\n\n    <div class=\"oi-block oi-block-layout-space\" style=\"--oi-block-space-xs:30px; --oi-block-space-sm:30px; --oi-block-space-md:30px; --oi-block-space-lg:30px; --oi-block-space-xl:30px; --oi-block-space-xxl:30px\"><\/div>\n\n\n    <div class=\"oi-block oi-block-layout-row row  row-vertical-gap\">\n        \n<div class=\"oi-block oi-block-layout-row-column col-12 col-sm-12 col-md-12 col-lg-6 col-xl-4 col-xxl-4\" style=\"\" >\n\n<h5 class=\"wp-block-heading has-primary-color has-text-color has-link-color wp-elements-8b260deb368b383b559ddfbdee6c6cad\" style=\"text-transform:uppercase\"><strong>CAPACIT\u00c9 DE PRODUCTION<\/strong><\/h5>\n\n\n    <div class=\"oi-block oi-block-layout-space\" style=\"--oi-block-space-xs:20px; --oi-block-space-sm:20px; --oi-block-space-md:20px; --oi-block-space-lg:20px; --oi-block-space-xl:20px; --oi-block-space-xxl:20px\"><\/div>\n\n\n\n<p>25-50 kg\/lot de fruits secs enrob\u00e9s de chocolat (drag\u00e9es) \/ confiseries<\/p>\n\n<\/div>\n\n<div class=\"oi-block oi-block-layout-row-column col-12 col-sm-12 col-md-12 col-lg-6 col-xl-4 col-xxl-4\" style=\"\" >\n\n<h5 class=\"wp-block-heading has-primary-color has-text-color has-link-color wp-elements-690286ff4416f67523609aec69bccc10\" style=\"text-transform:uppercase\"><strong>DUR\u00c9E DU LOT<\/strong><\/h5>\n\n\n    <div class=\"oi-block oi-block-layout-space\" style=\"--oi-block-space-xs:20px; --oi-block-space-sm:20px; --oi-block-space-md:20px; --oi-block-space-lg:20px; --oi-block-space-xl:20px; --oi-block-space-xxl:20px\"><\/div>\n\n\n\n<p>varie de 40-45 min pour le processus d\u2019enrobage 1:1 \u00e0 60-70 min pour le processus d\u2019enrobage 2:1.<\/p>\n\n<\/div>\n\n<div class=\"oi-block oi-block-layout-row-column col-12 col-sm-12 col-md-12 col-lg-6 col-xl-4 col-xxl-4\" style=\"\" >\n\n<h5 class=\"wp-block-heading has-primary-color has-text-color has-link-color wp-elements-898391467207740ae522e809cce3d410\" style=\"text-transform:uppercase\"><strong>CONSOMMATION<\/strong><\/h5>\n\n\n    <div class=\"oi-block oi-block-layout-space\" style=\"--oi-block-space-xs:20px; --oi-block-space-sm:20px; --oi-block-space-md:20px; --oi-block-space-lg:20px; --oi-block-space-xl:20px; --oi-block-space-xxl:20px\"><\/div>\n\n\n\n<p>10 kW \u2013 Triphas\u00e9 400 V \u2013 50 Hz (version standard)<\/p>\n\n<\/div>\n\n<div class=\"oi-block oi-block-layout-row-column col-12 col-sm-12 col-md-12 col-lg-6 col-xl-4 col-xxl-4\" style=\"\" >\n\n<h5 class=\"wp-block-heading has-primary-color has-text-color has-link-color wp-elements-a26595df2891d80d567cbf2989374f8c\" style=\"text-transform:uppercase\"><strong>ENCOMBREMENT<\/strong><\/h5>\n\n\n    <div class=\"oi-block oi-block-layout-space\" style=\"--oi-block-space-xs:20px; --oi-block-space-sm:20px; --oi-block-space-md:20px; --oi-block-space-lg:20px; --oi-block-space-xl:20px; --oi-block-space-xxl:20px\"><\/div>\n\n\n\n<p>Largeur 1300 mm, Longueur 1100 mm, Hauteur 1650 mm<\/p>\n\n<\/div>\n\n<div class=\"oi-block oi-block-layout-row-column col-12 col-sm-12 col-md-12 col-lg-6 col-xl-4 col-xxl-4\" style=\"\" >\n\n<h5 class=\"wp-block-heading has-primary-color has-text-color has-link-color wp-elements-214acc03b3e25ecccce9e6e9291ace81\" style=\"text-transform:uppercase\">POIDS<\/h5>\n\n\n    <div class=\"oi-block oi-block-layout-space\" style=\"--oi-block-space-xs:20px; --oi-block-space-sm:20px; --oi-block-space-md:20px; --oi-block-space-lg:20px; --oi-block-space-xl:20px; --oi-block-space-xxl:20px\"><\/div>\n\n\n\n<p>400 kg<\/p>\n\n<\/div>\n    <\/div>\n\n\n    <div class=\"oi-block oi-block-layout-space\" style=\"--oi-block-space-xs:75px; --oi-block-space-sm:90px; --oi-block-space-md:90px; --oi-block-space-lg:120px; --oi-block-space-xl:120px; --oi-block-space-xxl:120px\"><\/div>\n\n<\/div><\/div>\n\n\n<div class=\"oi-block oi-block-layout-container container\" style=\"\"  >\n    <div class=\"oi-block oi-block-layout-space\" style=\"--oi-block-space-xs:75px; --oi-block-space-sm:90px; --oi-block-space-md:90px; --oi-block-space-lg:120px; --oi-block-space-xl:120px; --oi-block-space-xxl:120px\"><\/div>\n\n\n<div class=\"oi-block oi-block-product-content\" >\n<div class=\"row justify-content-between\">\n    <div class=\"col-12 col-md-6 col-lg-5\">\n        \n\n<h3 class=\"wp-block-heading has-primary-color has-text-color has-link-color wp-elements-3a932acbeebb23fc47442dd4a8a1d1fd\"><strong>TURBINE \u00c0 DRAG\u00c9ES mod\u00e8le DRG-30\/50 ECO<\/strong><\/h3>\n\n\n    <div class=\"oi-block oi-block-layout-space\" style=\"--oi-block-space-xs:30px; --oi-block-space-sm:30px; --oi-block-space-md:30px; --oi-block-space-lg:30px; --oi-block-space-xl:30px; --oi-block-space-xxl:30px\"><\/div>\n\n\n\n<p>La machine est enti\u00e8rement en acier inoxydable AISI 304 et est con\u00e7ue pour les processus de production lourds : tous ses composants sont con\u00e7us pour fonctionner pendant plusieurs heures d'affil\u00e9e sans aucun probl\u00e8me.<\/p>\n\n\n\n<ul class=\"wp-block-list\">\n<li>Le ch\u00e2ssis et toutes les parties de la machine en contact avec le produit fabriqu\u00e9s sont en acier inoxydable AISI 304.<\/li>\n\n\n\n<li>Cuve h\u00e9misph\u00e9rique en acier inoxydable avec traitement interne de polissage miroir.<\/li>\n\n\n\n<li>Ventilateur centrifuge pour souffler l'air \u00e0 l'int\u00e9rieur de la turbine afin d'acc\u00e9l\u00e9rer le processus d'enrobage.<\/li>\n\n\n\n<li>Unit\u00e9 interne de refroidissement et de chauffage de l'air sur une plage de temp\u00e9rature de 5 \u00e0 40 \u00b0C : il est possible de travailler avec de l\u2019air chaud et froid combin\u00e9 pour que l'air souffl\u00e9 dans la cuve soit \u00ab sec \u00bb et le processus d\u2019enrobage plus rapide.<\/li>\n\n\n\n<li>Syst\u00e8me de pulv\u00e9risation de chocolat avec r\u00e9glage de la hauteur et de l\u2019inclinaison. Il est possible de r\u00e9gler le temps de pulv\u00e9risation et le temps de retard pour travailler en cycle automatique.\u00a0 Le r\u00e9servoir est r\u00e9chauff\u00e9 sur une plage de temp\u00e9rature de 20-60 \u00b0C.<\/li>\n\n\n\n<li>R\u00e9glage \u00e9lectronique de la vitesse de rotation de la cuve.<\/li>\n\n\n\n<li>Armoire \u00e9lectrique interne \u00e9quip\u00e9e composants Schneider Electric (composants \u00e9lectrom\u00e9caniques) et Omron (pilotes).<\/li>\n\n\n\n<li>IHM du panneau op\u00e9rateur int\u00e9gr\u00e9 avec toutes les commandes pour le contr\u00f4le du cycle de travail de la machine.<\/li>\n\n\n\n<li>Alimentation requise 10 kW triphas\u00e9 400V 50 Hz (possibilit\u00e9 de commander une machine fonctionnant \u00e0 une tension diff\u00e9rente).<\/li>\n<\/ul>\n\n    <\/div>\n    <div class=\"col-5 col-lg-4 d-none d-md-block\">\n        <div class=\"featured-product\">\n                                                                    <div class=\"bg-dark color-white featured-product-inner\">\n                        <div class=\"image-container\">\n                            <img decoding=\"async\" width=\"2560\" height=\"2560\" src=\"https:\/\/miaft.com\/wp-content\/uploads\/2023\/12\/bassina-drg30-50-eco.jpg\" class=\"img-fluid\" alt=\"\" loading=\"lazy\" srcset=\"https:\/\/miaft.com\/wp-content\/uploads\/2023\/12\/bassina-drg30-50-eco.jpg 2560w, https:\/\/miaft.com\/wp-content\/uploads\/2023\/12\/bassina-drg30-50-eco-1536x1536.jpg 1536w, https:\/\/miaft.com\/wp-content\/uploads\/2023\/12\/bassina-drg30-50-eco-2048x2048.jpg 2048w, https:\/\/miaft.com\/wp-content\/uploads\/2023\/12\/bassina-drg30-50-eco-150x150.jpg 150w, https:\/\/miaft.com\/wp-content\/uploads\/2023\/12\/bassina-drg30-50-eco-575x575.jpg 575w, https:\/\/miaft.com\/wp-content\/uploads\/2023\/12\/bassina-drg30-50-eco-767x767.jpg 767w, https:\/\/miaft.com\/wp-content\/uploads\/2023\/12\/bassina-drg30-50-eco-991x991.jpg 991w, https:\/\/miaft.com\/wp-content\/uploads\/2023\/12\/bassina-drg30-50-eco-1199x1199.jpg 1199w\" sizes=\"(max-width: 2560px) 100vw, 2560px\" \/>                        <\/div>\n                                                    <h6 class=\"mb-2 text-uppercase color-secondary\">\n                                Pralin\u00e9s et drag\u00e9es                            <\/h6>\n                                                <h4 class=\"mb-0 color-white product-title\">\n                            Turbine\u00a0                        <\/h4>\n                                                    <p class=\"mt-3 mb-0\">con\u00e7ue pour la production de drag\u00e9es, de confiseries et d\u2019enrobages color\u00e9s <\/p>\n                                                <div class=\"mt-4\">\n                            <div class=\"oi-block oi-block-layout-button\" ><a href=\"#contact-us\" title=\"\" class=\"btn btn-secondary-fill btn-type-default btn-medium\" >\n    Demande d\u2019informations    <\/a><\/div>                        <\/div>\n                    <\/div>\n                                                    <\/div>\n    <\/div>\n<\/div><\/div>\n\n    <div class=\"oi-block oi-block-layout-space\" style=\"--oi-block-space-xs:75px; --oi-block-space-sm:90px; --oi-block-space-md:90px; --oi-block-space-lg:120px; --oi-block-space-xl:120px; --oi-block-space-xxl:120px\"><\/div>\n\n<\/div>","protected":false},"excerpt":{"rendered":"<p>La turbine mod\u00e8le DRG-30\/50 ECO est con\u00e7ue pour la production d'environ 40-50 kg\/lot de fruits secs enrob\u00e9s de chocolat (Drag\u00e9es)\/ confiserie. <\/p>\n","protected":false},"featured_media":27934,"parent":0,"menu_order":145,"template":"","meta":{"_seopress_robots_primary_cat":"","_seopress_titles_title":"","_seopress_titles_desc":"","_seopress_robots_index":"","is_energy_saving":true,"is_for_sale":false,"show_footer_widget":true,"show_related_products":true,"product_subtitle":"con\u00e7ue pour la production de drag\u00e9es, de confiseries et d\u2019enrobages color\u00e9s ","product_code":"DRG-30\/50 ECO","related_products_source":"custom","related_products_list":"[1324]","product_powered_by_title":"","product_powered_by_image":"{}","product_on_sale_label":"","product_on_sale_label_1":"","product_on_sale_label_2":"","product_on_sale_label_3":"","product_on_sale_label_4":"","product_on_sale_label_5":"","footnotes":""},"finished_product":[114],"machine":[118],"processing":[120],"class_list":["post-9603","product","type-product","status-publish","has-post-thumbnail","hentry","finished_product-pralines-et-dragees","machine-machines-autonomes","processing-drageification"],"_links":{"self":[{"href":"https:\/\/miaft.com\/fr\/wp-json\/wp\/v2\/product\/9603"}],"collection":[{"href":"https:\/\/miaft.com\/fr\/wp-json\/wp\/v2\/product"}],"about":[{"href":"https:\/\/miaft.com\/fr\/wp-json\/wp\/v2\/types\/product"}],"version-history":[{"count":3,"href":"https:\/\/miaft.com\/fr\/wp-json\/wp\/v2\/product\/9603\/revisions"}],"predecessor-version":[{"id":9821,"href":"https:\/\/miaft.com\/fr\/wp-json\/wp\/v2\/product\/9603\/revisions\/9821"}],"wp:featuredmedia":[{"embeddable":true,"href":"https:\/\/miaft.com\/fr\/wp-json\/wp\/v2\/media\/27934"}],"wp:attachment":[{"href":"https:\/\/miaft.com\/fr\/wp-json\/wp\/v2\/media?parent=9603"}],"wp:term":[{"taxonomy":"finished_product","embeddable":true,"href":"https:\/\/miaft.com\/fr\/wp-json\/wp\/v2\/finished_product?post=9603"},{"taxonomy":"machine","embeddable":true,"href":"https:\/\/miaft.com\/fr\/wp-json\/wp\/v2\/machine?post=9603"},{"taxonomy":"processing","embeddable":true,"href":"https:\/\/miaft.com\/fr\/wp-json\/wp\/v2\/processing?post=9603"}],"curies":[{"name":"wp","href":"https:\/\/api.w.org\/{rel}","templated":true}]}}