{"id":9596,"date":"2024-09-07T13:38:20","date_gmt":"2024-09-07T11:38:20","guid":{"rendered":"https:\/\/miaft.com\/product\/bassina-drg-5-pro\/"},"modified":"2024-04-09T12:52:59","modified_gmt":"2024-04-09T10:52:59","slug":"bassina-drg-5-pro","status":"publish","type":"product","link":"https:\/\/miaft.com\/fr\/product\/bassina-drg-5-pro\/","title":{"rendered":"Turbine\u00a0"},"content":{"rendered":"\n<div class=\"wp-block-group has-light-background-color has-background is-layout-flow wp-block-group-is-layout-flow\"><div class=\"oi-block oi-block-layout-container container\" style=\"\"  >\n    <div class=\"oi-block oi-block-layout-space\" style=\"--oi-block-space-xs:75px; --oi-block-space-sm:90px; --oi-block-space-md:90px; --oi-block-space-lg:120px; --oi-block-space-xl:120px; --oi-block-space-xxl:120px\"><\/div>\n\n\n\n<h3 class=\"wp-block-heading has-primary-color has-text-color has-link-color wp-elements-803b47f0e8ad11ad42847e6dedc46681\"><strong>Caract\u00e9ristiques techniques<\/strong><\/h3>\n\n\n    <div class=\"oi-block oi-block-layout-space\" style=\"--oi-block-space-xs:30px; --oi-block-space-sm:30px; --oi-block-space-md:30px; --oi-block-space-lg:30px; --oi-block-space-xl:30px; --oi-block-space-xxl:30px\"><\/div>\n\n\n    <div class=\"oi-block oi-block-layout-row row  row-vertical-gap\">\n        \n<div class=\"oi-block oi-block-layout-row-column col-12 col-sm-12 col-md-12 col-lg-6 col-xl-4 col-xxl-4\" style=\"\" >\n\n<h5 class=\"wp-block-heading has-primary-color has-text-color has-link-color wp-elements-8b260deb368b383b559ddfbdee6c6cad\" style=\"text-transform:uppercase\"><strong>CAPACIT\u00c9 DE PRODUCTION<\/strong><\/h5>\n\n\n    <div class=\"oi-block oi-block-layout-space\" style=\"--oi-block-space-xs:20px; --oi-block-space-sm:20px; --oi-block-space-md:20px; --oi-block-space-lg:20px; --oi-block-space-xl:20px; --oi-block-space-xxl:20px\"><\/div>\n\n\n\n<p>5-6 kg\/lot (fruits secs + chocolat).<\/p>\n\n<\/div>\n\n<div class=\"oi-block oi-block-layout-row-column col-12 col-sm-12 col-md-12 col-lg-6 col-xl-4 col-xxl-4\" style=\"\" >\n\n<h5 class=\"wp-block-heading has-primary-color has-text-color has-link-color wp-elements-690286ff4416f67523609aec69bccc10\" style=\"text-transform:uppercase\"><strong>DUR\u00c9E DU LOT<\/strong><\/h5>\n\n\n    <div class=\"oi-block oi-block-layout-space\" style=\"--oi-block-space-xs:20px; --oi-block-space-sm:20px; --oi-block-space-md:20px; --oi-block-space-lg:20px; --oi-block-space-xl:20px; --oi-block-space-xxl:20px\"><\/div>\n\n\n\n<p>Varie de 40-50 minutes (enrobage 1:1) et de 60-70 minutes (enrobage 2:1)<\/p>\n\n<\/div>\n\n<div class=\"oi-block oi-block-layout-row-column col-12 col-sm-12 col-md-12 col-lg-6 col-xl-4 col-xxl-4\" style=\"\" >\n\n<h5 class=\"wp-block-heading has-primary-color has-text-color has-link-color wp-elements-898391467207740ae522e809cce3d410\" style=\"text-transform:uppercase\"><strong>CONSOMMATION<\/strong><\/h5>\n\n\n    <div class=\"oi-block oi-block-layout-space\" style=\"--oi-block-space-xs:20px; --oi-block-space-sm:20px; --oi-block-space-md:20px; --oi-block-space-lg:20px; --oi-block-space-xl:20px; --oi-block-space-xxl:20px\"><\/div>\n\n\n\n<p>2,3 kW - Triphas\u00e9 400 V - 50 Hz (version standard)<\/p>\n\n<\/div>\n\n<div class=\"oi-block oi-block-layout-row-column col-12 col-sm-12 col-md-12 col-lg-6 col-xl-4 col-xxl-4\" style=\"\" >\n\n<h5 class=\"wp-block-heading has-primary-color has-text-color has-link-color wp-elements-a26595df2891d80d567cbf2989374f8c\" style=\"text-transform:uppercase\"><strong>ENCOMBREMENT<\/strong><\/h5>\n\n\n    <div class=\"oi-block oi-block-layout-space\" style=\"--oi-block-space-xs:20px; --oi-block-space-sm:20px; --oi-block-space-md:20px; --oi-block-space-lg:20px; --oi-block-space-xl:20px; --oi-block-space-xxl:20px\"><\/div>\n\n\n\n<p>Largeur 710 mm, Longueur 750 mm, Hauteur 1450 mm<\/p>\n\n<\/div>\n\n<div class=\"oi-block oi-block-layout-row-column col-12 col-sm-12 col-md-12 col-lg-6 col-xl-4 col-xxl-4\" style=\"\" >\n\n<h5 class=\"wp-block-heading has-primary-color has-text-color has-link-color wp-elements-39e91f2c6ba0b0c30c5cd783b670e770\" style=\"text-transform:uppercase\"><strong>POIDS<\/strong><\/h5>\n\n\n    <div class=\"oi-block oi-block-layout-space\" style=\"--oi-block-space-xs:20px; --oi-block-space-sm:20px; --oi-block-space-md:20px; --oi-block-space-lg:20px; --oi-block-space-xl:20px; --oi-block-space-xxl:20px\"><\/div>\n\n\n\n<p>150 kg<\/p>\n\n<\/div>\n    <\/div>\n\n\n    <div class=\"oi-block oi-block-layout-space\" style=\"--oi-block-space-xs:75px; --oi-block-space-sm:90px; --oi-block-space-md:90px; --oi-block-space-lg:120px; --oi-block-space-xl:120px; --oi-block-space-xxl:120px\"><\/div>\n\n<\/div><\/div>\n\n\n<div class=\"oi-block oi-block-layout-container container\" style=\"\"  >\n    <div class=\"oi-block oi-block-layout-space\" style=\"--oi-block-space-xs:75px; --oi-block-space-sm:90px; --oi-block-space-md:90px; --oi-block-space-lg:120px; --oi-block-space-xl:120px; --oi-block-space-xxl:120px\"><\/div>\n\n\n<div class=\"oi-block oi-block-product-content\" >\n<div class=\"row justify-content-between\">\n    <div class=\"col-12 col-md-6 col-lg-5\">\n        \n\n<h3 class=\"wp-block-heading has-primary-color has-text-color has-link-color wp-elements-2932da1a66a9de6404626a8dab603c6f\">Turbine DRG-5 PRO<\/h3>\n\n\n    <div class=\"oi-block oi-block-layout-space\" style=\"--oi-block-space-xs:30px; --oi-block-space-sm:30px; --oi-block-space-md:30px; --oi-block-space-lg:30px; --oi-block-space-xl:30px; --oi-block-space-xxl:30px\"><\/div>\n\n\n\n<ul class=\"wp-block-list\">\n<li>Le ch\u00e2ssis de la machine, la cuve h\u00e9misph\u00e9rique, les canalisations d'air et tous les \u00e9l\u00e9ments en contact avec le produit sont enti\u00e8rement en acier inoxydable AISI 304.<\/li>\n\n\n\n<li>Onduleur pour le r\u00e9glage de la vitesse de rotation de la cuve.<\/li>\n\n\n\n<li>Ventilateur centrifuge pour le soufflage forc\u00e9 de l'air \u00e0 l'int\u00e9rieur de la cuve.<\/li>\n\n\n\n<li>Groupe frigorifique avec temp\u00e9rature de travail r\u00e9glable sur une plage de 5 \u00e0 30 \u00b0C.<\/li>\n\n\n\n<li>Chariot de support avec 4 roues pivotantes.<\/li>\n\n\n\n<li>Tableau \u00e9lectrique int\u00e9gr\u00e9 \u00e0 la structure de la machine (\u00e9lectrom\u00e9canique Schneider Electric et pilotes Omron) et panneau de commande avec tous les boutons de commande du cycle de travail.<\/li>\n<\/ul>\n\n    <\/div>\n    <div class=\"col-5 col-lg-4 d-none d-md-block\">\n        <div class=\"featured-product\">\n                                                                    <div class=\"bg-dark color-white featured-product-inner\">\n                        <div class=\"image-container\">\n                            <img decoding=\"async\" width=\"1500\" height=\"1500\" src=\"https:\/\/miaft.com\/wp-content\/uploads\/2023\/12\/bassina-drg5-pro.jpg\" class=\"img-fluid\" alt=\"\" loading=\"lazy\" srcset=\"https:\/\/miaft.com\/wp-content\/uploads\/2023\/12\/bassina-drg5-pro.jpg 1500w, https:\/\/miaft.com\/wp-content\/uploads\/2023\/12\/bassina-drg5-pro-150x150.jpg 150w, https:\/\/miaft.com\/wp-content\/uploads\/2023\/12\/bassina-drg5-pro-575x575.jpg 575w, https:\/\/miaft.com\/wp-content\/uploads\/2023\/12\/bassina-drg5-pro-767x767.jpg 767w, https:\/\/miaft.com\/wp-content\/uploads\/2023\/12\/bassina-drg5-pro-991x991.jpg 991w, https:\/\/miaft.com\/wp-content\/uploads\/2023\/12\/bassina-drg5-pro-1199x1199.jpg 1199w\" sizes=\"(max-width: 1500px) 100vw, 1500px\" \/>                        <\/div>\n                                                    <h6 class=\"mb-2 text-uppercase color-secondary\">\n                                Pralin\u00e9s et drag\u00e9es                            <\/h6>\n                                                <h4 class=\"mb-0 color-white product-title\">\n                            Turbine\u00a0                        <\/h4>\n                                                    <p class=\"mt-3 mb-0\">con\u00e7ue pour la production de drag\u00e9es, de confiseries et d\u2019enrobages color\u00e9s <\/p>\n                                                <div class=\"mt-4\">\n                            <div class=\"oi-block oi-block-layout-button\" ><a href=\"#contact-us\" title=\"\" class=\"btn btn-secondary-fill btn-type-default btn-medium\" >\n    Demande d\u2019informations    <\/a><\/div>                        <\/div>\n                    <\/div>\n                                                    <\/div>\n    <\/div>\n<\/div><\/div>\n\n    <div class=\"oi-block oi-block-layout-space\" style=\"--oi-block-space-xs:75px; --oi-block-space-sm:90px; --oi-block-space-md:90px; --oi-block-space-lg:120px; --oi-block-space-xl:120px; --oi-block-space-xxl:120px\"><\/div>\n\n<\/div>","protected":false},"excerpt":{"rendered":"<p>La turbine DRG-5 PRO est une \u00e9volution du mod\u00e8le DRG-5 ECO (mod\u00e8le de base) qui fonctionne en utilisant l\u2019air \u00e0 la temp\u00e9rature ambiante lorsqu\u2019il est n\u00e9cessaire de travailler \u00e0 une temp\u00e9rature ambiante sup\u00e9rieure \u00e0 20 \u00b0C (par exemple, en \u00e9t\u00e9 en l'absence d'une pi\u00e8ce climatis\u00e9e), le mod\u00e8le DRG-5 PRO \u00e9quip\u00e9 d'un groupe frigorifique est disponible. <\/p>\n","protected":false},"featured_media":27918,"parent":0,"menu_order":135,"template":"","meta":{"_seopress_robots_primary_cat":"","_seopress_titles_title":"","_seopress_titles_desc":"","_seopress_robots_index":"","is_energy_saving":true,"is_for_sale":false,"show_footer_widget":true,"show_related_products":true,"product_subtitle":"con\u00e7ue pour la production de drag\u00e9es, de confiseries et d\u2019enrobages color\u00e9s ","product_code":"DRG-5 PRO","related_products_source":"custom","related_products_list":"[1324]","product_powered_by_title":"","product_powered_by_image":"{}","product_on_sale_label":"","product_on_sale_label_1":"","product_on_sale_label_2":"","product_on_sale_label_3":"","product_on_sale_label_4":"","product_on_sale_label_5":"","footnotes":""},"finished_product":[114],"machine":[118],"processing":[120],"class_list":["post-9596","product","type-product","status-publish","has-post-thumbnail","hentry","finished_product-pralines-et-dragees","machine-machines-autonomes","processing-drageification"],"_links":{"self":[{"href":"https:\/\/miaft.com\/fr\/wp-json\/wp\/v2\/product\/9596"}],"collection":[{"href":"https:\/\/miaft.com\/fr\/wp-json\/wp\/v2\/product"}],"about":[{"href":"https:\/\/miaft.com\/fr\/wp-json\/wp\/v2\/types\/product"}],"version-history":[{"count":2,"href":"https:\/\/miaft.com\/fr\/wp-json\/wp\/v2\/product\/9596\/revisions"}],"predecessor-version":[{"id":9818,"href":"https:\/\/miaft.com\/fr\/wp-json\/wp\/v2\/product\/9596\/revisions\/9818"}],"wp:featuredmedia":[{"embeddable":true,"href":"https:\/\/miaft.com\/fr\/wp-json\/wp\/v2\/media\/27918"}],"wp:attachment":[{"href":"https:\/\/miaft.com\/fr\/wp-json\/wp\/v2\/media?parent=9596"}],"wp:term":[{"taxonomy":"finished_product","embeddable":true,"href":"https:\/\/miaft.com\/fr\/wp-json\/wp\/v2\/finished_product?post=9596"},{"taxonomy":"machine","embeddable":true,"href":"https:\/\/miaft.com\/fr\/wp-json\/wp\/v2\/machine?post=9596"},{"taxonomy":"processing","embeddable":true,"href":"https:\/\/miaft.com\/fr\/wp-json\/wp\/v2\/processing?post=9596"}],"curies":[{"name":"wp","href":"https:\/\/api.w.org\/{rel}","templated":true}]}}