{"id":47150,"date":"2026-04-27T13:21:11","date_gmt":"2026-04-27T11:21:11","guid":{"rendered":"https:\/\/miaft.com\/product\/premacinatore-pm120\/"},"modified":"2026-04-27T13:32:03","modified_gmt":"2026-04-27T11:32:03","slug":"premacinatore-pm120","status":"publish","type":"product","link":"https:\/\/miaft.com\/fr\/product\/premacinatore-pm120\/","title":{"rendered":"Pr\u00e9broyeur"},"content":{"rendered":"\n<div class=\"wp-block-group has-light-background-color has-background is-layout-flow wp-block-group-is-layout-flow\"><div class=\"oi-block oi-block-layout-container container\" style=\"\"  >\n    <div class=\"oi-block oi-block-layout-space\" style=\"--oi-block-space-xs:75px; --oi-block-space-sm:90px; --oi-block-space-md:90px; --oi-block-space-lg:120px; --oi-block-space-xl:120px; --oi-block-space-xxl:120px\"><\/div>\n\n\n\n<h3 class=\"wp-block-heading has-primary-color has-text-color has-link-color wp-elements-bfc340e0bb69187e509455aa9f602034\">Sp\u00e9cifications techniques<\/h3>\n\n\n    <div class=\"oi-block oi-block-layout-space\" style=\"--oi-block-space-xs:30px; --oi-block-space-sm:30px; --oi-block-space-md:30px; --oi-block-space-lg:30px; --oi-block-space-xl:30px; --oi-block-space-xxl:30px\"><\/div>\n\n\n    <div class=\"oi-block oi-block-layout-row row  row-vertical-gap\">\n        \n<div class=\"oi-block oi-block-layout-row-column col-12 col-sm-12 col-md-12 col-lg-6 col-xl-4 col-xxl-4\" style=\"\" >\n\n<h5 class=\"wp-block-heading has-primary-color has-text-color has-link-color wp-elements-adb0759ccb9084e31156ce9d4bfa1737\" style=\"text-transform:uppercase\">Capacit\u00e9 de production&nbsp;<\/h5>\n\n\n    <div class=\"oi-block oi-block-layout-space\" style=\"--oi-block-space-xs:20px; --oi-block-space-sm:20px; --oi-block-space-md:20px; --oi-block-space-lg:20px; --oi-block-space-xl:20px; --oi-block-space-xxl:20px\"><\/div>\n\n\n\n<p>80 \u00e0 120&nbsp;kg\/h (variable selon le type de produit et la granulom\u00e9trie souhait\u00e9e)<\/p>\n\n<\/div>\n\n<div class=\"oi-block oi-block-layout-row-column col-12 col-sm-12 col-md-12 col-lg-6 col-xl-4 col-xxl-4\" style=\"\" >\n\n<h5 class=\"wp-block-heading has-primary-color has-text-color has-link-color wp-elements-6add62aa2d930d06908ed99797c52d9c\" style=\"text-transform:uppercase\">Consommation \u00e9lectrique&nbsp;<\/h5>\n\n\n    <div class=\"oi-block oi-block-layout-space\" style=\"--oi-block-space-xs:20px; --oi-block-space-sm:20px; --oi-block-space-md:20px; --oi-block-space-lg:20px; --oi-block-space-xl:20px; --oi-block-space-xxl:20px\"><\/div>\n\n\n\n<p>5,5&nbsp;kW \u2013 Triphas\u00e9 400&nbsp;V 50&nbsp;Hz (tensions sp\u00e9ciales disponibles sur demande)<\/p>\n\n<\/div>\n\n<div class=\"oi-block oi-block-layout-row-column col-12 col-sm-12 col-md-12 col-lg-6 col-xl-4 col-xxl-4\" style=\"\" >\n\n<h5 class=\"wp-block-heading has-primary-color has-text-color has-link-color wp-elements-04655ca62dc5312e26b6c2286e718326\" style=\"text-transform:uppercase\">Dimensions&nbsp;<\/h5>\n\n\n    <div class=\"oi-block oi-block-layout-space\" style=\"--oi-block-space-xs:20px; --oi-block-space-sm:20px; --oi-block-space-md:20px; --oi-block-space-lg:20px; --oi-block-space-xl:20px; --oi-block-space-xxl:20px\"><\/div>\n\n\n\n<p>Largeur 900&nbsp;mm | Longueur 1200&nbsp;mm | Hauteur 1600&nbsp;mm<\/p>\n\n<\/div>\n\n<div class=\"oi-block oi-block-layout-row-column col-12 col-sm-12 col-md-12 col-lg-6 col-xl-4 col-xxl-4\" style=\"\" >\n\n<h5 class=\"wp-block-heading has-primary-color has-text-color has-link-color wp-elements-a65de75a4f25c402995251bf17a85e2c\" style=\"text-transform:uppercase\">Poids&nbsp;<\/h5>\n\n\n    <div class=\"oi-block oi-block-layout-space\" style=\"--oi-block-space-xs:20px; --oi-block-space-sm:20px; --oi-block-space-md:20px; --oi-block-space-lg:20px; --oi-block-space-xl:20px; --oi-block-space-xxl:20px\"><\/div>\n\n\n\n<p>350 kg<\/p>\n\n<\/div>\n\n<div class=\"oi-block oi-block-layout-row-column col-12 col-sm-12 col-md-12 col-lg-6 col-xl-4 col-xxl-4\" style=\"\" >\n\n<h5 class=\"wp-block-heading has-primary-color has-text-color has-link-color wp-elements-d8f2e299b4372af4a322a4647f34eecc\" style=\"text-transform:uppercase\">Ch\u00e2ssis&nbsp;<\/h5>\n\n\n    <div class=\"oi-block oi-block-layout-space\" style=\"--oi-block-space-xs:20px; --oi-block-space-sm:20px; --oi-block-space-md:20px; --oi-block-space-lg:20px; --oi-block-space-xl:20px; --oi-block-space-xxl:20px\"><\/div>\n\n\n\n<p>Enti\u00e8rement r\u00e9alis\u00e9 en acier inoxydable AISI&nbsp;304 pour une hygi\u00e8ne et une durabilit\u00e9 maximales.<\/p>\n\n<\/div>\n    <\/div>\n\n\n    <div class=\"oi-block oi-block-layout-space\" style=\"--oi-block-space-xs:75px; --oi-block-space-sm:90px; --oi-block-space-md:90px; --oi-block-space-lg:120px; --oi-block-space-xl:120px; --oi-block-space-xxl:120px\"><\/div>\n\n<\/div><\/div>\n\n\n<div class=\"oi-block oi-block-layout-container container\" style=\"\"  >\n    <div class=\"oi-block oi-block-layout-space\" style=\"--oi-block-space-xs:75px; --oi-block-space-sm:90px; --oi-block-space-md:90px; --oi-block-space-lg:120px; --oi-block-space-xl:120px; --oi-block-space-xxl:120px\"><\/div>\n\n\n<div class=\"oi-block oi-block-product-content\" >\n<div class=\"row justify-content-between\">\n    <div class=\"col-12 col-md-6 col-lg-5\">\n        \n\n<h3 class=\"wp-block-heading has-primary-color has-text-color has-link-color wp-elements-6642489607cb57ffc1f2eadc95a5f37f\">Pr\u00e9broyeur PM120<\/h3>\n\n\n    <div class=\"oi-block oi-block-layout-space\" style=\"--oi-block-space-xs:30px; --oi-block-space-sm:30px; --oi-block-space-md:30px; --oi-block-space-lg:30px; --oi-block-space-xl:30px; --oi-block-space-xxl:30px\"><\/div>\n\n\n\n<p>Le PM120 est con\u00e7u pour traiter une large gamme de noix, notamment les noisettes, les amandes, les pistaches, les noix, les cacahu\u00e8tes, les noix de cajou et les noix de macadamia. Gr\u00e2ce \u00e0 son syst\u00e8me de pr\u00e9broyage avanc\u00e9, il permet d'obtenir un produit final avec une granulom\u00e9trie d'environ 200 \u00e0 250 microns.<\/p>\n\n\n\n<p>Le v\u00e9ritable atout de ce mod\u00e8le r\u00e9side dans son syst\u00e8me de refroidissement int\u00e9gr\u00e9&nbsp;: cette technologie garantit que la chaleur g\u00e9n\u00e9r\u00e9e par la friction n'alt\u00e8re pas les qualit\u00e9s organoleptiques du produit, en maintenant une temp\u00e9rature contr\u00f4l\u00e9e m\u00eame lors de cycles de production constants et prolong\u00e9s.<\/p>\n\n    <\/div>\n    <div class=\"col-5 col-lg-4 d-none d-md-block\">\n        <div class=\"featured-product\">\n                                                                    <div class=\"bg-dark color-white featured-product-inner\">\n                        <div class=\"image-container\">\n                            <img decoding=\"async\" width=\"1386\" height=\"1673\" src=\"https:\/\/miaft.com\/wp-content\/uploads\/2024\/09\/mia-premacinatore-pm60.jpg\" class=\"img-fluid\" alt=\"\" loading=\"lazy\" srcset=\"https:\/\/miaft.com\/wp-content\/uploads\/2024\/09\/mia-premacinatore-pm60.jpg 1386w, https:\/\/miaft.com\/wp-content\/uploads\/2024\/09\/mia-premacinatore-pm60-1273x1536.jpg 1273w, https:\/\/miaft.com\/wp-content\/uploads\/2024\/09\/mia-premacinatore-pm60-150x181.jpg 150w, https:\/\/miaft.com\/wp-content\/uploads\/2024\/09\/mia-premacinatore-pm60-575x694.jpg 575w, https:\/\/miaft.com\/wp-content\/uploads\/2024\/09\/mia-premacinatore-pm60-767x926.jpg 767w, https:\/\/miaft.com\/wp-content\/uploads\/2024\/09\/mia-premacinatore-pm60-991x1196.jpg 991w, https:\/\/miaft.com\/wp-content\/uploads\/2024\/09\/mia-premacinatore-pm60-1199x1447.jpg 1199w\" sizes=\"(max-width: 1386px) 100vw, 1386px\" \/>                        <\/div>\n                                                    <h6 class=\"mb-2 text-uppercase color-secondary\">\n                                P\u00e2tes et cr\u00e8mes \u00e0 tartiner                            <\/h6>\n                                                <h4 class=\"mb-0 color-white product-title\">\n                            Pr\u00e9broyeur                        <\/h4>\n                                                    <p class=\"mt-3 mb-0\">solution pour le pr\u00e9broyage des noix et des f\u00e8ves de cacao<\/p>\n                                                <div class=\"mt-4\">\n                            <div class=\"oi-block oi-block-layout-button\" ><a href=\"#contact-us\" title=\"\" class=\"btn btn-secondary-fill btn-type-default btn-medium\" >\n    Demande d\u2019informations    <\/a><\/div>                        <\/div>\n                    <\/div>\n                                                    <\/div>\n    <\/div>\n<\/div><\/div>\n\n    <div class=\"oi-block oi-block-layout-space\" style=\"--oi-block-space-xs:75px; --oi-block-space-sm:90px; --oi-block-space-md:90px; --oi-block-space-lg:120px; --oi-block-space-xl:120px; --oi-block-space-xxl:120px\"><\/div>\n\n<\/div>","protected":false},"excerpt":{"rendered":"<p>Le pr\u00e9broyeur PM120 est un \u00e9l\u00e9ment essentiel \u00e0 la production de p\u00e2tes et tartinades \u00e0 base de noix. Con\u00e7u pour un traitement en continu, il transforme la mati\u00e8re premi\u00e8re en une cr\u00e8me ou une p\u00e2te crue, le semi-produit id\u00e9al pour alimenter les broyeurs \u00e0 billes.<\/p>\n","protected":false},"featured_media":29941,"parent":0,"menu_order":220,"template":"","meta":{"_seopress_robots_primary_cat":"none","_seopress_titles_title":"","_seopress_titles_desc":"","_seopress_robots_index":"","is_energy_saving":true,"is_for_sale":false,"show_footer_widget":true,"show_related_products":true,"product_subtitle":"solution pour le pr\u00e9broyage des noix et des f\u00e8ves de cacao","product_code":"PM120","related_products_source":"custom","related_products_list":"[1211,1220,1224,1233,9731,9734,9723,9726]","product_powered_by_title":"","product_powered_by_image":"{}","product_on_sale_label":"","product_on_sale_label_1":"","product_on_sale_label_2":"","product_on_sale_label_3":"","product_on_sale_label_4":"","product_on_sale_label_5":"","footnotes":""},"finished_product":[113],"machine":[118],"processing":[127],"class_list":["post-47150","product","type-product","status-publish","has-post-thumbnail","hentry","finished_product-pates-et-cremes-a-tartiner","machine-machines-autonomes","processing-pre-raffinage"],"_links":{"self":[{"href":"https:\/\/miaft.com\/fr\/wp-json\/wp\/v2\/product\/47150"}],"collection":[{"href":"https:\/\/miaft.com\/fr\/wp-json\/wp\/v2\/product"}],"about":[{"href":"https:\/\/miaft.com\/fr\/wp-json\/wp\/v2\/types\/product"}],"version-history":[{"count":2,"href":"https:\/\/miaft.com\/fr\/wp-json\/wp\/v2\/product\/47150\/revisions"}],"predecessor-version":[{"id":47156,"href":"https:\/\/miaft.com\/fr\/wp-json\/wp\/v2\/product\/47150\/revisions\/47156"}],"wp:featuredmedia":[{"embeddable":true,"href":"https:\/\/miaft.com\/fr\/wp-json\/wp\/v2\/media\/29941"}],"wp:attachment":[{"href":"https:\/\/miaft.com\/fr\/wp-json\/wp\/v2\/media?parent=47150"}],"wp:term":[{"taxonomy":"finished_product","embeddable":true,"href":"https:\/\/miaft.com\/fr\/wp-json\/wp\/v2\/finished_product?post=47150"},{"taxonomy":"machine","embeddable":true,"href":"https:\/\/miaft.com\/fr\/wp-json\/wp\/v2\/machine?post=47150"},{"taxonomy":"processing","embeddable":true,"href":"https:\/\/miaft.com\/fr\/wp-json\/wp\/v2\/processing?post=47150"}],"curies":[{"name":"wp","href":"https:\/\/api.w.org\/{rel}","templated":true}]}}