{"id":47136,"date":"2026-04-27T12:50:23","date_gmt":"2026-04-27T10:50:23","guid":{"rendered":"https:\/\/miaft.com\/product\/scioglitore-tank-industriale-per-cioccolato-paste-e-creme\/"},"modified":"2026-04-27T13:11:29","modified_gmt":"2026-04-27T11:11:29","slug":"scioglitore-tank-industriale-per-cioccolato-paste-e-creme-ml500","status":"publish","type":"product","link":"https:\/\/miaft.com\/fr\/product\/scioglitore-tank-industriale-per-cioccolato-paste-e-creme-ml500\/","title":{"rendered":"Fondreur \/ cuve industrielle pour chocolat, p\u00e2tes et cr\u00e8mes\u00a0"},"content":{"rendered":"\n<div class=\"wp-block-group has-light-background-color has-background is-layout-flow wp-block-group-is-layout-flow\">\n<div class=\"wp-block-group has-light-background-color has-background is-layout-flow wp-block-group-is-layout-flow\"><div class=\"oi-block oi-block-layout-container container\" style=\"\"  >\n    <div class=\"oi-block oi-block-layout-space\" style=\"--oi-block-space-xs:75px; --oi-block-space-sm:90px; --oi-block-space-md:90px; --oi-block-space-lg:120px; --oi-block-space-xl:120px; --oi-block-space-xxl:120px\"><\/div>\n\n\n    <div class=\"oi-block oi-block-layout-row row  row-vertical-gap\">\n        \n<div class=\"oi-block oi-block-layout-row-column col-12 col-sm-12 col-md-12 col-lg-6 col-xl-5 col-xxl-5\" style=\"\" >\n\n<h3 class=\"wp-block-heading has-primary-color has-text-color has-link-color wp-elements-40b5aa1305b1ad3f3be83582d871c83a\">Caract\u00e9ristiques<\/h3>\n\n\n    <div class=\"oi-block oi-block-layout-space\" style=\"--oi-block-space-xs:30px; --oi-block-space-sm:30px; --oi-block-space-md:30px; --oi-block-space-lg:30px; --oi-block-space-xl:30px; --oi-block-space-xxl:30px\"><\/div>\n\n\n\n<ul class=\"wp-block-list\">\n<li>R\u00e9gulation \u00e9lectronique num\u00e9rique de la temp\u00e9rature pour un contr\u00f4le pr\u00e9cis et constant de la temp\u00e9rature du produit<\/li>\n\n\n\n<li>Panneau de commande interne avec composants \u00e9lectrom\u00e9caniques Schneider Electric et variateur de fr\u00e9quence Omron<\/li>\n\n\n\n<li>Vanne de vidange papillon de grand diam\u00e8tre pour un transfert rapide et complet vers les pompes d\u2019alimentation.<\/li>\n<\/ul>\n\n<\/div>\n\n<div class=\"oi-block oi-block-layout-row-column col-0 col-sm-0 col-md-0 col-lg-0 col-xl-1 col-xxl-1 d-none d-sm-none d-md-none d-lg-none d-xl-block d-xxl-block\" style=\"\" ><\/div>\n\n<div class=\"oi-block oi-block-layout-row-column col-12 col-sm-12 col-md-12 col-lg-6 col-xl-5 col-xxl-5\" style=\"\" >\n\n<h3 class=\"wp-block-heading has-primary-color has-text-color has-link-color wp-elements-695914baea5afc54b38b5534b4f5605a\">Caract\u00e9ristiques techniques<\/h3>\n\n\n    <div class=\"oi-block oi-block-layout-space\" style=\"--oi-block-space-xs:30px; --oi-block-space-sm:30px; --oi-block-space-md:30px; --oi-block-space-lg:30px; --oi-block-space-xl:30px; --oi-block-space-xxl:30px\"><\/div>\n\n\n\n<ul class=\"wp-block-list\">\n<li><strong>Capacit\u00e9 de la cuve<\/strong>&nbsp;: 500 litres<\/li>\n\n\n\n<li><strong>Alimentation<\/strong>&nbsp;: 3 kW, 400 V, 50 Hz<\/li>\n\n\n\n<li><strong>Dimensions<\/strong>&nbsp;: Largeur 1&nbsp;500 mm, Longueur 1&nbsp;500 mm, Hauteur 1&nbsp;600 mm<\/li>\n\n\n\n<li><strong>Poids<\/strong>&nbsp;: 400 kg<\/li>\n\n\n\n<li>Ch\u00e2ssis en acier inoxydable AISI 304<\/li>\n<\/ul>\n\n<\/div>\n    <\/div>\n\n\n    <div class=\"oi-block oi-block-layout-space\" style=\"--oi-block-space-xs:75px; --oi-block-space-sm:90px; --oi-block-space-md:90px; --oi-block-space-lg:120px; --oi-block-space-xl:120px; --oi-block-space-xxl:120px\"><\/div>\n\n<\/div><\/div>\n<\/div>\n\n\n<div class=\"oi-block oi-block-layout-container container\" style=\"\"  >\n    <div class=\"oi-block oi-block-layout-space\" style=\"--oi-block-space-xs:75px; --oi-block-space-sm:90px; --oi-block-space-md:90px; --oi-block-space-lg:120px; --oi-block-space-xl:120px; --oi-block-space-xxl:120px\"><\/div>\n\n\n<div class=\"oi-block oi-block-product-content\" >\n<div class=\"row justify-content-between\">\n    <div class=\"col-12 col-md-6 col-lg-5\">\n        \n\n<h3 class=\"wp-block-heading has-primary-color has-text-color has-link-color wp-elements-e7383d011af059b176ab3f195dc6152c\">Description et fonctionnement<\/h3>\n\n\n    <div class=\"oi-block oi-block-layout-space\" style=\"--oi-block-space-xs:30px; --oi-block-space-sm:30px; --oi-block-space-md:30px; --oi-block-space-lg:30px; --oi-block-space-xl:30px; --oi-block-space-xxl:30px\"><\/div>\n\n\n\n<p>Le ML500 est con\u00e7u pour durer et offre une gestion thermique impeccable. Le syst\u00e8me de double enveloppe \u00e0 bain-marie permet une fusion douce de la masse solide et un maintien pr\u00e9cis de la temp\u00e9rature des produits d\u00e9j\u00e0 fondus, \u00e9vitant ainsi les br\u00fblures et les cristallisations ind\u00e9sirables.<\/p>\n\n\n\n<p>L'agitateur interne est con\u00e7u pour maintenir la masse en mouvement constant, assurant une homog\u00e9n\u00e9it\u00e9 de temp\u00e9rature dans toute la cuve et emp\u00eachant la s\u00e9paration des mati\u00e8res grasses.<\/p>\n\n    <\/div>\n    <div class=\"col-5 col-lg-4 d-none d-md-block\">\n        <div class=\"featured-product\">\n                                                                    <div class=\"bg-dark color-white featured-product-inner\">\n                        <div class=\"image-container\">\n                            <img decoding=\"async\" width=\"1501\" height=\"1501\" src=\"https:\/\/miaft.com\/wp-content\/uploads\/2026\/04\/mia-scioglitore-tank-ml500.jpg\" class=\"img-fluid\" alt=\"\" loading=\"lazy\" srcset=\"https:\/\/miaft.com\/wp-content\/uploads\/2026\/04\/mia-scioglitore-tank-ml500.jpg 1501w, https:\/\/miaft.com\/wp-content\/uploads\/2026\/04\/mia-scioglitore-tank-ml500-150x150.jpg 150w, https:\/\/miaft.com\/wp-content\/uploads\/2026\/04\/mia-scioglitore-tank-ml500-575x575.jpg 575w, https:\/\/miaft.com\/wp-content\/uploads\/2026\/04\/mia-scioglitore-tank-ml500-767x767.jpg 767w, https:\/\/miaft.com\/wp-content\/uploads\/2026\/04\/mia-scioglitore-tank-ml500-991x991.jpg 991w, https:\/\/miaft.com\/wp-content\/uploads\/2026\/04\/mia-scioglitore-tank-ml500-1199x1199.jpg 1199w\" sizes=\"(max-width: 1501px) 100vw, 1501px\" \/>                        <\/div>\n                                                    <h6 class=\"mb-2 text-uppercase color-secondary\">\n                                Chocolat, P\u00e2tes et cr\u00e8mes \u00e0 tartiner, Pralin\u00e9s et drag\u00e9es                            <\/h6>\n                                                <h4 class=\"mb-0 color-white product-title\">\n                            Fondreur \/ cuve industrielle pour chocolat, p\u00e2tes et cr\u00e8mes\u00a0                        <\/h4>\n                                                    <p class=\"mt-3 mb-0\">stockage et fusion \u00e0 temp\u00e9rature contr\u00f4l\u00e9e pour chocolat et cr\u00e8mes<\/p>\n                                                <div class=\"mt-4\">\n                            <div class=\"oi-block oi-block-layout-button\" ><a href=\"#contact-us\" title=\"\" class=\"btn btn-secondary-fill btn-type-default btn-medium\" >\n    Demande d\u2019informations    <\/a><\/div>                        <\/div>\n                    <\/div>\n                                                    <\/div>\n    <\/div>\n<\/div><\/div>\n\n    <div class=\"oi-block oi-block-layout-space\" style=\"--oi-block-space-xs:75px; --oi-block-space-sm:90px; --oi-block-space-md:90px; --oi-block-space-lg:120px; --oi-block-space-xl:120px; --oi-block-space-xxl:120px\"><\/div>\n\n<\/div>","protected":false},"excerpt":{"rendered":"<p>Le mod\u00e8le ML500 est une unit\u00e9 de fusion et de maintien en temp\u00e9rature haute capacit\u00e9, con\u00e7ue pour traiter des volumes industriels de chocolat, de substituts, de beurre de cacao et de cr\u00e8mes. D'une capacit\u00e9 de 500 litres, le ML500 sert de cuve tampon thermostatique essentielle pour l'alimentation des lignes d'enrobage, de moulage ou de dosage, garantissant une disponibilit\u00e9 constante de produits pr\u00eats \u00e0 l'emploi.<\/p>\n","protected":false},"featured_media":47131,"parent":0,"menu_order":260,"template":"","meta":{"_seopress_robots_primary_cat":"none","_seopress_titles_title":"","_seopress_titles_desc":"","_seopress_robots_index":"","is_energy_saving":false,"is_for_sale":false,"show_footer_widget":true,"show_related_products":true,"product_subtitle":"stockage et fusion \u00e0 temp\u00e9rature contr\u00f4l\u00e9e pour chocolat et cr\u00e8mes","product_code":"ML500","related_products_source":"custom","related_products_list":"[1211,1220,1224,1233,1020,1324,9731,9734,9723,9726,9636,9743]","product_powered_by_title":"","product_powered_by_image":"{}","product_on_sale_label":"","product_on_sale_label_1":"","product_on_sale_label_2":"","product_on_sale_label_3":"","product_on_sale_label_4":"","product_on_sale_label_5":"","footnotes":""},"finished_product":[110,113,114],"machine":[118],"processing":[133],"class_list":["post-47136","product","type-product","status-publish","has-post-thumbnail","hentry","finished_product-chocolat","finished_product-pates-et-cremes-a-tartiner","finished_product-pralines-et-dragees","machine-machines-autonomes","processing-stockage"],"_links":{"self":[{"href":"https:\/\/miaft.com\/fr\/wp-json\/wp\/v2\/product\/47136"}],"collection":[{"href":"https:\/\/miaft.com\/fr\/wp-json\/wp\/v2\/product"}],"about":[{"href":"https:\/\/miaft.com\/fr\/wp-json\/wp\/v2\/types\/product"}],"version-history":[{"count":3,"href":"https:\/\/miaft.com\/fr\/wp-json\/wp\/v2\/product\/47136\/revisions"}],"predecessor-version":[{"id":47143,"href":"https:\/\/miaft.com\/fr\/wp-json\/wp\/v2\/product\/47136\/revisions\/47143"}],"wp:featuredmedia":[{"embeddable":true,"href":"https:\/\/miaft.com\/fr\/wp-json\/wp\/v2\/media\/47131"}],"wp:attachment":[{"href":"https:\/\/miaft.com\/fr\/wp-json\/wp\/v2\/media?parent=47136"}],"wp:term":[{"taxonomy":"finished_product","embeddable":true,"href":"https:\/\/miaft.com\/fr\/wp-json\/wp\/v2\/finished_product?post=47136"},{"taxonomy":"machine","embeddable":true,"href":"https:\/\/miaft.com\/fr\/wp-json\/wp\/v2\/machine?post=47136"},{"taxonomy":"processing","embeddable":true,"href":"https:\/\/miaft.com\/fr\/wp-json\/wp\/v2\/processing?post=47136"}],"curies":[{"name":"wp","href":"https:\/\/api.w.org\/{rel}","templated":true}]}}