{"id":47118,"date":"2026-04-27T12:23:32","date_gmt":"2026-04-27T10:23:32","guid":{"rendered":"https:\/\/miaft.com\/product\/pre-miscelatore\/"},"modified":"2026-04-27T13:09:43","modified_gmt":"2026-04-27T11:09:43","slug":"pre-miscelatore-pre-500","status":"publish","type":"product","link":"https:\/\/miaft.com\/fr\/product\/pre-miscelatore-pre-500\/","title":{"rendered":"Pr\u00e9m\u00e9langeur"},"content":{"rendered":"\n<div class=\"wp-block-group has-light-background-color has-background is-layout-flow wp-block-group-is-layout-flow\"><div class=\"oi-block oi-block-layout-container container\" style=\"\"  >\n    <div class=\"oi-block oi-block-layout-space\" style=\"--oi-block-space-xs:75px; --oi-block-space-sm:90px; --oi-block-space-md:90px; --oi-block-space-lg:120px; --oi-block-space-xl:120px; --oi-block-space-xxl:120px\"><\/div>\n\n\n    <div class=\"oi-block oi-block-layout-row row  row-vertical-gap\">\n        \n<div class=\"oi-block oi-block-layout-row-column col-12 col-sm-12 col-md-12 col-lg-6 col-xl-5 col-xxl-5\" style=\"\" >\n\n<h3 class=\"wp-block-heading has-primary-color has-text-color has-link-color wp-elements-40b5aa1305b1ad3f3be83582d871c83a\">Caract\u00e9ristiques<\/h3>\n\n\n    <div class=\"oi-block oi-block-layout-space\" style=\"--oi-block-space-xs:30px; --oi-block-space-sm:30px; --oi-block-space-md:30px; --oi-block-space-lg:30px; --oi-block-space-xl:30px; --oi-block-space-xxl:30px\"><\/div>\n\n\n\n<ul class=\"wp-block-list\">\n<li>R\u00e9gulation \u00e9lectronique num\u00e9rique de la temp\u00e9rature pour un maintien constant de la temp\u00e9rature du produit<\/li>\n\n\n\n<li>Panneau de commande interne avec composants \u00e9lectrom\u00e9caniques Schneider Electric et variateur de fr\u00e9quence Omron<\/li>\n\n\n\n<li>Vanne papillon de grand diam\u00e8tre pour un transfert rapide et complet vers les pompes d'alimentation<\/li>\n\n\n\n<li>Le PRE-500 peut \u00eatre \u00e9quip\u00e9 de capteurs de pesage pour un dosage pr\u00e9cis des ingr\u00e9dients directement dans la cuve ou de variateurs de vitesse pour l'agitateur.<\/li>\n<\/ul>\n\n<\/div>\n\n<div class=\"oi-block oi-block-layout-row-column col-0 col-sm-0 col-md-0 col-lg-0 col-xl-1 col-xxl-1 d-none d-sm-none d-md-none d-lg-none d-xl-block d-xxl-block\" style=\"\" ><\/div>\n\n<div class=\"oi-block oi-block-layout-row-column col-12 col-sm-12 col-md-12 col-lg-6 col-xl-5 col-xxl-5\" style=\"\" >\n\n<h3 class=\"wp-block-heading has-primary-color has-text-color has-link-color wp-elements-bfc340e0bb69187e509455aa9f602034\">Sp\u00e9cifications techniques<\/h3>\n\n\n    <div class=\"oi-block oi-block-layout-space\" style=\"--oi-block-space-xs:30px; --oi-block-space-sm:30px; --oi-block-space-md:30px; --oi-block-space-lg:30px; --oi-block-space-xl:30px; --oi-block-space-xxl:30px\"><\/div>\n\n\n\n<ul class=\"wp-block-list\">\n<li><strong>Capacit\u00e9 de la cuve<\/strong> : 500 litres<\/li>\n\n\n\n<li><strong>Alimentation<\/strong> : 3,5 kW, 400 V, 50 Hz<\/li>\n\n\n\n<li><strong>Dimensions<\/strong> : Largeur 1500 mm, Longueur 1500 mm, Hauteur 1600 mm<\/li>\n\n\n\n<li><strong>Poids<\/strong> : 450 kg<\/li>\n\n\n\n<li>Ch\u00e2ssis en acier inoxydable AISI 304.<\/li>\n<\/ul>\n\n<\/div>\n    <\/div>\n\n\n    <div class=\"oi-block oi-block-layout-space\" style=\"--oi-block-space-xs:75px; --oi-block-space-sm:90px; --oi-block-space-md:90px; --oi-block-space-lg:120px; --oi-block-space-xl:120px; --oi-block-space-xxl:120px\"><\/div>\n\n<\/div><\/div>\n\n\n<div class=\"oi-block oi-block-layout-container container\" style=\"\"  >\n    <div class=\"oi-block oi-block-layout-space\" style=\"--oi-block-space-xs:75px; --oi-block-space-sm:90px; --oi-block-space-md:90px; --oi-block-space-lg:120px; --oi-block-space-xl:120px; --oi-block-space-xxl:120px\"><\/div>\n\n\n<div class=\"oi-block oi-block-product-content\" >\n<div class=\"row justify-content-between\">\n    <div class=\"col-12 col-md-6 col-lg-5\">\n        \n\n<h3 class=\"wp-block-heading has-primary-color has-text-color has-link-color wp-elements-bd40d67da429cdb49e3d4b4a7a73a766\">Description technique et fonctionnement<\/h3>\n\n\n    <div class=\"oi-block oi-block-layout-space\" style=\"--oi-block-space-xs:30px; --oi-block-space-sm:30px; --oi-block-space-md:30px; --oi-block-space-lg:30px; --oi-block-space-xl:30px; --oi-block-space-xxl:30px\"><\/div>\n\n\n\n<p>Le PRE-500 n'est pas une simple cuve, mais un syst\u00e8me actif de gestion des produits. La cuve est \u00e9quip\u00e9e d'une double enveloppe \u00e0 bain-marie pour un chauffage progressif et uniforme, \u00e9vitant ainsi les contraintes thermiques sur les fractions grasses ou sucr\u00e9es et pr\u00e9servant les propri\u00e9t\u00e9s organoleptiques des ingr\u00e9dients.<\/p>\n\n\n\n<p>Le c\u0153ur de la machine r\u00e9side dans l'action combin\u00e9e de l'agitateur \u00e0 palettes \u00e0 forte charge et de l'\u00e9mulsifiant \u00e0 disque dent\u00e9&nbsp;: cette synergie assure une dispersion parfaite des suspensions (cacao, poudres, sucres) dans la matrice grasse, \u00e9liminant tout risque de s\u00e9dimentation et garantissant une \u00e9mulsion impeccable.<\/p>\n\n    <\/div>\n    <div class=\"col-5 col-lg-4 d-none d-md-block\">\n        <div class=\"featured-product\">\n                                                                    <div class=\"bg-dark color-white featured-product-inner\">\n                        <div class=\"image-container\">\n                            <img decoding=\"async\" width=\"1500\" height=\"1500\" src=\"https:\/\/miaft.com\/wp-content\/uploads\/2026\/04\/mia-pre-mixer-pre-500.jpg\" class=\"img-fluid\" alt=\"\" loading=\"lazy\" srcset=\"https:\/\/miaft.com\/wp-content\/uploads\/2026\/04\/mia-pre-mixer-pre-500.jpg 1500w, https:\/\/miaft.com\/wp-content\/uploads\/2026\/04\/mia-pre-mixer-pre-500-150x150.jpg 150w, https:\/\/miaft.com\/wp-content\/uploads\/2026\/04\/mia-pre-mixer-pre-500-575x575.jpg 575w, https:\/\/miaft.com\/wp-content\/uploads\/2026\/04\/mia-pre-mixer-pre-500-767x767.jpg 767w, https:\/\/miaft.com\/wp-content\/uploads\/2026\/04\/mia-pre-mixer-pre-500-991x991.jpg 991w, https:\/\/miaft.com\/wp-content\/uploads\/2026\/04\/mia-pre-mixer-pre-500-1199x1199.jpg 1199w\" sizes=\"(max-width: 1500px) 100vw, 1500px\" \/>                        <\/div>\n                                                    <h6 class=\"mb-2 text-uppercase color-secondary\">\n                                P\u00e2tes et cr\u00e8mes \u00e0 tartiner                            <\/h6>\n                                                <h4 class=\"mb-0 color-white product-title\">\n                            Pr\u00e9m\u00e9langeur                        <\/h4>\n                                                    <p class=\"mt-3 mb-0\">homog\u00e9n\u00e9isation et maintien de la temp\u00e9rature des p\u00e2tes et tartinades<\/p>\n                                                <div class=\"mt-4\">\n                            <div class=\"oi-block oi-block-layout-button\" ><a href=\"#contact-us\" title=\"\" class=\"btn btn-secondary-fill btn-type-default btn-medium\" >\n    Demande d\u2019informations    <\/a><\/div>                        <\/div>\n                    <\/div>\n                                                    <\/div>\n    <\/div>\n<\/div><\/div>\n\n    <div class=\"oi-block oi-block-layout-space\" style=\"--oi-block-space-xs:75px; --oi-block-space-sm:90px; --oi-block-space-md:90px; --oi-block-space-lg:120px; --oi-block-space-xl:120px; --oi-block-space-xxl:120px\"><\/div>\n\n<\/div>","protected":false},"excerpt":{"rendered":"<p>Le pr\u00e9m\u00e9langeur PRE-500 est l'unit\u00e9 essentielle con\u00e7ue pour les industries de la confiserie qui doivent pr\u00e9parer, m\u00e9langer et stocker des produits semi-finis liquides. D'une capacit\u00e9 de 500 litres, cette machine agit comme un tampon de production, garantissant aux p\u00e2tes et cr\u00e8mes une structure parfaitement homog\u00e8ne et une temp\u00e9rature id\u00e9ale pour les phases ult\u00e9rieures de dosage, d'affinage ou d'enrobage.<\/p>\n","protected":false},"featured_media":47109,"parent":0,"menu_order":241,"template":"","meta":{"_seopress_robots_primary_cat":"none","_seopress_titles_title":"","_seopress_titles_desc":"","_seopress_robots_index":"","is_energy_saving":false,"is_for_sale":false,"show_footer_widget":true,"show_related_products":true,"product_subtitle":"homog\u00e9n\u00e9isation et maintien de la temp\u00e9rature des p\u00e2tes et tartinades","product_code":"PRE-500","related_products_source":"custom","related_products_list":"[]","product_powered_by_title":"","product_powered_by_image":"{}","product_on_sale_label":"","product_on_sale_label_1":"","product_on_sale_label_2":"","product_on_sale_label_3":"","product_on_sale_label_4":"","product_on_sale_label_5":"","footnotes":""},"finished_product":[113],"machine":[118],"processing":[64],"class_list":["post-47118","product","type-product","status-publish","has-post-thumbnail","hentry","finished_product-pates-et-cremes-a-tartiner","machine-machines-autonomes","processing-stoccaggio"],"_links":{"self":[{"href":"https:\/\/miaft.com\/fr\/wp-json\/wp\/v2\/product\/47118"}],"collection":[{"href":"https:\/\/miaft.com\/fr\/wp-json\/wp\/v2\/product"}],"about":[{"href":"https:\/\/miaft.com\/fr\/wp-json\/wp\/v2\/types\/product"}],"version-history":[{"count":2,"href":"https:\/\/miaft.com\/fr\/wp-json\/wp\/v2\/product\/47118\/revisions"}],"predecessor-version":[{"id":47124,"href":"https:\/\/miaft.com\/fr\/wp-json\/wp\/v2\/product\/47118\/revisions\/47124"}],"wp:featuredmedia":[{"embeddable":true,"href":"https:\/\/miaft.com\/fr\/wp-json\/wp\/v2\/media\/47109"}],"wp:attachment":[{"href":"https:\/\/miaft.com\/fr\/wp-json\/wp\/v2\/media?parent=47118"}],"wp:term":[{"taxonomy":"finished_product","embeddable":true,"href":"https:\/\/miaft.com\/fr\/wp-json\/wp\/v2\/finished_product?post=47118"},{"taxonomy":"machine","embeddable":true,"href":"https:\/\/miaft.com\/fr\/wp-json\/wp\/v2\/machine?post=47118"},{"taxonomy":"processing","embeddable":true,"href":"https:\/\/miaft.com\/fr\/wp-json\/wp\/v2\/processing?post=47118"}],"curies":[{"name":"wp","href":"https:\/\/api.w.org\/{rel}","templated":true}]}}