{"id":35542,"date":"2024-09-09T18:02:32","date_gmt":"2024-09-09T16:02:32","guid":{"rendered":"https:\/\/miaft.com\/product\/impianto-automatico-per-il-raffreddamento-coolstream-670-8-2\/"},"modified":"2025-12-23T18:20:50","modified_gmt":"2025-12-23T17:20:50","slug":"impianto-automatico-per-il-raffreddamento-coolstream-670-8","status":"publish","type":"product","link":"https:\/\/miaft.com\/fr\/product\/impianto-automatico-per-il-raffreddamento-coolstream-670-8\/","title":{"rendered":"Syst\u00e8me de refroidissement professionnel automatique Coolstream 670\/8"},"content":{"rendered":"\n<div class=\"wp-block-group has-light-background-color has-background is-layout-flow wp-block-group-is-layout-flow\"><div class=\"oi-block oi-block-layout-container container\" style=\"\"  >\n    <div class=\"oi-block oi-block-layout-space\" style=\"--oi-block-space-xs:75px; --oi-block-space-sm:90px; --oi-block-space-md:90px; --oi-block-space-lg:120px; --oi-block-space-xl:120px; --oi-block-space-xxl:120px\"><\/div>\n\n\n    <div class=\"oi-block oi-block-layout-row row  row-vertical-gap\">\n        \n<div class=\"oi-block oi-block-layout-row-column col-12 col-sm-12 col-md-12 col-lg-6 col-xl-5 col-xxl-5\" style=\"\" >\n\n<h3 class=\"wp-block-heading has-primary-color has-text-color has-link-color wp-elements-695914baea5afc54b38b5534b4f5605a\">Caract\u00e9ristiques techniques<\/h3>\n\n\n    <div class=\"oi-block oi-block-layout-space\" style=\"--oi-block-space-xs:30px; --oi-block-space-sm:30px; --oi-block-space-md:30px; --oi-block-space-lg:30px; --oi-block-space-xl:30px; --oi-block-space-xxl:30px\"><\/div>\n\n\n\n<ul class=\"wp-block-list\">\n<li>Structure enti\u00e8rement en acier inoxydable AISI 304<\/li>\n\n\n\n<li>Couvercles isol\u00e9s en acier inoxydable \u00e0 haute isolation thermique<\/li>\n\n\n\n<li>Refroidissement par circulation d'air innovante<\/li>\n\n\n\n<li>Temp\u00e9rature de refroidissement minimale : 0 \u00b0C<\/li>\n\n\n\n<li>Vitesse de la bande variable avec variateur de fr\u00e9quence, de 0,5 \u00e0 2,5 mt\/min<\/li>\n\n\n\n<li>Hottes avec fen\u00eatre d'inspection<\/li>\n\n\n\n<li>\u00c9clairage LED haute luminosit\u00e9<\/li>\n\n\n\n<li>Bandes transporteuses principale et de d\u00e9tachement en polyur\u00e9thane bleu de qualit\u00e9 alimentaire<\/li>\n\n\n\n<li>Racloirs pour le retour de la bande<\/li>\n\n\n\n<li>Rouleau de traction autocentrant<\/li>\n\n\n\n<li>D\u00e9givrage automatique avec r\u00e9sistance \u00e9lectrique et \u00e9vacuation des condensats<\/li>\n<\/ul>\n\n<\/div>\n\n<div class=\"oi-block oi-block-layout-row-column col-0 col-sm-0 col-md-0 col-lg-0 col-xl-1 col-xxl-1 d-none d-sm-none d-md-none d-lg-none d-xl-block d-xxl-block\" style=\"\" ><\/div>\n\n<div class=\"oi-block oi-block-layout-row-column col-12 col-sm-12 col-md-12 col-lg-6 col-xl-5 col-xxl-5\" style=\"\" >\n\n<h3 class=\"wp-block-heading has-primary-color has-text-color has-link-color wp-elements-268e2a5da2e9c1e5f6d68a2769f47b54\">Dimensions<\/h3>\n\n\n    <div class=\"oi-block oi-block-layout-space\" style=\"--oi-block-space-xs:30px; --oi-block-space-sm:30px; --oi-block-space-md:30px; --oi-block-space-lg:30px; --oi-block-space-xl:30px; --oi-block-space-xxl:30px\"><\/div>\n\n\n\n<ul class=\"wp-block-list\">\n<li>Largeur de la bande : 670 mm<\/li>\n\n\n\n<li>Longueur de refroidissement : 8 mt<\/li>\n\n\n\n<li>Longueur standard de la bande de d\u00e9coration : 1 mt<\/li>\n\n\n\n<li>Longueur standard de la bande de d\u00e9tachement : 1 mt<\/li>\n\n\n\n<li>Longueur totale : 11 mt<\/li>\n\n\n\n<li>10,6 kW, 400 V triphas\u00e9, 50 Hz (disponible en diff\u00e9rentes tensions)<\/li>\n<\/ul>\n\n\n\n<p>Ce syst\u00e8me peut \u00eatre combin\u00e9 avec une temp\u00e9reuse TM-120 MAX et un chariot d'enrobage EL-630 MAX pour l'enrobage total, partiel et par le dessous au chocolat.<\/p>\n\n<\/div>\n    <\/div>\n\n\n    <div class=\"oi-block oi-block-layout-space\" style=\"--oi-block-space-xs:75px; --oi-block-space-sm:90px; --oi-block-space-md:90px; --oi-block-space-lg:120px; --oi-block-space-xl:120px; --oi-block-space-xxl:120px\"><\/div>\n\n<\/div><\/div>\n\n\n<div class=\"oi-block oi-block-layout-container container\" style=\"\"  >\n    <div class=\"oi-block oi-block-layout-space\" style=\"--oi-block-space-xs:75px; --oi-block-space-sm:90px; --oi-block-space-md:90px; --oi-block-space-lg:120px; --oi-block-space-xl:120px; --oi-block-space-xxl:120px\"><\/div>\n\n\n<div class=\"oi-block oi-block-product-content\" >\n<div class=\"row justify-content-between\">\n    <div class=\"col-12 col-md-6 col-lg-5\">\n        \n\n<h3 class=\"wp-block-heading has-primary-color has-text-color has-link-color wp-elements-522765a9778bf255105a1bef9b65e642\">Coolstream 670\/8<\/h3>\n\n\n    <div class=\"oi-block oi-block-layout-space\" style=\"--oi-block-space-xs:30px; --oi-block-space-sm:30px; --oi-block-space-md:30px; --oi-block-space-lg:30px; --oi-block-space-xl:30px; --oi-block-space-xxl:30px\"><\/div>\n\n\n\n<p>Syst\u00e8me de refroidissement professionnel automatique pour divers types de produits.<\/p>\n\n\n\n<p>Enti\u00e8rement construit en acier inoxydable, le COOLSTREAM 670\/8 dispose d'une bande de refroidissement isol\u00e9e de 8 m\u00e8tres de long, \u00e9quip\u00e9e d'un ruban en polyur\u00e9thane bleu de 670 mm de large.<\/p>\n\n\n\n<p>Des longueurs de refroidissement de 12 et 16 m\u00e8tres sont \u00e9galement disponibles et peuvent \u00eatre \u00e9valu\u00e9es et recommand\u00e9es en fonction des produits.<\/p>\n\n\n\n<p>Le syst\u00e8me innovant de circulation d'air interne assure une distribution d'air uniforme et constante, avec une humidit\u00e9 contr\u00f4l\u00e9e.<\/p>\n\n\n\n<p>Toutes les fonctions sont r\u00e9glables et contr\u00f4l\u00e9es via un \u00e9cran tactile.<\/p>\n\n\n\n<p>L'unit\u00e9 de refroidissement int\u00e8gre un syst\u00e8me de d\u00e9givrage automatique par r\u00e9sistances \u00e9lectriques pour une performance optimale et constante.<\/p>\n\n    <\/div>\n    <div class=\"col-5 col-lg-4 d-none d-md-block\">\n        <div class=\"featured-product\">\n                                                                    <div class=\"bg-dark color-white featured-product-inner\">\n                        <div class=\"image-container\">\n                            <img decoding=\"async\" width=\"1500\" height=\"1000\" src=\"https:\/\/miaft.com\/wp-content\/uploads\/2024\/09\/mia-food-tech-coolstream-670-8-tunnel-raffreddamento-1.jpg\" class=\"img-fluid\" alt=\"\" loading=\"lazy\" srcset=\"https:\/\/miaft.com\/wp-content\/uploads\/2024\/09\/mia-food-tech-coolstream-670-8-tunnel-raffreddamento-1.jpg 1500w, https:\/\/miaft.com\/wp-content\/uploads\/2024\/09\/mia-food-tech-coolstream-670-8-tunnel-raffreddamento-1-150x100.jpg 150w, https:\/\/miaft.com\/wp-content\/uploads\/2024\/09\/mia-food-tech-coolstream-670-8-tunnel-raffreddamento-1-575x383.jpg 575w, https:\/\/miaft.com\/wp-content\/uploads\/2024\/09\/mia-food-tech-coolstream-670-8-tunnel-raffreddamento-1-767x511.jpg 767w, https:\/\/miaft.com\/wp-content\/uploads\/2024\/09\/mia-food-tech-coolstream-670-8-tunnel-raffreddamento-1-991x661.jpg 991w, https:\/\/miaft.com\/wp-content\/uploads\/2024\/09\/mia-food-tech-coolstream-670-8-tunnel-raffreddamento-1-1199x799.jpg 1199w\" sizes=\"(max-width: 1500px) 100vw, 1500px\" \/>                        <\/div>\n                                                    <h6 class=\"mb-2 text-uppercase color-secondary\">\n                                Chocolat                            <\/h6>\n                                                <h4 class=\"mb-0 color-white product-title\">\n                            Syst\u00e8me de refroidissement professionnel automatique Coolstream 670\/8                        <\/h4>\n                                                    <p class=\"mt-3 mb-0\">syst\u00e8me de refroidissement professionnel automatique pour divers types de produits<\/p>\n                                                <div class=\"mt-4\">\n                            <div class=\"oi-block oi-block-layout-button\" ><a href=\"#contact-us\" title=\"\" class=\"btn btn-secondary-fill btn-type-default btn-medium\" >\n    Demande d\u2019informations    <\/a><\/div>                        <\/div>\n                    <\/div>\n                                                    <\/div>\n    <\/div>\n<\/div><\/div>\n\n    <div class=\"oi-block oi-block-layout-space\" style=\"--oi-block-space-xs:75px; --oi-block-space-sm:90px; --oi-block-space-md:90px; --oi-block-space-lg:120px; --oi-block-space-xl:120px; --oi-block-space-xxl:120px\"><\/div>\n\n<\/div>","protected":false},"excerpt":{"rendered":"<p>Syst\u00e8me de refroidissement professionnel automatique pour divers types de produits. Enti\u00e8rement construit en acier inoxydable, le COOLSTREAM 670\/8 dispose d'une bande de refroidissement isol\u00e9e de 8 m\u00e8tres de long, \u00e9quip\u00e9e d'un ruban en polyur\u00e9thane bleu de 670 mm de large.<\/p>\n","protected":false},"featured_media":36960,"parent":0,"menu_order":40,"template":"","meta":{"_seopress_robots_primary_cat":"none","_seopress_titles_title":"","_seopress_titles_desc":"","_seopress_robots_index":"","is_energy_saving":true,"is_for_sale":false,"show_footer_widget":true,"show_related_products":true,"product_subtitle":"syst\u00e8me de refroidissement professionnel automatique pour divers types de produits","product_code":"Coolstream 670\/8","related_products_source":"custom","related_products_list":"[11553,11544,13130,13143]","product_powered_by_title":"","product_powered_by_image":"{}","product_on_sale_label":"","product_on_sale_label_1":"","product_on_sale_label_2":"","product_on_sale_label_3":"","product_on_sale_label_4":"","product_on_sale_label_5":"","footnotes":""},"finished_product":[110],"machine":[118],"processing":[155],"class_list":["post-35542","product","type-product","status-publish","has-post-thumbnail","hentry","finished_product-chocolat","machine-machines-autonomes","processing-refroidissement"],"_links":{"self":[{"href":"https:\/\/miaft.com\/fr\/wp-json\/wp\/v2\/product\/35542"}],"collection":[{"href":"https:\/\/miaft.com\/fr\/wp-json\/wp\/v2\/product"}],"about":[{"href":"https:\/\/miaft.com\/fr\/wp-json\/wp\/v2\/types\/product"}],"version-history":[{"count":2,"href":"https:\/\/miaft.com\/fr\/wp-json\/wp\/v2\/product\/35542\/revisions"}],"predecessor-version":[{"id":35548,"href":"https:\/\/miaft.com\/fr\/wp-json\/wp\/v2\/product\/35542\/revisions\/35548"}],"wp:featuredmedia":[{"embeddable":true,"href":"https:\/\/miaft.com\/fr\/wp-json\/wp\/v2\/media\/36960"}],"wp:attachment":[{"href":"https:\/\/miaft.com\/fr\/wp-json\/wp\/v2\/media?parent=35542"}],"wp:term":[{"taxonomy":"finished_product","embeddable":true,"href":"https:\/\/miaft.com\/fr\/wp-json\/wp\/v2\/finished_product?post=35542"},{"taxonomy":"machine","embeddable":true,"href":"https:\/\/miaft.com\/fr\/wp-json\/wp\/v2\/machine?post=35542"},{"taxonomy":"processing","embeddable":true,"href":"https:\/\/miaft.com\/fr\/wp-json\/wp\/v2\/processing?post=35542"}],"curies":[{"name":"wp","href":"https:\/\/api.w.org\/{rel}","templated":true}]}}