{"id":31038,"date":"2025-10-27T09:32:40","date_gmt":"2025-10-27T08:32:40","guid":{"rendered":"https:\/\/miaft.com\/product\/conca-150-2\/"},"modified":"2025-12-03T10:13:50","modified_gmt":"2025-12-03T09:13:50","slug":"conca-150-2","status":"publish","type":"product","link":"https:\/\/miaft.com\/fr\/product\/conca-150-2\/","title":{"rendered":"Conch"},"content":{"rendered":"\n<div class=\"wp-block-group has-light-background-color has-background is-layout-flow wp-block-group-is-layout-flow\"><div class=\"oi-block oi-block-layout-container container\" style=\"\"  >\n    <div class=\"oi-block oi-block-layout-space\" style=\"--oi-block-space-xs:75px; --oi-block-space-sm:90px; --oi-block-space-md:90px; --oi-block-space-lg:120px; --oi-block-space-xl:120px; --oi-block-space-xxl:120px\"><\/div>\n\n\n<div class=\"oi-block oi-block-layout-container container\" style=\"\"  >\n\n<p><strong>Caract\u00e9ristiques:<\/strong><\/p>\n\n\n\n<ul class=\"wp-block-list\">\n<li>Cuve \u00e0 temp\u00e9rature r\u00e9gul\u00e9e avec deux zones de thermor\u00e9gulation<\/li>\n\n\n\n<li>Mouvement rotatif \u00e0 double effet en contre-phase \u00e0 vitesse contr\u00f4l\u00e9e<\/li>\n\n\n\n<li>Pompe de recirculation \u00e0 turbine \u00e0 vitesse r\u00e9gul\u00e9e<\/li>\n\n\n\n<li>Tuyauterie de recirculation du produit \u00e0 temp\u00e9rature r\u00e9gul\u00e9e<\/li>\n<\/ul>\n\n<\/div>\n\n\n<div class=\"wp-block-columns is-layout-flex wp-container-core-columns-is-layout-1 wp-block-columns-is-layout-flex\">\n<div class=\"wp-block-column is-layout-flow wp-block-column-is-layout-flow\"><div class=\"oi-block oi-block-layout-container container\" style=\"\"  >\n\n<p><strong>Donn\u00e9es techniques CH150:<\/strong><\/p>\n\n\n\n<ul class=\"wp-block-list\">\n<li>PRODUCTION\u00a0: 150\u00a0kg\/lot<\/li>\n\n\n\n<li>PUISSANCE\u00a0: 4\u00a0kW triphas\u00e9 400\u00a0V 50\u00a0Hz<\/li>\n\n\n\n<li>DIMENSIONS\u00a0: L\u00a01000\u00a0mm\u00a0 L\u00a0925\u00a0mm\u00a0 H\u00a01250\u00a0mm<\/li>\n\n\n\n<li>POIDS\u00a0: 300\u00a0kg<\/li>\n<\/ul>\n\n<\/div><\/div>\n\n\n\n<div class=\"wp-block-column is-layout-flow wp-block-column-is-layout-flow\"><div class=\"oi-block oi-block-layout-container container\" style=\"\"  >\n\n<p><strong>Donn\u00e9es techniques CH250:<\/strong><\/p>\n\n\n\n<ul class=\"wp-block-list\">\n<li>PRODUCTION\u00a0: 250\u00a0kg\/lot<\/li>\n\n\n\n<li>PUISSANCE\u00a0: 6\u00a0kW triphas\u00e9 400\u00a0V 50\u00a0Hz<\/li>\n\n\n\n<li>DIMENSIONS\u00a0: L\u00a01000\u00a0mm\u00a0 L\u00a0925\u00a0mm\u00a0 H\u00a01450\u00a0mm<\/li>\n\n\n\n<li>POIDS\u00a0: 330\u00a0kg<\/li>\n<\/ul>\n\n<\/div><\/div>\n<\/div>\n\n\n    <div class=\"oi-block oi-block-layout-space\" style=\"--oi-block-space-xs:75px; --oi-block-space-sm:90px; --oi-block-space-md:90px; --oi-block-space-lg:120px; --oi-block-space-xl:120px; --oi-block-space-xxl:120px\"><\/div>\n\n<\/div><\/div>\n\n\n<div class=\"oi-block oi-block-layout-container container\" style=\"\"  >\n    <div class=\"oi-block oi-block-layout-space\" style=\"--oi-block-space-xs:75px; --oi-block-space-sm:90px; --oi-block-space-md:90px; --oi-block-space-lg:120px; --oi-block-space-xl:120px; --oi-block-space-xxl:120px\"><\/div>\n\n\n<div class=\"oi-block oi-block-product-content\" >\n<div class=\"row justify-content-between\">\n    <div class=\"col-12 col-md-6 col-lg-5\">\n        \n\n<h3 class=\"wp-block-heading has-primary-color has-text-color has-link-color wp-elements-9c78d308a42a1cc69ad659d947f79142\"><strong>Conch 150<\/strong> \/ 250<\/h3>\n\n\n    <div class=\"oi-block oi-block-layout-space\" style=\"--oi-block-space-xs:30px; --oi-block-space-sm:30px; --oi-block-space-md:30px; --oi-block-space-lg:30px; --oi-block-space-xl:30px; --oi-block-space-xxl:30px\"><\/div>\n\n\n\n<p>La Conca est la derni\u00e8re innovation de Mia Food Tech, compl\u00e9tant la cha\u00eene d'approvisionnement \u00ab&nbsp;De la f\u00e8ve \u00e0 la tablette&nbsp;\u00bb. La combinaison de la chaleur, du brassage et de la circulation du chocolat \u00e9limine les caract\u00e9ristiques n\u00e9gatives telles que l'humidit\u00e9 et l'acidit\u00e9, pour une consistance lisse, velout\u00e9e et homog\u00e8ne.<\/p>\n\n\n\n<p>La cuve chauff\u00e9e \u00e9lectriquement est \u00e9quip\u00e9e d'une pompe volum\u00e9trique professionnelle pour assurer une circulation constante du produit. Le syst\u00e8me de conchage interne est \u00e9quip\u00e9 de doubles rotors orbitaux rotatifs qui enveloppent le chocolat dans un vortex continu et contr\u00f4l\u00e9.<\/p>\n\n    <\/div>\n    <div class=\"col-5 col-lg-4 d-none d-md-block\">\n        <div class=\"featured-product\">\n                                                                    <div class=\"bg-dark color-white featured-product-inner\">\n                        <div class=\"image-container\">\n                            <img decoding=\"async\" width=\"1500\" height=\"1500\" src=\"https:\/\/miaft.com\/wp-content\/uploads\/2025\/10\/mia-conca-150-1.jpg\" class=\"img-fluid\" alt=\"\" loading=\"lazy\" srcset=\"https:\/\/miaft.com\/wp-content\/uploads\/2025\/10\/mia-conca-150-1.jpg 1500w, https:\/\/miaft.com\/wp-content\/uploads\/2025\/10\/mia-conca-150-1-150x150.jpg 150w, https:\/\/miaft.com\/wp-content\/uploads\/2025\/10\/mia-conca-150-1-575x575.jpg 575w, https:\/\/miaft.com\/wp-content\/uploads\/2025\/10\/mia-conca-150-1-767x767.jpg 767w, https:\/\/miaft.com\/wp-content\/uploads\/2025\/10\/mia-conca-150-1-991x991.jpg 991w, https:\/\/miaft.com\/wp-content\/uploads\/2025\/10\/mia-conca-150-1-1199x1199.jpg 1199w\" sizes=\"(max-width: 1500px) 100vw, 1500px\" \/>                        <\/div>\n                                                    <h6 class=\"mb-2 text-uppercase color-secondary\">\n                                Chocolat                            <\/h6>\n                                                <h4 class=\"mb-0 color-white product-title\">\n                            Conch                        <\/h4>\n                                                    <p class=\"mt-3 mb-0\">Fondoir et m\u00e9langeur de chocolat professionnel pour conchage<\/p>\n                                                <div class=\"mt-4\">\n                            <div class=\"oi-block oi-block-layout-button\" ><a href=\"#contact-us\" title=\"\" class=\"btn btn-secondary-fill btn-type-default btn-medium\" >\n    Demande d\u2019informations    <\/a><\/div>                        <\/div>\n                    <\/div>\n                                                    <\/div>\n    <\/div>\n<\/div><\/div>\n\n    <div class=\"oi-block oi-block-layout-space\" style=\"--oi-block-space-xs:75px; --oi-block-space-sm:90px; --oi-block-space-md:90px; --oi-block-space-lg:120px; --oi-block-space-xl:120px; --oi-block-space-xxl:120px\"><\/div>\n\n\n<div class=\"oi-block oi-block-carousel\" ><div class=\"carousel-container overflowed-carousel\">\n    <div class=\"splide block-carousel\" data-splide='{\"arrows\":false,\"pagination\":false,\"perPage\":3,\"gap\":30,\"type\":\"slide\",\"rewind\":false}'>\n        <div class=\"splide__track\">\n            <ul class=\"splide__list\">\n                \n\n<figure class=\"wp-block-image size-full\"><img loading=\"lazy\" decoding=\"async\" width=\"1500\" height=\"1500\" src=\"https:\/\/miaft.com\/wp-content\/uploads\/2025\/10\/mia-conca-150-2.jpg\" alt=\"conca 150\" class=\"wp-image-30944\" srcset=\"https:\/\/miaft.com\/wp-content\/uploads\/2025\/10\/mia-conca-150-2.jpg 1500w, https:\/\/miaft.com\/wp-content\/uploads\/2025\/10\/mia-conca-150-2-150x150.jpg 150w, https:\/\/miaft.com\/wp-content\/uploads\/2025\/10\/mia-conca-150-2-575x575.jpg 575w, https:\/\/miaft.com\/wp-content\/uploads\/2025\/10\/mia-conca-150-2-767x767.jpg 767w, https:\/\/miaft.com\/wp-content\/uploads\/2025\/10\/mia-conca-150-2-991x991.jpg 991w, https:\/\/miaft.com\/wp-content\/uploads\/2025\/10\/mia-conca-150-2-1199x1199.jpg 1199w\" sizes=\"(max-width: 1500px) 100vw, 1500px\" \/><\/figure>\n\n\n\n<figure class=\"wp-block-image size-full\"><img loading=\"lazy\" decoding=\"async\" width=\"1000\" height=\"1500\" src=\"https:\/\/miaft.com\/wp-content\/uploads\/2025\/10\/mia-conca-150-3.jpg\" alt=\"conca 150\" class=\"wp-image-30949\" srcset=\"https:\/\/miaft.com\/wp-content\/uploads\/2025\/10\/mia-conca-150-3.jpg 1000w, https:\/\/miaft.com\/wp-content\/uploads\/2025\/10\/mia-conca-150-3-150x225.jpg 150w, https:\/\/miaft.com\/wp-content\/uploads\/2025\/10\/mia-conca-150-3-575x863.jpg 575w, https:\/\/miaft.com\/wp-content\/uploads\/2025\/10\/mia-conca-150-3-767x1151.jpg 767w, https:\/\/miaft.com\/wp-content\/uploads\/2025\/10\/mia-conca-150-3-991x1487.jpg 991w\" sizes=\"(max-width: 1000px) 100vw, 1000px\" \/><\/figure>\n\n            <\/ul>\n        <\/div>\n        <div class=\"carousel-progress mt-5\">\n            <div class=\"carousel-progress-bar\"><\/div>\n        <\/div>\n    <\/div>\n<\/div><\/div>\n\n\n<div id=\"video\" class=\"wp-block-group is-layout-flow wp-block-group-is-layout-flow\">    <div class=\"oi-block oi-block-layout-space\" style=\"--oi-block-space-xs:75px; --oi-block-space-sm:90px; --oi-block-space-md:90px; --oi-block-space-lg:120px; --oi-block-space-xl:120px; --oi-block-space-xxl:120px\"><\/div>\n\n\n\n<h3 class=\"wp-block-heading has-primary-color has-text-color has-link-color wp-elements-7a42eedd0141a170c6f79cf2194e177d\">Fondoir et m\u00e9langeur de chocolat professionnel pour conchage<\/h3>\n\n\n    <div class=\"oi-block oi-block-layout-space\" style=\"--oi-block-space-xs:50px; --oi-block-space-sm:50px; --oi-block-space-md:50px; --oi-block-space-lg:50px; --oi-block-space-xl:50px; --oi-block-space-xxl:50px\"><\/div>\n\n\n<div class=\"oi-block oi-block-youtube-video-container\" ><div class=\"video-container open-lightbox\">\n    <div class=\"video-inner\">\n        \n\n    <\/div>\n    <\/div>\n<\/div><\/div>\n\n\n    <div class=\"oi-block oi-block-layout-space\" style=\"--oi-block-space-xs:75px; --oi-block-space-sm:90px; --oi-block-space-md:90px; --oi-block-space-lg:120px; --oi-block-space-xl:120px; --oi-block-space-xxl:120px\"><\/div>\n\n<\/div>","protected":false},"excerpt":{"rendered":"<p>Le conchage est une \u00e9tape cruciale pour transformer la p\u00e2te de cacao en chocolat de haute qualit\u00e9. Il consiste \u00e0 remuer continuellement la p\u00e2te de cacao \u00e0 haute temp\u00e9rature jusqu'\u00e0 obtenir une consistance lisse, velout\u00e9e et homog\u00e8ne, exempte d'acidit\u00e9 et d'humidit\u00e9.<\/p>\n","protected":false},"featured_media":30938,"parent":0,"menu_order":25,"template":"","meta":{"_seopress_robots_primary_cat":"none","_seopress_titles_title":"","_seopress_titles_desc":"","_seopress_robots_index":"","is_energy_saving":true,"is_for_sale":false,"show_footer_widget":true,"show_related_products":true,"product_subtitle":"Fondoir et m\u00e9langeur de chocolat professionnel pour conchage","product_code":"CH 150 \/ CH 250","related_products_source":"custom","related_products_list":"[13143,1211,1220,1224,11538,11540,11542,11536,9723,9726,9731,13130,13115,13118,13124]","product_powered_by_title":"","product_powered_by_image":"null","product_on_sale_label":"","product_on_sale_label_1":"","product_on_sale_label_2":"","product_on_sale_label_3":"","product_on_sale_label_4":"","product_on_sale_label_5":"","footnotes":""},"finished_product":[110],"machine":[118],"processing":[151],"class_list":["post-31038","product","type-product","status-publish","has-post-thumbnail","hentry","finished_product-chocolat","machine-machines-autonomes","processing-conchage"],"_links":{"self":[{"href":"https:\/\/miaft.com\/fr\/wp-json\/wp\/v2\/product\/31038"}],"collection":[{"href":"https:\/\/miaft.com\/fr\/wp-json\/wp\/v2\/product"}],"about":[{"href":"https:\/\/miaft.com\/fr\/wp-json\/wp\/v2\/types\/product"}],"version-history":[{"count":2,"href":"https:\/\/miaft.com\/fr\/wp-json\/wp\/v2\/product\/31038\/revisions"}],"predecessor-version":[{"id":33047,"href":"https:\/\/miaft.com\/fr\/wp-json\/wp\/v2\/product\/31038\/revisions\/33047"}],"wp:featuredmedia":[{"embeddable":true,"href":"https:\/\/miaft.com\/fr\/wp-json\/wp\/v2\/media\/30938"}],"wp:attachment":[{"href":"https:\/\/miaft.com\/fr\/wp-json\/wp\/v2\/media?parent=31038"}],"wp:term":[{"taxonomy":"finished_product","embeddable":true,"href":"https:\/\/miaft.com\/fr\/wp-json\/wp\/v2\/finished_product?post=31038"},{"taxonomy":"machine","embeddable":true,"href":"https:\/\/miaft.com\/fr\/wp-json\/wp\/v2\/machine?post=31038"},{"taxonomy":"processing","embeddable":true,"href":"https:\/\/miaft.com\/fr\/wp-json\/wp\/v2\/processing?post=31038"}],"curies":[{"name":"wp","href":"https:\/\/api.w.org\/{rel}","templated":true}]}}