{"id":13143,"date":"2024-05-22T16:06:19","date_gmt":"2024-05-22T14:06:19","guid":{"rendered":"https:\/\/miaft.com\/product\/nastro-ricopritore-el430-630-max\/"},"modified":"2025-09-04T10:34:45","modified_gmt":"2025-09-04T08:34:45","slug":"nastro-ricopritore-el430-630-max","status":"publish","type":"product","link":"https:\/\/miaft.com\/fr\/product\/nastro-ricopritore-el430-630-max\/","title":{"rendered":"Convoyeur d\u2019enrobage EL430\/630-MAX"},"content":{"rendered":"\n<div class=\"wp-block-group has-light-background-color has-background is-layout-flow wp-block-group-is-layout-flow\"><div class=\"oi-block oi-block-layout-container container\" style=\"\"  >\n    <div class=\"oi-block oi-block-layout-space\" style=\"--oi-block-space-xs:75px; --oi-block-space-sm:90px; --oi-block-space-md:90px; --oi-block-space-lg:120px; --oi-block-space-xl:120px; --oi-block-space-xxl:120px\"><\/div>\n\n\n    <div class=\"oi-block oi-block-layout-row row  row-vertical-gap\">\n        \n<div class=\"oi-block oi-block-layout-row-column col-12 col-sm-12 col-md-12 col-lg-6 col-xl-5 col-xxl-5\" style=\"\" >\n\n<h3 class=\"wp-block-heading has-primary-color has-text-color has-link-color wp-elements-695914baea5afc54b38b5534b4f5605a\">Caract\u00e9ristiques techniques<\/h3>\n\n\n    <div class=\"oi-block oi-block-layout-space\" style=\"--oi-block-space-xs:30px; --oi-block-space-sm:30px; --oi-block-space-md:30px; --oi-block-space-lg:30px; --oi-block-space-xl:30px; --oi-block-space-xxl:30px\"><\/div>\n\n\n\n<ul class=\"wp-block-list\">\n<li>CONSOMMATION: raccordement au panneau de la temp\u00e9reuse au moyen de prises d\u00e9di\u00e9es<\/li>\n\n\n\n<li>ENCOMBREMENT: Longueur: 1050 mm, Largeur: 1200 mm, Hauteur: 1350 mm, Poids:&nbsp;140 kg<\/li>\n<\/ul>\n\n<\/div>\n\n<div class=\"oi-block oi-block-layout-row-column col-0 col-sm-0 col-md-0 col-lg-0 col-xl-1 col-xxl-1 d-none d-sm-none d-md-none d-lg-none d-xl-block d-xxl-block\" style=\"\" ><\/div>\n    <\/div>\n\n\n    <div class=\"oi-block oi-block-layout-space\" style=\"--oi-block-space-xs:75px; --oi-block-space-sm:90px; --oi-block-space-md:90px; --oi-block-space-lg:120px; --oi-block-space-xl:120px; --oi-block-space-xxl:120px\"><\/div>\n\n<\/div><\/div>\n\n\n<div class=\"oi-block oi-block-layout-container container\" style=\"\"  >\n    <div class=\"oi-block oi-block-layout-space\" style=\"--oi-block-space-xs:75px; --oi-block-space-sm:90px; --oi-block-space-md:90px; --oi-block-space-lg:120px; --oi-block-space-xl:120px; --oi-block-space-xxl:120px\"><\/div>\n\n\n<div class=\"oi-block oi-block-product-content\" >\n<div class=\"row justify-content-between\">\n    <div class=\"col-12 col-md-6 col-lg-5\">\n        \n\n<h3 class=\"wp-block-heading has-primary-color has-text-color has-link-color wp-elements-d3f7a7cc6c0bd4abaaa5e08cfdebbd9f\"><strong>Convoyeur d\u2019enrobage EL430\/630-MAX<\/strong><\/h3>\n\n\n\n<p>Les convoyeurs d\u2019enrobage de la gamme MAX ont \u00e9t\u00e9 con\u00e7us pour compl\u00e9ter la temp\u00e9reuse TM120-MAX.<\/p>\n\n\n\n<p>Ils peuvent \u00eatre fournis avec des treillis de 430 mm et 630 mm afin d\u2019\u00eatre facilement install\u00e9s sur nos lignes EASY BARS, MINY BARS, MINY BARS COOL-WARM et LC 240\/320\/420.<\/p>\n\n\n\n<p>Toutes les fonctions sont enti\u00e8rement param\u00e9trables pour garantir un contr\u00f4le pr\u00e9cis et constant du cycle d'enrobage.<\/p>\n\n\n\n<p>Le capot prot\u00e8ge les parties mobiles et garantit en m\u00eame temps une temp\u00e9rature uniforme dans toute la zone de travail.&nbsp; Depuis le panneau de commande de la temp\u00e9reuse TM120-MAX, il est possible de contr\u00f4ler toutes les fonctions, notamment:<\/p>\n\n\n\n<ul class=\"wp-block-list\">\n<li>D\u00e9marrage\/arr\u00eat du treillis avec r\u00e9glage de la vitesse<\/li>\n\n\n\n<li>D\u00e9marrage\/arr\u00eat du souffleur d\u2019\u00e9gouttage et r\u00e9glage de la vitesse<\/li>\n\n\n\n<li>D\u00e9marrage\/arr\u00eat du rouleau coupe-queue et thermor\u00e9gulation de la tige<\/li>\n\n\n\n<li>Thermor\u00e9gulation de la zone sous capot par lampe chauffante<\/li>\n\n\n\n<li>\u00c9clairage LED de la zone de travail<\/li>\n<\/ul>\n\n    <\/div>\n    <div class=\"col-5 col-lg-4 d-none d-md-block\">\n        <div class=\"featured-product\">\n                                                                    <div class=\"bg-dark color-white featured-product-inner\">\n                        <div class=\"image-container\">\n                            <img decoding=\"async\" width=\"1257\" height=\"1500\" src=\"https:\/\/miaft.com\/wp-content\/uploads\/2024\/05\/nastro-ricopritore-el-430-630-max-1.jpg\" class=\"img-fluid\" alt=\"\" loading=\"lazy\" srcset=\"https:\/\/miaft.com\/wp-content\/uploads\/2024\/05\/nastro-ricopritore-el-430-630-max-1.jpg 1257w, https:\/\/miaft.com\/wp-content\/uploads\/2024\/05\/nastro-ricopritore-el-430-630-max-1-150x179.jpg 150w, https:\/\/miaft.com\/wp-content\/uploads\/2024\/05\/nastro-ricopritore-el-430-630-max-1-575x686.jpg 575w, https:\/\/miaft.com\/wp-content\/uploads\/2024\/05\/nastro-ricopritore-el-430-630-max-1-767x915.jpg 767w, https:\/\/miaft.com\/wp-content\/uploads\/2024\/05\/nastro-ricopritore-el-430-630-max-1-991x1183.jpg 991w, https:\/\/miaft.com\/wp-content\/uploads\/2024\/05\/nastro-ricopritore-el-430-630-max-1-1199x1431.jpg 1199w\" sizes=\"(max-width: 1257px) 100vw, 1257px\" \/>                        <\/div>\n                                                    <h6 class=\"mb-2 text-uppercase color-secondary\">\n                                Chocolat                            <\/h6>\n                                                <h4 class=\"mb-0 color-white product-title\">\n                            Convoyeur d\u2019enrobage EL430\/630-MAX                        <\/h4>\n                                                    <p class=\"mt-3 mb-0\">Convoyeur d\u2019enrobage au chocolat<\/p>\n                                                <div class=\"mt-4\">\n                            <div class=\"oi-block oi-block-layout-button\" ><a href=\"#contact-us\" title=\"\" class=\"btn btn-secondary-fill btn-type-default btn-medium\" >\n    Demande d\u2019informations    <\/a><\/div>                        <\/div>\n                    <\/div>\n                                                    <\/div>\n    <\/div>\n<\/div><\/div>\n\n    <div class=\"oi-block oi-block-layout-space\" style=\"--oi-block-space-xs:75px; --oi-block-space-sm:90px; --oi-block-space-md:90px; --oi-block-space-lg:120px; --oi-block-space-xl:120px; --oi-block-space-xxl:120px\"><\/div>\n\n\n<div class=\"oi-block oi-block-carousel\" ><div class=\"carousel-container overflowed-carousel\">\n    <div class=\"splide block-carousel\" data-splide='{\"arrows\":false,\"pagination\":false,\"perPage\":3,\"gap\":30,\"type\":\"slide\",\"rewind\":false}'>\n        <div class=\"splide__track\">\n            <ul class=\"splide__list\">\n                \n\n<figure class=\"wp-block-image size-full\"><img loading=\"lazy\" decoding=\"async\" width=\"1500\" height=\"1500\" src=\"https:\/\/miaft.com\/wp-content\/uploads\/2024\/05\/nastro-ricopritore-el-430-630-max-2.jpg\" alt=\"\" class=\"wp-image-27750\" srcset=\"https:\/\/miaft.com\/wp-content\/uploads\/2024\/05\/nastro-ricopritore-el-430-630-max-2.jpg 1500w, https:\/\/miaft.com\/wp-content\/uploads\/2024\/05\/nastro-ricopritore-el-430-630-max-2-150x150.jpg 150w, https:\/\/miaft.com\/wp-content\/uploads\/2024\/05\/nastro-ricopritore-el-430-630-max-2-575x575.jpg 575w, https:\/\/miaft.com\/wp-content\/uploads\/2024\/05\/nastro-ricopritore-el-430-630-max-2-767x767.jpg 767w, https:\/\/miaft.com\/wp-content\/uploads\/2024\/05\/nastro-ricopritore-el-430-630-max-2-991x991.jpg 991w, https:\/\/miaft.com\/wp-content\/uploads\/2024\/05\/nastro-ricopritore-el-430-630-max-2-1199x1199.jpg 1199w\" sizes=\"(max-width: 1500px) 100vw, 1500px\" \/><\/figure>\n\n\n\n<figure class=\"wp-block-image size-full\"><img loading=\"lazy\" decoding=\"async\" width=\"1500\" height=\"1500\" src=\"https:\/\/miaft.com\/wp-content\/uploads\/2024\/05\/nastro-ricopritore-el-430-630-max-3.jpg\" alt=\"\" class=\"wp-image-27755\" srcset=\"https:\/\/miaft.com\/wp-content\/uploads\/2024\/05\/nastro-ricopritore-el-430-630-max-3.jpg 1500w, https:\/\/miaft.com\/wp-content\/uploads\/2024\/05\/nastro-ricopritore-el-430-630-max-3-150x150.jpg 150w, https:\/\/miaft.com\/wp-content\/uploads\/2024\/05\/nastro-ricopritore-el-430-630-max-3-575x575.jpg 575w, https:\/\/miaft.com\/wp-content\/uploads\/2024\/05\/nastro-ricopritore-el-430-630-max-3-767x767.jpg 767w, https:\/\/miaft.com\/wp-content\/uploads\/2024\/05\/nastro-ricopritore-el-430-630-max-3-991x991.jpg 991w, https:\/\/miaft.com\/wp-content\/uploads\/2024\/05\/nastro-ricopritore-el-430-630-max-3-1199x1199.jpg 1199w\" sizes=\"(max-width: 1500px) 100vw, 1500px\" \/><\/figure>\n\n\n\n<figure class=\"wp-block-image size-full\"><img loading=\"lazy\" decoding=\"async\" width=\"1500\" height=\"1500\" src=\"https:\/\/miaft.com\/wp-content\/uploads\/2024\/05\/nastro-ricopritore-el-430-630-max-4.jpg\" alt=\"\" class=\"wp-image-27760\" srcset=\"https:\/\/miaft.com\/wp-content\/uploads\/2024\/05\/nastro-ricopritore-el-430-630-max-4.jpg 1500w, https:\/\/miaft.com\/wp-content\/uploads\/2024\/05\/nastro-ricopritore-el-430-630-max-4-150x150.jpg 150w, https:\/\/miaft.com\/wp-content\/uploads\/2024\/05\/nastro-ricopritore-el-430-630-max-4-575x575.jpg 575w, https:\/\/miaft.com\/wp-content\/uploads\/2024\/05\/nastro-ricopritore-el-430-630-max-4-767x767.jpg 767w, https:\/\/miaft.com\/wp-content\/uploads\/2024\/05\/nastro-ricopritore-el-430-630-max-4-991x991.jpg 991w, https:\/\/miaft.com\/wp-content\/uploads\/2024\/05\/nastro-ricopritore-el-430-630-max-4-1199x1199.jpg 1199w\" sizes=\"(max-width: 1500px) 100vw, 1500px\" \/><\/figure>\n\n            <\/ul>\n        <\/div>\n        <div class=\"carousel-progress mt-5\">\n            <div class=\"carousel-progress-bar\"><\/div>\n        <\/div>\n    <\/div>\n<\/div><\/div>\n\n    <div class=\"oi-block oi-block-layout-space\" style=\"--oi-block-space-xs:75px; --oi-block-space-sm:90px; --oi-block-space-md:90px; --oi-block-space-lg:120px; --oi-block-space-xl:120px; --oi-block-space-xxl:120px\"><\/div>\n\n<\/div>","protected":false},"excerpt":{"rendered":"<p>Les convoyeurs d'enrobage EL430\/630-MAX, associ\u00e9s \u00e0 la temp\u00e9reuse TM120-MAX, sont de v\u00e9ritables stations d'enrobage pour lignes de production industrielles. <\/p>\n","protected":false},"featured_media":27744,"parent":0,"menu_order":45,"template":"","meta":{"_seopress_robots_primary_cat":"none","_seopress_titles_title":"","_seopress_titles_desc":"","_seopress_robots_index":"","is_energy_saving":false,"is_for_sale":false,"show_footer_widget":true,"show_related_products":true,"product_subtitle":"Convoyeur d\u2019enrobage au chocolat","product_code":"EL430\/630-MAX","related_products_source":"custom","related_products_list":"[11544,13130]","product_powered_by_title":"","product_powered_by_image":"null","product_on_sale_label":"","product_on_sale_label_1":"","product_on_sale_label_2":"","product_on_sale_label_3":"","product_on_sale_label_4":"","product_on_sale_label_5":"","footnotes":""},"finished_product":[110],"machine":[118],"processing":[148],"class_list":["post-13143","product","type-product","status-publish","has-post-thumbnail","hentry","finished_product-chocolat","machine-machines-autonomes","processing-enrobage"],"_links":{"self":[{"href":"https:\/\/miaft.com\/fr\/wp-json\/wp\/v2\/product\/13143"}],"collection":[{"href":"https:\/\/miaft.com\/fr\/wp-json\/wp\/v2\/product"}],"about":[{"href":"https:\/\/miaft.com\/fr\/wp-json\/wp\/v2\/types\/product"}],"version-history":[{"count":3,"href":"https:\/\/miaft.com\/fr\/wp-json\/wp\/v2\/product\/13143\/revisions"}],"predecessor-version":[{"id":27766,"href":"https:\/\/miaft.com\/fr\/wp-json\/wp\/v2\/product\/13143\/revisions\/27766"}],"wp:featuredmedia":[{"embeddable":true,"href":"https:\/\/miaft.com\/fr\/wp-json\/wp\/v2\/media\/27744"}],"wp:attachment":[{"href":"https:\/\/miaft.com\/fr\/wp-json\/wp\/v2\/media?parent=13143"}],"wp:term":[{"taxonomy":"finished_product","embeddable":true,"href":"https:\/\/miaft.com\/fr\/wp-json\/wp\/v2\/finished_product?post=13143"},{"taxonomy":"machine","embeddable":true,"href":"https:\/\/miaft.com\/fr\/wp-json\/wp\/v2\/machine?post=13143"},{"taxonomy":"processing","embeddable":true,"href":"https:\/\/miaft.com\/fr\/wp-json\/wp\/v2\/processing?post=13143"}],"curies":[{"name":"wp","href":"https:\/\/api.w.org\/{rel}","templated":true}]}}