{"id":13139,"date":"2024-05-22T16:05:22","date_gmt":"2024-05-22T14:05:22","guid":{"rendered":"https:\/\/miaft.com\/product\/nastro-ricopritore-el200p-eco\/"},"modified":"2025-09-04T10:07:12","modified_gmt":"2025-09-04T08:07:12","slug":"nastro-ricopritore-el200p-eco","status":"publish","type":"product","link":"https:\/\/miaft.com\/fr\/product\/nastro-ricopritore-el200p-eco\/","title":{"rendered":"Convoyeur d\u2019enrobage EL200P-ECO"},"content":{"rendered":"\n<div class=\"wp-block-group has-light-background-color has-background is-layout-flow wp-block-group-is-layout-flow\"><div class=\"oi-block oi-block-layout-container container\" style=\"\"  >\n    <div class=\"oi-block oi-block-layout-space\" style=\"--oi-block-space-xs:75px; --oi-block-space-sm:90px; --oi-block-space-md:90px; --oi-block-space-lg:120px; --oi-block-space-xl:120px; --oi-block-space-xxl:120px\"><\/div>\n\n\n    <div class=\"oi-block oi-block-layout-row row  row-vertical-gap\">\n        \n<div class=\"oi-block oi-block-layout-row-column col-12 col-sm-12 col-md-12 col-lg-6 col-xl-5 col-xxl-5\" style=\"\" >\n\n<h3 class=\"wp-block-heading has-primary-color has-text-color has-link-color wp-elements-695914baea5afc54b38b5534b4f5605a\">Caract\u00e9ristiques techniques<\/h3>\n\n\n    <div class=\"oi-block oi-block-layout-space\" style=\"--oi-block-space-xs:30px; --oi-block-space-sm:30px; --oi-block-space-md:30px; --oi-block-space-lg:30px; --oi-block-space-xl:30px; --oi-block-space-xxl:30px\"><\/div>\n\n\n\n<ul class=\"wp-block-list\">\n<li>CONSOMMATION: 0,5 kW, 220 V monophas\u00e9, 50\/60 Hz (raccordement dans le panneau de commande de la temp\u00e9reuse)<\/li>\n\n\n\n<li>ENCOMBREMENT CONVOYEUR FERM\u00c9: 500 x 530 x 1755 mm<\/li>\n\n\n\n<li>ENCOMBREMENT CONVOYEUR OUVERT: 1740 x 530 x 1260 mm<\/li>\n\n\n\n<li>Poids: 72 kg<\/li>\n<\/ul>\n\n<\/div>\n\n<div class=\"oi-block oi-block-layout-row-column col-0 col-sm-0 col-md-0 col-lg-0 col-xl-1 col-xxl-1 d-none d-sm-none d-md-none d-lg-none d-xl-block d-xxl-block\" style=\"\" ><\/div>\n\n<div class=\"oi-block oi-block-layout-row-column col-12 col-sm-12 col-md-12 col-lg-6 col-xl-5 col-xxl-5\" style=\"\" >\n\n<h3 class=\"wp-block-heading has-primary-color has-text-color has-link-color wp-elements-4286b52c19d053849ec458bce1e0bfe2\">Accessoires fournis avec la machine<\/h3>\n\n\n    <div class=\"oi-block oi-block-layout-space\" style=\"--oi-block-space-xs:30px; --oi-block-space-sm:30px; --oi-block-space-md:30px; --oi-block-space-lg:30px; --oi-block-space-xl:30px; --oi-block-space-xxl:30px\"><\/div>\n\n\n\n<ul class=\"wp-block-list\">\n<li>2 rouleaux de papier de largeur 200 mm<\/li>\n<\/ul>\n\n<\/div>\n    <\/div>\n\n\n    <div class=\"oi-block oi-block-layout-space\" style=\"--oi-block-space-xs:75px; --oi-block-space-sm:90px; --oi-block-space-md:90px; --oi-block-space-lg:120px; --oi-block-space-xl:120px; --oi-block-space-xxl:120px\"><\/div>\n\n<\/div><\/div>\n\n\n<div class=\"oi-block oi-block-layout-container container\" style=\"\"  >\n    <div class=\"oi-block oi-block-layout-space\" style=\"--oi-block-space-xs:75px; --oi-block-space-sm:90px; --oi-block-space-md:90px; --oi-block-space-lg:120px; --oi-block-space-xl:120px; --oi-block-space-xxl:120px\"><\/div>\n\n\n<div class=\"oi-block oi-block-product-content\" >\n<div class=\"row justify-content-between\">\n    <div class=\"col-12 col-md-6 col-lg-5\">\n        \n\n<h3 class=\"wp-block-heading has-primary-color has-text-color has-link-color wp-elements-3ae9c26ae4b57313e86ce04c9955a3ab\"><strong>Convoyeur d\u2019enrobage EL200P-ECO<\/strong><\/h3>\n\n\n    <div class=\"oi-block oi-block-layout-space\" style=\"--oi-block-space-xs:30px; --oi-block-space-sm:30px; --oi-block-space-md:30px; --oi-block-space-lg:30px; --oi-block-space-xl:30px; --oi-block-space-xxl:30px\"><\/div>\n\n\n\n<p>Le convoyeur d\u2019enrobage EL200P-ECO (uniquement pour l\u2019enrobage de la partie inf\u00e9rieure du produit) est constitu\u00e9 de trois stations :<\/p>\n\n\n\n<ul class=\"wp-block-list\">\n<li>Station de chargement des produits sur treillis de 200 mm<\/li>\n\n\n\n<li>Station d'enrobage \u00e9quip\u00e9e d'un syst\u00e8me de vibration m\u00e9canique (pour uniformiser le produit distribu\u00e9) et d'un souffleur \u00e0 intensit\u00e9 r\u00e9glable (pour l\u2019\u00e9gouttage du produit en exc\u00e8s).<\/li>\n\n\n\n<li>Station de d\u00e9chargement des produits sur convoyeur recouvert de papier alimentaire. La vitesse du convoyeur peut \u00eatre r\u00e9gl\u00e9e \u00e0 l'aide d'un potentiom\u00e8tre situ\u00e9 \u00e0 l'avant du panneau de commande.<\/li>\n\n\n\n<li>Compatible avec toutes les temp\u00e9reuses des gammes ECO et PRO (\u00e0 l'exception de la TM12-PRO).<\/li>\n<\/ul>\n\n    <\/div>\n    <div class=\"col-5 col-lg-4 d-none d-md-block\">\n        <div class=\"featured-product\">\n                                                                    <div class=\"bg-dark color-white featured-product-inner\">\n                        <div class=\"image-container\">\n                            <img decoding=\"async\" width=\"684\" height=\"1500\" src=\"https:\/\/miaft.com\/wp-content\/uploads\/2024\/05\/nastro-ricopritore-el200p-eco-1.jpg\" class=\"img-fluid\" alt=\"\" loading=\"lazy\" srcset=\"https:\/\/miaft.com\/wp-content\/uploads\/2024\/05\/nastro-ricopritore-el200p-eco-1.jpg 684w, https:\/\/miaft.com\/wp-content\/uploads\/2024\/05\/nastro-ricopritore-el200p-eco-1-150x329.jpg 150w, https:\/\/miaft.com\/wp-content\/uploads\/2024\/05\/nastro-ricopritore-el200p-eco-1-575x1261.jpg 575w\" sizes=\"(max-width: 684px) 100vw, 684px\" \/>                        <\/div>\n                                                    <h6 class=\"mb-2 text-uppercase color-secondary\">\n                                Chocolat                            <\/h6>\n                                                <h4 class=\"mb-0 color-white product-title\">\n                            Convoyeur d\u2019enrobage EL200P-ECO                        <\/h4>\n                                                    <p class=\"mt-3 mb-0\">Convoyeur d'enrobage au chocolat (uniquement pour l\u2019enrobage de la partie inf\u00e9rieure) <\/p>\n                                                <div class=\"mt-4\">\n                            <div class=\"oi-block oi-block-layout-button\" ><a href=\"#contact-us\" title=\"\" class=\"btn btn-secondary-fill btn-type-default btn-medium\" >\n    Demande d\u2019informations    <\/a><\/div>                        <\/div>\n                    <\/div>\n                                                    <\/div>\n    <\/div>\n<\/div><\/div>\n\n    <div class=\"oi-block oi-block-layout-space\" style=\"--oi-block-space-xs:75px; --oi-block-space-sm:90px; --oi-block-space-md:90px; --oi-block-space-lg:120px; --oi-block-space-xl:120px; --oi-block-space-xxl:120px\"><\/div>\n\n\n<div class=\"oi-block oi-block-carousel\" ><div class=\"carousel-container overflowed-carousel\">\n    <div class=\"splide block-carousel\" data-splide='{\"arrows\":false,\"pagination\":false,\"perPage\":3,\"gap\":30,\"type\":\"slide\",\"rewind\":false}'>\n        <div class=\"splide__track\">\n            <ul class=\"splide__list\">\n                \n\n<figure class=\"wp-block-image size-full\"><img loading=\"lazy\" decoding=\"async\" width=\"1630\" height=\"1500\" src=\"https:\/\/miaft.com\/wp-content\/uploads\/2024\/05\/nastro-ricopritore-el200p-eco-2.jpg\" alt=\"\" class=\"wp-image-27732\" srcset=\"https:\/\/miaft.com\/wp-content\/uploads\/2024\/05\/nastro-ricopritore-el200p-eco-2.jpg 1630w, https:\/\/miaft.com\/wp-content\/uploads\/2024\/05\/nastro-ricopritore-el200p-eco-2-1536x1413.jpg 1536w, https:\/\/miaft.com\/wp-content\/uploads\/2024\/05\/nastro-ricopritore-el200p-eco-2-150x138.jpg 150w, https:\/\/miaft.com\/wp-content\/uploads\/2024\/05\/nastro-ricopritore-el200p-eco-2-575x529.jpg 575w, https:\/\/miaft.com\/wp-content\/uploads\/2024\/05\/nastro-ricopritore-el200p-eco-2-767x706.jpg 767w, https:\/\/miaft.com\/wp-content\/uploads\/2024\/05\/nastro-ricopritore-el200p-eco-2-991x912.jpg 991w, https:\/\/miaft.com\/wp-content\/uploads\/2024\/05\/nastro-ricopritore-el200p-eco-2-1199x1103.jpg 1199w\" sizes=\"(max-width: 1630px) 100vw, 1630px\" \/><\/figure>\n\n            <\/ul>\n        <\/div>\n        <div class=\"carousel-progress mt-5\">\n            <div class=\"carousel-progress-bar\"><\/div>\n        <\/div>\n    <\/div>\n<\/div><\/div>\n\n    <div class=\"oi-block oi-block-layout-space\" style=\"--oi-block-space-xs:75px; --oi-block-space-sm:90px; --oi-block-space-md:90px; --oi-block-space-lg:120px; --oi-block-space-xl:120px; --oi-block-space-xxl:120px\"><\/div>\n\n<\/div>","protected":false},"excerpt":{"rendered":"<p>Le convoyeur d\u2019enrobage EL200P-ECO constitu\u00e9 de trois stations \u00e0 treillis de 200 mm est compatible avec les temp\u00e9reuses professionnelles des gammes ECO et PRO.<\/p>\n","protected":false},"featured_media":27726,"parent":0,"menu_order":40,"template":"","meta":{"_seopress_robots_primary_cat":"none","_seopress_titles_title":"","_seopress_titles_desc":"","_seopress_robots_index":"","is_energy_saving":false,"is_for_sale":false,"show_footer_widget":true,"show_related_products":true,"product_subtitle":"Convoyeur d'enrobage au chocolat (uniquement pour l\u2019enrobage de la partie inf\u00e9rieure) ","product_code":"EL200P-ECO","related_products_source":"custom","related_products_list":"[11533,11536,11538,11542,11540,13112,13115,13118,13124,13127]","product_powered_by_title":"POWERED BY CHOCOLATE WORLD","product_powered_by_image":"{\"id\":11435,\"filename\":\"logo-chocolate-world.svg\",\"height\":0,\"width\":0,\"mime\":\"image\/svg+xml\",\"title\":\"logo chocolate world\",\"url\":\"https:\/\/miaft.com\/wp-content\/uploads\/2024\/05\/logo-chocolate-world.svg\"}","product_on_sale_label":"","product_on_sale_label_1":"","product_on_sale_label_2":"","product_on_sale_label_3":"","product_on_sale_label_4":"","product_on_sale_label_5":"","footnotes":""},"finished_product":[110],"machine":[118],"processing":[148],"class_list":["post-13139","product","type-product","status-publish","has-post-thumbnail","hentry","finished_product-chocolat","machine-machines-autonomes","processing-enrobage"],"_links":{"self":[{"href":"https:\/\/miaft.com\/fr\/wp-json\/wp\/v2\/product\/13139"}],"collection":[{"href":"https:\/\/miaft.com\/fr\/wp-json\/wp\/v2\/product"}],"about":[{"href":"https:\/\/miaft.com\/fr\/wp-json\/wp\/v2\/types\/product"}],"version-history":[{"count":5,"href":"https:\/\/miaft.com\/fr\/wp-json\/wp\/v2\/product\/13139\/revisions"}],"predecessor-version":[{"id":27737,"href":"https:\/\/miaft.com\/fr\/wp-json\/wp\/v2\/product\/13139\/revisions\/27737"}],"wp:featuredmedia":[{"embeddable":true,"href":"https:\/\/miaft.com\/fr\/wp-json\/wp\/v2\/media\/27726"}],"wp:attachment":[{"href":"https:\/\/miaft.com\/fr\/wp-json\/wp\/v2\/media?parent=13139"}],"wp:term":[{"taxonomy":"finished_product","embeddable":true,"href":"https:\/\/miaft.com\/fr\/wp-json\/wp\/v2\/finished_product?post=13139"},{"taxonomy":"machine","embeddable":true,"href":"https:\/\/miaft.com\/fr\/wp-json\/wp\/v2\/machine?post=13139"},{"taxonomy":"processing","embeddable":true,"href":"https:\/\/miaft.com\/fr\/wp-json\/wp\/v2\/processing?post=13139"}],"curies":[{"name":"wp","href":"https:\/\/api.w.org\/{rel}","templated":true}]}}