{"id":13130,"date":"2024-05-22T16:04:48","date_gmt":"2024-05-22T14:04:48","guid":{"rendered":"https:\/\/miaft.com\/product\/temperatrice-cioccolato-120-kg-max\/"},"modified":"2026-01-16T12:45:41","modified_gmt":"2026-01-16T11:45:41","slug":"temperatrice-cioccolato-120-kg-max","status":"publish","type":"product","link":"https:\/\/miaft.com\/fr\/product\/temperatrice-cioccolato-120-kg-max\/","title":{"rendered":"Temp\u00e9reuse de chocolat 120 kg Max"},"content":{"rendered":"\n<div class=\"wp-block-group has-light-background-color has-background is-layout-flow wp-block-group-is-layout-flow\"><div class=\"oi-block oi-block-layout-container container\" style=\"\"  >\n    <div class=\"oi-block oi-block-layout-space\" style=\"--oi-block-space-xs:75px; --oi-block-space-sm:90px; --oi-block-space-md:90px; --oi-block-space-lg:120px; --oi-block-space-xl:120px; --oi-block-space-xxl:120px\"><\/div>\n\n\n    <div class=\"oi-block oi-block-layout-row row  row-vertical-gap\">\n        \n<div class=\"oi-block oi-block-layout-row-column col-12 col-sm-12 col-md-12 col-lg-6 col-xl-5 col-xxl-5\" style=\"\" >\n\n<h3 class=\"wp-block-heading has-primary-color has-text-color has-link-color wp-elements-695914baea5afc54b38b5534b4f5605a\">Caract\u00e9ristiques techniques<\/h3>\n\n\n    <div class=\"oi-block oi-block-layout-space\" style=\"--oi-block-space-xs:30px; --oi-block-space-sm:30px; --oi-block-space-md:30px; --oi-block-space-lg:30px; --oi-block-space-xl:30px; --oi-block-space-xxl:30px\"><\/div>\n\n\n\n<ul class=\"wp-block-list\">\n<li>CAPACIT\u00c9 DE LA CUVE: 120 kg de chocolat<\/li>\n\n\n\n<li>PRODUCTION HORAIRE: 300\/700 kg<\/li>\n\n\n\n<li>CONSOMMATION: 5 kW, 400 V triphas\u00e9, 50\/60 Hz<\/li>\n\n\n\n<li>ENCOMBREMENT: Longueur: 1200 mm, Largeur: 820 mm, Hauteur: 1600 mm, Poids:&nbsp;410 kg<\/li>\n\n\n\n<li>GARANTIE:&nbsp;2 ans<\/li>\n<\/ul>\n\n<\/div>\n\n<div class=\"oi-block oi-block-layout-row-column col-0 col-sm-0 col-md-0 col-lg-0 col-xl-1 col-xxl-1 d-none d-sm-none d-md-none d-lg-none d-xl-block d-xxl-block\" style=\"\" ><\/div>\n    <\/div>\n\n\n    <div class=\"oi-block oi-block-layout-space\" style=\"--oi-block-space-xs:75px; --oi-block-space-sm:90px; --oi-block-space-md:90px; --oi-block-space-lg:120px; --oi-block-space-xl:120px; --oi-block-space-xxl:120px\"><\/div>\n\n<\/div><\/div>\n\n\n<div class=\"oi-block oi-block-layout-container container\" style=\"\"  >\n    <div class=\"oi-block oi-block-layout-space\" style=\"--oi-block-space-xs:75px; --oi-block-space-sm:90px; --oi-block-space-md:90px; --oi-block-space-lg:120px; --oi-block-space-xl:120px; --oi-block-space-xxl:120px\"><\/div>\n\n\n<div class=\"oi-block oi-block-product-content\" >\n<div class=\"row justify-content-between\">\n    <div class=\"col-12 col-md-6 col-lg-5\">\n        \n\n<h3 class=\"wp-block-heading has-primary-color has-text-color has-link-color wp-elements-b2e52911f72f10cfa0ee7e13a066fae9\"><strong>Temp\u00e9reuse de chocolat 120 kg Max<\/strong><\/h3>\n\n\n    <div class=\"oi-block oi-block-layout-space\" style=\"--oi-block-space-xs:30px; --oi-block-space-sm:30px; --oi-block-space-md:30px; --oi-block-space-lg:30px; --oi-block-space-xl:30px; --oi-block-space-xxl:30px\"><\/div>\n\n\n\n<p>La temp\u00e9reuse TM120-MAX est le fleuron des machines de temp\u00e9rage du chocolat de la gamme MAXIMUM de MIA FOOD TECH.<\/p>\n\n\n\n<p>Machine con\u00e7ue et construite pour fonctionner en association avec nos lignes de production :<\/p>\n\n\n\n<ul class=\"wp-block-list\">\n<li>EASY BARS<\/li>\n\n\n\n<li>MINY BARS<\/li>\n\n\n\n<li>MINY BARS COOL-WARM<\/li>\n\n\n\n<li>LC 240\/320\/420<\/li>\n<\/ul>\n\n\n\n<p>L'int\u00e9gration de fonctions enti\u00e8rement param\u00e9trables et contr\u00f4lables permet \u00e0 la TM120-MAX de garantir une production de chocolat temp\u00e9r\u00e9 variant de 300 \u00e0 800 kg par heure.<\/p>\n\n\n\n<p>Gr\u00e2ce \u00e0 sa grande flexibilit\u00e9, elle peut \u00eatre install\u00e9e sur des lignes avec des treillis de 430\/630\/830 mm.<\/p>\n\n\n\n<p>Toutes les fonctions de la machine, y compris le convoyeur d\u2019enrobage EL430\/630-MAX, sont contr\u00f4l\u00e9s depuis un panneau de commande situ\u00e9 \u00e0 l'avant de la machine.<\/p>\n\n    <\/div>\n    <div class=\"col-5 col-lg-4 d-none d-md-block\">\n        <div class=\"featured-product\">\n                                                                    <div class=\"bg-dark color-white featured-product-inner\">\n                        <div class=\"image-container\">\n                            <img decoding=\"async\" width=\"1421\" height=\"1500\" src=\"https:\/\/miaft.com\/wp-content\/uploads\/2024\/05\/mia-temperatrice-cioccolato-120kg-max-tm120-max-1.jpg\" class=\"img-fluid\" alt=\"\" loading=\"lazy\" srcset=\"https:\/\/miaft.com\/wp-content\/uploads\/2024\/05\/mia-temperatrice-cioccolato-120kg-max-tm120-max-1.jpg 1421w, https:\/\/miaft.com\/wp-content\/uploads\/2024\/05\/mia-temperatrice-cioccolato-120kg-max-tm120-max-1-150x158.jpg 150w, https:\/\/miaft.com\/wp-content\/uploads\/2024\/05\/mia-temperatrice-cioccolato-120kg-max-tm120-max-1-575x607.jpg 575w, https:\/\/miaft.com\/wp-content\/uploads\/2024\/05\/mia-temperatrice-cioccolato-120kg-max-tm120-max-1-767x810.jpg 767w, https:\/\/miaft.com\/wp-content\/uploads\/2024\/05\/mia-temperatrice-cioccolato-120kg-max-tm120-max-1-991x1046.jpg 991w, https:\/\/miaft.com\/wp-content\/uploads\/2024\/05\/mia-temperatrice-cioccolato-120kg-max-tm120-max-1-1199x1266.jpg 1199w\" sizes=\"(max-width: 1421px) 100vw, 1421px\" \/>                        <\/div>\n                                                    <h6 class=\"mb-2 text-uppercase color-secondary\">\n                                Chocolat                            <\/h6>\n                                                <h4 class=\"mb-0 color-white product-title\">\n                            Temp\u00e9reuse de chocolat 120 kg Max                        <\/h4>\n                                                    <p class=\"mt-3 mb-0\">temp\u00e9reuse de chocolat en continu industrielle<\/p>\n                                                <div class=\"mt-4\">\n                            <div class=\"oi-block oi-block-layout-button\" ><a href=\"#contact-us\" title=\"\" class=\"btn btn-secondary-fill btn-type-default btn-medium\" >\n    Demande d\u2019informations    <\/a><\/div>                        <\/div>\n                    <\/div>\n                                                    <\/div>\n    <\/div>\n<\/div><\/div>\n\n    <div class=\"oi-block oi-block-layout-space\" style=\"--oi-block-space-xs:75px; --oi-block-space-sm:90px; --oi-block-space-md:90px; --oi-block-space-lg:120px; --oi-block-space-xl:120px; --oi-block-space-xxl:120px\"><\/div>\n\n\n<div class=\"oi-block oi-block-carousel\" ><div class=\"carousel-container overflowed-carousel\">\n    <div class=\"splide block-carousel\" data-splide='{\"arrows\":false,\"pagination\":false,\"perPage\":3,\"gap\":30,\"type\":\"slide\",\"rewind\":false}'>\n        <div class=\"splide__track\">\n            <ul class=\"splide__list\">\n                \n\n<figure class=\"wp-block-image size-full\"><img loading=\"lazy\" decoding=\"async\" width=\"1421\" height=\"1500\" src=\"https:\/\/miaft.com\/wp-content\/uploads\/2024\/05\/mia-temperatrice-cioccolato-120kg-max-tm120-max-2.jpg\" alt=\"temperatrice cioccolato 120 kg max\" class=\"wp-image-29494\" srcset=\"https:\/\/miaft.com\/wp-content\/uploads\/2024\/05\/mia-temperatrice-cioccolato-120kg-max-tm120-max-2.jpg 1421w, https:\/\/miaft.com\/wp-content\/uploads\/2024\/05\/mia-temperatrice-cioccolato-120kg-max-tm120-max-2-150x158.jpg 150w, https:\/\/miaft.com\/wp-content\/uploads\/2024\/05\/mia-temperatrice-cioccolato-120kg-max-tm120-max-2-575x607.jpg 575w, https:\/\/miaft.com\/wp-content\/uploads\/2024\/05\/mia-temperatrice-cioccolato-120kg-max-tm120-max-2-767x810.jpg 767w, https:\/\/miaft.com\/wp-content\/uploads\/2024\/05\/mia-temperatrice-cioccolato-120kg-max-tm120-max-2-991x1046.jpg 991w, https:\/\/miaft.com\/wp-content\/uploads\/2024\/05\/mia-temperatrice-cioccolato-120kg-max-tm120-max-2-1199x1266.jpg 1199w\" sizes=\"(max-width: 1421px) 100vw, 1421px\" \/><\/figure>\n\n\n\n<figure class=\"wp-block-image size-full\"><img loading=\"lazy\" decoding=\"async\" width=\"1000\" height=\"1500\" src=\"https:\/\/miaft.com\/wp-content\/uploads\/2024\/05\/mia-temperatrice-cioccolato-120kg-max-tm120-max-3.jpg\" alt=\"temperatrice cioccolato 120 kg max\" class=\"wp-image-29499\" srcset=\"https:\/\/miaft.com\/wp-content\/uploads\/2024\/05\/mia-temperatrice-cioccolato-120kg-max-tm120-max-3.jpg 1000w, https:\/\/miaft.com\/wp-content\/uploads\/2024\/05\/mia-temperatrice-cioccolato-120kg-max-tm120-max-3-150x225.jpg 150w, https:\/\/miaft.com\/wp-content\/uploads\/2024\/05\/mia-temperatrice-cioccolato-120kg-max-tm120-max-3-575x863.jpg 575w, https:\/\/miaft.com\/wp-content\/uploads\/2024\/05\/mia-temperatrice-cioccolato-120kg-max-tm120-max-3-767x1151.jpg 767w, https:\/\/miaft.com\/wp-content\/uploads\/2024\/05\/mia-temperatrice-cioccolato-120kg-max-tm120-max-3-991x1487.jpg 991w\" sizes=\"(max-width: 1000px) 100vw, 1000px\" \/><\/figure>\n\n\n\n<figure class=\"wp-block-image size-full\"><img loading=\"lazy\" decoding=\"async\" width=\"1500\" height=\"1586\" src=\"https:\/\/miaft.com\/wp-content\/uploads\/2024\/05\/mia-tm120maxnastro-2-web.jpg\" alt=\"temperatrice cioccolato 120 kg max\" class=\"wp-image-36950\" srcset=\"https:\/\/miaft.com\/wp-content\/uploads\/2024\/05\/mia-tm120maxnastro-2-web.jpg 1500w, https:\/\/miaft.com\/wp-content\/uploads\/2024\/05\/mia-tm120maxnastro-2-web-1453x1536.jpg 1453w, https:\/\/miaft.com\/wp-content\/uploads\/2024\/05\/mia-tm120maxnastro-2-web-150x159.jpg 150w, https:\/\/miaft.com\/wp-content\/uploads\/2024\/05\/mia-tm120maxnastro-2-web-575x608.jpg 575w, https:\/\/miaft.com\/wp-content\/uploads\/2024\/05\/mia-tm120maxnastro-2-web-767x811.jpg 767w, https:\/\/miaft.com\/wp-content\/uploads\/2024\/05\/mia-tm120maxnastro-2-web-991x1048.jpg 991w, https:\/\/miaft.com\/wp-content\/uploads\/2024\/05\/mia-tm120maxnastro-2-web-1199x1268.jpg 1199w\" sizes=\"(max-width: 1500px) 100vw, 1500px\" \/><\/figure>\n\n            <\/ul>\n        <\/div>\n        <div class=\"carousel-progress mt-5\">\n            <div class=\"carousel-progress-bar\"><\/div>\n        <\/div>\n    <\/div>\n<\/div><\/div>\n\n\n<div id=\"video\" class=\"wp-block-group is-layout-flow wp-block-group-is-layout-flow\">    <div class=\"oi-block oi-block-layout-space\" style=\"--oi-block-space-xs:75px; --oi-block-space-sm:90px; --oi-block-space-md:90px; --oi-block-space-lg:120px; --oi-block-space-xl:120px; --oi-block-space-xxl:120px\"><\/div>\n\n\n\n<h3 class=\"wp-block-heading has-primary-color has-text-color has-link-color wp-elements-3af1f98e3cdc29199344b70c2c654bf9\">Regardez la machine de trempe TM120-MAX en action<\/h3>\n\n\n    <div class=\"oi-block oi-block-layout-space\" style=\"--oi-block-space-xs:50px; --oi-block-space-sm:50px; --oi-block-space-md:50px; --oi-block-space-lg:50px; --oi-block-space-xl:50px; --oi-block-space-xxl:50px\"><\/div>\n\n\n<div class=\"oi-block oi-block-youtube-video-container\" ><div class=\"video-container open-lightbox\">\n    <div class=\"video-inner\">\n        \n\n<figure class=\"wp-block-embed is-type-video is-provider-youtube wp-block-embed-youtube wp-embed-aspect-16-9 wp-has-aspect-ratio\"><div class=\"wp-block-embed__wrapper\">\n<iframe loading=\"lazy\" title=\"MIAFT TEMPERING MACHINE TM120 MAX\" width=\"500\" height=\"281\" src=\"https:\/\/www.youtube.com\/embed\/phBppOKrPEE?feature=oembed\" frameborder=\"0\" allow=\"accelerometer; autoplay; clipboard-write; encrypted-media; gyroscope; picture-in-picture; web-share\" referrerpolicy=\"strict-origin-when-cross-origin\" allowfullscreen><\/iframe>\n<\/div><\/figure>\n\n    <\/div>\n    <\/div>\n<\/div><\/div>\n\n\n    <div class=\"oi-block oi-block-layout-space\" style=\"--oi-block-space-xs:75px; --oi-block-space-sm:90px; --oi-block-space-md:90px; --oi-block-space-lg:120px; --oi-block-space-xl:120px; --oi-block-space-xxl:120px\"><\/div>\n\n<\/div>","protected":false},"excerpt":{"rendered":"<p>La temp\u00e9reuse TM120-MAX est le fleuron des machines de temp\u00e9rage du chocolat de la gamme MAXIMUM de MIA FOOD TECH. <\/p>\n","protected":false},"featured_media":29491,"parent":0,"menu_order":24,"template":"","meta":{"_seopress_robots_primary_cat":"none","_seopress_titles_title":"","_seopress_titles_desc":"","_seopress_robots_index":"","is_energy_saving":true,"is_for_sale":false,"show_footer_widget":true,"show_related_products":true,"product_subtitle":"temp\u00e9reuse de chocolat en continu industrielle","product_code":"TM120-MAX","related_products_source":"custom","related_products_list":"[1324,11553,13143,9743]","product_powered_by_title":"","product_powered_by_image":"null","product_on_sale_label":"","product_on_sale_label_1":"","product_on_sale_label_2":"","product_on_sale_label_3":"","product_on_sale_label_4":"","product_on_sale_label_5":"","footnotes":""},"finished_product":[110],"machine":[118],"processing":[144],"class_list":["post-13130","product","type-product","status-publish","has-post-thumbnail","hentry","finished_product-chocolat","machine-machines-autonomes","processing-temperage"],"_links":{"self":[{"href":"https:\/\/miaft.com\/fr\/wp-json\/wp\/v2\/product\/13130"}],"collection":[{"href":"https:\/\/miaft.com\/fr\/wp-json\/wp\/v2\/product"}],"about":[{"href":"https:\/\/miaft.com\/fr\/wp-json\/wp\/v2\/types\/product"}],"version-history":[{"count":9,"href":"https:\/\/miaft.com\/fr\/wp-json\/wp\/v2\/product\/13130\/revisions"}],"predecessor-version":[{"id":36957,"href":"https:\/\/miaft.com\/fr\/wp-json\/wp\/v2\/product\/13130\/revisions\/36957"}],"wp:featuredmedia":[{"embeddable":true,"href":"https:\/\/miaft.com\/fr\/wp-json\/wp\/v2\/media\/29491"}],"wp:attachment":[{"href":"https:\/\/miaft.com\/fr\/wp-json\/wp\/v2\/media?parent=13130"}],"wp:term":[{"taxonomy":"finished_product","embeddable":true,"href":"https:\/\/miaft.com\/fr\/wp-json\/wp\/v2\/finished_product?post=13130"},{"taxonomy":"machine","embeddable":true,"href":"https:\/\/miaft.com\/fr\/wp-json\/wp\/v2\/machine?post=13130"},{"taxonomy":"processing","embeddable":true,"href":"https:\/\/miaft.com\/fr\/wp-json\/wp\/v2\/processing?post=13130"}],"curies":[{"name":"wp","href":"https:\/\/api.w.org\/{rel}","templated":true}]}}