{"id":13118,"date":"2024-05-22T16:04:34","date_gmt":"2024-05-22T14:04:34","guid":{"rendered":"https:\/\/miaft.com\/product\/temperatrice-cioccolato-40-kg-pro\/"},"modified":"2024-06-25T16:56:51","modified_gmt":"2024-06-25T14:56:51","slug":"temperatrice-cioccolato-40-kg-pro","status":"publish","type":"product","link":"https:\/\/miaft.com\/fr\/product\/temperatrice-cioccolato-40-kg-pro\/","title":{"rendered":"Temp\u00e9reuse de chocolat 40 kg Pro"},"content":{"rendered":"\n<div class=\"wp-block-group has-light-background-color has-background is-layout-flow wp-block-group-is-layout-flow\"><div class=\"oi-block oi-block-layout-container container\" style=\"\"  >\n    <div class=\"oi-block oi-block-layout-space\" style=\"--oi-block-space-xs:75px; --oi-block-space-sm:90px; --oi-block-space-md:90px; --oi-block-space-lg:120px; --oi-block-space-xl:120px; --oi-block-space-xxl:120px\"><\/div>\n\n\n    <div class=\"oi-block oi-block-layout-row row  row-vertical-gap\">\n        \n<div class=\"oi-block oi-block-layout-row-column col-12 col-sm-12 col-md-12 col-lg-6 col-xl-5 col-xxl-5\" style=\"\" >\n\n<h3 class=\"wp-block-heading has-primary-color has-text-color has-link-color wp-elements-695914baea5afc54b38b5534b4f5605a\">Caract\u00e9ristiques techniques<\/h3>\n\n\n    <div class=\"oi-block oi-block-layout-space\" style=\"--oi-block-space-xs:30px; --oi-block-space-sm:30px; --oi-block-space-md:30px; --oi-block-space-lg:30px; --oi-block-space-xl:30px; --oi-block-space-xxl:30px\"><\/div>\n\n\n\n<ul class=\"wp-block-list\">\n<li>CAPACIT\u00c9 DE LA CUVE: 40 kg de chocolat<\/li>\n\n\n\n<li>PRODUCTION HORAIRE: 150 kg<\/li>\n\n\n\n<li>CONSOMMATION: 1,6 kW, 400 V triphas\u00e9, 50\/60 Hz<\/li>\n\n\n\n<li>ENCOMBREMENT: Longueur: 761 mm, Largeur: 580 mm, Hauteur: 1555 mm, Poids: 190 kg<\/li>\n\n\n\n<li>GARANTIE:\u00a02 ans<\/li>\n<\/ul>\n\n<\/div>\n\n<div class=\"oi-block oi-block-layout-row-column col-0 col-sm-0 col-md-0 col-lg-0 col-xl-1 col-xxl-1 d-none d-sm-none d-md-none d-lg-none d-xl-block d-xxl-block\" style=\"\" ><\/div>\n\n<div class=\"oi-block oi-block-layout-row-column col-12 col-sm-12 col-md-12 col-lg-6 col-xl-5 col-xxl-5\" style=\"\" >\n\n<h3 class=\"wp-block-heading has-primary-color has-text-color has-link-color wp-elements-4286b52c19d053849ec458bce1e0bfe2\">Accessoires fournis avec la machine<\/h3>\n\n\n    <div class=\"oi-block oi-block-layout-space\" style=\"--oi-block-space-xs:30px; --oi-block-space-sm:30px; --oi-block-space-md:30px; --oi-block-space-lg:30px; --oi-block-space-xl:30px; --oi-block-space-xxl:30px\"><\/div>\n\n\n\n<ul class=\"wp-block-list\">\n<li>Table vibrante chauff\u00e9e<\/li>\n\n\n\n<li>25 moules \u00e0 chocolat<\/li>\n<\/ul>\n\n<\/div>\n    <\/div>\n\n\n    <div class=\"oi-block oi-block-layout-space\" style=\"--oi-block-space-xs:75px; --oi-block-space-sm:90px; --oi-block-space-md:90px; --oi-block-space-lg:120px; --oi-block-space-xl:120px; --oi-block-space-xxl:120px\"><\/div>\n\n<\/div><\/div>\n\n\n<div class=\"oi-block oi-block-layout-container container\" style=\"\"  >\n    <div class=\"oi-block oi-block-layout-space\" style=\"--oi-block-space-xs:75px; --oi-block-space-sm:90px; --oi-block-space-md:90px; --oi-block-space-lg:120px; --oi-block-space-xl:120px; --oi-block-space-xxl:120px\"><\/div>\n\n\n<div class=\"oi-block oi-block-product-content\" >\n<div class=\"row justify-content-between\">\n    <div class=\"col-12 col-md-6 col-lg-5\">\n        \n\n<h3 class=\"wp-block-heading has-primary-color has-text-color has-link-color wp-elements-bdaa8eadc71be634da88bd4cc134ca3a\"><strong>Temp\u00e9reuse de chocolat 40 kg Pro<\/strong><\/h3>\n\n\n    <div class=\"oi-block oi-block-layout-space\" style=\"--oi-block-space-xs:30px; --oi-block-space-sm:30px; --oi-block-space-md:30px; --oi-block-space-lg:30px; --oi-block-space-xl:30px; --oi-block-space-xxl:30px\"><\/div>\n\n\n\n<p>La temp\u00e9reuse TM40-PRO est le compromis id\u00e9al entre le monde des petits laboratoires et les entreprises de taille moyenne.<\/p>\n\n\n\n<p>Avec une capacit\u00e9 de cuve de 40 kg et une production de 150 kg\/heure, elle est \u00e0 mi-chemin entre les deux cat\u00e9gories.&nbsp; De plus, son excellent rapport qualit\u00e9\/prix en fait un mod\u00e8le de r\u00e9f\u00e9rence parmi les machines de temp\u00e9rage du chocolat de la gamme PROFESSIONAL de MIA FOOD TECH.<\/p>\n\n\n\n<p>Elle est \u00e9quip\u00e9e d'un panneau de commande num\u00e9rique pour contr\u00f4ler le cycle de temp\u00e9rage.<\/p>\n\n\n\n<p>Fonction logicielle de dosage volum\u00e9trique command\u00e9e par une p\u00e9dale pour un contr\u00f4le parfait du flux de produit.<\/p>\n\n\n\n<p>La haute puissance thermique de la cuve permet un cycle rapide de fusion et de revenu.<\/p>\n\n    <\/div>\n    <div class=\"col-5 col-lg-4 d-none d-md-block\">\n        <div class=\"featured-product\">\n                                                                    <div class=\"bg-dark color-white featured-product-inner\">\n                        <div class=\"image-container\">\n                            <img decoding=\"async\" width=\"863\" height=\"1500\" src=\"https:\/\/miaft.com\/wp-content\/uploads\/2024\/05\/temperatrice-cioccolato-40kg-pro-tm40-pro.jpg\" class=\"img-fluid\" alt=\"\" loading=\"lazy\" srcset=\"https:\/\/miaft.com\/wp-content\/uploads\/2024\/05\/temperatrice-cioccolato-40kg-pro-tm40-pro.jpg 863w, https:\/\/miaft.com\/wp-content\/uploads\/2024\/05\/temperatrice-cioccolato-40kg-pro-tm40-pro-150x261.jpg 150w, https:\/\/miaft.com\/wp-content\/uploads\/2024\/05\/temperatrice-cioccolato-40kg-pro-tm40-pro-575x999.jpg 575w, https:\/\/miaft.com\/wp-content\/uploads\/2024\/05\/temperatrice-cioccolato-40kg-pro-tm40-pro-767x1333.jpg 767w\" sizes=\"(max-width: 863px) 100vw, 863px\" \/>                        <\/div>\n                                                    <h6 class=\"mb-2 text-uppercase color-secondary\">\n                                Chocolat                            <\/h6>\n                                                <h4 class=\"mb-0 color-white product-title\">\n                            Temp\u00e9reuse de chocolat 40 kg Pro                        <\/h4>\n                                                    <p class=\"mt-3 mb-0\">temp\u00e9reuse de chocolat en continu professionnelle<\/p>\n                                                <div class=\"mt-4\">\n                            <div class=\"oi-block oi-block-layout-button\" ><a href=\"#contact-us\" title=\"\" class=\"btn btn-secondary-fill btn-type-default btn-medium\" >\n    Demande d\u2019informations    <\/a><\/div>                        <\/div>\n                    <\/div>\n                                                    <\/div>\n    <\/div>\n<\/div><\/div>\n\n    <div class=\"oi-block oi-block-layout-space\" style=\"--oi-block-space-xs:75px; --oi-block-space-sm:90px; --oi-block-space-md:90px; --oi-block-space-lg:120px; --oi-block-space-xl:120px; --oi-block-space-xxl:120px\"><\/div>\n\n<\/div>","protected":false},"excerpt":{"rendered":"<p>La temp\u00e9reuse TM40-PRO est le compromis id\u00e9al entre le monde des petits laboratoires et les entreprises de taille moyenne.<\/p>\n","protected":false},"featured_media":27688,"parent":0,"menu_order":16,"template":"","meta":{"_seopress_robots_primary_cat":"none","_seopress_titles_title":"","_seopress_titles_desc":"","_seopress_robots_index":"","is_energy_saving":true,"is_for_sale":false,"show_footer_widget":true,"show_related_products":true,"product_subtitle":"temp\u00e9reuse de chocolat en continu professionnelle","product_code":"TM40-PRO","related_products_source":"custom","related_products_list":"[1324,11546,11548,11551,13133,13136,13139,9743]","product_powered_by_title":"POWERED BY CHOCOLATE WORLD","product_powered_by_image":"{\"id\":11435,\"filename\":\"logo-chocolate-world.svg\",\"height\":0,\"width\":0,\"mime\":\"image\/svg+xml\",\"title\":\"logo chocolate world\",\"url\":\"https:\/\/miaft.com\/wp-content\/uploads\/2024\/05\/logo-chocolate-world.svg\"}","product_on_sale_label":"","product_on_sale_label_1":"","product_on_sale_label_2":"","product_on_sale_label_3":"","product_on_sale_label_4":"","product_on_sale_label_5":"","footnotes":""},"finished_product":[110],"machine":[118],"processing":[144],"class_list":["post-13118","product","type-product","status-publish","has-post-thumbnail","hentry","finished_product-chocolat","machine-machines-autonomes","processing-temperage"],"_links":{"self":[{"href":"https:\/\/miaft.com\/fr\/wp-json\/wp\/v2\/product\/13118"}],"collection":[{"href":"https:\/\/miaft.com\/fr\/wp-json\/wp\/v2\/product"}],"about":[{"href":"https:\/\/miaft.com\/fr\/wp-json\/wp\/v2\/types\/product"}],"version-history":[{"count":2,"href":"https:\/\/miaft.com\/fr\/wp-json\/wp\/v2\/product\/13118\/revisions"}],"predecessor-version":[{"id":13120,"href":"https:\/\/miaft.com\/fr\/wp-json\/wp\/v2\/product\/13118\/revisions\/13120"}],"wp:featuredmedia":[{"embeddable":true,"href":"https:\/\/miaft.com\/fr\/wp-json\/wp\/v2\/media\/27688"}],"wp:attachment":[{"href":"https:\/\/miaft.com\/fr\/wp-json\/wp\/v2\/media?parent=13118"}],"wp:term":[{"taxonomy":"finished_product","embeddable":true,"href":"https:\/\/miaft.com\/fr\/wp-json\/wp\/v2\/finished_product?post=13118"},{"taxonomy":"machine","embeddable":true,"href":"https:\/\/miaft.com\/fr\/wp-json\/wp\/v2\/machine?post=13118"},{"taxonomy":"processing","embeddable":true,"href":"https:\/\/miaft.com\/fr\/wp-json\/wp\/v2\/processing?post=13118"}],"curies":[{"name":"wp","href":"https:\/\/api.w.org\/{rel}","templated":true}]}}