{"id":13109,"date":"2024-05-22T16:04:23","date_gmt":"2024-05-22T14:04:23","guid":{"rendered":"https:\/\/miaft.com\/product\/temperatrice-cioccolato-12-kg-pro\/"},"modified":"2024-06-25T16:43:45","modified_gmt":"2024-06-25T14:43:45","slug":"temperatrice-cioccolato-12-kg-pro","status":"publish","type":"product","link":"https:\/\/miaft.com\/fr\/product\/temperatrice-cioccolato-12-kg-pro\/","title":{"rendered":"Temp\u00e9reuse de chocolat 12 kg Pro"},"content":{"rendered":"\n<div class=\"wp-block-group has-light-background-color has-background is-layout-flow wp-block-group-is-layout-flow\"><div class=\"oi-block oi-block-layout-container container\" style=\"\"  >\n    <div class=\"oi-block oi-block-layout-space\" style=\"--oi-block-space-xs:75px; --oi-block-space-sm:90px; --oi-block-space-md:90px; --oi-block-space-lg:120px; --oi-block-space-xl:120px; --oi-block-space-xxl:120px\"><\/div>\n\n\n    <div class=\"oi-block oi-block-layout-row row  row-vertical-gap\">\n        \n<div class=\"oi-block oi-block-layout-row-column col-12 col-sm-12 col-md-12 col-lg-6 col-xl-5 col-xxl-5\" style=\"\" >\n\n<h3 class=\"wp-block-heading has-primary-color has-text-color has-link-color wp-elements-803b47f0e8ad11ad42847e6dedc46681\"><strong>Caract\u00e9ristiques techniques<\/strong><\/h3>\n\n\n    <div class=\"oi-block oi-block-layout-space\" style=\"--oi-block-space-xs:30px; --oi-block-space-sm:30px; --oi-block-space-md:30px; --oi-block-space-lg:30px; --oi-block-space-xl:30px; --oi-block-space-xxl:30px\"><\/div>\n\n\n\n<ul class=\"wp-block-list\">\n<li>CAPACIT\u00c9 DE LA CUVE:\u00a012 kg de chocolat<\/li>\n\n\n\n<li>PRODUCTION HORAIRE: 45 kg<\/li>\n\n\n\n<li>CONSOMMATION: 0,7 kW, 220 V monophas\u00e9, 50\/60 Hz<\/li>\n\n\n\n<li>ENCOMBREMENT: Longueur: 595 mm, Largeur: 480 mm, Hauteur: 1435 mm, Poids:\u00a0121 kg<\/li>\n\n\n\n<li>GARANTIE:\u00a02 ans<\/li>\n<\/ul>\n\n<\/div>\n\n<div class=\"oi-block oi-block-layout-row-column col-0 col-sm-0 col-md-0 col-lg-0 col-xl-1 col-xxl-1 d-none d-sm-none d-md-none d-lg-none d-xl-block d-xxl-block\" style=\"\" ><\/div>\n\n<div class=\"oi-block oi-block-layout-row-column col-12 col-sm-12 col-md-12 col-lg-6 col-xl-5 col-xxl-5\" style=\"\" >\n\n<h3 class=\"wp-block-heading has-primary-color has-text-color has-link-color wp-elements-4286b52c19d053849ec458bce1e0bfe2\">Accessoires fournis avec la machine<\/h3>\n\n\n    <div class=\"oi-block oi-block-layout-space\" style=\"--oi-block-space-xs:30px; --oi-block-space-sm:30px; --oi-block-space-md:30px; --oi-block-space-lg:30px; --oi-block-space-xl:30px; --oi-block-space-xxl:30px\"><\/div>\n\n\n\n<ul class=\"wp-block-list\">\n<li>Table vibrante chauff\u00e9e<\/li>\n\n\n\n<li>25 moules \u00e0 chocolat<\/li>\n<\/ul>\n\n<\/div>\n    <\/div>\n\n\n    <div class=\"oi-block oi-block-layout-space\" style=\"--oi-block-space-xs:75px; --oi-block-space-sm:90px; --oi-block-space-md:90px; --oi-block-space-lg:120px; --oi-block-space-xl:120px; --oi-block-space-xxl:120px\"><\/div>\n\n<\/div><\/div>\n\n\n<div class=\"oi-block oi-block-layout-container container\" style=\"\"  >\n    <div class=\"oi-block oi-block-layout-space\" style=\"--oi-block-space-xs:75px; --oi-block-space-sm:90px; --oi-block-space-md:90px; --oi-block-space-lg:120px; --oi-block-space-xl:120px; --oi-block-space-xxl:120px\"><\/div>\n\n\n<div class=\"oi-block oi-block-product-content\" >\n<div class=\"row justify-content-between\">\n    <div class=\"col-12 col-md-6 col-lg-5\">\n        \n\n<h3 class=\"wp-block-heading has-primary-color has-text-color has-link-color wp-elements-b3261c199b55c5c9bae641d29fed1f41\">Temp\u00e9reuse de chocolat 12 kg Pro<\/h3>\n\n\n    <div class=\"oi-block oi-block-layout-space\" style=\"--oi-block-space-xs:30px; --oi-block-space-sm:30px; --oi-block-space-md:30px; --oi-block-space-lg:30px; --oi-block-space-xl:30px; --oi-block-space-xxl:30px\"><\/div>\n\n\n\n<p>La temp\u00e9reuse TM12-PRO est la plus petite machine de temp\u00e9rage du chocolat de la gamme PROFESSIONAL de MIA FOOD TECH.<\/p>\n\n\n\n<p>Con\u00e7ue pour \u00eatre install\u00e9e dans des espaces r\u00e9duits, elle est construite avec les m\u00eames concepts de robustesse que ses homologues de plus grande taille.<\/p>\n\n\n\n<p>Elle est \u00e9quip\u00e9e d'un panneau de commande num\u00e9rique pour contr\u00f4ler le cycle de temp\u00e9rage.<\/p>\n\n\n\n<p>Fonction logicielle de dosage volum\u00e9trique command\u00e9e par une p\u00e9dale pour un contr\u00f4le parfait du flux de produit.<\/p>\n\n\n\n<p>La haute puissance de la cuve permet un cycle rapide de fusion et de revenu.<\/p>\n\n    <\/div>\n    <div class=\"col-5 col-lg-4 d-none d-md-block\">\n        <div class=\"featured-product\">\n                                                                    <div class=\"bg-dark color-white featured-product-inner\">\n                        <div class=\"image-container\">\n                            <img decoding=\"async\" width=\"944\" height=\"1500\" src=\"https:\/\/miaft.com\/wp-content\/uploads\/2024\/05\/temperatrice-cioccolato-12kg-pro-tm12-pro.jpg\" class=\"img-fluid\" alt=\"\" loading=\"lazy\" srcset=\"https:\/\/miaft.com\/wp-content\/uploads\/2024\/05\/temperatrice-cioccolato-12kg-pro-tm12-pro.jpg 944w, https:\/\/miaft.com\/wp-content\/uploads\/2024\/05\/temperatrice-cioccolato-12kg-pro-tm12-pro-150x238.jpg 150w, https:\/\/miaft.com\/wp-content\/uploads\/2024\/05\/temperatrice-cioccolato-12kg-pro-tm12-pro-575x914.jpg 575w, https:\/\/miaft.com\/wp-content\/uploads\/2024\/05\/temperatrice-cioccolato-12kg-pro-tm12-pro-767x1219.jpg 767w\" sizes=\"(max-width: 944px) 100vw, 944px\" \/>                        <\/div>\n                                                    <h6 class=\"mb-2 text-uppercase color-secondary\">\n                                Chocolat                            <\/h6>\n                                                <h4 class=\"mb-0 color-white product-title\">\n                            Temp\u00e9reuse de chocolat 12 kg Pro                        <\/h4>\n                                                    <p class=\"mt-3 mb-0\">temp\u00e9reuse de chocolat en continu professionnelle<\/p>\n                                                <div class=\"mt-4\">\n                            <div class=\"oi-block oi-block-layout-button\" ><a href=\"#contact-us\" title=\"\" class=\"btn btn-secondary-fill btn-type-default btn-medium\" >\n    Demande d\u2019informations    <\/a><\/div>                        <\/div>\n                    <\/div>\n                                                    <\/div>\n    <\/div>\n<\/div><\/div>\n\n    <div class=\"oi-block oi-block-layout-space\" style=\"--oi-block-space-xs:75px; --oi-block-space-sm:90px; --oi-block-space-md:90px; --oi-block-space-lg:120px; --oi-block-space-xl:120px; --oi-block-space-xxl:120px\"><\/div>\n\n<\/div>","protected":false},"excerpt":{"rendered":"<p>La temp\u00e9reuse TM12-PRO est la plus petite machine de temp\u00e9rage du chocolat de la gamme PROFESSIONAL de MIA FOOD TECH.<\/p>\n","protected":false},"featured_media":27671,"parent":0,"menu_order":3,"template":"","meta":{"_seopress_robots_primary_cat":"none","_seopress_titles_title":"","_seopress_titles_desc":"","_seopress_robots_index":"","is_energy_saving":true,"is_for_sale":false,"show_footer_widget":true,"show_related_products":true,"product_subtitle":"temp\u00e9reuse de chocolat en continu professionnelle","product_code":"TM12-PRO","related_products_source":"custom","related_products_list":"[1324,11546,13133,9743]","product_powered_by_title":"POWERED BY CHOCOLATE WORLD","product_powered_by_image":"{\"id\":11435,\"filename\":\"logo-chocolate-world.svg\",\"height\":0,\"width\":0,\"mime\":\"image\/svg+xml\",\"title\":\"logo chocolate world\",\"url\":\"https:\/\/miaft.com\/wp-content\/uploads\/2024\/05\/logo-chocolate-world.svg\"}","product_on_sale_label":"","product_on_sale_label_1":"","product_on_sale_label_2":"","product_on_sale_label_3":"","product_on_sale_label_4":"","product_on_sale_label_5":"","footnotes":""},"finished_product":[110],"machine":[118],"processing":[144],"class_list":["post-13109","product","type-product","status-publish","has-post-thumbnail","hentry","finished_product-chocolat","machine-machines-autonomes","processing-temperage"],"_links":{"self":[{"href":"https:\/\/miaft.com\/fr\/wp-json\/wp\/v2\/product\/13109"}],"collection":[{"href":"https:\/\/miaft.com\/fr\/wp-json\/wp\/v2\/product"}],"about":[{"href":"https:\/\/miaft.com\/fr\/wp-json\/wp\/v2\/types\/product"}],"version-history":[{"count":3,"href":"https:\/\/miaft.com\/fr\/wp-json\/wp\/v2\/product\/13109\/revisions"}],"predecessor-version":[{"id":13121,"href":"https:\/\/miaft.com\/fr\/wp-json\/wp\/v2\/product\/13109\/revisions\/13121"}],"wp:featuredmedia":[{"embeddable":true,"href":"https:\/\/miaft.com\/fr\/wp-json\/wp\/v2\/media\/27671"}],"wp:attachment":[{"href":"https:\/\/miaft.com\/fr\/wp-json\/wp\/v2\/media?parent=13109"}],"wp:term":[{"taxonomy":"finished_product","embeddable":true,"href":"https:\/\/miaft.com\/fr\/wp-json\/wp\/v2\/finished_product?post=13109"},{"taxonomy":"machine","embeddable":true,"href":"https:\/\/miaft.com\/fr\/wp-json\/wp\/v2\/machine?post=13109"},{"taxonomy":"processing","embeddable":true,"href":"https:\/\/miaft.com\/fr\/wp-json\/wp\/v2\/processing?post=13109"}],"curies":[{"name":"wp","href":"https:\/\/api.w.org\/{rel}","templated":true}]}}