{"id":10650,"date":"2024-01-12T14:52:18","date_gmt":"2024-01-12T13:52:18","guid":{"rendered":"https:\/\/miaft.com\/product\/linea-start-up-frutta-secca\/"},"modified":"2025-09-04T15:52:55","modified_gmt":"2025-09-04T13:52:55","slug":"linea-start-up-frutta-secca","status":"publish","type":"product","link":"https:\/\/miaft.com\/fr\/product\/linea-start-up-frutta-secca\/","title":{"rendered":"Ligne de d\u00e9marrage DRIED FRUIT"},"content":{"rendered":"\n<div class=\"wp-block-group has-light-background-color has-background is-layout-flow wp-block-group-is-layout-flow\"><div class=\"oi-block oi-block-layout-container container\" style=\"\"  >\n    <div class=\"oi-block oi-block-layout-space\" style=\"--oi-block-space-xs:75px; --oi-block-space-sm:90px; --oi-block-space-md:90px; --oi-block-space-lg:120px; --oi-block-space-xl:120px; --oi-block-space-xxl:120px\"><\/div>\n\n\n    <div class=\"oi-block oi-block-layout-row row  \">\n        \n<div class=\"oi-block oi-block-layout-row-column col-12 col-sm-12 col-md-12 col-lg-6 col-xl-5 col-xxl-5\" style=\"\" >\n\n<h3 class=\"wp-block-heading has-primary-color has-text-color has-link-color wp-elements-40b5aa1305b1ad3f3be83582d871c83a\">Caract\u00e9ristiques<\/h3>\n\n\n    <div class=\"oi-block oi-block-layout-space\" style=\"--oi-block-space-xs:30px; --oi-block-space-sm:30px; --oi-block-space-md:30px; --oi-block-space-lg:30px; --oi-block-space-xl:30px; --oi-block-space-xxl:30px\"><\/div>\n\n<\/div>\n    <\/div>\n\n\n    <div class=\"oi-block oi-block-layout-row row  \">\n        \n<div class=\"oi-block oi-block-layout-row-column col-12 col-sm-12 col-md-12 col-lg-6 col-xl-5 col-xxl-5\" style=\"\" >\n\n<p>La <strong>ligne de traitement des fruits secs START UP<\/strong> est la solution d'entr\u00e9e de gamme dans la gamme des machines destin\u00e9es \u00e0 la production de fruits secs grill\u00e9s, de grains, de poudres, de p\u00e2tes et de cr\u00e8mes \u00e0 tartiner.<\/p>\n\n\n\n<p>Cette installation est con\u00e7ue pour traiter environ 100-120 kg\/jour de fruits secs.<\/p>\n\n\n\n<p>Ce type de machine est adapt\u00e9 aux petites installations de production, aux start-ups ou au d\u00e9veloppement de nouvelles recettes dans les laboratoires de recherche et de d\u00e9veloppement<\/p>\n\n\n\n<p>Il s'agit d'un syst\u00e8me tr\u00e8s polyvalent et tr\u00e8s \u00e9volutif, qui peut \u00eatre facilement mis en \u0153uvre par l'ajout de machines suppl\u00e9mentaires telles que le pr\u00e9-refroidisseur PM60, la cuve de fusion ML80, la doseuse DV500, etc.<\/p>\n\n\n\n<p>La ligne se compose d'un torr\u00e9facteur mod\u00e8le ROASTR-15 PRO, d'un broyeur mod\u00e8le CRICK CROCK 100-4T et d'un raffineur \u00e0 billes mod\u00e8le MILL-25.<\/p>\n\n<\/div>\n\n<div class=\"oi-block oi-block-layout-row-column col-0 col-sm-0 col-md-0 col-lg-0 col-xl-1 col-xxl-1 d-none d-sm-none d-md-none d-lg-none d-xl-block d-xxl-block\" style=\"\" ><\/div>\n\n<div class=\"oi-block oi-block-layout-row-column col-12 col-sm-12 col-md-12 col-lg-6 col-xl-5 col-xxl-5\" style=\"\" >\n\n<h5 class=\"wp-block-heading has-primary-color has-text-color has-link-color wp-elements-4d33d7b771906e49d9093f85e5cd07c4\" style=\"text-transform:uppercase\"><strong>Nombre d'op\u00e9rateurs<\/strong><\/h5>\n\n\n\n<p>1<\/p>\n\n\n    <div class=\"oi-block oi-block-layout-space\" style=\"--oi-block-space-xs:30px; --oi-block-space-sm:30px; --oi-block-space-md:30px; --oi-block-space-lg:30px; --oi-block-space-xl:30px; --oi-block-space-xxl:30px\"><\/div>\n\n\n\n<h5 class=\"wp-block-heading has-primary-color has-text-color has-link-color wp-elements-18fefa787d47505eb75b0f7f5e48f421\" style=\"text-transform:uppercase\"><strong>Espace de travail<\/strong><\/h5>\n\n\n\n<p>20 m\u00e8tres carr\u00e9s<\/p>\n\n\n    <div class=\"oi-block oi-block-layout-space\" style=\"--oi-block-space-xs:30px; --oi-block-space-sm:30px; --oi-block-space-md:30px; --oi-block-space-lg:30px; --oi-block-space-xl:30px; --oi-block-space-xxl:30px\"><\/div>\n\n\n\n<h5 class=\"wp-block-heading has-primary-color has-text-color has-link-color wp-elements-cd34976e8c20dc491852776652d8d067\" style=\"text-transform:uppercase\"><strong>Production<\/strong><\/h5>\n\n\n\n<p>environ 100-120 kg\/jour<\/p>\n\n<\/div>\n    <\/div>\n\n\n    <div class=\"oi-block oi-block-layout-space\" style=\"--oi-block-space-xs:75px; --oi-block-space-sm:90px; --oi-block-space-md:90px; --oi-block-space-lg:120px; --oi-block-space-xl:120px; --oi-block-space-xxl:120px\"><\/div>\n\n<\/div><\/div>\n\n\n<div class=\"oi-block oi-block-layout-container container\" style=\"\"  >\n    <div class=\"oi-block oi-block-layout-space\" style=\"--oi-block-space-xs:75px; --oi-block-space-sm:90px; --oi-block-space-md:90px; --oi-block-space-lg:120px; --oi-block-space-xl:120px; --oi-block-space-xxl:120px\"><\/div>\n\n\n\n<h3 class=\"wp-block-heading has-primary-color has-text-color has-link-color wp-elements-24aa8dbdb0e47f136c969e67880116c2\">Composition des lignes<\/h3>\n\n\n    <div class=\"oi-block oi-block-layout-space\" style=\"--oi-block-space-xs:30px; --oi-block-space-sm:30px; --oi-block-space-md:30px; --oi-block-space-lg:30px; --oi-block-space-xl:30px; --oi-block-space-xxl:30px\"><\/div>\n\n\n    <div class=\"oi-block oi-block-layout-row row  \">\n        \n<div class=\"oi-block oi-block-layout-row-column col-12 col-sm-6 col-md-6 col-lg-4 col-xl-4 col-xxl-4\" style=\"\" >\n<div class=\"oi-block oi-block-product-miniature\" >        <div class=\"single-product-miniature with-number\">\n    <div class=\"thumbnail-container\">\n        <a class=\"d-block\" href=\"https:\/\/miaft.com\/fr\/product\/tostino-15kg-roaster-15-eco-roaster-15-pro\/\">\n            <img decoding=\"async\" width=\"767\" height=\"730\" src=\"https:\/\/miaft.com\/wp-content\/uploads\/2024\/09\/tostino-15kg-30kg-roaster-mia-15-eco-roaster-15-pro-roaster-30e-1-767x730.jpg\" class=\"img-fluid\" alt=\"\" loading=\"lazy\" srcset=\"https:\/\/miaft.com\/wp-content\/uploads\/2024\/09\/tostino-15kg-30kg-roaster-mia-15-eco-roaster-15-pro-roaster-30e-1-767x730.jpg 767w, https:\/\/miaft.com\/wp-content\/uploads\/2024\/09\/tostino-15kg-30kg-roaster-mia-15-eco-roaster-15-pro-roaster-30e-1-150x143.jpg 150w, https:\/\/miaft.com\/wp-content\/uploads\/2024\/09\/tostino-15kg-30kg-roaster-mia-15-eco-roaster-15-pro-roaster-30e-1-575x547.jpg 575w, https:\/\/miaft.com\/wp-content\/uploads\/2024\/09\/tostino-15kg-30kg-roaster-mia-15-eco-roaster-15-pro-roaster-30e-1-991x943.jpg 991w, https:\/\/miaft.com\/wp-content\/uploads\/2024\/09\/tostino-15kg-30kg-roaster-mia-15-eco-roaster-15-pro-roaster-30e-1-1199x1141.jpg 1199w, https:\/\/miaft.com\/wp-content\/uploads\/2024\/09\/tostino-15kg-30kg-roaster-mia-15-eco-roaster-15-pro-roaster-30e-1.jpg 1500w\" sizes=\"(max-width: 767px) 100vw, 767px\" \/>        <\/a>\n        <div class=\"post-info\">\n                            <div class=\"post-terms\">\n                                            <div>\n                            <h6 class=\"post-term\" style=\"border: 2px solid #dc6529;\">Fruits secs<\/h6>\n                        <\/div>\n                                    <\/div>\n                    <\/div>\n                    <div class=\"post-number\">\n                <span>\n                    x 1                <\/span>\n            <\/div>\n            <\/div>\n    <div class=\"post-main\">\n                    <h6 class=\"font-weight-bold text-uppercase color-primary\">ROASTER-15 ECO, ROASTER-15 PRO<\/h6>\n        \n        <a class=\"d-block\" href=\"https:\/\/miaft.com\/fr\/product\/tostino-15kg-roaster-15-eco-roaster-15-pro\/\" title=\"Torr\u00e9facteur 15 kg\u00a0\">\n            <h4 class=\"mb-0 post-title\">Torr\u00e9facteur 15 kg\u00a0<\/h4>\n        <\/a>\n\n                    <h6 class=\"font-weight-regular mb-0 mt-2\">torr\u00e9faction des fruits secs et des graines ol\u00e9agineuses <\/h6>\n            <\/div>\n    <\/div>        <\/div>\n<\/div>\n\n<div class=\"oi-block oi-block-layout-row-column col-12 col-sm-6 col-md-6 col-lg-4 col-xl-4 col-xxl-4\" style=\"\" >\n<div class=\"oi-block oi-block-product-miniature\" >        <div class=\"single-product-miniature with-number\">\n    <div class=\"thumbnail-container\">\n        <a class=\"d-block\" href=\"https:\/\/miaft.com\/fr\/product\/granellatrice-automatica-crick-crock-100-2t-100-3t-100-4t\/\">\n            <img decoding=\"async\" width=\"767\" height=\"978\" src=\"https:\/\/miaft.com\/wp-content\/uploads\/2024\/09\/mia-granellatrice-automatica-crick-crock-100-2t-100-4t-100-6t-767x978.jpg\" class=\"img-fluid\" alt=\"\" loading=\"lazy\" srcset=\"https:\/\/miaft.com\/wp-content\/uploads\/2024\/09\/mia-granellatrice-automatica-crick-crock-100-2t-100-4t-100-6t-767x978.jpg 767w, https:\/\/miaft.com\/wp-content\/uploads\/2024\/09\/mia-granellatrice-automatica-crick-crock-100-2t-100-4t-100-6t-1204x1536.jpg 1204w, https:\/\/miaft.com\/wp-content\/uploads\/2024\/09\/mia-granellatrice-automatica-crick-crock-100-2t-100-4t-100-6t-150x191.jpg 150w, https:\/\/miaft.com\/wp-content\/uploads\/2024\/09\/mia-granellatrice-automatica-crick-crock-100-2t-100-4t-100-6t-575x733.jpg 575w, https:\/\/miaft.com\/wp-content\/uploads\/2024\/09\/mia-granellatrice-automatica-crick-crock-100-2t-100-4t-100-6t-991x1264.jpg 991w, https:\/\/miaft.com\/wp-content\/uploads\/2024\/09\/mia-granellatrice-automatica-crick-crock-100-2t-100-4t-100-6t-1199x1529.jpg 1199w, https:\/\/miaft.com\/wp-content\/uploads\/2024\/09\/mia-granellatrice-automatica-crick-crock-100-2t-100-4t-100-6t.jpg 1314w\" sizes=\"(max-width: 767px) 100vw, 767px\" \/>        <\/a>\n        <div class=\"post-info\">\n                            <div class=\"post-terms\">\n                                            <div>\n                            <h6 class=\"post-term\" style=\"border: 2px solid #dc6529;\">Fruits secs<\/h6>\n                        <\/div>\n                                    <\/div>\n                    <\/div>\n                    <div class=\"post-number\">\n                <span>\n                    x 1                <\/span>\n            <\/div>\n            <\/div>\n    <div class=\"post-main\">\n                    <h6 class=\"font-weight-bold text-uppercase color-primary\">CRICK-CROCK 100-2T - 100-3T - 100-4T<\/h6>\n        \n        <a class=\"d-block\" href=\"https:\/\/miaft.com\/fr\/product\/granellatrice-automatica-crick-crock-100-2t-100-3t-100-4t\/\" title=\"Broyeur automatique\u00a0\">\n            <h4 class=\"mb-0 post-title\">Broyeur automatique\u00a0<\/h4>\n        <\/a>\n\n                    <h6 class=\"font-weight-regular mb-0 mt-2\">pour fruits secs, noisettes, nougat, nougatine, biscuits et sucreries <\/h6>\n            <\/div>\n    <\/div>        <\/div>\n<\/div>\n\n<div class=\"oi-block oi-block-layout-row-column col-12 col-sm-6 col-md-6 col-lg-4 col-xl-4 col-xxl-4\" style=\"\" >\n<div class=\"oi-block oi-block-product-miniature\" >        <div class=\"single-product-miniature with-number\">\n    <div class=\"thumbnail-container\">\n        <a class=\"d-block\" href=\"https:\/\/miaft.com\/fr\/product\/raffinatrice-mulino-a-sfere-mill25\/\">\n            <img decoding=\"async\" width=\"767\" height=\"766\" src=\"https:\/\/miaft.com\/wp-content\/uploads\/2024\/01\/raffinatrice-mulino-a-sfere-mill25-767x766.jpg\" class=\"img-fluid\" alt=\"\" loading=\"lazy\" srcset=\"https:\/\/miaft.com\/wp-content\/uploads\/2024\/01\/raffinatrice-mulino-a-sfere-mill25-767x766.jpg 767w, https:\/\/miaft.com\/wp-content\/uploads\/2024\/01\/raffinatrice-mulino-a-sfere-mill25-150x150.jpg 150w, https:\/\/miaft.com\/wp-content\/uploads\/2024\/01\/raffinatrice-mulino-a-sfere-mill25-575x575.jpg 575w, https:\/\/miaft.com\/wp-content\/uploads\/2024\/01\/raffinatrice-mulino-a-sfere-mill25-991x990.jpg 991w, https:\/\/miaft.com\/wp-content\/uploads\/2024\/01\/raffinatrice-mulino-a-sfere-mill25.jpg 1174w\" sizes=\"(max-width: 767px) 100vw, 767px\" \/>        <\/a>\n        <div class=\"post-info\">\n                            <div class=\"post-terms\">\n                                            <div>\n                            <h6 class=\"post-term\" style=\"border: 2px solid #dc6529;\">P\u00e2tes et cr\u00e8mes \u00e0 tartiner<\/h6>\n                        <\/div>\n                                    <\/div>\n                    <\/div>\n                    <div class=\"post-number\">\n                <span>\n                    x 1                <\/span>\n            <\/div>\n            <\/div>\n    <div class=\"post-main\">\n                    <h6 class=\"font-weight-bold text-uppercase color-primary\">MILL25<\/h6>\n        \n        <a class=\"d-block\" href=\"https:\/\/miaft.com\/fr\/product\/raffinatrice-mulino-a-sfere-mill25\/\" title=\"Raffineur moulin \u00e0 billes\u00a0\">\n            <h4 class=\"mb-0 post-title\">Raffineur moulin \u00e0 billes\u00a0<\/h4>\n        <\/a>\n\n                    <h6 class=\"font-weight-regular mb-0 mt-2\">pour la r\u00e9alisation de p\u00e2te de fruits secs, de cr\u00e8mes \u00e0 tartiner, de chocolat, etc. <\/h6>\n            <\/div>\n    <\/div>        <\/div>\n<\/div>\n    <\/div>\n\n\n    <div class=\"oi-block oi-block-layout-space\" style=\"--oi-block-space-xs:30px; --oi-block-space-sm:30px; --oi-block-space-md:30px; --oi-block-space-lg:30px; --oi-block-space-xl:30px; --oi-block-space-xxl:30px\"><\/div>\n\n\n    <div class=\"oi-block oi-block-layout-space\" style=\"--oi-block-space-xs:75px; --oi-block-space-sm:90px; --oi-block-space-md:90px; --oi-block-space-lg:120px; --oi-block-space-xl:120px; --oi-block-space-xxl:120px\"><\/div>\n\n\n<div class=\"oi-block oi-block-product-content\" >\n<div class=\"row justify-content-between\">\n    <div class=\"col-12 col-md-6 col-lg-5\">\n        \n\n<h3 class=\"wp-block-heading has-primary-color has-text-color has-link-color wp-elements-d04182b20d52d43065f141a3b9146ab8\">Composition de la ligne en d\u00e9tail<\/h3>\n\n\n    <div class=\"oi-block oi-block-layout-space\" style=\"--oi-block-space-xs:30px; --oi-block-space-sm:30px; --oi-block-space-md:30px; --oi-block-space-lg:30px; --oi-block-space-xl:30px; --oi-block-space-xxl:30px\"><\/div>\n\n\n\n<figure class=\"wp-block-image size-full\"><img loading=\"lazy\" decoding=\"async\" width=\"1276\" height=\"1417\" src=\"https:\/\/miaft.com\/wp-content\/uploads\/2024\/01\/tostino-15kg-roaster-15-eco-roaster-15-pro.jpg\" alt=\"tostino 15kg\" class=\"wp-image-27952\" srcset=\"https:\/\/miaft.com\/wp-content\/uploads\/2024\/01\/tostino-15kg-roaster-15-eco-roaster-15-pro.jpg 1276w, https:\/\/miaft.com\/wp-content\/uploads\/2024\/01\/tostino-15kg-roaster-15-eco-roaster-15-pro-150x167.jpg 150w, https:\/\/miaft.com\/wp-content\/uploads\/2024\/01\/tostino-15kg-roaster-15-eco-roaster-15-pro-575x639.jpg 575w, https:\/\/miaft.com\/wp-content\/uploads\/2024\/01\/tostino-15kg-roaster-15-eco-roaster-15-pro-767x852.jpg 767w, https:\/\/miaft.com\/wp-content\/uploads\/2024\/01\/tostino-15kg-roaster-15-eco-roaster-15-pro-991x1101.jpg 991w, https:\/\/miaft.com\/wp-content\/uploads\/2024\/01\/tostino-15kg-roaster-15-eco-roaster-15-pro-1199x1331.jpg 1199w\" sizes=\"(max-width: 1276px) 100vw, 1276px\" \/><\/figure>\n\n\n\n<h3 class=\"wp-block-heading has-primary-color has-text-color has-link-color wp-elements-49306a01b97994a39e885bdc779d8a81\">1 x torr\u00e9facteur de 15 kg ROASTER-15 Pro<\/h3>\n\n\n    <div class=\"oi-block oi-block-layout-space\" style=\"--oi-block-space-xs:30px; --oi-block-space-sm:30px; --oi-block-space-md:30px; --oi-block-space-lg:30px; --oi-block-space-xl:30px; --oi-block-space-xxl:30px\"><\/div>\n\n\n\n<p>Le torr\u00e9facteur ROASTER-15 est utilis\u00e9 pour obtenir des fruits secs de qualit\u00e9 qui seront vendus \u00e0 l'unit\u00e9 ou utilis\u00e9s comme mati\u00e8re premi\u00e8re dans l'industrie de la confiserie.<\/p>\n\n\n    <div class=\"oi-block oi-block-layout-space\" style=\"--oi-block-space-xs:30px; --oi-block-space-sm:30px; --oi-block-space-md:30px; --oi-block-space-lg:30px; --oi-block-space-xl:30px; --oi-block-space-xxl:30px\"><\/div>\n\n\n    <div class=\"oi-block oi-block-layout-space\" style=\"--oi-block-space-xs:30px; --oi-block-space-sm:45px; --oi-block-space-md:60px; --oi-block-space-lg:75px; --oi-block-space-xl:90px; --oi-block-space-xxl:90px\"><\/div>\n\n\n\n<figure class=\"wp-block-image size-full\"><img loading=\"lazy\" decoding=\"async\" width=\"2560\" height=\"1707\" src=\"https:\/\/miaft.com\/wp-content\/uploads\/2023\/12\/granellatrice-automatica-crick-crock-100-2t-100-4t-100-6t.jpg\" alt=\"granellatrice automatica\" class=\"wp-image-27994\" srcset=\"https:\/\/miaft.com\/wp-content\/uploads\/2023\/12\/granellatrice-automatica-crick-crock-100-2t-100-4t-100-6t.jpg 2560w, https:\/\/miaft.com\/wp-content\/uploads\/2023\/12\/granellatrice-automatica-crick-crock-100-2t-100-4t-100-6t-1536x1024.jpg 1536w, https:\/\/miaft.com\/wp-content\/uploads\/2023\/12\/granellatrice-automatica-crick-crock-100-2t-100-4t-100-6t-2048x1366.jpg 2048w, https:\/\/miaft.com\/wp-content\/uploads\/2023\/12\/granellatrice-automatica-crick-crock-100-2t-100-4t-100-6t-150x100.jpg 150w, https:\/\/miaft.com\/wp-content\/uploads\/2023\/12\/granellatrice-automatica-crick-crock-100-2t-100-4t-100-6t-575x383.jpg 575w, https:\/\/miaft.com\/wp-content\/uploads\/2023\/12\/granellatrice-automatica-crick-crock-100-2t-100-4t-100-6t-767x511.jpg 767w, https:\/\/miaft.com\/wp-content\/uploads\/2023\/12\/granellatrice-automatica-crick-crock-100-2t-100-4t-100-6t-991x661.jpg 991w, https:\/\/miaft.com\/wp-content\/uploads\/2023\/12\/granellatrice-automatica-crick-crock-100-2t-100-4t-100-6t-1199x799.jpg 1199w\" sizes=\"(max-width: 2560px) 100vw, 2560px\" \/><\/figure>\n\n\n\n<h3 class=\"wp-block-heading has-primary-color has-text-color has-link-color wp-elements-6e6c5ef570c2d5fe3e0bc94375105e2b\">1 x Granulateur automatique CRICK CROCK 100-4T<\/h3>\n\n\n    <div class=\"oi-block oi-block-layout-space\" style=\"--oi-block-space-xs:30px; --oi-block-space-sm:30px; --oi-block-space-md:30px; --oi-block-space-lg:30px; --oi-block-space-xl:30px; --oi-block-space-xxl:30px\"><\/div>\n\n\n\n<p>Granulateur automatique avec syst\u00e8me de coupe adaptable pour produire des grains d'un calibre pr\u00e9cis et constant.<\/p>\n\n\n    <div class=\"oi-block oi-block-layout-space\" style=\"--oi-block-space-xs:30px; --oi-block-space-sm:30px; --oi-block-space-md:30px; --oi-block-space-lg:30px; --oi-block-space-xl:30px; --oi-block-space-xxl:30px\"><\/div>\n\n\n    <div class=\"oi-block oi-block-layout-space\" style=\"--oi-block-space-xs:30px; --oi-block-space-sm:45px; --oi-block-space-md:60px; --oi-block-space-lg:75px; --oi-block-space-xl:90px; --oi-block-space-xxl:90px\"><\/div>\n\n\n\n<figure class=\"wp-block-image size-full\"><img loading=\"lazy\" decoding=\"async\" width=\"1174\" height=\"1173\" src=\"https:\/\/miaft.com\/wp-content\/uploads\/2024\/01\/raffinatrice-mulino-a-sfere-mill25.jpg\" alt=\"raffinatrice mulino a sfere\" class=\"wp-image-28051\" srcset=\"https:\/\/miaft.com\/wp-content\/uploads\/2024\/01\/raffinatrice-mulino-a-sfere-mill25.jpg 1174w, https:\/\/miaft.com\/wp-content\/uploads\/2024\/01\/raffinatrice-mulino-a-sfere-mill25-150x150.jpg 150w, https:\/\/miaft.com\/wp-content\/uploads\/2024\/01\/raffinatrice-mulino-a-sfere-mill25-575x575.jpg 575w, https:\/\/miaft.com\/wp-content\/uploads\/2024\/01\/raffinatrice-mulino-a-sfere-mill25-767x766.jpg 767w, https:\/\/miaft.com\/wp-content\/uploads\/2024\/01\/raffinatrice-mulino-a-sfere-mill25-991x990.jpg 991w\" sizes=\"(max-width: 1174px) 100vw, 1174px\" \/><\/figure>\n\n\n\n<h3 class=\"wp-block-heading has-primary-color has-text-color has-link-color wp-elements-a9fd2392ce80376e9e5c2c1573efb8a9\">1 x Moulin \u00e0 billes - raffineur MILL25<\/h3>\n\n\n    <div class=\"oi-block oi-block-layout-space\" style=\"--oi-block-space-xs:30px; --oi-block-space-sm:30px; --oi-block-space-md:30px; --oi-block-space-lg:30px; --oi-block-space-xl:30px; --oi-block-space-xxl:30px\"><\/div>\n\n\n\n<p>Le broyeur \u00e0 billes - raffineur MILL25 est utilis\u00e9 pour la production \/ le raffinage de p\u00e2tes de noix (noisette, amande, pistache, macadamia, etc.), pour les cr\u00e8mes \u00e0 tartiner, le chocolat, les ersatz et les p\u00e2tes pour l'industrie de la cr\u00e8me glac\u00e9e \/ p\u00e2tisserie.<\/p>\n\n    <\/div>\n    <div class=\"col-5 col-lg-4 d-none d-md-block\">\n        <div class=\"featured-product\">\n                                                                    <div class=\"bg-dark color-white featured-product-inner\">\n                        <div class=\"image-container\">\n                            <img decoding=\"async\" width=\"1536\" height=\"1037\" src=\"https:\/\/miaft.com\/wp-content\/uploads\/2025\/09\/mia-linea-start-up-frutta-secca.jpg\" class=\"img-fluid\" alt=\"\" loading=\"lazy\" srcset=\"https:\/\/miaft.com\/wp-content\/uploads\/2025\/09\/mia-linea-start-up-frutta-secca.jpg 1536w, https:\/\/miaft.com\/wp-content\/uploads\/2025\/09\/mia-linea-start-up-frutta-secca-150x101.jpg 150w, https:\/\/miaft.com\/wp-content\/uploads\/2025\/09\/mia-linea-start-up-frutta-secca-575x388.jpg 575w, https:\/\/miaft.com\/wp-content\/uploads\/2025\/09\/mia-linea-start-up-frutta-secca-767x518.jpg 767w, https:\/\/miaft.com\/wp-content\/uploads\/2025\/09\/mia-linea-start-up-frutta-secca-991x669.jpg 991w, https:\/\/miaft.com\/wp-content\/uploads\/2025\/09\/mia-linea-start-up-frutta-secca-1199x809.jpg 1199w\" sizes=\"(max-width: 1536px) 100vw, 1536px\" \/>                        <\/div>\n                                                    <h6 class=\"mb-2 text-uppercase color-secondary\">\n                                Fruits secs                            <\/h6>\n                                                <h4 class=\"mb-0 color-white product-title\">\n                            Ligne de d\u00e9marrage DRIED FRUIT                        <\/h4>\n                                                    <p class=\"mt-3 mb-0\">installation cl\u00e9 en main pour le traitement des fruits secs jusqu'\u00e0 100 kg\/jour<\/p>\n                                                <div class=\"mt-4\">\n                            <div class=\"oi-block oi-block-layout-button\" ><a href=\"#contact-us\" title=\"\" class=\"btn btn-secondary-fill btn-type-default btn-medium\" >\n    Demande d\u2019informations    <\/a><\/div>                        <\/div>\n                    <\/div>\n                                                    <\/div>\n    <\/div>\n<\/div><\/div>\n\n    <div class=\"oi-block oi-block-layout-space\" style=\"--oi-block-space-xs:75px; --oi-block-space-sm:90px; --oi-block-space-md:90px; --oi-block-space-lg:120px; --oi-block-space-xl:120px; --oi-block-space-xxl:120px\"><\/div>\n\n<\/div>","protected":false},"excerpt":{"rendered":"<p>La ligne de traitement des fruits secs START UP est la solution d'entr\u00e9e de gamme dans l'offre de machines pour la production de fruits secs grill\u00e9s, de grains, de poudres, de p\u00e2tes et de cr\u00e8mes \u00e0 tartiner.<\/p>\n","protected":false},"featured_media":29248,"parent":0,"menu_order":199,"template":"","meta":{"_seopress_robots_primary_cat":"none","_seopress_titles_title":"","_seopress_titles_desc":"","_seopress_robots_index":"","is_energy_saving":false,"is_for_sale":false,"show_footer_widget":true,"show_related_products":false,"product_subtitle":"installation cl\u00e9 en main pour le traitement des fruits secs jusqu'\u00e0 100 kg\/jour","product_code":"Roater-15 PRO + PM60 + 100-2T + Mill-25","related_products_source":"related","related_products_list":"[]","product_powered_by_title":"","product_powered_by_image":"{}","product_on_sale_label":"49.500,00\u20ac + IVA","product_on_sale_label_1":"","product_on_sale_label_2":"","product_on_sale_label_3":"","product_on_sale_label_4":"","product_on_sale_label_5":"","footnotes":""},"finished_product":[112],"machine":[116],"processing":[],"class_list":["post-10650","product","type-product","status-publish","has-post-thumbnail","hentry","finished_product-fruits-secs","machine-installations-cle-en-main"],"_links":{"self":[{"href":"https:\/\/miaft.com\/fr\/wp-json\/wp\/v2\/product\/10650"}],"collection":[{"href":"https:\/\/miaft.com\/fr\/wp-json\/wp\/v2\/product"}],"about":[{"href":"https:\/\/miaft.com\/fr\/wp-json\/wp\/v2\/types\/product"}],"version-history":[{"count":2,"href":"https:\/\/miaft.com\/fr\/wp-json\/wp\/v2\/product\/10650\/revisions"}],"predecessor-version":[{"id":28176,"href":"https:\/\/miaft.com\/fr\/wp-json\/wp\/v2\/product\/10650\/revisions\/28176"}],"wp:featuredmedia":[{"embeddable":true,"href":"https:\/\/miaft.com\/fr\/wp-json\/wp\/v2\/media\/29248"}],"wp:attachment":[{"href":"https:\/\/miaft.com\/fr\/wp-json\/wp\/v2\/media?parent=10650"}],"wp:term":[{"taxonomy":"finished_product","embeddable":true,"href":"https:\/\/miaft.com\/fr\/wp-json\/wp\/v2\/finished_product?post=10650"},{"taxonomy":"machine","embeddable":true,"href":"https:\/\/miaft.com\/fr\/wp-json\/wp\/v2\/machine?post=10650"},{"taxonomy":"processing","embeddable":true,"href":"https:\/\/miaft.com\/fr\/wp-json\/wp\/v2\/processing?post=10650"}],"curies":[{"name":"wp","href":"https:\/\/api.w.org\/{rel}","templated":true}]}}