{"id":10644,"date":"2024-01-06T17:25:11","date_gmt":"2024-01-06T16:25:11","guid":{"rendered":"https:\/\/miaft.com\/product\/taglierina-manuale-stecche-easy-250-easy-350-easy-400\/"},"modified":"2024-04-19T11:32:38","modified_gmt":"2024-04-19T09:32:38","slug":"taglierina-manuale-stecche-easy-250-easy-350-easy-400","status":"publish","type":"product","link":"https:\/\/miaft.com\/fr\/product\/taglierina-manuale-stecche-easy-250-easy-350-easy-400\/","title":{"rendered":"Coupe-lame manuel"},"content":{"rendered":"\n<div class=\"wp-block-group has-light-background-color has-background is-layout-flow wp-block-group-is-layout-flow\"><div class=\"oi-block oi-block-layout-container container\" style=\"\"  >\n    <div class=\"oi-block oi-block-layout-space\" style=\"--oi-block-space-xs:75px; --oi-block-space-sm:90px; --oi-block-space-md:90px; --oi-block-space-lg:120px; --oi-block-space-xl:120px; --oi-block-space-xxl:120px\"><\/div>\n\n\n\n<h3 class=\"wp-block-heading has-primary-color has-text-color has-link-color wp-elements-bfc340e0bb69187e509455aa9f602034\">Sp\u00e9cifications techniques<\/h3>\n\n\n    <div class=\"oi-block oi-block-layout-space\" style=\"--oi-block-space-xs:30px; --oi-block-space-sm:30px; --oi-block-space-md:30px; --oi-block-space-lg:30px; --oi-block-space-xl:30px; --oi-block-space-xxl:30px\"><\/div>\n\n\n    <div class=\"oi-block oi-block-layout-row row  row-vertical-gap\">\n        \n<div class=\"oi-block oi-block-layout-row-column col-12 col-sm-12 col-md-12 col-lg-6 col-xl-4 col-xxl-4\" style=\"\" >\n\n<h5 class=\"wp-block-heading has-primary-color has-text-color has-link-color wp-elements-2839313b037ae71d9d72fa921b4f97c8\" style=\"text-transform:uppercase\">Encombrement<\/h5>\n\n\n    <div class=\"oi-block oi-block-layout-space\" style=\"--oi-block-space-xs:20px; --oi-block-space-sm:20px; --oi-block-space-md:20px; --oi-block-space-lg:20px; --oi-block-space-xl:20px; --oi-block-space-xxl:20px\"><\/div>\n\n\n\n<p>1200 x 1000 x 13000 mm, Poids 200 kg<\/p>\n\n<\/div>\n    <\/div>\n\n\n    <div class=\"oi-block oi-block-layout-space\" style=\"--oi-block-space-xs:75px; --oi-block-space-sm:90px; --oi-block-space-md:90px; --oi-block-space-lg:120px; --oi-block-space-xl:120px; --oi-block-space-xxl:120px\"><\/div>\n\n<\/div><\/div>\n\n\n<div class=\"oi-block oi-block-layout-container container\" style=\"\"  >\n    <div class=\"oi-block oi-block-layout-space\" style=\"--oi-block-space-xs:75px; --oi-block-space-sm:90px; --oi-block-space-md:90px; --oi-block-space-lg:120px; --oi-block-space-xl:120px; --oi-block-space-xxl:120px\"><\/div>\n\n\n<div class=\"oi-block oi-block-product-content\" >\n<div class=\"row justify-content-between\">\n    <div class=\"col-12 col-md-6 col-lg-5\">\n        \n\n<h3 class=\"wp-block-heading has-primary-color has-text-color has-link-color wp-elements-fdfca380a8f7a24d68d659bc44959615\">Coupe-lame manuel<\/h3>\n\n\n    <div class=\"oi-block oi-block-layout-space\" style=\"--oi-block-space-xs:30px; --oi-block-space-sm:30px; --oi-block-space-md:30px; --oi-block-space-lg:30px; --oi-block-space-xl:30px; --oi-block-space-xxl:30px\"><\/div>\n\n\n\n<p>Coupeur de nougat manuel EASY, con\u00e7u pour \u00eatre comp\u00e9titif sur le march\u00e9 de la production saisonni\u00e8re de nougat.<\/p>\n\n\n\n<p>R\u00e9glage manuel de l'\u00e9paisseur du b\u00e2ton \u00e0 l'aide de manivelles, gestion \u00e9lectronique de la vitesse de rotation de la lame pour obtenir la meilleure qualit\u00e9 de coupe du produit fini (nougat, panforte, etc.).<\/p>\n\n\n\n<p>S\u00e9curit\u00e9 d'utilisation par l'op\u00e9rateur gr\u00e2ce aux syst\u00e8mes de contr\u00f4le de la rotation des lames. La machine ne fonctionne que lorsque l'op\u00e9rateur met les deux mains en position de travail.<\/p>\n\n    <\/div>\n    <div class=\"col-5 col-lg-4 d-none d-md-block\">\n        <div class=\"featured-product\">\n                                                                    <div class=\"bg-dark color-white featured-product-inner\">\n                        <div class=\"image-container\">\n                            <img decoding=\"async\" width=\"1000\" height=\"1000\" src=\"https:\/\/miaft.com\/wp-content\/uploads\/2024\/01\/taglierina-manuale-stecche-easy-250-easy-350-easy-400.jpg\" class=\"img-fluid\" alt=\"\" loading=\"lazy\" srcset=\"https:\/\/miaft.com\/wp-content\/uploads\/2024\/01\/taglierina-manuale-stecche-easy-250-easy-350-easy-400.jpg 1000w, https:\/\/miaft.com\/wp-content\/uploads\/2024\/01\/taglierina-manuale-stecche-easy-250-easy-350-easy-400-150x150.jpg 150w, https:\/\/miaft.com\/wp-content\/uploads\/2024\/01\/taglierina-manuale-stecche-easy-250-easy-350-easy-400-575x575.jpg 575w, https:\/\/miaft.com\/wp-content\/uploads\/2024\/01\/taglierina-manuale-stecche-easy-250-easy-350-easy-400-767x767.jpg 767w, https:\/\/miaft.com\/wp-content\/uploads\/2024\/01\/taglierina-manuale-stecche-easy-250-easy-350-easy-400-991x991.jpg 991w\" sizes=\"(max-width: 1000px) 100vw, 1000px\" \/>                        <\/div>\n                                                    <h6 class=\"mb-2 text-uppercase color-secondary\">\n                                Nougat                            <\/h6>\n                                                <h4 class=\"mb-0 color-white product-title\">\n                            Coupe-lame manuel                        <\/h4>\n                                                    <p class=\"mt-3 mb-0\">pour d\u00e9couper les b\u00e2tons de nougat \u00e0 partir d'un moule<\/p>\n                                                <div class=\"mt-4\">\n                            <div class=\"oi-block oi-block-layout-button\" ><a href=\"#contact-us\" title=\"\" class=\"btn btn-secondary-fill btn-type-default btn-medium\" >\n    Demande d\u2019informations    <\/a><\/div>                        <\/div>\n                    <\/div>\n                                                    <\/div>\n    <\/div>\n<\/div><\/div>\n\n    <div class=\"oi-block oi-block-layout-space\" style=\"--oi-block-space-xs:75px; --oi-block-space-sm:90px; --oi-block-space-md:90px; --oi-block-space-lg:120px; --oi-block-space-xl:120px; --oi-block-space-xxl:120px\"><\/div>\n\n<\/div>","protected":false},"excerpt":{"rendered":"<p>Coupeur de nougat manuel EASY, con\u00e7u pour \u00eatre comp\u00e9titif sur le march\u00e9 de la production saisonni\u00e8re de nougat.<\/p>\n","protected":false},"featured_media":27811,"parent":0,"menu_order":89,"template":"","meta":{"_seopress_robots_primary_cat":"none","_seopress_titles_title":"","_seopress_titles_desc":"","_seopress_robots_index":"","is_energy_saving":true,"is_for_sale":false,"show_footer_widget":true,"show_related_products":true,"product_subtitle":"pour d\u00e9couper les b\u00e2tons de nougat \u00e0 partir d'un moule","product_code":"EASY 250, EASY 350, EASY 400","related_products_source":"related","related_products_list":"[]","product_powered_by_title":"","product_powered_by_image":"{}","product_on_sale_label":"","product_on_sale_label_1":"","product_on_sale_label_2":"","product_on_sale_label_3":"","product_on_sale_label_4":"","product_on_sale_label_5":"","footnotes":""},"finished_product":[115],"machine":[118],"processing":[132],"class_list":["post-10644","product","type-product","status-publish","has-post-thumbnail","hentry","finished_product-nougat-fr","machine-machines-autonomes","processing-laminage-et-coupe"],"_links":{"self":[{"href":"https:\/\/miaft.com\/fr\/wp-json\/wp\/v2\/product\/10644"}],"collection":[{"href":"https:\/\/miaft.com\/fr\/wp-json\/wp\/v2\/product"}],"about":[{"href":"https:\/\/miaft.com\/fr\/wp-json\/wp\/v2\/types\/product"}],"version-history":[{"count":1,"href":"https:\/\/miaft.com\/fr\/wp-json\/wp\/v2\/product\/10644\/revisions"}],"predecessor-version":[{"id":10647,"href":"https:\/\/miaft.com\/fr\/wp-json\/wp\/v2\/product\/10644\/revisions\/10647"}],"wp:featuredmedia":[{"embeddable":true,"href":"https:\/\/miaft.com\/fr\/wp-json\/wp\/v2\/media\/27811"}],"wp:attachment":[{"href":"https:\/\/miaft.com\/fr\/wp-json\/wp\/v2\/media?parent=10644"}],"wp:term":[{"taxonomy":"finished_product","embeddable":true,"href":"https:\/\/miaft.com\/fr\/wp-json\/wp\/v2\/finished_product?post=10644"},{"taxonomy":"machine","embeddable":true,"href":"https:\/\/miaft.com\/fr\/wp-json\/wp\/v2\/machine?post=10644"},{"taxonomy":"processing","embeddable":true,"href":"https:\/\/miaft.com\/fr\/wp-json\/wp\/v2\/processing?post=10644"}],"curies":[{"name":"wp","href":"https:\/\/api.w.org\/{rel}","templated":true}]}}