{"id":9556,"date":"2023-12-14T13:42:19","date_gmt":"2023-12-14T12:42:19","guid":{"rendered":"https:\/\/miaft.com\/contatti\/"},"modified":"2025-12-23T17:27:21","modified_gmt":"2025-12-23T16:27:21","slug":"contatti","status":"publish","type":"page","link":"https:\/\/miaft.com\/fr\/contatti\/","title":{"rendered":"Contacts"},"content":{"rendered":"<div class=\"oi-block oi-block-hero-map\" ><div class=\"container pt-4 pt-md-5\">\n            <h3 class=\"color-primary text-uppercase h5 mb-2\">\n            Mia food tech        <\/h3>\n                <h1 class=\"h2\">\n            Coordonn\u00e9es\u00a0<a href=\"https:\/\/maps.google.com\/maps?ll=44.640112,7.972409&amp;z=16&amp;t=m&amp;hl=it-IT&amp;gl=US&amp;mapclient=apiv3\" target=\"_blank\" rel=\"noreferrer noopener\"><\/a>        <\/h1>\n                        <div class=\"mt-5 map-container bg-light oi-anim\" data-oi-anim=\"fade-up\">\n            <div class=\"map-block\" data-settings='{&quot;key&quot;:&quot;AIzaSyCZQoVZrTCvrxCB6vRtjdYadTGF_X9H0Ms&quot;,&quot;latitude&quot;:&quot;44.68321013871129&quot;,&quot;longitude&quot;:&quot;7.939027093253807&quot;,&quot;zoom&quot;:&quot;13&quot;,&quot;marker&quot;:[],&quot;styles&quot;:&quot;&quot;}'><\/div>\n        <\/div>\n                <div class=\"my-3\">\n            <div class=\"oi-breadcrumb \">\n                <nav class=\"oi-breadcrumb-nav\">\n                    <ol class=\"oi-breadcrumb-list\" itemscope itemtype=\"http:\/\/schema.org\/BreadcrumbList\">\n                        <li class=\"oi-breadcrumb-item\" itemprop=\"itemListElement\" itemscope itemtype=\"http:\/\/schema.org\/ListItem\">\n                <a title=\"Home\" itemprop=\"item\" href=\"https:\/\/miaft.com\/fr\/\">\n                    <span>Home<\/span>\n                <\/a>\n            <\/li>\n                    <\/ol>\n                <\/nav>\n            <\/div>        <\/div>\n    <\/div><\/div>\n\n<div class=\"oi-block oi-block-layout-container container\" style=\"\"  >\n    <div class=\"oi-block oi-block-layout-space\" style=\"--oi-block-space-xs:45px; --oi-block-space-sm:45px; --oi-block-space-md:60px; --oi-block-space-lg:75px; --oi-block-space-xl:75px; --oi-block-space-xxl:75px\"><\/div>\n\n\n    <div class=\"oi-block oi-block-layout-row row  \">\n        \n<div class=\"oi-block oi-block-layout-row-column col-12 col-sm-12 col-md-12 col-lg-6 col-xl-6 col-xxl-6\" style=\"\" >\n\n<h3 class=\"wp-block-heading has-primary-color has-text-color has-link-color wp-elements-fe6c748a670fe6fbcb746b1891c169fc\">Coordonn\u00e9es <a href=\"https:\/\/maps.google.com\/maps?ll=44.640112,7.972409&amp;z=16&amp;t=m&amp;hl=it-IT&amp;gl=US&amp;mapclient=apiv3\" target=\"_blank\" rel=\"noreferrer noopener\"><\/a><\/h3>\n\n<\/div>\n\n<div class=\"oi-block oi-block-layout-row-column col-12 col-sm-12 col-md-12 col-lg-6 col-xl-6 col-xxl-6\" style=\"\" >\n\n<h4 class=\"wp-block-heading has-primary-color has-text-color has-link-color wp-elements-191a3089e9cd9e81c64fa565fa5600e4\">MIA FOOD TECH SRL<\/h4>\n\n\n\n<p><a href=\"https:\/\/maps.app.goo.gl\/6i5vT2L9XHoKCraM8\" data-type=\"link\" data-id=\"https:\/\/maps.app.goo.gl\/bYCygquETdM45weh7\">Regione Piana n\u00b0 68<\/a><br><a href=\"https:\/\/maps.app.goo.gl\/6i5vT2L9XHoKCraM8\" data-type=\"link\" data-id=\"https:\/\/maps.app.goo.gl\/bYCygquETdM45weh7\">12060 Verduno (CN) \u2013 Italie<\/a><\/p>\n\n\n\n<p><strong>T\u00e9l<\/strong> <a href=\"tel:+3901721730648\">+39 0172 1730648<\/a><\/p>\n\n\n\n<p><strong>email<\/strong> <a href=\"mailto:info@miaft.com\">info@miaft.com<\/a><\/p>\n\n\n\n<p>Code fiscal et Num\u00e9ro de TVA IT02860730049<br>REA CN-242713 \u2013 au capital de 10 000,00 \u20ac enti\u00e8rement vers\u00e9<\/p>\n\n<\/div>\n    <\/div>\n\n\n    <div class=\"oi-block oi-block-layout-space\" style=\"--oi-block-space-xs:75px; --oi-block-space-sm:90px; --oi-block-space-md:90px; --oi-block-space-lg:120px; --oi-block-space-xl:120px; --oi-block-space-xxl:120px\"><\/div>\n\n<\/div>\n\n\n<div class=\"wp-block-group has-light-background-color has-background is-layout-flow wp-block-group-is-layout-flow\"><div class=\"oi-block oi-block-layout-container container\" style=\"\"  >\n    <div class=\"oi-block oi-block-layout-space\" style=\"--oi-block-space-xs:45px; --oi-block-space-sm:75px; --oi-block-space-md:90px; --oi-block-space-lg:120px; --oi-block-space-xl:120px; --oi-block-space-xxl:120px\"><\/div>\n\n\n\n<h3 class=\"wp-block-heading has-primary-color has-text-color has-link-color wp-elements-b6389791f75ef58777c45ca8f3f7bdbb\">Demande d'informations<\/h3>\n\n\n\n<p>Remplissez ce formulaire pour demander plus d\u2019informations.<\/p>\n\n\n    <div class=\"oi-block oi-block-layout-space\" style=\"--oi-block-space-xs:15px; --oi-block-space-sm:15px; --oi-block-space-md:30px; --oi-block-space-lg:30px; --oi-block-space-xl:30px; --oi-block-space-xxl:30px\"><\/div>\n\n\n\n<div class=\"wp-block-contact-form-7-contact-form-selector\">\n<div class=\"wpcf7 no-js\" id=\"wpcf7-f10599-o1\" lang=\"fr-FR\" dir=\"ltr\">\n<div class=\"screen-reader-response\"><p role=\"status\" aria-live=\"polite\" aria-atomic=\"true\"><\/p> <ul><\/ul><\/div>\n<form action=\"\/fr\/wp-json\/wp\/v2\/pages\/9556#wpcf7-f10599-o1\" method=\"post\" class=\"wpcf7-form init\" aria-label=\"Formulaire de contact\" novalidate=\"novalidate\" data-status=\"init\">\n<div style=\"display: none;\">\n<input type=\"hidden\" name=\"_wpcf7\" value=\"10599\" \/>\n<input type=\"hidden\" name=\"_wpcf7_version\" value=\"5.9.8\" \/>\n<input type=\"hidden\" name=\"_wpcf7_locale\" value=\"fr_FR\" \/>\n<input type=\"hidden\" name=\"_wpcf7_unit_tag\" value=\"wpcf7-f10599-o1\" \/>\n<input type=\"hidden\" name=\"_wpcf7_container_post\" value=\"0\" \/>\n<input type=\"hidden\" name=\"_wpcf7_posted_data_hash\" value=\"\" \/>\n<input type=\"hidden\" name=\"_wpcf7_recaptcha_response\" value=\"\" \/>\n<\/div>\n<div class=\"row\">\n\n\n<div class=\"col-12 col-md-4\">\n<div class=\"form-group\">\n<span class=\"wpcf7-form-control-wrap\" data-name=\"your-firstname\"><input size=\"40\" maxlength=\"400\" class=\"wpcf7-form-control wpcf7-text wpcf7-validates-as-required form-control\" id=\"your-firstname\" aria-required=\"true\" aria-invalid=\"false\" placeholder=\"Pr\u00e9nom*\" value=\"\" type=\"text\" name=\"your-firstname\" \/><\/span>\n<label for=\"your-firstname\">Pr\u00e9nom*<\/label>\n<\/div>\n<\/div>\n\n\n<div class=\"col-12 col-md-4\">\n<div class=\"form-group\">\n<span class=\"wpcf7-form-control-wrap\" data-name=\"your-lastname\"><input size=\"40\" maxlength=\"400\" class=\"wpcf7-form-control wpcf7-text wpcf7-validates-as-required form-control\" id=\"your-lastname\" aria-required=\"true\" aria-invalid=\"false\" placeholder=\"Nom*\" value=\"\" type=\"text\" name=\"your-lastname\" \/><\/span>\n<label for=\"your-lastname\">Nom*<\/label>\n<\/div>\n<\/div>\n\n\n<div class=\"col-12 col-md-4\">\n<div class=\"form-group\">\n<span class=\"wpcf7-form-control-wrap\" data-name=\"your-company\"><input size=\"40\" maxlength=\"400\" class=\"wpcf7-form-control wpcf7-text wpcf7-validates-as-required form-control\" id=\"your-company\" aria-required=\"true\" aria-invalid=\"false\" placeholder=\"Entreprise*\" value=\"\" type=\"text\" name=\"your-company\" \/><\/span>\n<label for=\"your-company\">Entreprise*<\/label>\n<\/div>\n<\/div>\n\n\n<div class=\"col-12 col-md-4\">\n<div class=\"form-group\">\n<span class=\"wpcf7-form-control-wrap\" data-name=\"your-city\"><input size=\"40\" maxlength=\"400\" class=\"wpcf7-form-control wpcf7-text wpcf7-validates-as-required form-control\" id=\"your-city\" aria-required=\"true\" aria-invalid=\"false\" placeholder=\"Ville*\" value=\"\" type=\"text\" name=\"your-city\" \/><\/span>\n<label for=\"your-city\">Ville*<\/label>\n<\/div>\n<\/div>\n\n\n<div class=\"col-12 col-md-4\">\n<div class=\"form-group\">\n<span class=\"wpcf7-form-control-wrap\" data-name=\"your-email\"><input size=\"40\" maxlength=\"400\" class=\"wpcf7-form-control wpcf7-email wpcf7-validates-as-required wpcf7-text wpcf7-validates-as-email form-control\" id=\"your-email\" aria-required=\"true\" aria-invalid=\"false\" placeholder=\"E-mail*\" value=\"\" type=\"email\" name=\"your-email\" \/><\/span>\n<label for=\"your-email\">E-mail*<\/label>\n<\/div>\n<\/div>\n\n\n<div class=\"col-12 col-md-4\">\n<div class=\"form-group\">\n<span class=\"wpcf7-form-control-wrap\" data-name=\"your-tel\"><input size=\"40\" maxlength=\"400\" class=\"wpcf7-form-control wpcf7-tel wpcf7-validates-as-required wpcf7-text wpcf7-validates-as-tel form-control\" id=\"your-tel\" aria-required=\"true\" aria-invalid=\"false\" placeholder=\"T\u00e9l\u00e9phone*\" value=\"\" type=\"tel\" name=\"your-tel\" \/><\/span>\n<label for=\"your-tel\">T\u00e9l\u00e9phone*<\/label>\n<\/div>\n<\/div>\n\n\n<div class=\"col-12 col-md-4\">\n<div class=\"form-group\">\n<div class=\"dropdown-checkbox dropdown pt-2\">\n<button class=\"form-control dropdown-toggle text-start px-0\" type=\"button\" id=\"dropdownMenuButton1\" data-bs-toggle=\"dropdown\" aria-expanded=\"false\" data-bs-auto-close=\"outside\">\n<span class=\"placeholder-text\">\nProduit d'int\u00e9r\u00eat*\n<\/span>\n<span class=\"value\">\n<\/span>\n  <\/button>\n    <span class=\"wpcf7-form-control-wrap\" data-name=\"your-prodotto_finito\"><span class=\"wpcf7-form-control wpcf7-checkbox wpcf7-validates-as-required dropdown-menu\"><span class=\"wpcf7-list-item first\"><label class=\"custom-control custom-checkbox\"><input type=\"checkbox\" name=\"your-prodotto_finito[]\" value=\"Barres \u00e9nerg\u00e9tiques\" class=\"form-check-input\"><span class=\"wpcf7-list-item-label custom-control-label\">Barres \u00e9nerg\u00e9tiques<\/span><\/label><\/span><span class=\"wpcf7-list-item\"><label class=\"custom-control custom-checkbox\"><input type=\"checkbox\" name=\"your-prodotto_finito[]\" value=\"Chocolat\" class=\"form-check-input\"><span class=\"wpcf7-list-item-label custom-control-label\">Chocolat<\/span><\/label><\/span><span class=\"wpcf7-list-item\"><label class=\"custom-control custom-checkbox\"><input type=\"checkbox\" name=\"your-prodotto_finito[]\" value=\"Nougatine\" class=\"form-check-input\"><span class=\"wpcf7-list-item-label custom-control-label\">Nougatine<\/span><\/label><\/span><span class=\"wpcf7-list-item\"><label class=\"custom-control custom-checkbox\"><input type=\"checkbox\" name=\"your-prodotto_finito[]\" value=\"Fruits secs\" class=\"form-check-input\"><span class=\"wpcf7-list-item-label custom-control-label\">Fruits secs<\/span><\/label><\/span><span class=\"wpcf7-list-item\"><label class=\"custom-control custom-checkbox\"><input type=\"checkbox\" name=\"your-prodotto_finito[]\" value=\"P\u00e2tes et cr\u00e8mes \u00e0 tartiner\" class=\"form-check-input\"><span class=\"wpcf7-list-item-label custom-control-label\">P\u00e2tes et cr\u00e8mes \u00e0 tartiner<\/span><\/label><\/span><span class=\"wpcf7-list-item\"><label class=\"custom-control custom-checkbox\"><input type=\"checkbox\" name=\"your-prodotto_finito[]\" value=\"Pralin\u00e9s et drag\u00e9es\" class=\"form-check-input\"><span class=\"wpcf7-list-item-label custom-control-label\">Pralin\u00e9s et drag\u00e9es<\/span><\/label><\/span><span class=\"wpcf7-list-item\"><label class=\"custom-control custom-checkbox\"><input type=\"checkbox\" name=\"your-prodotto_finito[]\" value=\"Nougat\" class=\"form-check-input\"><span class=\"wpcf7-list-item-label custom-control-label\">Nougat<\/span><\/label><\/span><span class=\"wpcf7-list-item last\"><label class=\"custom-control custom-checkbox\"><input type=\"checkbox\" name=\"your-prodotto_finito[]\" value=\"\u00c9quipement pour p\u00e2tisserie\" class=\"form-check-input\"><span class=\"wpcf7-list-item-label custom-control-label\">\u00c9quipement pour p\u00e2tisserie<\/span><\/label><\/span><\/span><\/span>\n<\/div>\n<\/div>\n<\/div>\n\n\n<div class=\"col-12 col-md-4\">\n<div class=\"form-group\">\n<div class=\"dropdown-checkbox dropdown pt-2\">\n<button class=\"form-control dropdown-toggle text-start px-0\" type=\"button\" id=\"dropdownMenuButton1\" data-bs-toggle=\"dropdown\" aria-expanded=\"false\" data-bs-auto-close=\"outside\">\n<span class=\"placeholder-text\">\nTravail d'int\u00e9r\u00eat*\n<\/span>\n<span class=\"value\">\n<\/span>\n  <\/button>\n    <span class=\"wpcf7-form-control-wrap\" data-name=\"your-lavorazione\"><span class=\"wpcf7-form-control wpcf7-checkbox wpcf7-validates-as-required dropdown-menu\"><span class=\"wpcf7-list-item first\"><label class=\"custom-control custom-checkbox\"><input type=\"checkbox\" name=\"your-lavorazione[]\" value=\"Torr\u00e9faction et pelage\" class=\"form-check-input\"><span class=\"wpcf7-list-item-label custom-control-label\">Torr\u00e9faction et pelage<\/span><\/label><\/span><span class=\"wpcf7-list-item\"><label class=\"custom-control custom-checkbox\"><input type=\"checkbox\" name=\"your-lavorazione[]\" value=\"Tri\" class=\"form-check-input\"><span class=\"wpcf7-list-item-label custom-control-label\">Tri<\/span><\/label><\/span><span class=\"wpcf7-list-item\"><label class=\"custom-control custom-checkbox\"><input type=\"checkbox\" name=\"your-lavorazione[]\" value=\"Broyage\" class=\"form-check-input\"><span class=\"wpcf7-list-item-label custom-control-label\">Broyage<\/span><\/label><\/span><span class=\"wpcf7-list-item\"><label class=\"custom-control custom-checkbox\"><input type=\"checkbox\" name=\"your-lavorazione[]\" value=\"Pr\u00e9-raffinage\" class=\"form-check-input\"><span class=\"wpcf7-list-item-label custom-control-label\">Pr\u00e9-raffinage<\/span><\/label><\/span><span class=\"wpcf7-list-item\"><label class=\"custom-control custom-checkbox\"><input type=\"checkbox\" name=\"your-lavorazione[]\" value=\"Raffinage\" class=\"form-check-input\"><span class=\"wpcf7-list-item-label custom-control-label\">Raffinage<\/span><\/label><\/span><span class=\"wpcf7-list-item\"><label class=\"custom-control custom-checkbox\"><input type=\"checkbox\" name=\"your-lavorazione[]\" value=\"Stockage\" class=\"form-check-input\"><span class=\"wpcf7-list-item-label custom-control-label\">Stockage<\/span><\/label><\/span><span class=\"wpcf7-list-item\"><label class=\"custom-control custom-checkbox\"><input type=\"checkbox\" name=\"your-lavorazione[]\" value=\"Doseurs\" class=\"form-check-input\"><span class=\"wpcf7-list-item-label custom-control-label\">Doseurs<\/span><\/label><\/span><span class=\"wpcf7-list-item\"><label class=\"custom-control custom-checkbox\"><input type=\"checkbox\" name=\"your-lavorazione[]\" value=\"Extrusion\" class=\"form-check-input\"><span class=\"wpcf7-list-item-label custom-control-label\">Extrusion<\/span><\/label><\/span><span class=\"wpcf7-list-item\"><label class=\"custom-control custom-checkbox\"><input type=\"checkbox\" name=\"your-lavorazione[]\" value=\"Presses\" class=\"form-check-input\"><span class=\"wpcf7-list-item-label custom-control-label\">Presses<\/span><\/label><\/span><span class=\"wpcf7-list-item\"><label class=\"custom-control custom-checkbox\"><input type=\"checkbox\" name=\"your-lavorazione[]\" value=\"Pralinage\" class=\"form-check-input\"><span class=\"wpcf7-list-item-label custom-control-label\">Pralinage<\/span><\/label><\/span><span class=\"wpcf7-list-item\"><label class=\"custom-control custom-checkbox\"><input type=\"checkbox\" name=\"your-lavorazione[]\" value=\"Drag\u00e9ification\" class=\"form-check-input\"><span class=\"wpcf7-list-item-label custom-control-label\">Drag\u00e9ification<\/span><\/label><\/span><span class=\"wpcf7-list-item\"><label class=\"custom-control custom-checkbox\"><input type=\"checkbox\" name=\"your-lavorazione[]\" value=\"Cuisson\" class=\"form-check-input\"><span class=\"wpcf7-list-item-label custom-control-label\">Cuisson<\/span><\/label><\/span><span class=\"wpcf7-list-item\"><label class=\"custom-control custom-checkbox\"><input type=\"checkbox\" name=\"your-lavorazione[]\" value=\"Laminage et coupe\" class=\"form-check-input\"><span class=\"wpcf7-list-item-label custom-control-label\">Laminage et coupe<\/span><\/label><\/span><span class=\"wpcf7-list-item\"><label class=\"custom-control custom-checkbox\"><input type=\"checkbox\" name=\"your-lavorazione[]\" value=\"Battage\" class=\"form-check-input\"><span class=\"wpcf7-list-item-label custom-control-label\">Battage<\/span><\/label><\/span><span class=\"wpcf7-list-item\"><label class=\"custom-control custom-checkbox\"><input type=\"checkbox\" name=\"your-lavorazione[]\" value=\"Criblage\" class=\"form-check-input\"><span class=\"wpcf7-list-item-label custom-control-label\">Criblage<\/span><\/label><\/span><span class=\"wpcf7-list-item\"><label class=\"custom-control custom-checkbox\"><input type=\"checkbox\" name=\"your-lavorazione[]\" value=\"Temp\u00e9rage\" class=\"form-check-input\"><span class=\"wpcf7-list-item-label custom-control-label\">Temp\u00e9rage<\/span><\/label><\/span><span class=\"wpcf7-list-item\"><label class=\"custom-control custom-checkbox\"><input type=\"checkbox\" name=\"your-lavorazione[]\" value=\"Enrobage\" class=\"form-check-input\"><span class=\"wpcf7-list-item-label custom-control-label\">Enrobage<\/span><\/label><\/span><span class=\"wpcf7-list-item\"><label class=\"custom-control custom-checkbox\"><input type=\"checkbox\" name=\"your-lavorazione[]\" value=\"Conchage\" class=\"form-check-input\"><span class=\"wpcf7-list-item-label custom-control-label\">Conchage<\/span><\/label><\/span><span class=\"wpcf7-list-item last\"><label class=\"custom-control custom-checkbox\"><input type=\"checkbox\" name=\"your-lavorazione[]\" value=\"Refroidissement\" class=\"form-check-input\"><span class=\"wpcf7-list-item-label custom-control-label\">Refroidissement<\/span><\/label><\/span><\/span><\/span>\n<\/div>\n<\/div>\n<\/div>\n\n\n<input class=\"wpcf7-form-control wpcf7-hidden\" value=\"3\" type=\"hidden\" name=\"your-lingua\" \/>\n\n<div class=\"col-12\">\n<div class=\"form-group\">\n<span class=\"wpcf7-form-control-wrap\" data-name=\"your-message\"><textarea cols=\"40\" rows=\"10\" maxlength=\"2000\" class=\"wpcf7-form-control wpcf7-textarea form-control\" id=\"your-message\" aria-invalid=\"false\" placeholder=\"Saisissez votre demande ici...\" name=\"your-message\"><\/textarea><\/span>\n<label for=\"your-message\">Saisissez votre demande ici...<\/label>\n<\/div>\n<\/div>\n\n\n<div class=\"col-12\">\n<div class=\"privacy-box pt-4\">\n<p class=\"mb-3\" style=\"font-size: 0.8rem;\">Ce site est prot\u00e9g\u00e9 par reCAPTCHA et est soumis \u00e0 notre <strong><a href=\"https:\/\/policies.google.com\/privacy\">politique de confidentialit\u00e9<\/a><\/strong> et aux <strong><a href=\"https:\/\/policies.google.com\/terms\">conditions d'utilisation<\/a><\/strong>.<\/p>\n<span class=\"wpcf7-form-control-wrap\" data-name=\"customer-privacy\"><span class=\"wpcf7-form-control wpcf7-acceptance\"><span class=\"wpcf7-list-item\"><label class=\"custom-control custom-checkbox\"><input type=\"checkbox\" name=\"customer-privacy\" value=\"1\" aria-invalid=\"false\" class=\"form-check-input\"><span class=\"wpcf7-list-item-label custom-control-label\">J'ai lu et j'accepte la <strong><a href=\"https:\/\/www.iubenda.com\/privacy-policy\/64340792\/legal\" title=\"Privacy Policy\">politique de confidentialit\u00e9<\/a><\/strong>.<\/span><\/label><\/span><\/span><\/span>\n<div style=\"height:10px\"><\/div>\n<span class=\"wpcf7-form-control-wrap\" data-name=\"your-newsletter\"><span class=\"wpcf7-form-control wpcf7-checkbox input-check\"><span class=\"wpcf7-list-item first last\"><label class=\"custom-control custom-checkbox\"><input type=\"checkbox\" name=\"your-newsletter[]\" value=\"Je souhaite m&#039;abonner \u00e0 la lettre d&#039;information\" class=\"form-check-input\"><span class=\"wpcf7-list-item-label custom-control-label\">Je souhaite m&#039;abonner \u00e0 la lettre d&#039;information<\/span><\/label><\/span><\/span><\/span>\n<\/div>\n<div class=\"btn-box pt-5\">\n<input class=\"wpcf7-form-control wpcf7-submit has-spinner btn btn-default btn-send\" type=\"submit\" value=\"Envoyer\" \/>\n<\/div>\n<\/div>\n\n\n<\/div><div class=\"wpcf7-response-output\" aria-hidden=\"true\"><\/div>\n<\/form>\n<\/div>\n<\/div>\n\n\n    <div class=\"oi-block oi-block-layout-space\" style=\"--oi-block-space-xs:45px; --oi-block-space-sm:75px; --oi-block-space-md:90px; --oi-block-space-lg:120px; --oi-block-space-xl:120px; --oi-block-space-xxl:120px\"><\/div>\n\n<\/div><\/div>\n\n\n\n<div class=\"wp-block-group d-none is-layout-flow wp-block-group-is-layout-flow\">\n<div class=\"wp-block-group is-layout-flow wp-block-group-is-layout-flow\">    <div class=\"oi-block oi-block-layout-space\" style=\"--oi-block-space-xs:45px; --oi-block-space-sm:75px; --oi-block-space-md:90px; --oi-block-space-lg:120px; --oi-block-space-xl:120px; --oi-block-space-xxl:120px\"><\/div>\n\n\n<div class=\"oi-block oi-block-layout-container container\" style=\"\"  >\n\n<div class=\"wp-block-group has-light-background-color has-background oi-anim has-custom-sizing is-layout-flow wp-block-group-is-layout-flow\" style=\"border-radius:10px;--oi-style-padding-xs:0px 15px 0px 15px;--oi-style-padding-sm:0px 15px 0px 15px;--oi-style-padding-md:0px 30px 0px 30px\" data-oi-anim=\"fade-up\" data-oi-anim-delay=\"0.1\">    <div class=\"oi-block oi-block-layout-row row  justify-content-center\">\n        \n<div class=\"oi-block oi-block-layout-row-column col-12 col-sm-12 col-md-12 col-lg-10 col-xl-9 col-xxl-9\" style=\"\" >\n    <div class=\"oi-block oi-block-layout-space\" style=\"--oi-block-space-xs:30px; --oi-block-space-sm:45px; --oi-block-space-md:75px; --oi-block-space-lg:75px; --oi-block-space-xl:90px; --oi-block-space-xxl:90px\"><\/div>\n\n\n\n<h5 class=\"wp-block-heading has-primary-color has-text-color has-link-color wp-elements-107bc39f2bde277c3ae60c1b1160bd90\" style=\"text-transform:uppercase\">Newsletter<\/h5>\n\n\n\n<h3 class=\"wp-block-heading\">Vuoi essere sempre aggiornato sulle novit\u00e0 Mia Food Tech? Iscriviti alla newsletter<\/h3>\n\n\n    <div class=\"oi-block oi-block-layout-space\" style=\"--oi-block-space-xs:30px; --oi-block-space-sm:30px; --oi-block-space-md:30px; --oi-block-space-lg:30px; --oi-block-space-xl:30px; --oi-block-space-xxl:30px\"><\/div>\n\n\n<div class=\"oi-block oi-block-layout-button\" ><a href=\"#newsletter-form-popup\" title=\"\" class=\"btn btn-primary-fill btn-type-default \" >\n    Iscriviti    <\/a><\/div>\n\n    <div class=\"oi-block oi-block-layout-space\" style=\"--oi-block-space-xs:30px; --oi-block-space-sm:45px; --oi-block-space-md:75px; --oi-block-space-lg:75px; --oi-block-space-xl:90px; --oi-block-space-xxl:90px\"><\/div>\n\n<\/div>\n    <\/div>\n<\/div>\n\n<\/div>\n\n    <div class=\"oi-block oi-block-layout-space\" style=\"--oi-block-space-xs:45px; --oi-block-space-sm:75px; --oi-block-space-md:90px; --oi-block-space-lg:120px; --oi-block-space-xl:120px; --oi-block-space-xxl:120px\"><\/div>\n<\/div>\n<\/div>\n","protected":false},"excerpt":{"rendered":"","protected":false},"author":2,"featured_media":0,"parent":0,"menu_order":0,"comment_status":"closed","ping_status":"closed","template":"","meta":{"_seopress_robots_primary_cat":"","_seopress_titles_title":"","_seopress_titles_desc":"","_seopress_robots_index":"","fixed_header":false,"header_theme":"dark","reserved_page_description":"","footnotes":""},"class_list":["post-9556","page","type-page","status-publish","hentry"],"_links":{"self":[{"href":"https:\/\/miaft.com\/fr\/wp-json\/wp\/v2\/pages\/9556"}],"collection":[{"href":"https:\/\/miaft.com\/fr\/wp-json\/wp\/v2\/pages"}],"about":[{"href":"https:\/\/miaft.com\/fr\/wp-json\/wp\/v2\/types\/page"}],"author":[{"embeddable":true,"href":"https:\/\/miaft.com\/fr\/wp-json\/wp\/v2\/users\/2"}],"replies":[{"embeddable":true,"href":"https:\/\/miaft.com\/fr\/wp-json\/wp\/v2\/comments?post=9556"}],"version-history":[{"count":8,"href":"https:\/\/miaft.com\/fr\/wp-json\/wp\/v2\/pages\/9556\/revisions"}],"predecessor-version":[{"id":35521,"href":"https:\/\/miaft.com\/fr\/wp-json\/wp\/v2\/pages\/9556\/revisions\/35521"}],"wp:attachment":[{"href":"https:\/\/miaft.com\/fr\/wp-json\/wp\/v2\/media?parent=9556"}],"curies":[{"name":"wp","href":"https:\/\/api.w.org\/{rel}","templated":true}]}}