{"id":9544,"date":"2023-12-19T14:31:00","date_gmt":"2023-12-19T13:31:00","guid":{"rendered":"https:\/\/miaft.com\/offerte\/"},"modified":"2025-09-15T12:57:06","modified_gmt":"2025-09-15T10:57:06","slug":"offerte","status":"publish","type":"page","link":"https:\/\/miaft.com\/fr\/offerte\/","title":{"rendered":"Offres"},"content":{"rendered":"<div class=\"oi-block oi-block-hero\" ><div class=\"color-background\" style=\"background-color: transparent\"><\/div>\n<div class=\"container pt-4 pt-md-5 theme-dark\">\n            <h3 class=\"text-uppercase h5 mb-2\">\n            OFFRES\u00a0        <\/h3>\n                <h1 class=\"px-0 col-12 col-md-10 col-xl-8 h2\">\n            <strong>Machines en promotion<\/strong>\u00a0        <\/h1>\n                <\/div><\/div>\n\n    <div class=\"oi-block oi-block-layout-space\" style=\"--oi-block-space-xs:45px; --oi-block-space-sm:60px; --oi-block-space-md:75px; --oi-block-space-lg:90px; --oi-block-space-xl:90px; --oi-block-space-xxl:90px\"><\/div>\n\n\n\n<div class=\"wp-block-group has-light-background-color has-background is-layout-flow wp-block-group-is-layout-flow\"><div class=\"oi-block oi-block-layout-container container\" style=\"\"  >\n    <div class=\"oi-block oi-block-layout-space\" style=\"--oi-block-space-xs:45px; --oi-block-space-sm:60px; --oi-block-space-md:75px; --oi-block-space-lg:90px; --oi-block-space-xl:90px; --oi-block-space-xxl:120px\"><\/div>\n\n\n<div class=\"oi-block oi-block-product-list\" ><div class=\"js-posts-filter-wrapper\"><div class=\"container\">\n    <h5 class=\"px-4 py-3 font-weight-semibold bg-white text-center w-100 mt-4 mb-0\">\n        Aucun produit trouv\u00e9    <\/h5>\n<\/div><\/div><\/div>\n\n    <div class=\"oi-block oi-block-layout-space\" style=\"--oi-block-space-xs:45px; --oi-block-space-sm:60px; --oi-block-space-md:75px; --oi-block-space-lg:90px; --oi-block-space-xl:90px; --oi-block-space-xxl:120px\"><\/div>\n\n\n    <div class=\"oi-block oi-block-layout-row row  justify-content-between row-vertical-gap-small\">\n        \n<div class=\"oi-block oi-block-layout-row-column col-12 col-sm-12 col-md-6 col-lg-5 col-xl-4 col-xxl-4\" style=\"\" >\n\n<h4 class=\"wp-block-heading has-primary-color has-text-color has-link-color wp-elements-9b4524118d94a46d88d9ea0e81c37e43\">Machines en promotion<\/h4>\n\n<\/div>\n\n<div class=\"oi-block oi-block-layout-row-column col-12 col-sm-12 col-md-6 col-lg-7 col-xl-7 col-xxl-7\" style=\"\" >\n\n<h3 class=\"wp-block-heading\"><strong>Machines pour la production de fruits secs et de confiseries en promotion.<\/strong><\/h3>\n\n\n    <div class=\"oi-block oi-block-layout-space\" style=\"--oi-block-space-xs:30px; --oi-block-space-sm:30px; --oi-block-space-md:30px; --oi-block-space-lg:30px; --oi-block-space-xl:30px; --oi-block-space-xxl:30px\"><\/div>\n\n\n\n<p>MIA Food Tech prend en compte les besoins de ses clients en essayant d'offrir ses machines \u00e0 des co\u00fbts encore plus avantageux et en optimisant les d\u00e9lais. Restez inform\u00e9 en visitant notre site, vous trouverez s\u00fbrement la machine adapt\u00e9e \u00e0 vos besoins \u00e0 des conditions encore plus avantageuses!&nbsp;<\/p>\n\n\n    <div class=\"oi-block oi-block-layout-space\" style=\"--oi-block-space-xs:30px; --oi-block-space-sm:30px; --oi-block-space-md:30px; --oi-block-space-lg:30px; --oi-block-space-xl:30px; --oi-block-space-xxl:30px\"><\/div>\n\n<\/div>\n    <\/div>\n\n\n    <div class=\"oi-block oi-block-layout-space\" style=\"--oi-block-space-xs:45px; --oi-block-space-sm:60px; --oi-block-space-md:75px; --oi-block-space-lg:90px; --oi-block-space-xl:90px; --oi-block-space-xxl:120px\"><\/div>\n\n\n\n<div class=\"wp-block-group has-secondary-color has-dark-background-color has-text-color has-background has-link-color oi-anim has-custom-sizing wp-elements-bfb41725e71e0c15d34dc67e2ba3ac1f is-layout-flow wp-block-group-is-layout-flow\" style=\"border-radius:10px;--oi-style-padding-xs:0px 15px 0px 15px;--oi-style-padding-sm:0px 15px 0px 15px;--oi-style-padding-md:0px 30px 0px 30px\" data-oi-anim=\"fade-up\" data-oi-anim-delay=\"0.1\">    <div class=\"oi-block oi-block-layout-row row  justify-content-center\">\n        \n<div class=\"oi-block oi-block-layout-row-column col-12 col-sm-12 col-md-12 col-lg-10 col-xl-9 col-xxl-9\" style=\"\" >\n    <div class=\"oi-block oi-block-layout-space\" style=\"--oi-block-space-xs:30px; --oi-block-space-sm:45px; --oi-block-space-md:75px; --oi-block-space-lg:75px; --oi-block-space-xl:90px; --oi-block-space-xxl:90px\"><\/div>\n\n\n\n<h5 class=\"wp-block-heading\" style=\"text-transform:uppercase\">Demande d\u2019informations<\/h5>\n\n\n\n<h3 class=\"wp-block-heading\">Vous souhaitez obtenir plus d'informations sur nos machines?<\/h3>\n\n\n    <div class=\"oi-block oi-block-layout-space\" style=\"--oi-block-space-xs:30px; --oi-block-space-sm:30px; --oi-block-space-md:30px; --oi-block-space-lg:30px; --oi-block-space-xl:30px; --oi-block-space-xxl:30px\"><\/div>\n\n\n\n<div class=\"wp-block-group is-nowrap is-layout-flex wp-container-core-group-is-layout-1 wp-block-group-is-layout-flex\"><div class=\"oi-block oi-block-layout-button\" ><a href=\"#popup-contatti\" title=\"\" class=\"btn btn-white-fill btn-type-default \" >\n    DEMANDE D\u2019INFORMATIONS     <\/a><\/div>\n\n<div class=\"oi-block oi-block-layout-button\" ><a href=\"https:\/\/miaft.com\/fr\/tutti-i-prodotti\/\" title=\"\" class=\"btn btn-white btn-type-shadow \" >\n    VOIR LE CATALOGUE     <\/a><\/div><\/div>\n\n\n    <div class=\"oi-block oi-block-layout-space\" style=\"--oi-block-space-xs:30px; --oi-block-space-sm:45px; --oi-block-space-md:75px; --oi-block-space-lg:75px; --oi-block-space-xl:90px; --oi-block-space-xxl:90px\"><\/div>\n\n<\/div>\n    <\/div>\n<\/div>\n\n\n    <div class=\"oi-block oi-block-layout-space\" style=\"--oi-block-space-xs:45px; --oi-block-space-sm:60px; --oi-block-space-md:75px; --oi-block-space-lg:90px; --oi-block-space-xl:90px; --oi-block-space-xxl:120px\"><\/div>\n\n<\/div><\/div>\n","protected":false},"excerpt":{"rendered":"","protected":false},"author":2,"featured_media":0,"parent":0,"menu_order":0,"comment_status":"closed","ping_status":"closed","template":"","meta":{"_seopress_robots_primary_cat":"","_seopress_titles_title":"","_seopress_titles_desc":"","_seopress_robots_index":"","fixed_header":false,"header_theme":"dark","reserved_page_description":"","footnotes":""},"class_list":["post-9544","page","type-page","status-publish","hentry"],"_links":{"self":[{"href":"https:\/\/miaft.com\/fr\/wp-json\/wp\/v2\/pages\/9544"}],"collection":[{"href":"https:\/\/miaft.com\/fr\/wp-json\/wp\/v2\/pages"}],"about":[{"href":"https:\/\/miaft.com\/fr\/wp-json\/wp\/v2\/types\/page"}],"author":[{"embeddable":true,"href":"https:\/\/miaft.com\/fr\/wp-json\/wp\/v2\/users\/2"}],"replies":[{"embeddable":true,"href":"https:\/\/miaft.com\/fr\/wp-json\/wp\/v2\/comments?post=9544"}],"version-history":[{"count":5,"href":"https:\/\/miaft.com\/fr\/wp-json\/wp\/v2\/pages\/9544\/revisions"}],"predecessor-version":[{"id":28846,"href":"https:\/\/miaft.com\/fr\/wp-json\/wp\/v2\/pages\/9544\/revisions\/28846"}],"wp:attachment":[{"href":"https:\/\/miaft.com\/fr\/wp-json\/wp\/v2\/media?parent=9544"}],"curies":[{"name":"wp","href":"https:\/\/api.w.org\/{rel}","templated":true}]}}