{"id":9538,"date":"2023-12-01T16:41:30","date_gmt":"2023-12-01T15:41:30","guid":{"rendered":"https:\/\/miaft.com\/la-nostra-storia\/"},"modified":"2025-06-24T22:22:26","modified_gmt":"2025-06-24T20:22:26","slug":"la-nostra-storia","status":"publish","type":"page","link":"https:\/\/miaft.com\/fr\/la-nostra-storia\/","title":{"rendered":"Histoire"},"content":{"rendered":"<div class=\"oi-block oi-block-hero\" ><div class=\"color-background\" style=\"background-color: transparent\"><\/div>\n<div class=\"container pt-4 pt-md-5 theme-dark\">\n            <h3 class=\"text-uppercase h5 mb-2\">\n            HISTOIRE\u00a0        <\/h3>\n                <h1 class=\"px-0 col-12 col-md-10 col-xl-8 h2\">\n            Notre histoire\u00a0        <\/h1>\n                <h2 class=\"h4 mb-4 font-weight-regular\">\n            Une famille, une entreprise, une histoire        <\/h2>\n                    <div class=\"mt-5 image-container bg-light oi-anim\" data-oi-anim=\"fade-up\">\n            <img decoding=\"async\" width=\"1920\" height=\"2560\" src=\"https:\/\/miaft.com\/wp-content\/uploads\/2025\/06\/img_6719-scaled.jpeg\" class=\"featured-image\" alt=\"\" loading=\"lazy\" srcset=\"https:\/\/miaft.com\/wp-content\/uploads\/2025\/06\/img_6719-scaled.jpeg 1920w, https:\/\/miaft.com\/wp-content\/uploads\/2025\/06\/img_6719-1152x1536.jpeg 1152w, https:\/\/miaft.com\/wp-content\/uploads\/2025\/06\/img_6719-1536x2048.jpeg 1536w, https:\/\/miaft.com\/wp-content\/uploads\/2025\/06\/img_6719-150x200.jpeg 150w, https:\/\/miaft.com\/wp-content\/uploads\/2025\/06\/img_6719-575x767.jpeg 575w, https:\/\/miaft.com\/wp-content\/uploads\/2025\/06\/img_6719-767x1023.jpeg 767w, https:\/\/miaft.com\/wp-content\/uploads\/2025\/06\/img_6719-991x1321.jpeg 991w, https:\/\/miaft.com\/wp-content\/uploads\/2025\/06\/img_6719-1199x1599.jpeg 1199w\" sizes=\"(max-width: 1920px) 100vw, 1920px\" \/>        <\/div>\n                    <div class=\"my-3 color-default\">\n                <div class=\"oi-breadcrumb \">\n                <nav class=\"oi-breadcrumb-nav\">\n                    <ol class=\"oi-breadcrumb-list\" itemscope itemtype=\"http:\/\/schema.org\/BreadcrumbList\">\n                        <li class=\"oi-breadcrumb-item\" itemprop=\"itemListElement\" itemscope itemtype=\"http:\/\/schema.org\/ListItem\">\n                <a title=\"Home\" itemprop=\"item\" href=\"https:\/\/miaft.com\/fr\/\">\n                    <span>Home<\/span>\n                <\/a>\n            <\/li>\n                    <\/ol>\n                <\/nav>\n            <\/div>            <\/div>\n            <\/div><\/div>\n\n<div class=\"oi-block oi-block-layout-container container\" style=\"\"  >\n    <div class=\"oi-block oi-block-layout-space\" style=\"--oi-block-space-xs:45px; --oi-block-space-sm:45px; --oi-block-space-md:60px; --oi-block-space-lg:75px; --oi-block-space-xl:75px; --oi-block-space-xxl:75px\"><\/div>\n\n\n    <div class=\"oi-block oi-block-layout-row row  \">\n        \n<div class=\"oi-block oi-block-layout-row-column col-12 col-sm-12 col-md-12 col-lg-6 col-xl-6 col-xxl-6\" style=\"\" >\n\n<h3 class=\"wp-block-heading has-primary-color has-text-color has-link-color wp-elements-a29f88abb75bf0c2836f9db52f16caa9\"><strong>Une famille, une entreprise, une histoire<\/strong><\/h3>\n\n<\/div>\n\n<div class=\"oi-block oi-block-layout-row-column col-12 col-sm-12 col-md-12 col-lg-6 col-xl-6 col-xxl-6\" style=\"\" >\n\n<p>Une petite praline de chocolat, ronde comme le monde que rec\u00e8le sa fabrication.&nbsp; C'est l'histoire d'une famille et de nombreuses autres qui gravitent depuis des ann\u00e9es autour d'une plan\u00e8te d\u00e9di\u00e9e au secteur alimentaire.<\/p>\n\n\n\n<p>On entend souvent dire que les machines n'ont pas de c\u0153ur, mais la famille Murialdo a su donner du c\u0153ur \u00e0 ces objets inanim\u00e9s.&nbsp; Les ann\u00e9es et l'exp\u00e9rience ont permis \u00e0 la petite entreprise de grandir et de d\u00e9velopper une gamme de machines diverses qui, avec le temps, se sont transform\u00e9es en lignes enti\u00e8rement automatiques et en installations cl\u00e9s en main.<\/p>\n\n\n\n<p>MIA Food Tech, \u00e9volution et prolongement \u00e0 la fois de l\u2019entreprise pr\u00e9c\u00e9dente, gr\u00e2ce \u00e0 la transition g\u00e9n\u00e9rationnelle de p\u00e8re en fils, suit chaque \u00e9tape du processus de cr\u00e9ation \u00e0 travers la conception et le d\u00e9veloppement des composants.&nbsp; L\u2019attention particuli\u00e8re accord\u00e9e \u00e0 la s\u00e9curit\u00e9 d\u2019utilisation de la technologie montre la sensibilit\u00e9 et la responsabilit\u00e9 de l\u2019entreprise pour les personnes qui utilisent ses \u00e9quipements au quotidien.<\/p>\n\n\n\n<p>C\u2019est pr\u00e9cis\u00e9ment cette attention qui est au c\u0153ur et la cl\u00e9 du succ\u00e8s de cette entreprise toute pi\u00e9montaise.&nbsp; MIA Food Tech est un v\u00e9ritable point de r\u00e9f\u00e9rence pour sa client\u00e8le, notamment gr\u00e2ce \u00e0 son service apr\u00e8s-vente. Gr\u00e2ce \u00e0 son service d'assistance, elle reste toujours proche de ses clients, en Italie comme \u00e0 l'\u00e9tranger.<\/p>\n\n\n\n<p>La r\u00e9activit\u00e9 et le professionnalisme sont les qualit\u00e9s de base d'une m\u00e9thode de travail qui garantit soutien et confiance, et permet \u00e0 l'entreprise d'occuper une place d'honneur sur le march\u00e9 italien et international.<\/p>\n\n\n\n<p>Choisir MIA Food Tech, c'est comme souscrire \u00e0 une id\u00e9e qui s'est transform\u00e9e en un projet pour aboutir \u00e0 une r\u00e9alit\u00e9 consolid\u00e9e et appr\u00e9ci\u00e9e.<\/p>\n\n\n\n<p>Eleanor Roosevelt disait : \u00abL'avenir appartient \u00e0 ceux qui croient en la beaut\u00e9 de leurs r\u00eaves.\u00bb C'est l'histoire d'une entreprise, d'une famille, de nouveaux associ\u00e9s et de leur r\u00eave partag\u00e9.<\/p>\n\n<\/div>\n    <\/div>\n\n\n    <div class=\"oi-block oi-block-layout-space\" style=\"--oi-block-space-xs:75px; --oi-block-space-sm:90px; --oi-block-space-md:90px; --oi-block-space-lg:120px; --oi-block-space-xl:120px; --oi-block-space-xxl:120px\"><\/div>\n\n<\/div>\n\n\n<div class=\"wp-block-group has-light-background-color has-background is-layout-flow wp-block-group-is-layout-flow\"><div class=\"oi-block oi-block-layout-container container\" style=\"\"  >\n    <div class=\"oi-block oi-block-layout-space\" style=\"--oi-block-space-xs:75px; --oi-block-space-sm:90px; --oi-block-space-md:90px; --oi-block-space-lg:120px; --oi-block-space-xl:120px; --oi-block-space-xxl:120px\"><\/div>\n\n\n    <div class=\"oi-block oi-block-layout-row row  justify-content-between row-vertical-gap\">\n        \n<div class=\"oi-block oi-block-layout-row-column col-12 col-sm-12 col-md-12 col-lg-6 col-xl-6 col-xxl-6\" style=\"\" >\n\n<h3 class=\"wp-block-heading\"><strong>Naissance des Officine Meccaniche Murialdo<\/strong><\/h3>\n\n\n\n<h4 class=\"wp-block-heading has-primary-color has-text-color has-link-color wp-elements-b66d907bc14b422f128cbc812ff45cae\">1985<\/h4>\n\n<\/div>\n\n<div class=\"oi-block oi-block-layout-row-column col-12 col-sm-12 col-md-12 col-lg-6 col-xl-5 col-xxl-5\" style=\"\" >\n\n<h4 class=\"wp-block-heading\" style=\"font-style:normal;font-weight:400\">Le pass\u00e9 nous enseigne que de grandes id\u00e9es commencent parfois \u00e0 prendre forme dans un simple garage.&nbsp; Voil\u00e0 le point de d\u00e9part, \u00e0 partir duquel Silvano Murialdo, en 1985, se lance dans l'aventure de sa vie.&nbsp;<strong>L\u2019entreprise Officine Meccaniche Murialdo voit le jour.<\/strong><\/h4>\n\n\n    <div class=\"oi-block oi-block-layout-space\" style=\"--oi-block-space-xs:30px; --oi-block-space-sm:30px; --oi-block-space-md:30px; --oi-block-space-lg:30px; --oi-block-space-xl:30px; --oi-block-space-xxl:30px\"><\/div>\n\n\n\n<p>Au bout de quelques ann\u00e9es, le si\u00e8ge social est transf\u00e9r\u00e9 \u00e0 Castiglione Falletto et, avec l\u2019essor de l'entreprise, de nouveaux clients importants op\u00e9rant sur le territoire font leur arriv\u00e9e. La construction de nouvelles machines d\u00e9marre et les premiers programmes de maintenance sont mis en place au service des clients.<\/p>\n\n<\/div>\n    <\/div>\n\n\n    <div class=\"oi-block oi-block-layout-space\" style=\"--oi-block-space-xs:75px; --oi-block-space-sm:90px; --oi-block-space-md:90px; --oi-block-space-lg:120px; --oi-block-space-xl:120px; --oi-block-space-xxl:120px\"><\/div>\n\n<\/div><\/div>\n\n\n<div class=\"oi-block oi-block-layout-container container\" style=\"\"  >\n    <div class=\"oi-block oi-block-layout-space\" style=\"--oi-block-space-xs:75px; --oi-block-space-sm:90px; --oi-block-space-md:90px; --oi-block-space-lg:120px; --oi-block-space-xl:120px; --oi-block-space-xxl:120px\"><\/div>\n\n\n    <div class=\"oi-block oi-block-layout-row row  justify-content-between row-vertical-gap\">\n        \n<div class=\"oi-block oi-block-layout-row-column col-12 col-sm-12 col-md-12 col-lg-6 col-xl-6 col-xxl-6\" style=\"\" >\n\n<h3 class=\"wp-block-heading\"><strong>La cr\u00e9ation de l'\u00e9quipe<\/strong><\/h3>\n\n\n\n<h4 class=\"wp-block-heading has-primary-color has-text-color has-link-color wp-elements-8237e2a436b5f3a35f81b107ab159763\">1993 - 1996<\/h4>\n\n<\/div>\n\n<div class=\"oi-block oi-block-layout-row-column col-12 col-sm-12 col-md-12 col-lg-6 col-xl-5 col-xxl-5\" style=\"\" >\n\n<p>En 1993, le personnel augmente sensiblement, avec pr\u00e8s de 25 employ\u00e9s qui collaborent \u00e0 la gestion et \u00e0 la production de prototypes, tant dans le secteur alimentaire que sportif.<\/p>\n\n\n\n<p>Entre 1995 et 1996, un autre membre de la famille Murialdo rejoint l\u2019entreprise, le fils de M. Silvano, Luca, fra\u00eechement dipl\u00f4m\u00e9 en ing\u00e9nierie.<br>Gr\u00e2ce \u00e0 sa contribution, l'entreprise se tourne de mani\u00e8re d\u00e9cisive vers le march\u00e9 de l'alimentation.<br>La passion de Luca Murialdo pour les desserts se marie parfaitement aux nouveaux projets de production.&nbsp; D\u00e9bute alors une p\u00e9riode d'exp\u00e9rimentation, d'\u00e9tude et d'approfondissements li\u00e9s \u00e0 la mati\u00e8re premi\u00e8re, afin d'optimiser et de sp\u00e9cialiser la cr\u00e9ation de nouvelles technologies. Gr\u00e2ce \u00e0 la vision innovante de Luca Murialdo, l'entreprise se d\u00e9marque dans le domaine alimentaire et de nouveaux noms de premier plan du paysage national viennent s'ajouter aux clients historiques.<\/p>\n\n<\/div>\n    <\/div>\n\n\n    <div class=\"oi-block oi-block-layout-space\" style=\"--oi-block-space-xs:75px; --oi-block-space-sm:90px; --oi-block-space-md:90px; --oi-block-space-lg:120px; --oi-block-space-xl:120px; --oi-block-space-xxl:120px\"><\/div>\n\n<\/div>\n\n\n<div class=\"wp-block-group has-light-background-color has-background is-layout-flow wp-block-group-is-layout-flow\"><div class=\"oi-block oi-block-layout-container container\" style=\"\"  >\n    <div class=\"oi-block oi-block-layout-space\" style=\"--oi-block-space-xs:75px; --oi-block-space-sm:90px; --oi-block-space-md:90px; --oi-block-space-lg:120px; --oi-block-space-xl:120px; --oi-block-space-xxl:120px\"><\/div>\n\n\n    <div class=\"oi-block oi-block-layout-row row  justify-content-between row-vertical-gap\">\n        \n<div class=\"oi-block oi-block-layout-row-column col-12 col-sm-12 col-md-12 col-lg-6 col-xl-6 col-xxl-6\" style=\"\" >\n\n<h3 class=\"wp-block-heading\"><strong>Construction des premi\u00e8res lignes industrielles<\/strong><\/h3>\n\n\n\n<h4 class=\"wp-block-heading has-primary-color has-text-color has-link-color wp-elements-f60634f9220bedc965ac19ec7ce70079\">1999<\/h4>\n\n<\/div>\n\n<div class=\"oi-block oi-block-layout-row-column col-12 col-sm-12 col-md-12 col-lg-6 col-xl-5 col-xxl-5\" style=\"\" >\n\n<p>La premi\u00e8re gamme de machines destin\u00e9es \u00e0 la production de nougatine date de 1999, p\u00e9riode qui marque le d\u00e9but de la construction des premi\u00e8res lignes industrielles en flux continu.&nbsp; L'entreprise se concentre sur le nougat et la r\u00e9alisation de machines pour les petites et moyennes fabriques de nougat, se positionnant comme leader dans ce domaine.<br>Une position qu'elle d\u00e9tient encore avec fiert\u00e9 aujourd'hui.<\/p>\n\n<\/div>\n    <\/div>\n\n\n    <div class=\"oi-block oi-block-layout-space\" style=\"--oi-block-space-xs:75px; --oi-block-space-sm:90px; --oi-block-space-md:90px; --oi-block-space-lg:120px; --oi-block-space-xl:120px; --oi-block-space-xxl:120px\"><\/div>\n\n<\/div><\/div>\n\n\n<div class=\"oi-block oi-block-layout-container container\" style=\"\"  >\n    <div class=\"oi-block oi-block-layout-space\" style=\"--oi-block-space-xs:75px; --oi-block-space-sm:90px; --oi-block-space-md:90px; --oi-block-space-lg:120px; --oi-block-space-xl:120px; --oi-block-space-xxl:120px\"><\/div>\n\n\n    <div class=\"oi-block oi-block-layout-row row  justify-content-between row-vertical-gap\">\n        \n<div class=\"oi-block oi-block-layout-row-column col-12 col-sm-12 col-md-12 col-lg-6 col-xl-6 col-xxl-6\" style=\"\" >\n\n<h3 class=\"wp-block-heading\"><strong>Naissance de la premi\u00e8re marque<\/strong><\/h3>\n\n\n\n<h4 class=\"wp-block-heading has-primary-color has-text-color has-link-color wp-elements-fa5ef385d0435f879211fcd4683e2560\">2005<\/h4>\n\n<\/div>\n\n<div class=\"oi-block oi-block-layout-row-column col-12 col-sm-12 col-md-12 col-lg-6 col-xl-5 col-xxl-5\" style=\"\" >\n\n<p>La marque MIA Food Tech, une branche de la soci\u00e9t\u00e9 Officine Meccaniche, est cr\u00e9\u00e9e en 2005, ann\u00e9e au cours de laquelle l\u2019entreprise \u00e9tend le processus de production en y ajoutant l\u2019\u00e9tape de coupe longitudinale et transversale de la pr\u00e9paration.<\/p>\n\n\n\n<p>L\u2019histoire se poursuit dans le cadre magnifique de la Sardaigne, avec un repas d\u2019affaire entre Luca Murialdo et un client historique qui va changer la donne. En effet, c\u2019est \u00e0 cette occasion que na\u00eet l'id\u00e9e de modifier la ligne r\u00e9cemment construite pour la nougatine de mani\u00e8re \u00e0 pouvoir l'utiliser pour la fabrication de barres de fruits frais, qui faisaient leur apparition sur le march\u00e9 de la petite production.<\/p>\n\n<\/div>\n    <\/div>\n\n\n    <div class=\"oi-block oi-block-layout-space\" style=\"--oi-block-space-xs:75px; --oi-block-space-sm:90px; --oi-block-space-md:90px; --oi-block-space-lg:120px; --oi-block-space-xl:120px; --oi-block-space-xxl:120px\"><\/div>\n\n<\/div>\n\n\n<div class=\"wp-block-group has-light-background-color has-background is-layout-flow wp-block-group-is-layout-flow\"><div class=\"oi-block oi-block-layout-container container\" style=\"\"  >\n    <div class=\"oi-block oi-block-layout-space\" style=\"--oi-block-space-xs:75px; --oi-block-space-sm:90px; --oi-block-space-md:90px; --oi-block-space-lg:120px; --oi-block-space-xl:120px; --oi-block-space-xxl:120px\"><\/div>\n\n\n    <div class=\"oi-block oi-block-layout-row row  justify-content-between row-vertical-gap\">\n        \n<div class=\"oi-block oi-block-layout-row-column col-12 col-sm-12 col-md-12 col-lg-6 col-xl-6 col-xxl-6\" style=\"\" >\n\n<h3 class=\"wp-block-heading\"><strong>Les premi\u00e8res collaborations<\/strong><\/h3>\n\n\n\n<h4 class=\"wp-block-heading has-primary-color has-text-color has-link-color wp-elements-0fa8a395725cf80ba8be07a35c3bb4b4\">2005-2015<\/h4>\n\n<\/div>\n\n<div class=\"oi-block oi-block-layout-row-column col-12 col-sm-12 col-md-12 col-lg-6 col-xl-5 col-xxl-5\" style=\"\" >\n\n<p>De 2005 \u00e0 2012, l'entreprise participe \u00e0 ses premiers salons, tant en Italie qu'\u00e0 l'\u00e9tranger, et un certain nombre de collaborations s\u2019instaurent avec des agents et des revendeurs externes.<\/p>\n\n\n\n<p>Avec le soutien du Programme de D\u00e9veloppement Rural (subventions visant \u00e0 soutenir, entre autres, le d\u00e9veloppement rural) l\u2019entreprise saisit l\u2019opportunit\u00e9 de passer \u00e0 la cr\u00e9ation de machines pour le traitement des fruits secs (TORR\u00c9FACTION, BROYEUR, MOULIN \u00c0 BILLES). Ce syst\u00e8me permet un fonctionnement autonome de la production comprenant diverses \u00e9tapes de transformation du fruit, intervenant sur les caract\u00e9ristiques de la mati\u00e8re dans un processus qui passe successivement par la torr\u00e9faction,<br>et le concassage, et qui s\u2019ach\u00e8ve par le raffinage. Comme quelques ann\u00e9es plut t\u00f4t, un nouveau changement positif est le fruit d\u2019une collaboration fructueuse<br>entre les clients et l'entreprise et de la capacit\u00e9 de Luca Murialdo \u00e0 se renouveler.<\/p>\n\n\n\n<p>En 2015, suite \u00e0 la r\u00e9adaptation de projets ant\u00e9rieurs, les lignes automatiques pour la production de barres \u00e9nerg\u00e9tiques et de fruits secs sont introduites dans l'entreprise.<\/p>\n\n<\/div>\n    <\/div>\n\n\n    <div class=\"oi-block oi-block-layout-space\" style=\"--oi-block-space-xs:75px; --oi-block-space-sm:90px; --oi-block-space-md:90px; --oi-block-space-lg:120px; --oi-block-space-xl:120px; --oi-block-space-xxl:120px\"><\/div>\n\n<\/div><\/div>\n\n\n<div class=\"oi-block oi-block-layout-container container\" style=\"\"  >\n    <div class=\"oi-block oi-block-layout-space\" style=\"--oi-block-space-xs:75px; --oi-block-space-sm:90px; --oi-block-space-md:90px; --oi-block-space-lg:120px; --oi-block-space-xl:120px; --oi-block-space-xxl:120px\"><\/div>\n\n\n    <div class=\"oi-block oi-block-layout-row row  justify-content-between row-vertical-gap\">\n        \n<div class=\"oi-block oi-block-layout-row-column col-12 col-sm-12 col-md-12 col-lg-6 col-xl-6 col-xxl-6\" style=\"\" >\n\n<h3 class=\"wp-block-heading\"><strong>La reprise<\/strong><\/h3>\n\n\n\n<h4 class=\"wp-block-heading has-primary-color has-text-color has-link-color wp-elements-7eaffa8fb52a880c58cad31532f812f4\">2020<\/h4>\n\n<\/div>\n\n<div class=\"oi-block oi-block-layout-row-column col-12 col-sm-12 col-md-12 col-lg-6 col-xl-5 col-xxl-5\" style=\"\" >\n\n<p>Un sombre personnage, fait son apparition. Le COVID-19 prend tout le monde au d\u00e9pourvu et porte un coup dur aux entreprises, en particulier aux entreprises \u00e0 gestion familiale.&nbsp; C'est une p\u00e9riode de grands changements et de sacrifices pour tous mais, l\u00e0 aussi, le cadet des Murialdo fait preuve d\u2019esprit d'initiative et de capacit\u00e9 d'adaptation.<\/p>\n\n\n\n<p>Les premiers petits modules pour la production de barres (EASY BARS et MINI BARS) sont con\u00e7us et mis au point. Luca Murialdo parvient \u00e0 r\u00e9duire au minimum l'encombrement des grandes lignes industrielles en concevant des syst\u00e8mes capables de laminer et de couper la pr\u00e9paration.<\/p>\n\n<\/div>\n    <\/div>\n\n\n    <div class=\"oi-block oi-block-layout-space\" style=\"--oi-block-space-xs:75px; --oi-block-space-sm:90px; --oi-block-space-md:90px; --oi-block-space-lg:120px; --oi-block-space-xl:120px; --oi-block-space-xxl:120px\"><\/div>\n\n<\/div>\n\n\n<div class=\"wp-block-group has-light-background-color has-background is-layout-flow wp-block-group-is-layout-flow\"><div class=\"oi-block oi-block-layout-container container\" style=\"\"  >\n    <div class=\"oi-block oi-block-layout-space\" style=\"--oi-block-space-xs:75px; --oi-block-space-sm:90px; --oi-block-space-md:90px; --oi-block-space-lg:120px; --oi-block-space-xl:120px; --oi-block-space-xxl:120px\"><\/div>\n\n\n    <div class=\"oi-block oi-block-layout-row row  justify-content-between row-vertical-gap\">\n        \n<div class=\"oi-block oi-block-layout-row-column col-12 col-sm-12 col-md-12 col-lg-6 col-xl-6 col-xxl-6\" style=\"\" >\n\n<h3 class=\"wp-block-heading\"><strong>Une nouvelle administration<\/strong><\/h3>\n\n\n\n<h4 class=\"wp-block-heading has-primary-color has-text-color has-link-color wp-elements-7cba5526f495a0cd5194c6d9886bfe9c\">2023<\/h4>\n\n<\/div>\n\n<div class=\"oi-block oi-block-layout-row-column col-12 col-sm-12 col-md-12 col-lg-6 col-xl-5 col-xxl-5\" style=\"\" >\n\n<p>En 2023, Luca Murialdo, jusqu'alors administrateur unique, d\u00e9cide, avec clairvoyance, de permettre \u00e0 l'entreprise de poursuivre son parcours de croissance en lui donnant un nouvel \u00e9lan par la cession des parts sociales.<br>L'entr\u00e9e du groupe CG S.S. dans la soci\u00e9t\u00e9 Officine Meccaniche Murialdo srl est officialis\u00e9e au mois d\u2019avril.<\/p>\n\n\n\n<p>L'approche du nouveau directeur g\u00e9n\u00e9ral fait comprendre d\u00e8s le d\u00e9part que l'objectif principal est la cons\u00e9cration de la marque MIA Food Tech parmi les leaders mondiaux du secteur.<\/p>\n\n\n\n<p>Pour la famille Murialdo et tous ceux qui croient et travaillent au d\u00e9veloppement de l\u2019entreprise, ce n'est pas la fin de l'histoire, bien au contraire, c\u2019est son d\u00e9but.<\/p>\n\n\n\n<p>Une nouvelle \u00e9pop\u00e9e commence ici, dont tout doit \u00eatre \u00e9crit, avec le Pi\u00e9mont en toile de fond et comme protagonistes de jeunes entrepreneurs motiv\u00e9s, conscients et respectueux de l\u2019\u00e9norme travail accompli dans le pass\u00e9. Lorsque vous d\u00e9gusterez une barre, prenez le temps de l'appr\u00e9cier et de penser aux innombrables fragments de vie qui sont \u00e0 l\u2019origine derri\u00e8re ses saveurs.<\/p>\n\n<\/div>\n    <\/div>\n\n\n    <div class=\"oi-block oi-block-layout-space\" style=\"--oi-block-space-xs:75px; --oi-block-space-sm:90px; --oi-block-space-md:90px; --oi-block-space-lg:120px; --oi-block-space-xl:120px; --oi-block-space-xxl:120px\"><\/div>\n\n<\/div><\/div>\n","protected":false},"excerpt":{"rendered":"","protected":false},"author":2,"featured_media":0,"parent":0,"menu_order":0,"comment_status":"closed","ping_status":"closed","template":"","meta":{"_seopress_robots_primary_cat":"","_seopress_titles_title":"","_seopress_titles_desc":"","_seopress_robots_index":"","fixed_header":false,"header_theme":"dark","reserved_page_description":"","footnotes":""},"class_list":["post-9538","page","type-page","status-publish","hentry"],"_links":{"self":[{"href":"https:\/\/miaft.com\/fr\/wp-json\/wp\/v2\/pages\/9538"}],"collection":[{"href":"https:\/\/miaft.com\/fr\/wp-json\/wp\/v2\/pages"}],"about":[{"href":"https:\/\/miaft.com\/fr\/wp-json\/wp\/v2\/types\/page"}],"author":[{"embeddable":true,"href":"https:\/\/miaft.com\/fr\/wp-json\/wp\/v2\/users\/2"}],"replies":[{"embeddable":true,"href":"https:\/\/miaft.com\/fr\/wp-json\/wp\/v2\/comments?post=9538"}],"version-history":[{"count":2,"href":"https:\/\/miaft.com\/fr\/wp-json\/wp\/v2\/pages\/9538\/revisions"}],"predecessor-version":[{"id":23611,"href":"https:\/\/miaft.com\/fr\/wp-json\/wp\/v2\/pages\/9538\/revisions\/23611"}],"wp:attachment":[{"href":"https:\/\/miaft.com\/fr\/wp-json\/wp\/v2\/media?parent=9538"}],"curies":[{"name":"wp","href":"https:\/\/api.w.org\/{rel}","templated":true}]}}